{"id":14229,"date":"2016-11-22T18:59:19","date_gmt":"2016-11-22T17:59:19","guid":{"rendered":"https:\/\/elspeedo.cz\/podpora\/?lang=en"},"modified":"2021-03-08T14:41:08","modified_gmt":"2021-03-08T13:41:08","slug":"support","status":"publish","type":"page","link":"https:\/\/elspeedo.cz\/en\/support\/","title":{"rendered":"Support"},"content":{"rendered":"<div class=\"wpb-content-wrapper\">[mk_page_section video_loop=&#8221;false&#8221; padding_top=&#8221;60&#8243; padding_bottom=&#8221;60&#8243; sidebar=&#8221;sidebar-1&#8243;][vc_column width=&#8221;1\/12&#8243;][\/vc_column][vc_column width=&#8221;5\/6&#8243;][vc_column_text]\n<h2 style=\"text-align: center\">Welcome to El Speedo support<\/h2>\n<p style=\"text-align: center\">This part of the site is dedicated to the technical and information support of our customers and all the other pilots we meet in the slopes and skies.<br \/>\nThank you for your goodwill and interesting ideas.<\/p>\n[\/vc_column_text][\/vc_column][vc_column width=&#8221;1\/12&#8243;][\/vc_column][\/mk_page_section][mk_page_section bg_color=&#8221;#f4f4f4&#8243; bg_stretch=&#8221;true&#8221; video_loop=&#8221;false&#8221; padding_top=&#8221;60&#8243; padding_bottom=&#8221;0&#8243; el_class=&#8221;section-gray&#8221; sidebar=&#8221;sidebar-1&#8243;][vc_column][mk_fancy_title size=&#8221;52&#8243; force_font_size=&#8221;true&#8221; size_phone=&#8221;32&#8243; font_family=&#8221;none&#8221; align=&#8221;center&#8221;]El Speedo s.r.o.[\/mk_fancy_title][\/vc_column][\/mk_page_section][mk_page_section bg_color=&#8221;#f4f4f4&#8243; bg_stretch=&#8221;true&#8221; video_loop=&#8221;false&#8221; padding_top=&#8221;30&#8243; padding_bottom=&#8221;60&#8243; el_class=&#8221;section-gray&#8221; sidebar=&#8221;sidebar-1&#8243;][vc_column][vc_row_inner][vc_column_inner width=&#8221;1\/3&#8243;][vc_column_text margin_bottom=&#8221;10&#8243;]<strong>Contacts:<\/strong><\/p>\n<p>Telephone: +420 603 311 661<br \/>\nE-mail: info@elspeedo.cz<br \/>\nOffice:<br \/>\nOld\u0159ichovice 1021, 73961 T\u0159inec<\/p>\n<p><strong>Techcnical information in English:<\/strong><br \/>\ntel. +420 777 09 14 75 (Slavek Tmej)[\/vc_column_text][vc_column_text]<strong>Orders in English:<br \/>\n<\/strong>tel.: +420 777 091 475 (Sl\u00e1vek Tmej)<\/p>\n<p><strong>El Speedo partner\u00a0for Spain, Andorra and Portugal:<\/strong><br \/>\nJean Pierre Martinez, tel.: (0034) 685 80 66 11, e-mail:\u00a0jpflyspain@gmail.com[\/vc_column_text][\/vc_column_inner][vc_column_inner width=&#8221;1\/3&#8243;][vc_column_text]<strong>Opening\u00a0hours:<\/strong><\/p>\n<p>Mon\u00a0&#8211; Fri: 10:00 &#8211; 16:00<br \/>\n(16:00 &#8211; 18:00 after agreement)<\/p>\n<p>Saturday 8:00- 9:00<br \/>\n(only when Basic course in Beskydy is beginning)[\/vc_column_text][\/vc_column_inner][vc_column_inner width=&#8221;1\/3&#8243;][vc_column_text]<strong>Billing data:<\/strong><\/p>\n<p>El Speedo s.r.o.,<br \/>\nVy\u0161n\u00ed Lhoty 300,<br \/>\n739 51 Vy\u0161n\u00ed Lhoty,<\/p>\n<p>ID: 27842690,<br \/>\nTax ID: CZ27842690,<\/p>\n<p>registered in the Commercial Register at the Regional Court in Ostrava, section C \/ Entry 31285[\/vc_column_text][\/vc_column_inner][\/vc_row_inner][\/vc_column][\/mk_page_section][mk_page_section video_loop=&#8221;false&#8221; padding_top=&#8221;60&#8243; padding_bottom=&#8221;60&#8243; sidebar=&#8221;sidebar-1&#8243;][vc_column][vc_raw_js]JTNDc2NyaXB0JTIwdHlwZSUzRCUyMnRleHQlMkZqYXZhc2NyaXB0JTIyJTNFJTIwJTBBJTBBalF1ZXJ5JTI4ZG9jdW1lbnQlMjkucmVhZHklMjhmdW5jdGlvbiUyOCUyOSUyMCU3QiUwQSUyMCUyMCUyMCUyMHZhciUyMGglMjAlM0QlMjB3aW5kb3cubG9jYXRpb24uaGFzaCUzQiUwQSUyMCUyMCUyMCUyMGlmJTIwJTI4aC5zdGFydHNXaXRoJTI4JTI3JTIzZmFxXyUyNyUyOSUyOSUyMCU3QiUwQSUyMCUyMCUyMCUyMCUyMCUyMCUyMCUyMGglMjAlM0QlMjBoLnN1YnN0cmluZyUyODUlMjklM0IlMEElMjAlMjAlMjAlMjAlMjAlMjAlMjAlMjB2YXIlMjBmYXElMjAlM0QlMjBqUXVlcnklMjglMjcubWstZmFxLXdyYXBwZXIlMjclMjklM0IlMEElMjAlMjAlMjAlMjAlMjAlMjAlMjAlMjBpZiUyOCUyMCUyMSUyMGZhcS5sZW5ndGglMjAlMjklMjByZXR1cm4lM0IlMEElMjAlMjAlMjAlMjAlMjAlMjAlMjAlMjB2YXIlMjBvZmZzZXQlMjAlMjAlM0QlMjBmYXEub2Zmc2V0JTI4JTI5LnRvcCUzQiUwQSUyMCUyMCUyMCUyMCUyMCUyMCUyMCUyMG9mZnNldCUyMCUzRCUyMG9mZnNldCUyMC0lMjBNSy52YWwub2Zmc2V0SGVhZGVySGVpZ2h0JTI4JTIwb2Zmc2V0JTIwJTI5JTNCJTBBJTIwJTIwJTIwJTIwJTIwJTIwJTIwJTIwTUsudXRpbHMuc2Nyb2xsVG8lMjglMjBvZmZzZXQlMjAlMjklM0IlMEElMjAlMjAlMjAlMjAlMjAlMjAlMjAlMjBmYXEuZmluZCUyOCUyN2ElNUJkYXRhLWZpbHRlciUzRCUyMiUyNyUyMCUyQiUyMGglMjAlMkIlMjAlMjclMjIlNUQlMjclMjkudHJpZ2dlciUyOCUyN2NsaWNrJTI3JTI5JTNCJTBBJTIwJTIwJTIwJTIwJTdEJTBBJTdEJTI5JTNCJTBBJTNDJTJGc2NyaXB0JTNF[\/vc_raw_js][mk_faq view_all_text=&#8221;V\u0161echny&#8221; count=&#8221;-1&#8243; faq_cat=&#8221;el-speedo-id-en, courses-and-pilot-licenses, pilots-to-pilots, insurance, pg-vybaveni-en, tandem-flying&#8221;][\/vc_column][\/mk_page_section][mk_page_section bg_image=&#8221;https:\/\/elspeedo.cz\/wp-content\/uploads\/2016\/11\/puravida.jpg&#8221; bg_position=&#8221;center center&#8221; bg_repeat=&#8221;no-repeat&#8221; bg_stretch=&#8221;true&#8221; video_loop=&#8221;false&#8221; min_height=&#8221;450&#8243; padding_top=&#8221;100&#8243; padding_bottom=&#8221;100&#8243; sidebar=&#8221;sidebar-1&#8243;][vc_column][\/vc_column][\/mk_page_section]\n<\/div>","protected":false},"excerpt":{"rendered":"<p>[mk_page_section video_loop=&#8221;false&#8221; padding_top=&#8221;60&#8243; padding_bottom=&#8221;60&#8243; sidebar=&#8221;sidebar-1&#8243;][vc_column width=&#8221;1\/12&#8243;][\/vc_column][vc_column width=&#8221;5\/6&#8243;][vc_column_text] Welcome to El Speedo support This part of the site is dedicated to the technical and information support of our customers and all the other pilots we meet in the slopes and skies. Thank you for your goodwill and interesting ideas. [\/vc_column_text][\/vc_column][vc_column width=&#8221;1\/12&#8243;][\/vc_column][\/mk_page_section][mk_page_section bg_color=&#8221;#f4f4f4&#8243; bg_stretch=&#8221;true&#8221; video_loop=&#8221;false&#8221; padding_top=&#8221;60&#8243; padding_bottom=&#8221;0&#8243; [&hellip;]<\/p>\n","protected":false},"author":3878,"featured_media":0,"parent":0,"menu_order":0,"comment_status":"closed","ping_status":"closed","template":"","meta":{"_tribe_blocks_recurrence_rules":"","_tribe_blocks_recurrence_exclusions":"","_tribe_blocks_recurrence_description":"","footnotes":""},"class_list":["post-14229","page","type-page","status-publish","hentry"],"yoast_head":"<!-- This site is optimized with the Yoast SEO plugin v27.0 - https:\/\/yoast.com\/product\/yoast-seo-wordpress\/ -->\n<title>Support &#8212; El Speedo<\/title>\n<meta name=\"description\" content=\"El Speedo je nejv\u011bt\u0161\u00ed paraglidingov\u00e1 komunita a \u0161kola v \u010cR. Tandemov\u00e9 seskoky, kurzy, expedice a paragliding v\u00fdbava\" \/>\n<meta name=\"robots\" content=\"index, follow, max-snippet:-1, max-image-preview:large, max-video-preview:-1\" \/>\n<link rel=\"canonical\" href=\"https:\/\/elspeedo.cz\/en\/support\/\" \/>\n<meta property=\"og:locale\" content=\"en_US\" \/>\n<meta property=\"og:type\" content=\"article\" \/>\n<meta property=\"og:title\" content=\"Support &#8212; El Speedo\" \/>\n<meta property=\"og:description\" content=\"El Speedo je nejv\u011bt\u0161\u00ed paraglidingov\u00e1 komunita a \u0161kola v \u010cR. Tandemov\u00e9 seskoky, kurzy, expedice a paragliding v\u00fdbava\" \/>\n<meta property=\"og:url\" content=\"https:\/\/elspeedo.cz\/en\/support\/\" \/>\n<meta property=\"og:site_name\" content=\"El Speedo\" \/>\n<meta property=\"article:publisher\" content=\"http:\/\/www.facebook.com\/paragliding.elspeedo.cz\/?fref=ts\" \/>\n<meta property=\"article:modified_time\" content=\"2021-03-08T13:41:08+00:00\" \/>\n<meta name=\"twitter:card\" content=\"summary_large_image\" \/>\n<meta name=\"twitter:label1\" content=\"Est. reading time\" \/>\n\t<meta name=\"twitter:data1\" content=\"2 minutes\" \/>\n<script type=\"application\/ld+json\" class=\"yoast-schema-graph\">{\"@context\":\"https:\/\/schema.org\",\"@graph\":[{\"@type\":\"WebPage\",\"@id\":\"https:\/\/elspeedo.cz\/en\/support\/\",\"url\":\"https:\/\/elspeedo.cz\/en\/support\/\",\"name\":\"Support &#8212; El Speedo\",\"isPartOf\":{\"@id\":\"https:\/\/elspeedo.cz\/#website\"},\"datePublished\":\"2016-11-22T17:59:19+00:00\",\"dateModified\":\"2021-03-08T13:41:08+00:00\",\"description\":\"El Speedo je nejv\u011bt\u0161\u00ed paraglidingov\u00e1 komunita a \u0161kola v \u010cR. Tandemov\u00e9 seskoky, kurzy, expedice a paragliding v\u00fdbava\",\"breadcrumb\":{\"@id\":\"https:\/\/elspeedo.cz\/en\/support\/#breadcrumb\"},\"inLanguage\":\"en-US\",\"potentialAction\":[{\"@type\":\"ReadAction\",\"target\":[\"https:\/\/elspeedo.cz\/en\/support\/\"]}]},{\"@type\":\"BreadcrumbList\",\"@id\":\"https:\/\/elspeedo.cz\/en\/support\/#breadcrumb\",\"itemListElement\":[{\"@type\":\"ListItem\",\"position\":1,\"name\":\"Dom\u016f\",\"item\":\"https:\/\/elspeedo.cz\/en\/\"},{\"@type\":\"ListItem\",\"position\":2,\"name\":\"Support\"}]},{\"@type\":\"WebSite\",\"@id\":\"https:\/\/elspeedo.cz\/#website\",\"url\":\"https:\/\/elspeedo.cz\/\",\"name\":\"El Speedo\",\"description\":\"Paragliding - kurzy, vybaven\u00ed, v\u00fdlety, komunita\",\"potentialAction\":[{\"@type\":\"SearchAction\",\"target\":{\"@type\":\"EntryPoint\",\"urlTemplate\":\"https:\/\/elspeedo.cz\/?s={search_term_string}\"},\"query-input\":{\"@type\":\"PropertyValueSpecification\",\"valueRequired\":true,\"valueName\":\"search_term_string\"}}],\"inLanguage\":\"en-US\"}]}<\/script>\n<!-- \/ Yoast SEO plugin. -->","yoast_head_json":{"title":"Support &#8212; El Speedo","description":"El Speedo je nejv\u011bt\u0161\u00ed paraglidingov\u00e1 komunita a \u0161kola v \u010cR. Tandemov\u00e9 seskoky, kurzy, expedice a paragliding v\u00fdbava","robots":{"index":"index","follow":"follow","max-snippet":"max-snippet:-1","max-image-preview":"max-image-preview:large","max-video-preview":"max-video-preview:-1"},"canonical":"https:\/\/elspeedo.cz\/en\/support\/","og_locale":"en_US","og_type":"article","og_title":"Support &#8212; El Speedo","og_description":"El Speedo je nejv\u011bt\u0161\u00ed paraglidingov\u00e1 komunita a \u0161kola v \u010cR. Tandemov\u00e9 seskoky, kurzy, expedice a paragliding v\u00fdbava","og_url":"https:\/\/elspeedo.cz\/en\/support\/","og_site_name":"El Speedo","article_publisher":"http:\/\/www.facebook.com\/paragliding.elspeedo.cz\/?fref=ts","article_modified_time":"2021-03-08T13:41:08+00:00","twitter_card":"summary_large_image","twitter_misc":{"Est. reading time":"2 minutes"},"schema":{"@context":"https:\/\/schema.org","@graph":[{"@type":"WebPage","@id":"https:\/\/elspeedo.cz\/en\/support\/","url":"https:\/\/elspeedo.cz\/en\/support\/","name":"Support &#8212; El Speedo","isPartOf":{"@id":"https:\/\/elspeedo.cz\/#website"},"datePublished":"2016-11-22T17:59:19+00:00","dateModified":"2021-03-08T13:41:08+00:00","description":"El Speedo je nejv\u011bt\u0161\u00ed paraglidingov\u00e1 komunita a \u0161kola v \u010cR. Tandemov\u00e9 seskoky, kurzy, expedice a paragliding v\u00fdbava","breadcrumb":{"@id":"https:\/\/elspeedo.cz\/en\/support\/#breadcrumb"},"inLanguage":"en-US","potentialAction":[{"@type":"ReadAction","target":["https:\/\/elspeedo.cz\/en\/support\/"]}]},{"@type":"BreadcrumbList","@id":"https:\/\/elspeedo.cz\/en\/support\/#breadcrumb","itemListElement":[{"@type":"ListItem","position":1,"name":"Dom\u016f","item":"https:\/\/elspeedo.cz\/en\/"},{"@type":"ListItem","position":2,"name":"Support"}]},{"@type":"WebSite","@id":"https:\/\/elspeedo.cz\/#website","url":"https:\/\/elspeedo.cz\/","name":"El Speedo","description":"Paragliding - kurzy, vybaven\u00ed, v\u00fdlety, komunita","potentialAction":[{"@type":"SearchAction","target":{"@type":"EntryPoint","urlTemplate":"https:\/\/elspeedo.cz\/?s={search_term_string}"},"query-input":{"@type":"PropertyValueSpecification","valueRequired":true,"valueName":"search_term_string"}}],"inLanguage":"en-US"}]}},"_links":{"self":[{"href":"https:\/\/elspeedo.cz\/en\/wp-json\/wp\/v2\/pages\/14229","targetHints":{"allow":["GET"]}}],"collection":[{"href":"https:\/\/elspeedo.cz\/en\/wp-json\/wp\/v2\/pages"}],"about":[{"href":"https:\/\/elspeedo.cz\/en\/wp-json\/wp\/v2\/types\/page"}],"author":[{"embeddable":true,"href":"https:\/\/elspeedo.cz\/en\/wp-json\/wp\/v2\/users\/3878"}],"replies":[{"embeddable":true,"href":"https:\/\/elspeedo.cz\/en\/wp-json\/wp\/v2\/comments?post=14229"}],"version-history":[{"count":1,"href":"https:\/\/elspeedo.cz\/en\/wp-json\/wp\/v2\/pages\/14229\/revisions"}],"predecessor-version":[{"id":152220,"href":"https:\/\/elspeedo.cz\/en\/wp-json\/wp\/v2\/pages\/14229\/revisions\/152220"}],"wp:attachment":[{"href":"https:\/\/elspeedo.cz\/en\/wp-json\/wp\/v2\/media?parent=14229"}],"curies":[{"name":"wp","href":"https:\/\/api.w.org\/{rel}","templated":true}]}}