{"id":14525,"date":"2016-12-01T13:12:46","date_gmt":"2016-12-01T12:12:46","guid":{"rendered":"https:\/\/elspeedo.cz\/black_betty\/?lang=en"},"modified":"2017-02-23T22:20:19","modified_gmt":"2017-02-23T21:20:19","slug":"black-betty-for-travelers-and-adventurers","status":"publish","type":"page","link":"https:\/\/elspeedo.cz\/en\/equipment-2\/paragliders-2-2\/black-betty-for-travelers-and-adventurers\/","title":{"rendered":"BLACK BETTY \u2013 for travelers and adventurers"},"content":{"rendered":"<div class=\"wpb-content-wrapper\">[mk_page_section video_loop=&#8221;false&#8221; min_height=&#8221;0&#8243; js_vertical_centered=&#8221;true&#8221; padding_top=&#8221;40&#8243; padding_bottom=&#8221;50&#8243; top_shape_color=&#8221;#ffffff&#8221; bottom_shape_color=&#8221;#ffffff&#8221; sidebar=&#8221;sidebar-1&#8243;][vc_column][vc_row_inner][vc_column_inner width=&#8221;1\/2&#8243;][mk_padding_divider][vc_column_text align=&#8221;right&#8221;]\n<h4>Lightweight paraglider with enough performance<br \/>\nfor your dream journeys<\/h4>\n<p>Our goal when designing BLACK BETTY was to offer traveling pilots and flying adventurers a powerful, light, but also sufficiently durable paraglider.<\/p>\n<div>One that we like to take for our personal travels around the world.<\/div>\n[\/vc_column_text][mk_padding_divider][mk_button_gradient dimension=&#8221;flat&#8221; size=&#8221;large&#8221; corner_style=&#8221;rounded&#8221; grandient_color_from=&#8221;#6087b9&#8243; grandient_color_to=&#8221;#557bab&#8221; grandient_color_fallback=&#8221;#6087b9&#8243; url=&#8221;https:\/\/elspeedo.cz\/en\/order-your-new-paraglider-black-betty\/&#8221; align=&#8221;right&#8221; el_class=&#8221;btn-el-gradient-blue&#8221;]Price from 2540 \u20ac \u2013 Go to order[\/mk_button_gradient][\/vc_column_inner][vc_column_inner width=&#8221;1\/2&#8243;][vc_single_image image=&#8221;13707&#8243; img_size=&#8221;full&#8221; alignment=&#8221;center&#8221; style=&#8221;vc_box_rounded&#8221; css=&#8221;.vc_custom_1480592993888{padding-right: 0px !important;padding-left: 50px !important;}&#8221;][\/vc_column_inner][\/vc_row_inner][\/vc_column][\/mk_page_section][mk_page_section bg_color=&#8221;#272727&#8243; bg_position=&#8221;center center&#8221; video_loop=&#8221;false&#8221; js_vertical_centered=&#8221;true&#8221; padding_top=&#8221;100&#8243; padding_bottom=&#8221;80&#8243; top_shape_color=&#8221;#ffffff&#8221; bottom_shape_color=&#8221;#ffffff&#8221; el_class=&#8221;sc-dark&#8221; sidebar=&#8221;sidebar-1&#8243;][vc_column][vc_column_text]\n<h4 style=\"text-align: center;\">There\u2019s nothing to hide\u2026<\/h4>\n<p style=\"text-align: center;\">BLACK BETTY is not a paraglider, which would be necessary in the company\u2019s offer. BLACK BETTY is my personal wish fulfilment. Matter of the heart. It is not just about the canopy. It\u2019s about the whole solution \u2013 BLACK BETTY canopy, MT COOK harness, RS Ultrino reserve parachute, FAST-PACK backpack and KEYLONG rucksack.<\/p>\n<p style=\"text-align: center;\">For a person with my needs, the cooperation with top design team with Alexei Rakov is a great advantage. \u00a0It didn\u2019t take too long and something was created that made projects of pilots \u2013 travellers even more enjoyable.<\/p>\n<p style=\"text-align: center;\">BLACK BETTY is structurally identical to our favourite mid \u2013 EN B \u2013 FREDDIE 2. \u2028Its design is nothing to change. Its performance and even its agility fully meets XC flying needs. High passive safety also allows you to search for thermals in the most diverse corners of nature. \u00a0As the nature of the adventurer requires.<\/p>\n<p style=\"text-align: center;\">Dalibor Carbol<\/p>\n[\/vc_column_text][\/vc_column][\/mk_page_section][vc_row css=&#8221;.vc_custom_1480534464572{padding-top: 80px !important;padding-bottom: 60px !important;background-color: #ffffff !important;}&#8221;][vc_column][vc_column_text disable_pattern=&#8221;false&#8221; align=&#8221;center&#8221; margin_bottom=&#8221;30&#8243;]\n<h1>Sizes and technical information<\/h1>\n[\/vc_column_text][mk_table style=&#8221;style2&#8243;]\n<table width=\"1109\">\n<thead>\n<tr>\n<th style=\"text-align: center;\">BLACK BETTY<\/th>\n<th style=\"text-align: center;\">S<\/th>\n<th style=\"text-align: center;\">M<\/th>\n<th style=\"text-align: center;\">L<\/th>\n<\/tr>\n<\/thead>\n<tbody>\n<tr>\n<td>Area<\/td>\n<td>23<\/td>\n<td>25<\/td>\n<td>27<\/td>\n<\/tr>\n<tr>\n<td>Aspect ratio<\/td>\n<td>5,2<\/td>\n<td>5,2<\/td>\n<td>5,2<\/td>\n<td><\/td>\n<\/tr>\n<tr>\n<td>Span\u00a0(m)<\/td>\n<td>10,94<\/td>\n<td>11,40<\/td>\n<td>11,85<\/td>\n<\/tr>\n<tr>\n<td>Number of cells<\/td>\n<td>46<\/td>\n<td>46<\/td>\n<td>46<\/td>\n<\/tr>\n<tr>\n<td>Minimum speed (km\/h)<\/td>\n<td>according to the load<\/td>\n<td>according to the load<\/td>\n<td>according to the load<\/td>\n<\/tr>\n<tr>\n<td>Maximum speed (km\/h)<\/td>\n<td>according to the load<\/td>\n<td>according to the load<\/td>\n<td>according to the load<\/td>\n<\/tr>\n<tr>\n<td>Weight of the paraglider (kg)<\/td>\n<td>3,78<\/td>\n<td>3,98<\/td>\n<td>4,20<\/td>\n<\/tr>\n<tr>\n<td>Take off weight (kg)<\/td>\n<td>60-80<\/td>\n<td>70-90<\/td>\n<td>80-100<\/td>\n<\/tr>\n<tr>\n<td>Certification<\/td>\n<td>corporate<\/td>\n<td>corporate<\/td>\n<td>corporate<\/td>\n<\/tr>\n<tr>\n<td><\/td>\n<td><\/td>\n<td><\/td>\n<td><\/td>\n<\/tr>\n<tr>\n<td><strong>Price<\/strong><\/td>\n<td><strong>2540 \u20ac<\/strong><\/td>\n<td><strong>2590 \u20ac<\/strong><\/td>\n<td><strong>2640 \u20ac<\/strong><\/td>\n<\/tr>\n<\/tbody>\n<\/table>\n[\/mk_table][\/vc_column][\/vc_row][mk_page_section bg_color=&#8221;#f4f4f4&#8243; bg_stretch=&#8221;true&#8221; video_loop=&#8221;false&#8221; padding_top=&#8221;100&#8243; padding_bottom=&#8221;100&#8243; el_class=&#8221;section-gray&#8221; sidebar=&#8221;sidebar-1&#8243;][vc_column width=&#8221;1\/2&#8243;][vc_column_text disable_pattern=&#8221;false&#8221; align=&#8221;center&#8221;]\n<h1>How did we reduce weight?<\/h1>\n[\/vc_column_text][vc_column_text disable_pattern=&#8221;false&#8221; align=&#8221;center&#8221;]\n<p style=\"text-align: center;\">Ultra-light material from Porcher Sport, lightweight lines, thin Liros risers \u2013 thanks to all this, we managed to get the weight of the paraglider to the 3.78 kg (with area 23 m2, which is suitable even for 80 kg pilot, but of course, we are able to produce other sizes).<\/p>\n[\/vc_column_text][vc_column_text align=&#8221;center&#8221;]\n<h1>Performance comes handy\u2026<\/h1>\n[\/vc_column_text][vc_column_text align=&#8221;center&#8221;]\n<p style=\"text-align: center;\">Modern canopy design featuring a few widgets, in its category superior performance with glide ratio 9.38, great compactness and accurate control \u2013 this is what gives you the opportunity that BLACK BETTY takes you even for longer flights.<\/p>\n[\/vc_column_text][\/vc_column][vc_column width=&#8221;1\/2&#8243;][vc_single_image image=&#8221;13710&#8243; img_size=&#8221;full&#8221; alignment=&#8221;right&#8221; style=&#8221;vc_box_rounded&#8221; css=&#8221;.vc_custom_1480593559418{padding-bottom: 50px !important;padding-left: 50px !important;}&#8221;][\/vc_column][\/mk_page_section][mk_page_section bg_color=&#8221;#272727&#8243; bg_position=&#8221;center center&#8221; video_loop=&#8221;false&#8221; js_vertical_centered=&#8221;true&#8221; padding_top=&#8221;80&#8243; padding_bottom=&#8221;80&#8243; el_class=&#8221;sc-dark&#8221; sidebar=&#8221;sidebar-1&#8243;][vc_column][vc_column_text]\n<h1 style=\"text-align: center;\">And what did we do to make BLACK BETTY last long?<\/h1>\n<p style=\"text-align: center;\">We used classic solid SKYTEX for the forehead of the leading edge. Fair solution of our products has a direct impact on their life and thus also your well made investment. So with this El Speedo \u201ctravel\u201d paraglider you will experience many exciting adventures.<\/p>\n[\/vc_column_text][vc_row_inner][vc_column_inner][vc_single_image image=&#8221;13708&#8243; img_size=&#8221;full&#8221; alignment=&#8221;center&#8221; style=&#8221;vc_box_rounded&#8221; css=&#8221;.vc_custom_1487354072760{padding-top: 40px !important;}&#8221;][\/vc_column_inner][\/vc_row_inner][\/vc_column][\/mk_page_section][vc_row css=&#8221;.vc_custom_1480596876557{padding-top: 70px !important;}&#8221;][vc_column width=&#8221;1\/2&#8243;][mk_padding_divider size=&#8221;60&#8243;][vc_single_image image=&#8221;13716&#8243; img_size=&#8221;full&#8221; alignment=&#8221;center&#8221; style=&#8221;vc_box_rounded&#8221;][\/vc_column][vc_column width=&#8221;1\/2&#8243;][vc_column_text]\n<h4>Travel<\/h4>\n<h1>El Speedo KIT<\/h1>\n[\/vc_column_text][vc_column_text]\n<div style=\"text-align: left;\">\n<div>\n<p>Travels with a paraglider do not belong to the easiest. But the views from the height above a beautiful landscape pay for the various predicaments. The aim of our solution is that those difficulties were as small as possible.<\/p>\n<\/div>\n<div>\n<p>Put BLACK BETTY + El Speedo harness MT COOK (0.95 kg) + reserve parachute RS ULTRINO (0.98 kg) into our QUICK PACK Ultrino. It weighs just 650 grams and can also be used as a backpack. Quick pack Ultrino also, from 2016, comes included in the price of our paragliders.<\/p>\n<p>Filled QUICK PACK insert into the KEYLONG rucksack (also included in the paraglider price). KEYLONG is sufficiently robust for transport in aircrafts, buses and off-road cars. In addition, all your other personal items will fit in KEYLONG.<\/p>\n<p>Then, when you come to your flying destination, you can pull out FAST-PACK from KEYLONG, throw it on your back and walk away lightly to the take off. Because all your paragliding equipment will weigh less than 7 kg. Including even GPS-vario SKY DROP, a helmet and a telephone. And that\u2019s another tranquility\u2026<\/p>\n<p>Enjoy life and fly with us ?<\/p>\n<\/div>\n<\/div>\n[\/vc_column_text][\/vc_column][\/vc_row][vc_row css=&#8221;.vc_custom_1480544391263{padding-top: 60px !important;padding-bottom: 50px !important;}&#8221;][vc_column][vc_separator el_width=&#8221;80&#8243; el_class=&#8221;basic-separator&#8221; css=&#8221;.vc_custom_1487710204091{padding-bottom: 40px !important;}&#8221;][vc_column_text disable_pattern=&#8221;false&#8221; align=&#8221;center&#8221;]\n<h1>And even something extra<\/h1>\n<div>Durable travel backpack KEYLONG XC, fast-pack with ultra light rucksack El Speedo RB and El Speedo STRING BAG included in the paraglider price.<\/div>\n[\/vc_column_text][\/vc_column][\/vc_row][vc_row][vc_column width=&#8221;1\/3&#8243;][vc_single_image image=&#8221;13521&#8243; img_size=&#8221;full&#8221; alignment=&#8221;center&#8221; style=&#8221;vc_box_rounded&#8221;][vc_column_text disable_pattern=&#8221;false&#8221; align=&#8221;center&#8221;]El Speedo RB[\/vc_column_text][\/vc_column][vc_column width=&#8221;1\/3&#8243;][vc_single_image image=&#8221;13520&#8243; img_size=&#8221;full&#8221; alignment=&#8221;center&#8221; style=&#8221;vc_box_rounded&#8221;][vc_column_text disable_pattern=&#8221;false&#8221; align=&#8221;center&#8221;]STRING BAG[\/vc_column_text][\/vc_column][vc_column width=&#8221;1\/3&#8243;][vc_single_image image=&#8221;13453&#8243; img_size=&#8221;full&#8221; alignment=&#8221;center&#8221; style=&#8221;vc_box_rounded&#8221;][vc_column_text disable_pattern=&#8221;false&#8221; align=&#8221;center&#8221;]KEYLONG XC[\/vc_column_text][\/vc_column][\/vc_row][mk_page_section bg_position=&#8221;center bottom&#8221; bg_repeat=&#8221;no-repeat&#8221; video_loop=&#8221;false&#8221; min_height=&#8221;50&#8243; padding_top=&#8221;0&#8243; padding_bottom=&#8221;0&#8243; top_shape_color=&#8221;#ffffff&#8221; bottom_shape_color=&#8221;#ffffff&#8221; sidebar=&#8221;sidebar-1&#8243;][vc_column][vc_separator el_width=&#8221;80&#8243; el_class=&#8221;basic-separator&#8221; css=&#8221;.vc_custom_1487419596360{padding-top: 70px !important;padding-bottom: 20px !important;}&#8221;][vc_row_inner][vc_column_inner width=&#8221;1\/6&#8243;][\/vc_column_inner][vc_column_inner width=&#8221;2\/3&#8243;][vc_single_image image=&#8221;10938&#8243; img_size=&#8221;full&#8221; alignment=&#8221;center&#8221; onclick=&#8221;custom_link&#8221; css=&#8221;.vc_custom_1487418782237{padding-bottom: 30px !important;}&#8221; link=&#8221;https:\/\/elspeedo.cz\/konstrukce\/&#8221;][vc_column_text disable_pattern=&#8221;false&#8221; align=&#8221;center&#8221;]\n<h1>The best performance \u2013 stability ratio<\/h1>\n<p>When soaring quietly above a landscape or flying difficult cross county flights in big mountains the El Speedo paragliders surprise pilots by their friendly behaviour and high performance in both thermals and long glides. What design elements are used in El Speedo paragliders constructions?[\/vc_column_text][\/vc_column_inner][vc_column_inner width=&#8221;1\/6&#8243;][\/vc_column_inner][\/vc_row_inner][mk_button_gradient dimension=&#8221;outline&#8221; size=&#8221;large&#8221; grandient_color_from=&#8221;#272727&#8243; grandient_color_to=&#8221;#272727&#8243; grandient_color_fallback=&#8221;#272727&#8243; url=&#8221;https:\/\/elspeedo.cz\/konstrukce\/&#8221; align=&#8221;center&#8221; margin_top=&#8221;20&#8243; margin_right=&#8221;0&#8243;]Find out more about El Speedo paragliders design\u2026[\/mk_button_gradient][mk_padding_divider size=&#8221;50&#8243;][\/vc_column][\/mk_page_section][mk_page_section bg_color=&#8221;#272727&#8243; bg_position=&#8221;center center&#8221; video_loop=&#8221;false&#8221; js_vertical_centered=&#8221;true&#8221; padding_top=&#8221;80&#8243; padding_bottom=&#8221;80&#8243; el_class=&#8221;sc-dark&#8221; sidebar=&#8221;sidebar-1&#8243;][vc_column][vc_column_text disable_pattern=&#8221;false&#8221; align=&#8221;center&#8221;]\n<div class=\"clr\" style=\"text-align: center;\"><span style=\"font-size: 24pt;\">Buy for\u00a0<span style=\"font-size: 40pt;\">GRADUATE PRICES<\/span><\/span><\/div>\n[\/vc_column_text][mk_padding_divider size=&#8221;20&#8243;][vc_column_text disable_pattern=&#8221;false&#8221; align=&#8221;center&#8221;]All graduates of our training programs are provided<\/p>\n<h2>10% discount and the possibility of arranging VAT deduction.<\/h2>\n<p>Get more information in El Speedo office via tel. +420 777 311 661[\/vc_column_text][\/vc_column][\/mk_page_section]\n<\/div>","protected":false},"excerpt":{"rendered":"<p>[mk_page_section video_loop=&#8221;false&#8221; min_height=&#8221;0&#8243; js_vertical_centered=&#8221;true&#8221; padding_top=&#8221;40&#8243; padding_bottom=&#8221;50&#8243; top_shape_color=&#8221;#ffffff&#8221; bottom_shape_color=&#8221;#ffffff&#8221; sidebar=&#8221;sidebar-1&#8243;][vc_column][vc_row_inner][vc_column_inner width=&#8221;1\/2&#8243;][mk_padding_divider][vc_column_text align=&#8221;right&#8221;] Lightweight paraglider with enough performance for your dream journeys Our goal when designing BLACK BETTY was to offer traveling pilots and flying adventurers a powerful, light, but also sufficiently durable paraglider. One that we like to take for our personal travels around the world. [&hellip;]<\/p>\n","protected":false},"author":7,"featured_media":0,"parent":26882,"menu_order":0,"comment_status":"closed","ping_status":"closed","template":"","meta":{"_tribe_blocks_recurrence_rules":"","_tribe_blocks_recurrence_exclusions":"","_tribe_blocks_recurrence_description":"","footnotes":""},"class_list":["post-14525","page","type-page","status-publish","hentry"],"yoast_head":"<!-- This site is optimized with the Yoast SEO plugin v27.0 - https:\/\/yoast.com\/product\/yoast-seo-wordpress\/ -->\n<title>BLACK BETTY \u2013 for travelers and adventurers &#8212; El Speedo<\/title>\n<meta name=\"description\" content=\"El Speedo je nejv\u011bt\u0161\u00ed paraglidingov\u00e1 komunita a \u0161kola v \u010cR. Tandemov\u00e9 seskoky, kurzy, expedice a paragliding v\u00fdbava\" \/>\n<meta name=\"robots\" content=\"index, follow, max-snippet:-1, max-image-preview:large, max-video-preview:-1\" \/>\n<link rel=\"canonical\" href=\"https:\/\/elspeedo.cz\/en\/equipment-2\/paragliders-2-2\/black-betty-for-travelers-and-adventurers\/\" \/>\n<meta property=\"og:locale\" content=\"en_US\" \/>\n<meta property=\"og:type\" content=\"article\" \/>\n<meta property=\"og:title\" content=\"BLACK BETTY \u2013 for travelers and adventurers &#8212; El Speedo\" \/>\n<meta property=\"og:description\" content=\"El Speedo je nejv\u011bt\u0161\u00ed paraglidingov\u00e1 komunita a \u0161kola v \u010cR. Tandemov\u00e9 seskoky, kurzy, expedice a paragliding v\u00fdbava\" \/>\n<meta property=\"og:url\" content=\"https:\/\/elspeedo.cz\/en\/equipment-2\/paragliders-2-2\/black-betty-for-travelers-and-adventurers\/\" \/>\n<meta property=\"og:site_name\" content=\"El Speedo\" \/>\n<meta property=\"article:publisher\" content=\"http:\/\/www.facebook.com\/paragliding.elspeedo.cz\/?fref=ts\" \/>\n<meta property=\"article:modified_time\" content=\"2017-02-23T21:20:19+00:00\" \/>\n<meta name=\"twitter:card\" content=\"summary_large_image\" \/>\n<meta name=\"twitter:label1\" content=\"Est. reading time\" \/>\n\t<meta name=\"twitter:data1\" content=\"7 minutes\" \/>\n<script type=\"application\/ld+json\" class=\"yoast-schema-graph\">{\"@context\":\"https:\/\/schema.org\",\"@graph\":[{\"@type\":\"WebPage\",\"@id\":\"https:\/\/elspeedo.cz\/en\/equipment-2\/paragliders-2-2\/black-betty-for-travelers-and-adventurers\/\",\"url\":\"https:\/\/elspeedo.cz\/en\/equipment-2\/paragliders-2-2\/black-betty-for-travelers-and-adventurers\/\",\"name\":\"BLACK BETTY \u2013 for travelers and adventurers &#8212; El Speedo\",\"isPartOf\":{\"@id\":\"https:\/\/elspeedo.cz\/#website\"},\"datePublished\":\"2016-12-01T12:12:46+00:00\",\"dateModified\":\"2017-02-23T21:20:19+00:00\",\"description\":\"El Speedo je nejv\u011bt\u0161\u00ed paraglidingov\u00e1 komunita a \u0161kola v \u010cR. Tandemov\u00e9 seskoky, kurzy, expedice a paragliding v\u00fdbava\",\"breadcrumb\":{\"@id\":\"https:\/\/elspeedo.cz\/en\/equipment-2\/paragliders-2-2\/black-betty-for-travelers-and-adventurers\/#breadcrumb\"},\"inLanguage\":\"en-US\",\"potentialAction\":[{\"@type\":\"ReadAction\",\"target\":[\"https:\/\/elspeedo.cz\/en\/equipment-2\/paragliders-2-2\/black-betty-for-travelers-and-adventurers\/\"]}]},{\"@type\":\"BreadcrumbList\",\"@id\":\"https:\/\/elspeedo.cz\/en\/equipment-2\/paragliders-2-2\/black-betty-for-travelers-and-adventurers\/#breadcrumb\",\"itemListElement\":[{\"@type\":\"ListItem\",\"position\":1,\"name\":\"Dom\u016f\",\"item\":\"https:\/\/elspeedo.cz\/en\/\"},{\"@type\":\"ListItem\",\"position\":2,\"name\":\"Equipment\",\"item\":\"https:\/\/elspeedo.cz\/en\/equipment-2\/\"},{\"@type\":\"ListItem\",\"position\":3,\"name\":\"Paragliders\",\"item\":\"https:\/\/elspeedo.cz\/vybaveni\/padaky\/\"},{\"@type\":\"ListItem\",\"position\":4,\"name\":\"BLACK BETTY \u2013 for travelers and adventurers\"}]},{\"@type\":\"WebSite\",\"@id\":\"https:\/\/elspeedo.cz\/#website\",\"url\":\"https:\/\/elspeedo.cz\/\",\"name\":\"El Speedo\",\"description\":\"Paragliding - kurzy, vybaven\u00ed, v\u00fdlety, komunita\",\"potentialAction\":[{\"@type\":\"SearchAction\",\"target\":{\"@type\":\"EntryPoint\",\"urlTemplate\":\"https:\/\/elspeedo.cz\/?s={search_term_string}\"},\"query-input\":{\"@type\":\"PropertyValueSpecification\",\"valueRequired\":true,\"valueName\":\"search_term_string\"}}],\"inLanguage\":\"en-US\"}]}<\/script>\n<!-- \/ Yoast SEO plugin. -->","yoast_head_json":{"title":"BLACK BETTY \u2013 for travelers and adventurers &#8212; El Speedo","description":"El Speedo je nejv\u011bt\u0161\u00ed paraglidingov\u00e1 komunita a \u0161kola v \u010cR. Tandemov\u00e9 seskoky, kurzy, expedice a paragliding v\u00fdbava","robots":{"index":"index","follow":"follow","max-snippet":"max-snippet:-1","max-image-preview":"max-image-preview:large","max-video-preview":"max-video-preview:-1"},"canonical":"https:\/\/elspeedo.cz\/en\/equipment-2\/paragliders-2-2\/black-betty-for-travelers-and-adventurers\/","og_locale":"en_US","og_type":"article","og_title":"BLACK BETTY \u2013 for travelers and adventurers &#8212; El Speedo","og_description":"El Speedo je nejv\u011bt\u0161\u00ed paraglidingov\u00e1 komunita a \u0161kola v \u010cR. Tandemov\u00e9 seskoky, kurzy, expedice a paragliding v\u00fdbava","og_url":"https:\/\/elspeedo.cz\/en\/equipment-2\/paragliders-2-2\/black-betty-for-travelers-and-adventurers\/","og_site_name":"El Speedo","article_publisher":"http:\/\/www.facebook.com\/paragliding.elspeedo.cz\/?fref=ts","article_modified_time":"2017-02-23T21:20:19+00:00","twitter_card":"summary_large_image","twitter_misc":{"Est. reading time":"7 minutes"},"schema":{"@context":"https:\/\/schema.org","@graph":[{"@type":"WebPage","@id":"https:\/\/elspeedo.cz\/en\/equipment-2\/paragliders-2-2\/black-betty-for-travelers-and-adventurers\/","url":"https:\/\/elspeedo.cz\/en\/equipment-2\/paragliders-2-2\/black-betty-for-travelers-and-adventurers\/","name":"BLACK BETTY \u2013 for travelers and adventurers &#8212; El Speedo","isPartOf":{"@id":"https:\/\/elspeedo.cz\/#website"},"datePublished":"2016-12-01T12:12:46+00:00","dateModified":"2017-02-23T21:20:19+00:00","description":"El Speedo je nejv\u011bt\u0161\u00ed paraglidingov\u00e1 komunita a \u0161kola v \u010cR. Tandemov\u00e9 seskoky, kurzy, expedice a paragliding v\u00fdbava","breadcrumb":{"@id":"https:\/\/elspeedo.cz\/en\/equipment-2\/paragliders-2-2\/black-betty-for-travelers-and-adventurers\/#breadcrumb"},"inLanguage":"en-US","potentialAction":[{"@type":"ReadAction","target":["https:\/\/elspeedo.cz\/en\/equipment-2\/paragliders-2-2\/black-betty-for-travelers-and-adventurers\/"]}]},{"@type":"BreadcrumbList","@id":"https:\/\/elspeedo.cz\/en\/equipment-2\/paragliders-2-2\/black-betty-for-travelers-and-adventurers\/#breadcrumb","itemListElement":[{"@type":"ListItem","position":1,"name":"Dom\u016f","item":"https:\/\/elspeedo.cz\/en\/"},{"@type":"ListItem","position":2,"name":"Equipment","item":"https:\/\/elspeedo.cz\/en\/equipment-2\/"},{"@type":"ListItem","position":3,"name":"Paragliders","item":"https:\/\/elspeedo.cz\/vybaveni\/padaky\/"},{"@type":"ListItem","position":4,"name":"BLACK BETTY \u2013 for travelers and adventurers"}]},{"@type":"WebSite","@id":"https:\/\/elspeedo.cz\/#website","url":"https:\/\/elspeedo.cz\/","name":"El Speedo","description":"Paragliding - kurzy, vybaven\u00ed, v\u00fdlety, komunita","potentialAction":[{"@type":"SearchAction","target":{"@type":"EntryPoint","urlTemplate":"https:\/\/elspeedo.cz\/?s={search_term_string}"},"query-input":{"@type":"PropertyValueSpecification","valueRequired":true,"valueName":"search_term_string"}}],"inLanguage":"en-US"}]}},"_links":{"self":[{"href":"https:\/\/elspeedo.cz\/en\/wp-json\/wp\/v2\/pages\/14525","targetHints":{"allow":["GET"]}}],"collection":[{"href":"https:\/\/elspeedo.cz\/en\/wp-json\/wp\/v2\/pages"}],"about":[{"href":"https:\/\/elspeedo.cz\/en\/wp-json\/wp\/v2\/types\/page"}],"author":[{"embeddable":true,"href":"https:\/\/elspeedo.cz\/en\/wp-json\/wp\/v2\/users\/7"}],"replies":[{"embeddable":true,"href":"https:\/\/elspeedo.cz\/en\/wp-json\/wp\/v2\/comments?post=14525"}],"version-history":[{"count":0,"href":"https:\/\/elspeedo.cz\/en\/wp-json\/wp\/v2\/pages\/14525\/revisions"}],"up":[{"embeddable":true,"href":"https:\/\/elspeedo.cz\/en\/wp-json\/wp\/v2\/pages\/26882"}],"wp:attachment":[{"href":"https:\/\/elspeedo.cz\/en\/wp-json\/wp\/v2\/media?parent=14525"}],"curies":[{"name":"wp","href":"https:\/\/api.w.org\/{rel}","templated":true}]}}