{"id":14537,"date":"2016-12-04T19:52:54","date_gmt":"2016-12-04T18:52:54","guid":{"rendered":"https:\/\/elspeedo.cz\/fuerta\/?lang=en"},"modified":"2023-02-20T13:24:55","modified_gmt":"2023-02-20T12:24:55","slug":"comfortable-and-intelligently-simple-old","status":"publish","type":"page","link":"https:\/\/elspeedo.cz\/en\/equipment-2\/harnesses\/comfortable-and-intelligently-simple-old\/","title":{"rendered":"FUERTA &#8211; comfortable and intelligently simple"},"content":{"rendered":"<div class=\"wpb-content-wrapper\">[mk_page_section video_loop=&#8221;false&#8221; min_height=&#8221;0&#8243; js_vertical_centered=&#8221;true&#8221; padding_top=&#8221;20&#8243; padding_bottom=&#8221;50&#8243; top_shape_color=&#8221;#ffffff&#8221; bottom_shape_color=&#8221;#ffffff&#8221; sidebar=&#8221;sidebar-1&#8243;][vc_column][vc_row_inner][vc_column_inner width=&#8221;1\/2&#8243;][vc_single_image image=&#8221;14182&#8243; img_size=&#8221;full&#8221; alignment=&#8221;center&#8221; style=&#8221;vc_box_rounded&#8221; css=&#8221;.vc_custom_1480875375818{padding-right: 0px !important;padding-left: 50px !important;}&#8221;][\/vc_column_inner][vc_column_inner width=&#8221;1\/2&#8243;][mk_padding_divider][vc_column_text align=&#8221;right&#8221;]\n<p style=\"text-align: left;\"><strong>For pilots looking for sturdy and by practice debugged, comfortable harness for active training and paragliding beginnings.<\/strong><\/p>\n<div style=\"text-align: left;\">\n<p style=\"text-align: left;\">&#8211; lightweight &#8211; only 3.45 kg (size M)<br \/>\n&#8211; construction with a solid board<\/p>\n<p style=\"text-align: left;\">&#8211; FLY 3000 series<\/p>\n<\/div>\n[\/vc_column_text][mk_padding_divider][mk_button_gradient dimension=&#8221;flat&#8221; size=&#8221;large&#8221; corner_style=&#8221;rounded&#8221; grandient_color_from=&#8221;#6087b9&#8243; grandient_color_to=&#8221;#557bab&#8221; grandient_color_fallback=&#8221;#6087b9&#8243; url=&#8221;https:\/\/elspeedo.cz\/en\/order-your-new-harness-fuerta\/&#8221; el_class=&#8221;btn-el-gradient-blue&#8221;]Price 510 \u20ac &#8211; Order now[\/mk_button_gradient][\/vc_column_inner][\/vc_row_inner][vc_column_text]\n<p style=\"text-align: center;\">FUERTA concept is based on a compact, comfortable core with solid seat plate complemented by detachable back pocket and protector and three storage places for your equipment. We have been testing and completing this design for several years in the biggest training centre &#8211; Beskydy flying school. And it must be said that instructors rely on FUERTA during Basic courses, ground handling and further free flying tuition. For its simplicity, comfort and extreme durability.<\/p>\n[\/vc_column_text][\/vc_column][\/mk_page_section][vc_row][vc_column][vc_separator el_width=&#8221;80&#8243; el_class=&#8221;basic-separator&#8221;][\/vc_column][\/vc_row][vc_row css=&#8221;.vc_custom_1480576986714{padding-top: 40px !important;padding-bottom: 50px !important;}&#8221;][vc_column][vc_column_text disable_pattern=&#8221;false&#8221; align=&#8221;center&#8221;]\n<h1 style=\"text-align: center;\">Module construction<\/h1>\n<h4 style=\"text-align: center;\">for training and free flying<\/h4>\n[\/vc_column_text][vc_single_image image=&#8221;14191&#8243; img_size=&#8221;full&#8221; alignment=&#8221;center&#8221; style=&#8221;vc_box_rounded&#8221;][vc_column_text disable_pattern=&#8221;false&#8221; align=&#8221;center&#8221;]\n<p style=\"text-align: center;\">Comfortable core with a solid seat board is connected to the protector and outer shell by a strong zipper. Easily you can create a simple harness for ground handling, light hike&amp;fly harness or harness for powered paragliding.<\/p>\n<p style=\"text-align: center;\">FUERTA with its design provides many options of use and as such it is more than a good friend of a beginning pilot.<\/p>\n[\/vc_column_text][\/vc_column][\/vc_row][mk_page_section bg_color=&#8221;#272727&#8243; bg_position=&#8221;center center&#8221; video_loop=&#8221;false&#8221; js_vertical_centered=&#8221;true&#8221; padding_top=&#8221;100&#8243; padding_bottom=&#8221;80&#8243; top_shape_color=&#8221;#ffffff&#8221; bottom_shape_color=&#8221;#ffffff&#8221; el_class=&#8221;sc-dark&#8221; sidebar=&#8221;sidebar-1&#8243;][vc_column][vc_column_text]\n<h1 style=\"text-align: center;\">FUERTEVENTURA &#8211; cliffs and dunes for our training<\/h1>\n[\/vc_column_text][vc_single_image image=&#8221;14190&#8243; img_size=&#8221;full&#8221; alignment=&#8221;center&#8221; style=&#8221;vc_box_rounded&#8221;][vc_column_text]\n<p style=\"text-align: center;\">This place is at first glance a barren, inhospitable, and perhaps compare to the other Canary Islands and a bit repulsive.<br \/>\nBut a few visits were enough to fall in love with it and we have found Fuerteventura a quiet, quirky, but at the same time, many offering training area.<\/p>\n<p style=\"text-align: center;\">Get the experience too&#8230;<\/p>\n[\/vc_column_text][\/vc_column][\/mk_page_section][vc_row css=&#8221;.vc_custom_1480599593320{padding-top: 80px !important;background-color: #ffffff !important;}&#8221;][vc_column][vc_column_text disable_pattern=&#8221;false&#8221; align=&#8221;center&#8221; margin_bottom=&#8221;30&#8243;]\n<h1>Sizes and technical information<\/h1>\n[\/vc_column_text][mk_table style=&#8221;style2&#8243;]\n<table style=\"height: 118px;\" width=\"1109\">\n<thead>\n<tr>\n<th style=\"text-align: center;\">FUERTA<\/th>\n<th style=\"text-align: center;\">M<\/th>\n<th style=\"text-align: center;\">L<\/th>\n<\/tr>\n<\/thead>\n<tbody>\n<tr>\n<td style=\"text-align: center;\">Suspension height (cm)<\/td>\n<td style=\"text-align: center;\">44<\/td>\n<td style=\"text-align: center;\">45<\/td>\n<\/tr>\n<tr>\n<td style=\"text-align: center;\">Width of the seat plate (cm)<\/td>\n<td style=\"text-align: center;\">35<\/td>\n<td style=\"text-align: center;\">37<\/td>\n<\/tr>\n<tr>\n<td style=\"text-align: center;\">Max. pilot&#8217; weight (kg)<\/td>\n<td style=\"text-align: center;\">100<\/td>\n<td style=\"text-align: center;\">100<\/td>\n<\/tr>\n<tr>\n<td style=\"text-align: center;\">Pilot&#8217;s height (cm)<\/td>\n<td style=\"text-align: center;\">155 &#8211; 175<\/td>\n<td style=\"text-align: center;\">175 &#8211; 200<\/td>\n<\/tr>\n<tr>\n<td style=\"text-align: center;\">Weight of the harness (kg)<\/td>\n<td style=\"text-align: center;\">3,45<\/td>\n<td style=\"text-align: center;\">3,95<\/td>\n<\/tr>\n<tr>\n<td style=\"text-align: center;\">Certification<\/td>\n<td style=\"text-align: center;\">Yes<\/td>\n<td style=\"text-align: center;\">Yes<\/td>\n<\/tr>\n<tr>\n<td style=\"text-align: center;\"><\/td>\n<td style=\"text-align: center;\"><\/td>\n<td style=\"text-align: center;\"><\/td>\n<\/tr>\n<tr>\n<td style=\"text-align: center;\"><strong>Price<\/strong><\/td>\n<td style=\"text-align: center;\"><strong>510 \u20ac<\/strong><\/td>\n<td style=\"text-align: center;\"><strong>510 \u20ac<\/strong><\/td>\n<\/tr>\n<\/tbody>\n<\/table>\n[\/mk_table][vc_column_text]\n<p style=\"text-align: center;\">The prices include harness with protector, speed system and rescue parachute container.<br \/>\nHarnesses are NOT originally equipped with carbines so that the weight and price do not include them.<\/p>\n[\/vc_column_text][\/vc_column][\/vc_row][vc_row css=&#8221;.vc_custom_1480600602706{padding-bottom: 70px !important;}&#8221;][vc_column][vc_separator el_width=&#8221;80&#8243; el_class=&#8221;basic-separator&#8221; css=&#8221;.vc_custom_1480598961584{padding-top: 70px !important;}&#8221;][\/vc_column][\/vc_row][vc_row css=&#8221;.vc_custom_1480600700944{padding-bottom: 40px !important;}&#8221;][vc_column width=&#8221;1\/2&#8243;][vc_single_image image=&#8221;14183&#8243; img_size=&#8221;full&#8221; style=&#8221;vc_box_rounded&#8221; css=&#8221;.vc_custom_1480876520419{padding-left: 60px !important;}&#8221;][\/vc_column][vc_column width=&#8221;1\/2&#8243;][vc_column_text disable_pattern=&#8221;false&#8221; align=&#8221;right&#8221;]\n<h1 style=\"text-align: left;\">Solid and sturdy<\/h1>\n<h4 style=\"text-align: left;\">thanks to design and materials<\/h4>\n<p style=\"text-align: left;\">FUERTA was originally designed for use in paragliding training centres and as the first harness for beginning pilots.<\/p>\n<p style=\"text-align: left;\">Therefore FUERTA has been made of quality and tough materials ensuring durability.<br \/>\nReinforcement of lower part of the harness for harder landings is essential in this case.<\/p>\n[\/vc_column_text][\/vc_column][\/vc_row][vc_row fullwidth=&#8221;true&#8221; fullwidth_content=&#8221;false&#8221; css=&#8221;.vc_custom_1487872640778{padding-top: 20px !important;padding-bottom: 40px !important;background-color: #f4f4f4 !important;}&#8221;][vc_column width=&#8221;1\/2&#8243; css=&#8221;.vc_custom_1480600735153{padding-top: 70px !important;}&#8221;][vc_single_image image=&#8221;14184&#8243; img_size=&#8221;full&#8221; alignment=&#8221;center&#8221; style=&#8221;vc_box_rounded&#8221;][\/vc_column][vc_column width=&#8221;1\/2&#8243; css=&#8221;.vc_custom_1480536234777{padding-top: 60px !important;padding-bottom: 60px !important;}&#8221;][vc_column_text]\n<h1 style=\"text-align: left;\">Bigger back pocket<\/h1>\n<h4 style=\"text-align: left;\">for your equipment<\/h4>\n<p>The 2015 model is equipped with an enlarged back zip pocket.<\/p>\n<p>There are also two smaller side pockets with zipper for your gloves, snack or other equipment that you want to have on hand during the flight.<\/p>\n<h1><\/h1>\n[\/vc_column_text][\/vc_column][\/vc_row][mk_page_section bg_color=&#8221;#272727&#8243; bg_position=&#8221;center center&#8221; video_loop=&#8221;false&#8221; js_vertical_centered=&#8221;true&#8221; padding_top=&#8221;80&#8243; padding_bottom=&#8221;60&#8243; el_class=&#8221;sc-dark&#8221; sidebar=&#8221;sidebar-1&#8243;][vc_column][vc_row_inner][vc_column_inner][vc_column_text]\n<h1 style=\"text-align: center;\">Excellent for training<\/h1>\n<p style=\"text-align: center;\">Solid seat plate design is valued by pilots not only for comfort and excellent weight shift control in thermals, but also for ground handling training.<br \/>\nSolid seat board enables proper force transmission to the canopy and weight shift control during ground handling training.<\/p>\n<p style=\"text-align: center;\">For such training, separate leg straps including safety T-system strap are, in addition to that, more comfortable than GET-UP system with a link directly to the abdominal strap.<\/p>\n[\/vc_column_text][vc_single_image image=&#8221;14192&#8243; img_size=&#8221;full&#8221; alignment=&#8221;center&#8221; style=&#8221;vc_box_rounded&#8221; css=&#8221;.vc_custom_1480876872462{padding-right: 50px !important;}&#8221;][\/vc_column_inner][\/vc_row_inner][\/vc_column][\/mk_page_section][vc_row css=&#8221;.vc_custom_1480877355981{padding-top: 70px !important;padding-bottom: 40px !important;}&#8221;][vc_column width=&#8221;1\/2&#8243;][vc_column_text disable_pattern=&#8221;false&#8221; align=&#8221;right&#8221;]\n<h1 style=\"text-align: right;\">Back protector<\/h1>\n<h4 style=\"text-align: right;\">for your passive safety<\/h4>\n<p style=\"text-align: right;\">The segmental structure of 17 cm thick foam protector is able to absorb most \u00a0impacts associated with a harder landing.<\/p>\n<p style=\"text-align: right;\">It is a passive safety element, which is a frequent helper in harder impacts and therefore it is good not to underestimate this part of FUERTA, especially for novice pilots.<\/p>\n[\/vc_column_text][\/vc_column][vc_column width=&#8221;1\/2&#8243;][vc_single_image image=&#8221;14185&#8243; img_size=&#8221;full&#8221; style=&#8221;vc_box_rounded&#8221; css=&#8221;.vc_custom_1480877011894{padding-left: 60px !important;}&#8221;][\/vc_column][\/vc_row][vc_row fullwidth=&#8221;true&#8221; fullwidth_content=&#8221;false&#8221; css=&#8221;.vc_custom_1480600686473{padding-top: 20px !important;padding-bottom: 40px !important;background-color: #e7e7e7 !important;}&#8221;][vc_column width=&#8221;1\/2&#8243; css=&#8221;.vc_custom_1480600735153{padding-top: 70px !important;}&#8221;][vc_single_image image=&#8221;14188&#8243; img_size=&#8221;full&#8221; alignment=&#8221;center&#8221; style=&#8221;vc_box_rounded&#8221;][\/vc_column][vc_column width=&#8221;1\/2&#8243; css=&#8221;.vc_custom_1480536234777{padding-top: 60px !important;padding-bottom: 60px !important;}&#8221;][vc_column_text]\n<h1 style=\"text-align: left;\">Container<\/h1>\n<h4 style=\"text-align: left;\">of rescue parachute<\/h4>\n<p>Easily detachable rescue parachute is valued by paragliding instructors, powered paragliding pilots as well as every pilot who wants to train with a paraglider on the ground and does not want to run around with the other two kilos and constantly risk unwanted opening of rescue parachute container.<\/p>\n<p>Therefore, the reserve parachute of FUERTA is located on the abdominal strap in front of the pilot, from which it can be easily unclipped.<br \/>\nThis solution also allows for the easiest use of the reserve parachute in case of need.<br \/>\nAnd this in turn is mainly appreciated by the beginning pilots.<br \/>\nOur reserve parachute container weighs only 140 grams and is a supplied part of FUERTA.[\/vc_column_text][\/vc_column][\/vc_row][vc_row css=&#8221;.vc_custom_1480877407456{padding-top: 70px !important;padding-bottom: 40px !important;}&#8221;][vc_column width=&#8221;1\/2&#8243;][vc_column_text disable_pattern=&#8221;false&#8221; align=&#8221;right&#8221;]\n<h1 style=\"text-align: right;\">Built in variometer<\/h1>\n<h4 style=\"text-align: right;\">for beginners or experienced<\/h4>\n<p style=\"text-align: right;\">Only 26 grams, extremely durable and fully programmable &#8211; SKY BEAN El Speedo series<\/p>\n<p style=\"text-align: right;\">This extraordinary helper for thermal flying has its designated place on the left and right shoulder straps of our harnesses.<\/p>\n<p style=\"text-align: right;\">You can have it for only CZK 1790, stick it to the shoulder strap of your CHOGORI and set off to thermals.<\/p>\n<p style=\"text-align: right;\"><a href=\"https:\/\/elspeedo.cz\/en\/equipment\/instruments\/sky-bean-light-and-reliable-vario-for-paragliding\/\">Find out more about SKY BEAN&#8230;<\/a><\/p>\n[\/vc_column_text][\/vc_column][vc_column width=&#8221;1\/2&#8243;][vc_single_image image=&#8221;14187&#8243; img_size=&#8221;full&#8221; style=&#8221;vc_box_rounded&#8221; css=&#8221;.vc_custom_1480877250056{padding-left: 60px !important;}&#8221;][\/vc_column][\/vc_row][vc_row][vc_column][vc_separator el_width=&#8221;80&#8243; el_class=&#8221;basic-separator&#8221; css=&#8221;.vc_custom_1480877504959{padding-bottom: 40px !important;}&#8221;][vc_single_image image=&#8221;14189&#8243; img_size=&#8221;full&#8221; alignment=&#8221;center&#8221; style=&#8221;vc_box_rounded&#8221;][\/vc_column][\/vc_row][mk_page_section bg_color=&#8221;#272727&#8243; bg_position=&#8221;center center&#8221; video_loop=&#8221;false&#8221; js_vertical_centered=&#8221;true&#8221; padding_top=&#8221;80&#8243; padding_bottom=&#8221;80&#8243; el_class=&#8221;sc-dark&#8221; sidebar=&#8221;sidebar-1&#8243;][vc_column][vc_column_text disable_pattern=&#8221;false&#8221; align=&#8221;center&#8221;]\n<div class=\"clr\" style=\"text-align: center;\"><span style=\"font-size: 24pt;\">Buy for\u00a0<span style=\"font-size: 40pt;\">GRADUATE PRICES<\/span><\/span><\/div>\n[\/vc_column_text][mk_padding_divider size=&#8221;20&#8243;][vc_column_text disable_pattern=&#8221;false&#8221; align=&#8221;center&#8221;]All graduates of our training programs are provided<\/p>\n<h2>10% discount.<\/h2>\n<p>Get more information in El Speedo office via tel. +420 777 311 661[\/vc_column_text][\/vc_column][\/mk_page_section]\n<\/div>","protected":false},"excerpt":{"rendered":"<p>[mk_page_section video_loop=&#8221;false&#8221; min_height=&#8221;0&#8243; js_vertical_centered=&#8221;true&#8221; padding_top=&#8221;20&#8243; padding_bottom=&#8221;50&#8243; top_shape_color=&#8221;#ffffff&#8221; bottom_shape_color=&#8221;#ffffff&#8221; sidebar=&#8221;sidebar-1&#8243;][vc_column][vc_row_inner][vc_column_inner width=&#8221;1\/2&#8243;][vc_single_image image=&#8221;14182&#8243; img_size=&#8221;full&#8221; alignment=&#8221;center&#8221; style=&#8221;vc_box_rounded&#8221; css=&#8221;.vc_custom_1480875375818{padding-right: 0px !important;padding-left: 50px !important;}&#8221;][\/vc_column_inner][vc_column_inner width=&#8221;1\/2&#8243;][mk_padding_divider][vc_column_text align=&#8221;right&#8221;] For pilots looking for sturdy and by practice debugged, comfortable harness for active training and paragliding beginnings. &#8211; lightweight &#8211; only 3.45 kg (size M) &#8211; construction with a solid board &#8211; FLY 3000 [&hellip;]<\/p>\n","protected":false},"author":7,"featured_media":0,"parent":26888,"menu_order":0,"comment_status":"closed","ping_status":"closed","template":"","meta":{"_tribe_blocks_recurrence_rules":"","_tribe_blocks_recurrence_exclusions":"","_tribe_blocks_recurrence_description":"","footnotes":""},"class_list":["post-14537","page","type-page","status-publish","hentry"],"yoast_head":"<!-- This site is optimized with the Yoast SEO plugin v27.0 - https:\/\/yoast.com\/product\/yoast-seo-wordpress\/ -->\n<title>FUERTA - comfortable and intelligently simple &#8212; El Speedo<\/title>\n<meta name=\"description\" content=\"El Speedo je nejv\u011bt\u0161\u00ed paraglidingov\u00e1 komunita a \u0161kola v \u010cR. Tandemov\u00e9 seskoky, kurzy, expedice a paragliding v\u00fdbava\" \/>\n<meta name=\"robots\" content=\"index, follow, max-snippet:-1, max-image-preview:large, max-video-preview:-1\" \/>\n<link rel=\"canonical\" href=\"https:\/\/elspeedo.cz\/vybaveni\/sedacky-2\/fuerta-pohodlna-a-promyslene-jednoducha-2\/\" \/>\n<meta property=\"og:locale\" content=\"en_US\" \/>\n<meta property=\"og:type\" content=\"article\" \/>\n<meta property=\"og:title\" content=\"FUERTA - comfortable and intelligently simple &#8212; El Speedo\" \/>\n<meta property=\"og:description\" content=\"El Speedo je nejv\u011bt\u0161\u00ed paraglidingov\u00e1 komunita a \u0161kola v \u010cR. Tandemov\u00e9 seskoky, kurzy, expedice a paragliding v\u00fdbava\" \/>\n<meta property=\"og:url\" content=\"https:\/\/elspeedo.cz\/vybaveni\/sedacky-2\/fuerta-pohodlna-a-promyslene-jednoducha-2\/\" \/>\n<meta property=\"og:site_name\" content=\"El Speedo\" \/>\n<meta property=\"article:publisher\" content=\"http:\/\/www.facebook.com\/paragliding.elspeedo.cz\/?fref=ts\" \/>\n<meta property=\"article:modified_time\" content=\"2023-02-20T12:24:55+00:00\" \/>\n<meta name=\"twitter:card\" content=\"summary_large_image\" \/>\n<meta name=\"twitter:label1\" content=\"Est. reading time\" \/>\n\t<meta name=\"twitter:data1\" content=\"8 minutes\" \/>\n<script type=\"application\/ld+json\" class=\"yoast-schema-graph\">{\"@context\":\"https:\/\/schema.org\",\"@graph\":[{\"@type\":\"WebPage\",\"@id\":\"https:\/\/elspeedo.cz\/vybaveni\/sedacky-2\/fuerta-pohodlna-a-promyslene-jednoducha-2\/\",\"url\":\"https:\/\/elspeedo.cz\/vybaveni\/sedacky-2\/fuerta-pohodlna-a-promyslene-jednoducha-2\/\",\"name\":\"FUERTA - comfortable and intelligently simple &#8212; El Speedo\",\"isPartOf\":{\"@id\":\"https:\/\/elspeedo.cz\/#website\"},\"datePublished\":\"2016-12-04T18:52:54+00:00\",\"dateModified\":\"2023-02-20T12:24:55+00:00\",\"description\":\"El Speedo je nejv\u011bt\u0161\u00ed paraglidingov\u00e1 komunita a \u0161kola v \u010cR. Tandemov\u00e9 seskoky, kurzy, expedice a paragliding v\u00fdbava\",\"breadcrumb\":{\"@id\":\"https:\/\/elspeedo.cz\/vybaveni\/sedacky-2\/fuerta-pohodlna-a-promyslene-jednoducha-2\/#breadcrumb\"},\"inLanguage\":\"en-US\",\"potentialAction\":[{\"@type\":\"ReadAction\",\"target\":[\"https:\/\/elspeedo.cz\/vybaveni\/sedacky-2\/fuerta-pohodlna-a-promyslene-jednoducha-2\/\"]}]},{\"@type\":\"BreadcrumbList\",\"@id\":\"https:\/\/elspeedo.cz\/vybaveni\/sedacky-2\/fuerta-pohodlna-a-promyslene-jednoducha-2\/#breadcrumb\",\"itemListElement\":[{\"@type\":\"ListItem\",\"position\":1,\"name\":\"Dom\u016f\",\"item\":\"https:\/\/elspeedo.cz\/en\/\"},{\"@type\":\"ListItem\",\"position\":2,\"name\":\"Equipment\",\"item\":\"https:\/\/elspeedo.cz\/en\/equipment-2\/\"},{\"@type\":\"ListItem\",\"position\":3,\"name\":\"Harnesses\",\"item\":\"https:\/\/elspeedo.cz\/en\/equipment-2\/harnesses\/\"},{\"@type\":\"ListItem\",\"position\":4,\"name\":\"FUERTA &#8211; comfortable and intelligently simple\"}]},{\"@type\":\"WebSite\",\"@id\":\"https:\/\/elspeedo.cz\/#website\",\"url\":\"https:\/\/elspeedo.cz\/\",\"name\":\"El Speedo\",\"description\":\"Paragliding - kurzy, vybaven\u00ed, v\u00fdlety, komunita\",\"potentialAction\":[{\"@type\":\"SearchAction\",\"target\":{\"@type\":\"EntryPoint\",\"urlTemplate\":\"https:\/\/elspeedo.cz\/?s={search_term_string}\"},\"query-input\":{\"@type\":\"PropertyValueSpecification\",\"valueRequired\":true,\"valueName\":\"search_term_string\"}}],\"inLanguage\":\"en-US\"}]}<\/script>\n<!-- \/ Yoast SEO plugin. -->","yoast_head_json":{"title":"FUERTA - comfortable and intelligently simple &#8212; El Speedo","description":"El Speedo je nejv\u011bt\u0161\u00ed paraglidingov\u00e1 komunita a \u0161kola v \u010cR. Tandemov\u00e9 seskoky, kurzy, expedice a paragliding v\u00fdbava","robots":{"index":"index","follow":"follow","max-snippet":"max-snippet:-1","max-image-preview":"max-image-preview:large","max-video-preview":"max-video-preview:-1"},"canonical":"https:\/\/elspeedo.cz\/vybaveni\/sedacky-2\/fuerta-pohodlna-a-promyslene-jednoducha-2\/","og_locale":"en_US","og_type":"article","og_title":"FUERTA - comfortable and intelligently simple &#8212; El Speedo","og_description":"El Speedo je nejv\u011bt\u0161\u00ed paraglidingov\u00e1 komunita a \u0161kola v \u010cR. Tandemov\u00e9 seskoky, kurzy, expedice a paragliding v\u00fdbava","og_url":"https:\/\/elspeedo.cz\/vybaveni\/sedacky-2\/fuerta-pohodlna-a-promyslene-jednoducha-2\/","og_site_name":"El Speedo","article_publisher":"http:\/\/www.facebook.com\/paragliding.elspeedo.cz\/?fref=ts","article_modified_time":"2023-02-20T12:24:55+00:00","twitter_card":"summary_large_image","twitter_misc":{"Est. reading time":"8 minutes"},"schema":{"@context":"https:\/\/schema.org","@graph":[{"@type":"WebPage","@id":"https:\/\/elspeedo.cz\/vybaveni\/sedacky-2\/fuerta-pohodlna-a-promyslene-jednoducha-2\/","url":"https:\/\/elspeedo.cz\/vybaveni\/sedacky-2\/fuerta-pohodlna-a-promyslene-jednoducha-2\/","name":"FUERTA - comfortable and intelligently simple &#8212; El Speedo","isPartOf":{"@id":"https:\/\/elspeedo.cz\/#website"},"datePublished":"2016-12-04T18:52:54+00:00","dateModified":"2023-02-20T12:24:55+00:00","description":"El Speedo je nejv\u011bt\u0161\u00ed paraglidingov\u00e1 komunita a \u0161kola v \u010cR. Tandemov\u00e9 seskoky, kurzy, expedice a paragliding v\u00fdbava","breadcrumb":{"@id":"https:\/\/elspeedo.cz\/vybaveni\/sedacky-2\/fuerta-pohodlna-a-promyslene-jednoducha-2\/#breadcrumb"},"inLanguage":"en-US","potentialAction":[{"@type":"ReadAction","target":["https:\/\/elspeedo.cz\/vybaveni\/sedacky-2\/fuerta-pohodlna-a-promyslene-jednoducha-2\/"]}]},{"@type":"BreadcrumbList","@id":"https:\/\/elspeedo.cz\/vybaveni\/sedacky-2\/fuerta-pohodlna-a-promyslene-jednoducha-2\/#breadcrumb","itemListElement":[{"@type":"ListItem","position":1,"name":"Dom\u016f","item":"https:\/\/elspeedo.cz\/en\/"},{"@type":"ListItem","position":2,"name":"Equipment","item":"https:\/\/elspeedo.cz\/en\/equipment-2\/"},{"@type":"ListItem","position":3,"name":"Harnesses","item":"https:\/\/elspeedo.cz\/en\/equipment-2\/harnesses\/"},{"@type":"ListItem","position":4,"name":"FUERTA &#8211; comfortable and intelligently simple"}]},{"@type":"WebSite","@id":"https:\/\/elspeedo.cz\/#website","url":"https:\/\/elspeedo.cz\/","name":"El Speedo","description":"Paragliding - kurzy, vybaven\u00ed, v\u00fdlety, komunita","potentialAction":[{"@type":"SearchAction","target":{"@type":"EntryPoint","urlTemplate":"https:\/\/elspeedo.cz\/?s={search_term_string}"},"query-input":{"@type":"PropertyValueSpecification","valueRequired":true,"valueName":"search_term_string"}}],"inLanguage":"en-US"}]}},"_links":{"self":[{"href":"https:\/\/elspeedo.cz\/en\/wp-json\/wp\/v2\/pages\/14537","targetHints":{"allow":["GET"]}}],"collection":[{"href":"https:\/\/elspeedo.cz\/en\/wp-json\/wp\/v2\/pages"}],"about":[{"href":"https:\/\/elspeedo.cz\/en\/wp-json\/wp\/v2\/types\/page"}],"author":[{"embeddable":true,"href":"https:\/\/elspeedo.cz\/en\/wp-json\/wp\/v2\/users\/7"}],"replies":[{"embeddable":true,"href":"https:\/\/elspeedo.cz\/en\/wp-json\/wp\/v2\/comments?post=14537"}],"version-history":[{"count":1,"href":"https:\/\/elspeedo.cz\/en\/wp-json\/wp\/v2\/pages\/14537\/revisions"}],"predecessor-version":[{"id":203339,"href":"https:\/\/elspeedo.cz\/en\/wp-json\/wp\/v2\/pages\/14537\/revisions\/203339"}],"up":[{"embeddable":true,"href":"https:\/\/elspeedo.cz\/en\/wp-json\/wp\/v2\/pages\/26888"}],"wp:attachment":[{"href":"https:\/\/elspeedo.cz\/en\/wp-json\/wp\/v2\/media?parent=14537"}],"curies":[{"name":"wp","href":"https:\/\/api.w.org\/{rel}","templated":true}]}}