{"id":14547,"date":"2016-12-02T10:47:30","date_gmt":"2016-12-02T09:47:30","guid":{"rendered":"https:\/\/elspeedo.cz\/skydrop\/?lang=en"},"modified":"2020-03-17T10:48:51","modified_gmt":"2020-03-17T09:48:51","slug":"sky-drop-ultrino","status":"publish","type":"page","link":"https:\/\/elspeedo.cz\/en\/equipment-2\/instruments-2\/sky-drop-ultrino\/","title":{"rendered":"SKY DROP Ultrino"},"content":{"rendered":"<div class=\"wpb-content-wrapper\">[mk_page_section video_loop=&#8221;false&#8221; min_height=&#8221;0&#8243; js_vertical_centered=&#8221;true&#8221; padding_top=&#8221;20&#8243; padding_bottom=&#8221;50&#8243; top_shape_color=&#8221;#ffffff&#8221; bottom_shape_color=&#8221;#ffffff&#8221; sidebar=&#8221;sidebar-1&#8243;][vc_column][vc_row_inner][vc_column_inner][vc_single_image image=&#8221;13928&#8243; img_size=&#8221;full&#8221; alignment=&#8221;center&#8221; style=&#8221;vc_box_rounded&#8221; css=&#8221;.vc_custom_1480671307945{padding-right: 0px !important;padding-left: 50px !important;}&#8221;][vc_column_text align=&#8221;right&#8221;]\n<p style=\"text-align: center\">Powerful helper for XC pilots who appreciate accurate measurements, ease of use and ultralight instruments.<\/p>\n<p style=\"text-align: center\">All this and more is SKY DROP Ultrino from the workshop of our graduates Martin Da\u0159\u00ed\u010dek and Fero Hor\u00ednek.<\/p>\n[\/vc_column_text][mk_padding_divider][mk_button_gradient dimension=&#8221;flat&#8221; size=&#8221;large&#8221; corner_style=&#8221;rounded&#8221; grandient_color_from=&#8221;#6087b9&#8243; grandient_color_to=&#8221;#557bab&#8221; grandient_color_fallback=&#8221;#6087b9&#8243; url=&#8221;https:\/\/elspeedo.cz\/en\/order-your-new-instrument-skydrop-ultrino\/&#8221; align=&#8221;center&#8221; el_class=&#8221;btn-el-gradient-blue&#8221;]Price 279 \u20ac &#8211; Order now[\/mk_button_gradient][\/vc_column_inner][\/vc_row_inner][\/vc_column][\/mk_page_section][vc_row][vc_column][vc_separator el_width=&#8221;80&#8243; el_class=&#8221;basic-separator&#8221;][\/vc_column][\/vc_row][vc_row css=&#8221;.vc_custom_1480576986714{padding-top: 40px !important;padding-bottom: 50px !important;}&#8221;][vc_column][vc_column_text disable_pattern=&#8221;false&#8221; align=&#8221;center&#8221;]\n<h1 style=\"text-align: center\">Small and yet so powerful<\/h1>\n[\/vc_column_text][\/vc_column][\/vc_row][vc_row css=&#8221;.vc_custom_1480533484573{padding-bottom: 60px !important;}&#8221;][vc_column][vc_column_text disable_pattern=&#8221;false&#8221; align=&#8221;center&#8221;]\n<p style=\"text-align: center\">Thanks to a multitude of technologies and their downstream useful features, SKY DROP Ultrino will provide you important information and assistance when flying on a variety of tracks and in a variety of situations.<\/p>\n[\/vc_column_text][\/vc_column][\/vc_row][vc_row css=&#8221;.vc_custom_1480533196446{padding-bottom: 30px !important;}&#8221;][vc_column][vc_single_image image=&#8221;13927&#8243; img_size=&#8221;full&#8221; alignment=&#8221;center&#8221; style=&#8221;vc_box_rounded&#8221;][\/vc_column][\/vc_row][vc_row css=&#8221;.vc_custom_1480533484573{padding-bottom: 60px !important;}&#8221;][vc_column][vc_column_text disable_pattern=&#8221;false&#8221; align=&#8221;center&#8221;]\n<h1 style=\"text-align: center\">SKY DROP Ultrino functions<\/h1>\n<p style=\"text-align: center\">&#8211; acoustic signalisation<br \/>\n&#8211; analogue \/ digital \/ average vario<br \/>\n&#8211; 5 altimeters (relative, absolute, standard)<br \/>\n&#8211; automatic beeper switch immediately after launch<br \/>\n&#8211; flight time \/ real time<br \/>\n&#8211; ground speed<br \/>\n&#8211; heading<br \/>\n&#8211; multiple screens with option selection, layout and widgets settings<br \/>\n&#8211; bluetooth connectivity and compatibility with all applications that use open XC protocol (DigiFly, LK8EX1, BlueFly)<br \/>\n&#8211; IGC\/KML track logs (validated by FAI civil)<br \/>\n&#8211; velcro for helmet in package<\/p>\n[\/vc_column_text][\/vc_column][\/vc_row][mk_page_section bg_color=&#8221;#272727&#8243; bg_position=&#8221;center center&#8221; video_loop=&#8221;false&#8221; js_vertical_centered=&#8221;true&#8221; padding_top=&#8221;100&#8243; padding_bottom=&#8221;80&#8243; top_shape_color=&#8221;#ffffff&#8221; bottom_shape_color=&#8221;#ffffff&#8221; el_class=&#8221;sc-dark&#8221; sidebar=&#8221;sidebar-1&#8243;][vc_column width=&#8221;1\/2&#8243;][vc_single_image image=&#8221;13930&#8243; img_size=&#8221;full&#8221; alignment=&#8221;center&#8221; style=&#8221;vc_box_rounded&#8221;][\/vc_column][vc_column width=&#8221;1\/2&#8243;][vc_column_text]\n<h1>Built-in technology:<\/h1>\n[\/vc_column_text][vc_column_text]\n<div>&#8211; backlit LCD Display<br \/>\n&#8211; sensitive pressure sensor<br \/>\n&#8211; GPS receiver<br \/>\n&#8211; Bluetooth<br \/>\n&#8211; SD card slot for route recording<br \/>\n&#8211; digital compass<br \/>\n&#8211; accelerometer<br \/>\n&#8211; gyroscope, thermometer a moisture sensor<\/div>\n<div><\/div>\n<div>It is a joy to fly with such a small yet powerful device. Immediate reaction to flying in thermal or changing flight direction is assured via sensitive sensors and fine-tuned software.<\/div>\n[\/vc_column_text][\/vc_column][\/mk_page_section][vc_row css=&#8221;.vc_custom_1480599593320{padding-top: 80px !important;background-color: #ffffff !important;}&#8221;][vc_column][vc_column_text]\n<h1 style=\"text-align: center\">\u00a0Inteligent solution<\/h1>\n<h4 style=\"text-align: center\">for your adventure<\/h4>\n<p style=\"text-align: center\">330 grams is the weight of two cell solar panel that lets you easily recharge SKY DROP Ultrino anytime during the flight and beyond.<br \/>\nThe same solar panel can also be a source of energy for your phone or other device recharged via USB.<\/p>\n[\/vc_column_text][vc_single_image image=&#8221;13931&#8243; img_size=&#8221;full&#8221; alignment=&#8221;center&#8221; style=&#8221;vc_box_rounded&#8221;][vc_column_text]\n<h4 style=\"text-align: center\">Battery life of SKY DROP Ultrino:<\/h4>\n<p style=\"text-align: center\">&#8211; solo audio mode &#8211; 13 h<br \/>\n&#8211; audio + altitude record without GPS &#8211; 12 h<br \/>\n&#8211; audio + Bluetooth &#8211; 10 h<br \/>\n&#8211; audio + GPS logger &#8211; 9 h<br \/>\n&#8211; Audio + Bluetooth + GPS logger &#8211; 7.5 h<\/p>\n[\/vc_column_text][\/vc_column][\/vc_row][vc_row css=&#8221;.vc_custom_1480600602706{padding-bottom: 70px !important;}&#8221;][vc_column][vc_separator el_width=&#8221;80&#8243; el_class=&#8221;basic-separator&#8221; css=&#8221;.vc_custom_1480672026110{padding-top: 70px !important;}&#8221;][\/vc_column][\/vc_row][vc_row css=&#8221;.vc_custom_1480600700944{padding-bottom: 40px !important;}&#8221;][vc_column width=&#8221;1\/2&#8243;][vc_column_text disable_pattern=&#8221;false&#8221; align=&#8221;right&#8221;]\n<h1 style=\"text-align: right\">Ultralight<\/h1>\n<h4 style=\"text-align: right\">vario with\u00a0GPS<\/h4>\n[\/vc_column_text][vc_column_text disable_pattern=&#8221;false&#8221; align=&#8221;right&#8221;]\n<p style=\"text-align: right\">Not only for Hike &amp; Fly adventures&#8230;<\/p>\n<p style=\"text-align: right\"><strong>Dimensions:<\/strong> 62 x 98 x 22 mm<\/p>\n<p style=\"text-align: right\"><strong>Weight:<\/strong>\u00a068 g (extremely light &#8211; ideal for Hike &amp; Fly)<\/p>\n<p style=\"text-align: right\"><strong>Battery Type:<\/strong> Li-ion single cell (rechargeable via USB)<\/p>\n[\/vc_column_text][\/vc_column][vc_column width=&#8221;1\/2&#8243;][vc_single_image image=&#8221;13929&#8243; img_size=&#8221;full&#8221; style=&#8221;vc_box_rounded&#8221; css=&#8221;.vc_custom_1480671642847{padding-left: 60px !important;}&#8221;][\/vc_column][\/vc_row][vc_row fullwidth=&#8221;true&#8221; fullwidth_content=&#8221;false&#8221; css=&#8221;.vc_custom_1480600686473{padding-top: 20px !important;padding-bottom: 40px !important;background-color: #e7e7e7 !important;}&#8221;][vc_column width=&#8221;1\/2&#8243; css=&#8221;.vc_custom_1480600735153{padding-top: 70px !important;}&#8221;][vc_single_image image=&#8221;13926&#8243; img_size=&#8221;full&#8221; alignment=&#8221;center&#8221; style=&#8221;vc_box_rounded&#8221;][\/vc_column][vc_column width=&#8221;1\/2&#8243; css=&#8221;.vc_custom_1480536234777{padding-top: 60px !important;padding-bottom: 60px !important;}&#8221;][vc_column_text]\n<h1>Great helper<\/h1>\n<h4>for high performance tandem pilots<\/h4>\n<p style=\"text-align: left\">By placing DROP SKY on the shoulder of your passenger, you get superb GPS Helper on your XC flights.<\/p>\n<p>Simple operation, continuous overview of speed, glide ratio and direction of flight &#8211; this is important information affecting your tactical decisions.[\/vc_column_text][\/vc_column][\/vc_row][mk_page_section bg_color=&#8221;#272727&#8243; bg_position=&#8221;center center&#8221; video_loop=&#8221;false&#8221; js_vertical_centered=&#8221;true&#8221; padding_top=&#8221;80&#8243; padding_bottom=&#8221;80&#8243; el_class=&#8221;sc-dark&#8221; sidebar=&#8221;sidebar-1&#8243;][vc_column][vc_column_text disable_pattern=&#8221;false&#8221; align=&#8221;center&#8221;]\n<div class=\"clr\" style=\"text-align: center\"><span style=\"font-size: 24pt\">Buy for\u00a0<span style=\"font-size: 40pt\">GRADUATE PRICES<\/span><\/span><\/div>\n[\/vc_column_text][mk_padding_divider size=&#8221;20&#8243;][vc_column_text disable_pattern=&#8221;false&#8221; align=&#8221;center&#8221;]All graduates of our training programs are provided<\/p>\n<h2>10% discount.<\/h2>\n<p>Get more information in El Speedo office via tel. +420 777 311 661[\/vc_column_text][\/vc_column][\/mk_page_section]\n<\/div>","protected":false},"excerpt":{"rendered":"<p>[mk_page_section video_loop=&#8221;false&#8221; min_height=&#8221;0&#8243; js_vertical_centered=&#8221;true&#8221; padding_top=&#8221;20&#8243; padding_bottom=&#8221;50&#8243; top_shape_color=&#8221;#ffffff&#8221; bottom_shape_color=&#8221;#ffffff&#8221; sidebar=&#8221;sidebar-1&#8243;][vc_column][vc_row_inner][vc_column_inner][vc_single_image image=&#8221;13928&#8243; img_size=&#8221;full&#8221; alignment=&#8221;center&#8221; style=&#8221;vc_box_rounded&#8221; css=&#8221;.vc_custom_1480671307945{padding-right: 0px !important;padding-left: 50px !important;}&#8221;][vc_column_text align=&#8221;right&#8221;] Powerful helper for XC pilots who appreciate accurate measurements, ease of use and ultralight instruments. All this and more is SKY DROP Ultrino from the workshop of our graduates Martin Da\u0159\u00ed\u010dek and Fero Hor\u00ednek. [\/vc_column_text][mk_padding_divider][mk_button_gradient dimension=&#8221;flat&#8221; [&hellip;]<\/p>\n","protected":false},"author":7,"featured_media":0,"parent":27481,"menu_order":0,"comment_status":"closed","ping_status":"closed","template":"","meta":{"_tribe_blocks_recurrence_rules":"","_tribe_blocks_recurrence_exclusions":"","_tribe_blocks_recurrence_description":"","footnotes":""},"class_list":["post-14547","page","type-page","status-publish","hentry"],"yoast_head":"<!-- This site is optimized with the Yoast SEO plugin v27.0 - https:\/\/yoast.com\/product\/yoast-seo-wordpress\/ -->\n<title>SKY DROP Ultrino &#8212; El Speedo<\/title>\n<meta name=\"description\" content=\"El Speedo je nejv\u011bt\u0161\u00ed paraglidingov\u00e1 komunita a \u0161kola v \u010cR. Tandemov\u00e9 seskoky, kurzy, expedice a paragliding v\u00fdbava\" \/>\n<meta name=\"robots\" content=\"index, follow, max-snippet:-1, max-image-preview:large, max-video-preview:-1\" \/>\n<link rel=\"canonical\" href=\"https:\/\/elspeedo.cz\/vybaveni\/pristroje\/skydrop\/\" \/>\n<meta property=\"og:locale\" content=\"en_US\" \/>\n<meta property=\"og:type\" content=\"article\" \/>\n<meta property=\"og:title\" content=\"SKY DROP Ultrino &#8212; El Speedo\" \/>\n<meta property=\"og:description\" content=\"El Speedo je nejv\u011bt\u0161\u00ed paraglidingov\u00e1 komunita a \u0161kola v \u010cR. Tandemov\u00e9 seskoky, kurzy, expedice a paragliding v\u00fdbava\" \/>\n<meta property=\"og:url\" content=\"https:\/\/elspeedo.cz\/vybaveni\/pristroje\/skydrop\/\" \/>\n<meta property=\"og:site_name\" content=\"El Speedo\" \/>\n<meta property=\"article:publisher\" content=\"http:\/\/www.facebook.com\/paragliding.elspeedo.cz\/?fref=ts\" \/>\n<meta property=\"article:modified_time\" content=\"2020-03-17T09:48:51+00:00\" \/>\n<meta name=\"twitter:card\" content=\"summary_large_image\" \/>\n<meta name=\"twitter:label1\" content=\"Est. reading time\" \/>\n\t<meta name=\"twitter:data1\" content=\"5 minutes\" \/>\n<script type=\"application\/ld+json\" class=\"yoast-schema-graph\">{\"@context\":\"https:\/\/schema.org\",\"@graph\":[{\"@type\":\"WebPage\",\"@id\":\"https:\/\/elspeedo.cz\/vybaveni\/pristroje\/skydrop\/\",\"url\":\"https:\/\/elspeedo.cz\/vybaveni\/pristroje\/skydrop\/\",\"name\":\"SKY DROP Ultrino &#8212; El Speedo\",\"isPartOf\":{\"@id\":\"https:\/\/elspeedo.cz\/#website\"},\"datePublished\":\"2016-12-02T09:47:30+00:00\",\"dateModified\":\"2020-03-17T09:48:51+00:00\",\"description\":\"El Speedo je nejv\u011bt\u0161\u00ed paraglidingov\u00e1 komunita a \u0161kola v \u010cR. Tandemov\u00e9 seskoky, kurzy, expedice a paragliding v\u00fdbava\",\"breadcrumb\":{\"@id\":\"https:\/\/elspeedo.cz\/vybaveni\/pristroje\/skydrop\/#breadcrumb\"},\"inLanguage\":\"en-US\",\"potentialAction\":[{\"@type\":\"ReadAction\",\"target\":[\"https:\/\/elspeedo.cz\/vybaveni\/pristroje\/skydrop\/\"]}]},{\"@type\":\"BreadcrumbList\",\"@id\":\"https:\/\/elspeedo.cz\/vybaveni\/pristroje\/skydrop\/#breadcrumb\",\"itemListElement\":[{\"@type\":\"ListItem\",\"position\":1,\"name\":\"Dom\u016f\",\"item\":\"https:\/\/elspeedo.cz\/en\/\"},{\"@type\":\"ListItem\",\"position\":2,\"name\":\"Equipment\",\"item\":\"https:\/\/elspeedo.cz\/en\/equipment-2\/\"},{\"@type\":\"ListItem\",\"position\":3,\"name\":\"Instruments\",\"item\":\"https:\/\/elspeedo.cz\/vybaveni\/pristroje\/\"},{\"@type\":\"ListItem\",\"position\":4,\"name\":\"SKY DROP Ultrino\"}]},{\"@type\":\"WebSite\",\"@id\":\"https:\/\/elspeedo.cz\/#website\",\"url\":\"https:\/\/elspeedo.cz\/\",\"name\":\"El Speedo\",\"description\":\"Paragliding - kurzy, vybaven\u00ed, v\u00fdlety, komunita\",\"potentialAction\":[{\"@type\":\"SearchAction\",\"target\":{\"@type\":\"EntryPoint\",\"urlTemplate\":\"https:\/\/elspeedo.cz\/?s={search_term_string}\"},\"query-input\":{\"@type\":\"PropertyValueSpecification\",\"valueRequired\":true,\"valueName\":\"search_term_string\"}}],\"inLanguage\":\"en-US\"}]}<\/script>\n<!-- \/ Yoast SEO plugin. -->","yoast_head_json":{"title":"SKY DROP Ultrino &#8212; El Speedo","description":"El Speedo je nejv\u011bt\u0161\u00ed paraglidingov\u00e1 komunita a \u0161kola v \u010cR. Tandemov\u00e9 seskoky, kurzy, expedice a paragliding v\u00fdbava","robots":{"index":"index","follow":"follow","max-snippet":"max-snippet:-1","max-image-preview":"max-image-preview:large","max-video-preview":"max-video-preview:-1"},"canonical":"https:\/\/elspeedo.cz\/vybaveni\/pristroje\/skydrop\/","og_locale":"en_US","og_type":"article","og_title":"SKY DROP Ultrino &#8212; El Speedo","og_description":"El Speedo je nejv\u011bt\u0161\u00ed paraglidingov\u00e1 komunita a \u0161kola v \u010cR. Tandemov\u00e9 seskoky, kurzy, expedice a paragliding v\u00fdbava","og_url":"https:\/\/elspeedo.cz\/vybaveni\/pristroje\/skydrop\/","og_site_name":"El Speedo","article_publisher":"http:\/\/www.facebook.com\/paragliding.elspeedo.cz\/?fref=ts","article_modified_time":"2020-03-17T09:48:51+00:00","twitter_card":"summary_large_image","twitter_misc":{"Est. reading time":"5 minutes"},"schema":{"@context":"https:\/\/schema.org","@graph":[{"@type":"WebPage","@id":"https:\/\/elspeedo.cz\/vybaveni\/pristroje\/skydrop\/","url":"https:\/\/elspeedo.cz\/vybaveni\/pristroje\/skydrop\/","name":"SKY DROP Ultrino &#8212; El Speedo","isPartOf":{"@id":"https:\/\/elspeedo.cz\/#website"},"datePublished":"2016-12-02T09:47:30+00:00","dateModified":"2020-03-17T09:48:51+00:00","description":"El Speedo je nejv\u011bt\u0161\u00ed paraglidingov\u00e1 komunita a \u0161kola v \u010cR. Tandemov\u00e9 seskoky, kurzy, expedice a paragliding v\u00fdbava","breadcrumb":{"@id":"https:\/\/elspeedo.cz\/vybaveni\/pristroje\/skydrop\/#breadcrumb"},"inLanguage":"en-US","potentialAction":[{"@type":"ReadAction","target":["https:\/\/elspeedo.cz\/vybaveni\/pristroje\/skydrop\/"]}]},{"@type":"BreadcrumbList","@id":"https:\/\/elspeedo.cz\/vybaveni\/pristroje\/skydrop\/#breadcrumb","itemListElement":[{"@type":"ListItem","position":1,"name":"Dom\u016f","item":"https:\/\/elspeedo.cz\/en\/"},{"@type":"ListItem","position":2,"name":"Equipment","item":"https:\/\/elspeedo.cz\/en\/equipment-2\/"},{"@type":"ListItem","position":3,"name":"Instruments","item":"https:\/\/elspeedo.cz\/vybaveni\/pristroje\/"},{"@type":"ListItem","position":4,"name":"SKY DROP Ultrino"}]},{"@type":"WebSite","@id":"https:\/\/elspeedo.cz\/#website","url":"https:\/\/elspeedo.cz\/","name":"El Speedo","description":"Paragliding - kurzy, vybaven\u00ed, v\u00fdlety, komunita","potentialAction":[{"@type":"SearchAction","target":{"@type":"EntryPoint","urlTemplate":"https:\/\/elspeedo.cz\/?s={search_term_string}"},"query-input":{"@type":"PropertyValueSpecification","valueRequired":true,"valueName":"search_term_string"}}],"inLanguage":"en-US"}]}},"_links":{"self":[{"href":"https:\/\/elspeedo.cz\/en\/wp-json\/wp\/v2\/pages\/14547","targetHints":{"allow":["GET"]}}],"collection":[{"href":"https:\/\/elspeedo.cz\/en\/wp-json\/wp\/v2\/pages"}],"about":[{"href":"https:\/\/elspeedo.cz\/en\/wp-json\/wp\/v2\/types\/page"}],"author":[{"embeddable":true,"href":"https:\/\/elspeedo.cz\/en\/wp-json\/wp\/v2\/users\/7"}],"replies":[{"embeddable":true,"href":"https:\/\/elspeedo.cz\/en\/wp-json\/wp\/v2\/comments?post=14547"}],"version-history":[{"count":0,"href":"https:\/\/elspeedo.cz\/en\/wp-json\/wp\/v2\/pages\/14547\/revisions"}],"up":[{"embeddable":true,"href":"https:\/\/elspeedo.cz\/en\/wp-json\/wp\/v2\/pages\/27481"}],"wp:attachment":[{"href":"https:\/\/elspeedo.cz\/en\/wp-json\/wp\/v2\/media?parent=14547"}],"curies":[{"name":"wp","href":"https:\/\/api.w.org\/{rel}","templated":true}]}}