{"id":14559,"date":"2016-12-06T12:28:05","date_gmt":"2016-12-06T11:28:05","guid":{"rendered":"https:\/\/elspeedo.cz\/termicky_let\/?lang=en"},"modified":"2017-02-06T11:58:17","modified_gmt":"2017-02-06T10:58:17","slug":"the-thermal-flight","status":"publish","type":"page","link":"https:\/\/elspeedo.cz\/en\/tandem-flying\/the-thermal-flight\/","title":{"rendered":"The Thermal Flight"},"content":{"rendered":"<div class=\"wpb-content-wrapper\">[mk_page_section layout_structure=&#8221;half_right&#8221; bg_image=&#8221;https:\/\/elspeedo.cz\/wp-content\/uploads\/2016\/12\/tandem_paragliding_3-1-1.jpg&#8221; bg_color=&#8221;#f4f4f4&#8243; video_loop=&#8221;false&#8221; padding_top=&#8221;100&#8243; padding_bottom=&#8221;100&#8243;][vc_column][vc_column_text align=&#8221;center&#8221;]\n<h2><strong>Thermalling high above the mountains<\/strong><\/h2>\n<div>\n<p>This sight is just always the best. To fly, to move high above the ground is an extraordinary experience. You feel respect and enourmous desire.<\/p>\n<p>It is the feeling which is deep in our mind \u2013 so frequently put in poetry, in thinkers&#8217; and philosophers&#8217; minds. Let&#8217;s try it as well \u2013 higher and longer\u2026<\/p>\n<\/div>\n[\/vc_column_text][mk_padding_divider][\/vc_column][\/mk_page_section][mk_page_section video_loop=&#8221;false&#8221; padding_top=&#8221;100&#8243; padding_bottom=&#8221;100&#8243; sidebar=&#8221;sidebar-1&#8243;][vc_column][vc_column_text align=&#8221;center&#8221;]\n<h1 style=\"text-align: center;\"><strong>Fly with us abroad for the czech prices!<\/strong><\/h1>\n[\/vc_column_text][\/vc_column][vc_column width=&#8221;1\/2&#8243;][vc_single_image image=&#8221;14459&#8243; img_size=&#8221;full&#8221; alignment=&#8221;center&#8221; style=&#8221;vc_box_rounded&#8221; css=&#8221;.vc_custom_1482416205273{padding-top: 40px !important;padding-bottom: 20px !important;}&#8221;][\/vc_column][vc_column width=&#8221;1\/2&#8243;][mk_padding_divider][vc_column_text align=&#8221;center&#8221;]\n<p style=\"text-align: center;\">Well, it is necessary to admit that the Alps are just higher, more spacious, more spiked and aesthetically more interesting.<\/p>\n<p style=\"text-align: center;\">But you can fly with us in the Alps as well. We are in the Alps on some course practically every week during the spring, summer and autumn time. And we never forget to put our tandem gliders to the car.<\/p>\n[\/vc_column_text][vc_column_text align=&#8221;center&#8221;]\n<p style=\"text-align: center;\">Call our office and learn more about where we are heading. You can get our scheldule where specifically in Alps you may find us.<\/p>\n[\/vc_column_text][\/vc_column][\/mk_page_section][mk_page_section video_loop=&#8221;false&#8221; padding_top=&#8221;100&#8243; padding_bottom=&#8221;100&#8243; sidebar=&#8221;sidebar-1&#8243;][vc_column][vc_column_text align=&#8221;center&#8221;]\n<h2><strong>We will prepare you for safe start<\/strong><\/h2>\n<div>\n<p>We will put you firmly into the harness and explain to you how to help us with taking off. We will prepare our glider and the rest of the gear. Also we will tell you how to use the sport full HD camera and what are the best way to shoot the whole flight. Then later, we will check you once more, attach you to us and the glider and then we will just wait for the right breeze.<\/p>\n<p>Short run, last feeling of the ground and we fly! Nothing that complicated.<\/p>\n<\/div>\n[\/vc_column_text][mk_padding_divider][vc_row_inner][vc_column_inner width=&#8221;1\/12&#8243;][\/vc_column_inner][vc_column_inner width=&#8221;1\/6&#8243;][vc_single_image image=&#8221;14445&#8243; img_size=&#8221;full&#8221; alignment=&#8221;center&#8221; style=&#8221;vc_box_rounded&#8221;][\/vc_column_inner][vc_column_inner width=&#8221;1\/6&#8243;][vc_single_image image=&#8221;14444&#8243; img_size=&#8221;full&#8221; alignment=&#8221;center&#8221; style=&#8221;vc_box_rounded&#8221;][\/vc_column_inner][vc_column_inner width=&#8221;1\/6&#8243;][vc_single_image image=&#8221;14443&#8243; img_size=&#8221;full&#8221; alignment=&#8221;center&#8221; style=&#8221;vc_box_rounded&#8221;][\/vc_column_inner][vc_column_inner width=&#8221;1\/6&#8243;][vc_single_image image=&#8221;14442&#8243; img_size=&#8221;full&#8221; alignment=&#8221;center&#8221; style=&#8221;vc_box_rounded&#8221;][\/vc_column_inner][vc_column_inner width=&#8221;1\/6&#8243;][vc_single_image image=&#8221;14441&#8243; img_size=&#8221;full&#8221; alignment=&#8221;center&#8221; style=&#8221;vc_box_rounded&#8221;][\/vc_column_inner][vc_column_inner width=&#8221;1\/12&#8243;][\/vc_column_inner][\/vc_row_inner][mk_padding_divider][vc_column_text align=&#8221;center&#8221;]\n<h2 style=\"text-align: center;\"><strong>Landing? Easier than you would thought\u2026<\/strong><\/h2>\n<p style=\"text-align: center;\">There is always an official landing place underneath every take off. In the end of the flight, we will approach the landing secotr and focus on the last phase of the landing \u2013 touching the ground again. In order to be sure that you will not hurt your ankles during the landing, we will ask you to stretch your legs and put them up to utilise the protector which is under your seat. The glider will fall behind us shortly and you can enjoy the old-new feeling of solid earth underneath your feet.<\/p>\n[\/vc_column_text][\/vc_column][\/mk_page_section][mk_page_section bg_image=&#8221;https:\/\/elspeedo.cz\/wp-content\/uploads\/2016\/12\/termicky-let-2.jpg&#8221; bg_position=&#8221;center top&#8221; bg_repeat=&#8221;no-repeat&#8221; bg_stretch=&#8221;true&#8221; video_loop=&#8221;false&#8221; min_height=&#8221;450&#8243; sidebar=&#8221;sidebar-1&#8243;][vc_column][\/vc_column][\/mk_page_section][mk_page_section video_loop=&#8221;false&#8221; padding_top=&#8221;100&#8243; padding_bottom=&#8221;0&#8243; sidebar=&#8221;sidebar-1&#8243;][vc_column width=&#8221;1\/2&#8243;][vc_single_image image=&#8221;14439&#8243; img_size=&#8221;full&#8221; alignment=&#8221;center&#8221; style=&#8221;vc_box_rounded&#8221;][\/vc_column][vc_column width=&#8221;1\/2&#8243;][mk_padding_divider size=&#8221;80&#8243;][vc_column_text]\n<h4><strong>The tin can\u2026<\/strong><\/h4>\n<h2><strong>full of joy and adrenaline<\/strong><\/h2>\n<div>\n<p>Instant adrenalin in a tin cover \u2013 that is a funny possibility to surprise your friends and relatives. The gift package of the thermal flight contains closed tin can with a T-shirt in it and the gift voucher and further instruction.<\/p>\n<p>We will be happy to help you with choosing the right type of flight for you. Both personally in El Speedo office or by phone.<\/p>\n<\/div>\n[\/vc_column_text][mk_padding_divider][\/vc_column][\/mk_page_section][mk_page_section video_loop=&#8221;false&#8221; padding_top=&#8221;20&#8243; padding_bottom=&#8221;60&#8243; sidebar=&#8221;sidebar-1&#8243;][vc_column][vc_column_text]\n<h2><strong>Detail info<\/strong><\/h2>\n<p><strong>Duration of flight:<\/strong><\/p>\n<p>It depends mainly on the current weather conditions but basically 20 minutes or longer. The duration and altitude of flight depend on the difference of temperatures in various altitudes and on sun activity. That is why we invite you to do this type of flight from late March to the end of August \u2013 this period is the best for thermalling when 20 minutes is no problem and we usually reach altitude over 2000 metres.<br \/>\nWhen it comes to time demandness of the whole trip for this flight, be advised that it takes usually from 60 to 90 inutes.<\/p>\n<p><strong>Suitable flight conditions<\/strong><\/p>\n<p>We carry out the thermal flights with the mild and mid strong wind up to 8 metres per second which of course depends mainly on specific starting site. Depending on your schedule and current weather conditions we choose those flying terrains that are appropriate to the current wind directions.<\/p>\n<p><strong>We usually go to these sites for thermal flights in Beskydy:<\/strong><\/p>\n<p>&#8211; Javorov\u00fd,<\/p>\n<p>&#8211; Pra\u0161iv\u00e1,<\/p>\n<p>&#8211; Ond\u0159ejn\u00edk-Skalka,<\/p>\n<p>&#8211; Javorn\u00edk,<\/p>\n<p>&#8211; Lys\u00e1 hora.<\/p>\n<p><strong>For flying in Jeseniky, we use these sites:<\/strong><\/p>\n<p>&#8211; Doln\u00ed Morava<\/p>\n<p>&#8211; Kamenec<\/p>\n<p>Unfortunately, we do not go a lot for flying to Jeseniky due to lack of good flying days. We need to be ready for moving this kind of flight to Beskydy. We will keep you informed if the conditions would be about to set us back in Jeseniky.<\/p>\n<p><strong>For thermal flights in Krkono\u0161e, we go to: <\/strong><\/p>\n<p>&#8211; \u010cern\u00e1 hora,<\/p>\n<p>&#8211; Koz\u00e1kov,<\/p>\n<p>&#8211; Medv\u011bd\u00edn.<\/p>\n<p><strong>For thermal flights abroad, the most common for us are following:<\/strong><\/p>\n<p>&#8211; Krippenstein (Halstatt lake, Austria),<\/p>\n<p>&#8211; Bassano del Grappa (Veneto, Italy),<\/p>\n<p>&#8211; Lijak (Nova Gorica, Slovenia),<\/p>\n<p>&#8211; Kobala, Stol (Tolmin, Slovenia),<\/p>\n<p>&#8211; or any other site in the Alps.<\/p>\n<p><strong>Demands for the passenger<\/strong><\/p>\n<p>&#8211; the passenger is suitable for both children and adults; all that matters is you weight which should be from 5 to 115 kg<br \/>\n&#8211; for the flight itself, we recommend you to wear high trekking shoe with fix ankle, long trousers and windproof jacket. It is nice to have sunglasses when the sun is shining happily.<\/p>\n<p><strong>The flight:<\/strong><\/p>\n<p>Before the flight itself, there is a short preparation including the instructions for landing. We will adjust the harness to your size and try a little bit of running with the harness. If interested, the tandem pilot will explain you principles of paragliding. Then you will be seated and got a helmet.<br \/>\nAfter a short running down the hill, you will be flying. You will be seated in front of the pilot, literally in the first row. The flight itself takes roughly from 6 to 12 minutes which depends mainly on current flying condition.<br \/>\nYou may shoot your own pictures if you take your camera for flying. However we recommend this option for the thermal flight. It is so much better just to enjoy the view. We offer you to take the pictures or make a video ourselves.<\/p>\n<p><strong>Audience<\/strong><\/p>\n<p>Of course, you may invite your closest to watch you flying directly on start or they may watch the landing.<\/p>\n<p><strong>The number of passengers:<\/strong><\/p>\n<p>The tandem glider is just for two persons, ie one pilot and one passenger. However, if interested, let us know in advance that you would like to start within a group and we will gather our crew to fly with you all!<\/p>\n<p><strong>How to do it?<\/strong><\/p>\n<p>Order your flight by our online form or by phone (+ 420 777 311 661) or personally in our office. You will be told the specific date, place and hour of your flight by your tandem pilot who will contact you in advance. Do not forget to take your voucher with you.[\/vc_column_text][\/vc_column][\/mk_page_section][mk_page_section bg_color=&#8221;#f4f4f4&#8243; bg_stretch=&#8221;true&#8221; video_loop=&#8221;false&#8221; padding_top=&#8221;100&#8243; padding_bottom=&#8221;100&#8243; el_class=&#8221;section-gray&#8221; sidebar=&#8221;sidebar-1&#8243;][vc_column width=&#8221;1\/2&#8243;][vc_column_text]\n<h2>Fly with us to the sky!<\/h2>\n[\/vc_column_text][\/vc_column][vc_column width=&#8221;1\/2&#8243;][\/vc_column][\/mk_page_section]\n<\/div>","protected":false},"excerpt":{"rendered":"<p>[mk_page_section layout_structure=&#8221;half_right&#8221; bg_image=&#8221;https:\/\/elspeedo.cz\/wp-content\/uploads\/2016\/12\/tandem_paragliding_3-1-1.jpg&#8221; bg_color=&#8221;#f4f4f4&#8243; video_loop=&#8221;false&#8221; padding_top=&#8221;100&#8243; padding_bottom=&#8221;100&#8243;][vc_column][vc_column_text align=&#8221;center&#8221;] Thermalling high above the mountains This sight is just always the best. To fly, to move high above the ground is an extraordinary experience. You feel respect and enourmous desire. It is the feeling which is deep in our mind \u2013 so frequently put in poetry, in [&hellip;]<\/p>\n","protected":false},"author":7,"featured_media":0,"parent":15498,"menu_order":1,"comment_status":"closed","ping_status":"closed","template":"","meta":{"_tribe_blocks_recurrence_rules":"","_tribe_blocks_recurrence_exclusions":"","_tribe_blocks_recurrence_description":"","footnotes":""},"class_list":["post-14559","page","type-page","status-publish","hentry"],"yoast_head":"<!-- This site is optimized with the Yoast SEO plugin v27.0 - https:\/\/yoast.com\/product\/yoast-seo-wordpress\/ -->\n<title>The Thermal Flight &#8212; El Speedo<\/title>\n<meta name=\"description\" content=\"El Speedo je nejv\u011bt\u0161\u00ed paraglidingov\u00e1 komunita a \u0161kola v \u010cR. Tandemov\u00e9 seskoky, kurzy, expedice a paragliding v\u00fdbava\" \/>\n<meta name=\"robots\" content=\"index, follow, max-snippet:-1, max-image-preview:large, max-video-preview:-1\" \/>\n<link rel=\"canonical\" href=\"https:\/\/elspeedo.cz\/tandemy\/termicky-let\/\" \/>\n<meta property=\"og:locale\" content=\"en_US\" \/>\n<meta property=\"og:type\" content=\"article\" \/>\n<meta property=\"og:title\" content=\"The Thermal Flight &#8212; El Speedo\" \/>\n<meta property=\"og:description\" content=\"El Speedo je nejv\u011bt\u0161\u00ed paraglidingov\u00e1 komunita a \u0161kola v \u010cR. Tandemov\u00e9 seskoky, kurzy, expedice a paragliding v\u00fdbava\" \/>\n<meta property=\"og:url\" content=\"https:\/\/elspeedo.cz\/tandemy\/termicky-let\/\" \/>\n<meta property=\"og:site_name\" content=\"El Speedo\" \/>\n<meta property=\"article:publisher\" content=\"http:\/\/www.facebook.com\/paragliding.elspeedo.cz\/?fref=ts\" \/>\n<meta property=\"article:modified_time\" content=\"2017-02-06T10:58:17+00:00\" \/>\n<meta name=\"twitter:card\" content=\"summary_large_image\" \/>\n<meta name=\"twitter:label1\" content=\"Est. reading time\" \/>\n\t<meta name=\"twitter:data1\" content=\"7 minutes\" \/>\n<script type=\"application\/ld+json\" class=\"yoast-schema-graph\">{\"@context\":\"https:\/\/schema.org\",\"@graph\":[{\"@type\":\"WebPage\",\"@id\":\"https:\/\/elspeedo.cz\/tandemy\/termicky-let\/\",\"url\":\"https:\/\/elspeedo.cz\/tandemy\/termicky-let\/\",\"name\":\"The Thermal Flight &#8212; El Speedo\",\"isPartOf\":{\"@id\":\"https:\/\/elspeedo.cz\/#website\"},\"datePublished\":\"2016-12-06T11:28:05+00:00\",\"dateModified\":\"2017-02-06T10:58:17+00:00\",\"description\":\"El Speedo je nejv\u011bt\u0161\u00ed paraglidingov\u00e1 komunita a \u0161kola v \u010cR. Tandemov\u00e9 seskoky, kurzy, expedice a paragliding v\u00fdbava\",\"breadcrumb\":{\"@id\":\"https:\/\/elspeedo.cz\/tandemy\/termicky-let\/#breadcrumb\"},\"inLanguage\":\"en-US\",\"potentialAction\":[{\"@type\":\"ReadAction\",\"target\":[\"https:\/\/elspeedo.cz\/tandemy\/termicky-let\/\"]}]},{\"@type\":\"BreadcrumbList\",\"@id\":\"https:\/\/elspeedo.cz\/tandemy\/termicky-let\/#breadcrumb\",\"itemListElement\":[{\"@type\":\"ListItem\",\"position\":1,\"name\":\"Dom\u016f\",\"item\":\"https:\/\/elspeedo.cz\/en\/\"},{\"@type\":\"ListItem\",\"position\":2,\"name\":\"Tandem flying\",\"item\":\"https:\/\/elspeedo.cz\/en\/tandem-flying\/\"},{\"@type\":\"ListItem\",\"position\":3,\"name\":\"The Thermal Flight\"}]},{\"@type\":\"WebSite\",\"@id\":\"https:\/\/elspeedo.cz\/#website\",\"url\":\"https:\/\/elspeedo.cz\/\",\"name\":\"El Speedo\",\"description\":\"Paragliding - kurzy, vybaven\u00ed, v\u00fdlety, komunita\",\"potentialAction\":[{\"@type\":\"SearchAction\",\"target\":{\"@type\":\"EntryPoint\",\"urlTemplate\":\"https:\/\/elspeedo.cz\/?s={search_term_string}\"},\"query-input\":{\"@type\":\"PropertyValueSpecification\",\"valueRequired\":true,\"valueName\":\"search_term_string\"}}],\"inLanguage\":\"en-US\"}]}<\/script>\n<!-- \/ Yoast SEO plugin. -->","yoast_head_json":{"title":"The Thermal Flight &#8212; El Speedo","description":"El Speedo je nejv\u011bt\u0161\u00ed paraglidingov\u00e1 komunita a \u0161kola v \u010cR. Tandemov\u00e9 seskoky, kurzy, expedice a paragliding v\u00fdbava","robots":{"index":"index","follow":"follow","max-snippet":"max-snippet:-1","max-image-preview":"max-image-preview:large","max-video-preview":"max-video-preview:-1"},"canonical":"https:\/\/elspeedo.cz\/tandemy\/termicky-let\/","og_locale":"en_US","og_type":"article","og_title":"The Thermal Flight &#8212; El Speedo","og_description":"El Speedo je nejv\u011bt\u0161\u00ed paraglidingov\u00e1 komunita a \u0161kola v \u010cR. Tandemov\u00e9 seskoky, kurzy, expedice a paragliding v\u00fdbava","og_url":"https:\/\/elspeedo.cz\/tandemy\/termicky-let\/","og_site_name":"El Speedo","article_publisher":"http:\/\/www.facebook.com\/paragliding.elspeedo.cz\/?fref=ts","article_modified_time":"2017-02-06T10:58:17+00:00","twitter_card":"summary_large_image","twitter_misc":{"Est. reading time":"7 minutes"},"schema":{"@context":"https:\/\/schema.org","@graph":[{"@type":"WebPage","@id":"https:\/\/elspeedo.cz\/tandemy\/termicky-let\/","url":"https:\/\/elspeedo.cz\/tandemy\/termicky-let\/","name":"The Thermal Flight &#8212; El Speedo","isPartOf":{"@id":"https:\/\/elspeedo.cz\/#website"},"datePublished":"2016-12-06T11:28:05+00:00","dateModified":"2017-02-06T10:58:17+00:00","description":"El Speedo je nejv\u011bt\u0161\u00ed paraglidingov\u00e1 komunita a \u0161kola v \u010cR. Tandemov\u00e9 seskoky, kurzy, expedice a paragliding v\u00fdbava","breadcrumb":{"@id":"https:\/\/elspeedo.cz\/tandemy\/termicky-let\/#breadcrumb"},"inLanguage":"en-US","potentialAction":[{"@type":"ReadAction","target":["https:\/\/elspeedo.cz\/tandemy\/termicky-let\/"]}]},{"@type":"BreadcrumbList","@id":"https:\/\/elspeedo.cz\/tandemy\/termicky-let\/#breadcrumb","itemListElement":[{"@type":"ListItem","position":1,"name":"Dom\u016f","item":"https:\/\/elspeedo.cz\/en\/"},{"@type":"ListItem","position":2,"name":"Tandem flying","item":"https:\/\/elspeedo.cz\/en\/tandem-flying\/"},{"@type":"ListItem","position":3,"name":"The Thermal Flight"}]},{"@type":"WebSite","@id":"https:\/\/elspeedo.cz\/#website","url":"https:\/\/elspeedo.cz\/","name":"El Speedo","description":"Paragliding - kurzy, vybaven\u00ed, v\u00fdlety, komunita","potentialAction":[{"@type":"SearchAction","target":{"@type":"EntryPoint","urlTemplate":"https:\/\/elspeedo.cz\/?s={search_term_string}"},"query-input":{"@type":"PropertyValueSpecification","valueRequired":true,"valueName":"search_term_string"}}],"inLanguage":"en-US"}]}},"_links":{"self":[{"href":"https:\/\/elspeedo.cz\/en\/wp-json\/wp\/v2\/pages\/14559","targetHints":{"allow":["GET"]}}],"collection":[{"href":"https:\/\/elspeedo.cz\/en\/wp-json\/wp\/v2\/pages"}],"about":[{"href":"https:\/\/elspeedo.cz\/en\/wp-json\/wp\/v2\/types\/page"}],"author":[{"embeddable":true,"href":"https:\/\/elspeedo.cz\/en\/wp-json\/wp\/v2\/users\/7"}],"replies":[{"embeddable":true,"href":"https:\/\/elspeedo.cz\/en\/wp-json\/wp\/v2\/comments?post=14559"}],"version-history":[{"count":0,"href":"https:\/\/elspeedo.cz\/en\/wp-json\/wp\/v2\/pages\/14559\/revisions"}],"up":[{"embeddable":true,"href":"https:\/\/elspeedo.cz\/en\/wp-json\/wp\/v2\/pages\/15498"}],"wp:attachment":[{"href":"https:\/\/elspeedo.cz\/en\/wp-json\/wp\/v2\/media?parent=14559"}],"curies":[{"name":"wp","href":"https:\/\/api.w.org\/{rel}","templated":true}]}}