{"id":14561,"date":"2016-12-06T13:51:03","date_gmt":"2016-12-06T12:51:03","guid":{"rendered":"https:\/\/elspeedo.cz\/vyhlidkovy_let\/?lang=en"},"modified":"2017-04-24T13:36:25","modified_gmt":"2017-04-24T12:36:25","slug":"the-classic-flight","status":"publish","type":"page","link":"https:\/\/elspeedo.cz\/en\/tandem-flying\/the-classic-flight\/","title":{"rendered":"The Classic Flight"},"content":{"rendered":"<div class=\"wpb-content-wrapper\">[mk_page_section layout_structure=&#8221;half_right&#8221; bg_image=&#8221;https:\/\/elspeedo.cz\/wp-content\/uploads\/2016\/12\/tandem_vyhlidkovy.jpg&#8221; bg_color=&#8221;#f4f4f4&#8243; video_loop=&#8221;false&#8221; padding_top=&#8221;100&#8243; padding_bottom=&#8221;100&#8243;][vc_column][vc_column_text align=&#8221;center&#8221;]\n<h2><strong>The truly new view-point<\/strong><\/h2>\n<div>To fly is an ancient desire of the man kind. Today it&#8217;s easily doable. We fly over the landscape silently, without engine. And you can enjoy this experience with us. Our classic flight is for those of you who want to try the feeling of flying and to see the world from different perspective. You will be accompanied by our experienced tandem pilot.<\/div>\n[\/vc_column_text][mk_padding_divider][\/vc_column][\/mk_page_section][vc_row][vc_column][mk_padding_divider][\/vc_column][\/vc_row][mk_page_section video_loop=&#8221;false&#8221; padding_top=&#8221;100&#8243; padding_bottom=&#8221;100&#8243; sidebar=&#8221;sidebar-1&#8243;][vc_column][vc_column_text align=&#8221;center&#8221;]\n<h2>The Beskydy, Krkonose or Jeseniky?<\/h2>\n<div>\n<p>For sure, the most popular sites for paragliding are in Czech Republic. We have exclusive access for a few starting site which are located in various altitudes and suitable for various wind directions. This fact allows us to implement tandem flights for most of the spring, summer and autumn time in very beautiful mountain range.<\/p>\n<p>The Krkonose and Czech Central Mountains offer epic views as well. Especially Cerna hora (Black Mountain) is famous for being thermal active. If the Beskydy are way too far for you, then Cerna hora and Kozakov are the first spots where real flying is possible.<\/p>\n<p>The Jeseniky are beautiful but for non-powered paragliding not very suitable. But as soon as the conditions are flyable, we will be happy to fly with you there. Unfortunately local weather does not allow us to make that many flights as our clients want us to do and thus it is necessarily sometimes to change the location of a flight \u2013 of course according to your time possibilities.<\/p>\n<\/div>\n[\/vc_column_text][\/vc_column][\/mk_page_section][mk_page_section bg_image=&#8221;https:\/\/elspeedo.cz\/wp-content\/uploads\/2016\/12\/tandem_vyhlidkovy2.jpg&#8221; bg_position=&#8221;center top&#8221; bg_stretch=&#8221;true&#8221; min_height=&#8221;450&#8243; full_width=&#8221;true&#8221; js_vertical_centered=&#8221;true&#8221; sidebar=&#8221;sidebar-1&#8243;][vc_column][\/vc_column][\/mk_page_section][mk_page_section video_loop=&#8221;false&#8221; padding_top=&#8221;100&#8243; padding_bottom=&#8221;100&#8243; sidebar=&#8221;sidebar-1&#8243;][vc_column][vc_column_text]\n<h2 style=\"text-align: center;\"><strong>We will prepare you for safe start<\/strong><\/h2>\n<div style=\"text-align: center;\">\n<p>We will put you firmly into the harness and explain to you how to help us with taking off. We will prepare our glider and the rest of the gear. Also we will tell you how to use the sport full HD camera and what are the best way to shoot the whole flight. Then later, we will check you once more, attach you to us and the glider and then we will just wait for the right breeze.<\/p>\n<p><strong>Short run, last feeling of the ground and we fly! Nothing that complicated.<\/strong><\/p>\n<\/div>\n[\/vc_column_text][mk_padding_divider][vc_row_inner][vc_column_inner width=&#8221;1\/12&#8243;][\/vc_column_inner][vc_column_inner width=&#8221;1\/6&#8243;][vc_single_image image=&#8221;14445&#8243; img_size=&#8221;full&#8221; alignment=&#8221;center&#8221; style=&#8221;vc_box_rounded&#8221;][\/vc_column_inner][vc_column_inner width=&#8221;1\/6&#8243;][vc_single_image image=&#8221;14444&#8243; img_size=&#8221;full&#8221; alignment=&#8221;center&#8221; style=&#8221;vc_box_rounded&#8221;][\/vc_column_inner][vc_column_inner width=&#8221;1\/6&#8243;][vc_single_image image=&#8221;14443&#8243; img_size=&#8221;full&#8221; alignment=&#8221;center&#8221; style=&#8221;vc_box_rounded&#8221;][\/vc_column_inner][vc_column_inner width=&#8221;1\/6&#8243;][vc_single_image image=&#8221;14442&#8243; img_size=&#8221;full&#8221; alignment=&#8221;center&#8221; style=&#8221;vc_box_rounded&#8221;][\/vc_column_inner][vc_column_inner width=&#8221;1\/6&#8243;][vc_single_image image=&#8221;14441&#8243; img_size=&#8221;full&#8221; alignment=&#8221;center&#8221; style=&#8221;vc_box_rounded&#8221;][\/vc_column_inner][vc_column_inner width=&#8221;1\/12&#8243;][\/vc_column_inner][\/vc_row_inner][mk_padding_divider][vc_column_text]\n<h1 style=\"text-align: center;\"><strong>Landing? Easier than you would thought\u2026<\/strong><\/h1>\n<p style=\"text-align: center;\">There is always an official landing place underneath every take off. In the end of the flight, we will approach the landing secotr and focus on the last phase of the landing \u2013 touching the ground again. In order to be sure that you will not hurt your ankles during the landing, we will ask you to stretch your legs and put them up to utilise the protector which is under your seat. The glider will fall behind us shortly and you can enjoy the old-new feeling of solid earth underneath your feet.<\/p>\n[\/vc_column_text][\/vc_column][\/mk_page_section][mk_page_section bg_color=&#8221;#272727&#8243; bg_position=&#8221;center center&#8221; video_loop=&#8221;false&#8221; js_vertical_centered=&#8221;true&#8221; padding_top=&#8221;80&#8243; padding_bottom=&#8221;80&#8243; el_class=&#8221;sc-dark&#8221; sidebar=&#8221;sidebar-1&#8243;][vc_column width=&#8221;1\/3&#8243;][vc_single_image image=&#8221;27434&#8243; img_size=&#8221;full&#8221; alignment=&#8221;center&#8221; style=&#8221;vc_box_rounded&#8221; css=&#8221;.vc_custom_1485954678795{padding-right: 50px !important;}&#8221;][\/vc_column][vc_column width=&#8221;2\/3&#8243;][vc_column_text]Together with Juraj we were the first paragliding pilots who Achieved K2 base camp. Thanks to strong friendship, pilot experience and quality equipment. And our El Speedo tandem pilots \u2013 those are great people who share the same values that give you the best that paragliding offers. That is why we are consistently preparing for every other flight day, your flight, because it is the first for you &#8211; unforgettable.<\/p>\n<p>Have beautiful days &#8211; in the air and on the earth too &#8230;<br \/>\nDalibor Carbol[\/vc_column_text][\/vc_column][\/mk_page_section][mk_page_section video_loop=&#8221;false&#8221; js_vertical_centered=&#8221;true&#8221; padding_top=&#8221;50&#8243; padding_bottom=&#8221;30&#8243; sidebar=&#8221;sidebar-1&#8243;][vc_column width=&#8221;1\/2&#8243;][mk_padding_divider size=&#8221;80&#8243;][vc_column_text align=&#8221;right&#8221;]\n<h4 style=\"text-align: right;\"><strong>The tin can\u2026<\/strong><\/h4>\n<h2 style=\"text-align: right;\"><strong>full of joy and adrenaline<\/strong><\/h2>\n<div style=\"text-align: left;\">\n<p style=\"text-align: right;\">Instant adrenalin in a tin cover \u2013 that is a funny possibility to surprise your friends and relatives. The gift package of the classic flight contains closed tin can with a T-shirt in it and the gift voucher and further instruction.<\/p>\n<p style=\"text-align: right;\">We will be happy to help you with choosing the right type of flight for you. Both personally in El Speedo office or by phone.<\/p>\n<\/div>\n[\/vc_column_text][mk_padding_divider][\/vc_column][vc_column width=&#8221;1\/2&#8243;][vc_single_image image=&#8221;14439&#8243; img_size=&#8221;full&#8221; alignment=&#8221;center&#8221; style=&#8221;vc_box_rounded&#8221;][\/vc_column][\/mk_page_section][vc_row][vc_column][mk_padding_divider][vc_media_grid style=&#8221;load-more&#8221; items_per_page=&#8221;18&#8243; element_width=&#8221;2&#8243; btn_style=&#8221;custom&#8221; btn_custom_text=&#8221;#666666&#8243; grid_id=&#8221;vc_gid:1493037083983-5c07432f-0d7c-8&#8243; include=&#8221;17861,17862,17863,17864,17865,17866,17867,17868,17869,17870,17871,17872,17873,17874,17875,17876,17877,17878,17879,17880,17881,17882,17883,17884,17885,17886,17887,17888,17889&#8243;][\/vc_column][\/vc_row][mk_page_section video_loop=&#8221;false&#8221; padding_top=&#8221;30&#8243; padding_bottom=&#8221;100&#8243; sidebar=&#8221;sidebar-1&#8243;][vc_column][vc_column_text]\n<h2><strong>Detail info<\/strong><\/h2>\n<p><strong>Duration of flight:<\/strong><\/p>\n<p>From 6 to 12 minutes on average which depends mainly on elevation of the take off and current weather conditions.<br \/>\nThe duration of flight depends on the elevation which is the difference between altitude of starting and landing spot, then the wind and thermals. Average flight with 500 metres elevation takes around 10 minutes. If there would be a possibility for thermalling and you would love to spend more time flying, just tell the pilot and let us enjoy the Thermal Flight.<br \/>\nWhen it comes to time demandness of the whole trip for this flight, be advised that it takes usually from 60 to 90 inutes.<\/p>\n<p><strong>We usually go to these sites for classic flights in Beskydy:<\/strong><\/p>\n<p>&#8211; Javorov\u00fd,<\/p>\n<p>&#8211; Pra\u0161iv\u00e1,<\/p>\n<p>&#8211; Ond\u0159ejn\u00edk-Skalka,<\/p>\n<p>&#8211; Javorn\u00edk,<\/p>\n<p>&#8211; Lys\u00e1 hora.<\/p>\n<p><strong>For flying in Jeseniky, we use these sites:<\/strong><\/p>\n<p>&#8211; Doln\u00ed Morava<\/p>\n<p>&#8211; Kamenec<\/p>\n<p>Unfortunately, we do not go a lot for flying to Jeseniky due to lack of good flying days. We need to be ready for moving this kind of flight to Beskydy. We will keep you informed if the conditions would be about to set us back in Jeseniky.<\/p>\n<p><strong>For classic flights in Krkono\u0161e, we go to: <\/strong><\/p>\n<p>&#8211; \u010cern\u00e1 hora,<\/p>\n<p>&#8211; Koz\u00e1kov,<\/p>\n<p>&#8211; Medv\u011bd\u00edn.<\/p>\n<p><strong>For classic flights abroad, the most common for us are following:<\/strong><\/p>\n<p>&#8211; Krippenstein (Halstatt lake, Austria),<\/p>\n<p>&#8211; Bassano del Grappa (Veneto, Italy),<\/p>\n<p>&#8211; Lijak (Nova Gorica, Slovenia),<\/p>\n<p>&#8211; Kobala, Stol (Tolmin, Slovenia),<\/p>\n<p>&#8211; or any other site in the Alps.<\/p>\n<p><strong>Suitable flying conditions:<\/strong><\/p>\n<p>We can offer this type of flight any time of the year. In Czech Republic, the season begins in march and ends in late october. In the other sites it depends mainly on snow coverage. The flight is usually done with mild wind, up to 8 m\/s which of course depends on particular site. Ultimately, we choose the site of your flight by considering the wind direction.<\/p>\n<p><strong>Demands for the passenger<\/strong><\/p>\n<p>&#8211; the passenger is suitable for both children and adults; all that matters is you weight which should be from 5 to 115 kg<br \/>\n&#8211; for the flight itself, we recommend you to wear high trekking shoe with fix ankle, long trousers and windproof jacket. It is nice to have sunglasses when the sun is shining happily.<\/p>\n<p><strong>The flight:<\/strong><\/p>\n<p>Before the flight itself, there is a short preparation including the instructions for landing. We will adjust the harness to your size and try a little bit of running with the harness. If interested, the tandem pilot will explain you principles of paragliding. Then you will be seated and got a helmet.<br \/>\nAfter a short running down the hill, you will be flying. You will be seated in front of the pilot, literally in the first row. The flight itself takes roughly from 6 to 12 minutes which depends mainly on current flying condition.<br \/>\nYou may shoot your own pictures if you take your camera for flying. However we recommend this option for the thermal flight. It is so much better just to enjoy the view. We offer you to take the pictures or make a video ourselves.<\/p>\n<p><strong>Audience<\/strong><\/p>\n<p>Of course, you may invite your closest to watch you flying directly on start or they may watch the landing.<\/p>\n<p><strong>The number of passengers:<\/strong><\/p>\n<p>The tandem glider is just for two persons, ie one pilot and one passenger. However, if interested, let us know in advance that you would like to start within a group and we will gather our crew to fly with you all!<\/p>\n<p><strong>How to do it?<\/strong><\/p>\n<p>Order your flight by our online form or by phone (+ 420 777 311 661) or personally in our office. You will be told the specific date, place and hour of your flight by your tandem pilot who will contact you in advance. Do not forget to take your voucher with you.[\/vc_column_text][\/vc_column][\/mk_page_section][mk_page_section bg_color=&#8221;#f4f4f4&#8243; bg_stretch=&#8221;true&#8221; video_loop=&#8221;false&#8221; padding_top=&#8221;100&#8243; padding_bottom=&#8221;100&#8243; el_class=&#8221;section-gray&#8221; sidebar=&#8221;sidebar-1&#8243;][vc_column width=&#8221;1\/2&#8243;][vc_column_text]\n<h2>Fly with us to the sky!<\/h2>\n[\/vc_column_text][\/vc_column][vc_column width=&#8221;1\/2&#8243;][\/vc_column][\/mk_page_section]\n<\/div>","protected":false},"excerpt":{"rendered":"<p>[mk_page_section layout_structure=&#8221;half_right&#8221; bg_image=&#8221;https:\/\/elspeedo.cz\/wp-content\/uploads\/2016\/12\/tandem_vyhlidkovy.jpg&#8221; bg_color=&#8221;#f4f4f4&#8243; video_loop=&#8221;false&#8221; padding_top=&#8221;100&#8243; padding_bottom=&#8221;100&#8243;][vc_column][vc_column_text align=&#8221;center&#8221;] The truly new view-point To fly is an ancient desire of the man kind. Today it&#8217;s easily doable. We fly over the landscape silently, without engine. And you can enjoy this experience with us. Our classic flight is for those of you who want to try the [&hellip;]<\/p>\n","protected":false},"author":7,"featured_media":0,"parent":15498,"menu_order":1,"comment_status":"closed","ping_status":"closed","template":"","meta":{"_tribe_blocks_recurrence_rules":"","_tribe_blocks_recurrence_exclusions":"","_tribe_blocks_recurrence_description":"","footnotes":""},"class_list":["post-14561","page","type-page","status-publish","hentry"],"yoast_head":"<!-- This site is optimized with the Yoast SEO plugin v27.0 - https:\/\/yoast.com\/product\/yoast-seo-wordpress\/ -->\n<title>The Classic Flight &#8212; El Speedo<\/title>\n<meta name=\"description\" content=\"El Speedo je nejv\u011bt\u0161\u00ed paraglidingov\u00e1 komunita a \u0161kola v \u010cR. Tandemov\u00e9 seskoky, kurzy, expedice a paragliding v\u00fdbava\" \/>\n<meta name=\"robots\" content=\"index, follow, max-snippet:-1, max-image-preview:large, max-video-preview:-1\" \/>\n<link rel=\"canonical\" href=\"https:\/\/elspeedo.cz\/en\/tandem-flying\/the-classic-flight\/\" \/>\n<meta property=\"og:locale\" content=\"en_US\" \/>\n<meta property=\"og:type\" content=\"article\" \/>\n<meta property=\"og:title\" content=\"The Classic Flight &#8212; El Speedo\" \/>\n<meta property=\"og:description\" content=\"El Speedo je nejv\u011bt\u0161\u00ed paraglidingov\u00e1 komunita a \u0161kola v \u010cR. Tandemov\u00e9 seskoky, kurzy, expedice a paragliding v\u00fdbava\" \/>\n<meta property=\"og:url\" content=\"https:\/\/elspeedo.cz\/en\/tandem-flying\/the-classic-flight\/\" \/>\n<meta property=\"og:site_name\" content=\"El Speedo\" \/>\n<meta property=\"article:publisher\" content=\"http:\/\/www.facebook.com\/paragliding.elspeedo.cz\/?fref=ts\" \/>\n<meta property=\"article:modified_time\" content=\"2017-04-24T12:36:25+00:00\" \/>\n<meta name=\"twitter:card\" content=\"summary_large_image\" \/>\n<meta name=\"twitter:label1\" content=\"Est. reading time\" \/>\n\t<meta name=\"twitter:data1\" content=\"9 minutes\" \/>\n<script type=\"application\/ld+json\" class=\"yoast-schema-graph\">{\"@context\":\"https:\/\/schema.org\",\"@graph\":[{\"@type\":\"WebPage\",\"@id\":\"https:\/\/elspeedo.cz\/en\/tandem-flying\/the-classic-flight\/\",\"url\":\"https:\/\/elspeedo.cz\/en\/tandem-flying\/the-classic-flight\/\",\"name\":\"The Classic Flight &#8212; El Speedo\",\"isPartOf\":{\"@id\":\"https:\/\/elspeedo.cz\/#website\"},\"datePublished\":\"2016-12-06T12:51:03+00:00\",\"dateModified\":\"2017-04-24T12:36:25+00:00\",\"description\":\"El Speedo je nejv\u011bt\u0161\u00ed paraglidingov\u00e1 komunita a \u0161kola v \u010cR. Tandemov\u00e9 seskoky, kurzy, expedice a paragliding v\u00fdbava\",\"breadcrumb\":{\"@id\":\"https:\/\/elspeedo.cz\/en\/tandem-flying\/the-classic-flight\/#breadcrumb\"},\"inLanguage\":\"en-US\",\"potentialAction\":[{\"@type\":\"ReadAction\",\"target\":[\"https:\/\/elspeedo.cz\/en\/tandem-flying\/the-classic-flight\/\"]}]},{\"@type\":\"BreadcrumbList\",\"@id\":\"https:\/\/elspeedo.cz\/en\/tandem-flying\/the-classic-flight\/#breadcrumb\",\"itemListElement\":[{\"@type\":\"ListItem\",\"position\":1,\"name\":\"Dom\u016f\",\"item\":\"https:\/\/elspeedo.cz\/en\/\"},{\"@type\":\"ListItem\",\"position\":2,\"name\":\"Tandem flying\",\"item\":\"https:\/\/elspeedo.cz\/en\/tandem-flying\/\"},{\"@type\":\"ListItem\",\"position\":3,\"name\":\"The Classic Flight\"}]},{\"@type\":\"WebSite\",\"@id\":\"https:\/\/elspeedo.cz\/#website\",\"url\":\"https:\/\/elspeedo.cz\/\",\"name\":\"El Speedo\",\"description\":\"Paragliding - kurzy, vybaven\u00ed, v\u00fdlety, komunita\",\"potentialAction\":[{\"@type\":\"SearchAction\",\"target\":{\"@type\":\"EntryPoint\",\"urlTemplate\":\"https:\/\/elspeedo.cz\/?s={search_term_string}\"},\"query-input\":{\"@type\":\"PropertyValueSpecification\",\"valueRequired\":true,\"valueName\":\"search_term_string\"}}],\"inLanguage\":\"en-US\"}]}<\/script>\n<!-- \/ Yoast SEO plugin. -->","yoast_head_json":{"title":"The Classic Flight &#8212; El Speedo","description":"El Speedo je nejv\u011bt\u0161\u00ed paraglidingov\u00e1 komunita a \u0161kola v \u010cR. Tandemov\u00e9 seskoky, kurzy, expedice a paragliding v\u00fdbava","robots":{"index":"index","follow":"follow","max-snippet":"max-snippet:-1","max-image-preview":"max-image-preview:large","max-video-preview":"max-video-preview:-1"},"canonical":"https:\/\/elspeedo.cz\/en\/tandem-flying\/the-classic-flight\/","og_locale":"en_US","og_type":"article","og_title":"The Classic Flight &#8212; El Speedo","og_description":"El Speedo je nejv\u011bt\u0161\u00ed paraglidingov\u00e1 komunita a \u0161kola v \u010cR. Tandemov\u00e9 seskoky, kurzy, expedice a paragliding v\u00fdbava","og_url":"https:\/\/elspeedo.cz\/en\/tandem-flying\/the-classic-flight\/","og_site_name":"El Speedo","article_publisher":"http:\/\/www.facebook.com\/paragliding.elspeedo.cz\/?fref=ts","article_modified_time":"2017-04-24T12:36:25+00:00","twitter_card":"summary_large_image","twitter_misc":{"Est. reading time":"9 minutes"},"schema":{"@context":"https:\/\/schema.org","@graph":[{"@type":"WebPage","@id":"https:\/\/elspeedo.cz\/en\/tandem-flying\/the-classic-flight\/","url":"https:\/\/elspeedo.cz\/en\/tandem-flying\/the-classic-flight\/","name":"The Classic Flight &#8212; El Speedo","isPartOf":{"@id":"https:\/\/elspeedo.cz\/#website"},"datePublished":"2016-12-06T12:51:03+00:00","dateModified":"2017-04-24T12:36:25+00:00","description":"El Speedo je nejv\u011bt\u0161\u00ed paraglidingov\u00e1 komunita a \u0161kola v \u010cR. Tandemov\u00e9 seskoky, kurzy, expedice a paragliding v\u00fdbava","breadcrumb":{"@id":"https:\/\/elspeedo.cz\/en\/tandem-flying\/the-classic-flight\/#breadcrumb"},"inLanguage":"en-US","potentialAction":[{"@type":"ReadAction","target":["https:\/\/elspeedo.cz\/en\/tandem-flying\/the-classic-flight\/"]}]},{"@type":"BreadcrumbList","@id":"https:\/\/elspeedo.cz\/en\/tandem-flying\/the-classic-flight\/#breadcrumb","itemListElement":[{"@type":"ListItem","position":1,"name":"Dom\u016f","item":"https:\/\/elspeedo.cz\/en\/"},{"@type":"ListItem","position":2,"name":"Tandem flying","item":"https:\/\/elspeedo.cz\/en\/tandem-flying\/"},{"@type":"ListItem","position":3,"name":"The Classic Flight"}]},{"@type":"WebSite","@id":"https:\/\/elspeedo.cz\/#website","url":"https:\/\/elspeedo.cz\/","name":"El Speedo","description":"Paragliding - kurzy, vybaven\u00ed, v\u00fdlety, komunita","potentialAction":[{"@type":"SearchAction","target":{"@type":"EntryPoint","urlTemplate":"https:\/\/elspeedo.cz\/?s={search_term_string}"},"query-input":{"@type":"PropertyValueSpecification","valueRequired":true,"valueName":"search_term_string"}}],"inLanguage":"en-US"}]}},"_links":{"self":[{"href":"https:\/\/elspeedo.cz\/en\/wp-json\/wp\/v2\/pages\/14561","targetHints":{"allow":["GET"]}}],"collection":[{"href":"https:\/\/elspeedo.cz\/en\/wp-json\/wp\/v2\/pages"}],"about":[{"href":"https:\/\/elspeedo.cz\/en\/wp-json\/wp\/v2\/types\/page"}],"author":[{"embeddable":true,"href":"https:\/\/elspeedo.cz\/en\/wp-json\/wp\/v2\/users\/7"}],"replies":[{"embeddable":true,"href":"https:\/\/elspeedo.cz\/en\/wp-json\/wp\/v2\/comments?post=14561"}],"version-history":[{"count":0,"href":"https:\/\/elspeedo.cz\/en\/wp-json\/wp\/v2\/pages\/14561\/revisions"}],"up":[{"embeddable":true,"href":"https:\/\/elspeedo.cz\/en\/wp-json\/wp\/v2\/pages\/15498"}],"wp:attachment":[{"href":"https:\/\/elspeedo.cz\/en\/wp-json\/wp\/v2\/media?parent=14561"}],"curies":[{"name":"wp","href":"https:\/\/api.w.org\/{rel}","templated":true}]}}