{"id":14565,"date":"2016-12-06T13:58:21","date_gmt":"2016-12-06T12:58:21","guid":{"rendered":"https:\/\/elspeedo.cz\/tandemovy_prelet\/?lang=en"},"modified":"2017-01-31T19:15:54","modified_gmt":"2017-01-31T18:15:54","slug":"sport-tandem-cross-country-flight","status":"publish","type":"page","link":"https:\/\/elspeedo.cz\/en\/tandem-flying\/sport-tandem-cross-country-flight\/","title":{"rendered":"Sport tandem cross country flight"},"content":{"rendered":"<div class=\"wpb-content-wrapper\">[mk_page_section layout_structure=&#8221;half_right&#8221; bg_image=&#8221;https:\/\/elspeedo.cz\/wp-content\/uploads\/2016\/12\/tandem-prelet_18.jpg&#8221; bg_color=&#8221;#f4f4f4&#8243; video_loop=&#8221;false&#8221; padding_top=&#8221;100&#8243; padding_bottom=&#8221;100&#8243;][vc_column][vc_column_text]\n<div style=\"text-align: center;\">\n<h2><span style=\"font-weight: 400;\">We are allowed to get maximum altitude of 2900 metres over the sea level in Beskydy\u2026<\/span><\/h2>\n<p><span style=\"font-weight: 400;\">And this kind of flying is all about getting the maximum altitude because then we are allowed to exchange verticality for horizontality towards to our goal. We are about to utilise thermals quite few times actually and gradually, we will be passing through and over interesting sceneries.<\/span><\/p>\n<p style=\"text-align: center;\"><span style=\"font-weight: 400;\">Just with these gift of the nature, and thanks to sufficient tactics of flight and precise piloting. It is just fascinating experience.<\/span><\/p>\n<\/div>\n[\/vc_column_text][mk_padding_divider][\/vc_column][\/mk_page_section][mk_page_section video_loop=&#8221;false&#8221; padding_top=&#8221;100&#8243; padding_bottom=&#8221;100&#8243; sidebar=&#8221;sidebar-1&#8243;][vc_column][vc_column_text]\n<div style=\"text-align: center;\">\n<h2 style=\"text-align: center;\"><b>We will prepare you for safe start<\/b><\/h2>\n<p><span style=\"font-weight: 400;\">We will put you firmly into the harness and explain to you how to help us with taking off. We will prepare our glider and the rest of the gear. Also we will tell you how to use the sport full HD camera and what are the best way to shoot the whole flight. Then later, we will check you once more, attach you to us and the glider and then we will just wait for the right breeze.<\/span><\/p>\n<p><span style=\"font-weight: 400;\">Short run, last feeling of the ground and we fly! Nothing that complicated.<\/span><\/p>\n<\/div>\n[\/vc_column_text][vc_row_inner][vc_column_inner width=&#8221;1\/12&#8243;][\/vc_column_inner][vc_column_inner width=&#8221;1\/6&#8243;][vc_single_image image=&#8221;14445&#8243; img_size=&#8221;full&#8221; alignment=&#8221;center&#8221; style=&#8221;vc_box_rounded&#8221;][\/vc_column_inner][vc_column_inner width=&#8221;1\/6&#8243;][vc_single_image image=&#8221;14444&#8243; img_size=&#8221;full&#8221; alignment=&#8221;center&#8221; style=&#8221;vc_box_rounded&#8221;][\/vc_column_inner][vc_column_inner width=&#8221;1\/6&#8243;][vc_single_image image=&#8221;14443&#8243; img_size=&#8221;full&#8221; alignment=&#8221;center&#8221; style=&#8221;vc_box_rounded&#8221;][\/vc_column_inner][vc_column_inner width=&#8221;1\/6&#8243;][vc_single_image image=&#8221;14442&#8243; img_size=&#8221;full&#8221; alignment=&#8221;center&#8221; style=&#8221;vc_box_rounded&#8221;][\/vc_column_inner][vc_column_inner width=&#8221;1\/6&#8243;][vc_single_image image=&#8221;14441&#8243; img_size=&#8221;full&#8221; alignment=&#8221;center&#8221; style=&#8221;vc_box_rounded&#8221;][\/vc_column_inner][vc_column_inner width=&#8221;1\/12&#8243;][\/vc_column_inner][\/vc_row_inner][\/vc_column][\/mk_page_section][mk_page_section bg_color=&#8221;#f4f4f4&#8243; bg_stretch=&#8221;true&#8221; video_loop=&#8221;false&#8221; padding_top=&#8221;100&#8243; padding_bottom=&#8221;100&#8243; el_class=&#8221;section-gray&#8221; sidebar=&#8221;sidebar-1&#8243;][vc_column][vc_column_text]\n<h2 style=\"text-align: center;\"><b>Landing? Easier than you would thought\u2026<\/b><\/h2>\n<p style=\"text-align: center;\"><span style=\"font-weight: 400;\">There is always an official landing place underneath every take off. In the end of the flight, we will approach the landing secotr and focus on the last phase of the landing \u2013 touching the ground again. In order to be sure that you will not hurt your ankles during the landing, we will ask you to stretch your legs and put them up to utilise the protector which is under your seat. The glider will fall behind us shortly and you can enjoy the old-new feeling of solid earth underneath your feet.<\/span><\/p>\n[\/vc_column_text][\/vc_column][\/mk_page_section][mk_page_section video_loop=&#8221;false&#8221; padding_top=&#8221;100&#8243; padding_bottom=&#8221;100&#8243; sidebar=&#8221;sidebar-1&#8243;][vc_column width=&#8221;1\/2&#8243;][vc_single_image image=&#8221;14439&#8243; img_size=&#8221;full&#8221; alignment=&#8221;center&#8221; style=&#8221;vc_box_rounded&#8221;][\/vc_column][vc_column width=&#8221;1\/2&#8243;][vc_column_text]\n<p style=\"text-align: left;\"><b>The tin can\u2026<\/b><\/p>\n<h2 style=\"text-align: left;\"><span style=\"font-weight: 400;\">full of joy and adrenaline<\/span><\/h2>\n<div style=\"text-align: left;\">\n<p><span style=\"font-weight: 400;\">Instant adrenalin in a tin cover \u2013 that is a funny possibility to surprise your friends and relatives. The gift package of the thermal flight contains closed tin can with a T-shirt in it and the gift voucher and further instruction.<\/span><\/p>\n<p><span style=\"font-weight: 400;\">We will be happy to help you with choosing the right type of flight for you. Both personally in El Speedo office or by phone.<\/span><\/p>\n<\/div>\n<div style=\"text-align: left;\"><\/div>\n[\/vc_column_text][mk_padding_divider][\/vc_column][\/mk_page_section][mk_page_section layout_structure=&#8221;half_left&#8221; bg_image=&#8221;https:\/\/elspeedo.cz\/wp-content\/uploads\/2016\/12\/tandem-prelet_19.jpg&#8221; bg_color=&#8221;#272727&#8243; video_loop=&#8221;false&#8221; js_vertical_centered=&#8221;true&#8221; padding_top=&#8221;80&#8243; padding_bottom=&#8221;80&#8243; el_class=&#8221;sc-dark&#8221;][vc_column][vc_column_text]\n<div style=\"text-align: center;\">\n<h2 style=\"text-align: center;\"><b>Cross country flying<\/b><\/h2>\n<h2 style=\"text-align: center;\"><span style=\"font-weight: 400;\">is the royal task in paragliding<\/span><\/h2>\n<p><span style=\"font-weight: 400;\">We love to offer tandem flights on our courses of high-performance cross country flying.<\/span><\/p>\n<p><span style=\"font-weight: 400;\">The flight with experiences high above the tops of the hills in the Alps is truly fascinating, inspiring and surely unforgettable\u2026<\/span><\/p>\n<p><span style=\"font-weight: 400;\">Call our office to find out more about we are at the moment and where we are about to go in the Alps. Then you may adjust your plans a little to make this happen \ud83d\ude09<\/span><\/p>\n<p><span style=\"font-weight: 400;\">Please watch a short video about cross country flying in the Alps.<\/span><\/p>\n<\/div>\n[\/vc_column_text][\/vc_column][\/mk_page_section][mk_page_section video_loop=&#8221;false&#8221; padding_top=&#8221;100&#8243; padding_bottom=&#8221;100&#8243; sidebar=&#8221;sidebar-1&#8243;][vc_column][vc_column_text]<b>Detail info<\/b><\/p>\n<p><b>Duration of flight:<\/b><\/p>\n<p><span style=\"font-weight: 400;\">At least one hour of flying time is the time in which we can reach Lys\u00e1 hora from anywhere in Beskydy. Then, we can of course to continue to fly some more. If you would like to prolong your flight, just tell the pilot. Usually it is not a problem at all as the pilot needs for this type of flight the whole day anyway.<\/span><\/p>\n<p><span style=\"font-weight: 400;\">When it comes to the the duration of the whole flying trip &#8211; it depends mainly on the spot of landing which is either chosen by you or by the pilot. Of course if you land anywhere but the official landing place, you need to get back by a car or a bus which takes from three to four hours (journey back included). If you want to save some time, you can ask for closed circle flight which means that the pilot will fly some sort of triangle and fly with you back to the place where you took off. The duration of the flight is in this case around two hours. <\/span><\/p>\n<p><b>Suitable flight conditions<\/b><\/p>\n<p><span style=\"font-weight: 400;\">We carry out this type of flight with the mild and mid strong wind up to 5 metres per second which of course depends mainly on specific starting site. Depending on your schedule and current weather conditions we choose those flying terrains that are appropriate to the current wind directions.<\/span><\/p>\n<p><b>We usually go to these sites for thermal flights in Beskydy:<\/b><\/p>\n<ul>\n<li><span style=\"font-weight: 400;\">Javorov\u00fd,<\/span><\/li>\n<li>Pra\u0161iv\u00e1,<\/li>\n<li>Ond\u0159ejn\u00edk-Skalka,<\/li>\n<li>Javorn\u00edk,<\/li>\n<li>Lys\u00e1 hora.<\/li>\n<\/ul>\n<p><b>For thermal flights abroad, the most common for us are following:<\/b><\/p>\n<ul>\n<li><span style=\"font-weight: 400;\">Krippenstein (Halstatt lake, Austria),<\/span><\/li>\n<li>Bassano del Grappa (Veneto, Italy),<\/li>\n<li>Lijak (Nova Gorica, Slovenia),<\/li>\n<li>Kobala, Stol (Tolmin, Slovenia),<\/li>\n<li>or any other site in the Alps.<\/li>\n<\/ul>\n<p><b>Demands for the passenger<\/b><\/p>\n<ul>\n<li><span style=\"font-weight: 400;\">the passenger is suitable for both children and adults; all that matters is you weight which should be from 5 to 115 kg<\/span><\/li>\n<li>for the flight itself, we recommend you to wear high trekking shoe with fix ankle, long trousers and windproof jacket. It is nice to have sunglasses when the sun is shining happily.<\/li>\n<\/ul>\n<p><b>The flight:<\/b><\/p>\n<p><span style=\"font-weight: 400;\">Before the flight itself, there is a short preparation including the instructions for landing. We will adjust the harness to your size and try a little bit of running with the harness. If interested, the tandem pilot will explain you principles of paragliding. Then you will be seated and got a helmet.<\/span><\/p>\n<p><span style=\"font-weight: 400;\">After a short running down the hill, you will be flying. You will be seated in front of the pilot, literally in the first row. The flight itself takes roughly from 6 to 12 minutes which depends mainly on current flying condition.<\/span><\/p>\n<p><span style=\"font-weight: 400;\">You may shoot your own pictures if you take your camera for flying. However we recommend this option for the thermal flight. It is so much better just to enjoy the view. We offer you to take the pictures or make a video ourselves.<\/span><\/p>\n<p><b>Audience<\/b><\/p>\n<p><span style=\"font-weight: 400;\">Of course, you may invite your closest to watch you flying directly on start or they may watch the landing.<\/span><\/p>\n<p><b>The number of passengers:<\/b><\/p>\n<p><span style=\"font-weight: 400;\">The tandem glider is just for two persons, ie one pilot and one passenger. However, if interested, let us know in advance that you would like to start within a group and we will gather our crew to fly with you all!<\/span><\/p>\n<p><b>How to do it?<\/b><\/p>\n<p><span style=\"font-weight: 400;\">Order your flight by our online form or by phone (+ 420 777 311 661) or personally in our office. You will be told the specific date, place and hour of your flight by your tandem pilot who will contact you in advance. Do not forget to take your voucher with you.<\/span>[\/vc_column_text][\/vc_column][\/mk_page_section][mk_page_section bg_color=&#8221;#f4f4f4&#8243; bg_stretch=&#8221;true&#8221; video_loop=&#8221;false&#8221; padding_top=&#8221;100&#8243; padding_bottom=&#8221;100&#8243; el_class=&#8221;section-gray&#8221; sidebar=&#8221;sidebar-1&#8243;][vc_column width=&#8221;1\/2&#8243;][vc_column_text]\n<h2>Fly with us to the sky!<\/h2>\n[\/vc_column_text][\/vc_column][vc_column width=&#8221;1\/2&#8243;][\/vc_column][\/mk_page_section]\n<\/div>","protected":false},"excerpt":{"rendered":"<p>[mk_page_section layout_structure=&#8221;half_right&#8221; bg_image=&#8221;https:\/\/elspeedo.cz\/wp-content\/uploads\/2016\/12\/tandem-prelet_18.jpg&#8221; bg_color=&#8221;#f4f4f4&#8243; video_loop=&#8221;false&#8221; padding_top=&#8221;100&#8243; padding_bottom=&#8221;100&#8243;][vc_column][vc_column_text] We are allowed to get maximum altitude of 2900 metres over the sea level in Beskydy\u2026 And this kind of flying is all about getting the maximum altitude because then we are allowed to exchange verticality for horizontality towards to our goal. We are about to utilise thermals [&hellip;]<\/p>\n","protected":false},"author":7,"featured_media":0,"parent":15498,"menu_order":4,"comment_status":"closed","ping_status":"closed","template":"","meta":{"_tribe_blocks_recurrence_rules":"","_tribe_blocks_recurrence_exclusions":"","_tribe_blocks_recurrence_description":"","footnotes":""},"class_list":["post-14565","page","type-page","status-publish","hentry"],"yoast_head":"<!-- This site is optimized with the Yoast SEO plugin v27.0 - https:\/\/yoast.com\/product\/yoast-seo-wordpress\/ -->\n<title>Sport tandem cross country flight &#8212; El Speedo<\/title>\n<meta name=\"description\" content=\"El Speedo je nejv\u011bt\u0161\u00ed paraglidingov\u00e1 komunita a \u0161kola v \u010cR. Tandemov\u00e9 seskoky, kurzy, expedice a paragliding v\u00fdbava\" \/>\n<meta name=\"robots\" content=\"index, follow, max-snippet:-1, max-image-preview:large, max-video-preview:-1\" \/>\n<link rel=\"canonical\" href=\"https:\/\/elspeedo.cz\/tandemy\/sportovni-tandemovy-prelet\/\" \/>\n<meta property=\"og:locale\" content=\"en_US\" \/>\n<meta property=\"og:type\" content=\"article\" \/>\n<meta property=\"og:title\" content=\"Sport tandem cross country flight &#8212; El Speedo\" \/>\n<meta property=\"og:description\" content=\"El Speedo je nejv\u011bt\u0161\u00ed paraglidingov\u00e1 komunita a \u0161kola v \u010cR. Tandemov\u00e9 seskoky, kurzy, expedice a paragliding v\u00fdbava\" \/>\n<meta property=\"og:url\" content=\"https:\/\/elspeedo.cz\/tandemy\/sportovni-tandemovy-prelet\/\" \/>\n<meta property=\"og:site_name\" content=\"El Speedo\" \/>\n<meta property=\"article:publisher\" content=\"http:\/\/www.facebook.com\/paragliding.elspeedo.cz\/?fref=ts\" \/>\n<meta property=\"article:modified_time\" content=\"2017-01-31T18:15:54+00:00\" \/>\n<meta name=\"twitter:card\" content=\"summary_large_image\" \/>\n<meta name=\"twitter:label1\" content=\"Est. reading time\" \/>\n\t<meta name=\"twitter:data1\" content=\"7 minutes\" \/>\n<script type=\"application\/ld+json\" class=\"yoast-schema-graph\">{\"@context\":\"https:\/\/schema.org\",\"@graph\":[{\"@type\":\"WebPage\",\"@id\":\"https:\/\/elspeedo.cz\/tandemy\/sportovni-tandemovy-prelet\/\",\"url\":\"https:\/\/elspeedo.cz\/tandemy\/sportovni-tandemovy-prelet\/\",\"name\":\"Sport tandem cross country flight &#8212; El Speedo\",\"isPartOf\":{\"@id\":\"https:\/\/elspeedo.cz\/#website\"},\"datePublished\":\"2016-12-06T12:58:21+00:00\",\"dateModified\":\"2017-01-31T18:15:54+00:00\",\"description\":\"El Speedo je nejv\u011bt\u0161\u00ed paraglidingov\u00e1 komunita a \u0161kola v \u010cR. Tandemov\u00e9 seskoky, kurzy, expedice a paragliding v\u00fdbava\",\"breadcrumb\":{\"@id\":\"https:\/\/elspeedo.cz\/tandemy\/sportovni-tandemovy-prelet\/#breadcrumb\"},\"inLanguage\":\"en-US\",\"potentialAction\":[{\"@type\":\"ReadAction\",\"target\":[\"https:\/\/elspeedo.cz\/tandemy\/sportovni-tandemovy-prelet\/\"]}]},{\"@type\":\"BreadcrumbList\",\"@id\":\"https:\/\/elspeedo.cz\/tandemy\/sportovni-tandemovy-prelet\/#breadcrumb\",\"itemListElement\":[{\"@type\":\"ListItem\",\"position\":1,\"name\":\"Dom\u016f\",\"item\":\"https:\/\/elspeedo.cz\/en\/\"},{\"@type\":\"ListItem\",\"position\":2,\"name\":\"Tandem flying\",\"item\":\"https:\/\/elspeedo.cz\/en\/tandem-flying\/\"},{\"@type\":\"ListItem\",\"position\":3,\"name\":\"Sport tandem cross country flight\"}]},{\"@type\":\"WebSite\",\"@id\":\"https:\/\/elspeedo.cz\/#website\",\"url\":\"https:\/\/elspeedo.cz\/\",\"name\":\"El Speedo\",\"description\":\"Paragliding - kurzy, vybaven\u00ed, v\u00fdlety, komunita\",\"potentialAction\":[{\"@type\":\"SearchAction\",\"target\":{\"@type\":\"EntryPoint\",\"urlTemplate\":\"https:\/\/elspeedo.cz\/?s={search_term_string}\"},\"query-input\":{\"@type\":\"PropertyValueSpecification\",\"valueRequired\":true,\"valueName\":\"search_term_string\"}}],\"inLanguage\":\"en-US\"}]}<\/script>\n<!-- \/ Yoast SEO plugin. -->","yoast_head_json":{"title":"Sport tandem cross country flight &#8212; El Speedo","description":"El Speedo je nejv\u011bt\u0161\u00ed paraglidingov\u00e1 komunita a \u0161kola v \u010cR. Tandemov\u00e9 seskoky, kurzy, expedice a paragliding v\u00fdbava","robots":{"index":"index","follow":"follow","max-snippet":"max-snippet:-1","max-image-preview":"max-image-preview:large","max-video-preview":"max-video-preview:-1"},"canonical":"https:\/\/elspeedo.cz\/tandemy\/sportovni-tandemovy-prelet\/","og_locale":"en_US","og_type":"article","og_title":"Sport tandem cross country flight &#8212; El Speedo","og_description":"El Speedo je nejv\u011bt\u0161\u00ed paraglidingov\u00e1 komunita a \u0161kola v \u010cR. Tandemov\u00e9 seskoky, kurzy, expedice a paragliding v\u00fdbava","og_url":"https:\/\/elspeedo.cz\/tandemy\/sportovni-tandemovy-prelet\/","og_site_name":"El Speedo","article_publisher":"http:\/\/www.facebook.com\/paragliding.elspeedo.cz\/?fref=ts","article_modified_time":"2017-01-31T18:15:54+00:00","twitter_card":"summary_large_image","twitter_misc":{"Est. reading time":"7 minutes"},"schema":{"@context":"https:\/\/schema.org","@graph":[{"@type":"WebPage","@id":"https:\/\/elspeedo.cz\/tandemy\/sportovni-tandemovy-prelet\/","url":"https:\/\/elspeedo.cz\/tandemy\/sportovni-tandemovy-prelet\/","name":"Sport tandem cross country flight &#8212; El Speedo","isPartOf":{"@id":"https:\/\/elspeedo.cz\/#website"},"datePublished":"2016-12-06T12:58:21+00:00","dateModified":"2017-01-31T18:15:54+00:00","description":"El Speedo je nejv\u011bt\u0161\u00ed paraglidingov\u00e1 komunita a \u0161kola v \u010cR. Tandemov\u00e9 seskoky, kurzy, expedice a paragliding v\u00fdbava","breadcrumb":{"@id":"https:\/\/elspeedo.cz\/tandemy\/sportovni-tandemovy-prelet\/#breadcrumb"},"inLanguage":"en-US","potentialAction":[{"@type":"ReadAction","target":["https:\/\/elspeedo.cz\/tandemy\/sportovni-tandemovy-prelet\/"]}]},{"@type":"BreadcrumbList","@id":"https:\/\/elspeedo.cz\/tandemy\/sportovni-tandemovy-prelet\/#breadcrumb","itemListElement":[{"@type":"ListItem","position":1,"name":"Dom\u016f","item":"https:\/\/elspeedo.cz\/en\/"},{"@type":"ListItem","position":2,"name":"Tandem flying","item":"https:\/\/elspeedo.cz\/en\/tandem-flying\/"},{"@type":"ListItem","position":3,"name":"Sport tandem cross country flight"}]},{"@type":"WebSite","@id":"https:\/\/elspeedo.cz\/#website","url":"https:\/\/elspeedo.cz\/","name":"El Speedo","description":"Paragliding - kurzy, vybaven\u00ed, v\u00fdlety, komunita","potentialAction":[{"@type":"SearchAction","target":{"@type":"EntryPoint","urlTemplate":"https:\/\/elspeedo.cz\/?s={search_term_string}"},"query-input":{"@type":"PropertyValueSpecification","valueRequired":true,"valueName":"search_term_string"}}],"inLanguage":"en-US"}]}},"_links":{"self":[{"href":"https:\/\/elspeedo.cz\/en\/wp-json\/wp\/v2\/pages\/14565","targetHints":{"allow":["GET"]}}],"collection":[{"href":"https:\/\/elspeedo.cz\/en\/wp-json\/wp\/v2\/pages"}],"about":[{"href":"https:\/\/elspeedo.cz\/en\/wp-json\/wp\/v2\/types\/page"}],"author":[{"embeddable":true,"href":"https:\/\/elspeedo.cz\/en\/wp-json\/wp\/v2\/users\/7"}],"replies":[{"embeddable":true,"href":"https:\/\/elspeedo.cz\/en\/wp-json\/wp\/v2\/comments?post=14565"}],"version-history":[{"count":0,"href":"https:\/\/elspeedo.cz\/en\/wp-json\/wp\/v2\/pages\/14565\/revisions"}],"up":[{"embeddable":true,"href":"https:\/\/elspeedo.cz\/en\/wp-json\/wp\/v2\/pages\/15498"}],"wp:attachment":[{"href":"https:\/\/elspeedo.cz\/en\/wp-json\/wp\/v2\/media?parent=14565"}],"curies":[{"name":"wp","href":"https:\/\/api.w.org\/{rel}","templated":true}]}}