{"id":14567,"date":"2016-12-06T12:49:46","date_gmt":"2016-12-06T11:49:46","guid":{"rendered":"https:\/\/elspeedo.cz\/svatebni_tandem\/?lang=en"},"modified":"2017-01-31T19:40:56","modified_gmt":"2017-01-31T18:40:56","slug":"the-wedding-tandem-flight","status":"publish","type":"page","link":"https:\/\/elspeedo.cz\/en\/tandem-flying\/the-wedding-tandem-flight\/","title":{"rendered":"The wedding tandem flight"},"content":{"rendered":"<div class=\"wpb-content-wrapper\">[mk_page_section layout_structure=&#8221;half_left&#8221; bg_image=&#8221;https:\/\/elspeedo.cz\/wp-content\/uploads\/2016\/11\/tandem-svatba.jpg&#8221; bg_color=&#8221;#f4f4f4&#8243; video_loop=&#8221;false&#8221; padding_top=&#8221;100&#8243; padding_bottom=&#8221;100&#8243;][vc_column][vc_column_text align=&#8221;center&#8221;]\n<div style=\"text-align: center;\"><span style=\"font-weight: 400;\">We love and enjoy every kind of fun and therefore we would be very happy to make your wishes come true. The wedding in the air, ceremony on the ground, celebration in the air, celebration anywhere or easy Sunday morning of the wedding guests after Saturday party &#8211; whatever pops in your mind. <\/span><\/div>\n<div style=\"text-align: center;\"><span style=\"font-weight: 400;\">That\u2019s for sure. Call us and share with us your idea and let\u2019s talk about possibilities.<\/span><\/div>\n[\/vc_column_text][mk_padding_divider][\/vc_column][\/mk_page_section][vc_row css=&#8221;.vc_custom_1481024735047{padding-top: 70px !important;}&#8221;][vc_column css=&#8221;.vc_custom_1481024872655{padding-bottom: 70px !important;}&#8221;][vc_column_text align=&#8221;center&#8221;]\n<h1 style=\"text-align: center;\"><b>Wedding off the hook<\/b><\/h1>\n[\/vc_column_text][vc_column_text align=&#8221;center&#8221;]\n<div style=\"text-align: center;\">\n<p><span style=\"font-weight: 400;\">We are able to fly with ten passengers in the same time. What does that mean? That we are actually able to fly up to 80 guests through the day. <\/span><\/p>\n<p><span style=\"font-weight: 400;\">We are taking off on our private starting sites which guaratee us the right of way for your own enjoyment. Give to the newlyweds unusual gift for life\u2026<\/span><\/p>\n<\/div>\n[\/vc_column_text][\/vc_column][\/vc_row][mk_page_section video_loop=&#8221;false&#8221; padding_top=&#8221;100&#8243; padding_bottom=&#8221;100&#8243; sidebar=&#8221;sidebar-1&#8243;][vc_column][vc_column_text align=&#8221;center&#8221;]\n<h2><b>We will prepare you for safe start<\/b><\/h2>\n<div>\n<p><span style=\"font-weight: 400;\">We will put you firmly into the harness and explain to you how to help us with taking off. We will prepare our glider and the rest of the gear. Also we will tell you how to use the sport full HD camera and what are the best way to shoot the whole flight. Then later, we will check you once more, attach you to us and the glider and then we will just wait for the right breeze.<\/span><\/p>\n<p><span style=\"font-weight: 400;\">Short run, last feeling of the ground and we fly! Nothing that complicated.<\/span><\/p>\n<\/div>\n[\/vc_column_text][mk_padding_divider][vc_row_inner][vc_column_inner width=&#8221;1\/12&#8243;][\/vc_column_inner][vc_column_inner width=&#8221;1\/6&#8243;][vc_single_image image=&#8221;14445&#8243; img_size=&#8221;full&#8221; alignment=&#8221;center&#8221; style=&#8221;vc_box_rounded&#8221;][\/vc_column_inner][vc_column_inner width=&#8221;1\/6&#8243;][vc_single_image image=&#8221;14444&#8243; img_size=&#8221;full&#8221; alignment=&#8221;center&#8221; style=&#8221;vc_box_rounded&#8221;][\/vc_column_inner][vc_column_inner width=&#8221;1\/6&#8243;][vc_single_image image=&#8221;14443&#8243; img_size=&#8221;full&#8221; alignment=&#8221;center&#8221; style=&#8221;vc_box_rounded&#8221;][\/vc_column_inner][vc_column_inner width=&#8221;1\/6&#8243;][vc_single_image image=&#8221;14442&#8243; img_size=&#8221;full&#8221; alignment=&#8221;center&#8221; style=&#8221;vc_box_rounded&#8221;][\/vc_column_inner][vc_column_inner width=&#8221;1\/6&#8243;][vc_single_image image=&#8221;14441&#8243; img_size=&#8221;full&#8221; alignment=&#8221;center&#8221; style=&#8221;vc_box_rounded&#8221;][\/vc_column_inner][vc_column_inner width=&#8221;1\/12&#8243;][\/vc_column_inner][\/vc_row_inner][\/vc_column][\/mk_page_section][mk_page_section bg_color=&#8221;#f4f4f4&#8243; bg_stretch=&#8221;true&#8221; video_loop=&#8221;false&#8221; padding_top=&#8221;100&#8243; padding_bottom=&#8221;100&#8243; el_class=&#8221;section-gray&#8221; sidebar=&#8221;sidebar-1&#8243;][vc_column][vc_column_text align=&#8221;center&#8221;]\n<h1><b>Landing? Easier than you would thought\u2026<\/b><\/h1>\n<p><span style=\"font-weight: 400;\">There is always an official landing place underneath every take off. In the end of the flight, we will approach the landing sector and focus on the last phase of the landing \u2013 touching the ground again. In order to be sure that you will not hurt your ankles during the landing, we will ask you to stretch your legs and put them up to utilise the protector which is under your seat. The glider will fall behind us shortly and you can enjoy the old-new feeling of solid earth underneath your feet.<\/span>[\/vc_column_text][\/vc_column][\/mk_page_section][mk_page_section video_loop=&#8221;false&#8221; padding_top=&#8221;100&#8243; padding_bottom=&#8221;100&#8243; sidebar=&#8221;sidebar-1&#8243;][vc_column width=&#8221;1\/2&#8243;][vc_single_image image=&#8221;14439&#8243; img_size=&#8221;full&#8221; alignment=&#8221;center&#8221; style=&#8221;vc_box_rounded&#8221;][\/vc_column][vc_column width=&#8221;1\/2&#8243;][vc_column_text]\n<h4>The tin can\u2026<\/h4>\n<h2><span style=\"font-weight: 400;\">full of joy and adrenaline<\/span><\/h2>\n<div>\n<p><span style=\"font-weight: 400;\">Instant adrenalin in a tin cover \u2013 that is a funny possibility to surprise your friends and relatives. The gift package of the thermal flight contains closed tin can with a T-shirt in it and the gift voucher and further instruction.<\/span><\/p>\n<p><span style=\"font-weight: 400;\">We will be happy to help you with choosing the right type of flight for you. Both personally in El Speedo office or by phone.<\/span><\/p>\n<\/div>\n[\/vc_column_text][mk_padding_divider][\/vc_column][\/mk_page_section][mk_page_section bg_color=&#8221;#272727&#8243; bg_position=&#8221;center center&#8221; video_loop=&#8221;false&#8221; js_vertical_centered=&#8221;true&#8221; padding_top=&#8221;100&#8243; padding_bottom=&#8221;80&#8243; top_shape_color=&#8221;#ffffff&#8221; bottom_shape_color=&#8221;#ffffff&#8221; el_class=&#8221;sc-dark&#8221; sidebar=&#8221;sidebar-1&#8243;][vc_column][vc_column_text]\n<h1 style=\"text-align: center;\"><b>The romantic wedding<\/b><\/h1>\n<h4 style=\"text-align: center;\"><span style=\"font-weight: 400;\">In the church on Pra\u0161iv\u00e1 hill<\/span><\/h4>\n[\/vc_column_text][\/vc_column][vc_column width=&#8221;1\/2&#8243; css=&#8221;.vc_custom_1481026451731{padding-top: 100px !important;padding-right: 80px !important;padding-left: 80px !important;}&#8221;][vc_column_text]\n<div style=\"text-align: center;\">\n<div>\n<p><span style=\"font-weight: 400;\">There are only few places like this in Czech Republic. You can enjoy the peace and calm in pure nature. <\/span><\/p>\n<p><span style=\"font-weight: 400;\">The church of Saint Anthony was found by George, the duke of Oppersdorf in 1640. Not it\u2019s very popular pilgrim stop. Regular Sunday prayers with intimate atmosphere, pure nature of beautiful forest and the hut on Pra\u0161iv\u00e1 with refreshment, quality cuisine and accommodation make incredibly interesting and easy-going spot which has its soul.<\/span><\/p>\n<p><span style=\"font-weight: 400;\">Do you want to have your wedding in different than usual style? Then feel free to arrive in historic cars, have the ceremony right in the church, use the accommodation in the hut and come to fly with us! On Pra\u0161iv\u00e1 or on Javorov\u00fd mountain or on Lys\u00e1 hora &#8211; we enjoy flying with you.<\/span><\/p>\n<\/div>\n<div><\/div>\n<div><\/div>\n<div><a href=\"http:\/\/www.chataprasiva.cz\/\">www.chataprasiva.cz<\/a><\/div>\n<\/div>\n[\/vc_column_text][\/vc_column][vc_column width=&#8221;1\/2&#8243; css=&#8221;.vc_custom_1481024756893{padding-top: 70px !important;}&#8221;][vc_single_image image=&#8221;14485&#8243; img_size=&#8221;full&#8221; alignment=&#8221;center&#8221; style=&#8221;vc_box_rounded&#8221;][vc_single_image image=&#8221;14483&#8243; img_size=&#8221;full&#8221; alignment=&#8221;center&#8221; style=&#8221;vc_box_rounded&#8221;][\/vc_column][\/mk_page_section][mk_page_section video_loop=&#8221;false&#8221; padding_top=&#8221;60&#8243; padding_bottom=&#8221;60&#8243; sidebar=&#8221;sidebar-1&#8243;][vc_column][vc_column_text]<b>Detail info of thermal flight<\/b><\/p>\n<p><b>Duration of flight:<\/b><\/p>\n<p><span style=\"font-weight: 400;\">It depends mainly on the current weather conditions but basically 20 minutes or longer. The duration and altitude of flight depend on the difference of temperatures in various altitudes and on sun activity. That is why we invite you to do this type of flight from late March to the end of August \u2013 this period is the best for thermalling when 20 minutes is no problem and we usually reach altitude over 2000 metres.<\/span><\/p>\n<p><span style=\"font-weight: 400;\">When it comes to the duration of the whole trip for this flight, be advised that it takes usually from 60 to 90 minutes.<\/span><\/p>\n<p><b>Suitable flight conditions<\/b><\/p>\n<p><span style=\"font-weight: 400;\">We carry out the thermal flights with the mild and mid strong wind up to 8 metres per second which of course depends mainly on specific starting site. Depending on your schedule and current weather conditions we choose those flying terrains that are appropriate to the current wind directions.<\/span><\/p>\n<p><b>We usually go to these sites for thermal flights in Beskydy:<\/b><\/p>\n<ul>\n<li><span style=\"font-weight: 400;\">Javorov\u00fd,<\/span><\/li>\n<li>Pra\u0161iv\u00e1,<\/li>\n<li>Ond\u0159ejn\u00edk-Skalka,<\/li>\n<li>Javorn\u00edk,<\/li>\n<li>Lys\u00e1 hora.<\/li>\n<\/ul>\n<p><b>For flying in Jeseniky, we use these sites:<\/b><\/p>\n<ul>\n<li><span style=\"font-weight: 400;\">Doln\u00ed Morava<\/span><\/li>\n<li>Kamenec<\/li>\n<\/ul>\n<p><span style=\"font-weight: 400;\">Unfortunately, we do not go a lot for flying to Jeseniky due to lack of good flying days. We need to be ready for moving this kind of flight to Beskydy. We will keep you informed if the conditions would be about to set us back in Jeseniky.<\/span><\/p>\n<p><b>For thermal flights in Krkono\u0161e, we go to:<\/b><\/p>\n<ul>\n<li><span style=\"font-weight: 400;\">\u010cern\u00e1 hora,<\/span><\/li>\n<li>Koz\u00e1kov,<\/li>\n<li>Medv\u011bd\u00edn.<\/li>\n<\/ul>\n<p><b>Demands for the passenger<\/b><\/p>\n<ul>\n<li><span style=\"font-weight: 400;\">the passenger is suitable for both children and adults; all that matters is you weight which should be from 5 to 115 kg<\/span><\/li>\n<li>for the flight itself, we recommend you to wear high trekking shoe with fix ankle, long trousers and windproof jacket. It is nice to have sunglasses when the sun is shining happily.<\/li>\n<\/ul>\n<p><b>The flight:<\/b><\/p>\n<p><span style=\"font-weight: 400;\">Before the flight itself, there is a short preparation including the instructions for landing. We will adjust the harness to your size and try a little bit of running with the harness. If interested, the tandem pilot will explain you principles of paragliding. Then you will be seated and got a helmet.<\/span><\/p>\n<p><span style=\"font-weight: 400;\">After a short running down the hill, you will be flying. You will be seated in front of the pilot, literally in the first row. The flight itself takes roughly from 6 to 12 minutes which depends mainly on current flying condition.<\/span><\/p>\n<p><span style=\"font-weight: 400;\">You may shoot your own pictures if you take your camera for flying. However we recommend this option for the thermal flight. It is so much better just to enjoy the view. We offer you to take the pictures or make a video ourselves.<\/span><\/p>\n<p><b>Audience<\/b><\/p>\n<p><span style=\"font-weight: 400;\">Of course, you may invite your closest to watch you flying directly on start or they may watch the landing.<\/span><\/p>\n<p><b>The number of passengers:<\/b><\/p>\n<p><span style=\"font-weight: 400;\">The tandem glider is just for two persons, ie one pilot and one passenger. However, if interested, let us know in advance that you would like to start within a group and we will gather our crew to fly with you all!<\/span><\/p>\n<p><b>How to do it?<\/b><\/p>\n<p><span style=\"font-weight: 400;\">Order your flight by our online form or by phone (+ 420 777 311 661) or personally in our office. You will be told the specific date, place and hour of your flight by your tandem pilot who will contact you in advance. Do not forget to take your voucher with you.<\/span>[\/vc_column_text][vc_separator el_width=&#8221;80&#8243; el_class=&#8221;basic-separator&#8221; css=&#8221;.vc_custom_1481024455515{padding-top: 70px !important;padding-bottom: 40px !important;}&#8221;][vc_column_text]<b>Detail info of the wedding flight<\/b><\/p>\n<p><b>Duration of flight:<\/b><\/p>\n<p><span style=\"font-weight: 400;\">From 6 to 12 minutes on average which depends mainly on elevation of the take off and current weather conditions.<\/span><\/p>\n<p><span style=\"font-weight: 400;\">The duration of flight depends on the elevation which is the difference between altitude of starting and landing spot, then the wind and thermals. Average flight with 500 metres elevation takes around 10 minutes. If there would be a possibility for thermalling and you would love to spend more time flying, just tell the pilot and let us enjoy the Thermal Flight.<\/span><\/p>\n<p><span style=\"font-weight: 400;\">When it comes to the duration of the whole trip for this flight, be advised that it takes usually from 60 to 90 minutes.<\/span><\/p>\n<p><b>We usually go to these sites for wedding flights in Beskydy:<\/b><\/p>\n<ul>\n<li><span style=\"font-weight: 400;\">Javorov\u00fd,<\/span><\/li>\n<li>Pra\u0161iv\u00e1,<\/li>\n<li>Ond\u0159ejn\u00edk-Skalka,<\/li>\n<li>Javorn\u00edk,<\/li>\n<li>Lys\u00e1 hora.<\/li>\n<\/ul>\n<p><b>For flying in Jeseniky, we use these sites:<\/b><\/p>\n<ul>\n<li><span style=\"font-weight: 400;\">Doln\u00ed Morava<\/span><\/li>\n<li>Kamenec<\/li>\n<\/ul>\n<p><span style=\"font-weight: 400;\">Unfortunately, we do not go a lot for flying to Jeseniky due to lack of good flying days. We need to be ready for moving this kind of flight to Beskydy. We will keep you informed if the conditions would be about to set us back in Jeseniky.<\/span><\/p>\n<p><b>For wedding flights in Krkono\u0161e, we go to:<\/b><\/p>\n<ul>\n<li><span style=\"font-weight: 400;\">\u010cern\u00e1 hora,<\/span><\/li>\n<li>Koz\u00e1kov,<\/li>\n<li>Medv\u011bd\u00edn.<\/li>\n<\/ul>\n<p><b>Suitable flying conditions:<\/b><\/p>\n<p><span style=\"font-weight: 400;\">We can offer this type of flight any time of the year. In Czech Republic, the season begins in march and ends in late october. In the other sites it depends mainly on snow coverage. The flight is usually done with mild wind, up to 8 m\/s which of course depends on particular site. Ultimately, we choose the site of your flight by considering the wind direction.<\/span><\/p>\n<p><b>Demands for the passenger<\/b><\/p>\n<ul>\n<li><span style=\"font-weight: 400;\">the passenger is suitable for both children and adults; all that matters is you weight which should be from 5 to 115 kg<\/span><\/li>\n<li>for the flight itself, we recommend you to wear high trekking shoe with fix ankle, long trousers and windproof jacket. It is nice to have sunglasses when the sun is shining happily.<\/li>\n<\/ul>\n<p><b>The flight:<\/b><\/p>\n<p><span style=\"font-weight: 400;\">Before the flight itself, there is a short preparation including the instructions for landing. We will adjust the harness to your size and try a little bit of running with the harness. If interested, the tandem pilot will explain you principles of paragliding. Then you will be seated and got a helmet.<\/span><\/p>\n<p><span style=\"font-weight: 400;\">After a short running down the hill, you will be flying. You will be seated in front of the pilot, literally in the first row. The flight itself takes roughly from 6 to 12 minutes which depends mainly on current flying condition.<\/span><\/p>\n<p><span style=\"font-weight: 400;\">You may shoot your own pictures if you take your camera for flying. However we recommend this option for the thermal flight. It is so much better just to enjoy the view. We offer you to take the pictures or make a video ourselves.<\/span><\/p>\n<p><b>Audience<\/b><\/p>\n<p><span style=\"font-weight: 400;\">Of course, you may invite your closest to watch you flying directly on start or they may watch the landing.<\/span><\/p>\n<p><b>The number of passengers:<\/b><\/p>\n<p><span style=\"font-weight: 400;\">The tandem glider is just for two persons, ie one pilot and one passenger. However, if interested, let us know in advance that you would like to start within a group and we will gather our crew to fly with you all!<\/span><\/p>\n<p><b>How to do it?<\/b><\/p>\n<p><span style=\"font-weight: 400;\">Order your flight by our online form or by phone (+ 420 777 311 661) or personally in our office. You will be told the specific date, place and hour of your flight by your tandem pilot who will contact you in advance. Do not forget to take your voucher with you.<\/span>[\/vc_column_text][\/vc_column][\/mk_page_section][mk_page_section bg_color=&#8221;#f4f4f4&#8243; bg_stretch=&#8221;true&#8221; video_loop=&#8221;false&#8221; padding_top=&#8221;100&#8243; padding_bottom=&#8221;100&#8243; el_class=&#8221;section-gray&#8221; sidebar=&#8221;sidebar-1&#8243;][vc_column width=&#8221;1\/2&#8243;][vc_column_text]\n<h2>Fly with us to the sky!<\/h2>\n[\/vc_column_text][\/vc_column][vc_column width=&#8221;1\/2&#8243;][\/vc_column][\/mk_page_section]\n<\/div>","protected":false},"excerpt":{"rendered":"<p>[mk_page_section layout_structure=&#8221;half_left&#8221; bg_image=&#8221;https:\/\/elspeedo.cz\/wp-content\/uploads\/2016\/11\/tandem-svatba.jpg&#8221; bg_color=&#8221;#f4f4f4&#8243; video_loop=&#8221;false&#8221; padding_top=&#8221;100&#8243; padding_bottom=&#8221;100&#8243;][vc_column][vc_column_text align=&#8221;center&#8221;] We love and enjoy every kind of fun and therefore we would be very happy to make your wishes come true. The wedding in the air, ceremony on the ground, celebration in the air, celebration anywhere or easy Sunday morning of the wedding guests after Saturday party [&hellip;]<\/p>\n","protected":false},"author":7,"featured_media":0,"parent":15498,"menu_order":5,"comment_status":"closed","ping_status":"closed","template":"","meta":{"_tribe_blocks_recurrence_rules":"","_tribe_blocks_recurrence_exclusions":"","_tribe_blocks_recurrence_description":"","footnotes":""},"class_list":["post-14567","page","type-page","status-publish","hentry"],"yoast_head":"<!-- This site is optimized with the Yoast SEO plugin v27.0 - https:\/\/yoast.com\/product\/yoast-seo-wordpress\/ -->\n<title>The wedding tandem flight &#8212; El Speedo<\/title>\n<meta name=\"description\" content=\"El Speedo je nejv\u011bt\u0161\u00ed paraglidingov\u00e1 komunita a \u0161kola v \u010cR. Tandemov\u00e9 seskoky, kurzy, expedice a paragliding v\u00fdbava\" \/>\n<meta name=\"robots\" content=\"index, follow, max-snippet:-1, max-image-preview:large, max-video-preview:-1\" \/>\n<link rel=\"canonical\" href=\"https:\/\/elspeedo.cz\/tandemy\/svatebni-tandemovy-let\/\" \/>\n<meta property=\"og:locale\" content=\"en_US\" \/>\n<meta property=\"og:type\" content=\"article\" \/>\n<meta property=\"og:title\" content=\"The wedding tandem flight &#8212; El Speedo\" \/>\n<meta property=\"og:description\" content=\"El Speedo je nejv\u011bt\u0161\u00ed paraglidingov\u00e1 komunita a \u0161kola v \u010cR. Tandemov\u00e9 seskoky, kurzy, expedice a paragliding v\u00fdbava\" \/>\n<meta property=\"og:url\" content=\"https:\/\/elspeedo.cz\/tandemy\/svatebni-tandemovy-let\/\" \/>\n<meta property=\"og:site_name\" content=\"El Speedo\" \/>\n<meta property=\"article:publisher\" content=\"http:\/\/www.facebook.com\/paragliding.elspeedo.cz\/?fref=ts\" \/>\n<meta property=\"article:modified_time\" content=\"2017-01-31T18:40:56+00:00\" \/>\n<meta name=\"twitter:card\" content=\"summary_large_image\" \/>\n<meta name=\"twitter:label1\" content=\"Est. reading time\" \/>\n\t<meta name=\"twitter:data1\" content=\"11 minutes\" \/>\n<script type=\"application\/ld+json\" class=\"yoast-schema-graph\">{\"@context\":\"https:\/\/schema.org\",\"@graph\":[{\"@type\":\"WebPage\",\"@id\":\"https:\/\/elspeedo.cz\/tandemy\/svatebni-tandemovy-let\/\",\"url\":\"https:\/\/elspeedo.cz\/tandemy\/svatebni-tandemovy-let\/\",\"name\":\"The wedding tandem flight &#8212; El Speedo\",\"isPartOf\":{\"@id\":\"https:\/\/elspeedo.cz\/#website\"},\"datePublished\":\"2016-12-06T11:49:46+00:00\",\"dateModified\":\"2017-01-31T18:40:56+00:00\",\"description\":\"El Speedo je nejv\u011bt\u0161\u00ed paraglidingov\u00e1 komunita a \u0161kola v \u010cR. Tandemov\u00e9 seskoky, kurzy, expedice a paragliding v\u00fdbava\",\"breadcrumb\":{\"@id\":\"https:\/\/elspeedo.cz\/tandemy\/svatebni-tandemovy-let\/#breadcrumb\"},\"inLanguage\":\"en-US\",\"potentialAction\":[{\"@type\":\"ReadAction\",\"target\":[\"https:\/\/elspeedo.cz\/tandemy\/svatebni-tandemovy-let\/\"]}]},{\"@type\":\"BreadcrumbList\",\"@id\":\"https:\/\/elspeedo.cz\/tandemy\/svatebni-tandemovy-let\/#breadcrumb\",\"itemListElement\":[{\"@type\":\"ListItem\",\"position\":1,\"name\":\"Dom\u016f\",\"item\":\"https:\/\/elspeedo.cz\/en\/\"},{\"@type\":\"ListItem\",\"position\":2,\"name\":\"Tandem flying\",\"item\":\"https:\/\/elspeedo.cz\/en\/tandem-flying\/\"},{\"@type\":\"ListItem\",\"position\":3,\"name\":\"The wedding tandem flight\"}]},{\"@type\":\"WebSite\",\"@id\":\"https:\/\/elspeedo.cz\/#website\",\"url\":\"https:\/\/elspeedo.cz\/\",\"name\":\"El Speedo\",\"description\":\"Paragliding - kurzy, vybaven\u00ed, v\u00fdlety, komunita\",\"potentialAction\":[{\"@type\":\"SearchAction\",\"target\":{\"@type\":\"EntryPoint\",\"urlTemplate\":\"https:\/\/elspeedo.cz\/?s={search_term_string}\"},\"query-input\":{\"@type\":\"PropertyValueSpecification\",\"valueRequired\":true,\"valueName\":\"search_term_string\"}}],\"inLanguage\":\"en-US\"}]}<\/script>\n<!-- \/ Yoast SEO plugin. -->","yoast_head_json":{"title":"The wedding tandem flight &#8212; El Speedo","description":"El Speedo je nejv\u011bt\u0161\u00ed paraglidingov\u00e1 komunita a \u0161kola v \u010cR. Tandemov\u00e9 seskoky, kurzy, expedice a paragliding v\u00fdbava","robots":{"index":"index","follow":"follow","max-snippet":"max-snippet:-1","max-image-preview":"max-image-preview:large","max-video-preview":"max-video-preview:-1"},"canonical":"https:\/\/elspeedo.cz\/tandemy\/svatebni-tandemovy-let\/","og_locale":"en_US","og_type":"article","og_title":"The wedding tandem flight &#8212; El Speedo","og_description":"El Speedo je nejv\u011bt\u0161\u00ed paraglidingov\u00e1 komunita a \u0161kola v \u010cR. Tandemov\u00e9 seskoky, kurzy, expedice a paragliding v\u00fdbava","og_url":"https:\/\/elspeedo.cz\/tandemy\/svatebni-tandemovy-let\/","og_site_name":"El Speedo","article_publisher":"http:\/\/www.facebook.com\/paragliding.elspeedo.cz\/?fref=ts","article_modified_time":"2017-01-31T18:40:56+00:00","twitter_card":"summary_large_image","twitter_misc":{"Est. reading time":"11 minutes"},"schema":{"@context":"https:\/\/schema.org","@graph":[{"@type":"WebPage","@id":"https:\/\/elspeedo.cz\/tandemy\/svatebni-tandemovy-let\/","url":"https:\/\/elspeedo.cz\/tandemy\/svatebni-tandemovy-let\/","name":"The wedding tandem flight &#8212; El Speedo","isPartOf":{"@id":"https:\/\/elspeedo.cz\/#website"},"datePublished":"2016-12-06T11:49:46+00:00","dateModified":"2017-01-31T18:40:56+00:00","description":"El Speedo je nejv\u011bt\u0161\u00ed paraglidingov\u00e1 komunita a \u0161kola v \u010cR. Tandemov\u00e9 seskoky, kurzy, expedice a paragliding v\u00fdbava","breadcrumb":{"@id":"https:\/\/elspeedo.cz\/tandemy\/svatebni-tandemovy-let\/#breadcrumb"},"inLanguage":"en-US","potentialAction":[{"@type":"ReadAction","target":["https:\/\/elspeedo.cz\/tandemy\/svatebni-tandemovy-let\/"]}]},{"@type":"BreadcrumbList","@id":"https:\/\/elspeedo.cz\/tandemy\/svatebni-tandemovy-let\/#breadcrumb","itemListElement":[{"@type":"ListItem","position":1,"name":"Dom\u016f","item":"https:\/\/elspeedo.cz\/en\/"},{"@type":"ListItem","position":2,"name":"Tandem flying","item":"https:\/\/elspeedo.cz\/en\/tandem-flying\/"},{"@type":"ListItem","position":3,"name":"The wedding tandem flight"}]},{"@type":"WebSite","@id":"https:\/\/elspeedo.cz\/#website","url":"https:\/\/elspeedo.cz\/","name":"El Speedo","description":"Paragliding - kurzy, vybaven\u00ed, v\u00fdlety, komunita","potentialAction":[{"@type":"SearchAction","target":{"@type":"EntryPoint","urlTemplate":"https:\/\/elspeedo.cz\/?s={search_term_string}"},"query-input":{"@type":"PropertyValueSpecification","valueRequired":true,"valueName":"search_term_string"}}],"inLanguage":"en-US"}]}},"_links":{"self":[{"href":"https:\/\/elspeedo.cz\/en\/wp-json\/wp\/v2\/pages\/14567","targetHints":{"allow":["GET"]}}],"collection":[{"href":"https:\/\/elspeedo.cz\/en\/wp-json\/wp\/v2\/pages"}],"about":[{"href":"https:\/\/elspeedo.cz\/en\/wp-json\/wp\/v2\/types\/page"}],"author":[{"embeddable":true,"href":"https:\/\/elspeedo.cz\/en\/wp-json\/wp\/v2\/users\/7"}],"replies":[{"embeddable":true,"href":"https:\/\/elspeedo.cz\/en\/wp-json\/wp\/v2\/comments?post=14567"}],"version-history":[{"count":0,"href":"https:\/\/elspeedo.cz\/en\/wp-json\/wp\/v2\/pages\/14567\/revisions"}],"up":[{"embeddable":true,"href":"https:\/\/elspeedo.cz\/en\/wp-json\/wp\/v2\/pages\/15498"}],"wp:attachment":[{"href":"https:\/\/elspeedo.cz\/en\/wp-json\/wp\/v2\/media?parent=14567"}],"curies":[{"name":"wp","href":"https:\/\/api.w.org\/{rel}","templated":true}]}}