{"id":14685,"date":"2016-12-07T17:13:32","date_gmt":"2016-12-07T16:13:32","guid":{"rendered":"https:\/\/elspeedo.cz\/termicky-vylet\/?lang=en"},"modified":"2023-03-06T11:08:43","modified_gmt":"2023-03-06T10:08:43","slug":"thermal-training","status":"publish","type":"page","link":"https:\/\/elspeedo.cz\/en\/courses-all-2\/paragliding-training\/thermal-training\/","title":{"rendered":"Thermal Training"},"content":{"rendered":"<div class=\"wpb-content-wrapper\">[mk_page_section bg_color=&#8221;#f4f4f4&#8243; video_loop=&#8221;false&#8221; padding_top=&#8221;0&#8243; padding_bottom=&#8221;0&#8243; sidebar=&#8221;sidebar-1&#8243;][vc_column width=&#8221;1\/2&#8243; css=&#8221;.vc_custom_1492947368629{padding-top: 30px !important;}&#8221;][vc_single_image image=&#8221;38334&#8243; img_size=&#8221;full&#8221; alignment=&#8221;center&#8221; style=&#8221;vc_box_rounded&#8221;][\/vc_column][vc_column width=&#8221;1\/2&#8243; css=&#8221;.vc_custom_1492947613772{padding-top: 50px !important;}&#8221;][vc_column_text disable_pattern=&#8221;false&#8221; align=&#8221;center&#8221;]\n<h1 style=\"text-align: center;\"><strong>To gain altitude means 3D freedom<\/strong><\/h1>\n<p style=\"text-align: center;\">Intense training of thermalling is the perfect opportunity not only for beginners but for all of you who want to improve your flying with the assistance of our instructors.<\/p>\n<p style=\"text-align: center;\">The european sites, same El Speedo instructors who you know from the elementary course, departure according to the weather conditions, morning theoretical tuition and afternoon thermalling.<\/p>\n[\/vc_column_text][\/vc_column][\/mk_page_section][mk_page_section video_loop=&#8221;false&#8221; padding_top=&#8221;60&#8243; padding_bottom=&#8221;20&#8243; sidebar=&#8221;sidebar-1&#8243;][vc_column width=&#8221;1\/6&#8243;][\/vc_column][vc_column width=&#8221;2\/3&#8243;][vc_column_text]\n<h1 style=\"text-align: center;\"><strong>Terms and reservations<\/strong><\/h1>\n<div id=\"text-block-7\" class=\"mk-text-block \"><\/div>\n[\/vc_column_text][\/vc_column][vc_column width=&#8221;1\/6&#8243;][\/vc_column][\/mk_page_section][vc_row][vc_column][vc_column_text]\n<p style=\"text-align: left;\">\t<p>There are no upcoming events at this time.<\/p>\n\n[\/vc_column_text][mk_padding_divider size=&#8221;80&#8243;][\/vc_column][\/vc_row][mk_page_section bg_color=&#8221;#f4f4f4&#8243; bg_stretch=&#8221;true&#8221; video_loop=&#8221;false&#8221; padding_top=&#8221;0&#8243; padding_bottom=&#8221;0&#8243; el_class=&#8221;section-gray&#8221; sidebar=&#8221;sidebar-1&#8243;][vc_column width=&#8221;2\/3&#8243; css=&#8221;.vc_custom_1493027027955{padding-top: 60px !important;}&#8221;][vc_column_text disable_pattern=&#8221;false&#8221; align=&#8221;center&#8221;]\n<h1 style=\"text-align: left;\"><strong>Brief information<\/strong><\/h1>\n<p style=\"text-align: left;\">We are organising these trips for beginners just after the elementary course who want to gain new experience in new environment. Experienced instructor will help you find and exploit thermals correctly as well as he\/she will assist you when inflating the glider or landing. These courses are also suitable for whole range of pilots who enjoy the servis of our school (transportation, training) or just want to spend their flying vacation within enthusiastic group of people.<\/p>\n<p style=\"text-align: left;\"><strong>Must have<\/strong><\/p>\n<p style=\"text-align: left;\">Valid pilot licence, at least Pilot or other equivalent licence<\/p>\n<p style=\"text-align: left;\"><strong>Physical demands<\/strong><\/p>\n<p style=\"text-align: left;\">Middle or low<\/p>\n<p style=\"text-align: left;\"><strong>Recommended flying hours<\/strong><\/p>\n<ul>\n<li style=\"text-align: left;\">any<\/li>\n<li style=\"text-align: left;\">the trip is suitable for all pilots from fresh graduates of the elementary course to experienced ones<\/li>\n<\/ul>\n<p style=\"text-align: left;\"><strong>Goals of the trip<\/strong><\/p>\n<p style=\"text-align: left;\">If the weather is flyable, we devote all our time to thermalling, ie. finding the centre of thermals, efficient turning and much more. In the end of this trip, we will prepare a task to fly and organise a little competition. Who flies further, wins. On this day, we have our bus ready to get pilots on the track and if you have GPS, we shall use its information to analyse your flight to recognise gaps for futher training.<\/p>\n<p style=\"text-align: left;\"><strong>Duration of the trip<\/strong><\/p>\n<p style=\"text-align: left;\">This course last usually for five days. We usually leave on Tuesday evening and return on Sunday night or Monday early morning.<\/p>\n<p style=\"text-align: left;\"><strong>Practical training<\/strong><\/p>\n<ul>\n<li style=\"text-align: left;\">Efficient soaring<\/li>\n<li style=\"text-align: left;\">Efficient centering thermals with assistance of an instructor<\/li>\n<li style=\"text-align: left;\">Training of reverse starts if the wind would be too strong for flying<\/li>\n<\/ul>\n<p style=\"text-align: left;\"><strong>Theoretical tuition<\/strong><\/p>\n<ul>\n<li style=\"text-align: left;\">Meteorology<\/li>\n<li style=\"text-align: left;\">Descent maneuvers<\/li>\n<li style=\"text-align: left;\">Centering of thermals<\/li>\n<li style=\"text-align: left;\">Any other what you would be interested in<\/li>\n<\/ul>\n<p style=\"text-align: left;\"><strong>Destination<\/strong><\/p>\n<ul>\n<li style=\"text-align: left;\">Bassano del Grappa, Italy<\/li>\n<li style=\"text-align: left;\">Lijak, Slovenia<\/li>\n<li style=\"text-align: left;\">Meduno, Italy<\/li>\n<li style=\"text-align: left;\">Norma, Italy<\/li>\n<\/ul>\n<p style=\"text-align: left;\"><strong>Who with<\/strong><\/p>\n<p>Two XC instructors<\/p>\n<p style=\"text-align: left;\"><strong>Price: 5 900 CZK<\/strong><\/p>\n<p style=\"text-align: left;\">Our clients have 10 % discount<\/p>\n<p style=\"text-align: left;\"><strong>Price includes: <\/strong><\/p>\n<ul>\n<li style=\"text-align: left;\">help of an instructor<\/li>\n<li style=\"text-align: left;\">lending of walkie-talkie<\/li>\n<li style=\"text-align: left;\">map of the flying site<\/li>\n<li style=\"text-align: left;\">technical service and help with adjusting your gear<\/li>\n<li style=\"text-align: left;\">transportation among sites and rides up the mountain if possible<\/li>\n<li style=\"text-align: left;\">subscription \u201eStudent\u201c on our website <a href=\"http:\/\/www.eparagliding.cz\/\">www.eparagliding.c<\/a>z<\/li>\n<li style=\"text-align: left;\">a gift bag (T-shirt, promotional items, etc.)<\/li>\n<li style=\"text-align: left;\">DVD with photos from whole trip<\/li>\n<\/ul>\n<p style=\"text-align: left;\"><strong>We can lend you:<\/strong><\/p>\n<ul>\n<li style=\"text-align: left;\">Hannah tents and sleeping bags<\/li>\n<li style=\"text-align: left;\">top EN-B glider<\/li>\n<li style=\"text-align: left;\">variometres and GPS (see SKYTEST)<\/li>\n<\/ul>\n<p style=\"text-align: left;\"><strong>We will help you with:<\/strong><\/p>\n<ul>\n<li style=\"text-align: left;\">getting flying permits for particular site<\/li>\n<li style=\"text-align: left;\">accommodation and eating<\/li>\n<li style=\"text-align: left;\">transportation to the destination<\/li>\n<\/ul>\n[\/vc_column_text][\/vc_column][vc_column width=&#8221;1\/3&#8243; css=&#8221;.vc_custom_1493027198387{padding-top: 40px !important;}&#8221;][vc_media_grid style=&#8221;load-more&#8221; items_per_page=&#8221;18&#8243; element_width=&#8221;6&#8243; btn_style=&#8221;custom&#8221; btn_custom_text=&#8221;#666666&#8243; btn_add_icon=&#8221;true&#8221; btn_custom_onclick=&#8221;true&#8221; grid_id=&#8221;vc_gid:1678097295463-0e077d25-f0a1-9&#8243; include=&#8221;18205,18206,18207,18208,18210,18211,18212,18213,18214,18215,18216,18217,18218,18219,18220,18221,18222,18223,18224,18225,18226,18227,18228,18229,18230,18231,18232,18233,18234,18235,18236,18237,18238,18239,18240,18241,18242,18243,18244,18245,18246,18247,18248,18249,18250,18251,18252,18253,18254,18255,18256,18257,18258,18259,18261,18262,18263,18264,18265,18266&#8243;][\/vc_column][\/mk_page_section][mk_page_section bg_color=&#8221;#272727&#8243; bg_position=&#8221;center center&#8221; video_loop=&#8221;false&#8221; js_vertical_centered=&#8221;true&#8221; padding_top=&#8221;80&#8243; padding_bottom=&#8221;80&#8243; el_class=&#8221;sc-dark&#8221; sidebar=&#8221;sidebar-1&#8243;][vc_column][vc_column_text disable_pattern=&#8221;false&#8221; align=&#8221;center&#8221;]\n<div class=\"clr\" style=\"text-align: center;\"><span style=\"font-size: 24pt;\">Buy for\u00a0<span style=\"font-size: 40pt;\">GRADUATE PRICES<\/span><\/span><\/div>\n[\/vc_column_text][mk_padding_divider size=&#8221;20&#8243;][vc_column_text disable_pattern=&#8221;false&#8221; align=&#8221;center&#8221;]All graduates of our training programs are provided<\/p>\n<h2>10% discount and the possibility of arranging VAT deduction.<\/h2>\n<p>Get more information in El Speedo office via tel. +420 777 311 661[\/vc_column_text][\/vc_column][\/mk_page_section]\n<\/div>","protected":false},"excerpt":{"rendered":"<p>[mk_page_section bg_color=&#8221;#f4f4f4&#8243; video_loop=&#8221;false&#8221; padding_top=&#8221;0&#8243; padding_bottom=&#8221;0&#8243; sidebar=&#8221;sidebar-1&#8243;][vc_column width=&#8221;1\/2&#8243; css=&#8221;.vc_custom_1492947368629{padding-top: 30px !important;}&#8221;][vc_single_image image=&#8221;38334&#8243; img_size=&#8221;full&#8221; alignment=&#8221;center&#8221; style=&#8221;vc_box_rounded&#8221;][\/vc_column][vc_column width=&#8221;1\/2&#8243; css=&#8221;.vc_custom_1492947613772{padding-top: 50px !important;}&#8221;][vc_column_text disable_pattern=&#8221;false&#8221; align=&#8221;center&#8221;] To gain altitude means 3D freedom Intense training of thermalling is the perfect opportunity not only for beginners but for all of you who want to improve your flying with the assistance of our instructors. [&hellip;]<\/p>\n","protected":false},"author":7,"featured_media":0,"parent":15532,"menu_order":0,"comment_status":"closed","ping_status":"closed","template":"","meta":{"_tribe_blocks_recurrence_rules":"","_tribe_blocks_recurrence_exclusions":"","_tribe_blocks_recurrence_description":"","footnotes":""},"class_list":["post-14685","page","type-page","status-publish","hentry"],"yoast_head":"<!-- This site is optimized with the Yoast SEO plugin v27.0 - https:\/\/yoast.com\/product\/yoast-seo-wordpress\/ -->\n<title>Thermal Training &#8212; El Speedo<\/title>\n<meta name=\"description\" content=\"El Speedo je nejv\u011bt\u0161\u00ed paraglidingov\u00e1 komunita a \u0161kola v \u010cR. Tandemov\u00e9 seskoky, kurzy, expedice a paragliding v\u00fdbava\" \/>\n<meta name=\"robots\" content=\"index, follow, max-snippet:-1, max-image-preview:large, max-video-preview:-1\" \/>\n<link rel=\"canonical\" href=\"https:\/\/elspeedo.cz\/kurzy-paraglidingu\/paraglidingovy-trenink\/termicky-trenink\/\" \/>\n<meta property=\"og:locale\" content=\"en_US\" \/>\n<meta property=\"og:type\" content=\"article\" \/>\n<meta property=\"og:title\" content=\"Thermal Training &#8212; El Speedo\" \/>\n<meta property=\"og:description\" content=\"El Speedo je nejv\u011bt\u0161\u00ed paraglidingov\u00e1 komunita a \u0161kola v \u010cR. Tandemov\u00e9 seskoky, kurzy, expedice a paragliding v\u00fdbava\" \/>\n<meta property=\"og:url\" content=\"https:\/\/elspeedo.cz\/kurzy-paraglidingu\/paraglidingovy-trenink\/termicky-trenink\/\" \/>\n<meta property=\"og:site_name\" content=\"El Speedo\" \/>\n<meta property=\"article:publisher\" content=\"http:\/\/www.facebook.com\/paragliding.elspeedo.cz\/?fref=ts\" \/>\n<meta property=\"article:modified_time\" content=\"2023-03-06T10:08:43+00:00\" \/>\n<meta name=\"twitter:card\" content=\"summary_large_image\" \/>\n<meta name=\"twitter:label1\" content=\"Est. reading time\" \/>\n\t<meta name=\"twitter:data1\" content=\"4 minutes\" \/>\n<script type=\"application\/ld+json\" class=\"yoast-schema-graph\">{\"@context\":\"https:\/\/schema.org\",\"@graph\":[{\"@type\":\"WebPage\",\"@id\":\"https:\/\/elspeedo.cz\/kurzy-paraglidingu\/paraglidingovy-trenink\/termicky-trenink\/\",\"url\":\"https:\/\/elspeedo.cz\/kurzy-paraglidingu\/paraglidingovy-trenink\/termicky-trenink\/\",\"name\":\"Thermal Training &#8212; El Speedo\",\"isPartOf\":{\"@id\":\"https:\/\/elspeedo.cz\/#website\"},\"datePublished\":\"2016-12-07T16:13:32+00:00\",\"dateModified\":\"2023-03-06T10:08:43+00:00\",\"description\":\"El Speedo je nejv\u011bt\u0161\u00ed paraglidingov\u00e1 komunita a \u0161kola v \u010cR. Tandemov\u00e9 seskoky, kurzy, expedice a paragliding v\u00fdbava\",\"breadcrumb\":{\"@id\":\"https:\/\/elspeedo.cz\/kurzy-paraglidingu\/paraglidingovy-trenink\/termicky-trenink\/#breadcrumb\"},\"inLanguage\":\"en-US\",\"potentialAction\":[{\"@type\":\"ReadAction\",\"target\":[\"https:\/\/elspeedo.cz\/kurzy-paraglidingu\/paraglidingovy-trenink\/termicky-trenink\/\"]}]},{\"@type\":\"BreadcrumbList\",\"@id\":\"https:\/\/elspeedo.cz\/kurzy-paraglidingu\/paraglidingovy-trenink\/termicky-trenink\/#breadcrumb\",\"itemListElement\":[{\"@type\":\"ListItem\",\"position\":1,\"name\":\"Dom\u016f\",\"item\":\"https:\/\/elspeedo.cz\/en\/\"},{\"@type\":\"ListItem\",\"position\":2,\"name\":\"Courses\",\"item\":\"https:\/\/elspeedo.cz\/en\/courses-all-2\/\"},{\"@type\":\"ListItem\",\"position\":3,\"name\":\"Paragliding training\",\"item\":\"https:\/\/elspeedo.cz\/en\/courses-all-2\/paragliding-training\/\"},{\"@type\":\"ListItem\",\"position\":4,\"name\":\"Thermal Training\"}]},{\"@type\":\"WebSite\",\"@id\":\"https:\/\/elspeedo.cz\/#website\",\"url\":\"https:\/\/elspeedo.cz\/\",\"name\":\"El Speedo\",\"description\":\"Paragliding - kurzy, vybaven\u00ed, v\u00fdlety, komunita\",\"potentialAction\":[{\"@type\":\"SearchAction\",\"target\":{\"@type\":\"EntryPoint\",\"urlTemplate\":\"https:\/\/elspeedo.cz\/?s={search_term_string}\"},\"query-input\":{\"@type\":\"PropertyValueSpecification\",\"valueRequired\":true,\"valueName\":\"search_term_string\"}}],\"inLanguage\":\"en-US\"}]}<\/script>\n<!-- \/ Yoast SEO plugin. -->","yoast_head_json":{"title":"Thermal Training &#8212; El Speedo","description":"El Speedo je nejv\u011bt\u0161\u00ed paraglidingov\u00e1 komunita a \u0161kola v \u010cR. Tandemov\u00e9 seskoky, kurzy, expedice a paragliding v\u00fdbava","robots":{"index":"index","follow":"follow","max-snippet":"max-snippet:-1","max-image-preview":"max-image-preview:large","max-video-preview":"max-video-preview:-1"},"canonical":"https:\/\/elspeedo.cz\/kurzy-paraglidingu\/paraglidingovy-trenink\/termicky-trenink\/","og_locale":"en_US","og_type":"article","og_title":"Thermal Training &#8212; El Speedo","og_description":"El Speedo je nejv\u011bt\u0161\u00ed paraglidingov\u00e1 komunita a \u0161kola v \u010cR. Tandemov\u00e9 seskoky, kurzy, expedice a paragliding v\u00fdbava","og_url":"https:\/\/elspeedo.cz\/kurzy-paraglidingu\/paraglidingovy-trenink\/termicky-trenink\/","og_site_name":"El Speedo","article_publisher":"http:\/\/www.facebook.com\/paragliding.elspeedo.cz\/?fref=ts","article_modified_time":"2023-03-06T10:08:43+00:00","twitter_card":"summary_large_image","twitter_misc":{"Est. reading time":"4 minutes"},"schema":{"@context":"https:\/\/schema.org","@graph":[{"@type":"WebPage","@id":"https:\/\/elspeedo.cz\/kurzy-paraglidingu\/paraglidingovy-trenink\/termicky-trenink\/","url":"https:\/\/elspeedo.cz\/kurzy-paraglidingu\/paraglidingovy-trenink\/termicky-trenink\/","name":"Thermal Training &#8212; El Speedo","isPartOf":{"@id":"https:\/\/elspeedo.cz\/#website"},"datePublished":"2016-12-07T16:13:32+00:00","dateModified":"2023-03-06T10:08:43+00:00","description":"El Speedo je nejv\u011bt\u0161\u00ed paraglidingov\u00e1 komunita a \u0161kola v \u010cR. Tandemov\u00e9 seskoky, kurzy, expedice a paragliding v\u00fdbava","breadcrumb":{"@id":"https:\/\/elspeedo.cz\/kurzy-paraglidingu\/paraglidingovy-trenink\/termicky-trenink\/#breadcrumb"},"inLanguage":"en-US","potentialAction":[{"@type":"ReadAction","target":["https:\/\/elspeedo.cz\/kurzy-paraglidingu\/paraglidingovy-trenink\/termicky-trenink\/"]}]},{"@type":"BreadcrumbList","@id":"https:\/\/elspeedo.cz\/kurzy-paraglidingu\/paraglidingovy-trenink\/termicky-trenink\/#breadcrumb","itemListElement":[{"@type":"ListItem","position":1,"name":"Dom\u016f","item":"https:\/\/elspeedo.cz\/en\/"},{"@type":"ListItem","position":2,"name":"Courses","item":"https:\/\/elspeedo.cz\/en\/courses-all-2\/"},{"@type":"ListItem","position":3,"name":"Paragliding training","item":"https:\/\/elspeedo.cz\/en\/courses-all-2\/paragliding-training\/"},{"@type":"ListItem","position":4,"name":"Thermal Training"}]},{"@type":"WebSite","@id":"https:\/\/elspeedo.cz\/#website","url":"https:\/\/elspeedo.cz\/","name":"El Speedo","description":"Paragliding - kurzy, vybaven\u00ed, v\u00fdlety, komunita","potentialAction":[{"@type":"SearchAction","target":{"@type":"EntryPoint","urlTemplate":"https:\/\/elspeedo.cz\/?s={search_term_string}"},"query-input":{"@type":"PropertyValueSpecification","valueRequired":true,"valueName":"search_term_string"}}],"inLanguage":"en-US"}]}},"_links":{"self":[{"href":"https:\/\/elspeedo.cz\/en\/wp-json\/wp\/v2\/pages\/14685","targetHints":{"allow":["GET"]}}],"collection":[{"href":"https:\/\/elspeedo.cz\/en\/wp-json\/wp\/v2\/pages"}],"about":[{"href":"https:\/\/elspeedo.cz\/en\/wp-json\/wp\/v2\/types\/page"}],"author":[{"embeddable":true,"href":"https:\/\/elspeedo.cz\/en\/wp-json\/wp\/v2\/users\/7"}],"replies":[{"embeddable":true,"href":"https:\/\/elspeedo.cz\/en\/wp-json\/wp\/v2\/comments?post=14685"}],"version-history":[{"count":1,"href":"https:\/\/elspeedo.cz\/en\/wp-json\/wp\/v2\/pages\/14685\/revisions"}],"predecessor-version":[{"id":204278,"href":"https:\/\/elspeedo.cz\/en\/wp-json\/wp\/v2\/pages\/14685\/revisions\/204278"}],"up":[{"embeddable":true,"href":"https:\/\/elspeedo.cz\/en\/wp-json\/wp\/v2\/pages\/15532"}],"wp:attachment":[{"href":"https:\/\/elspeedo.cz\/en\/wp-json\/wp\/v2\/media?parent=14685"}],"curies":[{"name":"wp","href":"https:\/\/api.w.org\/{rel}","templated":true}]}}