{"id":151066,"date":"2016-12-27T12:58:46","date_gmt":"2016-12-27T11:58:46","guid":{"rendered":"https:\/\/elspeedo.cz\/konstrukcja\/"},"modified":"2021-02-12T10:39:02","modified_gmt":"2021-02-12T09:39:02","slug":"construction","status":"publish","type":"page","link":"https:\/\/elspeedo.cz\/en\/construction\/","title":{"rendered":"Construction"},"content":{"rendered":"[mk_page_section bg_image=&#8221;https:\/\/elspeedo.cz\/wp-content\/uploads\/2016\/12\/el-speedo-gliders-2-1.jpg&#8221; bg_position=&#8221;center center&#8221; bg_repeat=&#8221;no-repeat&#8221; bg_stretch=&#8221;true&#8221; video_loop=&#8221;false&#8221; min_height=&#8221;450&#8243; padding_bottom=&#8221;60&#8243; sidebar=&#8221;sidebar-1&#8243;][vc_column][\/vc_column][\/mk_page_section][mk_page_section video_loop=&#8221;false&#8221; padding_top=&#8221;60&#8243; padding_bottom=&#8221;20&#8243; sidebar=&#8221;sidebar-1&#8243;][vc_column][vc_column_text]\n<h2>AIRSCOOP technology<\/h2>\n<p>Specially modeled front part of the canopy ribs, which shape a selected part of the leading edge.\u00a0 This aerodynamic technology significantly increases the stiffness of the leading edge when flying at high speeds. You will appreciate AIRSCOOP technology especially when flying fast in turbulent places.[\/vc_column_text][\/vc_column][\/mk_page_section][mk_page_section video_loop=&#8221;false&#8221; padding_top=&#8221;20&#8243; padding_bottom=&#8221;20&#8243; sidebar=&#8221;sidebar-1&#8243;][vc_column][vc_column_text]\n<div>\n<h2>Hybrid line geometry<\/h2>\n<\/div>\n<div>\n<p>Sophisticated and long-proven type combination of lines ensures greater length stability and thus extends the airworthiness of El Speedo paragliders. The use of the most suitable diameters and braids of lines in individual parts of the line geometry reduces the aerodynamic drag and also reduces the weight of the paraglider.<\/p>\n<\/div>\n<div><\/div>\n[\/vc_column_text][\/vc_column][\/mk_page_section][mk_page_section video_loop=&#8221;false&#8221; padding_top=&#8221;20&#8243; padding_bottom=&#8221;20&#8243; sidebar=&#8221;sidebar-1&#8243;][vc_column][vc_column_text]\n<h2>Nylon reinforcements in the leading edge<\/h2>\n<p>They reduce the overall weight of the paraglider. They maintain the optimal shape of the leading edge even in extreme conditions and increase stability and glide ratio, especially when flying at higher speeds.<\/p>\n<div><\/div>\n[\/vc_column_text][\/vc_column][\/mk_page_section][mk_page_section video_loop=&#8221;false&#8221; padding_top=&#8221;20&#8243; padding_bottom=&#8221;20&#8243; sidebar=&#8221;sidebar-1&#8243;][vc_column][vc_column_text]\n<h2>Leading edge 3D shaping<\/h2>\n<p>It keeps the individual cell openings exactly in the shape of the leading edge, reduces drag and increases performance.<\/p>\n<div><\/div>\n[\/vc_column_text][\/vc_column][\/mk_page_section][mk_page_section video_loop=&#8221;false&#8221; padding_top=&#8221;20&#8243; padding_bottom=&#8221;20&#8243; sidebar=&#8221;sidebar-1&#8243;][vc_column][vc_column_text]\n<h2>Trailing edge intersectional ribs<\/h2>\n<div>\n<p>They double cells in the rear part of canopy, increase dimensional stability, reduce drag and increase performance.<\/p>\n<\/div>\n[\/vc_column_text][\/vc_column][\/mk_page_section][mk_page_section video_loop=&#8221;false&#8221; padding_top=&#8221;20&#8243; padding_bottom=&#8221;20&#8243; sidebar=&#8221;sidebar-1&#8243;][vc_column][vc_column_text]\n<h2>Durable materials<\/h2>\n<p>They significantly extend the life of the product, increases the utility value. Top cover &#8211; Skytex 9017 E25A 40g, bottom cover &#8211; Skytex 9017 E25A 40g, ribs &#8211; Skytex 9017 E29A 40g.[\/vc_column_text][\/vc_column][\/mk_page_section][mk_page_section video_loop=&#8221;false&#8221; padding_top=&#8221;20&#8243; padding_bottom=&#8221;20&#8243; sidebar=&#8221;sidebar-1&#8243;][vc_column][vc_column_text]\n<h2>Laser cutting<\/h2>\n<p>Since the end of 2014, all parts of EL Speedo paragliders have been manufactured using a laser cutter, which ensures maximum cutting accuracy.[\/vc_column_text][\/vc_column][\/mk_page_section]\n","protected":false},"excerpt":{"rendered":"<p>[mk_page_section bg_image=&#8221;https:\/\/elspeedo.cz\/wp-content\/uploads\/2016\/12\/el-speedo-gliders-2-1.jpg&#8221; bg_position=&#8221;center center&#8221; bg_repeat=&#8221;no-repeat&#8221; bg_stretch=&#8221;true&#8221; video_loop=&#8221;false&#8221; min_height=&#8221;450&#8243; padding_bottom=&#8221;60&#8243; sidebar=&#8221;sidebar-1&#8243;][vc_column][\/vc_column][\/mk_page_section][mk_page_section video_loop=&#8221;false&#8221; padding_top=&#8221;60&#8243; padding_bottom=&#8221;20&#8243; sidebar=&#8221;sidebar-1&#8243;][vc_column][vc_column_text] AIRSCOOP technology Specially modeled front part of the canopy ribs, which shape a selected part of the leading edge.\u00a0 This aerodynamic technology significantly increases the stiffness of the leading edge when flying at high speeds. You will appreciate AIRSCOOP technology especially [&hellip;]<\/p>\n","protected":false},"author":4,"featured_media":0,"parent":0,"menu_order":0,"comment_status":"closed","ping_status":"closed","template":"","meta":{"_tribe_blocks_recurrence_rules":"","_tribe_blocks_recurrence_exclusions":"","_tribe_blocks_recurrence_description":"","footnotes":""},"class_list":["post-151066","page","type-page","status-publish","hentry"],"yoast_head":"<!-- This site is optimized with the Yoast SEO plugin v27.0 - https:\/\/yoast.com\/product\/yoast-seo-wordpress\/ -->\n<title>Construction &#8212; El Speedo<\/title>\n<meta name=\"description\" content=\"Konstrukce kluz\u00e1ku: technologie AIRSCOOP Speci\u00e1ln\u011b modelovan\u00e1 p\u0159edn\u00ed \u010d\u00e1st \u017eeber vrchl\u00edku, kter\u00e1 tvaruj\u00ed vybranou \u010d\u00e1st n\u00e1b\u011b\u017en\u00e9 hrany. Tato technologie\" \/>\n<meta name=\"robots\" content=\"index, follow, max-snippet:-1, max-image-preview:large, max-video-preview:-1\" \/>\n<link rel=\"canonical\" href=\"https:\/\/elspeedo.cz\/konstrukce\/\" \/>\n<meta property=\"og:locale\" content=\"en_US\" \/>\n<meta property=\"og:type\" content=\"article\" \/>\n<meta property=\"og:title\" content=\"Construction &#8212; El Speedo\" \/>\n<meta property=\"og:description\" content=\"Konstrukce kluz\u00e1ku: technologie AIRSCOOP Speci\u00e1ln\u011b modelovan\u00e1 p\u0159edn\u00ed \u010d\u00e1st \u017eeber vrchl\u00edku, kter\u00e1 tvaruj\u00ed vybranou \u010d\u00e1st n\u00e1b\u011b\u017en\u00e9 hrany. Tato technologie\" \/>\n<meta property=\"og:url\" content=\"https:\/\/elspeedo.cz\/konstrukce\/\" \/>\n<meta property=\"og:site_name\" content=\"El Speedo\" \/>\n<meta property=\"article:publisher\" content=\"http:\/\/www.facebook.com\/paragliding.elspeedo.cz\/?fref=ts\" \/>\n<meta property=\"article:modified_time\" content=\"2021-02-12T09:39:02+00:00\" \/>\n<meta name=\"twitter:card\" content=\"summary_large_image\" \/>\n<meta name=\"twitter:label1\" content=\"Est. reading time\" \/>\n\t<meta name=\"twitter:data1\" content=\"2 minutes\" \/>\n<script type=\"application\/ld+json\" class=\"yoast-schema-graph\">{\"@context\":\"https:\/\/schema.org\",\"@graph\":[{\"@type\":\"WebPage\",\"@id\":\"https:\/\/elspeedo.cz\/konstrukce\/\",\"url\":\"https:\/\/elspeedo.cz\/konstrukce\/\",\"name\":\"Construction &#8212; El Speedo\",\"isPartOf\":{\"@id\":\"https:\/\/elspeedo.cz\/#website\"},\"datePublished\":\"2016-12-27T11:58:46+00:00\",\"dateModified\":\"2021-02-12T09:39:02+00:00\",\"description\":\"Konstrukce kluz\u00e1ku: technologie AIRSCOOP Speci\u00e1ln\u011b modelovan\u00e1 p\u0159edn\u00ed \u010d\u00e1st \u017eeber vrchl\u00edku, kter\u00e1 tvaruj\u00ed vybranou \u010d\u00e1st n\u00e1b\u011b\u017en\u00e9 hrany. Tato technologie\",\"breadcrumb\":{\"@id\":\"https:\/\/elspeedo.cz\/konstrukce\/#breadcrumb\"},\"inLanguage\":\"en-US\",\"potentialAction\":[{\"@type\":\"ReadAction\",\"target\":[\"https:\/\/elspeedo.cz\/konstrukce\/\"]}]},{\"@type\":\"BreadcrumbList\",\"@id\":\"https:\/\/elspeedo.cz\/konstrukce\/#breadcrumb\",\"itemListElement\":[{\"@type\":\"ListItem\",\"position\":1,\"name\":\"Dom\u016f\",\"item\":\"https:\/\/elspeedo.cz\/en\/\"},{\"@type\":\"ListItem\",\"position\":2,\"name\":\"Construction\"}]},{\"@type\":\"WebSite\",\"@id\":\"https:\/\/elspeedo.cz\/#website\",\"url\":\"https:\/\/elspeedo.cz\/\",\"name\":\"El Speedo\",\"description\":\"Paragliding - kurzy, vybaven\u00ed, v\u00fdlety, komunita\",\"potentialAction\":[{\"@type\":\"SearchAction\",\"target\":{\"@type\":\"EntryPoint\",\"urlTemplate\":\"https:\/\/elspeedo.cz\/?s={search_term_string}\"},\"query-input\":{\"@type\":\"PropertyValueSpecification\",\"valueRequired\":true,\"valueName\":\"search_term_string\"}}],\"inLanguage\":\"en-US\"}]}<\/script>\n<!-- \/ Yoast SEO plugin. -->","yoast_head_json":{"title":"Construction &#8212; El Speedo","description":"Konstrukce kluz\u00e1ku: technologie AIRSCOOP Speci\u00e1ln\u011b modelovan\u00e1 p\u0159edn\u00ed \u010d\u00e1st \u017eeber vrchl\u00edku, kter\u00e1 tvaruj\u00ed vybranou \u010d\u00e1st n\u00e1b\u011b\u017en\u00e9 hrany. Tato technologie","robots":{"index":"index","follow":"follow","max-snippet":"max-snippet:-1","max-image-preview":"max-image-preview:large","max-video-preview":"max-video-preview:-1"},"canonical":"https:\/\/elspeedo.cz\/konstrukce\/","og_locale":"en_US","og_type":"article","og_title":"Construction &#8212; El Speedo","og_description":"Konstrukce kluz\u00e1ku: technologie AIRSCOOP Speci\u00e1ln\u011b modelovan\u00e1 p\u0159edn\u00ed \u010d\u00e1st \u017eeber vrchl\u00edku, kter\u00e1 tvaruj\u00ed vybranou \u010d\u00e1st n\u00e1b\u011b\u017en\u00e9 hrany. Tato technologie","og_url":"https:\/\/elspeedo.cz\/konstrukce\/","og_site_name":"El Speedo","article_publisher":"http:\/\/www.facebook.com\/paragliding.elspeedo.cz\/?fref=ts","article_modified_time":"2021-02-12T09:39:02+00:00","twitter_card":"summary_large_image","twitter_misc":{"Est. reading time":"2 minutes"},"schema":{"@context":"https:\/\/schema.org","@graph":[{"@type":"WebPage","@id":"https:\/\/elspeedo.cz\/konstrukce\/","url":"https:\/\/elspeedo.cz\/konstrukce\/","name":"Construction &#8212; El Speedo","isPartOf":{"@id":"https:\/\/elspeedo.cz\/#website"},"datePublished":"2016-12-27T11:58:46+00:00","dateModified":"2021-02-12T09:39:02+00:00","description":"Konstrukce kluz\u00e1ku: technologie AIRSCOOP Speci\u00e1ln\u011b modelovan\u00e1 p\u0159edn\u00ed \u010d\u00e1st \u017eeber vrchl\u00edku, kter\u00e1 tvaruj\u00ed vybranou \u010d\u00e1st n\u00e1b\u011b\u017en\u00e9 hrany. Tato technologie","breadcrumb":{"@id":"https:\/\/elspeedo.cz\/konstrukce\/#breadcrumb"},"inLanguage":"en-US","potentialAction":[{"@type":"ReadAction","target":["https:\/\/elspeedo.cz\/konstrukce\/"]}]},{"@type":"BreadcrumbList","@id":"https:\/\/elspeedo.cz\/konstrukce\/#breadcrumb","itemListElement":[{"@type":"ListItem","position":1,"name":"Dom\u016f","item":"https:\/\/elspeedo.cz\/en\/"},{"@type":"ListItem","position":2,"name":"Construction"}]},{"@type":"WebSite","@id":"https:\/\/elspeedo.cz\/#website","url":"https:\/\/elspeedo.cz\/","name":"El Speedo","description":"Paragliding - kurzy, vybaven\u00ed, v\u00fdlety, komunita","potentialAction":[{"@type":"SearchAction","target":{"@type":"EntryPoint","urlTemplate":"https:\/\/elspeedo.cz\/?s={search_term_string}"},"query-input":{"@type":"PropertyValueSpecification","valueRequired":true,"valueName":"search_term_string"}}],"inLanguage":"en-US"}]}},"_links":{"self":[{"href":"https:\/\/elspeedo.cz\/en\/wp-json\/wp\/v2\/pages\/151066","targetHints":{"allow":["GET"]}}],"collection":[{"href":"https:\/\/elspeedo.cz\/en\/wp-json\/wp\/v2\/pages"}],"about":[{"href":"https:\/\/elspeedo.cz\/en\/wp-json\/wp\/v2\/types\/page"}],"author":[{"embeddable":true,"href":"https:\/\/elspeedo.cz\/en\/wp-json\/wp\/v2\/users\/4"}],"replies":[{"embeddable":true,"href":"https:\/\/elspeedo.cz\/en\/wp-json\/wp\/v2\/comments?post=151066"}],"version-history":[{"count":5,"href":"https:\/\/elspeedo.cz\/en\/wp-json\/wp\/v2\/pages\/151066\/revisions"}],"predecessor-version":[{"id":151071,"href":"https:\/\/elspeedo.cz\/en\/wp-json\/wp\/v2\/pages\/151066\/revisions\/151071"}],"wp:attachment":[{"href":"https:\/\/elspeedo.cz\/en\/wp-json\/wp\/v2\/media?parent=151066"}],"curies":[{"name":"wp","href":"https:\/\/api.w.org\/{rel}","templated":true}]}}