{"id":15153,"date":"2016-12-06T10:56:57","date_gmt":"2016-12-06T09:56:57","guid":{"rendered":"https:\/\/elspeedo.cz\/pokurzovky-2\/"},"modified":"2017-04-24T11:04:44","modified_gmt":"2017-04-24T10:04:44","slug":"training-after-elementary-course","status":"publish","type":"page","link":"https:\/\/elspeedo.cz\/en\/courses-all-2\/paragliding-training\/training-after-elementary-course\/","title":{"rendered":"Training After Elementary Course"},"content":{"rendered":"<div class=\"wpb-content-wrapper\">[mk_page_section bg_color=&#8221;#f4f4f4&#8243; video_loop=&#8221;false&#8221; padding_top=&#8221;0&#8243; padding_bottom=&#8221;0&#8243; sidebar=&#8221;sidebar-1&#8243;][vc_column width=&#8221;1\/2&#8243; css=&#8221;.vc_custom_1492946916220{padding-top: 30px !important;}&#8221;][vc_single_image image=&#8221;22794&#8243; img_size=&#8221;full&#8221; alignment=&#8221;center&#8221; style=&#8221;vc_box_rounded&#8221;][\/vc_column][vc_column width=&#8221;1\/2&#8243; css=&#8221;.vc_custom_1492946921444{padding-top: 50px !important;}&#8221;][vc_column_text]\n<h1 style=\"text-align: center;\"><strong>Tailored for the freshers<\/strong><\/h1>\n<p style=\"text-align: center;\">We offer you three days of flying with the help of an instructor. We will lend you full gear and also provide an opportunity to try different gliders at your category from the test-centre. We shall guide you through flying sites in Beskydy with all the information you need to know.<\/p>\n[\/vc_column_text][\/vc_column][\/mk_page_section][mk_page_section video_loop=&#8221;false&#8221; padding_top=&#8221;60&#8243; padding_bottom=&#8221;20&#8243; sidebar=&#8221;sidebar-1&#8243;][vc_column width=&#8221;1\/6&#8243;][\/vc_column][vc_column width=&#8221;2\/3&#8243;][vc_column_text align=&#8221;center&#8221;]\n<div id=\"text-block-7\" class=\"mk-text-block \">\n<h2 style=\"text-align: center;\"><strong>Terms and reservations<\/strong><\/h2>\n<\/div>\n[\/vc_column_text][\/vc_column][vc_column width=&#8221;1\/6&#8243;][\/vc_column][\/mk_page_section][vc_row][vc_column][mk_padding_divider][vc_column_text]\n<p style=\"text-align: left;\">\t<p>There are no upcoming events at this time.<\/p>\n\n[\/vc_column_text][mk_padding_divider size=&#8221;80&#8243;][\/vc_column][\/vc_row][mk_page_section bg_color=&#8221;#f4f4f4&#8243; bg_stretch=&#8221;true&#8221; video_loop=&#8221;false&#8221; padding_top=&#8221;0&#8243; padding_bottom=&#8221;0&#8243; el_class=&#8221;section-gray&#8221; sidebar=&#8221;sidebar-1&#8243;][vc_column width=&#8221;2\/3&#8243; css=&#8221;.vc_custom_1493026715883{padding-top: 60px !important;}&#8221;][vc_column_text disable_pattern=&#8221;false&#8221;]\n<div>\n<h1><strong>What is it all about and why is it different from our other courses<\/strong><\/h1>\n<p>For long years we have followed the scheme of our basic course. This means training of inflating the glider, flights with low elevation and landing on saturdays and sundays. During the week we were doing nothing but flying from high-elevation mountains as the starting sites are not that busy. However this does not suit that much to those from you who want to fly from high mountains even during weekends. There is not much of holiday and not everybody wants to travel far far away to south only because of two days of flying.<\/p>\n<p>We offer you three days of flying with assistance and overseeing by experienced instructor. We will provide you all gear and will give you a chance to try other gliders in your category from our test-centre. We will guide you through flying sites in Beskydy and share with you local knowledge and experience from these sites. We also provide transportation both among and straight up to the sites (where it is possible of course). We will help you with seeking your first thermals and fill up the gaps in your theoretical knowledge. Everything for just one day-off in your job.<\/p>\n<p><strong>Alternatively we can offer:<\/strong><\/p>\n<ul>\n<li>ground handling, training of both types of inflating the glider<\/li>\n<li>accuracy landing<\/li>\n<\/ul>\n<p><strong>For whom:<\/strong><\/p>\n<p>maximally for 8 pilots, holders of valid pilot licence (at least Pilot) or with the personal record of training after completion of all mandatory tasks.<\/p>\n<p><strong>Transportation to sites:<\/strong><\/p>\n<ul>\n<li>Land Rover Discovery 4wd (7 seats)<\/li>\n<\/ul>\n<p><strong>Accommodation<\/strong><\/p>\n<ul>\n<li>Bungalows at Halina&#8217;s just under Javorov\u00fd hill<\/li>\n<\/ul>\n<p><strong>We can also lend you:<\/strong><\/p>\n<ul>\n<li>Gliders from our test-centre<\/li>\n<li>Variometer and GPS<\/li>\n<\/ul>\n<p><strong>Price: 3300 CZK<\/strong><\/p>\n<p><strong>\u00a0<\/strong><strong>Price includes: <\/strong><\/p>\n<ul>\n<li>help of instructor<\/li>\n<li>theoretical tuition, sharing local knowledge with analysis of weather conditions<\/li>\n<li>lending of walkie-talkie<\/li>\n<li>ledning of all gear necessary for flying and its insurance<\/li>\n<li>transportation among sites and rides up the mountain if possible<\/li>\n<li>photos from training<\/li>\n<\/ul>\n<p><strong>\u00a0<\/strong><strong>Prices does not include:<\/strong><\/p>\n<ul>\n<li>accomodation costs<\/li>\n<li>food expences<\/li>\n<li>fares for lifts up the hill<\/li>\n<\/ul>\n<p><strong>\u00a0<\/strong><strong>As an instructor on these events there will be:<\/strong><\/p>\n<\/div>\n<p>Dalibor Carbol[\/vc_column_text][\/vc_column][vc_column width=&#8221;1\/3&#8243; css=&#8221;.vc_custom_1493026709571{padding-top: 40px !important;}&#8221;][vc_media_grid style=&#8221;load-more&#8221; items_per_page=&#8221;18&#8243; element_width=&#8221;6&#8243; btn_add_icon=&#8221;true&#8221; btn_custom_onclick=&#8221;true&#8221; grid_id=&#8221;vc_gid:1493027027629-550becfc-f4d0-4&#8243; include=&#8221;17316,17317,17318,17319,17320,17321,17322,17323,17324,17325,17326,17327,17328,17329,17330,17331,17332,17333,17335,17336,17337,17338,17339,17340,17341,17342,17343,17344,17345,17346,17347,17348,17349,17350,17351,17352,17353,17354,17355,17356,17357,17358,17359,17360,17361,17362,17363,17364,17365,17366,17369,17370,17371,17373,17374,17375,17376,17377,17378,17379,17380,17381,17382,17383&#8243;][\/vc_column][\/mk_page_section][mk_page_section bg_color=&#8221;#272727&#8243; bg_position=&#8221;center center&#8221; video_loop=&#8221;false&#8221; js_vertical_centered=&#8221;true&#8221; padding_top=&#8221;80&#8243; padding_bottom=&#8221;80&#8243; el_class=&#8221;sc-dark&#8221; sidebar=&#8221;sidebar-1&#8243;][vc_column][vc_column_text disable_pattern=&#8221;false&#8221; align=&#8221;center&#8221;]\n<div class=\"clr\" style=\"text-align: center;\"><span style=\"font-size: 24pt;\">Buy for\u00a0<span style=\"font-size: 40pt;\">GRADUATE PRICES<\/span><\/span><\/div>\n[\/vc_column_text][mk_padding_divider size=&#8221;20&#8243;][vc_column_text disable_pattern=&#8221;false&#8221; align=&#8221;center&#8221;]All graduates of our training programs are provided<\/p>\n<h2>10% discount and the possibility of arranging VAT deduction.<\/h2>\n<p>Get more information in El Speedo office via tel. +420 777 311 661[\/vc_column_text][\/vc_column][\/mk_page_section]\n<\/div>","protected":false},"excerpt":{"rendered":"<p>[mk_page_section bg_color=&#8221;#f4f4f4&#8243; video_loop=&#8221;false&#8221; padding_top=&#8221;0&#8243; padding_bottom=&#8221;0&#8243; sidebar=&#8221;sidebar-1&#8243;][vc_column width=&#8221;1\/2&#8243; css=&#8221;.vc_custom_1492946916220{padding-top: 30px !important;}&#8221;][vc_single_image image=&#8221;22794&#8243; img_size=&#8221;full&#8221; alignment=&#8221;center&#8221; style=&#8221;vc_box_rounded&#8221;][\/vc_column][vc_column width=&#8221;1\/2&#8243; css=&#8221;.vc_custom_1492946921444{padding-top: 50px !important;}&#8221;][vc_column_text] Tailored for the freshers We offer you three days of flying with the help of an instructor. We will lend you full gear and also provide an opportunity to try different gliders at your category from the [&hellip;]<\/p>\n","protected":false},"author":4,"featured_media":0,"parent":15532,"menu_order":0,"comment_status":"closed","ping_status":"closed","template":"","meta":{"_tribe_blocks_recurrence_rules":"","_tribe_blocks_recurrence_exclusions":"","_tribe_blocks_recurrence_description":"","footnotes":""},"class_list":["post-15153","page","type-page","status-publish","hentry"],"yoast_head":"<!-- This site is optimized with the Yoast SEO plugin v27.0 - https:\/\/yoast.com\/product\/yoast-seo-wordpress\/ -->\n<title>Training After Elementary Course &#8212; El Speedo<\/title>\n<meta name=\"description\" content=\"El Speedo je nejv\u011bt\u0161\u00ed paraglidingov\u00e1 komunita a \u0161kola v \u010cR. Tandemov\u00e9 seskoky, kurzy, expedice a paragliding v\u00fdbava\" \/>\n<meta name=\"robots\" content=\"index, follow, max-snippet:-1, max-image-preview:large, max-video-preview:-1\" \/>\n<link rel=\"canonical\" href=\"https:\/\/elspeedo.cz\/kurzy-paraglidingu\/paraglidingovy-trenink\/pokurzovky\/\" \/>\n<meta property=\"og:locale\" content=\"en_US\" \/>\n<meta property=\"og:type\" content=\"article\" \/>\n<meta property=\"og:title\" content=\"Training After Elementary Course &#8212; El Speedo\" \/>\n<meta property=\"og:description\" content=\"El Speedo je nejv\u011bt\u0161\u00ed paraglidingov\u00e1 komunita a \u0161kola v \u010cR. Tandemov\u00e9 seskoky, kurzy, expedice a paragliding v\u00fdbava\" \/>\n<meta property=\"og:url\" content=\"https:\/\/elspeedo.cz\/kurzy-paraglidingu\/paraglidingovy-trenink\/pokurzovky\/\" \/>\n<meta property=\"og:site_name\" content=\"El Speedo\" \/>\n<meta property=\"article:publisher\" content=\"http:\/\/www.facebook.com\/paragliding.elspeedo.cz\/?fref=ts\" \/>\n<meta property=\"article:modified_time\" content=\"2017-04-24T10:04:44+00:00\" \/>\n<meta name=\"twitter:card\" content=\"summary_large_image\" \/>\n<meta name=\"twitter:label1\" content=\"Est. reading time\" \/>\n\t<meta name=\"twitter:data1\" content=\"4 minutes\" \/>\n<script type=\"application\/ld+json\" class=\"yoast-schema-graph\">{\"@context\":\"https:\/\/schema.org\",\"@graph\":[{\"@type\":\"WebPage\",\"@id\":\"https:\/\/elspeedo.cz\/kurzy-paraglidingu\/paraglidingovy-trenink\/pokurzovky\/\",\"url\":\"https:\/\/elspeedo.cz\/kurzy-paraglidingu\/paraglidingovy-trenink\/pokurzovky\/\",\"name\":\"Training After Elementary Course &#8212; El Speedo\",\"isPartOf\":{\"@id\":\"https:\/\/elspeedo.cz\/#website\"},\"datePublished\":\"2016-12-06T09:56:57+00:00\",\"dateModified\":\"2017-04-24T10:04:44+00:00\",\"description\":\"El Speedo je nejv\u011bt\u0161\u00ed paraglidingov\u00e1 komunita a \u0161kola v \u010cR. Tandemov\u00e9 seskoky, kurzy, expedice a paragliding v\u00fdbava\",\"breadcrumb\":{\"@id\":\"https:\/\/elspeedo.cz\/kurzy-paraglidingu\/paraglidingovy-trenink\/pokurzovky\/#breadcrumb\"},\"inLanguage\":\"en-US\",\"potentialAction\":[{\"@type\":\"ReadAction\",\"target\":[\"https:\/\/elspeedo.cz\/kurzy-paraglidingu\/paraglidingovy-trenink\/pokurzovky\/\"]}]},{\"@type\":\"BreadcrumbList\",\"@id\":\"https:\/\/elspeedo.cz\/kurzy-paraglidingu\/paraglidingovy-trenink\/pokurzovky\/#breadcrumb\",\"itemListElement\":[{\"@type\":\"ListItem\",\"position\":1,\"name\":\"Dom\u016f\",\"item\":\"https:\/\/elspeedo.cz\/en\/\"},{\"@type\":\"ListItem\",\"position\":2,\"name\":\"Courses\",\"item\":\"https:\/\/elspeedo.cz\/en\/courses-all-2\/\"},{\"@type\":\"ListItem\",\"position\":3,\"name\":\"Paragliding training\",\"item\":\"https:\/\/elspeedo.cz\/en\/courses-all-2\/paragliding-training\/\"},{\"@type\":\"ListItem\",\"position\":4,\"name\":\"Training After Elementary Course\"}]},{\"@type\":\"WebSite\",\"@id\":\"https:\/\/elspeedo.cz\/#website\",\"url\":\"https:\/\/elspeedo.cz\/\",\"name\":\"El Speedo\",\"description\":\"Paragliding - kurzy, vybaven\u00ed, v\u00fdlety, komunita\",\"potentialAction\":[{\"@type\":\"SearchAction\",\"target\":{\"@type\":\"EntryPoint\",\"urlTemplate\":\"https:\/\/elspeedo.cz\/?s={search_term_string}\"},\"query-input\":{\"@type\":\"PropertyValueSpecification\",\"valueRequired\":true,\"valueName\":\"search_term_string\"}}],\"inLanguage\":\"en-US\"}]}<\/script>\n<!-- \/ Yoast SEO plugin. -->","yoast_head_json":{"title":"Training After Elementary Course &#8212; El Speedo","description":"El Speedo je nejv\u011bt\u0161\u00ed paraglidingov\u00e1 komunita a \u0161kola v \u010cR. Tandemov\u00e9 seskoky, kurzy, expedice a paragliding v\u00fdbava","robots":{"index":"index","follow":"follow","max-snippet":"max-snippet:-1","max-image-preview":"max-image-preview:large","max-video-preview":"max-video-preview:-1"},"canonical":"https:\/\/elspeedo.cz\/kurzy-paraglidingu\/paraglidingovy-trenink\/pokurzovky\/","og_locale":"en_US","og_type":"article","og_title":"Training After Elementary Course &#8212; El Speedo","og_description":"El Speedo je nejv\u011bt\u0161\u00ed paraglidingov\u00e1 komunita a \u0161kola v \u010cR. Tandemov\u00e9 seskoky, kurzy, expedice a paragliding v\u00fdbava","og_url":"https:\/\/elspeedo.cz\/kurzy-paraglidingu\/paraglidingovy-trenink\/pokurzovky\/","og_site_name":"El Speedo","article_publisher":"http:\/\/www.facebook.com\/paragliding.elspeedo.cz\/?fref=ts","article_modified_time":"2017-04-24T10:04:44+00:00","twitter_card":"summary_large_image","twitter_misc":{"Est. reading time":"4 minutes"},"schema":{"@context":"https:\/\/schema.org","@graph":[{"@type":"WebPage","@id":"https:\/\/elspeedo.cz\/kurzy-paraglidingu\/paraglidingovy-trenink\/pokurzovky\/","url":"https:\/\/elspeedo.cz\/kurzy-paraglidingu\/paraglidingovy-trenink\/pokurzovky\/","name":"Training After Elementary Course &#8212; El Speedo","isPartOf":{"@id":"https:\/\/elspeedo.cz\/#website"},"datePublished":"2016-12-06T09:56:57+00:00","dateModified":"2017-04-24T10:04:44+00:00","description":"El Speedo je nejv\u011bt\u0161\u00ed paraglidingov\u00e1 komunita a \u0161kola v \u010cR. Tandemov\u00e9 seskoky, kurzy, expedice a paragliding v\u00fdbava","breadcrumb":{"@id":"https:\/\/elspeedo.cz\/kurzy-paraglidingu\/paraglidingovy-trenink\/pokurzovky\/#breadcrumb"},"inLanguage":"en-US","potentialAction":[{"@type":"ReadAction","target":["https:\/\/elspeedo.cz\/kurzy-paraglidingu\/paraglidingovy-trenink\/pokurzovky\/"]}]},{"@type":"BreadcrumbList","@id":"https:\/\/elspeedo.cz\/kurzy-paraglidingu\/paraglidingovy-trenink\/pokurzovky\/#breadcrumb","itemListElement":[{"@type":"ListItem","position":1,"name":"Dom\u016f","item":"https:\/\/elspeedo.cz\/en\/"},{"@type":"ListItem","position":2,"name":"Courses","item":"https:\/\/elspeedo.cz\/en\/courses-all-2\/"},{"@type":"ListItem","position":3,"name":"Paragliding training","item":"https:\/\/elspeedo.cz\/en\/courses-all-2\/paragliding-training\/"},{"@type":"ListItem","position":4,"name":"Training After Elementary Course"}]},{"@type":"WebSite","@id":"https:\/\/elspeedo.cz\/#website","url":"https:\/\/elspeedo.cz\/","name":"El Speedo","description":"Paragliding - kurzy, vybaven\u00ed, v\u00fdlety, komunita","potentialAction":[{"@type":"SearchAction","target":{"@type":"EntryPoint","urlTemplate":"https:\/\/elspeedo.cz\/?s={search_term_string}"},"query-input":{"@type":"PropertyValueSpecification","valueRequired":true,"valueName":"search_term_string"}}],"inLanguage":"en-US"}]}},"_links":{"self":[{"href":"https:\/\/elspeedo.cz\/en\/wp-json\/wp\/v2\/pages\/15153","targetHints":{"allow":["GET"]}}],"collection":[{"href":"https:\/\/elspeedo.cz\/en\/wp-json\/wp\/v2\/pages"}],"about":[{"href":"https:\/\/elspeedo.cz\/en\/wp-json\/wp\/v2\/types\/page"}],"author":[{"embeddable":true,"href":"https:\/\/elspeedo.cz\/en\/wp-json\/wp\/v2\/users\/4"}],"replies":[{"embeddable":true,"href":"https:\/\/elspeedo.cz\/en\/wp-json\/wp\/v2\/comments?post=15153"}],"version-history":[{"count":0,"href":"https:\/\/elspeedo.cz\/en\/wp-json\/wp\/v2\/pages\/15153\/revisions"}],"up":[{"embeddable":true,"href":"https:\/\/elspeedo.cz\/en\/wp-json\/wp\/v2\/pages\/15532"}],"wp:attachment":[{"href":"https:\/\/elspeedo.cz\/en\/wp-json\/wp\/v2\/media?parent=15153"}],"curies":[{"name":"wp","href":"https:\/\/api.w.org\/{rel}","templated":true}]}}