{"id":15161,"date":"2016-12-07T17:30:51","date_gmt":"2016-12-07T16:30:51","guid":{"rendered":"https:\/\/elspeedo.cz\/apt-trenink\/"},"modified":"2017-04-24T10:48:26","modified_gmt":"2017-04-24T09:48:26","slug":"active-piloting-training-apt","status":"publish","type":"page","link":"https:\/\/elspeedo.cz\/en\/courses-all-2\/paragliding-training\/active-piloting-training-apt\/","title":{"rendered":"Active Piloting Training: APT"},"content":{"rendered":"<div class=\"wpb-content-wrapper\">[mk_page_section bg_color=&#8221;#e7e7e7&#8243; video_loop=&#8221;false&#8221; padding_top=&#8221;0&#8243; padding_bottom=&#8221;0&#8243; sidebar=&#8221;sidebar-1&#8243;][vc_column width=&#8221;1\/2&#8243; css=&#8221;.vc_custom_1492949066893{padding-top: 30px !important;}&#8221;][vc_single_image image=&#8221;38611&#8243; img_size=&#8221;full&#8221; alignment=&#8221;center&#8221; style=&#8221;vc_box_rounded&#8221;][\/vc_column][vc_column width=&#8221;1\/2&#8243; css=&#8221;.vc_custom_1492949215709{padding-top: 20px !important;}&#8221;][vc_column_text align=&#8221;center&#8221;]\n<h2><strong>Get ready your suntan creams \u2013 we are about to fly!<\/strong><\/h2>\n<p>This is the event which gets you into the game. Thermalling with the complete training of active piloting, descent and escape maneuvers and various kind of frontal collapse \u2013 in the best alpian sites \u2013 that all is El Speedo APT Training.<\/p>\n<p>If you are looking for our former service \u201eSafety Training\u201c, the APT Training is basically the same but without practising spiral dive but with active thermalling.[\/vc_column_text][\/vc_column][\/mk_page_section][vc_row fullwidth=&#8221;true&#8221; fullwidth_content=&#8221;false&#8221;][vc_column][mk_padding_divider size=&#8221;60&#8243;][vc_row_inner][vc_column_inner width=&#8221;1\/6&#8243;][\/vc_column_inner][vc_column_inner width=&#8221;2\/3&#8243;][vc_column_text align=&#8221;center&#8221;]\n<div id=\"text-block-7\" class=\"mk-text-block \">\n<h1 style=\"text-align: center;\"><strong>Terms and reservations<\/strong><\/h1>\n<\/div>\n[\/vc_column_text][\/vc_column_inner][vc_column_inner width=&#8221;1\/6&#8243;][\/vc_column_inner][\/vc_row_inner][\/vc_column][vc_column][mk_padding_divider][vc_column_text]\n<div id=\"text-block-7\" class=\"mk-text-block \">\n<p style=\"text-align: left;\">\t<p>There are no upcoming events at this time.<\/p>\n\n<\/div>\n[\/vc_column_text][mk_padding_divider][\/vc_column][\/vc_row][vc_row fullwidth=&#8221;true&#8221; fullwidth_content=&#8221;false&#8221; css=&#8221;.vc_custom_1481018840064{padding-bottom: 30px !important;background-color: #e7e7e7 !important;}&#8221;][vc_column width=&#8221;2\/3&#8243; css=&#8221;.vc_custom_1493027281019{padding-top: 60px !important;}&#8221;][vc_column_text disable_pattern=&#8221;false&#8221;]\n<h1><strong>Brief information<\/strong><\/h1>\n<p>Before lunch, we train active piloting, smooth exiting various collapses and descent maneuvers. After lunch, we train flying in thermals. That is El Speedo solution how to gain safe flying hours in thermals.<\/p>\n<p>In the equipment for this training, you will find HD camera which we also use for SIV course and safety training. There is our instructor on both starting site and landing place \u2013 similarly to the elementary course. The instructor on the starting site takes care about safe starts and navigation in thermals while the other focuses on active piloting training itself which is precise handling of front stall and asymmetric collapses as well as descent and escaping maneuvers.<\/p>\n<p>With PES (Pilot Education System) we are able to catch mistakes you are keep making in order to improve your skills. Your willingness to educate and train yourself has direct influence to your safety.<\/p>\n<p><strong>Must have<\/strong><\/p>\n<p>Valid pilot licence, at least Pilot or other equivalent licence<\/p>\n<p><strong>Physical demands<\/strong><\/p>\n<p>Middle or low<\/p>\n<p><strong>Recommended flying hours<\/strong><\/p>\n<ul>\n<li>any<\/li>\n<li>the APT training is suitable especially for beginners just after the elementary course who want to get some flying hours in thermals<\/li>\n<\/ul>\n<p><strong>Goals of training<\/strong><\/p>\n<ul>\n<li>gaining flying hours<\/li>\n<li>understanding the principles of active piloting<\/li>\n<li>correct exiting asymmetrical collapses and front stall both with and without using speed bar<\/li>\n<li>perfect handling of descent and escape maneuvers (using speed bar, ears, big ears, B stall)<\/li>\n<\/ul>\n<p><strong>Duration of the trip<\/strong><\/p>\n<p>Five days (morning training and afternoon flying)<\/p>\n<p><strong>Practical training<\/strong><\/p>\n<ul>\n<li>checking the spare parashute system<\/li>\n<li>techniques of thermalling<\/li>\n<li>asymmetrical collapses in combination with speed system<\/li>\n<li>front stall<\/li>\n<li>B stall and B stall with turning<\/li>\n<li>ears and big ears with and without speed system<\/li>\n<li>turning with ears<\/li>\n<\/ul>\n<p><strong>Theoretical Tuition<\/strong><\/p>\n<ul>\n<li>meteorology and weather analysis<\/li>\n<li>active piloting<\/li>\n<li>correct exiting symmetrical and assymetrical collapses<\/li>\n<li>correct handling of descent maneuvers<\/li>\n<li>correct handling of escape maneuvers<\/li>\n<li>types of spare parashutes and how to use them<\/li>\n<\/ul>\n<p><strong>Destination<\/strong><\/p>\n<ul>\n<li>Meduno, Italy<\/li>\n<li>Bassano del Grappa, Italy<\/li>\n<li>Lijak, Slovenia<\/li>\n<\/ul>\n<p><strong>Who with<\/strong><\/p>\n<ul>\n<li>SIV instructor<\/li>\n<li>instructor of elementary course<\/li>\n<\/ul>\n<p><strong>Price includes<\/strong><\/p>\n<ul>\n<li>theoretical tuition and practical training<\/li>\n<li>lending of HD camera<\/li>\n<li>lending of walkie-talkie<\/li>\n<li>recording of maneuvers and subsequent analysis<\/li>\n<li>technical support and adjusting your the gear<\/li>\n<\/ul>\n<p><strong>Price includes: <\/strong><\/p>\n<ul>\n<li>help of instructor<\/li>\n<li>lending of walkie-talkie<\/li>\n<li>map of the flying site<\/li>\n<li>technical service and help with adjusting your gear<\/li>\n<li>transportation up the mountain if possible<\/li>\n<li>El Speedo gift bag (T-shirt, promotional items, etc.)<\/li>\n<li>DVD with photos and recordings from your flights<\/li>\n<\/ul>\n<p><strong>We can lend you:<\/strong><\/p>\n<ul>\n<li>Hannah tents and sleeping bags<\/li>\n<li>variometres and GPS (see SKYTEST)<\/li>\n<\/ul>\n<p><strong>We will help you with:<\/strong><\/p>\n<ul>\n<li>accommodation and eating<\/li>\n<li>common transportation with El Speedo bus or car sharing with other client<\/li>\n<\/ul>\n<p><strong>Transportation to the destination<\/strong><\/p>\n<p>El bus or on your own[\/vc_column_text][\/vc_column][vc_column width=&#8221;1\/3&#8243; css=&#8221;.vc_custom_1492949221821{padding-top: 40px !important;}&#8221;][vc_media_grid style=&#8221;load-more&#8221; items_per_page=&#8221;18&#8243; element_width=&#8221;6&#8243; btn_style=&#8221;custom&#8221; btn_custom_text=&#8221;#666666&#8243; btn_add_icon=&#8221;true&#8221; btn_custom_onclick=&#8221;true&#8221; grid_id=&#8221;vc_gid:1493026424743-b22cc16d-80ad-4&#8243; include=&#8221;18773,18774,18775,18776,18777,18778,18779,18780,18781,18782,18783,18784,18785,18786,18787,18788,18789,18790,18791,18792,18793,18794,18795,18798,18799,18800,18801,18802,18803,18804,18805,18806&#8243;][\/vc_column][\/vc_row][mk_page_section bg_color=&#8221;#272727&#8243; bg_position=&#8221;center center&#8221; video_loop=&#8221;false&#8221; js_vertical_centered=&#8221;true&#8221; padding_top=&#8221;80&#8243; padding_bottom=&#8221;80&#8243; el_class=&#8221;sc-dark&#8221; sidebar=&#8221;sidebar-1&#8243;][vc_column][vc_column_text disable_pattern=&#8221;false&#8221; align=&#8221;center&#8221;]\n<div class=\"clr\" style=\"text-align: center;\"><span style=\"font-size: 24pt;\">Buy for\u00a0<span style=\"font-size: 40pt;\">GRADUATE PRICES<\/span><\/span><\/div>\n[\/vc_column_text][mk_padding_divider size=&#8221;20&#8243;][vc_column_text disable_pattern=&#8221;false&#8221; align=&#8221;center&#8221;]All graduates of our training programs are provided<\/p>\n<h2>10% discount and the possibility of arranging VAT deduction.<\/h2>\n<p>Get more information in El Speedo office via tel. +420 777 311 661[\/vc_column_text][\/vc_column][\/mk_page_section]\n<\/div>","protected":false},"excerpt":{"rendered":"<p>[mk_page_section bg_color=&#8221;#e7e7e7&#8243; video_loop=&#8221;false&#8221; padding_top=&#8221;0&#8243; padding_bottom=&#8221;0&#8243; sidebar=&#8221;sidebar-1&#8243;][vc_column width=&#8221;1\/2&#8243; css=&#8221;.vc_custom_1492949066893{padding-top: 30px !important;}&#8221;][vc_single_image image=&#8221;38611&#8243; img_size=&#8221;full&#8221; alignment=&#8221;center&#8221; style=&#8221;vc_box_rounded&#8221;][\/vc_column][vc_column width=&#8221;1\/2&#8243; css=&#8221;.vc_custom_1492949215709{padding-top: 20px !important;}&#8221;][vc_column_text align=&#8221;center&#8221;] Get ready your suntan creams \u2013 we are about to fly! This is the event which gets you into the game. Thermalling with the complete training of active piloting, descent and escape maneuvers and various kind [&hellip;]<\/p>\n","protected":false},"author":7,"featured_media":0,"parent":15532,"menu_order":0,"comment_status":"closed","ping_status":"closed","template":"","meta":{"_tribe_blocks_recurrence_rules":"","_tribe_blocks_recurrence_exclusions":"","_tribe_blocks_recurrence_description":"","footnotes":""},"class_list":["post-15161","page","type-page","status-publish","hentry"],"yoast_head":"<!-- This site is optimized with the Yoast SEO plugin v27.0 - https:\/\/yoast.com\/product\/yoast-seo-wordpress\/ -->\n<title>Active Piloting Training: APT &#8212; El Speedo<\/title>\n<meta name=\"description\" content=\"El Speedo je nejv\u011bt\u0161\u00ed paraglidingov\u00e1 komunita a \u0161kola v \u010cR. Tandemov\u00e9 seskoky, kurzy, expedice a paragliding v\u00fdbava\" \/>\n<meta name=\"robots\" content=\"index, follow, max-snippet:-1, max-image-preview:large, max-video-preview:-1\" \/>\n<link rel=\"canonical\" href=\"https:\/\/elspeedo.cz\/kurzy-paraglidingu\/paraglidingovy-trenink\/apt-trenink\/\" \/>\n<meta property=\"og:locale\" content=\"en_US\" \/>\n<meta property=\"og:type\" content=\"article\" \/>\n<meta property=\"og:title\" content=\"Active Piloting Training: APT &#8212; El Speedo\" \/>\n<meta property=\"og:description\" content=\"El Speedo je nejv\u011bt\u0161\u00ed paraglidingov\u00e1 komunita a \u0161kola v \u010cR. Tandemov\u00e9 seskoky, kurzy, expedice a paragliding v\u00fdbava\" \/>\n<meta property=\"og:url\" content=\"https:\/\/elspeedo.cz\/kurzy-paraglidingu\/paraglidingovy-trenink\/apt-trenink\/\" \/>\n<meta property=\"og:site_name\" content=\"El Speedo\" \/>\n<meta property=\"article:publisher\" content=\"http:\/\/www.facebook.com\/paragliding.elspeedo.cz\/?fref=ts\" \/>\n<meta property=\"article:modified_time\" content=\"2017-04-24T09:48:26+00:00\" \/>\n<meta name=\"twitter:card\" content=\"summary_large_image\" \/>\n<meta name=\"twitter:label1\" content=\"Est. reading time\" \/>\n\t<meta name=\"twitter:data1\" content=\"4 minutes\" \/>\n<script type=\"application\/ld+json\" class=\"yoast-schema-graph\">{\"@context\":\"https:\/\/schema.org\",\"@graph\":[{\"@type\":\"WebPage\",\"@id\":\"https:\/\/elspeedo.cz\/kurzy-paraglidingu\/paraglidingovy-trenink\/apt-trenink\/\",\"url\":\"https:\/\/elspeedo.cz\/kurzy-paraglidingu\/paraglidingovy-trenink\/apt-trenink\/\",\"name\":\"Active Piloting Training: APT &#8212; El Speedo\",\"isPartOf\":{\"@id\":\"https:\/\/elspeedo.cz\/#website\"},\"datePublished\":\"2016-12-07T16:30:51+00:00\",\"dateModified\":\"2017-04-24T09:48:26+00:00\",\"description\":\"El Speedo je nejv\u011bt\u0161\u00ed paraglidingov\u00e1 komunita a \u0161kola v \u010cR. Tandemov\u00e9 seskoky, kurzy, expedice a paragliding v\u00fdbava\",\"breadcrumb\":{\"@id\":\"https:\/\/elspeedo.cz\/kurzy-paraglidingu\/paraglidingovy-trenink\/apt-trenink\/#breadcrumb\"},\"inLanguage\":\"en-US\",\"potentialAction\":[{\"@type\":\"ReadAction\",\"target\":[\"https:\/\/elspeedo.cz\/kurzy-paraglidingu\/paraglidingovy-trenink\/apt-trenink\/\"]}]},{\"@type\":\"BreadcrumbList\",\"@id\":\"https:\/\/elspeedo.cz\/kurzy-paraglidingu\/paraglidingovy-trenink\/apt-trenink\/#breadcrumb\",\"itemListElement\":[{\"@type\":\"ListItem\",\"position\":1,\"name\":\"Dom\u016f\",\"item\":\"https:\/\/elspeedo.cz\/en\/\"},{\"@type\":\"ListItem\",\"position\":2,\"name\":\"Courses\",\"item\":\"https:\/\/elspeedo.cz\/en\/courses-all-2\/\"},{\"@type\":\"ListItem\",\"position\":3,\"name\":\"Paragliding training\",\"item\":\"https:\/\/elspeedo.cz\/en\/courses-all-2\/paragliding-training\/\"},{\"@type\":\"ListItem\",\"position\":4,\"name\":\"Active Piloting Training: APT\"}]},{\"@type\":\"WebSite\",\"@id\":\"https:\/\/elspeedo.cz\/#website\",\"url\":\"https:\/\/elspeedo.cz\/\",\"name\":\"El Speedo\",\"description\":\"Paragliding - kurzy, vybaven\u00ed, v\u00fdlety, komunita\",\"potentialAction\":[{\"@type\":\"SearchAction\",\"target\":{\"@type\":\"EntryPoint\",\"urlTemplate\":\"https:\/\/elspeedo.cz\/?s={search_term_string}\"},\"query-input\":{\"@type\":\"PropertyValueSpecification\",\"valueRequired\":true,\"valueName\":\"search_term_string\"}}],\"inLanguage\":\"en-US\"}]}<\/script>\n<!-- \/ Yoast SEO plugin. -->","yoast_head_json":{"title":"Active Piloting Training: APT &#8212; El Speedo","description":"El Speedo je nejv\u011bt\u0161\u00ed paraglidingov\u00e1 komunita a \u0161kola v \u010cR. Tandemov\u00e9 seskoky, kurzy, expedice a paragliding v\u00fdbava","robots":{"index":"index","follow":"follow","max-snippet":"max-snippet:-1","max-image-preview":"max-image-preview:large","max-video-preview":"max-video-preview:-1"},"canonical":"https:\/\/elspeedo.cz\/kurzy-paraglidingu\/paraglidingovy-trenink\/apt-trenink\/","og_locale":"en_US","og_type":"article","og_title":"Active Piloting Training: APT &#8212; El Speedo","og_description":"El Speedo je nejv\u011bt\u0161\u00ed paraglidingov\u00e1 komunita a \u0161kola v \u010cR. Tandemov\u00e9 seskoky, kurzy, expedice a paragliding v\u00fdbava","og_url":"https:\/\/elspeedo.cz\/kurzy-paraglidingu\/paraglidingovy-trenink\/apt-trenink\/","og_site_name":"El Speedo","article_publisher":"http:\/\/www.facebook.com\/paragliding.elspeedo.cz\/?fref=ts","article_modified_time":"2017-04-24T09:48:26+00:00","twitter_card":"summary_large_image","twitter_misc":{"Est. reading time":"4 minutes"},"schema":{"@context":"https:\/\/schema.org","@graph":[{"@type":"WebPage","@id":"https:\/\/elspeedo.cz\/kurzy-paraglidingu\/paraglidingovy-trenink\/apt-trenink\/","url":"https:\/\/elspeedo.cz\/kurzy-paraglidingu\/paraglidingovy-trenink\/apt-trenink\/","name":"Active Piloting Training: APT &#8212; El Speedo","isPartOf":{"@id":"https:\/\/elspeedo.cz\/#website"},"datePublished":"2016-12-07T16:30:51+00:00","dateModified":"2017-04-24T09:48:26+00:00","description":"El Speedo je nejv\u011bt\u0161\u00ed paraglidingov\u00e1 komunita a \u0161kola v \u010cR. Tandemov\u00e9 seskoky, kurzy, expedice a paragliding v\u00fdbava","breadcrumb":{"@id":"https:\/\/elspeedo.cz\/kurzy-paraglidingu\/paraglidingovy-trenink\/apt-trenink\/#breadcrumb"},"inLanguage":"en-US","potentialAction":[{"@type":"ReadAction","target":["https:\/\/elspeedo.cz\/kurzy-paraglidingu\/paraglidingovy-trenink\/apt-trenink\/"]}]},{"@type":"BreadcrumbList","@id":"https:\/\/elspeedo.cz\/kurzy-paraglidingu\/paraglidingovy-trenink\/apt-trenink\/#breadcrumb","itemListElement":[{"@type":"ListItem","position":1,"name":"Dom\u016f","item":"https:\/\/elspeedo.cz\/en\/"},{"@type":"ListItem","position":2,"name":"Courses","item":"https:\/\/elspeedo.cz\/en\/courses-all-2\/"},{"@type":"ListItem","position":3,"name":"Paragliding training","item":"https:\/\/elspeedo.cz\/en\/courses-all-2\/paragliding-training\/"},{"@type":"ListItem","position":4,"name":"Active Piloting Training: APT"}]},{"@type":"WebSite","@id":"https:\/\/elspeedo.cz\/#website","url":"https:\/\/elspeedo.cz\/","name":"El Speedo","description":"Paragliding - kurzy, vybaven\u00ed, v\u00fdlety, komunita","potentialAction":[{"@type":"SearchAction","target":{"@type":"EntryPoint","urlTemplate":"https:\/\/elspeedo.cz\/?s={search_term_string}"},"query-input":{"@type":"PropertyValueSpecification","valueRequired":true,"valueName":"search_term_string"}}],"inLanguage":"en-US"}]}},"_links":{"self":[{"href":"https:\/\/elspeedo.cz\/en\/wp-json\/wp\/v2\/pages\/15161","targetHints":{"allow":["GET"]}}],"collection":[{"href":"https:\/\/elspeedo.cz\/en\/wp-json\/wp\/v2\/pages"}],"about":[{"href":"https:\/\/elspeedo.cz\/en\/wp-json\/wp\/v2\/types\/page"}],"author":[{"embeddable":true,"href":"https:\/\/elspeedo.cz\/en\/wp-json\/wp\/v2\/users\/7"}],"replies":[{"embeddable":true,"href":"https:\/\/elspeedo.cz\/en\/wp-json\/wp\/v2\/comments?post=15161"}],"version-history":[{"count":0,"href":"https:\/\/elspeedo.cz\/en\/wp-json\/wp\/v2\/pages\/15161\/revisions"}],"up":[{"embeddable":true,"href":"https:\/\/elspeedo.cz\/en\/wp-json\/wp\/v2\/pages\/15532"}],"wp:attachment":[{"href":"https:\/\/elspeedo.cz\/en\/wp-json\/wp\/v2\/media?parent=15161"}],"curies":[{"name":"wp","href":"https:\/\/api.w.org\/{rel}","templated":true}]}}