{"id":15165,"date":"2016-12-07T17:36:17","date_gmt":"2016-12-07T16:36:17","guid":{"rendered":"https:\/\/elspeedo.cz\/expedicni-vylety\/"},"modified":"2023-03-06T11:11:45","modified_gmt":"2023-03-06T10:11:45","slug":"expedition-trip","status":"publish","type":"page","link":"https:\/\/elspeedo.cz\/en\/courses-all-2\/paragliding-training\/expedition-trip\/","title":{"rendered":"Expedition trip"},"content":{"rendered":"<div class=\"wpb-content-wrapper\">[mk_page_section bg_color=&#8221;#f4f4f4&#8243; video_loop=&#8221;false&#8221; padding_top=&#8221;0&#8243; padding_bottom=&#8221;0&#8243; sidebar=&#8221;sidebar-1&#8243;][vc_column width=&#8221;1\/2&#8243; css=&#8221;.vc_custom_1492950404252{padding-top: 30px !important;}&#8221;][vc_single_image image=&#8221;18995&#8243; img_size=&#8221;full&#8221; alignment=&#8221;center&#8221; style=&#8221;vc_box_rounded&#8221;][\/vc_column][vc_column width=&#8221;1\/2&#8243; css=&#8221;.vc_custom_1492950409300{padding-top: 50px !important;}&#8221;][vc_column_text disable_pattern=&#8221;false&#8221; align=&#8221;center&#8221;]\n<h1 style=\"text-align: center;\">The adventure that is worth it!<\/h1>\n<p style=\"text-align: center;\">Nor does so at your flying, but rather to taste explore new places, new friends, interesting flight area. And during the year, including winter flurries. Regularly we are preparing trips to interesting &#8211; proven many times and almost unknown areas. Join and enjoy paragliding fullest.<\/p>\n[\/vc_column_text][\/vc_column][\/mk_page_section][mk_page_section video_loop=&#8221;false&#8221; padding_top=&#8221;60&#8243; padding_bottom=&#8221;20&#8243; sidebar=&#8221;sidebar-1&#8243;][vc_column width=&#8221;1\/6&#8243;][\/vc_column][vc_column width=&#8221;2\/3&#8243;][vc_column_text align=&#8221;center&#8221;]\n<h1 style=\"text-align: center;\"><strong>Terms and reservations<\/strong><\/h1>\n[\/vc_column_text][\/vc_column][vc_column width=&#8221;1\/6&#8243;][\/vc_column][\/mk_page_section][vc_row][vc_column][mk_padding_divider][vc_column_text]\t<p>There are no upcoming events at this time.<\/p>\n[\/vc_column_text][mk_padding_divider size=&#8221;60&#8243;][\/vc_column][\/vc_row][vc_row fullwidth=&#8221;true&#8221; fullwidth_content=&#8221;false&#8221; css=&#8221;.vc_custom_1481018840064{padding-bottom: 30px !important;background-color: #e7e7e7 !important;}&#8221;][vc_column width=&#8221;2\/3&#8243;][mk_padding_divider size=&#8221;60&#8243;][vc_column_text disable_pattern=&#8221;false&#8221;]\n<h1 style=\"text-align: left;\"><strong>Brief information<\/strong><\/h1>\n<p>The Europe is full of flying sites. Our expedition trips are suitable for wide range of pilots who want to explore new flying sites. The level of your flying skill does not matter that much. What matters is your lust for getting to know new places and interesting people. You can come with us from Beskydy or Prague or we can meet anywhere else. Just providing transportation up to the mountains is not enough for us. In these expeditions we provide full service from assistance during your start to navigation to the landing place. Exploit our experience and come with us to explore new flying sites in Europe.<\/p>\n<p><strong>Must have<\/strong><\/p>\n<p>Valid pilot licence, at least Pilot or other equivalent licence<\/p>\n<p><strong>Physical demands<\/strong><\/p>\n<p>Middle or low<\/p>\n<p><strong>Recommended flying hours<\/strong><\/p>\n<ul>\n<li>any<\/li>\n<li>the trip is suitable for all pilots from fresh graduates of the elementary course to experienced ones<\/li>\n<\/ul>\n<p><strong>Goals of the course<\/strong><\/p>\n<p>Get to know as many sites in chosen destination as possible. Inform you about possible dangers of particular spots and get to know local specialities and points of interest. That is what is this course about.<\/p>\n<p>Duration of the trip: 4 to 7 days.<\/p>\n<p><strong>Practical training<\/strong><\/p>\n<ul>\n<li>specifications of particular flying site<\/li>\n<li>assistance of our instructor on start or landing place (if necessary)<\/li>\n<\/ul>\n<p><strong>Theoretical tuition<\/strong><\/p>\n<ul>\n<li>descend maneuvers<\/li>\n<li>any other topic which you would be interested in<\/li>\n<\/ul>\n<p><strong>Destination<\/strong><\/p>\n<ul>\n<li>Slovenia<\/li>\n<li>Italy<\/li>\n<li>Austria<\/li>\n<li>France<\/li>\n<li>Romania<\/li>\n<li>Slovakia<\/li>\n<li>Spain<\/li>\n<li>Canary islands<\/li>\n<li>Turkey<\/li>\n<li>Nepal<\/li>\n<\/ul>\n<p>and many others\u2026<\/p>\n<p><strong>Who with:<\/strong><\/p>\n<ul>\n<li>one XC instructor<\/li>\n<li>one assistant<\/li>\n<\/ul>\n<p>Price: 5 900 to 14 900 CZK (depends on destination and duration of the trip)<\/p>\n<ul>\n<li>graduates of any of our courses have 10 % discount<\/li>\n<\/ul>\n<p><strong>Price includes: <\/strong><\/p>\n<ul>\n<li>help of an instructor<\/li>\n<li>lending of walkie-talkie<\/li>\n<li>map of the flying site<\/li>\n<li>technical service and help with adjusting your gear<\/li>\n<li>transportation among sites and rides up the mountain if possible<\/li>\n<li>a gift bag (T-shirt, promotional items, etc.)<\/li>\n<li>DVD with photos from whole trip<\/li>\n<\/ul>\n<p><strong>We can lend you:<\/strong><\/p>\n<ul>\n<li>Hannah tents and sleeping bags<\/li>\n<li>top EN-B glider<\/li>\n<li>variometres and GPS (see SKYTEST)<\/li>\n<\/ul>\n<p><strong>We will help you with:<\/strong><\/p>\n<ul>\n<li>getting flying permits for particular site<\/li>\n<li>accommodation and eating<\/li>\n<li>transportation<\/li>\n<\/ul>\n<p><strong>Transportation to the destination<\/strong>[\/vc_column_text][\/vc_column][vc_column width=&#8221;1\/3&#8243; css=&#8221;.vc_custom_1492950189845{padding-top: 40px !important;}&#8221;][vc_media_grid style=&#8221;load-more&#8221; items_per_page=&#8221;18&#8243; element_width=&#8221;6&#8243; btn_style=&#8221;custom&#8221; btn_custom_text=&#8221;#666666&#8243; btn_add_icon=&#8221;true&#8221; btn_custom_onclick=&#8221;true&#8221; grid_id=&#8221;vc_gid:1678097487711-963b6727-ac81-5&#8243; include=&#8221;18908,18910,18911,18912,18913,18914,18915,18916,18917,18918,18919,18920,18921,18922,18923,18924,18925,18926,18927,18928,18929,18930,18931,18932,18933,18934,18935,18936,18937,18938,18939,18940,18941,18942,18943,18944,18945,18946,18947,18948,18949,18950,18951,18952,18953,18954,18955,18956,18957,18958,18959,18960,18961,18962,18963,18964,18965,18966,18967,18968,18969,18970,18971,18972,18973,18974,18975,18976,18977,18978&#8243;][\/vc_column][\/vc_row][mk_page_section bg_color=&#8221;#272727&#8243; bg_position=&#8221;center center&#8221; video_loop=&#8221;false&#8221; js_vertical_centered=&#8221;true&#8221; padding_top=&#8221;80&#8243; padding_bottom=&#8221;80&#8243; el_class=&#8221;sc-dark&#8221; sidebar=&#8221;sidebar-1&#8243;][vc_column][vc_column_text disable_pattern=&#8221;false&#8221; align=&#8221;center&#8221;]\n<div class=\"clr\" style=\"text-align: center;\"><span style=\"font-size: 24pt;\">Buy for\u00a0<span style=\"font-size: 40pt;\">GRADUATE PRICES<\/span><\/span><\/div>\n[\/vc_column_text][mk_padding_divider size=&#8221;20&#8243;][vc_column_text disable_pattern=&#8221;false&#8221; align=&#8221;center&#8221;]All graduates of our training programs are provided<\/p>\n<h2>10% discount and the possibility of arranging VAT deduction.<\/h2>\n<p>Get more information in El Speedo office via tel. +420 777 311 661[\/vc_column_text][\/vc_column][\/mk_page_section]\n<\/div>","protected":false},"excerpt":{"rendered":"<p>[mk_page_section bg_color=&#8221;#f4f4f4&#8243; video_loop=&#8221;false&#8221; padding_top=&#8221;0&#8243; padding_bottom=&#8221;0&#8243; sidebar=&#8221;sidebar-1&#8243;][vc_column width=&#8221;1\/2&#8243; css=&#8221;.vc_custom_1492950404252{padding-top: 30px !important;}&#8221;][vc_single_image image=&#8221;18995&#8243; img_size=&#8221;full&#8221; alignment=&#8221;center&#8221; style=&#8221;vc_box_rounded&#8221;][\/vc_column][vc_column width=&#8221;1\/2&#8243; css=&#8221;.vc_custom_1492950409300{padding-top: 50px !important;}&#8221;][vc_column_text disable_pattern=&#8221;false&#8221; align=&#8221;center&#8221;] The adventure that is worth it! Nor does so at your flying, but rather to taste explore new places, new friends, interesting flight area. And during the year, including winter flurries. Regularly we are preparing [&hellip;]<\/p>\n","protected":false},"author":7,"featured_media":0,"parent":15532,"menu_order":0,"comment_status":"closed","ping_status":"closed","template":"","meta":{"_tribe_blocks_recurrence_rules":"","_tribe_blocks_recurrence_exclusions":"","_tribe_blocks_recurrence_description":"","footnotes":""},"class_list":["post-15165","page","type-page","status-publish","hentry"],"yoast_head":"<!-- This site is optimized with the Yoast SEO plugin v27.0 - https:\/\/yoast.com\/product\/yoast-seo-wordpress\/ -->\n<title>Expedition trip &#8212; El Speedo<\/title>\n<meta name=\"description\" content=\"El Speedo je nejv\u011bt\u0161\u00ed paraglidingov\u00e1 komunita a \u0161kola v \u010cR. Tandemov\u00e9 seskoky, kurzy, expedice a paragliding v\u00fdbava\" \/>\n<meta name=\"robots\" content=\"index, follow, max-snippet:-1, max-image-preview:large, max-video-preview:-1\" \/>\n<link rel=\"canonical\" href=\"https:\/\/elspeedo.cz\/kurzy-paraglidingu\/paraglidingovy-trenink\/expedicni-vylety\/\" \/>\n<meta property=\"og:locale\" content=\"en_US\" \/>\n<meta property=\"og:type\" content=\"article\" \/>\n<meta property=\"og:title\" content=\"Expedition trip &#8212; El Speedo\" \/>\n<meta property=\"og:description\" content=\"El Speedo je nejv\u011bt\u0161\u00ed paraglidingov\u00e1 komunita a \u0161kola v \u010cR. Tandemov\u00e9 seskoky, kurzy, expedice a paragliding v\u00fdbava\" \/>\n<meta property=\"og:url\" content=\"https:\/\/elspeedo.cz\/kurzy-paraglidingu\/paraglidingovy-trenink\/expedicni-vylety\/\" \/>\n<meta property=\"og:site_name\" content=\"El Speedo\" \/>\n<meta property=\"article:publisher\" content=\"http:\/\/www.facebook.com\/paragliding.elspeedo.cz\/?fref=ts\" \/>\n<meta property=\"article:modified_time\" content=\"2023-03-06T10:11:45+00:00\" \/>\n<meta name=\"twitter:card\" content=\"summary_large_image\" \/>\n<meta name=\"twitter:label1\" content=\"Est. reading time\" \/>\n\t<meta name=\"twitter:data1\" content=\"4 minutes\" \/>\n<script type=\"application\/ld+json\" class=\"yoast-schema-graph\">{\"@context\":\"https:\/\/schema.org\",\"@graph\":[{\"@type\":\"WebPage\",\"@id\":\"https:\/\/elspeedo.cz\/kurzy-paraglidingu\/paraglidingovy-trenink\/expedicni-vylety\/\",\"url\":\"https:\/\/elspeedo.cz\/kurzy-paraglidingu\/paraglidingovy-trenink\/expedicni-vylety\/\",\"name\":\"Expedition trip &#8212; El Speedo\",\"isPartOf\":{\"@id\":\"https:\/\/elspeedo.cz\/#website\"},\"datePublished\":\"2016-12-07T16:36:17+00:00\",\"dateModified\":\"2023-03-06T10:11:45+00:00\",\"description\":\"El Speedo je nejv\u011bt\u0161\u00ed paraglidingov\u00e1 komunita a \u0161kola v \u010cR. Tandemov\u00e9 seskoky, kurzy, expedice a paragliding v\u00fdbava\",\"breadcrumb\":{\"@id\":\"https:\/\/elspeedo.cz\/kurzy-paraglidingu\/paraglidingovy-trenink\/expedicni-vylety\/#breadcrumb\"},\"inLanguage\":\"en-US\",\"potentialAction\":[{\"@type\":\"ReadAction\",\"target\":[\"https:\/\/elspeedo.cz\/kurzy-paraglidingu\/paraglidingovy-trenink\/expedicni-vylety\/\"]}]},{\"@type\":\"BreadcrumbList\",\"@id\":\"https:\/\/elspeedo.cz\/kurzy-paraglidingu\/paraglidingovy-trenink\/expedicni-vylety\/#breadcrumb\",\"itemListElement\":[{\"@type\":\"ListItem\",\"position\":1,\"name\":\"Dom\u016f\",\"item\":\"https:\/\/elspeedo.cz\/en\/\"},{\"@type\":\"ListItem\",\"position\":2,\"name\":\"Courses\",\"item\":\"https:\/\/elspeedo.cz\/en\/courses-all-2\/\"},{\"@type\":\"ListItem\",\"position\":3,\"name\":\"Paragliding training\",\"item\":\"https:\/\/elspeedo.cz\/en\/courses-all-2\/paragliding-training\/\"},{\"@type\":\"ListItem\",\"position\":4,\"name\":\"Expedition trip\"}]},{\"@type\":\"WebSite\",\"@id\":\"https:\/\/elspeedo.cz\/#website\",\"url\":\"https:\/\/elspeedo.cz\/\",\"name\":\"El Speedo\",\"description\":\"Paragliding - kurzy, vybaven\u00ed, v\u00fdlety, komunita\",\"potentialAction\":[{\"@type\":\"SearchAction\",\"target\":{\"@type\":\"EntryPoint\",\"urlTemplate\":\"https:\/\/elspeedo.cz\/?s={search_term_string}\"},\"query-input\":{\"@type\":\"PropertyValueSpecification\",\"valueRequired\":true,\"valueName\":\"search_term_string\"}}],\"inLanguage\":\"en-US\"}]}<\/script>\n<!-- \/ Yoast SEO plugin. -->","yoast_head_json":{"title":"Expedition trip &#8212; El Speedo","description":"El Speedo je nejv\u011bt\u0161\u00ed paraglidingov\u00e1 komunita a \u0161kola v \u010cR. Tandemov\u00e9 seskoky, kurzy, expedice a paragliding v\u00fdbava","robots":{"index":"index","follow":"follow","max-snippet":"max-snippet:-1","max-image-preview":"max-image-preview:large","max-video-preview":"max-video-preview:-1"},"canonical":"https:\/\/elspeedo.cz\/kurzy-paraglidingu\/paraglidingovy-trenink\/expedicni-vylety\/","og_locale":"en_US","og_type":"article","og_title":"Expedition trip &#8212; El Speedo","og_description":"El Speedo je nejv\u011bt\u0161\u00ed paraglidingov\u00e1 komunita a \u0161kola v \u010cR. Tandemov\u00e9 seskoky, kurzy, expedice a paragliding v\u00fdbava","og_url":"https:\/\/elspeedo.cz\/kurzy-paraglidingu\/paraglidingovy-trenink\/expedicni-vylety\/","og_site_name":"El Speedo","article_publisher":"http:\/\/www.facebook.com\/paragliding.elspeedo.cz\/?fref=ts","article_modified_time":"2023-03-06T10:11:45+00:00","twitter_card":"summary_large_image","twitter_misc":{"Est. reading time":"4 minutes"},"schema":{"@context":"https:\/\/schema.org","@graph":[{"@type":"WebPage","@id":"https:\/\/elspeedo.cz\/kurzy-paraglidingu\/paraglidingovy-trenink\/expedicni-vylety\/","url":"https:\/\/elspeedo.cz\/kurzy-paraglidingu\/paraglidingovy-trenink\/expedicni-vylety\/","name":"Expedition trip &#8212; El Speedo","isPartOf":{"@id":"https:\/\/elspeedo.cz\/#website"},"datePublished":"2016-12-07T16:36:17+00:00","dateModified":"2023-03-06T10:11:45+00:00","description":"El Speedo je nejv\u011bt\u0161\u00ed paraglidingov\u00e1 komunita a \u0161kola v \u010cR. Tandemov\u00e9 seskoky, kurzy, expedice a paragliding v\u00fdbava","breadcrumb":{"@id":"https:\/\/elspeedo.cz\/kurzy-paraglidingu\/paraglidingovy-trenink\/expedicni-vylety\/#breadcrumb"},"inLanguage":"en-US","potentialAction":[{"@type":"ReadAction","target":["https:\/\/elspeedo.cz\/kurzy-paraglidingu\/paraglidingovy-trenink\/expedicni-vylety\/"]}]},{"@type":"BreadcrumbList","@id":"https:\/\/elspeedo.cz\/kurzy-paraglidingu\/paraglidingovy-trenink\/expedicni-vylety\/#breadcrumb","itemListElement":[{"@type":"ListItem","position":1,"name":"Dom\u016f","item":"https:\/\/elspeedo.cz\/en\/"},{"@type":"ListItem","position":2,"name":"Courses","item":"https:\/\/elspeedo.cz\/en\/courses-all-2\/"},{"@type":"ListItem","position":3,"name":"Paragliding training","item":"https:\/\/elspeedo.cz\/en\/courses-all-2\/paragliding-training\/"},{"@type":"ListItem","position":4,"name":"Expedition trip"}]},{"@type":"WebSite","@id":"https:\/\/elspeedo.cz\/#website","url":"https:\/\/elspeedo.cz\/","name":"El Speedo","description":"Paragliding - kurzy, vybaven\u00ed, v\u00fdlety, komunita","potentialAction":[{"@type":"SearchAction","target":{"@type":"EntryPoint","urlTemplate":"https:\/\/elspeedo.cz\/?s={search_term_string}"},"query-input":{"@type":"PropertyValueSpecification","valueRequired":true,"valueName":"search_term_string"}}],"inLanguage":"en-US"}]}},"_links":{"self":[{"href":"https:\/\/elspeedo.cz\/en\/wp-json\/wp\/v2\/pages\/15165","targetHints":{"allow":["GET"]}}],"collection":[{"href":"https:\/\/elspeedo.cz\/en\/wp-json\/wp\/v2\/pages"}],"about":[{"href":"https:\/\/elspeedo.cz\/en\/wp-json\/wp\/v2\/types\/page"}],"author":[{"embeddable":true,"href":"https:\/\/elspeedo.cz\/en\/wp-json\/wp\/v2\/users\/7"}],"replies":[{"embeddable":true,"href":"https:\/\/elspeedo.cz\/en\/wp-json\/wp\/v2\/comments?post=15165"}],"version-history":[{"count":1,"href":"https:\/\/elspeedo.cz\/en\/wp-json\/wp\/v2\/pages\/15165\/revisions"}],"predecessor-version":[{"id":204280,"href":"https:\/\/elspeedo.cz\/en\/wp-json\/wp\/v2\/pages\/15165\/revisions\/204280"}],"up":[{"embeddable":true,"href":"https:\/\/elspeedo.cz\/en\/wp-json\/wp\/v2\/pages\/15532"}],"wp:attachment":[{"href":"https:\/\/elspeedo.cz\/en\/wp-json\/wp\/v2\/media?parent=15165"}],"curies":[{"name":"wp","href":"https:\/\/api.w.org\/{rel}","templated":true}]}}