{"id":15167,"date":"2016-12-07T17:50:05","date_gmt":"2016-12-07T16:50:05","guid":{"rendered":"https:\/\/elspeedo.cz\/poznavame-cesko\/"},"modified":"2017-04-24T11:08:53","modified_gmt":"2017-04-24T10:08:53","slug":"get-to-know-czech-republic","status":"publish","type":"page","link":"https:\/\/elspeedo.cz\/en\/courses-all-2\/paragliding-training\/get-to-know-czech-republic\/","title":{"rendered":"GET TO KNOW CZECH REPUBLIC"},"content":{"rendered":"<div class=\"wpb-content-wrapper\">[mk_page_section bg_color=&#8221;#f4f4f4&#8243; video_loop=&#8221;false&#8221; padding_top=&#8221;0&#8243; padding_bottom=&#8221;0&#8243; sidebar=&#8221;sidebar-1&#8243;][vc_column width=&#8221;1\/2&#8243; css=&#8221;.vc_custom_1492949773261{padding-top: 30px !important;}&#8221;][vc_single_image image=&#8221;18877&#8243; img_size=&#8221;full&#8221; alignment=&#8221;center&#8221; style=&#8221;vc_box_rounded&#8221;][\/vc_column][vc_column width=&#8221;1\/2&#8243; css=&#8221;.vc_custom_1492949779557{padding-top: 50px !important;}&#8221;][vc_column_text disable_pattern=&#8221;false&#8221;]\n<h1 style=\"text-align: left;\"><strong>Brief information<\/strong><\/h1>\n<p style=\"text-align: left;\">Czech Republic offers a lot of possiblities for free flying. Beskydy, Krkono\u0161e, Jesen\u00edky, \u0160umava, Czech central mountains or flying in flatlands using a winch \u2013 these all are favourite spots of czech and foreign pilots. We will guide you through these sites and share with you our experience from them. Later on, you will keep returing to these sites independently and you will enjoy the beauty of czech nature.<\/p>\n[\/vc_column_text][\/vc_column][\/mk_page_section][mk_page_section video_loop=&#8221;false&#8221; padding_top=&#8221;60&#8243; padding_bottom=&#8221;20&#8243; sidebar=&#8221;sidebar-1&#8243;][vc_column width=&#8221;1\/6&#8243;][\/vc_column][vc_column width=&#8221;2\/3&#8243;][mk_padding_divider size=&#8221;20&#8243;][vc_column_text align=&#8221;center&#8221;]\n<h1 style=\"text-align: center;\"><strong>Terms and reservations<\/strong><\/h1>\n[\/vc_column_text][\/vc_column][vc_column width=&#8221;1\/6&#8243;][\/vc_column][\/mk_page_section][vc_row][vc_column][mk_padding_divider size=&#8221;20&#8243;][vc_column_text]\n<p style=\"text-align: left;\">\t<p>There are no upcoming events at this time.<\/p>\n\n[\/vc_column_text][mk_padding_divider size=&#8221;60&#8243;][\/vc_column][\/vc_row][vc_row fullwidth=&#8221;true&#8221; fullwidth_content=&#8221;false&#8221; css=&#8221;.vc_custom_1481018840064{padding-bottom: 30px !important;background-color: #e7e7e7 !important;}&#8221;][vc_column width=&#8221;2\/3&#8243;][mk_padding_divider size=&#8221;60&#8243;][vc_column_text disable_pattern=&#8221;false&#8221;]\n<h1><strong>Brief information<\/strong><\/h1>\n<p>Czech Republic offers a lot of possiblities for free flying. Beskydy, Krkono\u0161e, Jesen\u00edky, \u0160umava, Czech central mountains or flying in flatlands using a winch \u2013 these all are favourite spots of czech and foreign pilots. We will guide you through these sites and share with you our experience from them. Later on, you will keep returing to these sites independently and you will enjoy the beauty of czech nature.<\/p>\n<p><strong>Must have<\/strong><\/p>\n<ul>\n<li>valid pilot licence, at least Pilot or other equivalent licence<\/li>\n<\/ul>\n<p><strong>Physical demands<\/strong><\/p>\n<ul>\n<li>Middle or low<\/li>\n<\/ul>\n<p><strong>Recommended flying hours<\/strong><\/p>\n<ul>\n<li>any<\/li>\n<li>the trip is suitable for all pilots from fresh graduates of the elementary course to experienced ones<\/li>\n<\/ul>\n<p><strong>\u00a0<\/strong><strong>Goals of the course<\/strong><\/p>\n<p>Get to know as many sites in Czech Republic as possible. Share with you dangers of particular spots and get to know local specialities and points of interest. That is what is this course about.<\/p>\n<p>Duration of the trip: 3 days.<\/p>\n<p><strong>Practical training<\/strong><\/p>\n<ul>\n<li>specifications of particular flying site<\/li>\n<li>assistance of our instructor if necessary<\/li>\n<\/ul>\n<p><strong>Destination<\/strong><\/p>\n<ul>\n<li>Beskydy<\/li>\n<li>Krkono\u0161e<\/li>\n<li>\u0160umava<\/li>\n<li>Czech central mountains<\/li>\n<li>flatlands<\/li>\n<\/ul>\n<p><strong>Who with:<\/strong><\/p>\n<ul>\n<li>instructor of thermalling<\/li>\n<li>assistant<\/li>\n<\/ul>\n<p><strong>Price: 2 900 CZK<\/strong><\/p>\n<ul>\n<li>graduates of any of our courses have 10 % discount<\/li>\n<\/ul>\n<p><strong>Price includes: <\/strong><\/p>\n<ul>\n<li>work of an instructor<\/li>\n<li>lending of walkie-talkie<\/li>\n<li>transportation among sites and rides up the mountain if possible<\/li>\n<li>a gift bag (T-shirt, promotional items, etc.)<\/li>\n<li>photos from whole trip<\/li>\n<\/ul>\n<p><strong>We can lend you:<\/strong><\/p>\n<ul>\n<li>Hannah tents and sleeping bags<\/li>\n<li>top EN-B glider<\/li>\n<li>variometres and GPS (see SKYTEST)<\/li>\n<\/ul>\n<p><strong>We will help you with:<\/strong><\/p>\n<ul>\n<li>getting flying permits for particular site<\/li>\n<li>accommodation and eating<\/li>\n<li>transportation<\/li>\n<\/ul>\n<p><strong>Transportation to the destination<\/strong>[\/vc_column_text][\/vc_column][vc_column width=&#8221;1\/3&#8243; css=&#8221;.vc_custom_1492949708141{padding-top: 40px !important;}&#8221;][vc_media_grid style=&#8221;load-more&#8221; items_per_page=&#8221;18&#8243; element_width=&#8221;6&#8243; btn_style=&#8221;custom&#8221; btn_custom_text=&#8221;#666666&#8243; btn_add_icon=&#8221;true&#8221; btn_custom_onclick=&#8221;true&#8221; grid_id=&#8221;vc_gid:1493027383549-ad00202b-5d24-8&#8243; include=&#8221;18861,18862,18863,18864,18865,18866,18867,18868,18869,18870,18871,18872,18873,18874,18875,18876&#8243;][\/vc_column][\/vc_row][mk_page_section bg_color=&#8221;#272727&#8243; bg_position=&#8221;center center&#8221; video_loop=&#8221;false&#8221; js_vertical_centered=&#8221;true&#8221; padding_top=&#8221;80&#8243; padding_bottom=&#8221;80&#8243; el_class=&#8221;sc-dark&#8221; sidebar=&#8221;sidebar-1&#8243;][vc_column][vc_column_text disable_pattern=&#8221;false&#8221; align=&#8221;center&#8221;]\n<div class=\"clr\" style=\"text-align: center;\"><span style=\"font-size: 24pt;\">Buy for\u00a0<span style=\"font-size: 40pt;\">GRADUATE PRICES<\/span><\/span><\/div>\n[\/vc_column_text][mk_padding_divider size=&#8221;20&#8243;][vc_column_text disable_pattern=&#8221;false&#8221; align=&#8221;center&#8221;]All graduates of our training programs are provided<\/p>\n<h2>10% discount and the possibility of arranging VAT deduction.<\/h2>\n<p>Get more information in El Speedo office via tel. +420 777 311 661[\/vc_column_text][\/vc_column][\/mk_page_section]\n<\/div>","protected":false},"excerpt":{"rendered":"<p>[mk_page_section bg_color=&#8221;#f4f4f4&#8243; video_loop=&#8221;false&#8221; padding_top=&#8221;0&#8243; padding_bottom=&#8221;0&#8243; sidebar=&#8221;sidebar-1&#8243;][vc_column width=&#8221;1\/2&#8243; css=&#8221;.vc_custom_1492949773261{padding-top: 30px !important;}&#8221;][vc_single_image image=&#8221;18877&#8243; img_size=&#8221;full&#8221; alignment=&#8221;center&#8221; style=&#8221;vc_box_rounded&#8221;][\/vc_column][vc_column width=&#8221;1\/2&#8243; css=&#8221;.vc_custom_1492949779557{padding-top: 50px !important;}&#8221;][vc_column_text disable_pattern=&#8221;false&#8221;] Brief information Czech Republic offers a lot of possiblities for free flying. Beskydy, Krkono\u0161e, Jesen\u00edky, \u0160umava, Czech central mountains or flying in flatlands using a winch \u2013 these all are favourite spots of czech and foreign [&hellip;]<\/p>\n","protected":false},"author":7,"featured_media":0,"parent":15532,"menu_order":0,"comment_status":"closed","ping_status":"closed","template":"","meta":{"_tribe_blocks_recurrence_rules":"","_tribe_blocks_recurrence_exclusions":"","_tribe_blocks_recurrence_description":"","footnotes":""},"class_list":["post-15167","page","type-page","status-publish","hentry"],"yoast_head":"<!-- This site is optimized with the Yoast SEO plugin v27.0 - https:\/\/yoast.com\/product\/yoast-seo-wordpress\/ -->\n<title>GET TO KNOW CZECH REPUBLIC &#8212; El Speedo<\/title>\n<meta name=\"description\" content=\"El Speedo je nejv\u011bt\u0161\u00ed paraglidingov\u00e1 komunita a \u0161kola v \u010cR. Tandemov\u00e9 seskoky, kurzy, expedice a paragliding v\u00fdbava\" \/>\n<meta name=\"robots\" content=\"index, follow, max-snippet:-1, max-image-preview:large, max-video-preview:-1\" \/>\n<link rel=\"canonical\" href=\"https:\/\/elspeedo.cz\/en\/courses-all-2\/paragliding-training\/get-to-know-czech-republic\/\" \/>\n<meta property=\"og:locale\" content=\"en_US\" \/>\n<meta property=\"og:type\" content=\"article\" \/>\n<meta property=\"og:title\" content=\"GET TO KNOW CZECH REPUBLIC &#8212; El Speedo\" \/>\n<meta property=\"og:description\" content=\"El Speedo je nejv\u011bt\u0161\u00ed paraglidingov\u00e1 komunita a \u0161kola v \u010cR. Tandemov\u00e9 seskoky, kurzy, expedice a paragliding v\u00fdbava\" \/>\n<meta property=\"og:url\" content=\"https:\/\/elspeedo.cz\/en\/courses-all-2\/paragliding-training\/get-to-know-czech-republic\/\" \/>\n<meta property=\"og:site_name\" content=\"El Speedo\" \/>\n<meta property=\"article:publisher\" content=\"http:\/\/www.facebook.com\/paragliding.elspeedo.cz\/?fref=ts\" \/>\n<meta property=\"article:modified_time\" content=\"2017-04-24T10:08:53+00:00\" \/>\n<meta name=\"twitter:card\" content=\"summary_large_image\" \/>\n<meta name=\"twitter:label1\" content=\"Est. reading time\" \/>\n\t<meta name=\"twitter:data1\" content=\"3 minutes\" \/>\n<script type=\"application\/ld+json\" class=\"yoast-schema-graph\">{\"@context\":\"https:\/\/schema.org\",\"@graph\":[{\"@type\":\"WebPage\",\"@id\":\"https:\/\/elspeedo.cz\/en\/courses-all-2\/paragliding-training\/get-to-know-czech-republic\/\",\"url\":\"https:\/\/elspeedo.cz\/en\/courses-all-2\/paragliding-training\/get-to-know-czech-republic\/\",\"name\":\"GET TO KNOW CZECH REPUBLIC &#8212; El Speedo\",\"isPartOf\":{\"@id\":\"https:\/\/elspeedo.cz\/#website\"},\"datePublished\":\"2016-12-07T16:50:05+00:00\",\"dateModified\":\"2017-04-24T10:08:53+00:00\",\"description\":\"El Speedo je nejv\u011bt\u0161\u00ed paraglidingov\u00e1 komunita a \u0161kola v \u010cR. Tandemov\u00e9 seskoky, kurzy, expedice a paragliding v\u00fdbava\",\"breadcrumb\":{\"@id\":\"https:\/\/elspeedo.cz\/en\/courses-all-2\/paragliding-training\/get-to-know-czech-republic\/#breadcrumb\"},\"inLanguage\":\"en-US\",\"potentialAction\":[{\"@type\":\"ReadAction\",\"target\":[\"https:\/\/elspeedo.cz\/en\/courses-all-2\/paragliding-training\/get-to-know-czech-republic\/\"]}]},{\"@type\":\"BreadcrumbList\",\"@id\":\"https:\/\/elspeedo.cz\/en\/courses-all-2\/paragliding-training\/get-to-know-czech-republic\/#breadcrumb\",\"itemListElement\":[{\"@type\":\"ListItem\",\"position\":1,\"name\":\"Dom\u016f\",\"item\":\"https:\/\/elspeedo.cz\/en\/\"},{\"@type\":\"ListItem\",\"position\":2,\"name\":\"Courses\",\"item\":\"https:\/\/elspeedo.cz\/en\/courses-all-2\/\"},{\"@type\":\"ListItem\",\"position\":3,\"name\":\"Paragliding training\",\"item\":\"https:\/\/elspeedo.cz\/en\/courses-all-2\/paragliding-training\/\"},{\"@type\":\"ListItem\",\"position\":4,\"name\":\"GET TO KNOW CZECH REPUBLIC\"}]},{\"@type\":\"WebSite\",\"@id\":\"https:\/\/elspeedo.cz\/#website\",\"url\":\"https:\/\/elspeedo.cz\/\",\"name\":\"El Speedo\",\"description\":\"Paragliding - kurzy, vybaven\u00ed, v\u00fdlety, komunita\",\"potentialAction\":[{\"@type\":\"SearchAction\",\"target\":{\"@type\":\"EntryPoint\",\"urlTemplate\":\"https:\/\/elspeedo.cz\/?s={search_term_string}\"},\"query-input\":{\"@type\":\"PropertyValueSpecification\",\"valueRequired\":true,\"valueName\":\"search_term_string\"}}],\"inLanguage\":\"en-US\"}]}<\/script>\n<!-- \/ Yoast SEO plugin. -->","yoast_head_json":{"title":"GET TO KNOW CZECH REPUBLIC &#8212; El Speedo","description":"El Speedo je nejv\u011bt\u0161\u00ed paraglidingov\u00e1 komunita a \u0161kola v \u010cR. Tandemov\u00e9 seskoky, kurzy, expedice a paragliding v\u00fdbava","robots":{"index":"index","follow":"follow","max-snippet":"max-snippet:-1","max-image-preview":"max-image-preview:large","max-video-preview":"max-video-preview:-1"},"canonical":"https:\/\/elspeedo.cz\/en\/courses-all-2\/paragliding-training\/get-to-know-czech-republic\/","og_locale":"en_US","og_type":"article","og_title":"GET TO KNOW CZECH REPUBLIC &#8212; El Speedo","og_description":"El Speedo je nejv\u011bt\u0161\u00ed paraglidingov\u00e1 komunita a \u0161kola v \u010cR. Tandemov\u00e9 seskoky, kurzy, expedice a paragliding v\u00fdbava","og_url":"https:\/\/elspeedo.cz\/en\/courses-all-2\/paragliding-training\/get-to-know-czech-republic\/","og_site_name":"El Speedo","article_publisher":"http:\/\/www.facebook.com\/paragliding.elspeedo.cz\/?fref=ts","article_modified_time":"2017-04-24T10:08:53+00:00","twitter_card":"summary_large_image","twitter_misc":{"Est. reading time":"3 minutes"},"schema":{"@context":"https:\/\/schema.org","@graph":[{"@type":"WebPage","@id":"https:\/\/elspeedo.cz\/en\/courses-all-2\/paragliding-training\/get-to-know-czech-republic\/","url":"https:\/\/elspeedo.cz\/en\/courses-all-2\/paragliding-training\/get-to-know-czech-republic\/","name":"GET TO KNOW CZECH REPUBLIC &#8212; El Speedo","isPartOf":{"@id":"https:\/\/elspeedo.cz\/#website"},"datePublished":"2016-12-07T16:50:05+00:00","dateModified":"2017-04-24T10:08:53+00:00","description":"El Speedo je nejv\u011bt\u0161\u00ed paraglidingov\u00e1 komunita a \u0161kola v \u010cR. Tandemov\u00e9 seskoky, kurzy, expedice a paragliding v\u00fdbava","breadcrumb":{"@id":"https:\/\/elspeedo.cz\/en\/courses-all-2\/paragliding-training\/get-to-know-czech-republic\/#breadcrumb"},"inLanguage":"en-US","potentialAction":[{"@type":"ReadAction","target":["https:\/\/elspeedo.cz\/en\/courses-all-2\/paragliding-training\/get-to-know-czech-republic\/"]}]},{"@type":"BreadcrumbList","@id":"https:\/\/elspeedo.cz\/en\/courses-all-2\/paragliding-training\/get-to-know-czech-republic\/#breadcrumb","itemListElement":[{"@type":"ListItem","position":1,"name":"Dom\u016f","item":"https:\/\/elspeedo.cz\/en\/"},{"@type":"ListItem","position":2,"name":"Courses","item":"https:\/\/elspeedo.cz\/en\/courses-all-2\/"},{"@type":"ListItem","position":3,"name":"Paragliding training","item":"https:\/\/elspeedo.cz\/en\/courses-all-2\/paragliding-training\/"},{"@type":"ListItem","position":4,"name":"GET TO KNOW CZECH REPUBLIC"}]},{"@type":"WebSite","@id":"https:\/\/elspeedo.cz\/#website","url":"https:\/\/elspeedo.cz\/","name":"El Speedo","description":"Paragliding - kurzy, vybaven\u00ed, v\u00fdlety, komunita","potentialAction":[{"@type":"SearchAction","target":{"@type":"EntryPoint","urlTemplate":"https:\/\/elspeedo.cz\/?s={search_term_string}"},"query-input":{"@type":"PropertyValueSpecification","valueRequired":true,"valueName":"search_term_string"}}],"inLanguage":"en-US"}]}},"_links":{"self":[{"href":"https:\/\/elspeedo.cz\/en\/wp-json\/wp\/v2\/pages\/15167","targetHints":{"allow":["GET"]}}],"collection":[{"href":"https:\/\/elspeedo.cz\/en\/wp-json\/wp\/v2\/pages"}],"about":[{"href":"https:\/\/elspeedo.cz\/en\/wp-json\/wp\/v2\/types\/page"}],"author":[{"embeddable":true,"href":"https:\/\/elspeedo.cz\/en\/wp-json\/wp\/v2\/users\/7"}],"replies":[{"embeddable":true,"href":"https:\/\/elspeedo.cz\/en\/wp-json\/wp\/v2\/comments?post=15167"}],"version-history":[{"count":0,"href":"https:\/\/elspeedo.cz\/en\/wp-json\/wp\/v2\/pages\/15167\/revisions"}],"up":[{"embeddable":true,"href":"https:\/\/elspeedo.cz\/en\/wp-json\/wp\/v2\/pages\/15532"}],"wp:attachment":[{"href":"https:\/\/elspeedo.cz\/en\/wp-json\/wp\/v2\/media?parent=15167"}],"curies":[{"name":"wp","href":"https:\/\/api.w.org\/{rel}","templated":true}]}}