{"id":15175,"date":"2016-12-07T18:02:11","date_gmt":"2016-12-07T17:02:11","guid":{"rendered":"https:\/\/elspeedo.cz\/trenink-na-dunach\/"},"modified":"2017-04-23T14:02:23","modified_gmt":"2017-04-23T13:02:23","slug":"training-on-dunes","status":"publish","type":"page","link":"https:\/\/elspeedo.cz\/en\/courses-all-2\/paragliding-training\/training-on-dunes\/","title":{"rendered":"TRAINING ON DUNES"},"content":{"rendered":"<div class=\"wpb-content-wrapper\">[mk_page_section bg_color=&#8221;#f4f4f4&#8243; video_loop=&#8221;false&#8221; padding_top=&#8221;0&#8243; padding_bottom=&#8221;0&#8243; sidebar=&#8221;sidebar-1&#8243;][vc_column width=&#8221;1\/2&#8243; css=&#8221;.vc_custom_1492952378037{padding-top: 30px !important;}&#8221;][vc_single_image image=&#8221;23180&#8243; img_size=&#8221;full&#8221; alignment=&#8221;center&#8221; style=&#8221;vc_box_rounded&#8221;][\/vc_column][vc_column width=&#8221;1\/2&#8243; css=&#8221;.vc_custom_1492952383613{padding-top: 50px !important;}&#8221;][vc_column_text disable_pattern=&#8221;false&#8221; align=&#8221;center&#8221;]\n<h1 style=\"text-align: center;\"><strong>Stable laminar wind \u2013 that&#8217;s what you want<\/strong><\/h1>\n<p style=\"text-align: center;\">To be able to handle your wing when your feet are rock solid on the ground is one of the must for each pilot. To know what to do in strong conditions, to know how to manage reverse start, to walk among other gliders on the ground or use the glider for walking up the hill \u2013 that&#8217;s all is fun, training and most importantly ability which you find handy.<\/p>\n[\/vc_column_text][\/vc_column][\/mk_page_section][vc_row fullwidth=&#8221;true&#8221; fullwidth_content=&#8221;false&#8221;][vc_column][mk_padding_divider size=&#8221;60&#8243;][vc_row_inner][vc_column_inner width=&#8221;1\/6&#8243;][\/vc_column_inner][vc_column_inner width=&#8221;2\/3&#8243;][vc_column_text align=&#8221;center&#8221;]\n<div id=\"text-block-7\" class=\"mk-text-block \">\n<h1 style=\"text-align: center;\"><strong>Terms and reservations<\/strong><\/h1>\n<\/div>\n[\/vc_column_text][\/vc_column_inner][vc_column_inner width=&#8221;1\/6&#8243;][\/vc_column_inner][\/vc_row_inner][\/vc_column][\/vc_row][vc_row][vc_column][mk_padding_divider][vc_column_text]\t<p>There are no upcoming events at this time.<\/p>\n[\/vc_column_text][mk_padding_divider][\/vc_column][\/vc_row][mk_page_section bg_color=&#8221;#f4f4f4&#8243; bg_stretch=&#8221;true&#8221; video_loop=&#8221;false&#8221; padding_top=&#8221;40&#8243; padding_bottom=&#8221;40&#8243; el_class=&#8221;section-gray&#8221; sidebar=&#8221;sidebar-1&#8243;][vc_column width=&#8221;2\/3&#8243;][vc_column_text disable_pattern=&#8221;false&#8221; align=&#8221;center&#8221;]\n<p style=\"text-align: left;\"><strong>Must have<\/strong><\/p>\n<p style=\"text-align: left;\">Valid pilot licence, at least Pilot or other equivalent licence<\/p>\n<p style=\"text-align: left;\"><strong>Physical demands<\/strong><\/p>\n<p style=\"text-align: left;\">Middle<\/p>\n<p style=\"text-align: left;\"><strong>Recommended flying hours<\/strong><\/p>\n<p style=\"text-align: left;\">&#8211; any<\/p>\n<p style=\"text-align: left;\">&#8211; the course is suitable for fresh graduates of the elementary course as well as for experienced pilots<\/p>\n<p style=\"text-align: left;\">&#8211; the course is obligatory for prospective tandem pilots according to our learning scheme<\/p>\n<p style=\"text-align: left;\"><strong>Goals of the course<\/strong><\/p>\n<p style=\"text-align: left;\">The goals depends on the level of experience of a pilot. The main goal for ordinary pilot is to manage executing at least one technique of reverse start and holding the glider above head calmly before the take-off. We are much more demanding to prospective tandem pilots and instructors \u2013 walking with the glider to all directions and using the gliders as a kite in strong wind.<\/p>\n<p style=\"text-align: left;\">Duration of training is 4 hours.<\/p>\n<p style=\"text-align: left;\"><strong>Date of training<\/strong><\/p>\n<p style=\"text-align: left;\">This training is undertaken in destinations with sand dunes and stable strong wind in scheduled dates or in Beskydy if the conditions are perfect. Sing up for this training in Beskydy and we will keep checking the wind and keep you updated about the possibilities. If you would be busy in suitable training date, do not worry. You can always answer our next message.<\/p>\n<p style=\"text-align: left;\"><strong>Practical training<\/strong><\/p>\n<p style=\"text-align: left;\">&#8211; training of various reverse start techniques<\/p>\n<p style=\"text-align: left;\">&#8211; ability to walk with the glider above the head into all directions<\/p>\n<p style=\"text-align: left;\">&#8211; kiting with the glider and change direction of kiting<\/p>\n<p style=\"text-align: left;\"><strong>Theoretical tuition<\/strong><\/p>\n<p style=\"text-align: left;\">&#8211; aerodynamics<\/p>\n<p style=\"text-align: left;\">&#8211; description of all reverse start techniques, their pros and cons<\/p>\n<p style=\"text-align: left;\"><strong>Destination<\/strong><\/p>\n<p style=\"text-align: left;\">&#8211; Beskydy<\/p>\n<p style=\"text-align: left;\">&#8211; Fuerventura, Canary Islands<\/p>\n<p style=\"text-align: left;\">&#8211; Dune du Pyla, France<\/p>\n<p style=\"text-align: left;\">Who with<\/p>\n<p style=\"text-align: left;\">&#8211; instructor of ground handling<\/p>\n<p style=\"text-align: left;\">Price: 600 CZK (this price is paid as an deposit in our office and it is deducted when you join the training)<\/p>\n<p style=\"text-align: left;\">&#8211; our clients have 10 % discount<\/p>\n<p style=\"text-align: left;\"><strong>Price includes: <\/strong><\/p>\n<p style=\"text-align: left;\">&#8211; work of an instructor<\/p>\n<p style=\"text-align: left;\">&#8211; lending of walkie-talkie<\/p>\n<p style=\"text-align: left;\">&#8211; technical support and adjusting your the gear<\/p>\n<p style=\"text-align: left;\"><strong>We can lend you:<\/strong><\/p>\n<p style=\"text-align: left;\">&#8211; Hannah tents and sleeping bags<\/p>\n<p style=\"text-align: left;\">&#8211; high EN-B gliders<\/p>\n<p style=\"text-align: left;\">&#8211; variometres and GPS (see SKYTEST)<\/p>\n<p style=\"text-align: left;\"><strong>We will help you with:<\/strong><\/p>\n<p style=\"text-align: left;\">&#8211; accommodation and eating<\/p>\n<p style=\"text-align: left;\">&#8211; transportation with El Speedo bus or a plane<\/p>\n<p style=\"text-align: left;\"><strong>Transportation to the destination<\/strong><\/p>\n<p style=\"text-align: left;\">&#8211; common or on your own (depends on the destination)<\/p>\n[\/vc_column_text][\/vc_column][vc_column width=&#8221;1\/3&#8243;][\/vc_column][\/mk_page_section][mk_page_section bg_color=&#8221;#272727&#8243; bg_position=&#8221;center center&#8221; video_loop=&#8221;false&#8221; js_vertical_centered=&#8221;true&#8221; padding_top=&#8221;80&#8243; padding_bottom=&#8221;80&#8243; el_class=&#8221;sc-dark&#8221; sidebar=&#8221;sidebar-1&#8243;][vc_column][vc_column_text disable_pattern=&#8221;false&#8221; align=&#8221;center&#8221;]\n<div class=\"clr\" style=\"text-align: center;\"><span style=\"font-size: 24pt;\">Buy for\u00a0<span style=\"font-size: 40pt;\">GRADUATE PRICES<\/span><\/span><\/div>\n[\/vc_column_text][mk_padding_divider size=&#8221;20&#8243;][vc_column_text disable_pattern=&#8221;false&#8221; align=&#8221;center&#8221;]All graduates of our training programs are provided<\/p>\n<h2>10% discount and the possibility of arranging VAT deduction.<\/h2>\n<p>Get more information in El Speedo office via tel. +420 777 311 661[\/vc_column_text][\/vc_column][\/mk_page_section]\n<\/div>","protected":false},"excerpt":{"rendered":"<p>[mk_page_section bg_color=&#8221;#f4f4f4&#8243; video_loop=&#8221;false&#8221; padding_top=&#8221;0&#8243; padding_bottom=&#8221;0&#8243; sidebar=&#8221;sidebar-1&#8243;][vc_column width=&#8221;1\/2&#8243; css=&#8221;.vc_custom_1492952378037{padding-top: 30px !important;}&#8221;][vc_single_image image=&#8221;23180&#8243; img_size=&#8221;full&#8221; alignment=&#8221;center&#8221; style=&#8221;vc_box_rounded&#8221;][\/vc_column][vc_column width=&#8221;1\/2&#8243; css=&#8221;.vc_custom_1492952383613{padding-top: 50px !important;}&#8221;][vc_column_text disable_pattern=&#8221;false&#8221; align=&#8221;center&#8221;] Stable laminar wind \u2013 that&#8217;s what you want To be able to handle your wing when your feet are rock solid on the ground is one of the must for each pilot. To know what [&hellip;]<\/p>\n","protected":false},"author":7,"featured_media":0,"parent":15532,"menu_order":0,"comment_status":"closed","ping_status":"closed","template":"","meta":{"_tribe_blocks_recurrence_rules":"","_tribe_blocks_recurrence_exclusions":"","_tribe_blocks_recurrence_description":"","footnotes":""},"class_list":["post-15175","page","type-page","status-publish","hentry"],"yoast_head":"<!-- This site is optimized with the Yoast SEO plugin v27.0 - https:\/\/yoast.com\/product\/yoast-seo-wordpress\/ -->\n<title>TRAINING ON DUNES &#8212; El Speedo<\/title>\n<meta name=\"description\" content=\"El Speedo je nejv\u011bt\u0161\u00ed paraglidingov\u00e1 komunita a \u0161kola v \u010cR. Tandemov\u00e9 seskoky, kurzy, expedice a paragliding v\u00fdbava\" \/>\n<meta name=\"robots\" content=\"index, follow, max-snippet:-1, max-image-preview:large, max-video-preview:-1\" \/>\n<link rel=\"canonical\" href=\"https:\/\/elspeedo.cz\/kurzy-paraglidingu\/paraglidingovy-trenink\/trenink-na-dunach\/\" \/>\n<meta property=\"og:locale\" content=\"en_US\" \/>\n<meta property=\"og:type\" content=\"article\" \/>\n<meta property=\"og:title\" content=\"TRAINING ON DUNES &#8212; El Speedo\" \/>\n<meta property=\"og:description\" content=\"El Speedo je nejv\u011bt\u0161\u00ed paraglidingov\u00e1 komunita a \u0161kola v \u010cR. Tandemov\u00e9 seskoky, kurzy, expedice a paragliding v\u00fdbava\" \/>\n<meta property=\"og:url\" content=\"https:\/\/elspeedo.cz\/kurzy-paraglidingu\/paraglidingovy-trenink\/trenink-na-dunach\/\" \/>\n<meta property=\"og:site_name\" content=\"El Speedo\" \/>\n<meta property=\"article:publisher\" content=\"http:\/\/www.facebook.com\/paragliding.elspeedo.cz\/?fref=ts\" \/>\n<meta property=\"article:modified_time\" content=\"2017-04-23T13:02:23+00:00\" \/>\n<meta name=\"twitter:card\" content=\"summary_large_image\" \/>\n<meta name=\"twitter:label1\" content=\"Est. reading time\" \/>\n\t<meta name=\"twitter:data1\" content=\"4 minutes\" \/>\n<script type=\"application\/ld+json\" class=\"yoast-schema-graph\">{\"@context\":\"https:\/\/schema.org\",\"@graph\":[{\"@type\":\"WebPage\",\"@id\":\"https:\/\/elspeedo.cz\/kurzy-paraglidingu\/paraglidingovy-trenink\/trenink-na-dunach\/\",\"url\":\"https:\/\/elspeedo.cz\/kurzy-paraglidingu\/paraglidingovy-trenink\/trenink-na-dunach\/\",\"name\":\"TRAINING ON DUNES &#8212; El Speedo\",\"isPartOf\":{\"@id\":\"https:\/\/elspeedo.cz\/#website\"},\"datePublished\":\"2016-12-07T17:02:11+00:00\",\"dateModified\":\"2017-04-23T13:02:23+00:00\",\"description\":\"El Speedo je nejv\u011bt\u0161\u00ed paraglidingov\u00e1 komunita a \u0161kola v \u010cR. Tandemov\u00e9 seskoky, kurzy, expedice a paragliding v\u00fdbava\",\"breadcrumb\":{\"@id\":\"https:\/\/elspeedo.cz\/kurzy-paraglidingu\/paraglidingovy-trenink\/trenink-na-dunach\/#breadcrumb\"},\"inLanguage\":\"en-US\",\"potentialAction\":[{\"@type\":\"ReadAction\",\"target\":[\"https:\/\/elspeedo.cz\/kurzy-paraglidingu\/paraglidingovy-trenink\/trenink-na-dunach\/\"]}]},{\"@type\":\"BreadcrumbList\",\"@id\":\"https:\/\/elspeedo.cz\/kurzy-paraglidingu\/paraglidingovy-trenink\/trenink-na-dunach\/#breadcrumb\",\"itemListElement\":[{\"@type\":\"ListItem\",\"position\":1,\"name\":\"Dom\u016f\",\"item\":\"https:\/\/elspeedo.cz\/en\/\"},{\"@type\":\"ListItem\",\"position\":2,\"name\":\"Courses\",\"item\":\"https:\/\/elspeedo.cz\/en\/courses-all-2\/\"},{\"@type\":\"ListItem\",\"position\":3,\"name\":\"Paragliding training\",\"item\":\"https:\/\/elspeedo.cz\/en\/courses-all-2\/paragliding-training\/\"},{\"@type\":\"ListItem\",\"position\":4,\"name\":\"TRAINING ON DUNES\"}]},{\"@type\":\"WebSite\",\"@id\":\"https:\/\/elspeedo.cz\/#website\",\"url\":\"https:\/\/elspeedo.cz\/\",\"name\":\"El Speedo\",\"description\":\"Paragliding - kurzy, vybaven\u00ed, v\u00fdlety, komunita\",\"potentialAction\":[{\"@type\":\"SearchAction\",\"target\":{\"@type\":\"EntryPoint\",\"urlTemplate\":\"https:\/\/elspeedo.cz\/?s={search_term_string}\"},\"query-input\":{\"@type\":\"PropertyValueSpecification\",\"valueRequired\":true,\"valueName\":\"search_term_string\"}}],\"inLanguage\":\"en-US\"}]}<\/script>\n<!-- \/ Yoast SEO plugin. -->","yoast_head_json":{"title":"TRAINING ON DUNES &#8212; El Speedo","description":"El Speedo je nejv\u011bt\u0161\u00ed paraglidingov\u00e1 komunita a \u0161kola v \u010cR. Tandemov\u00e9 seskoky, kurzy, expedice a paragliding v\u00fdbava","robots":{"index":"index","follow":"follow","max-snippet":"max-snippet:-1","max-image-preview":"max-image-preview:large","max-video-preview":"max-video-preview:-1"},"canonical":"https:\/\/elspeedo.cz\/kurzy-paraglidingu\/paraglidingovy-trenink\/trenink-na-dunach\/","og_locale":"en_US","og_type":"article","og_title":"TRAINING ON DUNES &#8212; El Speedo","og_description":"El Speedo je nejv\u011bt\u0161\u00ed paraglidingov\u00e1 komunita a \u0161kola v \u010cR. Tandemov\u00e9 seskoky, kurzy, expedice a paragliding v\u00fdbava","og_url":"https:\/\/elspeedo.cz\/kurzy-paraglidingu\/paraglidingovy-trenink\/trenink-na-dunach\/","og_site_name":"El Speedo","article_publisher":"http:\/\/www.facebook.com\/paragliding.elspeedo.cz\/?fref=ts","article_modified_time":"2017-04-23T13:02:23+00:00","twitter_card":"summary_large_image","twitter_misc":{"Est. reading time":"4 minutes"},"schema":{"@context":"https:\/\/schema.org","@graph":[{"@type":"WebPage","@id":"https:\/\/elspeedo.cz\/kurzy-paraglidingu\/paraglidingovy-trenink\/trenink-na-dunach\/","url":"https:\/\/elspeedo.cz\/kurzy-paraglidingu\/paraglidingovy-trenink\/trenink-na-dunach\/","name":"TRAINING ON DUNES &#8212; El Speedo","isPartOf":{"@id":"https:\/\/elspeedo.cz\/#website"},"datePublished":"2016-12-07T17:02:11+00:00","dateModified":"2017-04-23T13:02:23+00:00","description":"El Speedo je nejv\u011bt\u0161\u00ed paraglidingov\u00e1 komunita a \u0161kola v \u010cR. Tandemov\u00e9 seskoky, kurzy, expedice a paragliding v\u00fdbava","breadcrumb":{"@id":"https:\/\/elspeedo.cz\/kurzy-paraglidingu\/paraglidingovy-trenink\/trenink-na-dunach\/#breadcrumb"},"inLanguage":"en-US","potentialAction":[{"@type":"ReadAction","target":["https:\/\/elspeedo.cz\/kurzy-paraglidingu\/paraglidingovy-trenink\/trenink-na-dunach\/"]}]},{"@type":"BreadcrumbList","@id":"https:\/\/elspeedo.cz\/kurzy-paraglidingu\/paraglidingovy-trenink\/trenink-na-dunach\/#breadcrumb","itemListElement":[{"@type":"ListItem","position":1,"name":"Dom\u016f","item":"https:\/\/elspeedo.cz\/en\/"},{"@type":"ListItem","position":2,"name":"Courses","item":"https:\/\/elspeedo.cz\/en\/courses-all-2\/"},{"@type":"ListItem","position":3,"name":"Paragliding training","item":"https:\/\/elspeedo.cz\/en\/courses-all-2\/paragliding-training\/"},{"@type":"ListItem","position":4,"name":"TRAINING ON DUNES"}]},{"@type":"WebSite","@id":"https:\/\/elspeedo.cz\/#website","url":"https:\/\/elspeedo.cz\/","name":"El Speedo","description":"Paragliding - kurzy, vybaven\u00ed, v\u00fdlety, komunita","potentialAction":[{"@type":"SearchAction","target":{"@type":"EntryPoint","urlTemplate":"https:\/\/elspeedo.cz\/?s={search_term_string}"},"query-input":{"@type":"PropertyValueSpecification","valueRequired":true,"valueName":"search_term_string"}}],"inLanguage":"en-US"}]}},"_links":{"self":[{"href":"https:\/\/elspeedo.cz\/en\/wp-json\/wp\/v2\/pages\/15175","targetHints":{"allow":["GET"]}}],"collection":[{"href":"https:\/\/elspeedo.cz\/en\/wp-json\/wp\/v2\/pages"}],"about":[{"href":"https:\/\/elspeedo.cz\/en\/wp-json\/wp\/v2\/types\/page"}],"author":[{"embeddable":true,"href":"https:\/\/elspeedo.cz\/en\/wp-json\/wp\/v2\/users\/7"}],"replies":[{"embeddable":true,"href":"https:\/\/elspeedo.cz\/en\/wp-json\/wp\/v2\/comments?post=15175"}],"version-history":[{"count":0,"href":"https:\/\/elspeedo.cz\/en\/wp-json\/wp\/v2\/pages\/15175\/revisions"}],"up":[{"embeddable":true,"href":"https:\/\/elspeedo.cz\/en\/wp-json\/wp\/v2\/pages\/15532"}],"wp:attachment":[{"href":"https:\/\/elspeedo.cz\/en\/wp-json\/wp\/v2\/media?parent=15175"}],"curies":[{"name":"wp","href":"https:\/\/api.w.org\/{rel}","templated":true}]}}