{"id":15498,"date":"2016-11-22T18:57:16","date_gmt":"2016-11-22T17:57:16","guid":{"rendered":"https:\/\/elspeedo.cz\/tandemy\/"},"modified":"2017-02-06T11:09:31","modified_gmt":"2017-02-06T10:09:31","slug":"tandem-flying","status":"publish","type":"page","link":"https:\/\/elspeedo.cz\/en\/tandem-flying\/","title":{"rendered":"Tandem flying"},"content":{"rendered":"<div class=\"wpb-content-wrapper\">[mk_page_section bg_image=&#8221;https:\/\/elspeedo.cz\/wp-content\/uploads\/2016\/11\/tandem_4.jpg&#8221; bg_position=&#8221;center top&#8221; bg_repeat=&#8221;no-repeat&#8221; bg_stretch=&#8221;true&#8221; video_loop=&#8221;false&#8221; min_height=&#8221;450&#8243; full_width=&#8221;true&#8221; js_vertical_centered=&#8221;true&#8221; sidebar=&#8221;sidebar-1&#8243;][vc_column][\/vc_column][\/mk_page_section][vc_row css=&#8221;.vc_custom_1485900747334{padding-top: 40px !important;}&#8221;][vc_column width=&#8221;1\/3&#8243;][mk_custom_box corner_radius=&#8221;5&#8243; padding_vertical=&#8221;10&#8243; min_height=&#8221;30&#8243; el_class=&#8221;el-boxes-nav&#8221; bg_color=&#8221;#4b8f7d&#8221;][mk_icon_box read_more_url=&#8221;https:\/\/elspeedo.cz\/tandemy\/vyhlidkovy-let&#8221; style=&#8221;simple_ultimate&#8221; icon_size=&#8221;large&#8221; icon_color=&#8221;#ffffff&#8221; title_color=&#8221;#ffffff&#8221; txt_color=&#8221;#ffffff&#8221; txt_link_color=&#8221;#ffffff&#8221; margin=&#8221;0&#8243;]\n<h3 style=\"text-align: center;\"><span style=\"color: #ffffff;\"><a style=\"color: #ffffff;\" href=\"https:\/\/elspeedo.cz\/en\/tandem-flying\/the-classic-flight\/\">The Classic <\/a><\/span><\/h3>\n<p style=\"text-align: center;\"><span style=\"color: #ffffff;\"><a style=\"color: #ffffff;\" href=\"https:\/\/elspeedo.cz\/en\/tandem-flying\/the-classic-flight\/\">Flight<\/a><\/span><\/p>\n[\/mk_icon_box][\/mk_custom_box][\/vc_column][vc_column width=&#8221;1\/3&#8243;][mk_custom_box corner_radius=&#8221;5&#8243; padding_vertical=&#8221;10&#8243; min_height=&#8221;30&#8243; el_class=&#8221;el-boxes-nav&#8221; bg_color=&#8221;#ffc969&#8243;][mk_icon_box read_more_url=&#8221;https:\/\/elspeedo.cz\/en\/tandem-flying\/the-thermal-flight\/&#8221; style=&#8221;simple_ultimate&#8221; icon_size=&#8221;large&#8221; icon_color=&#8221;#ffffff&#8221; title_color=&#8221;#ffffff&#8221; txt_color=&#8221;#ffffff&#8221; txt_link_color=&#8221;#ffffff&#8221; margin=&#8221;0&#8243;]\n<h3 style=\"text-align: center;\"><span style=\"color: #ffffff;\"><a style=\"color: #ffffff;\" href=\"https:\/\/elspeedo.cz\/en\/tandem-flying\/the-thermal-flight\/\">The Thermal <\/a><\/span><\/h3>\n<p style=\"text-align: center;\"><span style=\"color: #ffffff;\"><a style=\"color: #ffffff;\" href=\"https:\/\/elspeedo.cz\/en\/tandem-flying\/the-thermal-flight\/\">Flight<\/a><\/span><\/p>\n[\/mk_icon_box][\/mk_custom_box][\/vc_column][vc_column width=&#8221;1\/3&#8243;][mk_custom_box corner_radius=&#8221;5&#8243; padding_vertical=&#8221;10&#8243; min_height=&#8221;30&#8243; el_class=&#8221;el-boxes-nav&#8221; bg_color=&#8221;#2e93ba&#8221;][mk_icon_box read_more_url=&#8221;https:\/\/elspeedo.cz\/en\/tandem-flying\/the-acrobatic-flight\/&#8221; style=&#8221;simple_ultimate&#8221; icon_size=&#8221;large&#8221; icon_color=&#8221;#ffffff&#8221; title_color=&#8221;#ffffff&#8221; txt_color=&#8221;#ffffff&#8221; txt_link_color=&#8221;#ffffff&#8221; margin=&#8221;0&#8243;]\n<h3 style=\"text-align: center;\"><span style=\"color: #ffffff;\"><a style=\"color: #ffffff;\" href=\"https:\/\/elspeedo.cz\/en\/tandem-flying\/the-acrobatic-flight\/\">The Acrobatic\u00a0<\/a><\/span><\/h3>\n<p style=\"text-align: center;\"><span style=\"color: #ffffff;\"><a style=\"color: #ffffff;\" href=\"https:\/\/elspeedo.cz\/en\/tandem-flying\/the-acrobatic-flight\/\">Flight<\/a><\/span><\/p>\n[\/mk_icon_box][\/mk_custom_box][\/vc_column][\/vc_row][vc_row][vc_column width=&#8221;1\/2&#8243;][mk_custom_box corner_radius=&#8221;5&#8243; padding_vertical=&#8221;10&#8243; min_height=&#8221;30&#8243; el_class=&#8221;el-boxes-nav&#8221; bg_color=&#8221;#ff5f5d&#8221;][mk_icon_box read_more_url=&#8221;https:\/\/elspeedo.cz\/en\/tandem-flying\/sport-tandem-cross-country-flight\/&#8221; style=&#8221;simple_ultimate&#8221; icon_size=&#8221;large&#8221; icon_color=&#8221;#ffffff&#8221; title_color=&#8221;#ffffff&#8221; txt_color=&#8221;#ffffff&#8221; txt_link_color=&#8221;#ffffff&#8221; margin=&#8221;0&#8243;]\n<h3 style=\"text-align: center;\"><span style=\"color: #ffffff;\"><a style=\"color: #ffffff;\" href=\"https:\/\/elspeedo.cz\/en\/tandem-flying\/sport-tandem-cross-country-flight\/\">Sport tandem<\/a><\/span><\/h3>\n<p style=\"text-align: center;\"><span style=\"color: #ffffff;\"><a style=\"color: #ffffff;\" href=\"https:\/\/elspeedo.cz\/en\/tandem-flying\/sport-tandem-cross-country-flight\/\">cross country flight<\/a><\/span><\/p>\n[\/mk_icon_box][\/mk_custom_box][\/vc_column][vc_column width=&#8221;1\/2&#8243;][mk_custom_box corner_radius=&#8221;5&#8243; padding_vertical=&#8221;10&#8243; min_height=&#8221;30&#8243; el_class=&#8221;el-boxes-nav&#8221; bg_color=&#8221;#2e93ba&#8221;][mk_icon_box read_more_url=&#8221;https:\/\/elspeedo.cz\/en\/tandem-flying\/the-wedding-tandem-flight\/&#8221; style=&#8221;simple_ultimate&#8221; icon_size=&#8221;large&#8221; icon_color=&#8221;#ffffff&#8221; title_color=&#8221;#ffffff&#8221; txt_color=&#8221;#ffffff&#8221; txt_link_color=&#8221;#ffffff&#8221; margin=&#8221;0&#8243;]\n<h3 style=\"text-align: center;\"><span style=\"color: #ffffff;\"><a style=\"color: #ffffff;\" href=\"https:\/\/elspeedo.cz\/en\/tandem-flying\/the-wedding-tandem-flight\/\">The wedding <\/a><\/span><\/h3>\n<p style=\"text-align: center;\"><span style=\"color: #ffffff;\"><a style=\"color: #ffffff;\" href=\"https:\/\/elspeedo.cz\/en\/tandem-flying\/the-wedding-tandem-flight\/\">tandem flight<\/a><\/span><\/p>\n[\/mk_icon_box][\/mk_custom_box][\/vc_column][\/vc_row][vc_row][vc_column][mk_custom_box corner_radius=&#8221;5&#8243; padding_vertical=&#8221;10&#8243; min_height=&#8221;30&#8243; el_class=&#8221;el-boxes-nav&#8221; bg_color=&#8221;#96bace&#8221;][mk_icon_box read_more_url=&#8221;https:\/\/elspeedo.cz\/en\/tandem-flying\/powered-tandem-flight\/&#8221; style=&#8221;simple_ultimate&#8221; icon_size=&#8221;large&#8221; icon_color=&#8221;#ffffff&#8221; title_color=&#8221;#ffffff&#8221; txt_color=&#8221;#ffffff&#8221; txt_link_color=&#8221;#ffffff&#8221; margin=&#8221;0&#8243;]\n<h3 style=\"text-align: center;\"><span style=\"color: #ffffff;\"><a style=\"color: #ffffff;\" href=\"https:\/\/elspeedo.cz\/en\/tandem-flying\/powered-tandem-flight\/\">Powered <\/a><\/span><\/h3>\n<p style=\"text-align: center;\"><span style=\"color: #ffffff;\"><a style=\"color: #ffffff;\" href=\"https:\/\/elspeedo.cz\/en\/tandem-flying\/powered-tandem-flight\/\">tandem flight<\/a><\/span><\/p>\n[\/mk_icon_box][\/mk_custom_box][\/vc_column][\/vc_row][vc_row][vc_column][mk_padding_divider size=&#8221;60&#8243;][vc_column_text disable_pattern=&#8221;false&#8221; align=&#8221;center&#8221;]\n<h1 style=\"text-align: center;\">Choose the best date of your flight.<\/h1>\n<p style=\"text-align: center;\">Each type of flight from our offer has its own best time of realization. Therefore we suggest you to take advange of our experience and let us help you with choosing the best time for your flight<\/p>\n[\/vc_column_text][\/vc_column][\/vc_row][vc_row css=&#8221;.vc_custom_1481824376470{padding-top: 20px !important;padding-bottom: 20px !important;}&#8221;][vc_column][vc_single_image image=&#8221;16204&#8243; img_size=&#8221;full&#8221; alignment=&#8221;center&#8221; style=&#8221;vc_box_rounded&#8221;][\/vc_column][\/vc_row][vc_row][vc_column width=&#8221;1\/4&#8243;][vc_single_image image=&#8221;14503&#8243; img_size=&#8221;full&#8221; alignment=&#8221;center&#8221; style=&#8221;vc_box_rounded&#8221;][\/vc_column][vc_column width=&#8221;1\/4&#8243;][vc_single_image image=&#8221;14502&#8243; img_size=&#8221;full&#8221; alignment=&#8221;center&#8221; style=&#8221;vc_box_rounded&#8221;][\/vc_column][vc_column width=&#8221;1\/4&#8243;][vc_single_image image=&#8221;14501&#8243; img_size=&#8221;full&#8221; alignment=&#8221;center&#8221; style=&#8221;vc_box_rounded&#8221;][\/vc_column][vc_column width=&#8221;1\/4&#8243;][vc_single_image image=&#8221;14500&#8243; img_size=&#8221;full&#8221; alignment=&#8221;center&#8221; style=&#8221;vc_box_rounded&#8221;][\/vc_column][\/vc_row][vc_row][vc_column][vc_separator el_width=&#8221;80&#8243; el_class=&#8221;basic-separator&#8221; css=&#8221;.vc_custom_1481824788480{padding-top: 40px !important;padding-bottom: 0px !important;}&#8221;][\/vc_column][\/vc_row][vc_row][vc_column][vc_column_text disable_pattern=&#8221;false&#8221; align=&#8221;center&#8221;]\n<h1>Choose the best location of your flight.<\/h1>\n<p>You will find the most favourite sites for tandem flying in Czech Republic in the Beskydy. Perharps for its epic views, wonderful sceneries, high altitude and many starting sites. But we will be happy to fly with you in different spots as well \u2013 choose them on your own or feel free to call us for more information.[\/vc_column_text][\/vc_column][\/vc_row][mk_page_section video_loop=&#8221;false&#8221; padding_top=&#8221;20&#8243; padding_bottom=&#8221;0&#8243; sidebar=&#8221;sidebar-1&#8243;][vc_column width=&#8221;1\/6&#8243;][\/vc_column][vc_column width=&#8221;2\/3&#8243;][vc_single_image image=&#8221;13582&#8243; img_size=&#8221;full&#8221; alignment=&#8221;center&#8221; style=&#8221;vc_box_rounded&#8221;][\/vc_column][vc_column width=&#8221;1\/6&#8243;][\/vc_column][\/mk_page_section][vc_row][vc_column][vc_separator el_width=&#8221;80&#8243; el_class=&#8221;basic-separator&#8221; css=&#8221;.vc_custom_1481825223639{padding-top: 40px !important;padding-bottom: 0px !important;}&#8221;][\/vc_column][\/vc_row][mk_page_section video_loop=&#8221;false&#8221; padding_top=&#8221;60&#8243; padding_bottom=&#8221;60&#8243; sidebar=&#8221;sidebar-1&#8243;][vc_column][mk_fancy_title size=&#8221;42&#8243; force_font_size=&#8221;true&#8221; size_phone=&#8221;24&#8243; margin_bottom=&#8221;30&#8243; font_family=&#8221;none&#8221; align=&#8221;center&#8221;]\n<h1>Enjoy unforgetable flying experience\u2026<\/h1>\n[\/mk_fancy_title][vc_media_grid style=&#8221;load-more&#8221; items_per_page=&#8221;18&#8243; element_width=&#8221;2&#8243; btn_style=&#8221;custom&#8221; btn_custom_text=&#8221;#666666&#8243; grid_id=&#8221;vc_gid:1486375031855-8575985b-ea58-9&#8243; include=&#8221;17889,17861,17862,17863,17864,17865,17866,17867,17868,17869,17870,17871,17872,17873,17874,17875,17876,17877,17878,17879,17880,17881,17882,17883,17884,17885,17886,17887,17888&#8243;][\/vc_column][\/mk_page_section]\n<\/div>","protected":false},"excerpt":{"rendered":"<p>[mk_page_section bg_image=&#8221;https:\/\/elspeedo.cz\/wp-content\/uploads\/2016\/11\/tandem_4.jpg&#8221; bg_position=&#8221;center top&#8221; bg_repeat=&#8221;no-repeat&#8221; bg_stretch=&#8221;true&#8221; video_loop=&#8221;false&#8221; min_height=&#8221;450&#8243; full_width=&#8221;true&#8221; js_vertical_centered=&#8221;true&#8221; sidebar=&#8221;sidebar-1&#8243;][vc_column][\/vc_column][\/mk_page_section][vc_row css=&#8221;.vc_custom_1485900747334{padding-top: 40px !important;}&#8221;][vc_column width=&#8221;1\/3&#8243;][mk_custom_box corner_radius=&#8221;5&#8243; padding_vertical=&#8221;10&#8243; min_height=&#8221;30&#8243; el_class=&#8221;el-boxes-nav&#8221; bg_color=&#8221;#4b8f7d&#8221;][mk_icon_box read_more_url=&#8221;https:\/\/elspeedo.cz\/tandemy\/vyhlidkovy-let&#8221; style=&#8221;simple_ultimate&#8221; icon_size=&#8221;large&#8221; icon_color=&#8221;#ffffff&#8221; title_color=&#8221;#ffffff&#8221; txt_color=&#8221;#ffffff&#8221; txt_link_color=&#8221;#ffffff&#8221; margin=&#8221;0&#8243;] The Classic Flight [\/mk_icon_box][\/mk_custom_box][\/vc_column][vc_column width=&#8221;1\/3&#8243;][mk_custom_box corner_radius=&#8221;5&#8243; padding_vertical=&#8221;10&#8243; min_height=&#8221;30&#8243; el_class=&#8221;el-boxes-nav&#8221; bg_color=&#8221;#ffc969&#8243;][mk_icon_box read_more_url=&#8221;https:\/\/elspeedo.cz\/en\/tandem-flying\/the-thermal-flight\/&#8221; style=&#8221;simple_ultimate&#8221; icon_size=&#8221;large&#8221; icon_color=&#8221;#ffffff&#8221; title_color=&#8221;#ffffff&#8221; txt_color=&#8221;#ffffff&#8221; txt_link_color=&#8221;#ffffff&#8221; margin=&#8221;0&#8243;] The Thermal Flight [\/mk_icon_box][\/mk_custom_box][\/vc_column][vc_column width=&#8221;1\/3&#8243;][mk_custom_box corner_radius=&#8221;5&#8243; padding_vertical=&#8221;10&#8243; min_height=&#8221;30&#8243; el_class=&#8221;el-boxes-nav&#8221; [&hellip;]<\/p>\n","protected":false},"author":3878,"featured_media":0,"parent":0,"menu_order":0,"comment_status":"closed","ping_status":"closed","template":"","meta":{"_tribe_blocks_recurrence_rules":"","_tribe_blocks_recurrence_exclusions":"","_tribe_blocks_recurrence_description":"","footnotes":""},"class_list":["post-15498","page","type-page","status-publish","hentry"],"yoast_head":"<!-- This site is optimized with the Yoast SEO plugin v27.0 - https:\/\/yoast.com\/product\/yoast-seo-wordpress\/ -->\n<title>Tandem flying &#8212; El Speedo<\/title>\n<meta name=\"description\" content=\"El Speedo je nejv\u011bt\u0161\u00ed paraglidingov\u00e1 komunita a \u0161kola v \u010cR. Tandemov\u00e9 seskoky, kurzy, expedice a paragliding v\u00fdbava\" \/>\n<meta name=\"robots\" content=\"index, follow, max-snippet:-1, max-image-preview:large, max-video-preview:-1\" \/>\n<link rel=\"canonical\" href=\"https:\/\/elspeedo.cz\/en\/tandem-flying\/\" \/>\n<meta property=\"og:locale\" content=\"en_US\" \/>\n<meta property=\"og:type\" content=\"article\" \/>\n<meta property=\"og:title\" content=\"Tandem flying &#8212; El Speedo\" \/>\n<meta property=\"og:description\" content=\"El Speedo je nejv\u011bt\u0161\u00ed paraglidingov\u00e1 komunita a \u0161kola v \u010cR. Tandemov\u00e9 seskoky, kurzy, expedice a paragliding v\u00fdbava\" \/>\n<meta property=\"og:url\" content=\"https:\/\/elspeedo.cz\/en\/tandem-flying\/\" \/>\n<meta property=\"og:site_name\" content=\"El Speedo\" \/>\n<meta property=\"article:publisher\" content=\"http:\/\/www.facebook.com\/paragliding.elspeedo.cz\/?fref=ts\" \/>\n<meta property=\"article:modified_time\" content=\"2017-02-06T10:09:31+00:00\" \/>\n<meta name=\"twitter:card\" content=\"summary_large_image\" \/>\n<meta name=\"twitter:label1\" content=\"Est. reading time\" \/>\n\t<meta name=\"twitter:data1\" content=\"4 minutes\" \/>\n<script type=\"application\/ld+json\" class=\"yoast-schema-graph\">{\"@context\":\"https:\/\/schema.org\",\"@graph\":[{\"@type\":\"WebPage\",\"@id\":\"https:\/\/elspeedo.cz\/en\/tandem-flying\/\",\"url\":\"https:\/\/elspeedo.cz\/en\/tandem-flying\/\",\"name\":\"Tandem flying &#8212; El Speedo\",\"isPartOf\":{\"@id\":\"https:\/\/elspeedo.cz\/#website\"},\"datePublished\":\"2016-11-22T17:57:16+00:00\",\"dateModified\":\"2017-02-06T10:09:31+00:00\",\"description\":\"El Speedo je nejv\u011bt\u0161\u00ed paraglidingov\u00e1 komunita a \u0161kola v \u010cR. Tandemov\u00e9 seskoky, kurzy, expedice a paragliding v\u00fdbava\",\"breadcrumb\":{\"@id\":\"https:\/\/elspeedo.cz\/en\/tandem-flying\/#breadcrumb\"},\"inLanguage\":\"en-US\",\"potentialAction\":[{\"@type\":\"ReadAction\",\"target\":[\"https:\/\/elspeedo.cz\/en\/tandem-flying\/\"]}]},{\"@type\":\"BreadcrumbList\",\"@id\":\"https:\/\/elspeedo.cz\/en\/tandem-flying\/#breadcrumb\",\"itemListElement\":[{\"@type\":\"ListItem\",\"position\":1,\"name\":\"Dom\u016f\",\"item\":\"https:\/\/elspeedo.cz\/en\/\"},{\"@type\":\"ListItem\",\"position\":2,\"name\":\"Tandem flying\"}]},{\"@type\":\"WebSite\",\"@id\":\"https:\/\/elspeedo.cz\/#website\",\"url\":\"https:\/\/elspeedo.cz\/\",\"name\":\"El Speedo\",\"description\":\"Paragliding - kurzy, vybaven\u00ed, v\u00fdlety, komunita\",\"potentialAction\":[{\"@type\":\"SearchAction\",\"target\":{\"@type\":\"EntryPoint\",\"urlTemplate\":\"https:\/\/elspeedo.cz\/?s={search_term_string}\"},\"query-input\":{\"@type\":\"PropertyValueSpecification\",\"valueRequired\":true,\"valueName\":\"search_term_string\"}}],\"inLanguage\":\"en-US\"}]}<\/script>\n<!-- \/ Yoast SEO plugin. -->","yoast_head_json":{"title":"Tandem flying &#8212; El Speedo","description":"El Speedo je nejv\u011bt\u0161\u00ed paraglidingov\u00e1 komunita a \u0161kola v \u010cR. Tandemov\u00e9 seskoky, kurzy, expedice a paragliding v\u00fdbava","robots":{"index":"index","follow":"follow","max-snippet":"max-snippet:-1","max-image-preview":"max-image-preview:large","max-video-preview":"max-video-preview:-1"},"canonical":"https:\/\/elspeedo.cz\/en\/tandem-flying\/","og_locale":"en_US","og_type":"article","og_title":"Tandem flying &#8212; El Speedo","og_description":"El Speedo je nejv\u011bt\u0161\u00ed paraglidingov\u00e1 komunita a \u0161kola v \u010cR. Tandemov\u00e9 seskoky, kurzy, expedice a paragliding v\u00fdbava","og_url":"https:\/\/elspeedo.cz\/en\/tandem-flying\/","og_site_name":"El Speedo","article_publisher":"http:\/\/www.facebook.com\/paragliding.elspeedo.cz\/?fref=ts","article_modified_time":"2017-02-06T10:09:31+00:00","twitter_card":"summary_large_image","twitter_misc":{"Est. reading time":"4 minutes"},"schema":{"@context":"https:\/\/schema.org","@graph":[{"@type":"WebPage","@id":"https:\/\/elspeedo.cz\/en\/tandem-flying\/","url":"https:\/\/elspeedo.cz\/en\/tandem-flying\/","name":"Tandem flying &#8212; El Speedo","isPartOf":{"@id":"https:\/\/elspeedo.cz\/#website"},"datePublished":"2016-11-22T17:57:16+00:00","dateModified":"2017-02-06T10:09:31+00:00","description":"El Speedo je nejv\u011bt\u0161\u00ed paraglidingov\u00e1 komunita a \u0161kola v \u010cR. Tandemov\u00e9 seskoky, kurzy, expedice a paragliding v\u00fdbava","breadcrumb":{"@id":"https:\/\/elspeedo.cz\/en\/tandem-flying\/#breadcrumb"},"inLanguage":"en-US","potentialAction":[{"@type":"ReadAction","target":["https:\/\/elspeedo.cz\/en\/tandem-flying\/"]}]},{"@type":"BreadcrumbList","@id":"https:\/\/elspeedo.cz\/en\/tandem-flying\/#breadcrumb","itemListElement":[{"@type":"ListItem","position":1,"name":"Dom\u016f","item":"https:\/\/elspeedo.cz\/en\/"},{"@type":"ListItem","position":2,"name":"Tandem flying"}]},{"@type":"WebSite","@id":"https:\/\/elspeedo.cz\/#website","url":"https:\/\/elspeedo.cz\/","name":"El Speedo","description":"Paragliding - kurzy, vybaven\u00ed, v\u00fdlety, komunita","potentialAction":[{"@type":"SearchAction","target":{"@type":"EntryPoint","urlTemplate":"https:\/\/elspeedo.cz\/?s={search_term_string}"},"query-input":{"@type":"PropertyValueSpecification","valueRequired":true,"valueName":"search_term_string"}}],"inLanguage":"en-US"}]}},"_links":{"self":[{"href":"https:\/\/elspeedo.cz\/en\/wp-json\/wp\/v2\/pages\/15498","targetHints":{"allow":["GET"]}}],"collection":[{"href":"https:\/\/elspeedo.cz\/en\/wp-json\/wp\/v2\/pages"}],"about":[{"href":"https:\/\/elspeedo.cz\/en\/wp-json\/wp\/v2\/types\/page"}],"author":[{"embeddable":true,"href":"https:\/\/elspeedo.cz\/en\/wp-json\/wp\/v2\/users\/3878"}],"replies":[{"embeddable":true,"href":"https:\/\/elspeedo.cz\/en\/wp-json\/wp\/v2\/comments?post=15498"}],"version-history":[{"count":0,"href":"https:\/\/elspeedo.cz\/en\/wp-json\/wp\/v2\/pages\/15498\/revisions"}],"wp:attachment":[{"href":"https:\/\/elspeedo.cz\/en\/wp-json\/wp\/v2\/media?parent=15498"}],"curies":[{"name":"wp","href":"https:\/\/api.w.org\/{rel}","templated":true}]}}