{"id":15532,"date":"2016-12-03T14:34:02","date_gmt":"2016-12-03T13:34:02","guid":{"rendered":"https:\/\/elspeedo.cz\/paragliding_program\/"},"modified":"2023-03-06T11:03:24","modified_gmt":"2023-03-06T10:03:24","slug":"paragliding-training","status":"publish","type":"page","link":"https:\/\/elspeedo.cz\/en\/courses-all-2\/paragliding-training\/","title":{"rendered":"Paragliding training"},"content":{"rendered":"<div class=\"wpb-content-wrapper\">[vc_row attached=&#8221;true&#8221; css=&#8221;.vc_custom_1480789478089{padding-bottom: 0px !important;}&#8221;][vc_column width=&#8221;1\/3&#8243; css=&#8221;.vc_custom_1480789372717{margin-right: 0px !important;margin-left: 0px !important;border-right-width: 0px !important;border-left-width: 0px !important;padding-right: 20px !important;padding-left: 20px !important;}&#8221;][vc_single_image image=&#8221;14281&#8243; img_size=&#8221;full&#8221; alignment=&#8221;center&#8221; style=&#8221;vc_box_rounded&#8221; onclick=&#8221;custom_link&#8221; link=&#8221;https:\/\/elspeedo.cz\/en\/courses-all-2\/paragliding-training\/training-after-elementary-course\/&#8221;][vc_column_text disable_pattern=&#8221;false&#8221; align=&#8221;center&#8221;]\n<h4>Training After Elementary Course<\/h4>\n[\/vc_column_text][mk_padding_divider size=&#8221;20&#8243;][vc_column_text disable_pattern=&#8221;false&#8221; align=&#8221;center&#8221;]Three days of training in Beskydy. We practise, rehearse and develop basic topics and tasks from the elementary course. Suitable for category Pilot 1.<\/p>\n<p><strong>Price: 3900 CZK<\/strong>[\/vc_column_text][mk_padding_divider size=&#8221;10&#8243;][mk_button_gradient dimension=&#8221;flat&#8221; size=&#8221;large&#8221; corner_style=&#8221;rounded&#8221; grandient_color_from=&#8221;#6087b9&#8243; grandient_color_to=&#8221;#557bab&#8221; grandient_color_fallback=&#8221;#6087b9&#8243; url=&#8221;https:\/\/elspeedo.cz\/en\/courses-all-2\/paragliding-training\/training-after-elementary-course\/&#8221; align=&#8221;center&#8221; margin_right=&#8221;0&#8243;]choice dates[\/mk_button_gradient][\/vc_column][vc_column width=&#8221;1\/3&#8243; css=&#8221;.vc_custom_1480789401191{margin-right: 0px !important;margin-left: 0px !important;border-right-width: 0px !important;border-left-width: 0px !important;padding-right: 20px !important;padding-left: 20px !important;}&#8221;][vc_single_image image=&#8221;36760&#8243; img_size=&#8221;full&#8221; alignment=&#8221;center&#8221; style=&#8221;vc_box_rounded&#8221; onclick=&#8221;custom_link&#8221; link=&#8221;https:\/\/elspeedo.cz\/en\/courses-all-2\/paragliding-training\/get-to-know-czech-republic\/&#8221;][vc_column_text disable_pattern=&#8221;false&#8221; align=&#8221;center&#8221;]\n<h4>Get\u00a0to\u00a0know Czech Republic<\/h4>\n[\/vc_column_text][mk_padding_divider size=&#8221;20&#8243;][vc_column_text disable_pattern=&#8221;false&#8221; align=&#8221;center&#8221;]Three training days when you will gain more experience from flying in the best flying sites all over Czech Republic. With the assistance of our instructors, you can easily improve your flying skills to independent flying. Suitable for category Pilot 2.<\/p>\n<p><strong>Price: 2900\u00a0CZK<\/strong>[\/vc_column_text][mk_padding_divider size=&#8221;10&#8243;][mk_button_gradient dimension=&#8221;flat&#8221; size=&#8221;large&#8221; corner_style=&#8221;rounded&#8221; grandient_color_from=&#8221;#6087b9&#8243; grandient_color_to=&#8221;#557bab&#8221; grandient_color_fallback=&#8221;#6087b9&#8243; url=&#8221;https:\/\/elspeedo.cz\/en\/courses-all-2\/paragliding-training\/get-to-know-czech-republic\/&#8221; align=&#8221;center&#8221; margin_right=&#8221;0&#8243;]choice dates[\/mk_button_gradient][\/vc_column][vc_column width=&#8221;1\/3&#8243; css=&#8221;.vc_custom_1480789384104{margin-right: 0px !important;margin-left: 0px !important;border-right-width: 0px !important;border-left-width: 0px !important;padding-right: 20px !important;padding-left: 20px !important;}&#8221;][vc_single_image image=&#8221;14291&#8243; img_size=&#8221;full&#8221; alignment=&#8221;center&#8221; style=&#8221;vc_box_rounded&#8221; onclick=&#8221;custom_link&#8221; link=&#8221;https:\/\/elspeedo.cz\/en\/courses-all-2\/paragliding-training\/thermal-training\/&#8221;][vc_column_text disable_pattern=&#8221;false&#8221; align=&#8221;center&#8221;]\n<h4>Thermal Training<\/h4>\n[\/vc_column_text][mk_padding_divider size=&#8221;20&#8243;][vc_column_text disable_pattern=&#8221;false&#8221; align=&#8221;center&#8221;]Five days of training in the Alps. We teach techniques and principles of using thermals, we focus on active steering. Suitable for category Pilot 1.<\/p>\n<p><strong>Price: 5900 CZK<\/strong>[\/vc_column_text][mk_padding_divider size=&#8221;10&#8243;][mk_button_gradient dimension=&#8221;flat&#8221; size=&#8221;large&#8221; corner_style=&#8221;rounded&#8221; grandient_color_from=&#8221;#6087b9&#8243; grandient_color_to=&#8221;#557bab&#8221; grandient_color_fallback=&#8221;#6087b9&#8243; url=&#8221;https:\/\/elspeedo.cz\/en\/courses-all-2\/paragliding-training\/thermal-training\/&#8221; align=&#8221;center&#8221; margin_right=&#8221;0&#8243;]choice dates[\/mk_button_gradient][\/vc_column][\/vc_row][vc_row fullwidth=&#8221;true&#8221; fullwidth_content=&#8221;false&#8221; css=&#8221;.vc_custom_1480933194112{padding-top: 50px !important;padding-bottom: 50px !important;background-color: #e7e7e7 !important;}&#8221;][vc_column][vc_column_text disable_pattern=&#8221;false&#8221; align=&#8221;center&#8221;]Two-year training plan<\/p>\n<h1>HAWK<\/h1>\n[\/vc_column_text][vc_column_text disable_pattern=&#8221;false&#8221; align=&#8221;center&#8221;]Learn to fly with us and fly with our instructors at any of El Speedo elementary course in Beskydy or at Ran\u00e1 by Louny. We organise these courses from 15th April to 15th September. Every day you can watch online weather briefing from and about Beskydy. Therefore you will know where we are so you can join us and train with us whenever you want. Also you get a new walkie-talkie for free.<\/p>\n<p><strong>Price: only 4900\u00a0CZK<\/strong>[\/vc_column_text][mk_button dimension=&#8221;outline&#8221; corner_style=&#8221;rounded&#8221; size=&#8221;large&#8221; url=&#8221;https:\/\/elspeedo.cz\/en\/courses-all-2\/paragliding-training\/hawk\/&#8221; align=&#8221;center&#8221; margin_right=&#8221;0&#8243; el_class=&#8221;basic-button&#8221;]More information[\/mk_button][\/vc_column][\/vc_row][vc_row css=&#8221;.vc_custom_1480933831997{padding-top: 50px !important;padding-bottom: 50px !important;}&#8221;][vc_column width=&#8221;1\/3&#8243;][vc_single_image image=&#8221;14301&#8243; img_size=&#8221;full&#8221; alignment=&#8221;center&#8221; style=&#8221;vc_box_rounded&#8221; onclick=&#8221;custom_link&#8221; link=&#8221;https:\/\/elspeedo.cz\/en\/courses-all-2\/paragliding-training\/expedition-trip\/&#8221;][vc_column_text disable_pattern=&#8221;false&#8221; align=&#8221;center&#8221;]\n<h4 class=\"page-title \">Expedition trip<\/h4>\n[\/vc_column_text][mk_padding_divider size=&#8221;20&#8243;][vc_column_text disable_pattern=&#8221;false&#8221; align=&#8221;center&#8221;]Five days of expedition trip in Europe. The trip is suitable for wide range of pilots who want to explore new flying sites. Suitable for category Pilot 2.<\/p>\n<p><strong>Price: from 5900 CZK<\/strong>[\/vc_column_text][mk_padding_divider size=&#8221;10&#8243;][mk_button_gradient dimension=&#8221;flat&#8221; size=&#8221;large&#8221; corner_style=&#8221;rounded&#8221; grandient_color_from=&#8221;#6087b9&#8243; grandient_color_to=&#8221;#557bab&#8221; grandient_color_fallback=&#8221;#6087b9&#8243; url=&#8221;https:\/\/elspeedo.cz\/en\/courses-all-2\/paragliding-training\/expedition-trip\/&#8221; align=&#8221;center&#8221; margin_bottom=&#8221;50&#8243; margin_right=&#8221;0&#8243;]choice dates[\/mk_button_gradient][\/vc_column][vc_column width=&#8221;1\/3&#8243;][vc_single_image image=&#8221;142600&#8243; img_size=&#8221;full&#8221; alignment=&#8221;center&#8221; style=&#8221;vc_box_rounded&#8221; onclick=&#8221;custom_link&#8221; link=&#8221;https:\/\/elspeedo.cz\/en\/courses-all-2\/paragliding-training\/siv-idro\/&#8221;][vc_column_text disable_pattern=&#8221;false&#8221; align=&#8221;center&#8221;]\n<h4>SIV IDRO<\/h4>\n[\/vc_column_text][mk_padding_divider size=&#8221;20&#8243;][vc_column_text disable_pattern=&#8221;false&#8221; align=&#8221;center&#8221;]Three SIV training series in the Italian region of Lago di Idro: safety training for beginners and lower intermediate, complete SIV plan for intermediate and performance pilots, acro preparation for beginning acrobats.<\/p>\n<p><strong>Price: 11900 CZK<\/strong>[\/vc_column_text][mk_padding_divider size=&#8221;10&#8243;][mk_button_gradient dimension=&#8221;flat&#8221; size=&#8221;large&#8221; corner_style=&#8221;rounded&#8221; grandient_color_from=&#8221;#6087b9&#8243; grandient_color_to=&#8221;#557bab&#8221; grandient_color_fallback=&#8221;#6087b9&#8243; url=&#8221;https:\/\/elspeedo.cz\/en\/courses-all-2\/paragliding-training\/siv-idro\/&#8221; align=&#8221;center&#8221; margin_bottom=&#8221;50&#8243; margin_right=&#8221;0&#8243;]choice dates[\/mk_button_gradient][\/vc_column][vc_column width=&#8221;1\/3&#8243;][vc_single_image image=&#8221;14296&#8243; img_size=&#8221;full&#8221; alignment=&#8221;center&#8221; style=&#8221;vc_box_rounded&#8221; onclick=&#8221;custom_link&#8221; link=&#8221;https:\/\/elspeedo.cz\/en\/courses-all-2\/paragliding-training\/el-speedo-siv-combo-2\/&#8221;][vc_column_text disable_pattern=&#8221;false&#8221; align=&#8221;center&#8221;]\n<h4>SIV COMBO<\/h4>\n[\/vc_column_text][mk_padding_divider size=&#8221;20&#8243;][vc_column_text disable_pattern=&#8221;false&#8221; align=&#8221;center&#8221;]Intensive training course which is divided into two parts. The first one in Beskydy, Czech Republic where we prepare and the second one over the Hallstatt lake, Austria where we practise. Suitable for category Pilot 2.<\/p>\n<p><strong>Price: 9900 CZK<\/strong>[\/vc_column_text][mk_padding_divider size=&#8221;10&#8243;][mk_button_gradient dimension=&#8221;flat&#8221; size=&#8221;large&#8221; corner_style=&#8221;rounded&#8221; grandient_color_from=&#8221;#6087b9&#8243; grandient_color_to=&#8221;#557bab&#8221; grandient_color_fallback=&#8221;#6087b9&#8243; url=&#8221;https:\/\/elspeedo.cz\/en\/courses-all-2\/paragliding-training\/el-speedo-siv-combo-2\/&#8221; align=&#8221;center&#8221; margin_bottom=&#8221;50&#8243; margin_right=&#8221;0&#8243;]choice dates[\/mk_button_gradient][\/vc_column][\/vc_row][vc_row fullwidth=&#8221;true&#8221; fullwidth_content=&#8221;false&#8221; css=&#8221;.vc_custom_1480933194112{padding-top: 50px !important;padding-bottom: 50px !important;background-color: #e7e7e7 !important;}&#8221;][vc_column][vc_column_text disable_pattern=&#8221;false&#8221; align=&#8221;center&#8221;]\n<h1>INDIVIDUAL<\/h1>\n<p>training plan[\/vc_column_text][vc_column_text disable_pattern=&#8221;false&#8221; align=&#8221;center&#8221;]Learn with us and fly with our instructors in any of El Speedo elementary course in Beskydy or in Ran\u00e1 by Louny. We organise these courses every week from April to October. Every day you can watch online weather briefing from Beskydy so you know where we are and you can join us whenever you want. New walkie-talkie is for free.<\/p>\n<p><strong>Price<\/strong>: depends on the scale of the training and destinations solution for demanding pilots[\/vc_column_text][mk_button dimension=&#8221;outline&#8221; corner_style=&#8221;rounded&#8221; size=&#8221;large&#8221; url=&#8221;https:\/\/elspeedo.cz\/en\/courses-all-2\/paragliding-training\/el-speedo-individual-programme\/&#8221; align=&#8221;center&#8221; margin_right=&#8221;0&#8243; el_class=&#8221;basic-button&#8221;]More information[\/mk_button][\/vc_column][\/vc_row][vc_row css=&#8221;.vc_custom_1480933831997{padding-top: 50px !important;padding-bottom: 50px !important;}&#8221;][vc_column width=&#8221;1\/3&#8243;][vc_single_image image=&#8221;14306&#8243; img_size=&#8221;full&#8221; alignment=&#8221;center&#8221; style=&#8221;vc_box_rounded&#8221; onclick=&#8221;custom_link&#8221; link=&#8221;https:\/\/elspeedo.cz\/en\/courses-all-2\/paragliding-training\/perfect-starts\/&#8221;][vc_column_text disable_pattern=&#8221;false&#8221; align=&#8221;center&#8221;]\n<h4>Perfect\u00a0starts<\/h4>\n[\/vc_column_text][mk_padding_divider size=&#8221;20&#8243;][vc_column_text disable_pattern=&#8221;false&#8221; align=&#8221;center&#8221;]Three days of training in Beskydy. This course is all about starts \u2013 we will learn different techniques of starts, intensive teaching with recording and analysing failures and their solutions which are commonly made by beginners. Suitable for category Pilot 1.<\/p>\n<p><strong>Price: 3500\u00a0CZK<\/strong>[\/vc_column_text][mk_padding_divider size=&#8221;10&#8243;][mk_button_gradient dimension=&#8221;flat&#8221; size=&#8221;large&#8221; corner_style=&#8221;rounded&#8221; grandient_color_from=&#8221;#6087b9&#8243; grandient_color_to=&#8221;#557bab&#8221; grandient_color_fallback=&#8221;#6087b9&#8243; url=&#8221;https:\/\/elspeedo.cz\/en\/courses-all-2\/paragliding-training\/perfect-starts\/&#8221; align=&#8221;center&#8221; margin_bottom=&#8221;50&#8243; margin_right=&#8221;0&#8243;]choice dates[\/mk_button_gradient][\/vc_column][vc_column width=&#8221;1\/3&#8243;][vc_single_image image=&#8221;14303&#8243; img_size=&#8221;full&#8221; alignment=&#8221;center&#8221; style=&#8221;vc_box_rounded&#8221; onclick=&#8221;custom_link&#8221; link=&#8221;https:\/\/elspeedo.cz\/en\/courses-all-2\/paragliding-training\/accuracy-training\/&#8221;][vc_column_text disable_pattern=&#8221;false&#8221; align=&#8221;center&#8221;]\n<h4>Accuracy\u00a0training<\/h4>\n[\/vc_column_text][mk_padding_divider size=&#8221;20&#8243;][vc_column_text disable_pattern=&#8221;false&#8221; align=&#8221;center&#8221;]Three days of training in Beskydy. In this course, we will be focusing on approaching the landing place. We use GPS for exact recording of the flight track and camera for getting the last phase of the landing. Suitable for category Pilot 1.<\/p>\n<p><strong>Price: 3500\u00a0CZK<\/strong>[\/vc_column_text][mk_padding_divider size=&#8221;10&#8243;][mk_button_gradient dimension=&#8221;flat&#8221; size=&#8221;large&#8221; corner_style=&#8221;rounded&#8221; grandient_color_from=&#8221;#6087b9&#8243; grandient_color_to=&#8221;#557bab&#8221; grandient_color_fallback=&#8221;#6087b9&#8243; url=&#8221;https:\/\/elspeedo.cz\/en\/courses-all-2\/paragliding-training\/accuracy-training\/&#8221; align=&#8221;center&#8221; margin_bottom=&#8221;50&#8243; margin_right=&#8221;0&#8243;]choice dates[\/mk_button_gradient][\/vc_column][vc_column width=&#8221;1\/3&#8243;][vc_single_image image=&#8221;14307&#8243; img_size=&#8221;full&#8221; alignment=&#8221;center&#8221; style=&#8221;vc_box_rounded&#8221; onclick=&#8221;custom_link&#8221; link=&#8221;https:\/\/elspeedo.cz\/en\/courses-all-2\/paragliding-training\/training-on-dunes\/&#8221;][vc_column_text disable_pattern=&#8221;false&#8221; align=&#8221;center&#8221;]\n<h4>Groundhandling training<\/h4>\n[\/vc_column_text][mk_padding_divider size=&#8221;20&#8243;][vc_column_text disable_pattern=&#8221;false&#8221; align=&#8221;center&#8221;]To handle reverse starts precisely needs patiente and strong wind. To learn how to walk with the glider over your head to all directions. To be able to use the glider as a kite needs focus and training. Suitable for category Pilot 1.<\/p>\n<p><strong>Price: 6900 CZK<\/strong>[\/vc_column_text][mk_padding_divider size=&#8221;10&#8243;][mk_button_gradient dimension=&#8221;flat&#8221; size=&#8221;large&#8221; corner_style=&#8221;rounded&#8221; grandient_color_from=&#8221;#6087b9&#8243; grandient_color_to=&#8221;#557bab&#8221; grandient_color_fallback=&#8221;#6087b9&#8243; url=&#8221;https:\/\/elspeedo.cz\/en\/courses-all-2\/paragliding-training\/training-on-dunes\/&#8221; align=&#8221;center&#8221; margin_bottom=&#8221;50&#8243; margin_right=&#8221;0&#8243;]choice dates[\/mk_button_gradient][\/vc_column][\/vc_row]\n<\/div>","protected":false},"excerpt":{"rendered":"<p>[vc_row attached=&#8221;true&#8221; css=&#8221;.vc_custom_1480789478089{padding-bottom: 0px !important;}&#8221;][vc_column width=&#8221;1\/3&#8243; css=&#8221;.vc_custom_1480789372717{margin-right: 0px !important;margin-left: 0px !important;border-right-width: 0px !important;border-left-width: 0px !important;padding-right: 20px !important;padding-left: 20px !important;}&#8221;][vc_single_image image=&#8221;14281&#8243; img_size=&#8221;full&#8221; alignment=&#8221;center&#8221; style=&#8221;vc_box_rounded&#8221; onclick=&#8221;custom_link&#8221; link=&#8221;https:\/\/elspeedo.cz\/en\/courses-all-2\/paragliding-training\/training-after-elementary-course\/&#8221;][vc_column_text disable_pattern=&#8221;false&#8221; align=&#8221;center&#8221;] Training After Elementary Course [\/vc_column_text][mk_padding_divider size=&#8221;20&#8243;][vc_column_text disable_pattern=&#8221;false&#8221; align=&#8221;center&#8221;]Three days of training in Beskydy. We practise, rehearse and develop basic topics and tasks from the elementary course. Suitable for [&hellip;]<\/p>\n","protected":false},"author":4,"featured_media":0,"parent":15504,"menu_order":0,"comment_status":"closed","ping_status":"closed","template":"","meta":{"_tribe_blocks_recurrence_rules":"","_tribe_blocks_recurrence_exclusions":"","_tribe_blocks_recurrence_description":"","footnotes":""},"class_list":["post-15532","page","type-page","status-publish","hentry"],"yoast_head":"<!-- This site is optimized with the Yoast SEO plugin v27.0 - https:\/\/yoast.com\/product\/yoast-seo-wordpress\/ -->\n<title>Paragliding training &#8212; El Speedo<\/title>\n<meta name=\"description\" content=\"El Speedo je nejv\u011bt\u0161\u00ed paraglidingov\u00e1 komunita a \u0161kola v \u010cR. Tandemov\u00e9 seskoky, kurzy, expedice a paragliding v\u00fdbava\" \/>\n<meta name=\"robots\" content=\"index, follow, max-snippet:-1, max-image-preview:large, max-video-preview:-1\" \/>\n<link rel=\"canonical\" href=\"https:\/\/elspeedo.cz\/en\/courses-all-2\/paragliding-training\/\" \/>\n<meta property=\"og:locale\" content=\"en_US\" \/>\n<meta property=\"og:type\" content=\"article\" \/>\n<meta property=\"og:title\" content=\"Paragliding training &#8212; El Speedo\" \/>\n<meta property=\"og:description\" content=\"El Speedo je nejv\u011bt\u0161\u00ed paraglidingov\u00e1 komunita a \u0161kola v \u010cR. Tandemov\u00e9 seskoky, kurzy, expedice a paragliding v\u00fdbava\" \/>\n<meta property=\"og:url\" content=\"https:\/\/elspeedo.cz\/en\/courses-all-2\/paragliding-training\/\" \/>\n<meta property=\"og:site_name\" content=\"El Speedo\" \/>\n<meta property=\"article:publisher\" content=\"http:\/\/www.facebook.com\/paragliding.elspeedo.cz\/?fref=ts\" \/>\n<meta property=\"article:modified_time\" content=\"2023-03-06T10:03:24+00:00\" \/>\n<meta name=\"twitter:card\" content=\"summary_large_image\" \/>\n<meta name=\"twitter:label1\" content=\"Est. reading time\" \/>\n\t<meta name=\"twitter:data1\" content=\"8 minutes\" \/>\n<script type=\"application\/ld+json\" class=\"yoast-schema-graph\">{\"@context\":\"https:\/\/schema.org\",\"@graph\":[{\"@type\":\"WebPage\",\"@id\":\"https:\/\/elspeedo.cz\/en\/courses-all-2\/paragliding-training\/\",\"url\":\"https:\/\/elspeedo.cz\/en\/courses-all-2\/paragliding-training\/\",\"name\":\"Paragliding training &#8212; El Speedo\",\"isPartOf\":{\"@id\":\"https:\/\/elspeedo.cz\/#website\"},\"datePublished\":\"2016-12-03T13:34:02+00:00\",\"dateModified\":\"2023-03-06T10:03:24+00:00\",\"description\":\"El Speedo je nejv\u011bt\u0161\u00ed paraglidingov\u00e1 komunita a \u0161kola v \u010cR. Tandemov\u00e9 seskoky, kurzy, expedice a paragliding v\u00fdbava\",\"breadcrumb\":{\"@id\":\"https:\/\/elspeedo.cz\/en\/courses-all-2\/paragliding-training\/#breadcrumb\"},\"inLanguage\":\"en-US\",\"potentialAction\":[{\"@type\":\"ReadAction\",\"target\":[\"https:\/\/elspeedo.cz\/en\/courses-all-2\/paragliding-training\/\"]}]},{\"@type\":\"BreadcrumbList\",\"@id\":\"https:\/\/elspeedo.cz\/en\/courses-all-2\/paragliding-training\/#breadcrumb\",\"itemListElement\":[{\"@type\":\"ListItem\",\"position\":1,\"name\":\"Dom\u016f\",\"item\":\"https:\/\/elspeedo.cz\/en\/\"},{\"@type\":\"ListItem\",\"position\":2,\"name\":\"Courses\",\"item\":\"https:\/\/elspeedo.cz\/en\/courses-all-2\/\"},{\"@type\":\"ListItem\",\"position\":3,\"name\":\"Paragliding training\"}]},{\"@type\":\"WebSite\",\"@id\":\"https:\/\/elspeedo.cz\/#website\",\"url\":\"https:\/\/elspeedo.cz\/\",\"name\":\"El Speedo\",\"description\":\"Paragliding - kurzy, vybaven\u00ed, v\u00fdlety, komunita\",\"potentialAction\":[{\"@type\":\"SearchAction\",\"target\":{\"@type\":\"EntryPoint\",\"urlTemplate\":\"https:\/\/elspeedo.cz\/?s={search_term_string}\"},\"query-input\":{\"@type\":\"PropertyValueSpecification\",\"valueRequired\":true,\"valueName\":\"search_term_string\"}}],\"inLanguage\":\"en-US\"}]}<\/script>\n<!-- \/ Yoast SEO plugin. -->","yoast_head_json":{"title":"Paragliding training &#8212; El Speedo","description":"El Speedo je nejv\u011bt\u0161\u00ed paraglidingov\u00e1 komunita a \u0161kola v \u010cR. Tandemov\u00e9 seskoky, kurzy, expedice a paragliding v\u00fdbava","robots":{"index":"index","follow":"follow","max-snippet":"max-snippet:-1","max-image-preview":"max-image-preview:large","max-video-preview":"max-video-preview:-1"},"canonical":"https:\/\/elspeedo.cz\/en\/courses-all-2\/paragliding-training\/","og_locale":"en_US","og_type":"article","og_title":"Paragliding training &#8212; El Speedo","og_description":"El Speedo je nejv\u011bt\u0161\u00ed paraglidingov\u00e1 komunita a \u0161kola v \u010cR. Tandemov\u00e9 seskoky, kurzy, expedice a paragliding v\u00fdbava","og_url":"https:\/\/elspeedo.cz\/en\/courses-all-2\/paragliding-training\/","og_site_name":"El Speedo","article_publisher":"http:\/\/www.facebook.com\/paragliding.elspeedo.cz\/?fref=ts","article_modified_time":"2023-03-06T10:03:24+00:00","twitter_card":"summary_large_image","twitter_misc":{"Est. reading time":"8 minutes"},"schema":{"@context":"https:\/\/schema.org","@graph":[{"@type":"WebPage","@id":"https:\/\/elspeedo.cz\/en\/courses-all-2\/paragliding-training\/","url":"https:\/\/elspeedo.cz\/en\/courses-all-2\/paragliding-training\/","name":"Paragliding training &#8212; El Speedo","isPartOf":{"@id":"https:\/\/elspeedo.cz\/#website"},"datePublished":"2016-12-03T13:34:02+00:00","dateModified":"2023-03-06T10:03:24+00:00","description":"El Speedo je nejv\u011bt\u0161\u00ed paraglidingov\u00e1 komunita a \u0161kola v \u010cR. Tandemov\u00e9 seskoky, kurzy, expedice a paragliding v\u00fdbava","breadcrumb":{"@id":"https:\/\/elspeedo.cz\/en\/courses-all-2\/paragliding-training\/#breadcrumb"},"inLanguage":"en-US","potentialAction":[{"@type":"ReadAction","target":["https:\/\/elspeedo.cz\/en\/courses-all-2\/paragliding-training\/"]}]},{"@type":"BreadcrumbList","@id":"https:\/\/elspeedo.cz\/en\/courses-all-2\/paragliding-training\/#breadcrumb","itemListElement":[{"@type":"ListItem","position":1,"name":"Dom\u016f","item":"https:\/\/elspeedo.cz\/en\/"},{"@type":"ListItem","position":2,"name":"Courses","item":"https:\/\/elspeedo.cz\/en\/courses-all-2\/"},{"@type":"ListItem","position":3,"name":"Paragliding training"}]},{"@type":"WebSite","@id":"https:\/\/elspeedo.cz\/#website","url":"https:\/\/elspeedo.cz\/","name":"El Speedo","description":"Paragliding - kurzy, vybaven\u00ed, v\u00fdlety, komunita","potentialAction":[{"@type":"SearchAction","target":{"@type":"EntryPoint","urlTemplate":"https:\/\/elspeedo.cz\/?s={search_term_string}"},"query-input":{"@type":"PropertyValueSpecification","valueRequired":true,"valueName":"search_term_string"}}],"inLanguage":"en-US"}]}},"_links":{"self":[{"href":"https:\/\/elspeedo.cz\/en\/wp-json\/wp\/v2\/pages\/15532","targetHints":{"allow":["GET"]}}],"collection":[{"href":"https:\/\/elspeedo.cz\/en\/wp-json\/wp\/v2\/pages"}],"about":[{"href":"https:\/\/elspeedo.cz\/en\/wp-json\/wp\/v2\/types\/page"}],"author":[{"embeddable":true,"href":"https:\/\/elspeedo.cz\/en\/wp-json\/wp\/v2\/users\/4"}],"replies":[{"embeddable":true,"href":"https:\/\/elspeedo.cz\/en\/wp-json\/wp\/v2\/comments?post=15532"}],"version-history":[{"count":6,"href":"https:\/\/elspeedo.cz\/en\/wp-json\/wp\/v2\/pages\/15532\/revisions"}],"predecessor-version":[{"id":204277,"href":"https:\/\/elspeedo.cz\/en\/wp-json\/wp\/v2\/pages\/15532\/revisions\/204277"}],"up":[{"embeddable":true,"href":"https:\/\/elspeedo.cz\/en\/wp-json\/wp\/v2\/pages\/15504"}],"wp:attachment":[{"href":"https:\/\/elspeedo.cz\/en\/wp-json\/wp\/v2\/media?parent=15532"}],"curies":[{"name":"wp","href":"https:\/\/api.w.org\/{rel}","templated":true}]}}