{"id":26741,"date":"2016-12-12T13:12:23","date_gmt":"2017-01-25T17:41:55","guid":{"rendered":"https:\/\/elspeedo.cz\/xc-bivaky\/"},"modified":"2017-04-24T10:08:30","modified_gmt":"2017-04-24T09:08:30","slug":"el-speedo-xc-bivaques","status":"publish","type":"page","link":"https:\/\/elspeedo.cz\/en\/courses-all-2\/xc-flying-in-the-mountains\/el-speedo-xc-bivaques\/","title":{"rendered":"El Speedo XC BIVAQUES"},"content":{"rendered":"<div class=\"wpb-content-wrapper\">[mk_page_section bg_color=&#8221;#e7e7e7&#8243; video_loop=&#8221;false&#8221; padding_top=&#8221;0&#8243; padding_bottom=&#8221;0&#8243; sidebar=&#8221;sidebar-1&#8243;][vc_column width=&#8221;1\/2&#8243; css=&#8221;.vc_custom_1492956203230{padding-top: 50px !important;}&#8221;][vc_column_text align=&#8221;center&#8221;]\n<h2><strong>Himalayas, Pamir, Thian-Shan, Andes<\/strong><\/h2>\n<p>For long years, we are doing long and demanding paragliding expeditions to the highest mountains in the world. These are the places where we learn to understand flying in such an unusual spots and ourselves too. Bivaques are atop of our wildest dreams about true free flying in pure mountains.[\/vc_column_text][\/vc_column][vc_column width=&#8221;1\/2&#8243; css=&#8221;.vc_custom_1492956209893{padding-top: 30px !important;}&#8221;][vc_single_image image=&#8221;37834&#8243; img_size=&#8221;full&#8221; alignment=&#8221;center&#8221; style=&#8221;vc_box_rounded&#8221;][\/vc_column][\/mk_page_section][mk_page_section video_loop=&#8221;false&#8221; padding_top=&#8221;80&#8243; padding_bottom=&#8221;20&#8243; sidebar=&#8221;sidebar-1&#8243;][vc_column width=&#8221;1\/6&#8243;][\/vc_column][vc_column width=&#8221;2\/3&#8243;][vc_column_text align=&#8221;center&#8221;]\n<div id=\"text-block-7\" class=\"mk-text-block \">\n<h2 style=\"text-align: center;\"><strong>Terms and reservations<\/strong><\/h2>\n<\/div>\n[\/vc_column_text][\/vc_column][vc_column width=&#8221;1\/6&#8243;][\/vc_column][\/mk_page_section][vc_row][vc_column][mk_padding_divider][vc_column_text]\t<p>There are no upcoming events at this time.<\/p>\n[\/vc_column_text][mk_padding_divider size=&#8221;80&#8243;][\/vc_column][\/vc_row][mk_page_section bg_color=&#8221;#e7e7e7&#8243; bg_stretch=&#8221;true&#8221; video_loop=&#8221;false&#8221; padding_top=&#8221;0&#8243; padding_bottom=&#8221;0&#8243; sidebar=&#8221;sidebar-1&#8243;][vc_column width=&#8221;2\/3&#8243; css=&#8221;.vc_custom_1493023947851{padding-top: 60px !important;background-color: #e7e7e7 !important;}&#8221;][vc_column_text disable_pattern=&#8221;false&#8221;]We enjoy sharing our experience and that is why we offer XC bivaques on which you may taste various types of flying in various regions in the whole world. And moreover \u2013 the mountains in Kyrgyzstan are way too tempting to leave their beauty and XC potential just let go.<\/p>\n<p>When flying El Speedo bivaques, you are certainly not conquering tough and wild mountain ridges. The safety is always first and we are not taking ultimate or too risky decisions. On the contrary!<\/p>\n<p>In aestetically interesting places, we are learning to fly in wild mountains and focus on mental and tactical preparation to overcome gradually our goals. And when thermals start bubbling, we are about to start.<\/p>\n<p><strong>Must have:<\/strong><\/p>\n<ul>\n<li>valid pilot licence<\/li>\n<li>valid travel insurance<\/li>\n<li>valid insurance for rescue mission<\/li>\n<li>knowledge of using GPS<\/li>\n<\/ul>\n<p><strong>Physical demands:<\/strong> High<\/p>\n<p><strong>Recommended flying hours:<\/strong><\/p>\n<ul>\n<li>suitable for El Speedo Pilot 4 and 5<\/li>\n<li>pilots should be able to start precisely and land on their own<\/li>\n<li>pilots must be able to do at least basics of thermalling and XC tactics<\/li>\n<\/ul>\n<p><strong>Duration of El Speedo XC bivaque:<\/strong> Three weeks +- two days which depends on destination<\/p>\n<p><strong>Our Destination:<\/strong> Kyrgyzstan<\/p>\n<p><strong>Who with (depends on destination and goals):<\/strong><\/p>\n<ul>\n<li>instructors of high-performance XC flying<\/li>\n<li>driver<\/li>\n<\/ul>\n<p><strong>Price:<\/strong> 14 900 CZK<\/p>\n<p>Our clients have 10 % &#8211; 50 % discount. For more information, see our Graduates&#8217; programme<\/p>\n<p><strong>Price includes:<\/strong><\/p>\n<ul>\n<li>assistance with common transportation and accommodation<\/li>\n<li>map of thermals<\/li>\n<li>transportation to the launch sites<\/li>\n<li>transportation after flights<\/li>\n<li>lending of walkie-talkie<\/li>\n<li>technical support with anything and adjustment of your gear<\/li>\n<li>El Speedo gift bag (T-shirt and other little presents)<\/li>\n<li>briefing before flying and description of the flying site<\/li>\n<li>pictures from the all expediton<\/li>\n<\/ul>\n<p><strong>We can lend you:<\/strong><\/p>\n<ul>\n<li>Hannah tents and sleeping bags<\/li>\n<li>full paragliding gear including helmet (see El Speedo Test Centre)<\/li>\n<li>variometer and GPS<\/li>\n<\/ul>\n[\/vc_column_text][\/vc_column][vc_column width=&#8221;1\/3&#8243; css=&#8221;.vc_custom_1493023955483{padding-top: 40px !important;}&#8221;][vc_media_grid style=&#8221;load-more&#8221; items_per_page=&#8221;18&#8243; element_width=&#8221;6&#8243; grid_id=&#8221;vc_gid:1493024735642-9406d7ad-3ee2-4&#8243; include=&#8221;17131,17132,17133,17134,17135,17136,17137,17138,17139,17140,17141,17142,17143,17144,17145,17146,17147,17148,17149,17150,17151,17152,17153,17154,17155,17156,17157,17158,17159,17160,17161,17162,17163,17164,17165,17166,17167,17168,17169,17170,17171,17172,17173,17174,17175,17176,17178,17179,17180,17181,17182,17183,17184,17185,17186,17187,17188,17189,17190,17191&#8243;][\/vc_column][\/mk_page_section][mk_page_section bg_color=&#8221;#272727&#8243; bg_position=&#8221;center center&#8221; video_loop=&#8221;false&#8221; js_vertical_centered=&#8221;true&#8221; padding_top=&#8221;60&#8243; padding_bottom=&#8221;060&#8243; el_class=&#8221;sc-dark&#8221; sidebar=&#8221;sidebar-1&#8243;][vc_column][mk_fancy_title color=&#8221;#ffffff&#8221; size=&#8221;52&#8243; force_font_size=&#8221;true&#8221; size_phone=&#8221;32&#8243; font_family=&#8221;none&#8221; align=&#8221;center&#8221;]\n<p id=\"fancy-title-12\" class=\"mk-fancy-title simple-style color-single\">Graduate\u00a0program<\/p>\n[\/mk_fancy_title][vc_column_text disable_pattern=&#8221;false&#8221; align=&#8221;center&#8221;]Types of lessons are divided into 5 basic performance categories. This division has a major impact on the unification of the pilot participants\u2019 performance and the subsequent progress of your most effective teaching. And the more you can, the less you pay \u2013 it\u2019s fair, is not it?[\/vc_column_text][mk_button dimension=&#8221;outline&#8221; corner_style=&#8221;rounded&#8221; size=&#8221;large&#8221; url=&#8221;https:\/\/elspeedo.cz\/en\/courses-all\/El-Speedo-Pilot-levels\/&#8221; align=&#8221;center&#8221; margin_right=&#8221;0&#8243; el_class=&#8221;basic-button&#8221; outline_skin=&#8221;light&#8221;]More information[\/mk_button][\/vc_column][\/mk_page_section]\n<\/div>","protected":false},"excerpt":{"rendered":"<p>[mk_page_section bg_color=&#8221;#e7e7e7&#8243; video_loop=&#8221;false&#8221; padding_top=&#8221;0&#8243; padding_bottom=&#8221;0&#8243; sidebar=&#8221;sidebar-1&#8243;][vc_column width=&#8221;1\/2&#8243; css=&#8221;.vc_custom_1492956203230{padding-top: 50px !important;}&#8221;][vc_column_text align=&#8221;center&#8221;] Himalayas, Pamir, Thian-Shan, Andes For long years, we are doing long and demanding paragliding expeditions to the highest mountains in the world. These are the places where we learn to understand flying in such an unusual spots and ourselves too. Bivaques are atop of [&hellip;]<\/p>\n","protected":false},"author":7,"featured_media":0,"parent":26745,"menu_order":0,"comment_status":"closed","ping_status":"closed","template":"","meta":{"_tribe_blocks_recurrence_rules":"","_tribe_blocks_recurrence_exclusions":"","_tribe_blocks_recurrence_description":"","footnotes":""},"class_list":["post-26741","page","type-page","status-publish","hentry"],"yoast_head":"<!-- This site is optimized with the Yoast SEO plugin v27.0 - https:\/\/yoast.com\/product\/yoast-seo-wordpress\/ -->\n<title>El Speedo XC BIVAQUES &#8212; El Speedo<\/title>\n<meta name=\"description\" content=\"El Speedo je nejv\u011bt\u0161\u00ed paraglidingov\u00e1 komunita a \u0161kola v \u010cR. Tandemov\u00e9 seskoky, kurzy, expedice a paragliding v\u00fdbava\" \/>\n<meta name=\"robots\" content=\"index, follow, max-snippet:-1, max-image-preview:large, max-video-preview:-1\" \/>\n<link rel=\"canonical\" href=\"https:\/\/elspeedo.cz\/kurzy-paraglidingu\/poznavaci_paragliding\/xc-bivaky\/\" \/>\n<meta property=\"og:locale\" content=\"en_US\" \/>\n<meta property=\"og:type\" content=\"article\" \/>\n<meta property=\"og:title\" content=\"El Speedo XC BIVAQUES &#8212; El Speedo\" \/>\n<meta property=\"og:description\" content=\"El Speedo je nejv\u011bt\u0161\u00ed paraglidingov\u00e1 komunita a \u0161kola v \u010cR. Tandemov\u00e9 seskoky, kurzy, expedice a paragliding v\u00fdbava\" \/>\n<meta property=\"og:url\" content=\"https:\/\/elspeedo.cz\/kurzy-paraglidingu\/poznavaci_paragliding\/xc-bivaky\/\" \/>\n<meta property=\"og:site_name\" content=\"El Speedo\" \/>\n<meta property=\"article:publisher\" content=\"http:\/\/www.facebook.com\/paragliding.elspeedo.cz\/?fref=ts\" \/>\n<meta property=\"article:modified_time\" content=\"2017-04-24T09:08:30+00:00\" \/>\n<meta name=\"twitter:card\" content=\"summary_large_image\" \/>\n<meta name=\"twitter:label1\" content=\"Est. reading time\" \/>\n\t<meta name=\"twitter:data1\" content=\"3 minutes\" \/>\n<script type=\"application\/ld+json\" class=\"yoast-schema-graph\">{\"@context\":\"https:\/\/schema.org\",\"@graph\":[{\"@type\":\"WebPage\",\"@id\":\"https:\/\/elspeedo.cz\/kurzy-paraglidingu\/poznavaci_paragliding\/xc-bivaky\/\",\"url\":\"https:\/\/elspeedo.cz\/kurzy-paraglidingu\/poznavaci_paragliding\/xc-bivaky\/\",\"name\":\"El Speedo XC BIVAQUES &#8212; El Speedo\",\"isPartOf\":{\"@id\":\"https:\/\/elspeedo.cz\/#website\"},\"datePublished\":\"2017-01-25T17:41:55+00:00\",\"dateModified\":\"2017-04-24T09:08:30+00:00\",\"description\":\"El Speedo je nejv\u011bt\u0161\u00ed paraglidingov\u00e1 komunita a \u0161kola v \u010cR. Tandemov\u00e9 seskoky, kurzy, expedice a paragliding v\u00fdbava\",\"breadcrumb\":{\"@id\":\"https:\/\/elspeedo.cz\/kurzy-paraglidingu\/poznavaci_paragliding\/xc-bivaky\/#breadcrumb\"},\"inLanguage\":\"en-US\",\"potentialAction\":[{\"@type\":\"ReadAction\",\"target\":[\"https:\/\/elspeedo.cz\/kurzy-paraglidingu\/poznavaci_paragliding\/xc-bivaky\/\"]}]},{\"@type\":\"BreadcrumbList\",\"@id\":\"https:\/\/elspeedo.cz\/kurzy-paraglidingu\/poznavaci_paragliding\/xc-bivaky\/#breadcrumb\",\"itemListElement\":[{\"@type\":\"ListItem\",\"position\":1,\"name\":\"Dom\u016f\",\"item\":\"https:\/\/elspeedo.cz\/en\/\"},{\"@type\":\"ListItem\",\"position\":2,\"name\":\"Courses\",\"item\":\"https:\/\/elspeedo.cz\/en\/courses-all-2\/\"},{\"@type\":\"ListItem\",\"position\":3,\"name\":\"XC flying in the mountains\",\"item\":\"https:\/\/elspeedo.cz\/kurzy-paraglidingu\/poznavaci_paragliding\/\"},{\"@type\":\"ListItem\",\"position\":4,\"name\":\"El Speedo XC BIVAQUES\"}]},{\"@type\":\"WebSite\",\"@id\":\"https:\/\/elspeedo.cz\/#website\",\"url\":\"https:\/\/elspeedo.cz\/\",\"name\":\"El Speedo\",\"description\":\"Paragliding - kurzy, vybaven\u00ed, v\u00fdlety, komunita\",\"potentialAction\":[{\"@type\":\"SearchAction\",\"target\":{\"@type\":\"EntryPoint\",\"urlTemplate\":\"https:\/\/elspeedo.cz\/?s={search_term_string}\"},\"query-input\":{\"@type\":\"PropertyValueSpecification\",\"valueRequired\":true,\"valueName\":\"search_term_string\"}}],\"inLanguage\":\"en-US\"}]}<\/script>\n<!-- \/ Yoast SEO plugin. -->","yoast_head_json":{"title":"El Speedo XC BIVAQUES &#8212; El Speedo","description":"El Speedo je nejv\u011bt\u0161\u00ed paraglidingov\u00e1 komunita a \u0161kola v \u010cR. Tandemov\u00e9 seskoky, kurzy, expedice a paragliding v\u00fdbava","robots":{"index":"index","follow":"follow","max-snippet":"max-snippet:-1","max-image-preview":"max-image-preview:large","max-video-preview":"max-video-preview:-1"},"canonical":"https:\/\/elspeedo.cz\/kurzy-paraglidingu\/poznavaci_paragliding\/xc-bivaky\/","og_locale":"en_US","og_type":"article","og_title":"El Speedo XC BIVAQUES &#8212; El Speedo","og_description":"El Speedo je nejv\u011bt\u0161\u00ed paraglidingov\u00e1 komunita a \u0161kola v \u010cR. Tandemov\u00e9 seskoky, kurzy, expedice a paragliding v\u00fdbava","og_url":"https:\/\/elspeedo.cz\/kurzy-paraglidingu\/poznavaci_paragliding\/xc-bivaky\/","og_site_name":"El Speedo","article_publisher":"http:\/\/www.facebook.com\/paragliding.elspeedo.cz\/?fref=ts","article_modified_time":"2017-04-24T09:08:30+00:00","twitter_card":"summary_large_image","twitter_misc":{"Est. reading time":"3 minutes"},"schema":{"@context":"https:\/\/schema.org","@graph":[{"@type":"WebPage","@id":"https:\/\/elspeedo.cz\/kurzy-paraglidingu\/poznavaci_paragliding\/xc-bivaky\/","url":"https:\/\/elspeedo.cz\/kurzy-paraglidingu\/poznavaci_paragliding\/xc-bivaky\/","name":"El Speedo XC BIVAQUES &#8212; El Speedo","isPartOf":{"@id":"https:\/\/elspeedo.cz\/#website"},"datePublished":"2017-01-25T17:41:55+00:00","dateModified":"2017-04-24T09:08:30+00:00","description":"El Speedo je nejv\u011bt\u0161\u00ed paraglidingov\u00e1 komunita a \u0161kola v \u010cR. Tandemov\u00e9 seskoky, kurzy, expedice a paragliding v\u00fdbava","breadcrumb":{"@id":"https:\/\/elspeedo.cz\/kurzy-paraglidingu\/poznavaci_paragliding\/xc-bivaky\/#breadcrumb"},"inLanguage":"en-US","potentialAction":[{"@type":"ReadAction","target":["https:\/\/elspeedo.cz\/kurzy-paraglidingu\/poznavaci_paragliding\/xc-bivaky\/"]}]},{"@type":"BreadcrumbList","@id":"https:\/\/elspeedo.cz\/kurzy-paraglidingu\/poznavaci_paragliding\/xc-bivaky\/#breadcrumb","itemListElement":[{"@type":"ListItem","position":1,"name":"Dom\u016f","item":"https:\/\/elspeedo.cz\/en\/"},{"@type":"ListItem","position":2,"name":"Courses","item":"https:\/\/elspeedo.cz\/en\/courses-all-2\/"},{"@type":"ListItem","position":3,"name":"XC flying in the mountains","item":"https:\/\/elspeedo.cz\/kurzy-paraglidingu\/poznavaci_paragliding\/"},{"@type":"ListItem","position":4,"name":"El Speedo XC BIVAQUES"}]},{"@type":"WebSite","@id":"https:\/\/elspeedo.cz\/#website","url":"https:\/\/elspeedo.cz\/","name":"El Speedo","description":"Paragliding - kurzy, vybaven\u00ed, v\u00fdlety, komunita","potentialAction":[{"@type":"SearchAction","target":{"@type":"EntryPoint","urlTemplate":"https:\/\/elspeedo.cz\/?s={search_term_string}"},"query-input":{"@type":"PropertyValueSpecification","valueRequired":true,"valueName":"search_term_string"}}],"inLanguage":"en-US"}]}},"_links":{"self":[{"href":"https:\/\/elspeedo.cz\/en\/wp-json\/wp\/v2\/pages\/26741","targetHints":{"allow":["GET"]}}],"collection":[{"href":"https:\/\/elspeedo.cz\/en\/wp-json\/wp\/v2\/pages"}],"about":[{"href":"https:\/\/elspeedo.cz\/en\/wp-json\/wp\/v2\/types\/page"}],"author":[{"embeddable":true,"href":"https:\/\/elspeedo.cz\/en\/wp-json\/wp\/v2\/users\/7"}],"replies":[{"embeddable":true,"href":"https:\/\/elspeedo.cz\/en\/wp-json\/wp\/v2\/comments?post=26741"}],"version-history":[{"count":0,"href":"https:\/\/elspeedo.cz\/en\/wp-json\/wp\/v2\/pages\/26741\/revisions"}],"up":[{"embeddable":true,"href":"https:\/\/elspeedo.cz\/en\/wp-json\/wp\/v2\/pages\/26745"}],"wp:attachment":[{"href":"https:\/\/elspeedo.cz\/en\/wp-json\/wp\/v2\/media?parent=26741"}],"curies":[{"name":"wp","href":"https:\/\/api.w.org\/{rel}","templated":true}]}}