{"id":26744,"date":"2016-12-12T12:25:59","date_gmt":"2016-12-12T11:25:59","guid":{"rendered":"https:\/\/elspeedo.cz\/xc-trenink\/"},"modified":"2023-03-06T10:59:48","modified_gmt":"2023-03-06T09:59:48","slug":"el-speedo-xc-training","status":"publish","type":"page","link":"https:\/\/elspeedo.cz\/en\/courses-all-2\/xc-flying-in-the-mountains\/el-speedo-xc-training\/","title":{"rendered":"El Speedo XC TRAINING"},"content":{"rendered":"<div class=\"wpb-content-wrapper\">[mk_page_section bg_color=&#8221;#f4f4f4&#8243; video_loop=&#8221;false&#8221; padding_top=&#8221;0&#8243; padding_bottom=&#8221;0&#8243; sidebar=&#8221;sidebar-1&#8243;][vc_column width=&#8221;1\/2&#8243; css=&#8221;.vc_custom_1492955400479{padding-top: 30px !important;}&#8221;][vc_single_image image=&#8221;38324&#8243; img_size=&#8221;full&#8221; alignment=&#8221;center&#8221; style=&#8221;vc_box_rounded&#8221;][\/vc_column][vc_column width=&#8221;1\/2&#8243; css=&#8221;.vc_custom_1492955406989{padding-top: 50px !important;}&#8221;][vc_column_text]\n<h2><strong>Higher, further, faster<\/strong><\/h2>\n<p>Our cross country courses are developed for pilots who already have some experience with thermalling and want to learn from race pilots and member of national team. We will fly in the best european spots which are famous because of being frequently used for national championships. These sites will become your challenge.[\/vc_column_text][\/vc_column][\/mk_page_section][mk_page_section video_loop=&#8221;false&#8221; padding_top=&#8221;60&#8243; padding_bottom=&#8221;60&#8243; sidebar=&#8221;sidebar-1&#8243;][vc_column][vc_column_text]\n<h2 style=\"text-align: center;\"><strong>Terms and reservations<\/strong><\/h2>\n[\/vc_column_text][mk_padding_divider size=&#8221;30&#8243;][vc_row_inner][vc_column_inner][vc_column_text]\n<p style=\"text-align: left;\">\t<p>There are no upcoming events at this time.<\/p>\n\n[\/vc_column_text][\/vc_column_inner][\/vc_row_inner][mk_padding_divider][\/vc_column][\/mk_page_section][vc_row fullwidth=&#8221;true&#8221; fullwidth_content=&#8221;false&#8221; css=&#8221;.vc_custom_1482741845248{background-color: #e7e7e7 !important;}&#8221;][vc_column width=&#8221;2\/3&#8243;][mk_padding_divider size=&#8221;60&#8243;][vc_column_text]<strong>What you should know?<\/strong><\/p>\n<p>With the advice of our experienced instructors you will find out that sometimes it takes just a little and the route which you would consider too much for you would become your favourite one. We will teach you how to jump from thermal to another, how to use soaring effectively and most importantly, how not to lose your patience. This training will push you and your efficiency forward more and anything else.<\/p>\n<p>Thanks to nice gliding ratio of El Speedo OLIVIER tandem glider, you have extraordinary possibility to fly with our XC instructor and enjoy the tutorial during the flight. This kind of training is becoming more and more popular among the pilots so we believe that you will appreciate it as well.<\/p>\n<p><strong>Must have:<\/strong><\/p>\n<ul>\n<li>valid pilot licence<\/li>\n<li>valid travel insurance<\/li>\n<li>knowledge of using GPS<\/li>\n<\/ul>\n<p><strong>\u00a0<\/strong><strong>Physical demands<\/strong><\/p>\n<p>Middle to low<\/p>\n<p><strong>Recommended flying hours<\/strong><\/p>\n<ul>\n<li>at least 30 hours<\/li>\n<li>suitable for category El Speedo Pilot 2-5<\/li>\n<li>pilots should be able to start precisely and land on their own<\/li>\n<li>pilots must be able to do at least basics of thermalling and XC tactics<\/li>\n<\/ul>\n<p><strong>Goals of XC training:<\/strong><\/p>\n<p>All training days are devoted to cross country flying and their subsequent analysis. In the morning, we analyse the weather conditions and prepare the best flying route, we indicate tricky parts and possible ways how to handle them. In the beginning of the days, we take off and start the flight together. With the walkie-talkie we are able to assist you during the flight. We will tell you where you can find a good thermal, which place you should avoid and how to fly through a tricky part most effectively. If any of us will not make it, our driver will take him on the track.<\/p>\n<p>The goal of our cross country trips is to teach you how to make your own flyable route according to the actual conditions and how to choose the best way to execute it. The vital part is to teach you patience and inner-peace during the most important parts of the flight. With this in mind, you will be able to fulfill your ideas of free flying in beautiful mountains.<\/p>\n<p><strong>Duration of the trip<\/strong>: Five days<\/p>\n<p><strong>Destination: <\/strong><\/p>\n<ul>\n<li>Tolmin, Kobarid, Slovenia.<\/li>\n<li>Pieve di Alpago, Italy.<\/li>\n<li>Karavanke, Slovenia.<\/li>\n<\/ul>\n<p><strong>Who with:<\/strong><\/p>\n<ul>\n<li>two instructors of high-performance cross country flying<\/li>\n<li>driver.<\/li>\n<\/ul>\n<p><strong>Price: <\/strong>7 900 CZK<\/p>\n<p>Our clients have 10 % &#8211; 50 % discount. For more information, see our Graduates&#8217; programme<\/p>\n<p><strong>Practical training: <\/strong><\/p>\n<ul>\n<li>active help and navigation by our two XC instructors during the flight within a group of eight members maximally<\/li>\n<li>navigation and help with thermalling by the instructor just after the start<\/li>\n<li>assistance with top lands<\/li>\n<li>possibility to fly tandem with the instructor and the rest of the group<\/li>\n<\/ul>\n<p><strong>Theoretical tuition:<\/strong><\/p>\n<ul>\n<li>thermalling techniques<\/li>\n<li>making suitable flying plans according to current conditions<\/li>\n<li>tactical thinking of cross country<\/li>\n<li>top landing<\/li>\n<li>and much more\u2026<\/li>\n<\/ul>\n<p><strong>Price includes:<\/strong><\/p>\n<ul>\n<li>theoretical and practical tuition<\/li>\n<li>map of thermals<\/li>\n<li>transportation to the launch sites<\/li>\n<li>transportation after flights<\/li>\n<li>lending of walkie-talkie<\/li>\n<li>technical support with anything and adjustment of your gear<\/li>\n<li>El Speedo gift bag (T-shirt and other little presents)<\/li>\n<li>briefing before flying and description of the flying site<\/li>\n<li>assistance with common transportation and accommodation<\/li>\n<li>pictures from the all training<\/li>\n<\/ul>\n<p><strong>We can lend you:<\/strong><\/p>\n<ul>\n<li>Hannah tents and sleeping bags<\/li>\n<li>full paragliding gear including helmet (see El Speedo Test Centre)<\/li>\n<li>variometer and GPS<\/li>\n<\/ul>\n[\/vc_column_text][mk_padding_divider size=&#8221;60&#8243;][\/vc_column][vc_column width=&#8221;1\/3&#8243; css=&#8221;.vc_custom_1492955471805{padding-top: 40px !important;}&#8221;][vc_media_grid style=&#8221;load-more&#8221; items_per_page=&#8221;18&#8243; element_width=&#8221;6&#8243; btn_add_icon=&#8221;true&#8221; btn_custom_onclick=&#8221;true&#8221; grid_id=&#8221;vc_gid:1678096760513-b6ee68aa-97ee-4&#8243; include=&#8221;17201,17202,17203,17204,17205,17206,17207,17209,17210,17211,17212,17213,17214,17215,17216,17217,17218,17219,17220,17221,17222,17223,17224,17225,17226,17227,17228,17229,17230,17231,17233,17235,17236,17237,17238,17239,17240,17241,17242,17243,17244,17245,17246,17247,17248,17249,17250,17251,17252,17253,17254,17255,17256,17257,17258,17259,17260,17261,17262,17263,17264,17265,17266,17267,17268,17269,17270,17271,17272,17273,17274,17275,17276,17277,17278,17279,17280,17281,17282,17283,17284&#8243;][\/vc_column][\/vc_row][mk_page_section bg_color=&#8221;#272727&#8243; bg_position=&#8221;center center&#8221; video_loop=&#8221;false&#8221; js_vertical_centered=&#8221;true&#8221; padding_top=&#8221;60&#8243; padding_bottom=&#8221;060&#8243; el_class=&#8221;sc-dark&#8221; sidebar=&#8221;sidebar-1&#8243;][vc_column][mk_fancy_title color=&#8221;#ffffff&#8221; size=&#8221;52&#8243; force_font_size=&#8221;true&#8221; size_phone=&#8221;32&#8243; font_family=&#8221;none&#8221; align=&#8221;center&#8221;]\n<p id=\"fancy-title-12\" class=\"mk-fancy-title simple-style color-single\">Graduate\u00a0program<\/p>\n[\/mk_fancy_title][vc_column_text disable_pattern=&#8221;false&#8221; align=&#8221;center&#8221;]Types of lessons are divided into 5 basic performance categories. This division has a major impact on the unification of the pilot participants\u2019 performance and the subsequent progress of your most effective teaching. And the more you can, the less you pay \u2013 it\u2019s fair, is not it?[\/vc_column_text][mk_button dimension=&#8221;outline&#8221; corner_style=&#8221;rounded&#8221; size=&#8221;large&#8221; url=&#8221;https:\/\/elspeedo.cz\/en\/courses-all\/El-Speedo-Pilot-levels\/&#8221; align=&#8221;center&#8221; margin_right=&#8221;0&#8243; el_class=&#8221;basic-button&#8221; outline_skin=&#8221;light&#8221;]More information[\/mk_button][\/vc_column][\/mk_page_section]\n<\/div>","protected":false},"excerpt":{"rendered":"<p>[mk_page_section bg_color=&#8221;#f4f4f4&#8243; video_loop=&#8221;false&#8221; padding_top=&#8221;0&#8243; padding_bottom=&#8221;0&#8243; sidebar=&#8221;sidebar-1&#8243;][vc_column width=&#8221;1\/2&#8243; css=&#8221;.vc_custom_1492955400479{padding-top: 30px !important;}&#8221;][vc_single_image image=&#8221;38324&#8243; img_size=&#8221;full&#8221; alignment=&#8221;center&#8221; style=&#8221;vc_box_rounded&#8221;][\/vc_column][vc_column width=&#8221;1\/2&#8243; css=&#8221;.vc_custom_1492955406989{padding-top: 50px !important;}&#8221;][vc_column_text] Higher, further, faster Our cross country courses are developed for pilots who already have some experience with thermalling and want to learn from race pilots and member of national team. We will fly in the best european [&hellip;]<\/p>\n","protected":false},"author":7,"featured_media":0,"parent":26745,"menu_order":0,"comment_status":"closed","ping_status":"closed","template":"","meta":{"_tribe_blocks_recurrence_rules":"","_tribe_blocks_recurrence_exclusions":"","_tribe_blocks_recurrence_description":"","footnotes":""},"class_list":["post-26744","page","type-page","status-publish","hentry"],"yoast_head":"<!-- This site is optimized with the Yoast SEO plugin v27.0 - https:\/\/yoast.com\/product\/yoast-seo-wordpress\/ -->\n<title>El Speedo XC TRAINING &#8212; El Speedo<\/title>\n<meta name=\"description\" content=\"El Speedo je nejv\u011bt\u0161\u00ed paraglidingov\u00e1 komunita a \u0161kola v \u010cR. Tandemov\u00e9 seskoky, kurzy, expedice a paragliding v\u00fdbava\" \/>\n<meta name=\"robots\" content=\"index, follow, max-snippet:-1, max-image-preview:large, max-video-preview:-1\" \/>\n<link rel=\"canonical\" href=\"https:\/\/elspeedo.cz\/kurzy-paraglidingu\/poznavaci_paragliding\/xc-trenink\/\" \/>\n<meta property=\"og:locale\" content=\"en_US\" \/>\n<meta property=\"og:type\" content=\"article\" \/>\n<meta property=\"og:title\" content=\"El Speedo XC TRAINING &#8212; El Speedo\" \/>\n<meta property=\"og:description\" content=\"El Speedo je nejv\u011bt\u0161\u00ed paraglidingov\u00e1 komunita a \u0161kola v \u010cR. Tandemov\u00e9 seskoky, kurzy, expedice a paragliding v\u00fdbava\" \/>\n<meta property=\"og:url\" content=\"https:\/\/elspeedo.cz\/kurzy-paraglidingu\/poznavaci_paragliding\/xc-trenink\/\" \/>\n<meta property=\"og:site_name\" content=\"El Speedo\" \/>\n<meta property=\"article:publisher\" content=\"http:\/\/www.facebook.com\/paragliding.elspeedo.cz\/?fref=ts\" \/>\n<meta property=\"article:modified_time\" content=\"2023-03-06T09:59:48+00:00\" \/>\n<meta name=\"twitter:card\" content=\"summary_large_image\" \/>\n<meta name=\"twitter:label1\" content=\"Est. reading time\" \/>\n\t<meta name=\"twitter:data1\" content=\"5 minutes\" \/>\n<script type=\"application\/ld+json\" class=\"yoast-schema-graph\">{\"@context\":\"https:\/\/schema.org\",\"@graph\":[{\"@type\":\"WebPage\",\"@id\":\"https:\/\/elspeedo.cz\/kurzy-paraglidingu\/poznavaci_paragliding\/xc-trenink\/\",\"url\":\"https:\/\/elspeedo.cz\/kurzy-paraglidingu\/poznavaci_paragliding\/xc-trenink\/\",\"name\":\"El Speedo XC TRAINING &#8212; El Speedo\",\"isPartOf\":{\"@id\":\"https:\/\/elspeedo.cz\/#website\"},\"datePublished\":\"2016-12-12T11:25:59+00:00\",\"dateModified\":\"2023-03-06T09:59:48+00:00\",\"description\":\"El Speedo je nejv\u011bt\u0161\u00ed paraglidingov\u00e1 komunita a \u0161kola v \u010cR. Tandemov\u00e9 seskoky, kurzy, expedice a paragliding v\u00fdbava\",\"breadcrumb\":{\"@id\":\"https:\/\/elspeedo.cz\/kurzy-paraglidingu\/poznavaci_paragliding\/xc-trenink\/#breadcrumb\"},\"inLanguage\":\"en-US\",\"potentialAction\":[{\"@type\":\"ReadAction\",\"target\":[\"https:\/\/elspeedo.cz\/kurzy-paraglidingu\/poznavaci_paragliding\/xc-trenink\/\"]}]},{\"@type\":\"BreadcrumbList\",\"@id\":\"https:\/\/elspeedo.cz\/kurzy-paraglidingu\/poznavaci_paragliding\/xc-trenink\/#breadcrumb\",\"itemListElement\":[{\"@type\":\"ListItem\",\"position\":1,\"name\":\"Dom\u016f\",\"item\":\"https:\/\/elspeedo.cz\/en\/\"},{\"@type\":\"ListItem\",\"position\":2,\"name\":\"Courses\",\"item\":\"https:\/\/elspeedo.cz\/en\/courses-all-2\/\"},{\"@type\":\"ListItem\",\"position\":3,\"name\":\"XC flying in the mountains\",\"item\":\"https:\/\/elspeedo.cz\/kurzy-paraglidingu\/poznavaci_paragliding\/\"},{\"@type\":\"ListItem\",\"position\":4,\"name\":\"El Speedo XC TRAINING\"}]},{\"@type\":\"WebSite\",\"@id\":\"https:\/\/elspeedo.cz\/#website\",\"url\":\"https:\/\/elspeedo.cz\/\",\"name\":\"El Speedo\",\"description\":\"Paragliding - kurzy, vybaven\u00ed, v\u00fdlety, komunita\",\"potentialAction\":[{\"@type\":\"SearchAction\",\"target\":{\"@type\":\"EntryPoint\",\"urlTemplate\":\"https:\/\/elspeedo.cz\/?s={search_term_string}\"},\"query-input\":{\"@type\":\"PropertyValueSpecification\",\"valueRequired\":true,\"valueName\":\"search_term_string\"}}],\"inLanguage\":\"en-US\"}]}<\/script>\n<!-- \/ Yoast SEO plugin. -->","yoast_head_json":{"title":"El Speedo XC TRAINING &#8212; El Speedo","description":"El Speedo je nejv\u011bt\u0161\u00ed paraglidingov\u00e1 komunita a \u0161kola v \u010cR. Tandemov\u00e9 seskoky, kurzy, expedice a paragliding v\u00fdbava","robots":{"index":"index","follow":"follow","max-snippet":"max-snippet:-1","max-image-preview":"max-image-preview:large","max-video-preview":"max-video-preview:-1"},"canonical":"https:\/\/elspeedo.cz\/kurzy-paraglidingu\/poznavaci_paragliding\/xc-trenink\/","og_locale":"en_US","og_type":"article","og_title":"El Speedo XC TRAINING &#8212; El Speedo","og_description":"El Speedo je nejv\u011bt\u0161\u00ed paraglidingov\u00e1 komunita a \u0161kola v \u010cR. Tandemov\u00e9 seskoky, kurzy, expedice a paragliding v\u00fdbava","og_url":"https:\/\/elspeedo.cz\/kurzy-paraglidingu\/poznavaci_paragliding\/xc-trenink\/","og_site_name":"El Speedo","article_publisher":"http:\/\/www.facebook.com\/paragliding.elspeedo.cz\/?fref=ts","article_modified_time":"2023-03-06T09:59:48+00:00","twitter_card":"summary_large_image","twitter_misc":{"Est. reading time":"5 minutes"},"schema":{"@context":"https:\/\/schema.org","@graph":[{"@type":"WebPage","@id":"https:\/\/elspeedo.cz\/kurzy-paraglidingu\/poznavaci_paragliding\/xc-trenink\/","url":"https:\/\/elspeedo.cz\/kurzy-paraglidingu\/poznavaci_paragliding\/xc-trenink\/","name":"El Speedo XC TRAINING &#8212; El Speedo","isPartOf":{"@id":"https:\/\/elspeedo.cz\/#website"},"datePublished":"2016-12-12T11:25:59+00:00","dateModified":"2023-03-06T09:59:48+00:00","description":"El Speedo je nejv\u011bt\u0161\u00ed paraglidingov\u00e1 komunita a \u0161kola v \u010cR. Tandemov\u00e9 seskoky, kurzy, expedice a paragliding v\u00fdbava","breadcrumb":{"@id":"https:\/\/elspeedo.cz\/kurzy-paraglidingu\/poznavaci_paragliding\/xc-trenink\/#breadcrumb"},"inLanguage":"en-US","potentialAction":[{"@type":"ReadAction","target":["https:\/\/elspeedo.cz\/kurzy-paraglidingu\/poznavaci_paragliding\/xc-trenink\/"]}]},{"@type":"BreadcrumbList","@id":"https:\/\/elspeedo.cz\/kurzy-paraglidingu\/poznavaci_paragliding\/xc-trenink\/#breadcrumb","itemListElement":[{"@type":"ListItem","position":1,"name":"Dom\u016f","item":"https:\/\/elspeedo.cz\/en\/"},{"@type":"ListItem","position":2,"name":"Courses","item":"https:\/\/elspeedo.cz\/en\/courses-all-2\/"},{"@type":"ListItem","position":3,"name":"XC flying in the mountains","item":"https:\/\/elspeedo.cz\/kurzy-paraglidingu\/poznavaci_paragliding\/"},{"@type":"ListItem","position":4,"name":"El Speedo XC TRAINING"}]},{"@type":"WebSite","@id":"https:\/\/elspeedo.cz\/#website","url":"https:\/\/elspeedo.cz\/","name":"El Speedo","description":"Paragliding - kurzy, vybaven\u00ed, v\u00fdlety, komunita","potentialAction":[{"@type":"SearchAction","target":{"@type":"EntryPoint","urlTemplate":"https:\/\/elspeedo.cz\/?s={search_term_string}"},"query-input":{"@type":"PropertyValueSpecification","valueRequired":true,"valueName":"search_term_string"}}],"inLanguage":"en-US"}]}},"_links":{"self":[{"href":"https:\/\/elspeedo.cz\/en\/wp-json\/wp\/v2\/pages\/26744","targetHints":{"allow":["GET"]}}],"collection":[{"href":"https:\/\/elspeedo.cz\/en\/wp-json\/wp\/v2\/pages"}],"about":[{"href":"https:\/\/elspeedo.cz\/en\/wp-json\/wp\/v2\/types\/page"}],"author":[{"embeddable":true,"href":"https:\/\/elspeedo.cz\/en\/wp-json\/wp\/v2\/users\/7"}],"replies":[{"embeddable":true,"href":"https:\/\/elspeedo.cz\/en\/wp-json\/wp\/v2\/comments?post=26744"}],"version-history":[{"count":1,"href":"https:\/\/elspeedo.cz\/en\/wp-json\/wp\/v2\/pages\/26744\/revisions"}],"predecessor-version":[{"id":204276,"href":"https:\/\/elspeedo.cz\/en\/wp-json\/wp\/v2\/pages\/26744\/revisions\/204276"}],"up":[{"embeddable":true,"href":"https:\/\/elspeedo.cz\/en\/wp-json\/wp\/v2\/pages\/26745"}],"wp:attachment":[{"href":"https:\/\/elspeedo.cz\/en\/wp-json\/wp\/v2\/media?parent=26744"}],"curies":[{"name":"wp","href":"https:\/\/api.w.org\/{rel}","templated":true}]}}