{"id":26746,"date":"2016-11-25T11:00:18","date_gmt":"2017-01-25T18:14:17","guid":{"rendered":"https:\/\/elspeedo.cz\/kompletni-paraglidingovy-vycvik\/"},"modified":"2017-01-25T19:14:17","modified_gmt":"2017-01-25T18:14:17","slug":"kompletni-paraglidingovy-vycvik","status":"publish","type":"page","link":"https:\/\/elspeedo.cz\/en\/kompletni-paraglidingovy-vycvik\/","title":{"rendered":"Kompletn\u00ed paraglidingov\u00fd v\u00fdcvik"},"content":{"rendered":"<div class=\"wpb-content-wrapper\">[mk_page_section video_loop=&#8221;false&#8221; padding_top=&#8221;50&#8243; padding_bottom=&#8221;0&#8243; el_class=&#8221;no-top&#8221; sidebar=&#8221;sidebar-1&#8243;][vc_column][mk_edge_slider swiper_bg=&#8221;#000000&#8243; full_height=&#8221;false&#8221; height=&#8221;450&#8243; slideshow_speed=&#8221;10000&#8243;][vc_row_inner css=&#8221;.vc_custom_1480059675262{padding-top: 50px !important;padding-bottom: 50px !important;}&#8221;][vc_column_inner width=&#8221;1\/2&#8243;][mk_fancy_title size=&#8221;32&#8243; force_font_size=&#8221;true&#8221; size_phone=&#8221;24&#8243; margin_bottom=&#8221;0&#8243; font_family=&#8221;none&#8221; align=&#8221;center&#8221;]Kompletn\u00ed kurz paraglidingu[\/mk_fancy_title][mk_fancy_title tag_name=&#8221;h4&#8243; size=&#8221;16&#8243; font_family=&#8221;none&#8221; align=&#8221;center&#8221;]v Beskydech (cena 8400K\u010d)[\/mk_fancy_title][\/vc_column_inner][vc_column_inner width=&#8221;1\/2&#8243;][mk_button_gradient dimension=&#8221;flat&#8221; size=&#8221;large&#8221; corner_style=&#8221;rounded&#8221; grandient_color_from=&#8221;#6087b9&#8243; grandient_color_to=&#8221;#557bab&#8221; grandient_color_fallback=&#8221;#6087b9&#8243; url=&#8221;#&#8221; align=&#8221;center&#8221;]Kalend\u00e1\u0159 a p\u0159ihl\u00e1\u0161ka[\/mk_button_gradient][\/vc_column_inner][\/vc_row_inner][vc_row_inner][vc_column_inner width=&#8221;1\/3&#8243;][mk_image src=&#8221;https:\/\/elspeedo.cz\/wp-content\/uploads\/2016\/11\/pargliding_beskydy_00008.jpg&#8221; image_size=&#8221;full&#8221; el_class=&#8221;img-rounded&#8221;][\/vc_column_inner][vc_column_inner width=&#8221;2\/3&#8243;][vc_column_text]V pr\u016fb\u011bhu na\u0161eho Z\u00e1kladn\u00edho kurzu za\u017eijete nezapomenuteln\u00e9 dny ve spole\u010dnosti podobn\u011b nad\u0161en\u00fdch lid\u00ed. B\u011bhem t\u011bchto dn\u00ed v\u00e1s p\u0159iprav\u00edme na samostatn\u00e9\u00a0bezpe\u010dn\u00e9 l\u00e9t\u00e1n\u00ed, dozv\u00edte se mnoho o p\u0159\u00edrod\u011b, paraglidingov\u00e9m vybaven\u00ed i tr\u00e9ninkov\u00fdch postupech.<\/p>\n<p>Sou\u010d\u00e1st\u00ed kurzu je tak\u00e9 z\u00e1v\u011bre\u010dn\u00e1 zkou\u0161ka u na\u0161eho inspektora letov\u00e9ho provozu na pilotn\u00ed licenci PILOT. S potvrzen\u00fdm Osobn\u00edm listem si pak m\u016f\u017eete za\u017e\u00e1dat\u00a0o vystaven\u00ed t\u00e9to pilotn\u00ed licence.[\/vc_column_text][\/vc_column_inner][\/vc_row_inner][vc_row_inner css=&#8221;.vc_custom_1480063213389{padding-top: 50px !important;}&#8221; el_class=&#8221;list&#8221;][vc_column_inner width=&#8221;1\/3&#8243;][mk_fancy_title tag_name=&#8221;h3&#8243; size=&#8221;24&#8243; force_font_size=&#8221;true&#8221; size_phone=&#8221;22&#8243; font_family=&#8221;none&#8221;]Cena obsahuje[\/mk_fancy_title][mk_custom_list]\n<ul>\n<li>pr\u00e1ci instruktor\u016f (teoretickou a praktickou v\u00fduku)<\/li>\n<li>zap\u016fj\u010den\u00ed pad\u00e1kov\u00fdch komplet\u016f<\/li>\n<li>zap\u016fj\u010den\u00ed\u00a0radiostanic<\/li>\n<li>zap\u016fj\u010den\u00ed v\u00fdukov\u00fdch knih<\/li>\n<li>z\u00e1konn\u00e9 poji\u0161t\u011bn\u00ed na \u0161kody zp\u016fsoben\u00e9 t\u0159et\u00ed osob\u011b<\/li>\n<li>starty na na\u0161ich vlastn\u00edch startovi\u0161t\u00edch a p\u0159ist\u00e1vac\u00edch ploch\u00e1ch<\/li>\n<li>dle mo\u017enosti i dopravu na startovi\u0161t\u011b a p\u0159esun mezi jednotliv\u00fdmi lokalitami<\/li>\n<li>z\u00e1v\u011bre\u010dn\u00e9 p\u0159ezkou\u0161en\u00ed inspektorem provozu paraglidingu \u010cR<\/li>\n<li>free WI-FI z\u00f3nu<\/li>\n<li>fotografie a videa z cel\u00e9ho kurzu<\/li>\n<\/ul>\n[\/mk_custom_list][\/vc_column_inner][vc_column_inner width=&#8221;1\/3&#8243;][mk_fancy_title tag_name=&#8221;h3&#8243; size=&#8221;24&#8243; force_font_size=&#8221;true&#8221; size_phone=&#8221;22&#8243; font_family=&#8221;none&#8221;]Nav\u00edc v cen\u011b z\u00edsk\u00e1v\u00e1te[\/mk_fancy_title][mk_custom_list]\n<ul>\n<li>\u00a0knihu PARAGLIDING v hodnot\u011b 200 K\u010d<\/li>\n<li>On-line teoretickou p\u0159\u00edpravu p\u0159ed kurzem<\/li>\n<li>ro\u010dn\u00ed p\u0159edplatn\u00e9 \u00fa\u010dtu Student na v\u00fdukov\u00e9m webu www.eparagliding.cz v hodnot\u011b 990K\u010d<\/li>\n<li>licenci El Speedo CLUB PILOT pro bezplatn\u00e9 l\u00e9t\u00e1n\u00ed pod dohledem instruktora<\/li>\n<li>d\u00e1rkov\u00fd bal\u00ed\u010dek<\/li>\n<\/ul>\n[\/mk_custom_list][\/vc_column_inner][vc_column_inner width=&#8221;1\/3&#8243;][mk_fancy_title tag_name=&#8221;h3&#8243; size=&#8221;24&#8243; force_font_size=&#8221;true&#8221; size_phone=&#8221;22&#8243; font_family=&#8221;none&#8221;]M\u016f\u017eete si p\u0159iobjednat[\/mk_fancy_title][mk_custom_list]\n<ul>\n<li>ubytov\u00e1n\u00ed ve \u0161koln\u00edch chat\u00e1ch STANDARD\u00a0(220 K\u010d\/noc)<\/li>\n<li>ubytov\u00e1n\u00ed ve \u0161koln\u00edch chat\u00e1ch PRIMA\u00a0(300 K\u010d\/noc)<\/li>\n<li>zap\u016fj\u010den\u00ed v\u00e1ria pro tr\u00e9nink ust\u0159e\u010fov\u00e1n\u00ed termick\u00fdch\u00a0proud\u016f po zvl\u00e1dnut\u00ed v\u00fdcvikov\u00e9 osnovy (100 K\u010d)<\/li>\n<li>tandemov\u00fd let s instruktorem pro va\u0161e p\u0159\u00e1tele a bl\u00edzk\u00e9 v dob\u011b kurzu s 50% slevou &#8211; pad\u00e1k st\u0159edn\u00ed t\u0159\u00eddy EN B (500 K\u010d)<\/li>\n<li>povinnou l\u00e9ka\u0159skou prohl\u00eddku (150 K\u010d, \u0159e\u0161\u00edme spole\u010dn\u011b v prvn\u00ed \u010d\u00e1sti kurzu)<\/li>\n<li>sn\u00eddan\u011b\u00a0a ve\u010de\u0159e<\/li>\n<\/ul>\n[\/mk_custom_list][\/vc_column_inner][\/vc_row_inner][\/vc_column][\/mk_page_section][mk_page_section bg_color=&#8221;#f4f4f4&#8243; bg_stretch=&#8221;true&#8221; video_loop=&#8221;false&#8221; padding_top=&#8221;50&#8243; padding_bottom=&#8221;50&#8243; el_class=&#8221;section-gray&#8221; sidebar=&#8221;sidebar-1&#8243;][vc_column][mk_fancy_title size=&#8221;42&#8243; force_font_size=&#8221;true&#8221; size_phone=&#8221;32&#8243; margin_bottom=&#8221;0&#8243; font_family=&#8221;none&#8221; align=&#8221;center&#8221;]V\u00e1\u0161 paraglidingov\u00fd p\u0159\u00edb\u011bh[\/mk_fancy_title][mk_fancy_title tag_name=&#8221;h3&#8243; color=&#8221;#8d8d8d&#8221; size=&#8221;24&#8243; force_font_size=&#8221;true&#8221; size_phone=&#8221;18&#8243; margin_bottom=&#8221;50&#8243; font_family=&#8221;none&#8221; align=&#8221;center&#8221;]u n\u00e1s za\u010d\u00edn\u00e1 u\u017e dva t\u00fddny p\u0159ed kurzem&#8230;[\/mk_fancy_title][mk_image src=&#8221;https:\/\/elspeedo.cz\/wp-content\/uploads\/2016\/11\/paragliding_2016_3.jpg&#8221; image_size=&#8221;full&#8221; align=&#8221;center&#8221; margin_bottom=&#8221;50&#8243; el_class=&#8221;img-rounded&#8221;][vc_column_text]\n<div style=\"text-align: center;\">\n<p>Na\u0161\u00edm c\u00edlem je d\u00e1t v\u00e1m mo\u017enost roz\u0161\u00ed\u0159it va\u0161i p\u0159\u00edpravu za\u010d\u00ednaj\u00edc\u00edch pilot\u016f do del\u0161\u00edho \u010dasov\u00e9ho horizontu, poskytnout v\u00e1m je\u0161t\u011b lep\u0161\u00ed pov\u011bdom\u00ed o v\u0161em, co se paraglidingu t\u00fdk\u00e1 \u2013 a to tak, abyste s n\u00e1s nabyt\u00e9 v\u011bdomosti um\u011bli spr\u00e1vn\u011b pou\u017e\u00edvat.<\/p>\n<p>Nen\u00ed to nic povinn\u00e9ho, ale pro v\u00e1s, kte\u0159\u00ed chcete v\u011bd\u011bt v\u00edce a z\u00edskat tak z\u00a0na\u0161ich kurz\u016f maximum, je to p\u0159\u00e1telsk\u00e1 nab\u00eddka\u00a0*.<\/p>\n<\/div>\n<div style=\"text-align: center;\"><a title=\"\" href=\"http:\/\/www.eparagliding.cz\/component\/content\/article\/10-titulni-strany\/270-priprava-pred-kurzem-new\" target=\"_blank\">On-line p\u0159\u00edpravu p\u0159ed kurzem naleznete zde&#8230;<\/a><\/div>\n<div style=\"text-align: center;\"><\/div>\n<div style=\"text-align: center;\"><\/div>\n<div style=\"text-align: center;\">\u00a0* Dva t\u00fddny p\u0159ed kurzem v\u00e1m po zaplacen\u00ed rezervace p\u0159ijde p\u0159ihl\u00e1\u0161en\u00ed do syst\u00e9mu e-paragliding. Spolu s\u00a0p\u0159ihla\u0161ovac\u00edmi \u00fadaji v\u00e1m p\u0159ijde i link na tuto On-line p\u0159\u00edpravu p\u0159ed kurzem.<\/div>\n[\/vc_column_text][\/vc_column][\/mk_page_section][mk_page_section video_loop=&#8221;false&#8221; padding_top=&#8221;50&#8243; padding_bottom=&#8221;50&#8243; sidebar=&#8221;sidebar-1&#8243;][vc_column width=&#8221;1\/2&#8243; el_class=&#8221;align-right&#8221;][mk_fancy_title size=&#8221;32&#8243; force_font_size=&#8221;true&#8221; size_phone=&#8221;24&#8243; margin_bottom=&#8221;0&#8243; font_family=&#8221;none&#8221; align=&#8221;right&#8221;]Kniha PARAGLIDING[\/mk_fancy_title][mk_fancy_title tag_name=&#8221;h3&#8243; color=&#8221;#8d8d8d&#8221; size=&#8221;24&#8243; force_font_size=&#8221;true&#8221; size_phone=&#8221;18&#8243; margin_bottom=&#8221;50&#8243; font_family=&#8221;none&#8221; align=&#8221;right&#8221;]je v cen\u011b kurzu[\/mk_fancy_title][vc_column_text]\n<p style=\"text-align: right;\">Ka\u017ed\u00fd \u017e\u00e1k na na\u0161em Z\u00e1kladn\u00edm kurzu od n\u00e1s obdr\u017e\u00ed knihu v hodnot\u011b 200 K\u010d.<\/p>\n<p style=\"text-align: right;\">El Speedo kniha PARAGLIDING skv\u011ble dopl\u0148uje<br \/>\nna\u0161e teoretick\u00e9 p\u0159edn\u00e1\u0161ky a p\u0159\u00edpravu<br \/>\np\u0159ed praktick\u00fdm tr\u00e9ninkem.<\/p>\n<p style=\"text-align: right;\"><a href=\"#\">Co se v knize do\u010dtete&#8230;<\/a><\/p>\n[\/vc_column_text][\/vc_column][vc_column width=&#8221;1\/2&#8243;][mk_image src=&#8221;https:\/\/elspeedo.cz\/wp-content\/uploads\/2016\/11\/paragliding_06e.jpg&#8221; image_size=&#8221;full&#8221; el_class=&#8221;img-rounded&#8221;][\/vc_column][\/mk_page_section][mk_page_section bg_color=&#8221;#f4f4f4&#8243; video_loop=&#8221;false&#8221; padding_top=&#8221;50&#8243; padding_bottom=&#8221;50&#8243; sidebar=&#8221;sidebar-1&#8243;][vc_column el_class=&#8221;align-center&#8221;][mk_fancy_title size=&#8221;42&#8243; force_font_size=&#8221;true&#8221; size_phone=&#8221;24&#8243; font_family=&#8221;none&#8221; align=&#8221;center&#8221;]U\u017e\u00edvejte ro\u010dn\u00ed ON-LINE V\u00ddUKY[\/mk_fancy_title][vc_column_text]\n<p style=\"text-align: center;\">On-line v\u00fduka se pro v\u00e1s stane zaj\u00edmav\u00fdm studijn\u00edm materi\u00e1lem po cel\u00fd n\u00e1sleduj\u00edc\u00ed rok, proto\u017ee sou\u010d\u00e1st\u00ed ceny na\u0161ich Z\u00e1kladn\u00edch kurz\u016f je tak\u00e9 ro\u010dn\u00ed aktivace u\u017eivatelsk\u00e9ho\u00a0\u00fa\u010dtu STUDENT v hodnot\u011b 990 K\u010d.<\/p>\n<p style=\"text-align: center;\">K\u00a0dispozici m\u00e1te nadstavbov\u00e9 \u010dl\u00e1nky, obr\u00e1zky, animace, v\u00fdukov\u00e1 videa i efektivn\u00ed On-line p\u0159\u00edpravu na pilotn\u00ed licenci PILOT.<\/p>\n<p style=\"text-align: center;\"><a href=\"http:\/\/www.eparagliding.cz\/\" target=\"_blank\">www.eparagliding.cz\u00a0<\/a><\/p>\n[\/vc_column_text][mk_image src=&#8221;https:\/\/elspeedo.cz\/wp-content\/uploads\/2016\/11\/paragliding_2016_23.jpg&#8221; image_size=&#8221;full&#8221; align=&#8221;center&#8221; el_class=&#8221;img-rounded&#8221;][\/vc_column][\/mk_page_section][mk_page_section video_loop=&#8221;false&#8221; padding_top=&#8221;50&#8243; padding_bottom=&#8221;50&#8243; sidebar=&#8221;sidebar-1&#8243;][vc_column width=&#8221;1\/2&#8243;][mk_image src=&#8221;https:\/\/elspeedo.cz\/wp-content\/uploads\/2016\/11\/eparagliding_comp_2.jpg&#8221; image_size=&#8221;full&#8221; align=&#8221;center&#8221; el_class=&#8221;img-rounded&#8221;][\/vc_column][vc_column width=&#8221;1\/2&#8243;][mk_fancy_title size=&#8221;32&#8243; force_font_size=&#8221;true&#8221; size_phone=&#8221;24&#8243; font_family=&#8221;none&#8221;]Kontrolujte si va\u0161e znalosti u\u017e v pr\u016fb\u011bhu kurzu[\/mk_fancy_title][vc_column_text]V na\u0161em On-line v\u00fdukov\u00e9m programu si kdykoliv m\u016f\u017eete vypl\u0148ovat teoretick\u00fd test. Pokud v\u00e1s to bude zaj\u00edmat, tak d\u00edky\u00a0u\u017eivatelsk\u00e9mu \u00fa\u010dtu STUDENT se jednoduch\u00fdm kliknut\u00edm na ikonku pod ot\u00e1zkou dostanete do P\u0159\u00edpravy na pilotn\u00ed licenci PILOT \u2013 ke konkr\u00e9tn\u00edm definic\u00edm a popis\u016fm vedouc\u00edm ke spr\u00e1vn\u00fdm odpov\u011bd\u00edm.<\/p>\n<p>Jak jednoduch\u00e9 &#8230;<\/p>\n<p><a href=\"http:\/\/eparagliding.cz\/pla\/cs\/\">On-line test na www.eparagliding.cz\u00a0&#8230;<\/a>[\/vc_column_text][\/vc_column][\/mk_page_section][mk_page_section bg_color=&#8221;#f4f4f4&#8243; video_loop=&#8221;false&#8221; padding_top=&#8221;50&#8243; padding_bottom=&#8221;50&#8243; sidebar=&#8221;sidebar-1&#8243;][vc_column][mk_image src=&#8221;https:\/\/elspeedo.cz\/wp-content\/uploads\/2016\/11\/paragliding_2016_4.jpg&#8221; image_size=&#8221;full&#8221; align=&#8221;center&#8221; el_class=&#8221;img-rounded&#8221;][\/vc_column][\/mk_page_section][mk_page_section video_loop=&#8221;false&#8221; padding_top=&#8221;50&#8243; padding_bottom=&#8221;50&#8243; sidebar=&#8221;sidebar-1&#8243;][vc_column width=&#8221;1\/3&#8243;][mk_image src=&#8221;https:\/\/elspeedo.cz\/wp-content\/uploads\/2016\/11\/pes.jpg&#8221; image_size=&#8221;full&#8221; align=&#8221;center&#8221; el_class=&#8221;img-rounded&#8221;][\/vc_column][vc_column width=&#8221;2\/3&#8243;][mk_fancy_title size=&#8221;42&#8243; force_font_size=&#8221;true&#8221; size_phone=&#8221;24&#8243; font_family=&#8221;none&#8221;]Pilot Education System v cen\u011b kurzu[\/mk_fancy_title][vc_column_text]\n<div>\n<p>PES (Pilot Education System) vzniknul d\u00edky pot\u0159eb\u011b l\u00e9pe hodnotit a analyzovat ve\u0161ker\u00e9 mo\u017en\u00e9 chyby \u010di spr\u00e1vn\u00e9 reakce p\u0159i na\u0161em tr\u00e9ninku nestandardn\u00edch letov\u00fdch re\u017eim\u016f na SIV kurzech.<\/p>\n<\/div>\n<div>Od roku 2012 pou\u017e\u00edv\u00e1me PES i na na\u0161ich Z\u00e1kladn\u00edch kurzech.<\/div>\n<div><\/div>\n<div><a title=\"katalog Zaklad - PES\" href=\"http:\/\/www.chciletat.cz\/cs\/katalog-kurzy\/10-titulni-strany\/55-katalog-zaklad-pes\"><br \/>\nProstudujte si v\u00fdhody v\u00fdukov\u00e9ho syst\u00e9mu&#8230;<\/a><\/div>\n[\/vc_column_text][\/vc_column][\/mk_page_section][mk_page_section bg_color=&#8221;#f4f4f4&#8243; video_loop=&#8221;false&#8221; padding_top=&#8221;50&#8243; padding_bottom=&#8221;50&#8243; sidebar=&#8221;sidebar-1&#8243;][vc_column el_class=&#8221;align-center&#8221;][mk_fancy_title size=&#8221;42&#8243; force_font_size=&#8221;true&#8221; size_phone=&#8221;24&#8243; font_family=&#8221;none&#8221; align=&#8221;center&#8221;]L\u00e9t\u00e1n\u00ed pod dohledem a tr\u00e9ninkov\u00fd program HAWK[\/mk_fancy_title][vc_column_text]\n<p style=\"text-align: center;\">V\u00e1\u0161 bezpe\u010dn\u00fd a progresivn\u00ed tr\u00e9nink je na\u0161\u00edm c\u00edlem nejen p\u0159i Z\u00e1kladn\u00edm kurzu, ale tak\u00e9 kdykoliv po n\u011bm. Proto v\u0161em na\u0161im absolvent\u016fm bezplatn\u011b nab\u00edz\u00edme L\u00e9t\u00e1n\u00ed pod dohledem instruktora. Po\u0159i\u010fte si vys\u00edla\u010dku, nalad\u00edme v\u00e1m na ni na\u0161e frekvence a na startu i p\u0159ist\u00e1n\u00ed v\u00e1s v pr\u016fb\u011bhu dal\u0161\u00edch Z\u00e1kladn\u00edch klurz\u016f r\u00e1di &#8220;ohl\u00edd\u00e1me&#8221;.<\/p>\n<p style=\"text-align: center;\">Pokud v\u0161ak chcete kompletn\u00ed servis jako na kter\u00e9mkoliv na\u0161em Z\u00e1kladn\u00edm kurzu &#8211; tedy rann\u00ed a ve\u010dern\u00ed meteo briefingy, teoretick\u00e9 p\u0159edn\u00e1\u0161ky, zaji\u0161t\u011bn\u00ed p\u0159i startech a p\u0159ist\u00e1n\u00edch, navigaci do termiky a to v\u0161echno podle va\u0161ich \u010dasov\u00fdch mo\u017enost\u00ed po dobu 2 let &#8211; nev\u00e1hejte a zapi\u0161te se do El Speedo tr\u00e9ninkov\u00e9ho programu HAWK.<\/p>\n[\/vc_column_text][mk_image src=&#8221;https:\/\/elspeedo.cz\/wp-content\/uploads\/2015\/12\/hawk_trenink_2016.jpg&#8221; image_size=&#8221;full&#8221; align=&#8221;center&#8221; el_class=&#8221;img-rounded&#8221;][\/vc_column][\/mk_page_section][mk_page_section video_loop=&#8221;false&#8221; padding_top=&#8221;50&#8243; padding_bottom=&#8221;50&#8243; sidebar=&#8221;sidebar-1&#8243;][vc_column][vc_row_inner][vc_column_inner width=&#8221;1\/3&#8243;][mk_button_gradient dimension=&#8221;flat&#8221; size=&#8221;large&#8221; corner_style=&#8221;rounded&#8221; grandient_color_from=&#8221;#e89d5b&#8221; grandient_color_to=&#8221;#c37836&#8243; grandient_color_fallback=&#8221;#c37836&#8243; url=&#8221;#&#8221; align=&#8221;center&#8221; el_class=&#8221;gradient-orange&#8221;]V\u00fdhodn\u00e9 nab\u00eddky[\/mk_button_gradient][\/vc_column_inner][vc_column_inner width=&#8221;2\/3&#8243;][vc_column_text]M\u00e1me pro v\u00e1s p\u0159ipraveny nab\u00eddky, kter\u00e9 v\u00fdrazn\u011b ovlivn\u00ed finan\u010dn\u00ed \u010d\u00e1stku pot\u0159ebnou pro absolvov\u00e1n\u00ed kurzu a z\u00edsk\u00e1n\u00ed pilotn\u00ed licence.<\/p>\n[\/vc_column_text][\/vc_column_inner][\/vc_row_inner][vc_row_inner][vc_column_inner width=&#8221;1\/3&#8243;][mk_button_gradient dimension=&#8221;flat&#8221; size=&#8221;large&#8221; corner_style=&#8221;rounded&#8221; grandient_color_from=&#8221;#e89d5b&#8221; grandient_color_to=&#8221;#c37836&#8243; grandient_color_fallback=&#8221;#c37836&#8243; url=&#8221;#&#8221; align=&#8221;center&#8221; el_class=&#8221;gradient-orange&#8221;]Servis po kurzu[\/mk_button_gradient][\/vc_column_inner][vc_column_inner width=&#8221;2\/3&#8243;][vc_column_text]Nejen p\u0159ed kurzem a na kurzu, ale hlavn\u011b po kurzu pom\u00e1h\u00e1me na\u0161im absolvent\u016fm. Prostudujte si n\u00e1\u0161 servis po kurzu.<\/p>\n[\/vc_column_text][\/vc_column_inner][\/vc_row_inner][\/vc_column][\/mk_page_section][mk_page_section bg_color=&#8221;#f4f4f4&#8243; video_loop=&#8221;false&#8221; padding_top=&#8221;50&#8243; padding_bottom=&#8221;50&#8243; sidebar=&#8221;sidebar-1&#8243;][vc_column el_class=&#8221;align-center&#8221;][mk_fancy_title size=&#8221;42&#8243; force_font_size=&#8221;true&#8221; size_phone=&#8221;24&#8243; margin_bottom=&#8221;0&#8243; font_family=&#8221;none&#8221; align=&#8221;center&#8221;]M\u00e1te na n\u00e1s dal\u0161\u00ed ot\u00e1zky?[\/mk_fancy_title][mk_fancy_title tag_name=&#8221;h3&#8243; color=&#8221;#8d8d8d&#8221; size=&#8221;24&#8243; force_font_size=&#8221;true&#8221; size_phone=&#8221;18&#8243; margin_bottom=&#8221;50&#8243; font_family=&#8221;none&#8221; align=&#8221;center&#8221;]Volejte El Speedo kancel\u00e1\u0159:\u00a0+420 777 311 661<\/p>\n[\/mk_fancy_title][mk_image src=&#8221;https:\/\/elspeedo.cz\/wp-content\/uploads\/2016\/11\/paragliding_2016_31.jpg&#8221; image_size=&#8221;full&#8221; align=&#8221;center&#8221; el_class=&#8221;img-rounded&#8221;][\/vc_column][\/mk_page_section]\n<\/div>","protected":false},"excerpt":{"rendered":"<p>[mk_page_section video_loop=&#8221;false&#8221; padding_top=&#8221;50&#8243; padding_bottom=&#8221;0&#8243; el_class=&#8221;no-top&#8221; sidebar=&#8221;sidebar-1&#8243;][vc_column][mk_edge_slider swiper_bg=&#8221;#000000&#8243; full_height=&#8221;false&#8221; height=&#8221;450&#8243; slideshow_speed=&#8221;10000&#8243;][vc_row_inner css=&#8221;.vc_custom_1480059675262{padding-top: 50px !important;padding-bottom: 50px !important;}&#8221;][vc_column_inner width=&#8221;1\/2&#8243;][mk_fancy_title size=&#8221;32&#8243; force_font_size=&#8221;true&#8221; size_phone=&#8221;24&#8243; margin_bottom=&#8221;0&#8243; font_family=&#8221;none&#8221; align=&#8221;center&#8221;]Kompletn\u00ed kurz paraglidingu[\/mk_fancy_title][mk_fancy_title tag_name=&#8221;h4&#8243; size=&#8221;16&#8243; font_family=&#8221;none&#8221; align=&#8221;center&#8221;]v Beskydech (cena 8400K\u010d)[\/mk_fancy_title][\/vc_column_inner][vc_column_inner width=&#8221;1\/2&#8243;][mk_button_gradient dimension=&#8221;flat&#8221; size=&#8221;large&#8221; corner_style=&#8221;rounded&#8221; grandient_color_from=&#8221;#6087b9&#8243; grandient_color_to=&#8221;#557bab&#8221; grandient_color_fallback=&#8221;#6087b9&#8243; url=&#8221;#&#8221; align=&#8221;center&#8221;]Kalend\u00e1\u0159 a p\u0159ihl\u00e1\u0161ka[\/mk_button_gradient][\/vc_column_inner][\/vc_row_inner][vc_row_inner][vc_column_inner width=&#8221;1\/3&#8243;][mk_image src=&#8221;https:\/\/elspeedo.cz\/wp-content\/uploads\/2016\/11\/pargliding_beskydy_00008.jpg&#8221; image_size=&#8221;full&#8221; el_class=&#8221;img-rounded&#8221;][\/vc_column_inner][vc_column_inner width=&#8221;2\/3&#8243;][vc_column_text]V pr\u016fb\u011bhu na\u0161eho Z\u00e1kladn\u00edho kurzu za\u017eijete nezapomenuteln\u00e9 dny ve [&hellip;]<\/p>\n","protected":false},"author":2,"featured_media":0,"parent":0,"menu_order":0,"comment_status":"closed","ping_status":"closed","template":"","meta":{"_tribe_blocks_recurrence_rules":"","_tribe_blocks_recurrence_exclusions":"","_tribe_blocks_recurrence_description":"","footnotes":""},"class_list":["post-26746","page","type-page","status-publish","hentry"],"yoast_head":"<!-- This site is optimized with the Yoast SEO plugin v27.0 - https:\/\/yoast.com\/product\/yoast-seo-wordpress\/ -->\n<title>Kompletn\u00ed paraglidingov\u00fd v\u00fdcvik &#8212; El Speedo<\/title>\n<meta name=\"description\" content=\"El Speedo je nejv\u011bt\u0161\u00ed paraglidingov\u00e1 komunita a \u0161kola v \u010cR. Tandemov\u00e9 seskoky, kurzy, expedice a paragliding v\u00fdbava\" \/>\n<meta name=\"robots\" content=\"index, follow, max-snippet:-1, max-image-preview:large, max-video-preview:-1\" \/>\n<link rel=\"canonical\" href=\"https:\/\/elspeedo.cz\/kompletni-paraglidingovy-vycvik\/\" \/>\n<meta property=\"og:locale\" content=\"en_US\" \/>\n<meta property=\"og:type\" content=\"article\" \/>\n<meta property=\"og:title\" content=\"Kompletn\u00ed paraglidingov\u00fd v\u00fdcvik &#8212; El Speedo\" \/>\n<meta property=\"og:description\" content=\"El Speedo je nejv\u011bt\u0161\u00ed paraglidingov\u00e1 komunita a \u0161kola v \u010cR. Tandemov\u00e9 seskoky, kurzy, expedice a paragliding v\u00fdbava\" \/>\n<meta property=\"og:url\" content=\"https:\/\/elspeedo.cz\/kompletni-paraglidingovy-vycvik\/\" \/>\n<meta property=\"og:site_name\" content=\"El Speedo\" \/>\n<meta property=\"article:publisher\" content=\"http:\/\/www.facebook.com\/paragliding.elspeedo.cz\/?fref=ts\" \/>\n<meta name=\"twitter:card\" content=\"summary_large_image\" \/>\n<meta name=\"twitter:label1\" content=\"Est. reading time\" \/>\n\t<meta name=\"twitter:data1\" content=\"10 minutes\" \/>\n<script type=\"application\/ld+json\" class=\"yoast-schema-graph\">{\"@context\":\"https:\/\/schema.org\",\"@graph\":[{\"@type\":\"WebPage\",\"@id\":\"https:\/\/elspeedo.cz\/kompletni-paraglidingovy-vycvik\/\",\"url\":\"https:\/\/elspeedo.cz\/kompletni-paraglidingovy-vycvik\/\",\"name\":\"Kompletn\u00ed paraglidingov\u00fd v\u00fdcvik &#8212; El Speedo\",\"isPartOf\":{\"@id\":\"https:\/\/elspeedo.cz\/#website\"},\"datePublished\":\"2017-01-25T18:14:17+00:00\",\"description\":\"El Speedo je nejv\u011bt\u0161\u00ed paraglidingov\u00e1 komunita a \u0161kola v \u010cR. Tandemov\u00e9 seskoky, kurzy, expedice a paragliding v\u00fdbava\",\"breadcrumb\":{\"@id\":\"https:\/\/elspeedo.cz\/kompletni-paraglidingovy-vycvik\/#breadcrumb\"},\"inLanguage\":\"en-US\",\"potentialAction\":[{\"@type\":\"ReadAction\",\"target\":[\"https:\/\/elspeedo.cz\/kompletni-paraglidingovy-vycvik\/\"]}]},{\"@type\":\"BreadcrumbList\",\"@id\":\"https:\/\/elspeedo.cz\/kompletni-paraglidingovy-vycvik\/#breadcrumb\",\"itemListElement\":[{\"@type\":\"ListItem\",\"position\":1,\"name\":\"Dom\u016f\",\"item\":\"https:\/\/elspeedo.cz\/en\/\"},{\"@type\":\"ListItem\",\"position\":2,\"name\":\"Kompletn\u00ed paraglidingov\u00fd v\u00fdcvik\"}]},{\"@type\":\"WebSite\",\"@id\":\"https:\/\/elspeedo.cz\/#website\",\"url\":\"https:\/\/elspeedo.cz\/\",\"name\":\"El Speedo\",\"description\":\"Paragliding - kurzy, vybaven\u00ed, v\u00fdlety, komunita\",\"potentialAction\":[{\"@type\":\"SearchAction\",\"target\":{\"@type\":\"EntryPoint\",\"urlTemplate\":\"https:\/\/elspeedo.cz\/?s={search_term_string}\"},\"query-input\":{\"@type\":\"PropertyValueSpecification\",\"valueRequired\":true,\"valueName\":\"search_term_string\"}}],\"inLanguage\":\"en-US\"}]}<\/script>\n<!-- \/ Yoast SEO plugin. -->","yoast_head_json":{"title":"Kompletn\u00ed paraglidingov\u00fd v\u00fdcvik &#8212; El Speedo","description":"El Speedo je nejv\u011bt\u0161\u00ed paraglidingov\u00e1 komunita a \u0161kola v \u010cR. Tandemov\u00e9 seskoky, kurzy, expedice a paragliding v\u00fdbava","robots":{"index":"index","follow":"follow","max-snippet":"max-snippet:-1","max-image-preview":"max-image-preview:large","max-video-preview":"max-video-preview:-1"},"canonical":"https:\/\/elspeedo.cz\/kompletni-paraglidingovy-vycvik\/","og_locale":"en_US","og_type":"article","og_title":"Kompletn\u00ed paraglidingov\u00fd v\u00fdcvik &#8212; El Speedo","og_description":"El Speedo je nejv\u011bt\u0161\u00ed paraglidingov\u00e1 komunita a \u0161kola v \u010cR. Tandemov\u00e9 seskoky, kurzy, expedice a paragliding v\u00fdbava","og_url":"https:\/\/elspeedo.cz\/kompletni-paraglidingovy-vycvik\/","og_site_name":"El Speedo","article_publisher":"http:\/\/www.facebook.com\/paragliding.elspeedo.cz\/?fref=ts","twitter_card":"summary_large_image","twitter_misc":{"Est. reading time":"10 minutes"},"schema":{"@context":"https:\/\/schema.org","@graph":[{"@type":"WebPage","@id":"https:\/\/elspeedo.cz\/kompletni-paraglidingovy-vycvik\/","url":"https:\/\/elspeedo.cz\/kompletni-paraglidingovy-vycvik\/","name":"Kompletn\u00ed paraglidingov\u00fd v\u00fdcvik &#8212; El Speedo","isPartOf":{"@id":"https:\/\/elspeedo.cz\/#website"},"datePublished":"2017-01-25T18:14:17+00:00","description":"El Speedo je nejv\u011bt\u0161\u00ed paraglidingov\u00e1 komunita a \u0161kola v \u010cR. Tandemov\u00e9 seskoky, kurzy, expedice a paragliding v\u00fdbava","breadcrumb":{"@id":"https:\/\/elspeedo.cz\/kompletni-paraglidingovy-vycvik\/#breadcrumb"},"inLanguage":"en-US","potentialAction":[{"@type":"ReadAction","target":["https:\/\/elspeedo.cz\/kompletni-paraglidingovy-vycvik\/"]}]},{"@type":"BreadcrumbList","@id":"https:\/\/elspeedo.cz\/kompletni-paraglidingovy-vycvik\/#breadcrumb","itemListElement":[{"@type":"ListItem","position":1,"name":"Dom\u016f","item":"https:\/\/elspeedo.cz\/en\/"},{"@type":"ListItem","position":2,"name":"Kompletn\u00ed paraglidingov\u00fd v\u00fdcvik"}]},{"@type":"WebSite","@id":"https:\/\/elspeedo.cz\/#website","url":"https:\/\/elspeedo.cz\/","name":"El Speedo","description":"Paragliding - kurzy, vybaven\u00ed, v\u00fdlety, komunita","potentialAction":[{"@type":"SearchAction","target":{"@type":"EntryPoint","urlTemplate":"https:\/\/elspeedo.cz\/?s={search_term_string}"},"query-input":{"@type":"PropertyValueSpecification","valueRequired":true,"valueName":"search_term_string"}}],"inLanguage":"en-US"}]}},"_links":{"self":[{"href":"https:\/\/elspeedo.cz\/en\/wp-json\/wp\/v2\/pages\/26746","targetHints":{"allow":["GET"]}}],"collection":[{"href":"https:\/\/elspeedo.cz\/en\/wp-json\/wp\/v2\/pages"}],"about":[{"href":"https:\/\/elspeedo.cz\/en\/wp-json\/wp\/v2\/types\/page"}],"author":[{"embeddable":true,"href":"https:\/\/elspeedo.cz\/en\/wp-json\/wp\/v2\/users\/2"}],"replies":[{"embeddable":true,"href":"https:\/\/elspeedo.cz\/en\/wp-json\/wp\/v2\/comments?post=26746"}],"version-history":[{"count":0,"href":"https:\/\/elspeedo.cz\/en\/wp-json\/wp\/v2\/pages\/26746\/revisions"}],"wp:attachment":[{"href":"https:\/\/elspeedo.cz\/en\/wp-json\/wp\/v2\/media?parent=26746"}],"curies":[{"name":"wp","href":"https:\/\/api.w.org\/{rel}","templated":true}]}}