{"id":26747,"date":"2016-12-12T12:32:31","date_gmt":"2016-12-12T11:32:31","guid":{"rendered":"https:\/\/elspeedo.cz\/kurzy\/horske-xc-letani\/el-speedo-expedice\/"},"modified":"2017-04-24T10:09:26","modified_gmt":"2017-04-24T09:09:26","slug":"el-speedo-expedition","status":"publish","type":"page","link":"https:\/\/elspeedo.cz\/en\/courses-all-2\/xc-flying-in-the-mountains\/el-speedo-expedition\/","title":{"rendered":"El Speedo EXPEDITION"},"content":{"rendered":"<div class=\"wpb-content-wrapper\">[mk_page_section bg_color=&#8221;#e7e7e7&#8243; video_loop=&#8221;false&#8221; padding_top=&#8221;0&#8243; padding_bottom=&#8221;0&#8243; sidebar=&#8221;sidebar-1&#8243;][vc_column width=&#8221;1\/2&#8243; css=&#8221;.vc_custom_1492955782933{padding-top: 50px !important;}&#8221;][vc_column_text align=&#8221;center&#8221;]\n<h2 style=\"text-align: center;\"><strong>South and Central America, Asia, New Zealand.<\/strong><\/h2>\n<p style=\"text-align: center;\">Travelling and flying are naturally coming together. To walk on beautiful and interesting places and then later on flying above them in thermals is for adventurous people and aesthetic junkies irresistable. That is actually who we are and we love to share these moments with you.<\/p>\n[\/vc_column_text][\/vc_column][vc_column width=&#8221;1\/2&#8243; css=&#8221;.vc_custom_1492955788389{padding-top: 30px !important;}&#8221;][vc_single_image image=&#8221;37808&#8243; img_size=&#8221;full&#8221; alignment=&#8221;center&#8221; style=&#8221;vc_box_rounded&#8221;][\/vc_column][\/mk_page_section][mk_page_section video_loop=&#8221;false&#8221; padding_top=&#8221;60&#8243; padding_bottom=&#8221;60&#8243; sidebar=&#8221;sidebar-1&#8243;][vc_column][vc_column_text]\n<h2 style=\"text-align: center;\"><strong>Terms and reservations<\/strong><\/h2>\n[\/vc_column_text][mk_padding_divider size=&#8221;30&#8243;][vc_row_inner][vc_column_inner][vc_column_text]\n<p style=\"text-align: left;\">\t<p>There are no upcoming events at this time.<\/p>\n\n[\/vc_column_text][\/vc_column_inner][\/vc_row_inner][mk_padding_divider][\/vc_column][\/mk_page_section][mk_page_section bg_color=&#8221;#e7e7e7&#8243; video_loop=&#8221;false&#8221; padding_top=&#8221;0&#8243; padding_bottom=&#8221;0&#8243; sidebar=&#8221;sidebar-1&#8243;][vc_column width=&#8221;2\/3&#8243; css=&#8221;.vc_custom_1493023907347{padding-top: 60px !important;}&#8221;][vc_column_text disable_pattern=&#8221;false&#8221;]This is not a standard product in our range. As you might already understand, this is exclusive event with plenty of unexpected situations. Firstly, we define our goals and therefore we demand a list of skills and of course, ability of team-work. We are ready to show you a lot of new but we need to take care for your safety too.<\/p>\n<p><strong>CONDITIONS FOR JOINING:<\/strong><\/p>\n<ul>\n<li>El Speedo Pilot 2-5<\/li>\n<li>valid pilot licence<\/li>\n<li>valid travelling insurance<\/li>\n<li>extra insurance for a rescue mission<\/li>\n<li>knowledge of working with GPS<\/li>\n<\/ul>\n<p><strong>Physical demands<\/strong><\/p>\n<p>Mid to high.<\/p>\n<p><strong>Recommended experience of pilot<\/strong><\/p>\n<ul>\n<li>very individual, depends to destination<\/li>\n<li>pilots shoud be able to start precisely, land individually on given spot and be able to fly in thermals<\/li>\n<\/ul>\n<p><strong>Goals of our expeditions<\/strong><\/p>\n<p>Every trip has it own goals. From first flight in not-known places, through treks to the highest peaks to XC flights in mountains and flatlands. Exploring local culture and natural beauty is inextricable part of the EXPEDITIONS.<\/p>\n<p>The program EXPEDITION is customised to particular goals and they go second right after your safety.<\/p>\n<p>Duration of El Speedo EXPEDITION: Three weeks, plus minus two days which depends on location<\/p>\n<p><strong>Our destinations:<\/strong><\/p>\n<ul>\n<li>New Zealand<\/li>\n<li>Argentina<\/li>\n<li>Kyrgyzstan<\/li>\n<li>Colombia<\/li>\n<li>Nepal<\/li>\n<li>Chile<\/li>\n<li>Costa Rica<\/li>\n<li>for every year we plan the EXPEDITION to a new destination<\/li>\n<\/ul>\n<p><strong>Who with (depends on destinations and goals):<\/strong><\/p>\n<ul>\n<li>instructors of thermalling<\/li>\n<li>assistants for transportation<\/li>\n<\/ul>\n<p><strong>Price: 14 900 CZK<\/strong><\/p>\n<ul>\n<li>our clients have 10 % &#8211; 50 % discount. More information in our Graduates&#8217; programe<\/li>\n<\/ul>\n<p><strong>Price includes:<\/strong><\/p>\n<ul>\n<li>our help with organisation of common transportation and accommodation<\/li>\n<li>thermal maps of terrains<\/li>\n<li>lending of walkie-talkie<\/li>\n<li>technical support when some repairs of your gear is needed and adjusting your gear<\/li>\n<li>assistance when flying<\/li>\n<li>something for adventurous people \ud83d\ude42 &#8211; as usual you will get information right before the event itself<\/li>\n<li>El Speedo gift bag<\/li>\n<li>pictures from whole trip<\/li>\n<li>and of course BBQ party<\/li>\n<\/ul>\n<p><strong>We can lend you:<\/strong><\/p>\n<ul>\n<li>Hannah tents and sleeping bags<\/li>\n<li>full paragliding gear including helmet (see El Speedo Test Centre)<\/li>\n<\/ul>\n[\/vc_column_text][\/vc_column][vc_column width=&#8221;1\/3&#8243; css=&#8221;.vc_custom_1493023914515{padding-top: 40px !important;}&#8221;][vc_media_grid style=&#8221;load-more&#8221; items_per_page=&#8221;18&#8243; element_width=&#8221;6&#8243; btn_add_icon=&#8221;true&#8221; btn_custom_onclick=&#8221;true&#8221; grid_id=&#8221;vc_gid:1493024744840-11e57ae7-c0ce-0&#8243; include=&#8221;16873,16874,16875,16876,16877,16878,16879,16880,16881,16882,16883,16884,16885,16886,16887,16888,16889,16890,16891,16892,16893,16894,16895,16896,16897,16898,16899,16900,16901,16902,16903,16904,16905,16906,16907,16908,16909,16910,16911,16912,16913,16914,16915,16916,16917,16918,16919,16920,16921,16922,16924,16925,16926,16927,16928,16929,16930,16931,16932,16933,16934,16935,16936,16937,16938,16939,16940,16941,16942,16943,16944,16945,16946,16947,16948,16949,16950,16951,16952,16953,16954,16957,16958,16959,16960,16961,16962,16963,16964,16965&#8243;][\/vc_column][\/mk_page_section][mk_page_section bg_color=&#8221;#272727&#8243; bg_position=&#8221;center center&#8221; video_loop=&#8221;false&#8221; js_vertical_centered=&#8221;true&#8221; padding_top=&#8221;60&#8243; padding_bottom=&#8221;060&#8243; el_class=&#8221;sc-dark&#8221; sidebar=&#8221;sidebar-1&#8243;][vc_column][mk_fancy_title color=&#8221;#ffffff&#8221; size=&#8221;52&#8243; force_font_size=&#8221;true&#8221; size_phone=&#8221;32&#8243; font_family=&#8221;none&#8221; align=&#8221;center&#8221;]\n<p id=\"fancy-title-12\" class=\"mk-fancy-title simple-style color-single\">Graduate\u00a0program<\/p>\n[\/mk_fancy_title][vc_column_text disable_pattern=&#8221;false&#8221; align=&#8221;center&#8221;]Types of lessons are divided into 5 basic performance categories. This division has a major impact on the unification of the pilot participants\u2019 performance and the subsequent progress of your most effective teaching. And the more you can, the less you pay \u2013 it\u2019s fair, is not it?[\/vc_column_text][mk_button dimension=&#8221;outline&#8221; corner_style=&#8221;rounded&#8221; size=&#8221;large&#8221; url=&#8221;https:\/\/elspeedo.cz\/en\/courses-all\/El-Speedo-Pilot-levels\/&#8221; align=&#8221;center&#8221; margin_right=&#8221;0&#8243; el_class=&#8221;basic-button&#8221; outline_skin=&#8221;light&#8221;]More information[\/mk_button][\/vc_column][\/mk_page_section]\n<\/div>","protected":false},"excerpt":{"rendered":"<p>[mk_page_section bg_color=&#8221;#e7e7e7&#8243; video_loop=&#8221;false&#8221; padding_top=&#8221;0&#8243; padding_bottom=&#8221;0&#8243; sidebar=&#8221;sidebar-1&#8243;][vc_column width=&#8221;1\/2&#8243; css=&#8221;.vc_custom_1492955782933{padding-top: 50px !important;}&#8221;][vc_column_text align=&#8221;center&#8221;] South and Central America, Asia, New Zealand. Travelling and flying are naturally coming together. To walk on beautiful and interesting places and then later on flying above them in thermals is for adventurous people and aesthetic junkies irresistable. That is actually who we are [&hellip;]<\/p>\n","protected":false},"author":7,"featured_media":0,"parent":26745,"menu_order":0,"comment_status":"closed","ping_status":"closed","template":"","meta":{"_tribe_blocks_recurrence_rules":"","_tribe_blocks_recurrence_exclusions":"","_tribe_blocks_recurrence_description":"","footnotes":""},"class_list":["post-26747","page","type-page","status-publish","hentry"],"yoast_head":"<!-- This site is optimized with the Yoast SEO plugin v27.0 - https:\/\/yoast.com\/product\/yoast-seo-wordpress\/ -->\n<title>El Speedo EXPEDITION &#8212; El Speedo<\/title>\n<meta name=\"description\" content=\"El Speedo je nejv\u011bt\u0161\u00ed paraglidingov\u00e1 komunita a \u0161kola v \u010cR. Tandemov\u00e9 seskoky, kurzy, expedice a paragliding v\u00fdbava\" \/>\n<meta name=\"robots\" content=\"index, follow, max-snippet:-1, max-image-preview:large, max-video-preview:-1\" \/>\n<link rel=\"canonical\" href=\"https:\/\/elspeedo.cz\/kurzy-paraglidingu\/poznavaci_paragliding\/el-speedo-expedice\/\" \/>\n<meta property=\"og:locale\" content=\"en_US\" \/>\n<meta property=\"og:type\" content=\"article\" \/>\n<meta property=\"og:title\" content=\"El Speedo EXPEDITION &#8212; El Speedo\" \/>\n<meta property=\"og:description\" content=\"El Speedo je nejv\u011bt\u0161\u00ed paraglidingov\u00e1 komunita a \u0161kola v \u010cR. Tandemov\u00e9 seskoky, kurzy, expedice a paragliding v\u00fdbava\" \/>\n<meta property=\"og:url\" content=\"https:\/\/elspeedo.cz\/kurzy-paraglidingu\/poznavaci_paragliding\/el-speedo-expedice\/\" \/>\n<meta property=\"og:site_name\" content=\"El Speedo\" \/>\n<meta property=\"article:publisher\" content=\"http:\/\/www.facebook.com\/paragliding.elspeedo.cz\/?fref=ts\" \/>\n<meta property=\"article:modified_time\" content=\"2017-04-24T09:09:26+00:00\" \/>\n<meta name=\"twitter:card\" content=\"summary_large_image\" \/>\n<meta name=\"twitter:label1\" content=\"Est. reading time\" \/>\n\t<meta name=\"twitter:data1\" content=\"4 minutes\" \/>\n<script type=\"application\/ld+json\" class=\"yoast-schema-graph\">{\"@context\":\"https:\/\/schema.org\",\"@graph\":[{\"@type\":\"WebPage\",\"@id\":\"https:\/\/elspeedo.cz\/kurzy-paraglidingu\/poznavaci_paragliding\/el-speedo-expedice\/\",\"url\":\"https:\/\/elspeedo.cz\/kurzy-paraglidingu\/poznavaci_paragliding\/el-speedo-expedice\/\",\"name\":\"El Speedo EXPEDITION &#8212; El Speedo\",\"isPartOf\":{\"@id\":\"https:\/\/elspeedo.cz\/#website\"},\"datePublished\":\"2016-12-12T11:32:31+00:00\",\"dateModified\":\"2017-04-24T09:09:26+00:00\",\"description\":\"El Speedo je nejv\u011bt\u0161\u00ed paraglidingov\u00e1 komunita a \u0161kola v \u010cR. Tandemov\u00e9 seskoky, kurzy, expedice a paragliding v\u00fdbava\",\"breadcrumb\":{\"@id\":\"https:\/\/elspeedo.cz\/kurzy-paraglidingu\/poznavaci_paragliding\/el-speedo-expedice\/#breadcrumb\"},\"inLanguage\":\"en-US\",\"potentialAction\":[{\"@type\":\"ReadAction\",\"target\":[\"https:\/\/elspeedo.cz\/kurzy-paraglidingu\/poznavaci_paragliding\/el-speedo-expedice\/\"]}]},{\"@type\":\"BreadcrumbList\",\"@id\":\"https:\/\/elspeedo.cz\/kurzy-paraglidingu\/poznavaci_paragliding\/el-speedo-expedice\/#breadcrumb\",\"itemListElement\":[{\"@type\":\"ListItem\",\"position\":1,\"name\":\"Dom\u016f\",\"item\":\"https:\/\/elspeedo.cz\/en\/\"},{\"@type\":\"ListItem\",\"position\":2,\"name\":\"Courses\",\"item\":\"https:\/\/elspeedo.cz\/en\/courses-all-2\/\"},{\"@type\":\"ListItem\",\"position\":3,\"name\":\"XC flying in the mountains\",\"item\":\"https:\/\/elspeedo.cz\/kurzy-paraglidingu\/poznavaci_paragliding\/\"},{\"@type\":\"ListItem\",\"position\":4,\"name\":\"El Speedo EXPEDITION\"}]},{\"@type\":\"WebSite\",\"@id\":\"https:\/\/elspeedo.cz\/#website\",\"url\":\"https:\/\/elspeedo.cz\/\",\"name\":\"El Speedo\",\"description\":\"Paragliding - kurzy, vybaven\u00ed, v\u00fdlety, komunita\",\"potentialAction\":[{\"@type\":\"SearchAction\",\"target\":{\"@type\":\"EntryPoint\",\"urlTemplate\":\"https:\/\/elspeedo.cz\/?s={search_term_string}\"},\"query-input\":{\"@type\":\"PropertyValueSpecification\",\"valueRequired\":true,\"valueName\":\"search_term_string\"}}],\"inLanguage\":\"en-US\"}]}<\/script>\n<!-- \/ Yoast SEO plugin. -->","yoast_head_json":{"title":"El Speedo EXPEDITION &#8212; El Speedo","description":"El Speedo je nejv\u011bt\u0161\u00ed paraglidingov\u00e1 komunita a \u0161kola v \u010cR. Tandemov\u00e9 seskoky, kurzy, expedice a paragliding v\u00fdbava","robots":{"index":"index","follow":"follow","max-snippet":"max-snippet:-1","max-image-preview":"max-image-preview:large","max-video-preview":"max-video-preview:-1"},"canonical":"https:\/\/elspeedo.cz\/kurzy-paraglidingu\/poznavaci_paragliding\/el-speedo-expedice\/","og_locale":"en_US","og_type":"article","og_title":"El Speedo EXPEDITION &#8212; El Speedo","og_description":"El Speedo je nejv\u011bt\u0161\u00ed paraglidingov\u00e1 komunita a \u0161kola v \u010cR. Tandemov\u00e9 seskoky, kurzy, expedice a paragliding v\u00fdbava","og_url":"https:\/\/elspeedo.cz\/kurzy-paraglidingu\/poznavaci_paragliding\/el-speedo-expedice\/","og_site_name":"El Speedo","article_publisher":"http:\/\/www.facebook.com\/paragliding.elspeedo.cz\/?fref=ts","article_modified_time":"2017-04-24T09:09:26+00:00","twitter_card":"summary_large_image","twitter_misc":{"Est. reading time":"4 minutes"},"schema":{"@context":"https:\/\/schema.org","@graph":[{"@type":"WebPage","@id":"https:\/\/elspeedo.cz\/kurzy-paraglidingu\/poznavaci_paragliding\/el-speedo-expedice\/","url":"https:\/\/elspeedo.cz\/kurzy-paraglidingu\/poznavaci_paragliding\/el-speedo-expedice\/","name":"El Speedo EXPEDITION &#8212; El Speedo","isPartOf":{"@id":"https:\/\/elspeedo.cz\/#website"},"datePublished":"2016-12-12T11:32:31+00:00","dateModified":"2017-04-24T09:09:26+00:00","description":"El Speedo je nejv\u011bt\u0161\u00ed paraglidingov\u00e1 komunita a \u0161kola v \u010cR. Tandemov\u00e9 seskoky, kurzy, expedice a paragliding v\u00fdbava","breadcrumb":{"@id":"https:\/\/elspeedo.cz\/kurzy-paraglidingu\/poznavaci_paragliding\/el-speedo-expedice\/#breadcrumb"},"inLanguage":"en-US","potentialAction":[{"@type":"ReadAction","target":["https:\/\/elspeedo.cz\/kurzy-paraglidingu\/poznavaci_paragliding\/el-speedo-expedice\/"]}]},{"@type":"BreadcrumbList","@id":"https:\/\/elspeedo.cz\/kurzy-paraglidingu\/poznavaci_paragliding\/el-speedo-expedice\/#breadcrumb","itemListElement":[{"@type":"ListItem","position":1,"name":"Dom\u016f","item":"https:\/\/elspeedo.cz\/en\/"},{"@type":"ListItem","position":2,"name":"Courses","item":"https:\/\/elspeedo.cz\/en\/courses-all-2\/"},{"@type":"ListItem","position":3,"name":"XC flying in the mountains","item":"https:\/\/elspeedo.cz\/kurzy-paraglidingu\/poznavaci_paragliding\/"},{"@type":"ListItem","position":4,"name":"El Speedo EXPEDITION"}]},{"@type":"WebSite","@id":"https:\/\/elspeedo.cz\/#website","url":"https:\/\/elspeedo.cz\/","name":"El Speedo","description":"Paragliding - kurzy, vybaven\u00ed, v\u00fdlety, komunita","potentialAction":[{"@type":"SearchAction","target":{"@type":"EntryPoint","urlTemplate":"https:\/\/elspeedo.cz\/?s={search_term_string}"},"query-input":{"@type":"PropertyValueSpecification","valueRequired":true,"valueName":"search_term_string"}}],"inLanguage":"en-US"}]}},"_links":{"self":[{"href":"https:\/\/elspeedo.cz\/en\/wp-json\/wp\/v2\/pages\/26747","targetHints":{"allow":["GET"]}}],"collection":[{"href":"https:\/\/elspeedo.cz\/en\/wp-json\/wp\/v2\/pages"}],"about":[{"href":"https:\/\/elspeedo.cz\/en\/wp-json\/wp\/v2\/types\/page"}],"author":[{"embeddable":true,"href":"https:\/\/elspeedo.cz\/en\/wp-json\/wp\/v2\/users\/7"}],"replies":[{"embeddable":true,"href":"https:\/\/elspeedo.cz\/en\/wp-json\/wp\/v2\/comments?post=26747"}],"version-history":[{"count":0,"href":"https:\/\/elspeedo.cz\/en\/wp-json\/wp\/v2\/pages\/26747\/revisions"}],"up":[{"embeddable":true,"href":"https:\/\/elspeedo.cz\/en\/wp-json\/wp\/v2\/pages\/26745"}],"wp:attachment":[{"href":"https:\/\/elspeedo.cz\/en\/wp-json\/wp\/v2\/media?parent=26747"}],"curies":[{"name":"wp","href":"https:\/\/api.w.org\/{rel}","templated":true}]}}