{"id":26749,"date":"2016-12-12T13:00:50","date_gmt":"2016-12-12T12:00:50","guid":{"rendered":"https:\/\/elspeedo.cz\/kurzy\/motorovy-paragliding\/kurz-motoroveho-letani-1-etapa\/"},"modified":"2017-04-23T16:07:15","modified_gmt":"2017-04-23T15:07:15","slug":"the-elementary-course-of-powered-paragliding-first-phase","status":"publish","type":"page","link":"https:\/\/elspeedo.cz\/en\/courses-all-2\/powered-paragliding\/the-elementary-course-of-powered-paragliding-first-phase\/","title":{"rendered":"The Elementary Course of Powered Paragliding \u2013 First Phase"},"content":{"rendered":"<div class=\"wpb-content-wrapper\">[mk_page_section bg_color=&#8221;#f4f4f4&#8243; bg_stretch=&#8221;true&#8221; video_loop=&#8221;false&#8221; padding_top=&#8221;0&#8243; padding_bottom=&#8221;0&#8243; el_class=&#8221;section-gray&#8221; sidebar=&#8221;sidebar-1&#8243;][vc_column width=&#8221;1\/2&#8243;][vc_single_image image=&#8221;15719&#8243; img_size=&#8221;full&#8221; alignment=&#8221;center&#8221; style=&#8221;vc_box_rounded&#8221; css=&#8221;.vc_custom_1492173451273{padding-top: 30px !important;}&#8221;][\/vc_column][vc_column width=&#8221;1\/2&#8243;][mk_button_gradient dimension=&#8221;flat&#8221; size=&#8221;large&#8221; corner_style=&#8221;rounded&#8221; grandient_color_from=&#8221;#6087b9&#8243; grandient_color_to=&#8221;#557bab&#8221; grandient_color_fallback=&#8221;#6087b9&#8243; url=&#8221;https:\/\/elspeedo.cz\/en\/courses-all\/powered-paragliding\/the-elementary-course-of-powered-paragliding-first-phase\/the-elementary-course-of-powered-paragliding-reservation\/&#8221; align=&#8221;center&#8221; margin_top=&#8221;40&#8243; el_class=&#8221;btn-el-gradient-blue&#8221;]Choice and reservation of the term[\/mk_button_gradient][mk_padding_divider size=&#8221;20&#8243;][vc_column_text disable_pattern=&#8221;false&#8221; align=&#8221;center&#8221;]\n<p style=\"text-align: center;\">In the first part of the motor paragliding course, we teach you how to manipulate the parachute, lift it up, start, turn and land, and all that is needed to safely continue with the engine on your back in phase 2.<\/p>\n<p style=\"text-align: center;\">This 1st part of the motorway trip is very important. The more accurately you learn these skills without the engine, the quieter and safer you will have everything with the engine on your back. We are recommended for beginners, as well as for you, who already have free flying experience, and want to go to motor paragliding.<\/p>\n[\/vc_column_text][\/vc_column][\/mk_page_section][vc_row fullwidth=&#8221;true&#8221; fullwidth_content=&#8221;false&#8221; css=&#8221;.vc_custom_1481018840064{padding-bottom: 30px !important;background-color: #e7e7e7 !important;}&#8221;][vc_column width=&#8221;2\/3&#8243;][mk_padding_divider size=&#8221;60&#8243;][vc_column_text disable_pattern=&#8221;false&#8221;]\n<p style=\"text-align: left;\"><strong>Brief information<\/strong><\/p>\n<p style=\"text-align: left;\">Our powered paragliding course is designed for both absolute beginners and holders of pilot licence of level Pilot (former PL-A) or higher. For safe flying is esential to get all necessary information gradually. Therefore this course is split into two halves. The first one is dedicated to safe starts and during the second one, we fly with the engine and perform all the tasks necessary according to compulsory structure of training.<\/p>\n<p style=\"text-align: left;\"><strong>Specification<\/strong><\/p>\n<p style=\"text-align: left;\">The elementary training of powered paragliding \u2013 the first phase (training of starts and low-altitude flights)<\/p>\n<p style=\"text-align: left;\"><strong>Demands for the first phase<\/strong><\/p>\n<ul style=\"text-align: left;\">\n<li>from 18 to 100 years\u2026<\/li>\n<\/ul>\n<p style=\"text-align: left;\"><strong>Demands for the second phase<\/strong><\/p>\n<ul style=\"text-align: left;\">\n<li>valid medical check by authorised doctor (see below),<\/li>\n<li>perfect execution of front start<\/li>\n<li>theoretical knowledge<\/li>\n<\/ul>\n<p style=\"text-align: left;\"><strong>Physical demands<\/strong><\/p>\n<ul style=\"text-align: left;\">\n<li>low to mid<\/li>\n<\/ul>\n<p style=\"text-align: left;\"><strong>Recommended flying hours<\/strong><\/p>\n<p style=\"text-align: left;\">any<\/p>\n<p style=\"text-align: left;\"><strong>Goals of the training<\/strong><\/p>\n<p style=\"text-align: left;\">Perfect execution of various techniques of take off \u2013 that is the goal of the first phase. It is all about your safety and prevention of the damaging the engine or glider. That is why various\u00a0 techniques of starts are emphasized. Another goal is understanding basic principles of aerodynamics and how the canopy works.<\/p>\n<p style=\"text-align: left;\"><strong>Duration<\/strong><\/p>\n<p style=\"text-align: left;\">Two flying days (we always start on Saturday, whole course usually takes 3-4 days with the theoretical tuition).<\/p>\n<p style=\"text-align: left;\"><strong>Practical training<\/strong><\/p>\n<ul style=\"text-align: left;\">\n<li>ground handling,<\/li>\n<li>setting the glider ready for take off,<\/li>\n<li>take off<\/li>\n<li>180\u00b0 turns<\/li>\n<li>landing into limited space<\/li>\n<\/ul>\n<p style=\"text-align: left;\"><strong>Theoretical tuition<\/strong><\/p>\n<ul style=\"text-align: left;\">\n<li>aerodynamics<\/li>\n<li>the basic of aviation<\/li>\n<li>construction of the canopy<\/li>\n<\/ul>\n<p style=\"text-align: left;\"><strong>Destination<\/strong><\/p>\n<ul style=\"text-align: left;\">\n<li>Javorov\u00fd by T\u0159inec, the Beskydy<\/li>\n<li>Pra\u0161iv\u00e1, the Beskydy<\/li>\n<\/ul>\n<p style=\"text-align: left;\"><strong>Who with<\/strong><\/p>\n<ul style=\"text-align: left;\">\n<li>instructor of the elementary course<\/li>\n<li>instructor of powered paragliding<\/li>\n<\/ul>\n<p style=\"text-align: left;\"><strong>Price: 3500 CZK<\/strong><\/p>\n<p style=\"text-align: left;\"><strong>Price with your own gear:<\/strong> 2900 CZK<\/p>\n<ul style=\"text-align: left;\">\n<li>our graduates have 10 % discount<\/li>\n<\/ul>\n<p style=\"text-align: left;\"><strong>Price includes:<\/strong><\/p>\n<ul style=\"text-align: left;\">\n<li>the work of instructors (theoretical and practical)<\/li>\n<li>lending of full paragliding gear and walkie-talkie<\/li>\n<li>Paragliding textbook<\/li>\n<li>lending of other useful books<\/li>\n<li>compulsory insurance<\/li>\n<li>rent of starting and landing sites<\/li>\n<li>transportation among starting sites<\/li>\n<li>issuing of personal documents<\/li>\n<li>technical service and adjusting your gear<\/li>\n<li>taking pictures during the course<\/li>\n<li>the El Speedo gift bag<\/li>\n<\/ul>\n<p style=\"text-align: left;\"><strong>We can also lend you:<\/strong><\/p>\n<ul style=\"text-align: left;\">\n<li>tents and sleeping bags Hannah,<\/li>\n<li>variometres and GPS (see SKYTEST)<\/li>\n<\/ul>\n<p style=\"text-align: left;\"><strong>We can help you with:<\/strong><\/p>\n<ul style=\"text-align: left;\">\n<li>common transportation to course with other clients from your destination<\/li>\n<li>accommodation and food<\/li>\n<\/ul>\n<p style=\"text-align: left;\"><strong>Transportation to the destination of the course<\/strong><\/p>\n<ul>\n<li style=\"text-align: left;\">on your own or with another course participants<\/li>\n<\/ul>\n[\/vc_column_text][\/vc_column][vc_column width=&#8221;1\/3&#8243;][\/vc_column][\/vc_row][mk_page_section bg_color=&#8221;#272727&#8243; bg_position=&#8221;center center&#8221; video_loop=&#8221;false&#8221; js_vertical_centered=&#8221;true&#8221; padding_top=&#8221;60&#8243; padding_bottom=&#8221;060&#8243; el_class=&#8221;sc-dark&#8221; sidebar=&#8221;sidebar-1&#8243;][vc_column][mk_fancy_title color=&#8221;#ffffff&#8221; size=&#8221;52&#8243; force_font_size=&#8221;true&#8221; size_phone=&#8221;32&#8243; font_family=&#8221;none&#8221; align=&#8221;center&#8221;]\n<p id=\"fancy-title-12\" class=\"mk-fancy-title simple-style color-single\">Graduate\u00a0program<\/p>\n[\/mk_fancy_title][vc_column_text disable_pattern=&#8221;false&#8221; align=&#8221;center&#8221;]Types of lessons are divided into 5 basic performance categories. This division has a major impact on the unification of the pilot participants\u2019 performance and the subsequent progress of your most effective teaching. And the more you can, the less you pay \u2013 it\u2019s fair, is not it?[\/vc_column_text][mk_button dimension=&#8221;outline&#8221; corner_style=&#8221;rounded&#8221; size=&#8221;large&#8221; url=&#8221;https:\/\/elspeedo.cz\/en\/courses-all\/El-Speedo-Pilot-levels\/&#8221; align=&#8221;center&#8221; margin_right=&#8221;0&#8243; el_class=&#8221;basic-button&#8221; outline_skin=&#8221;light&#8221;]More information[\/mk_button][\/vc_column][\/mk_page_section]\n<\/div>","protected":false},"excerpt":{"rendered":"<p>[mk_page_section bg_color=&#8221;#f4f4f4&#8243; bg_stretch=&#8221;true&#8221; video_loop=&#8221;false&#8221; padding_top=&#8221;0&#8243; padding_bottom=&#8221;0&#8243; el_class=&#8221;section-gray&#8221; sidebar=&#8221;sidebar-1&#8243;][vc_column width=&#8221;1\/2&#8243;][vc_single_image image=&#8221;15719&#8243; img_size=&#8221;full&#8221; alignment=&#8221;center&#8221; style=&#8221;vc_box_rounded&#8221; css=&#8221;.vc_custom_1492173451273{padding-top: 30px !important;}&#8221;][\/vc_column][vc_column width=&#8221;1\/2&#8243;][mk_button_gradient dimension=&#8221;flat&#8221; size=&#8221;large&#8221; corner_style=&#8221;rounded&#8221; grandient_color_from=&#8221;#6087b9&#8243; grandient_color_to=&#8221;#557bab&#8221; grandient_color_fallback=&#8221;#6087b9&#8243; url=&#8221;https:\/\/elspeedo.cz\/en\/courses-all\/powered-paragliding\/the-elementary-course-of-powered-paragliding-first-phase\/the-elementary-course-of-powered-paragliding-reservation\/&#8221; align=&#8221;center&#8221; margin_top=&#8221;40&#8243; el_class=&#8221;btn-el-gradient-blue&#8221;]Choice and reservation of the term[\/mk_button_gradient][mk_padding_divider size=&#8221;20&#8243;][vc_column_text disable_pattern=&#8221;false&#8221; align=&#8221;center&#8221;] In the first part of the motor paragliding course, we teach you how to manipulate the parachute, lift it up, [&hellip;]<\/p>\n","protected":false},"author":7,"featured_media":0,"parent":26748,"menu_order":0,"comment_status":"closed","ping_status":"closed","template":"","meta":{"_tribe_blocks_recurrence_rules":"","_tribe_blocks_recurrence_exclusions":"","_tribe_blocks_recurrence_description":"","footnotes":""},"class_list":["post-26749","page","type-page","status-publish","hentry"],"yoast_head":"<!-- This site is optimized with the Yoast SEO plugin v27.0 - https:\/\/yoast.com\/product\/yoast-seo-wordpress\/ -->\n<title>The Elementary Course of Powered Paragliding \u2013 First Phase &#8212; El Speedo<\/title>\n<meta name=\"description\" content=\"El Speedo je nejv\u011bt\u0161\u00ed paraglidingov\u00e1 komunita a \u0161kola v \u010cR. Tandemov\u00e9 seskoky, kurzy, expedice a paragliding v\u00fdbava\" \/>\n<meta name=\"robots\" content=\"index, follow, max-snippet:-1, max-image-preview:large, max-video-preview:-1\" \/>\n<link rel=\"canonical\" href=\"https:\/\/elspeedo.cz\/kurzy-paraglidingu\/motorovy-paragliding\/kurz-motoroveho-paraglidingu-1-etapa\/\" \/>\n<meta property=\"og:locale\" content=\"en_US\" \/>\n<meta property=\"og:type\" content=\"article\" \/>\n<meta property=\"og:title\" content=\"The Elementary Course of Powered Paragliding \u2013 First Phase &#8212; El Speedo\" \/>\n<meta property=\"og:description\" content=\"El Speedo je nejv\u011bt\u0161\u00ed paraglidingov\u00e1 komunita a \u0161kola v \u010cR. Tandemov\u00e9 seskoky, kurzy, expedice a paragliding v\u00fdbava\" \/>\n<meta property=\"og:url\" content=\"https:\/\/elspeedo.cz\/kurzy-paraglidingu\/motorovy-paragliding\/kurz-motoroveho-paraglidingu-1-etapa\/\" \/>\n<meta property=\"og:site_name\" content=\"El Speedo\" \/>\n<meta property=\"article:publisher\" content=\"http:\/\/www.facebook.com\/paragliding.elspeedo.cz\/?fref=ts\" \/>\n<meta property=\"article:modified_time\" content=\"2017-04-23T15:07:15+00:00\" \/>\n<meta name=\"twitter:card\" content=\"summary_large_image\" \/>\n<meta name=\"twitter:label1\" content=\"Est. reading time\" \/>\n\t<meta name=\"twitter:data1\" content=\"4 minutes\" \/>\n<script type=\"application\/ld+json\" class=\"yoast-schema-graph\">{\"@context\":\"https:\/\/schema.org\",\"@graph\":[{\"@type\":\"WebPage\",\"@id\":\"https:\/\/elspeedo.cz\/kurzy-paraglidingu\/motorovy-paragliding\/kurz-motoroveho-paraglidingu-1-etapa\/\",\"url\":\"https:\/\/elspeedo.cz\/kurzy-paraglidingu\/motorovy-paragliding\/kurz-motoroveho-paraglidingu-1-etapa\/\",\"name\":\"The Elementary Course of Powered Paragliding \u2013 First Phase &#8212; El Speedo\",\"isPartOf\":{\"@id\":\"https:\/\/elspeedo.cz\/#website\"},\"datePublished\":\"2016-12-12T12:00:50+00:00\",\"dateModified\":\"2017-04-23T15:07:15+00:00\",\"description\":\"El Speedo je nejv\u011bt\u0161\u00ed paraglidingov\u00e1 komunita a \u0161kola v \u010cR. Tandemov\u00e9 seskoky, kurzy, expedice a paragliding v\u00fdbava\",\"breadcrumb\":{\"@id\":\"https:\/\/elspeedo.cz\/kurzy-paraglidingu\/motorovy-paragliding\/kurz-motoroveho-paraglidingu-1-etapa\/#breadcrumb\"},\"inLanguage\":\"en-US\",\"potentialAction\":[{\"@type\":\"ReadAction\",\"target\":[\"https:\/\/elspeedo.cz\/kurzy-paraglidingu\/motorovy-paragliding\/kurz-motoroveho-paraglidingu-1-etapa\/\"]}]},{\"@type\":\"BreadcrumbList\",\"@id\":\"https:\/\/elspeedo.cz\/kurzy-paraglidingu\/motorovy-paragliding\/kurz-motoroveho-paraglidingu-1-etapa\/#breadcrumb\",\"itemListElement\":[{\"@type\":\"ListItem\",\"position\":1,\"name\":\"Dom\u016f\",\"item\":\"https:\/\/elspeedo.cz\/en\/\"},{\"@type\":\"ListItem\",\"position\":2,\"name\":\"Courses\",\"item\":\"https:\/\/elspeedo.cz\/en\/courses-all-2\/\"},{\"@type\":\"ListItem\",\"position\":3,\"name\":\"Powered Paragliding\",\"item\":\"https:\/\/elspeedo.cz\/kurzy-paraglidingu\/motorovy-paragliding\/\"},{\"@type\":\"ListItem\",\"position\":4,\"name\":\"The Elementary Course of Powered Paragliding \u2013 First Phase\"}]},{\"@type\":\"WebSite\",\"@id\":\"https:\/\/elspeedo.cz\/#website\",\"url\":\"https:\/\/elspeedo.cz\/\",\"name\":\"El Speedo\",\"description\":\"Paragliding - kurzy, vybaven\u00ed, v\u00fdlety, komunita\",\"potentialAction\":[{\"@type\":\"SearchAction\",\"target\":{\"@type\":\"EntryPoint\",\"urlTemplate\":\"https:\/\/elspeedo.cz\/?s={search_term_string}\"},\"query-input\":{\"@type\":\"PropertyValueSpecification\",\"valueRequired\":true,\"valueName\":\"search_term_string\"}}],\"inLanguage\":\"en-US\"}]}<\/script>\n<!-- \/ Yoast SEO plugin. -->","yoast_head_json":{"title":"The Elementary Course of Powered Paragliding \u2013 First Phase &#8212; El Speedo","description":"El Speedo je nejv\u011bt\u0161\u00ed paraglidingov\u00e1 komunita a \u0161kola v \u010cR. Tandemov\u00e9 seskoky, kurzy, expedice a paragliding v\u00fdbava","robots":{"index":"index","follow":"follow","max-snippet":"max-snippet:-1","max-image-preview":"max-image-preview:large","max-video-preview":"max-video-preview:-1"},"canonical":"https:\/\/elspeedo.cz\/kurzy-paraglidingu\/motorovy-paragliding\/kurz-motoroveho-paraglidingu-1-etapa\/","og_locale":"en_US","og_type":"article","og_title":"The Elementary Course of Powered Paragliding \u2013 First Phase &#8212; El Speedo","og_description":"El Speedo je nejv\u011bt\u0161\u00ed paraglidingov\u00e1 komunita a \u0161kola v \u010cR. Tandemov\u00e9 seskoky, kurzy, expedice a paragliding v\u00fdbava","og_url":"https:\/\/elspeedo.cz\/kurzy-paraglidingu\/motorovy-paragliding\/kurz-motoroveho-paraglidingu-1-etapa\/","og_site_name":"El Speedo","article_publisher":"http:\/\/www.facebook.com\/paragliding.elspeedo.cz\/?fref=ts","article_modified_time":"2017-04-23T15:07:15+00:00","twitter_card":"summary_large_image","twitter_misc":{"Est. reading time":"4 minutes"},"schema":{"@context":"https:\/\/schema.org","@graph":[{"@type":"WebPage","@id":"https:\/\/elspeedo.cz\/kurzy-paraglidingu\/motorovy-paragliding\/kurz-motoroveho-paraglidingu-1-etapa\/","url":"https:\/\/elspeedo.cz\/kurzy-paraglidingu\/motorovy-paragliding\/kurz-motoroveho-paraglidingu-1-etapa\/","name":"The Elementary Course of Powered Paragliding \u2013 First Phase &#8212; El Speedo","isPartOf":{"@id":"https:\/\/elspeedo.cz\/#website"},"datePublished":"2016-12-12T12:00:50+00:00","dateModified":"2017-04-23T15:07:15+00:00","description":"El Speedo je nejv\u011bt\u0161\u00ed paraglidingov\u00e1 komunita a \u0161kola v \u010cR. Tandemov\u00e9 seskoky, kurzy, expedice a paragliding v\u00fdbava","breadcrumb":{"@id":"https:\/\/elspeedo.cz\/kurzy-paraglidingu\/motorovy-paragliding\/kurz-motoroveho-paraglidingu-1-etapa\/#breadcrumb"},"inLanguage":"en-US","potentialAction":[{"@type":"ReadAction","target":["https:\/\/elspeedo.cz\/kurzy-paraglidingu\/motorovy-paragliding\/kurz-motoroveho-paraglidingu-1-etapa\/"]}]},{"@type":"BreadcrumbList","@id":"https:\/\/elspeedo.cz\/kurzy-paraglidingu\/motorovy-paragliding\/kurz-motoroveho-paraglidingu-1-etapa\/#breadcrumb","itemListElement":[{"@type":"ListItem","position":1,"name":"Dom\u016f","item":"https:\/\/elspeedo.cz\/en\/"},{"@type":"ListItem","position":2,"name":"Courses","item":"https:\/\/elspeedo.cz\/en\/courses-all-2\/"},{"@type":"ListItem","position":3,"name":"Powered Paragliding","item":"https:\/\/elspeedo.cz\/kurzy-paraglidingu\/motorovy-paragliding\/"},{"@type":"ListItem","position":4,"name":"The Elementary Course of Powered Paragliding \u2013 First Phase"}]},{"@type":"WebSite","@id":"https:\/\/elspeedo.cz\/#website","url":"https:\/\/elspeedo.cz\/","name":"El Speedo","description":"Paragliding - kurzy, vybaven\u00ed, v\u00fdlety, komunita","potentialAction":[{"@type":"SearchAction","target":{"@type":"EntryPoint","urlTemplate":"https:\/\/elspeedo.cz\/?s={search_term_string}"},"query-input":{"@type":"PropertyValueSpecification","valueRequired":true,"valueName":"search_term_string"}}],"inLanguage":"en-US"}]}},"_links":{"self":[{"href":"https:\/\/elspeedo.cz\/en\/wp-json\/wp\/v2\/pages\/26749","targetHints":{"allow":["GET"]}}],"collection":[{"href":"https:\/\/elspeedo.cz\/en\/wp-json\/wp\/v2\/pages"}],"about":[{"href":"https:\/\/elspeedo.cz\/en\/wp-json\/wp\/v2\/types\/page"}],"author":[{"embeddable":true,"href":"https:\/\/elspeedo.cz\/en\/wp-json\/wp\/v2\/users\/7"}],"replies":[{"embeddable":true,"href":"https:\/\/elspeedo.cz\/en\/wp-json\/wp\/v2\/comments?post=26749"}],"version-history":[{"count":0,"href":"https:\/\/elspeedo.cz\/en\/wp-json\/wp\/v2\/pages\/26749\/revisions"}],"up":[{"embeddable":true,"href":"https:\/\/elspeedo.cz\/en\/wp-json\/wp\/v2\/pages\/26748"}],"wp:attachment":[{"href":"https:\/\/elspeedo.cz\/en\/wp-json\/wp\/v2\/media?parent=26749"}],"curies":[{"name":"wp","href":"https:\/\/api.w.org\/{rel}","templated":true}]}}