{"id":26758,"date":"2016-12-02T13:28:26","date_gmt":"2016-12-02T12:28:26","guid":{"rendered":"https:\/\/elspeedo.cz\/kurzy\/zakladni-paraglidingovy-vycvik\/"},"modified":"2024-08-28T09:41:02","modified_gmt":"2024-08-28T08:41:02","slug":"elementary-paragliding-course-2","status":"publish","type":"page","link":"https:\/\/elspeedo.cz\/en\/courses-all-2\/elementary-paragliding-course-2\/","title":{"rendered":"Elementary Paragliding Course"},"content":{"rendered":"<div class=\"wpb-content-wrapper\">[mk_page_section bg_color=&#8221;#f4f4f4&#8243; video_loop=&#8221;false&#8221; padding_top=&#8221;0&#8243; padding_bottom=&#8221;0&#8243; sidebar=&#8221;sidebar-1&#8243;][vc_column css=&#8221;.vc_custom_1492960604973{padding-top: 30px !important;}&#8221;][vc_single_image image=&#8221;37622&#8243; img_size=&#8221;full&#8221; alignment=&#8221;center&#8221; style=&#8221;vc_box_rounded&#8221;][mk_button_gradient dimension=&#8221;flat&#8221; size=&#8221;large&#8221; corner_style=&#8221;rounded&#8221; grandient_color_from=&#8221;#6087b9&#8243; grandient_color_to=&#8221;#557bab&#8221; grandient_color_fallback=&#8221;#6087b9&#8243; url=&#8221;https:\/\/elspeedo.cz\/en\/courses-all-2\/elementary-paragliding-course\/elementary-paragliding-course-reservation-2021\/&#8221; align=&#8221;center&#8221; el_class=&#8221;btn-el-gradient-blue&#8221;]Choose and book a term[\/mk_button_gradient][mk_padding_divider size=&#8221;30&#8243;][\/vc_column][\/mk_page_section][mk_page_section bg_stretch=&#8221;true&#8221; video_loop=&#8221;false&#8221; padding_top=&#8221;60&#8243; padding_bottom=&#8221;60&#8243; el_class=&#8221;section-gray&#8221; sidebar=&#8221;sidebar-1&#8243;][vc_column][vc_column_text disable_pattern=&#8221;false&#8221; align=&#8221;center&#8221;]<strong>WHERE<\/strong>: Beskydy, Czech Republic. Beskydsk\u00e1 \u0161kola l\u00e9t\u00e1n\u00ed<br \/>\n<strong>WHEN<\/strong>: We start on Saturday and finish on Friday<br \/>\n<strong>WHAT<\/strong>: Full training for obtaining the pilot licence including examination of your skills by a flight inspector<br \/>\n<strong>PRICE<\/strong>: 12 990 CZK<br \/>\nDuring the elementary paragliding course you will experience unforgettable days within enthusiastic group of people. Join us, it is worth it.[\/vc_column_text][mk_padding_divider][vc_column_text align=&#8221;center&#8221;]\n<h1 style=\"text-align: center\">Complete training in Beskydy Flying School<br \/>\n(The best value for your money)<\/h1>\n[\/vc_column_text][mk_padding_divider][vc_row_inner][vc_column_inner width=&#8221;1\/3&#8243;][mk_custom_list title=&#8221;Included in the CZK 12990 price&#8221; style=&#8221;e26c&#8221;]\n<ul>\n<li>The work of instructors (practical and theoretical tuition)<\/li>\n<li>Lending of a complete paragliding gear<\/li>\n<li>Lending of a walkie-talkie<\/li>\n<li>Lending of variometer for better training of thermalling<\/li>\n<li>Lending of a text books<\/li>\n<li>Mandatory third-party insurance<\/li>\n<li>Flying on our private starting and landing sites<\/li>\n<li>Transportation around training spots where possible<\/li>\n<li>Final examination by a flight inspector<\/li>\n<li>Free WI-FI zone<\/li>\n<li>Pictures from the whole course<\/li>\n<\/ul>\n[\/mk_custom_list][\/vc_column_inner][vc_column_inner width=&#8221;1\/3&#8243;][mk_custom_list title=&#8221;You will also get&#8221; style=&#8221;e26c&#8221;]\n<ul>\n<li>Online theoretical prepration before the course<\/li>\n<li>One-year subscription on <a href=\"http:\/\/www.eparagliding.cz\/\">www.eparagliding.cz<\/a> website (990 CZK)<\/li>\n<li>The El Speedo CLUB PILOT licence for free assistance by El Speedo instructor<\/li>\n<li>A gift bag<\/li>\n<\/ul>\n[\/mk_custom_list][\/vc_column_inner][vc_column_inner width=&#8221;1\/3&#8243;][mk_custom_list title=&#8221;You can also order&#8221; style=&#8221;e26c&#8221;]\n<ul>\n<li>Accommodation in Flight Park Javorov\u00fd (550 CZK per night)<\/li>\n<li>50 % discount for a tandem flight for your relatives and friends during the course<\/li>\n<li>Intermediate glider of EN-B category (500 CZK)<\/li>\n<li>\n<div>Obligatory medical check (200 CZK, we do this together during first phase of the course)<\/div>\n<\/li>\n<li>Breakfast and dinner<\/li>\n<\/ul>\n[\/mk_custom_list][\/vc_column_inner][\/vc_row_inner][\/vc_column][\/mk_page_section][vc_row][vc_column][vc_separator el_width=&#8221;80&#8243; el_class=&#8221;basic-separator&#8221;][\/vc_column][\/vc_row][mk_page_section bg_color=&#8221;#ffffff&#8221; video_loop=&#8221;false&#8221; padding_top=&#8221;40&#8243; padding_bottom=&#8221;30&#8243; sidebar=&#8221;sidebar-1&#8243;][vc_column][vc_column_text align=&#8221;center&#8221;]\n<h1><strong>THIS IS THE WAY WE ENJOYED OUR COURSES IN BESKYDY DURING 2016<\/strong>&#8230;<\/h1>\n[\/vc_column_text][mk_padding_divider][vc_media_grid style=&#8221;load-more&#8221; items_per_page=&#8221;18&#8243; element_width=&#8221;2&#8243; btn_style=&#8221;custom&#8221; btn_custom_text=&#8221;#666666&#8243; btn_add_icon=&#8221;true&#8221; btn_custom_onclick=&#8221;true&#8221; grid_id=&#8221;vc_gid:1724834282967-9737fcaf-1ada-2&#8243; include=&#8221;16695,16696,16697,16698,16699,16700,16701,16702,16703,16704,16705,16706,16707,16708,16709,16710,16711,16712,16713,16714,16715,16716,16717,16718,16719,16720,16721,16722,16723,16724,16725,16726,16727,16728,16729,16730,16731,16732,16733,16734,16735,16736,16737,16738,16739,16740,16741,16742,16743,16744,16745,16746,16747,16748,16749,16750,16751,16752,16753,16754,16755,16756,16757,16758,16759,16760,16761,16762,16763,16764,16765,16766,16767,16768,16769,16770,16771,16772&#8243;][\/vc_column][\/mk_page_section][vc_row][vc_column][vc_separator el_width=&#8221;80&#8243; el_class=&#8221;basic-separator&#8221;][\/vc_column][\/vc_row][mk_page_section video_loop=&#8221;false&#8221; padding_top=&#8221;20&#8243; padding_bottom=&#8221;30&#8243; sidebar=&#8221;sidebar-1&#8243;][vc_column][vc_column_text disable_pattern=&#8221;false&#8221; align=&#8221;center&#8221;]\n<h2><strong>WHAT DOES OUR ELEMENTARY COURSE FOR\u00a0<\/strong><strong>CZK <\/strong><strong>11 990 INCLUDE?<\/strong><\/h2>\n[\/vc_column_text][mk_padding_divider][vc_row_inner][vc_column_inner width=&#8221;1\/6&#8243;][\/vc_column_inner][vc_column_inner width=&#8221;2\/3&#8243;][vc_column_text disable_pattern=&#8221;false&#8221; align=&#8221;center&#8221;]Take advantage of the best step by step way of training which we are using for our clients in our training centres. We use your time effectively both in and outside the course \u2013 and that is what you want, right? \ud83d\ude42<\/p>\n<p>The price of El Speedo elementary course includes:[\/vc_column_text][\/vc_column_inner][vc_column_inner width=&#8221;1\/6&#8243;][\/vc_column_inner][\/vc_row_inner][mk_padding_divider][mk_steps step=&#8221;5&#8243; icon_1=&#8221;mk-li-notebook&#8221; title_1=&#8221;Online preparation before the course&#8221; desc_1=&#8221;Right after paying of the deposit, you will get access to your one-year account STUDENT on e-learning part of our website where you can find section with online preparation before the course.&#8221; icon_2=&#8221;mk-li-book&#8221; title_2=&#8221;Text book PARAGLIDING&#8221; desc_2=&#8221;It is up to you if you want to get the book in advance to your home adress or you want to get it on the first day of the course. You will make this decision while making an application.&#8221; icon_3=&#8221;mk-moon-rocket&#8221; title_3=&#8221;Training of basics&#8221; desc_3=&#8221;Intensive training with our instructors is fun. Every day we get ready before the flight tasks, we fly and lead you to individual, independent flying.&#8221; icon_4=&#8221;mk-moon-mobile&#8221; title_4=&#8221;PILOT EDUCATION SYSTEM&#8221; desc_4=&#8221;The training exercises, possible failures and fine execution of a task is recorded in real time into our smart-phone application. This data is uploaded to your personal account so you have it any time you need it.&#8221; icon_5=&#8221;mk-icon-angellist&#8221; title_5=&#8221;Flying with the overseeing of an instructor&#8221; desc_5=&#8221;We are on our starting sites every flyable day. We will tune your radio to our frequency and therefore our instructors will take care for you during your start and landing.&#8221;][\/vc_column][\/mk_page_section][mk_page_section video_loop=&#8221;false&#8221; padding_top=&#8221;40&#8243; padding_bottom=&#8221;40&#8243; sidebar=&#8221;sidebar-1&#8243;][vc_column][vc_column_text align=&#8221;center&#8221;]\n<p style=\"text-align: center\">Are you looking for a shorter course, rather a tasting? Then you will definitely be interested in:<\/p>\n<h1 style=\"text-align: center\">Beskydy Flying School Introductory\u00a0course<\/h1>\n<p style=\"text-align: center\">2 + 2 days of practical and theoretical training (2 training days, 2 additional days in case of bad weather)<\/p>\n[\/vc_column_text][mk_padding_divider][vc_row_inner][vc_column_inner width=&#8221;1\/3&#8243;][mk_custom_list title=&#8221;The CZK 6900 price includes&#8221; style=&#8221;e26c&#8221;]\n<ul>\n<li>Work of instructors (theoretical and practical lessons)<\/li>\n<li>Rental of complete paragliding equipment<\/li>\n<li>Rental of radio stations<\/li>\n<li>Lending of books<\/li>\n<li>Mandatory third-party insurance<\/li>\n<li>Training at our private take offs and fields<\/li>\n<li>As far as possible, transport to the training site and transfer between the\u00a0different locations<\/li>\n<li>Free WI-FI zone<\/li>\n<li>Action photos of the course<\/li>\n<\/ul>\n[\/mk_custom_list][\/vc_column_inner][vc_column_inner width=&#8221;1\/3&#8243;][mk_custom_list title=&#8221;In addition to the price you get&#8221; style=&#8221;e26c&#8221;]\n<ul>\n<li>The book PARAGLIDING worth CZK 200<\/li>\n<li>On-line theoretical preparation before the course<\/li>\n<li>Year subscription to the Student account at the training site www.eparagliding.cz worth CZK 990<\/li>\n<li>gift package<\/li>\n<\/ul>\n[\/mk_custom_list][\/vc_column_inner][vc_column_inner width=&#8221;1\/3&#8243;][mk_custom_list title=&#8221;You can also order&#8221; style=&#8221;e26c&#8221;]\n<ul>\n<li>Accommodation in Flight Park Javorov\u00fd\u00a0(300 CZK per night)<\/li>\n<li>50 % discount for a tandem flight for your relatives and friends during the course<\/li>\n<li>Breakfast and dinner<\/li>\n<\/ul>\n[\/mk_custom_list][\/vc_column_inner][\/vc_row_inner][\/vc_column][\/mk_page_section][vc_row][vc_column][vc_separator el_width=&#8221;80&#8243; el_class=&#8221;basic-separator&#8221;][\/vc_column][\/vc_row][mk_page_section video_loop=&#8221;false&#8221; padding_top=&#8221;40&#8243; padding_bottom=&#8221;40&#8243; sidebar=&#8221;sidebar-1&#8243;][vc_column][mk_padding_divider size=&#8221;30&#8243;][vc_column_text align=&#8221;center&#8221;]\n<p style=\"text-align: center\">Beskydy Mountains too far and looking for training in the vicinity of Prague? Then this is for you:<\/p>\n<h1 style=\"text-align: center\">ALTO Paragliding School\u00a0Elementary courses<\/h1>\n<p style=\"text-align: center\">4 days of intrudoctory training in Prague and 5 days\u00a0in the Beskydy Mountains or abroad at higher terrains<\/p>\n[\/vc_column_text][mk_padding_divider size=&#8221;30&#8243;][mk_button_gradient dimension=&#8221;flat&#8221; size=&#8221;large&#8221; corner_style=&#8221;rounded&#8221; grandient_color_from=&#8221;#6087b9&#8243; grandient_color_to=&#8221;#557bab&#8221; grandient_color_fallback=&#8221;#6087b9&#8243; url=&#8221;http:\/\/www.paragliding-praha.cz&#8221; target=&#8221;_blank&#8221; align=&#8221;center&#8221; el_class=&#8221;btn-el-gradient-blue&#8221;]Learn more about our courses near Prague[\/mk_button_gradient][\/vc_column][\/mk_page_section][mk_page_section bg_image=&#8221;https:\/\/elspeedo.cz\/wp-content\/uploads\/2016\/11\/paragliding_vyuka_4.jpg&#8221; bg_color=&#8221;#ffffff&#8221; bg_position=&#8221;center center&#8221; bg_stretch=&#8221;true&#8221; video_loop=&#8221;false&#8221; video_color_mask=&#8221;#ffffff&#8221; video_opacity=&#8221;0.5&#8243; min_height=&#8221;350&#8243; full_width=&#8221;true&#8221; js_vertical_centered=&#8221;true&#8221; padding_top=&#8221;100&#8243; padding_bottom=&#8221;100&#8243; sidebar=&#8221;sidebar-1&#8243;][vc_column][vc_column_text align=&#8221;center&#8221;]\n<h2>It&#8217;s never too late to start flying&#8230;<\/h2>\n[\/vc_column_text][mk_padding_divider size=&#8221;20&#8243;][vc_row_inner el_class=&#8221;text-center&#8221;][vc_column_inner width=&#8221;1\/3&#8243;][\/vc_column_inner][vc_column_inner width=&#8221;1\/3&#8243;][mk_button_gradient dimension=&#8221;flat&#8221; size=&#8221;large&#8221; corner_style=&#8221;rounded&#8221; grandient_color_from=&#8221;#6087b9&#8243; grandient_color_to=&#8221;#557bab&#8221; grandient_color_fallback=&#8221;#6087b9&#8243; url=&#8221;https:\/\/elspeedo.cz\/en\/courses-all\/elementary-paragliding-course\/elementary-paragliding-course-reservation\/&#8221; align=&#8221;none&#8221;]Choose and book your date[\/mk_button_gradient][\/vc_column_inner][vc_column_inner width=&#8221;1\/3&#8243;][\/vc_column_inner][\/vc_row_inner][\/vc_column][\/mk_page_section]\n<\/div>","protected":false},"excerpt":{"rendered":"<p>[mk_page_section bg_color=&#8221;#f4f4f4&#8243; video_loop=&#8221;false&#8221; padding_top=&#8221;0&#8243; padding_bottom=&#8221;0&#8243; sidebar=&#8221;sidebar-1&#8243;][vc_column css=&#8221;.vc_custom_1492960604973{padding-top: 30px !important;}&#8221;][vc_single_image image=&#8221;37622&#8243; img_size=&#8221;full&#8221; alignment=&#8221;center&#8221; style=&#8221;vc_box_rounded&#8221;][mk_button_gradient dimension=&#8221;flat&#8221; size=&#8221;large&#8221; corner_style=&#8221;rounded&#8221; grandient_color_from=&#8221;#6087b9&#8243; grandient_color_to=&#8221;#557bab&#8221; grandient_color_fallback=&#8221;#6087b9&#8243; url=&#8221;https:\/\/elspeedo.cz\/en\/courses-all-2\/elementary-paragliding-course\/elementary-paragliding-course-reservation-2021\/&#8221; align=&#8221;center&#8221; el_class=&#8221;btn-el-gradient-blue&#8221;]Choose and book a term[\/mk_button_gradient][mk_padding_divider size=&#8221;30&#8243;][\/vc_column][\/mk_page_section][mk_page_section bg_stretch=&#8221;true&#8221; video_loop=&#8221;false&#8221; padding_top=&#8221;60&#8243; padding_bottom=&#8221;60&#8243; el_class=&#8221;section-gray&#8221; sidebar=&#8221;sidebar-1&#8243;][vc_column][vc_column_text disable_pattern=&#8221;false&#8221; align=&#8221;center&#8221;]WHERE: Beskydy, Czech Republic. Beskydsk\u00e1 \u0161kola l\u00e9t\u00e1n\u00ed WHEN: We start on Saturday and finish on Friday WHAT: Full training for obtaining [&hellip;]<\/p>\n","protected":false},"author":4,"featured_media":0,"parent":15504,"menu_order":0,"comment_status":"closed","ping_status":"closed","template":"","meta":{"_tribe_blocks_recurrence_rules":"","_tribe_blocks_recurrence_exclusions":"","_tribe_blocks_recurrence_description":"","footnotes":""},"class_list":["post-26758","page","type-page","status-publish","hentry"],"yoast_head":"<!-- This site is optimized with the Yoast SEO plugin v27.0 - https:\/\/yoast.com\/product\/yoast-seo-wordpress\/ -->\n<title>Elementary Paragliding Course &#8212; El Speedo<\/title>\n<meta name=\"description\" content=\"Paragliding course include full training for obtaining the pilot licence including examination of your skills by an inspektor. Duration 7 + 2 days\" \/>\n<meta name=\"robots\" content=\"index, follow, max-snippet:-1, max-image-preview:large, max-video-preview:-1\" \/>\n<link rel=\"canonical\" href=\"https:\/\/elspeedo.cz\/en\/courses-all-2\/elementary-paragliding-course-2\/\" \/>\n<meta property=\"og:locale\" content=\"en_US\" \/>\n<meta property=\"og:type\" content=\"article\" \/>\n<meta property=\"og:title\" content=\"Elementary Paragliding Course &#8212; El Speedo\" \/>\n<meta property=\"og:description\" content=\"Paragliding course include full training for obtaining the pilot licence including examination of your skills by an inspektor. Duration 7 + 2 days\" \/>\n<meta property=\"og:url\" content=\"https:\/\/elspeedo.cz\/en\/courses-all-2\/elementary-paragliding-course-2\/\" \/>\n<meta property=\"og:site_name\" content=\"El Speedo\" \/>\n<meta property=\"article:publisher\" content=\"http:\/\/www.facebook.com\/paragliding.elspeedo.cz\/?fref=ts\" \/>\n<meta property=\"article:modified_time\" content=\"2024-08-28T08:41:02+00:00\" \/>\n<meta name=\"twitter:card\" content=\"summary_large_image\" \/>\n<meta name=\"twitter:label1\" content=\"Est. reading time\" \/>\n\t<meta name=\"twitter:data1\" content=\"7 minutes\" \/>\n<script type=\"application\/ld+json\" class=\"yoast-schema-graph\">{\"@context\":\"https:\/\/schema.org\",\"@graph\":[{\"@type\":\"WebPage\",\"@id\":\"https:\/\/elspeedo.cz\/en\/courses-all-2\/elementary-paragliding-course-2\/\",\"url\":\"https:\/\/elspeedo.cz\/en\/courses-all-2\/elementary-paragliding-course-2\/\",\"name\":\"Elementary Paragliding Course &#8212; El Speedo\",\"isPartOf\":{\"@id\":\"https:\/\/elspeedo.cz\/#website\"},\"datePublished\":\"2016-12-02T12:28:26+00:00\",\"dateModified\":\"2024-08-28T08:41:02+00:00\",\"description\":\"Paragliding course include full training for obtaining the pilot licence including examination of your skills by an inspektor. Duration 7 + 2 days\",\"breadcrumb\":{\"@id\":\"https:\/\/elspeedo.cz\/en\/courses-all-2\/elementary-paragliding-course-2\/#breadcrumb\"},\"inLanguage\":\"en-US\",\"potentialAction\":[{\"@type\":\"ReadAction\",\"target\":[\"https:\/\/elspeedo.cz\/en\/courses-all-2\/elementary-paragliding-course-2\/\"]}]},{\"@type\":\"BreadcrumbList\",\"@id\":\"https:\/\/elspeedo.cz\/en\/courses-all-2\/elementary-paragliding-course-2\/#breadcrumb\",\"itemListElement\":[{\"@type\":\"ListItem\",\"position\":1,\"name\":\"Dom\u016f\",\"item\":\"https:\/\/elspeedo.cz\/en\/\"},{\"@type\":\"ListItem\",\"position\":2,\"name\":\"Courses\",\"item\":\"https:\/\/elspeedo.cz\/en\/courses-all-2\/\"},{\"@type\":\"ListItem\",\"position\":3,\"name\":\"Elementary Paragliding Course\"}]},{\"@type\":\"WebSite\",\"@id\":\"https:\/\/elspeedo.cz\/#website\",\"url\":\"https:\/\/elspeedo.cz\/\",\"name\":\"El Speedo\",\"description\":\"Paragliding - kurzy, vybaven\u00ed, v\u00fdlety, komunita\",\"potentialAction\":[{\"@type\":\"SearchAction\",\"target\":{\"@type\":\"EntryPoint\",\"urlTemplate\":\"https:\/\/elspeedo.cz\/?s={search_term_string}\"},\"query-input\":{\"@type\":\"PropertyValueSpecification\",\"valueRequired\":true,\"valueName\":\"search_term_string\"}}],\"inLanguage\":\"en-US\"}]}<\/script>\n<!-- \/ Yoast SEO plugin. -->","yoast_head_json":{"title":"Elementary Paragliding Course &#8212; El Speedo","description":"Paragliding course include full training for obtaining the pilot licence including examination of your skills by an inspektor. Duration 7 + 2 days","robots":{"index":"index","follow":"follow","max-snippet":"max-snippet:-1","max-image-preview":"max-image-preview:large","max-video-preview":"max-video-preview:-1"},"canonical":"https:\/\/elspeedo.cz\/en\/courses-all-2\/elementary-paragliding-course-2\/","og_locale":"en_US","og_type":"article","og_title":"Elementary Paragliding Course &#8212; El Speedo","og_description":"Paragliding course include full training for obtaining the pilot licence including examination of your skills by an inspektor. Duration 7 + 2 days","og_url":"https:\/\/elspeedo.cz\/en\/courses-all-2\/elementary-paragliding-course-2\/","og_site_name":"El Speedo","article_publisher":"http:\/\/www.facebook.com\/paragliding.elspeedo.cz\/?fref=ts","article_modified_time":"2024-08-28T08:41:02+00:00","twitter_card":"summary_large_image","twitter_misc":{"Est. reading time":"7 minutes"},"schema":{"@context":"https:\/\/schema.org","@graph":[{"@type":"WebPage","@id":"https:\/\/elspeedo.cz\/en\/courses-all-2\/elementary-paragliding-course-2\/","url":"https:\/\/elspeedo.cz\/en\/courses-all-2\/elementary-paragliding-course-2\/","name":"Elementary Paragliding Course &#8212; El Speedo","isPartOf":{"@id":"https:\/\/elspeedo.cz\/#website"},"datePublished":"2016-12-02T12:28:26+00:00","dateModified":"2024-08-28T08:41:02+00:00","description":"Paragliding course include full training for obtaining the pilot licence including examination of your skills by an inspektor. Duration 7 + 2 days","breadcrumb":{"@id":"https:\/\/elspeedo.cz\/en\/courses-all-2\/elementary-paragliding-course-2\/#breadcrumb"},"inLanguage":"en-US","potentialAction":[{"@type":"ReadAction","target":["https:\/\/elspeedo.cz\/en\/courses-all-2\/elementary-paragliding-course-2\/"]}]},{"@type":"BreadcrumbList","@id":"https:\/\/elspeedo.cz\/en\/courses-all-2\/elementary-paragliding-course-2\/#breadcrumb","itemListElement":[{"@type":"ListItem","position":1,"name":"Dom\u016f","item":"https:\/\/elspeedo.cz\/en\/"},{"@type":"ListItem","position":2,"name":"Courses","item":"https:\/\/elspeedo.cz\/en\/courses-all-2\/"},{"@type":"ListItem","position":3,"name":"Elementary Paragliding Course"}]},{"@type":"WebSite","@id":"https:\/\/elspeedo.cz\/#website","url":"https:\/\/elspeedo.cz\/","name":"El Speedo","description":"Paragliding - kurzy, vybaven\u00ed, v\u00fdlety, komunita","potentialAction":[{"@type":"SearchAction","target":{"@type":"EntryPoint","urlTemplate":"https:\/\/elspeedo.cz\/?s={search_term_string}"},"query-input":{"@type":"PropertyValueSpecification","valueRequired":true,"valueName":"search_term_string"}}],"inLanguage":"en-US"}]}},"_links":{"self":[{"href":"https:\/\/elspeedo.cz\/en\/wp-json\/wp\/v2\/pages\/26758","targetHints":{"allow":["GET"]}}],"collection":[{"href":"https:\/\/elspeedo.cz\/en\/wp-json\/wp\/v2\/pages"}],"about":[{"href":"https:\/\/elspeedo.cz\/en\/wp-json\/wp\/v2\/types\/page"}],"author":[{"embeddable":true,"href":"https:\/\/elspeedo.cz\/en\/wp-json\/wp\/v2\/users\/4"}],"replies":[{"embeddable":true,"href":"https:\/\/elspeedo.cz\/en\/wp-json\/wp\/v2\/comments?post=26758"}],"version-history":[{"count":11,"href":"https:\/\/elspeedo.cz\/en\/wp-json\/wp\/v2\/pages\/26758\/revisions"}],"predecessor-version":[{"id":240042,"href":"https:\/\/elspeedo.cz\/en\/wp-json\/wp\/v2\/pages\/26758\/revisions\/240042"}],"up":[{"embeddable":true,"href":"https:\/\/elspeedo.cz\/en\/wp-json\/wp\/v2\/pages\/15504"}],"wp:attachment":[{"href":"https:\/\/elspeedo.cz\/en\/wp-json\/wp\/v2\/media?parent=26758"}],"curies":[{"name":"wp","href":"https:\/\/api.w.org\/{rel}","templated":true}]}}