{"id":26886,"date":"2017-01-03T12:31:26","date_gmt":"2017-01-27T19:51:47","guid":{"rendered":"https:\/\/elspeedo.cz\/vybaveni\/el-speedo-fine-tuned-offer\/"},"modified":"2022-02-09T12:36:42","modified_gmt":"2022-02-09T11:36:42","slug":"el-speedo-fine-tuned-offer","status":"publish","type":"page","link":"https:\/\/elspeedo.cz\/en\/equipment-2\/el-speedo-fine-tuned-offer\/","title":{"rendered":"El Speedo fine tuned offer"},"content":{"rendered":"<div class=\"wpb-content-wrapper\">[mk_page_section padding_top=&#8221;60&#8243; padding_bottom=&#8221;80&#8243; sidebar=&#8221;sidebar-1&#8243;][vc_column width=&#8221;1\/3&#8243;][vc_single_image image=&#8221;23774&#8243; img_size=&#8221;full&#8221; alignment=&#8221;center&#8221; style=&#8221;vc_box_rounded&#8221; onclick=&#8221;custom_link&#8221; link=&#8221;https:\/\/elspeedo.cz\/en\/equipment-2\/el-speedo-fine-tuned-offer\/#pilot&#8221;][vc_column_text align=&#8221;center&#8221;]\n<h3>PILOT<\/h3>\n[\/vc_column_text][vc_column_text align=&#8221;center&#8221;]Excellent quality for beginners and intermediate pilots[\/vc_column_text][mk_button_gradient dimension=&#8221;flat&#8221; size=&#8221;large&#8221; corner_style=&#8221;rounded&#8221; grandient_color_from=&#8221;#6087b9&#8243; grandient_color_to=&#8221;#557bab&#8221; grandient_color_fallback=&#8221;#6087b9&#8243; url=&#8221;https:\/\/elspeedo.cz\/en\/equipment-2\/el-speedo-fine-tuned-offer\/#pilot&#8221; align=&#8221;center&#8221; el_class=&#8221;btn-el-gradient-blue&#8221;]Show offer[\/mk_button_gradient][\/vc_column][vc_column width=&#8221;1\/3&#8243;][vc_single_image image=&#8221;23772&#8243; img_size=&#8221;full&#8221; alignment=&#8221;center&#8221; style=&#8221;vc_box_rounded&#8221; onclick=&#8221;custom_link&#8221; link=&#8221;https:\/\/elspeedo.cz\/en\/equipment-2\/el-speedo-fine-tuned-offer\/#sport&#8221;][vc_column_text align=&#8221;center&#8221;]\n<h3>SPORT<\/h3>\n[\/vc_column_text][vc_column_text align=&#8221;center&#8221;]Performance and safety for active pilots[\/vc_column_text][mk_button_gradient dimension=&#8221;flat&#8221; size=&#8221;large&#8221; corner_style=&#8221;rounded&#8221; grandient_color_from=&#8221;#6087b9&#8243; grandient_color_to=&#8221;#557bab&#8221; grandient_color_fallback=&#8221;#6087b9&#8243; url=&#8221;https:\/\/elspeedo.cz\/en\/equipment-2\/el-speedo-fine-tuned-offer\/#sport&#8221; align=&#8221;center&#8221; el_class=&#8221;btn-el-gradient-blue&#8221;]Show offer[\/mk_button_gradient][\/vc_column][vc_column width=&#8221;1\/3&#8243;][vc_single_image image=&#8221;23761&#8243; img_size=&#8221;full&#8221; alignment=&#8221;center&#8221; style=&#8221;vc_box_rounded&#8221; onclick=&#8221;custom_link&#8221; link=&#8221;https:\/\/elspeedo.cz\/en\/equipment-2\/el-speedo-fine-tuned-offer\/#expert&#8221;][vc_column_text align=&#8221;center&#8221;]\n<h3>EXPERT<\/h3>\n[\/vc_column_text][vc_column_text align=&#8221;center&#8221;]Tool for performance pilots[\/vc_column_text][mk_button_gradient dimension=&#8221;flat&#8221; size=&#8221;large&#8221; corner_style=&#8221;rounded&#8221; grandient_color_from=&#8221;#6087b9&#8243; grandient_color_to=&#8221;#557bab&#8221; grandient_color_fallback=&#8221;#6087b9&#8243; url=&#8221;https:\/\/elspeedo.cz\/en\/equipment-2\/el-speedo-fine-tuned-offer\/#expert&#8221; align=&#8221;center&#8221; el_class=&#8221;btn-el-gradient-blue&#8221;]Show offer[\/mk_button_gradient][\/vc_column][\/mk_page_section][mk_page_section bg_color=&#8221;#272727&#8243; bg_position=&#8221;center center&#8221; video_loop=&#8221;false&#8221; js_vertical_centered=&#8221;true&#8221; padding_top=&#8221;80&#8243; padding_bottom=&#8221;80&#8243; el_class=&#8221;sc-dark&#8221; sidebar=&#8221;sidebar-1&#8243;][vc_column][vc_column_text align=&#8221;center&#8221;]\n<h1>An offer which catches your eye!<\/h1>\n[\/vc_column_text][mk_padding_divider size=&#8221;20&#8243;][vc_column_text align=&#8221;center&#8221;]\n<div class=\"clr\" style=\"text-align: center\">\n<p>We designed this paragliding set which contains a harness including a NETBAG, carabiners, glider with a quick pack RB ULTRINO, reserve and KEYLONG XC back pack. This equipment is fine-tuned not only regarding the manner and suitability for usage, but also concerning your safety. On your request we will put the whole set together, adjust it exactly for your needs and your new equipment will be ready for flying.<\/p>\n<p>&nbsp;<\/p>\n<\/div>\n<div class=\"clr\" style=\"text-align: center\">\n<p>If you come to pick up your new equipment in person, we will also show you different ways for adjusting and how to fit it into the back pack conveniently.<\/p>\n<\/div>\n[\/vc_column_text][mk_padding_divider size=&#8221;60&#8243;][vc_single_image image=&#8221;23776&#8243; img_size=&#8221;full&#8221; alignment=&#8221;center&#8221; style=&#8221;vc_box_rounded&#8221;][\/vc_column][\/mk_page_section][mk_page_section video_loop=&#8221;false&#8221; padding_top=&#8221;100&#8243; padding_bottom=&#8221;100&#8243; sidebar=&#8221;sidebar-1&#8243;][vc_column][vc_row_inner el_id=&#8221;pilot&#8221;][vc_column_inner][vc_column_text]\n<h2>Fine-tuned El Speedo offer &#8211; PILOT<\/h2>\n[\/vc_column_text][\/vc_column_inner][\/vc_row_inner][mk_table]\n<table align=\"center\">\n<tbody>\n<tr>\n<td><strong>Sizes<\/strong><\/td>\n<td><strong>XS\u00a0(60-80 kg)<\/strong><\/td>\n<td><strong>S\u00a0(70-90 kg)<\/strong><\/td>\n<td><strong>M\u00a0(80-100 kg)<\/strong><\/td>\n<td><strong>L\u00a0(90-115 kg)<\/strong><\/td>\n<td><strong>XL\u00a0(105-130 kg)<\/strong><\/td>\n<\/tr>\n<tr>\n<td><a href=\"https:\/\/elspeedo.cz\/en\/equipment-2\/harnesses\/wanaka-comfort-and-manoeuvrability-in-any-thermal\/\">WANAKA<\/a><\/td>\n<td>\u00a0S (2,69 kg)<br \/>\n830 \u20ac<\/td>\n<td>\u00a0S (2,69 kg)<br \/>\n830 \u20ac<\/td>\n<td>M (2,89 kg)<br \/>\n830 \u20ac<\/td>\n<td>L (3,09 kg)<br \/>\n830 \u20ac<\/td>\n<td>\u00a0XL (3,29 kg)<br \/>\n830 \u20ac<\/td>\n<\/tr>\n<tr>\n<td><a href=\"https:\/\/elspeedo.cz\/en\/equipment-2\/paragliders-2\/freddie-2-up-to-date-technology-for-all\/\">FREDDIE 2\u00a0(EN B)<\/a><\/td>\n<td>XS (5,3 kg)<br \/>\n2 390 \u20ac<\/td>\n<td>S (5,5 kg)<br \/>\n2 440 \u20ac<\/td>\n<td>M(5,8 kg)<br \/>\n2 490 \u20ac<\/td>\n<td>L (6,0 kg)<br \/>\n2 540 \u20ac<\/td>\n<td>XL (6,3 kg)<br \/>\n2 590 \u20ac<\/td>\n<\/tr>\n<tr>\n<td><a href=\"https:\/\/elspeedo.cz\/en\/equipment-2\/rescue-parachutes\/rescue-parachutes-rs-solid\/\">El Speedo RS Solid<\/a><\/td>\n<td>\u00a080 (1,5 kg)<br \/>\n380 \u20ac<\/td>\n<td>110 (1,5 kg)<br \/>\n430 \u20ac<\/td>\n<td>110 (1,5 kg)<br \/>\n430 \u20ac<\/td>\n<td>140 (1,78 kg)<br \/>\n490 \u20ac<\/td>\n<td>140 (1,78 kg)<br \/>\n490 \u20ac<\/td>\n<\/tr>\n<tr>\n<td><a href=\"https:\/\/elspeedo.cz\/en\/equipment-2\/rucksacks-and-packs-2\/el-speedo-backpack-keylong\/\">KEYLONG XC<\/a><\/td>\n<td>M (1,25 kg)<\/td>\n<td>M (1,25 kg)<\/td>\n<td>M (1,25 kg)<\/td>\n<td>L (1,40 kg)<\/td>\n<td>L (1,40 kg)<\/td>\n<\/tr>\n<tr>\n<td>Set weight<br \/>\nTotal price<\/td>\n<td>10,74 kg<br \/>\n3 610 \u20ac<\/td>\n<td>11,31 kg<br \/>\n3 710 \u20ac<\/td>\n<td>11,81 kg<br \/>\n3 760 \u20ac<\/td>\n<td>12,59 kg<br \/>\n3 870 \u20ac<\/td>\n<td>13,09 kg<br \/>\n3 920 \u20ac<\/td>\n<\/tr>\n<tr>\n<td><strong>Special price of the set<br \/>\nYou will save money<br \/>\n<\/strong><\/td>\n<td><strong>3 249 \u20ac<br \/>\n361 \u20ac<br \/>\n<\/strong><\/td>\n<td><strong>3 339 \u20ac<br \/>\n371 \u20ac<br \/>\n<\/strong><\/td>\n<td><strong>3 384 \u20ac<br \/>\n376 \u20ac<br \/>\n<\/strong><\/td>\n<td><strong>3 483 \u20ac<br \/>\n387 \u20ac<br \/>\n<\/strong><\/td>\n<td><strong>3 528 \u20ac<br \/>\n392 \u20ac<br \/>\n<\/strong><\/td>\n<\/tr>\n<\/tbody>\n<\/table>\n[\/mk_table][vc_column_text]\n<p style=\"text-align: center\">If you want to take advantage of this special offer, get in touch with our office by phone: +420 777 311 661 or by e-mail: <a href=\"mailto:info@elspeedo.cz\">info@elspeedo.cz<\/a><\/p>\n[\/vc_column_text][\/vc_column][\/mk_page_section][mk_page_section bg_color=&#8221;#f4f4f4&#8243; bg_stretch=&#8221;true&#8221; video_loop=&#8221;false&#8221; padding_top=&#8221;100&#8243; padding_bottom=&#8221;100&#8243; el_class=&#8221;section-gray&#8221; sidebar=&#8221;sidebar-1&#8243;][vc_column][vc_separator el_width=&#8221;80&#8243; el_class=&#8221;basic-separator&#8221;][\/vc_column][\/mk_page_section][mk_page_section video_loop=&#8221;false&#8221; padding_top=&#8221;100&#8243; padding_bottom=&#8221;100&#8243; sidebar=&#8221;sidebar-1&#8243;][vc_column][vc_row_inner el_id=&#8221;sport&#8221;][vc_column_inner][vc_column_text]\n<h2>Fine-tuned El Speedo offer &#8211; SPORT<\/h2>\n[\/vc_column_text][\/vc_column_inner][\/vc_row_inner][mk_table]\n<table align=\"center\">\n<tbody>\n<tr>\n<td><strong>Sizes<\/strong><\/td>\n<td><strong>XS (60-80 kg)<\/strong><\/td>\n<td><strong>S (70-90 kg)<\/strong><\/td>\n<td><strong>M (80-100 kg)<\/strong><\/td>\n<td><strong>L (90-115 kg)<\/strong><\/td>\n<td><strong>XL (105-130 kg)<\/strong><\/td>\n<\/tr>\n<tr>\n<td><a href=\"https:\/\/elspeedo.cz\/en\/equipment-2\/harnesses\/chogori-light-and-comfortable-in-one\/\">CHOGORI XC<\/a><\/td>\n<td>\u00a0S (2,75 kg)<br \/>\n910 \u20ac<\/td>\n<td>\u00a0S (2,75 kg)<br \/>\n910 \u20ac<\/td>\n<td>M (2,95 kg)<br \/>\n910 \u20ac<\/td>\n<td>L (3,15 kg)<br \/>\n910 \u20ac<\/td>\n<td>\u00a0XL (3,35 kg)<br \/>\n910 \u20ac<\/td>\n<\/tr>\n<tr>\n<td><a href=\"https:\/\/elspeedo.cz\/en\/equipment-2\/paragliders-2\/jimmy3\/\">JIMMY 3 (EN B)<\/a><\/td>\n<td>XS (5,1 kg)<br \/>\n2 560 \u20ac<\/td>\n<td>S (5,5 kg)<br \/>\n2 610 \u20ac<\/td>\n<td>M (5,9 kg)<br \/>\n2 660 \u20ac<\/td>\n<td>L (6,2 kg)<br \/>\n2 710 \u20ac<\/td>\n<td>XL (6,5 kg)<br \/>\n2 760 \u20ac<\/td>\n<\/tr>\n<tr>\n<td><a href=\"https:\/\/elspeedo.cz\/en\/equipment-2\/rescue-parachutes\/rescue-parachutes-rs-solid\/\">El Speedo RS Solid<\/a><\/td>\n<td>\u00a080 (1,5 kg)<br \/>\n380 \u20ac<\/td>\n<td>110 (1,87 kg)<br \/>\n430 \u20ac<\/td>\n<td>110 (1,87 kg)<br \/>\n430 \u20ac<\/td>\n<td>140 (2,10 kg)<br \/>\n490 \u20ac<\/td>\n<td>140 (2,10 kg)<br \/>\n490 \u20ac<\/td>\n<\/tr>\n<tr>\n<td><a href=\"https:\/\/elspeedo.cz\/en\/equipment-2\/rucksacks-and-packs-2\/el-speedo-backpack-keylong\/\">KEYLONG XC<\/a><\/td>\n<td>M (1,25 kg)<\/td>\n<td>M (1,25 kg)<\/td>\n<td>M (1,25 kg)<\/td>\n<td>L (1,40 kg)<\/td>\n<td>L (1,40 kg)<\/td>\n<\/tr>\n<tr>\n<td>Set weight<br \/>\nTotal price<\/td>\n<td>10,60 kg<br \/>\n3 860 \u20ac<\/td>\n<td>11,37 kg<br \/>\n3 960 \u20ac<\/td>\n<td>11,97 kg<br \/>\n4 010 \u20ac<\/td>\n<td>12,85 kg<br \/>\n4 120 \u20ac<\/td>\n<td>\u00a013,35 kg<br \/>\n4 170 \u20ac<\/td>\n<\/tr>\n<tr>\n<td><strong>Special price of the set<br \/>\nYou will save money<\/strong><\/td>\n<td><strong>3 474 \u20ac<br \/>\n386 \u20ac<br \/>\n<\/strong><\/td>\n<td><strong>3 564 \u20ac<br \/>\n396 \u20ac<br \/>\n<\/strong><\/td>\n<td><strong>3 609 \u20ac<br \/>\n401 \u20ac<br \/>\n<\/strong><\/td>\n<td><strong>3 708 \u20ac<br \/>\n412 \u20ac<br \/>\n<\/strong><\/td>\n<td><strong>3 753 \u20ac<br \/>\n417 \u20ac<br \/>\n<\/strong><\/td>\n<\/tr>\n<\/tbody>\n<\/table>\n[\/mk_table][vc_column_text]\n<p style=\"text-align: center\">If you want to take advantage of this special offer, get in touch with our office by phone: +420 777 311 661 or by e-mail: <a href=\"mailto:info@elspeedo.cz\">info@elspeedo.cz<\/a><\/p>\n[\/vc_column_text][\/vc_column][\/mk_page_section][mk_page_section bg_position=&#8221;center center&#8221; video_loop=&#8221;false&#8221; js_vertical_centered=&#8221;true&#8221; padding_top=&#8221;80&#8243; padding_bottom=&#8221;60&#8243; el_class=&#8221;sc-dark&#8221; sidebar=&#8221;sidebar-1&#8243;][vc_column][vc_separator el_width=&#8221;80&#8243; el_class=&#8221;basic-separator&#8221;][\/vc_column][\/mk_page_section][mk_page_section video_loop=&#8221;false&#8221; padding_top=&#8221;100&#8243; padding_bottom=&#8221;100&#8243; sidebar=&#8221;sidebar-1&#8243;][vc_column][vc_row_inner el_id=&#8221;expert&#8221;][vc_column_inner][vc_column_text]\n<h2>Fine-tuned El Speedo offer &#8211; EXPERT<\/h2>\n[\/vc_column_text][\/vc_column_inner][\/vc_row_inner][mk_table]\n<table align=\"center\">\n<tbody>\n<tr>\n<td><strong>Sizes<\/strong><\/td>\n<td><strong>XS (60-80 kg)<\/strong><\/td>\n<td><strong>S (70-90 kg)<\/strong><\/td>\n<td><strong>M (80-100 kg)<\/strong><\/td>\n<td><strong>L (90-115 kg)<\/strong><\/td>\n<td><strong>XL (105-130 kg)<\/strong><\/td>\n<\/tr>\n<tr>\n<td><a href=\"https:\/\/elspeedo.cz\/en\/equipment-2\/harnesses\/chogori-light-and-comfortable-in-one\/\">CHOGORI XC<\/a><\/td>\n<td>\u00a0S (2,75 kg)<br \/>\n910 \u20ac<\/td>\n<td>\u00a0S (2,75\u00a0kg)<br \/>\n910 \u20ac<\/td>\n<td>M (2,95\u00a0kg)<br \/>\n910 \u20ac<\/td>\n<td>L (3,15 kg)<br \/>\n910 \u20ac<\/td>\n<td>\u00a0XL (3,35\u00a0kg)<br \/>\n910 \u20ac<\/td>\n<\/tr>\n<tr>\n<td><a href=\"https:\/\/elspeedo.cz\/en\/equipment-2\/paragliders-2\/ozzy3\/\">OZZY 3 (EN C)<\/a><\/td>\n<td>XS (5,3 kg)<br \/>\n3 110 \u20ac<\/td>\n<td>S (5,6 kg)<br \/>\n3 160 \u20ac<\/td>\n<td>M (5,9 kg)<br \/>\n3 210 \u20ac<\/td>\n<td>ML (6,1 kg)<br \/>\n3 260 \u20ac<\/td>\n<td>L (6,2 kg)<br \/>\n3 310 \u20ac<\/td>\n<\/tr>\n<tr>\n<td><a href=\"https:\/\/elspeedo.cz\/en\/equipment-2\/rescue-parachutes\/rescue-parachutes-rs-solid\/\">El Speedo RS Solid<\/a><\/td>\n<td>\u00a080 (1,5 kg)<br \/>\n380 \u20ac<\/td>\n<td>110 (1,87 kg)<br \/>\n430 \u20ac<\/td>\n<td>110 (1,87 kg)<br \/>\n430 \u20ac<\/td>\n<td>140 (2,10 kg)<br \/>\n490 \u20ac<\/td>\n<td>140 (2,10 kg)<br \/>\n490 \u20ac<\/td>\n<\/tr>\n<tr>\n<td><a href=\"https:\/\/elspeedo.cz\/en\/equipment-2\/rucksacks-and-packs-2\/el-speedo-backpack-keylong\/\">KEYLONG XC<\/a><\/td>\n<td>M (1,25 kg)<\/td>\n<td>M (1,25 kg)<\/td>\n<td>M (1,25 kg)<\/td>\n<td>L (1,40 kg)<\/td>\n<td>L (1,40 kg)<\/td>\n<\/tr>\n<tr>\n<td>Set weight<br \/>\nTotal price<\/td>\n<td>10,80 kg<br \/>\n4 410 \u20ac<\/td>\n<td>11,47 kg<br \/>\n4 510 \u20ac<\/td>\n<td>11,97 kg<br \/>\n4 560 \u20ac<\/td>\n<td>12,75 kg<br \/>\n4 670 \u20ac<\/td>\n<td>\u00a013,05 kg<br \/>\n4 720 \u20ac<\/td>\n<\/tr>\n<tr>\n<td><strong>Special price of the set<br \/>\nYou will save money<\/strong><\/td>\n<td><strong>3 969 \u20ac<br \/>\n441 \u20ac<br \/>\n<\/strong><\/td>\n<td><strong>4 059 \u20ac<br \/>\n451 \u20ac<br \/>\n<\/strong><\/td>\n<td><strong>4 104 \u20ac<br \/>\n456 \u20ac<br \/>\n<\/strong><\/td>\n<td><strong>4 203 \u20ac<br \/>\n467 \u20ac<br \/>\n<\/strong><\/td>\n<td><strong>4 248 \u20ac<br \/>\n472 \u20ac<br \/>\n<\/strong><\/td>\n<\/tr>\n<\/tbody>\n<\/table>\n[\/mk_table][vc_column_text]\n<p style=\"text-align: center\">If you want to take advantage of this special offer, get in touch with our office by phone: +420 777 311 661 or by e-mail: <a href=\"mailto:info@elspeedo.cz\">info@elspeedo.cz<\/a><\/p>\n[\/vc_column_text][\/vc_column][\/mk_page_section][mk_page_section bg_color=&#8221;#272727&#8243; bg_position=&#8221;center center&#8221; video_loop=&#8221;false&#8221; js_vertical_centered=&#8221;true&#8221; padding_top=&#8221;80&#8243; padding_bottom=&#8221;80&#8243; el_class=&#8221;sc-dark&#8221; sidebar=&#8221;sidebar-1&#8243;][vc_column][vc_column_text disable_pattern=&#8221;false&#8221; align=&#8221;center&#8221;]\n<div class=\"clr\" style=\"text-align: center\"><span style=\"font-size: 36pt\"><span style=\"font-size: 14pt\">If you buy the whole set, <\/span><\/span><\/div>\n<div class=\"clr\" style=\"text-align: center\"><span style=\"font-size: 36pt\">you can choose your color combination for free.<\/span><\/div>\n[\/vc_column_text][mk_padding_divider size=&#8221;20&#8243;][vc_column_text disable_pattern=&#8221;false&#8221; align=&#8221;center&#8221;]We will provide you with an<\/p>\n<h2>additional discount of 10%.<\/h2>\n<p>For more information contact our El Speedo office at +420 777 311 661.[\/vc_column_text][\/vc_column][\/mk_page_section]\n<\/div>","protected":false},"excerpt":{"rendered":"<p>[mk_page_section padding_top=&#8221;60&#8243; padding_bottom=&#8221;80&#8243; sidebar=&#8221;sidebar-1&#8243;][vc_column width=&#8221;1\/3&#8243;][vc_single_image image=&#8221;23774&#8243; img_size=&#8221;full&#8221; alignment=&#8221;center&#8221; style=&#8221;vc_box_rounded&#8221; onclick=&#8221;custom_link&#8221; link=&#8221;https:\/\/elspeedo.cz\/en\/equipment-2\/el-speedo-fine-tuned-offer\/#pilot&#8221;][vc_column_text align=&#8221;center&#8221;] PILOT [\/vc_column_text][vc_column_text align=&#8221;center&#8221;]Excellent quality for beginners and intermediate pilots[\/vc_column_text][mk_button_gradient dimension=&#8221;flat&#8221; size=&#8221;large&#8221; corner_style=&#8221;rounded&#8221; grandient_color_from=&#8221;#6087b9&#8243; grandient_color_to=&#8221;#557bab&#8221; grandient_color_fallback=&#8221;#6087b9&#8243; url=&#8221;https:\/\/elspeedo.cz\/en\/equipment-2\/el-speedo-fine-tuned-offer\/#pilot&#8221; align=&#8221;center&#8221; el_class=&#8221;btn-el-gradient-blue&#8221;]Show offer[\/mk_button_gradient][\/vc_column][vc_column width=&#8221;1\/3&#8243;][vc_single_image image=&#8221;23772&#8243; img_size=&#8221;full&#8221; alignment=&#8221;center&#8221; style=&#8221;vc_box_rounded&#8221; onclick=&#8221;custom_link&#8221; link=&#8221;https:\/\/elspeedo.cz\/en\/equipment-2\/el-speedo-fine-tuned-offer\/#sport&#8221;][vc_column_text align=&#8221;center&#8221;] SPORT [\/vc_column_text][vc_column_text align=&#8221;center&#8221;]Performance and safety for active pilots[\/vc_column_text][mk_button_gradient dimension=&#8221;flat&#8221; size=&#8221;large&#8221; corner_style=&#8221;rounded&#8221; grandient_color_from=&#8221;#6087b9&#8243; grandient_color_to=&#8221;#557bab&#8221; grandient_color_fallback=&#8221;#6087b9&#8243; url=&#8221;https:\/\/elspeedo.cz\/en\/equipment-2\/el-speedo-fine-tuned-offer\/#sport&#8221; align=&#8221;center&#8221; [&hellip;]<\/p>\n","protected":false},"author":7,"featured_media":0,"parent":15510,"menu_order":0,"comment_status":"closed","ping_status":"closed","template":"","meta":{"_tribe_blocks_recurrence_rules":"","_tribe_blocks_recurrence_exclusions":"","_tribe_blocks_recurrence_description":"","footnotes":""},"class_list":["post-26886","page","type-page","status-publish","hentry"],"yoast_head":"<!-- This site is optimized with the Yoast SEO plugin v27.0 - https:\/\/yoast.com\/product\/yoast-seo-wordpress\/ -->\n<title>El Speedo fine tuned offer &#8212; El Speedo<\/title>\n<meta name=\"description\" content=\"El Speedo je nejv\u011bt\u0161\u00ed paraglidingov\u00e1 komunita a \u0161kola v \u010cR. Tandemov\u00e9 seskoky, kurzy, expedice a paragliding v\u00fdbava\" \/>\n<meta name=\"robots\" content=\"index, follow, max-snippet:-1, max-image-preview:large, max-video-preview:-1\" \/>\n<link rel=\"canonical\" href=\"https:\/\/elspeedo.cz\/vybaveni\/el-speedo-odladena-nabidka\/\" \/>\n<meta property=\"og:locale\" content=\"en_US\" \/>\n<meta property=\"og:type\" content=\"article\" \/>\n<meta property=\"og:title\" content=\"El Speedo fine tuned offer &#8212; El Speedo\" \/>\n<meta property=\"og:description\" content=\"El Speedo je nejv\u011bt\u0161\u00ed paraglidingov\u00e1 komunita a \u0161kola v \u010cR. Tandemov\u00e9 seskoky, kurzy, expedice a paragliding v\u00fdbava\" \/>\n<meta property=\"og:url\" content=\"https:\/\/elspeedo.cz\/vybaveni\/el-speedo-odladena-nabidka\/\" \/>\n<meta property=\"og:site_name\" content=\"El Speedo\" \/>\n<meta property=\"article:publisher\" content=\"http:\/\/www.facebook.com\/paragliding.elspeedo.cz\/?fref=ts\" \/>\n<meta property=\"article:modified_time\" content=\"2022-02-09T11:36:42+00:00\" \/>\n<meta name=\"twitter:card\" content=\"summary_large_image\" \/>\n<meta name=\"twitter:label1\" content=\"Est. reading time\" \/>\n\t<meta name=\"twitter:data1\" content=\"6 minutes\" \/>\n<script type=\"application\/ld+json\" class=\"yoast-schema-graph\">{\"@context\":\"https:\/\/schema.org\",\"@graph\":[{\"@type\":\"WebPage\",\"@id\":\"https:\/\/elspeedo.cz\/vybaveni\/el-speedo-odladena-nabidka\/\",\"url\":\"https:\/\/elspeedo.cz\/vybaveni\/el-speedo-odladena-nabidka\/\",\"name\":\"El Speedo fine tuned offer &#8212; El Speedo\",\"isPartOf\":{\"@id\":\"https:\/\/elspeedo.cz\/#website\"},\"datePublished\":\"2017-01-27T19:51:47+00:00\",\"dateModified\":\"2022-02-09T11:36:42+00:00\",\"description\":\"El Speedo je nejv\u011bt\u0161\u00ed paraglidingov\u00e1 komunita a \u0161kola v \u010cR. Tandemov\u00e9 seskoky, kurzy, expedice a paragliding v\u00fdbava\",\"breadcrumb\":{\"@id\":\"https:\/\/elspeedo.cz\/vybaveni\/el-speedo-odladena-nabidka\/#breadcrumb\"},\"inLanguage\":\"en-US\",\"potentialAction\":[{\"@type\":\"ReadAction\",\"target\":[\"https:\/\/elspeedo.cz\/vybaveni\/el-speedo-odladena-nabidka\/\"]}]},{\"@type\":\"BreadcrumbList\",\"@id\":\"https:\/\/elspeedo.cz\/vybaveni\/el-speedo-odladena-nabidka\/#breadcrumb\",\"itemListElement\":[{\"@type\":\"ListItem\",\"position\":1,\"name\":\"Dom\u016f\",\"item\":\"https:\/\/elspeedo.cz\/en\/\"},{\"@type\":\"ListItem\",\"position\":2,\"name\":\"Equipment\",\"item\":\"https:\/\/elspeedo.cz\/en\/equipment-2\/\"},{\"@type\":\"ListItem\",\"position\":3,\"name\":\"El Speedo fine tuned offer\"}]},{\"@type\":\"WebSite\",\"@id\":\"https:\/\/elspeedo.cz\/#website\",\"url\":\"https:\/\/elspeedo.cz\/\",\"name\":\"El Speedo\",\"description\":\"Paragliding - kurzy, vybaven\u00ed, v\u00fdlety, komunita\",\"potentialAction\":[{\"@type\":\"SearchAction\",\"target\":{\"@type\":\"EntryPoint\",\"urlTemplate\":\"https:\/\/elspeedo.cz\/?s={search_term_string}\"},\"query-input\":{\"@type\":\"PropertyValueSpecification\",\"valueRequired\":true,\"valueName\":\"search_term_string\"}}],\"inLanguage\":\"en-US\"}]}<\/script>\n<!-- \/ Yoast SEO plugin. -->","yoast_head_json":{"title":"El Speedo fine tuned offer &#8212; El Speedo","description":"El Speedo je nejv\u011bt\u0161\u00ed paraglidingov\u00e1 komunita a \u0161kola v \u010cR. Tandemov\u00e9 seskoky, kurzy, expedice a paragliding v\u00fdbava","robots":{"index":"index","follow":"follow","max-snippet":"max-snippet:-1","max-image-preview":"max-image-preview:large","max-video-preview":"max-video-preview:-1"},"canonical":"https:\/\/elspeedo.cz\/vybaveni\/el-speedo-odladena-nabidka\/","og_locale":"en_US","og_type":"article","og_title":"El Speedo fine tuned offer &#8212; El Speedo","og_description":"El Speedo je nejv\u011bt\u0161\u00ed paraglidingov\u00e1 komunita a \u0161kola v \u010cR. Tandemov\u00e9 seskoky, kurzy, expedice a paragliding v\u00fdbava","og_url":"https:\/\/elspeedo.cz\/vybaveni\/el-speedo-odladena-nabidka\/","og_site_name":"El Speedo","article_publisher":"http:\/\/www.facebook.com\/paragliding.elspeedo.cz\/?fref=ts","article_modified_time":"2022-02-09T11:36:42+00:00","twitter_card":"summary_large_image","twitter_misc":{"Est. reading time":"6 minutes"},"schema":{"@context":"https:\/\/schema.org","@graph":[{"@type":"WebPage","@id":"https:\/\/elspeedo.cz\/vybaveni\/el-speedo-odladena-nabidka\/","url":"https:\/\/elspeedo.cz\/vybaveni\/el-speedo-odladena-nabidka\/","name":"El Speedo fine tuned offer &#8212; El Speedo","isPartOf":{"@id":"https:\/\/elspeedo.cz\/#website"},"datePublished":"2017-01-27T19:51:47+00:00","dateModified":"2022-02-09T11:36:42+00:00","description":"El Speedo je nejv\u011bt\u0161\u00ed paraglidingov\u00e1 komunita a \u0161kola v \u010cR. Tandemov\u00e9 seskoky, kurzy, expedice a paragliding v\u00fdbava","breadcrumb":{"@id":"https:\/\/elspeedo.cz\/vybaveni\/el-speedo-odladena-nabidka\/#breadcrumb"},"inLanguage":"en-US","potentialAction":[{"@type":"ReadAction","target":["https:\/\/elspeedo.cz\/vybaveni\/el-speedo-odladena-nabidka\/"]}]},{"@type":"BreadcrumbList","@id":"https:\/\/elspeedo.cz\/vybaveni\/el-speedo-odladena-nabidka\/#breadcrumb","itemListElement":[{"@type":"ListItem","position":1,"name":"Dom\u016f","item":"https:\/\/elspeedo.cz\/en\/"},{"@type":"ListItem","position":2,"name":"Equipment","item":"https:\/\/elspeedo.cz\/en\/equipment-2\/"},{"@type":"ListItem","position":3,"name":"El Speedo fine tuned offer"}]},{"@type":"WebSite","@id":"https:\/\/elspeedo.cz\/#website","url":"https:\/\/elspeedo.cz\/","name":"El Speedo","description":"Paragliding - kurzy, vybaven\u00ed, v\u00fdlety, komunita","potentialAction":[{"@type":"SearchAction","target":{"@type":"EntryPoint","urlTemplate":"https:\/\/elspeedo.cz\/?s={search_term_string}"},"query-input":{"@type":"PropertyValueSpecification","valueRequired":true,"valueName":"search_term_string"}}],"inLanguage":"en-US"}]}},"_links":{"self":[{"href":"https:\/\/elspeedo.cz\/en\/wp-json\/wp\/v2\/pages\/26886","targetHints":{"allow":["GET"]}}],"collection":[{"href":"https:\/\/elspeedo.cz\/en\/wp-json\/wp\/v2\/pages"}],"about":[{"href":"https:\/\/elspeedo.cz\/en\/wp-json\/wp\/v2\/types\/page"}],"author":[{"embeddable":true,"href":"https:\/\/elspeedo.cz\/en\/wp-json\/wp\/v2\/users\/7"}],"replies":[{"embeddable":true,"href":"https:\/\/elspeedo.cz\/en\/wp-json\/wp\/v2\/comments?post=26886"}],"version-history":[{"count":11,"href":"https:\/\/elspeedo.cz\/en\/wp-json\/wp\/v2\/pages\/26886\/revisions"}],"predecessor-version":[{"id":178257,"href":"https:\/\/elspeedo.cz\/en\/wp-json\/wp\/v2\/pages\/26886\/revisions\/178257"}],"up":[{"embeddable":true,"href":"https:\/\/elspeedo.cz\/en\/wp-json\/wp\/v2\/pages\/15510"}],"wp:attachment":[{"href":"https:\/\/elspeedo.cz\/en\/wp-json\/wp\/v2\/media?parent=26886"}],"curies":[{"name":"wp","href":"https:\/\/api.w.org\/{rel}","templated":true}]}}