{"id":26891,"date":"2016-12-27T10:26:05","date_gmt":"2016-12-27T09:26:05","guid":{"rendered":"https:\/\/elspeedo.cz\/vybaveni\/el-speedo-ultrino-equipment\/"},"modified":"2018-12-12T21:27:47","modified_gmt":"2018-12-12T20:27:47","slug":"el-speedo-ultrino-equipment","status":"publish","type":"page","link":"https:\/\/elspeedo.cz\/en\/equipment-2\/el-speedo-ultrino-equipment\/","title":{"rendered":"El Speedo Ultrino equipment"},"content":{"rendered":"<div class=\"wpb-content-wrapper\">[mk_page_section bg_image=&#8221;https:\/\/elspeedo.cz\/wp-content\/uploads\/2016\/12\/can_tengri_2012_103.jpg&#8221; bg_position=&#8221;center top&#8221; bg_stretch=&#8221;true&#8221; video_loop=&#8221;false&#8221; min_height=&#8221;450&#8243; padding_top=&#8221;100&#8243; padding_bottom=&#8221;100&#8243; sidebar=&#8221;sidebar-1&#8243;][vc_column][\/vc_column][\/mk_page_section][mk_page_section video_loop=&#8221;false&#8221; full_width=&#8221;true&#8221; padding_top=&#8221;60&#8243; padding_bottom=&#8221;100&#8243; sidebar=&#8221;sidebar-1&#8243;][vc_column][vc_column_text align=&#8221;center&#8221;]\n<p style=\"text-align: center;\"><span style=\"color: #000000;\">Are you looking for really light equipment for your adventurous plans?<\/span><\/p>\n<h1 style=\"text-align: center;\"><span style=\"color: #000000;\">Focus on our ULTRINO solution!<\/span><\/h1>\n[\/vc_column_text][mk_padding_divider][vc_row_inner][vc_column_inner width=&#8221;1\/12&#8243;][\/vc_column_inner][vc_column_inner width=&#8221;1\/6&#8243;][vc_single_image image=&#8221;18037&#8243; img_size=&#8221;full&#8221; alignment=&#8221;center&#8221; style=&#8221;vc_box_rounded&#8221; onclick=&#8221;custom_link&#8221; css=&#8221;.vc_custom_1485978286501{padding-top: 0px !important;padding-bottom: 0px !important;}&#8221; link=&#8221;https:\/\/elspeedo.cz\/en\/equipment\/harnesses\/chogori-light-and-comfortable-in-one\/&#8221;][vc_column_text align=&#8221;center&#8221;]\n<h3 style=\"text-align: center;\"><span style=\"color: #000000;\">CHOGORI\u00a0Ultrino<\/span><\/h3>\n[\/vc_column_text][vc_column_text]\n<ul>\n<li>9 storage<br \/>\npockets<\/li>\n<li>weight\u00a0in M size\u00a0from 2,1 kg<\/li>\n<\/ul>\n[\/vc_column_text][mk_button dimension=&#8221;outline&#8221; corner_style=&#8221;rounded&#8221; size=&#8221;large&#8221; url=&#8221;https:\/\/elspeedo.cz\/en\/equipment\/harnesses\/chogori-light-and-comfortable-in-one\/&#8221; align=&#8221;center&#8221; margin_right=&#8221;0&#8243; el_class=&#8221;basic-button&#8221; outline_skin=&#8221;light&#8221;]Detail[\/mk_button][\/vc_column_inner][vc_column_inner width=&#8221;1\/6&#8243;][vc_single_image image=&#8221;18038&#8243; img_size=&#8221;full&#8221; alignment=&#8221;center&#8221; style=&#8221;vc_box_rounded&#8221; onclick=&#8221;custom_link&#8221; css=&#8221;.vc_custom_1485978969517{padding-top: 0px !important;padding-bottom: 0px !important;}&#8221; link=&#8221;https:\/\/elspeedo.cz\/en\/equipment\/harnesses\/new-el-speedo-harness-series-mt-cook\/#Mt-cook-pilot&#8221;][vc_column_text align=&#8221;center&#8221;]\n<h3 style=\"text-align: center;\">MT COOK Ultrino<\/h3>\n[\/vc_column_text][vc_column_text]\n<ul>\n<li>complete\u00a0weight 940 g<\/li>\n<li>integral\u00a0rescue container<\/li>\n<\/ul>\n[\/vc_column_text][mk_button dimension=&#8221;outline&#8221; corner_style=&#8221;rounded&#8221; size=&#8221;large&#8221; url=&#8221;https:\/\/elspeedo.cz\/en\/equipment\/harnesses\/new-el-speedo-harness-series-mt-cook\/#Mt-cook-pilot&#8221; align=&#8221;center&#8221; margin_right=&#8221;0&#8243; el_class=&#8221;basic-button&#8221; outline_skin=&#8221;light&#8221;]Detail[\/mk_button][\/vc_column_inner][vc_column_inner width=&#8221;1\/6&#8243;][vc_single_image image=&#8221;14001&#8243; img_size=&#8221;full&#8221; alignment=&#8221;center&#8221; style=&#8221;vc_box_rounded&#8221; onclick=&#8221;custom_link&#8221; link=&#8221;https:\/\/elspeedo.cz\/en\/equipment\/rescue-parachutes\/rescue-parachute-rs-ultrino\/&#8221;][vc_column_text align=&#8221;center&#8221;]\n<h3 style=\"text-align: center;\">RSQ Ultrino<\/h3>\n[\/vc_column_text][vc_column_text]\n<ul>\n<li>weight\u00a0840 g for max. load 100 kg<\/li>\n<\/ul>\n[\/vc_column_text][mk_button dimension=&#8221;outline&#8221; corner_style=&#8221;rounded&#8221; size=&#8221;large&#8221; url=&#8221;https:\/\/elspeedo.cz\/en\/equipment\/rescue-parachutes\/&#8221; align=&#8221;center&#8221; margin_right=&#8221;0&#8243; el_class=&#8221;basic-button&#8221; outline_skin=&#8221;light&#8221;]Detail[\/mk_button][\/vc_column_inner][vc_column_inner width=&#8221;1\/6&#8243;][vc_single_image image=&#8221;18040&#8243; img_size=&#8221;full&#8221; alignment=&#8221;center&#8221; style=&#8221;vc_box_rounded&#8221; onclick=&#8221;custom_link&#8221; link=&#8221;https:\/\/elspeedo.cz\/en\/equipment\/instruments\/sky-drop-ultrino\/&#8221;][vc_column_text align=&#8221;center&#8221;]\n<h3 style=\"text-align: center;\">SKYDROP\u00a0\u00a0Ultrino<\/h3>\n[\/vc_column_text][vc_column_text]\n<ul>\n<li>only\u00a068 g<\/li>\n<li>back-lit\u00a0display<\/li>\n<li>vario with\u00a0GPS<\/li>\n<\/ul>\n[\/vc_column_text][mk_button dimension=&#8221;outline&#8221; corner_style=&#8221;rounded&#8221; size=&#8221;large&#8221; url=&#8221;https:\/\/elspeedo.cz\/en\/equipment\/instruments\/sky-drop-ultrino\/&#8221; align=&#8221;center&#8221; margin_right=&#8221;0&#8243; el_class=&#8221;basic-button&#8221; outline_skin=&#8221;light&#8221;]Detail[\/mk_button][\/vc_column_inner][vc_column_inner width=&#8221;1\/6&#8243;][vc_single_image image=&#8221;18047&#8243; img_size=&#8221;full&#8221; alignment=&#8221;center&#8221; style=&#8221;vc_box_rounded&#8221; onclick=&#8221;custom_link&#8221; link=&#8221;https:\/\/elspeedo.cz\/en\/equipment\/rucksacks-and-packs\/el-speedo-quick-pack-ultrino\/&#8221;][vc_column_text align=&#8221;center&#8221;]\n<h3 style=\"text-align: center;\">RB\u00a0Ultrino<\/h3>\n[\/vc_column_text][vc_column_text]\n<ul>\n<li>fast \u00a0packing and comfortable carrying in one<\/li>\n<li>only\u00a0460 g<\/li>\n<\/ul>\n[\/vc_column_text][mk_button dimension=&#8221;outline&#8221; corner_style=&#8221;rounded&#8221; size=&#8221;large&#8221; url=&#8221;https:\/\/elspeedo.cz\/en\/equipment\/rucksacks-and-packs\/el-speedo-quick-pack-ultrino\/&#8221; align=&#8221;center&#8221; id=&#8221;https:\/\/elspeedo.cz\/rychlobal\/&#8221; margin_right=&#8221;0&#8243; el_class=&#8221;basic-button&#8221; outline_skin=&#8221;light&#8221;]Detail[\/mk_button][\/vc_column_inner][vc_column_inner width=&#8221;1\/12&#8243;][\/vc_column_inner][vc_column_inner][\/vc_column_inner][vc_column_inner width=&#8221;1\/12&#8243;][\/vc_column_inner][vc_column_inner width=&#8221;1\/6&#8243;][\/vc_column_inner][vc_column_inner width=&#8221;1\/6&#8243;][\/vc_column_inner][vc_column_inner width=&#8221;1\/6&#8243;][\/vc_column_inner][vc_column_inner width=&#8221;1\/6&#8243;][\/vc_column_inner][vc_column_inner width=&#8221;1\/6&#8243;][\/vc_column_inner][vc_column_inner width=&#8221;1\/12&#8243;][\/vc_column_inner][\/vc_row_inner][\/vc_column][\/mk_page_section]\n<\/div>","protected":false},"excerpt":{"rendered":"<p>[mk_page_section bg_image=&#8221;https:\/\/elspeedo.cz\/wp-content\/uploads\/2016\/12\/can_tengri_2012_103.jpg&#8221; bg_position=&#8221;center top&#8221; bg_stretch=&#8221;true&#8221; video_loop=&#8221;false&#8221; min_height=&#8221;450&#8243; padding_top=&#8221;100&#8243; padding_bottom=&#8221;100&#8243; sidebar=&#8221;sidebar-1&#8243;][vc_column][\/vc_column][\/mk_page_section][mk_page_section video_loop=&#8221;false&#8221; full_width=&#8221;true&#8221; padding_top=&#8221;60&#8243; padding_bottom=&#8221;100&#8243; sidebar=&#8221;sidebar-1&#8243;][vc_column][vc_column_text align=&#8221;center&#8221;] Are you looking for really light equipment for your adventurous plans? Focus on our ULTRINO solution! [\/vc_column_text][mk_padding_divider][vc_row_inner][vc_column_inner width=&#8221;1\/12&#8243;][\/vc_column_inner][vc_column_inner width=&#8221;1\/6&#8243;][vc_single_image image=&#8221;18037&#8243; img_size=&#8221;full&#8221; alignment=&#8221;center&#8221; style=&#8221;vc_box_rounded&#8221; onclick=&#8221;custom_link&#8221; css=&#8221;.vc_custom_1485978286501{padding-top: 0px !important;padding-bottom: 0px !important;}&#8221; link=&#8221;https:\/\/elspeedo.cz\/en\/equipment\/harnesses\/chogori-light-and-comfortable-in-one\/&#8221;][vc_column_text align=&#8221;center&#8221;] CHOGORI\u00a0Ultrino [\/vc_column_text][vc_column_text] 9 storage pockets weight\u00a0in M size\u00a0from [&hellip;]<\/p>\n","protected":false},"author":4,"featured_media":0,"parent":15510,"menu_order":0,"comment_status":"closed","ping_status":"closed","template":"","meta":{"_tribe_blocks_recurrence_rules":"","_tribe_blocks_recurrence_exclusions":"","_tribe_blocks_recurrence_description":"","footnotes":""},"class_list":["post-26891","page","type-page","status-publish","hentry"],"yoast_head":"<!-- This site is optimized with the Yoast SEO plugin v27.0 - https:\/\/yoast.com\/product\/yoast-seo-wordpress\/ -->\n<title>El Speedo Ultrino equipment &#8212; El Speedo<\/title>\n<meta name=\"description\" content=\"El Speedo je nejv\u011bt\u0161\u00ed paraglidingov\u00e1 komunita a \u0161kola v \u010cR. Tandemov\u00e9 seskoky, kurzy, expedice a paragliding v\u00fdbava\" \/>\n<meta name=\"robots\" content=\"index, follow, max-snippet:-1, max-image-preview:large, max-video-preview:-1\" \/>\n<link rel=\"canonical\" href=\"https:\/\/elspeedo.cz\/vybaveni\/el-speedo-ultrino-vybaveni\/\" \/>\n<meta property=\"og:locale\" content=\"en_US\" \/>\n<meta property=\"og:type\" content=\"article\" \/>\n<meta property=\"og:title\" content=\"El Speedo Ultrino equipment &#8212; El Speedo\" \/>\n<meta property=\"og:description\" content=\"El Speedo je nejv\u011bt\u0161\u00ed paraglidingov\u00e1 komunita a \u0161kola v \u010cR. Tandemov\u00e9 seskoky, kurzy, expedice a paragliding v\u00fdbava\" \/>\n<meta property=\"og:url\" content=\"https:\/\/elspeedo.cz\/vybaveni\/el-speedo-ultrino-vybaveni\/\" \/>\n<meta property=\"og:site_name\" content=\"El Speedo\" \/>\n<meta property=\"article:publisher\" content=\"http:\/\/www.facebook.com\/paragliding.elspeedo.cz\/?fref=ts\" \/>\n<meta property=\"article:modified_time\" content=\"2018-12-12T20:27:47+00:00\" \/>\n<meta name=\"twitter:card\" content=\"summary_large_image\" \/>\n<meta name=\"twitter:label1\" content=\"Est. reading time\" \/>\n\t<meta name=\"twitter:data1\" content=\"3 minutes\" \/>\n<script type=\"application\/ld+json\" class=\"yoast-schema-graph\">{\"@context\":\"https:\/\/schema.org\",\"@graph\":[{\"@type\":\"WebPage\",\"@id\":\"https:\/\/elspeedo.cz\/vybaveni\/el-speedo-ultrino-vybaveni\/\",\"url\":\"https:\/\/elspeedo.cz\/vybaveni\/el-speedo-ultrino-vybaveni\/\",\"name\":\"El Speedo Ultrino equipment &#8212; El Speedo\",\"isPartOf\":{\"@id\":\"https:\/\/elspeedo.cz\/#website\"},\"datePublished\":\"2016-12-27T09:26:05+00:00\",\"dateModified\":\"2018-12-12T20:27:47+00:00\",\"description\":\"El Speedo je nejv\u011bt\u0161\u00ed paraglidingov\u00e1 komunita a \u0161kola v \u010cR. Tandemov\u00e9 seskoky, kurzy, expedice a paragliding v\u00fdbava\",\"breadcrumb\":{\"@id\":\"https:\/\/elspeedo.cz\/vybaveni\/el-speedo-ultrino-vybaveni\/#breadcrumb\"},\"inLanguage\":\"en-US\",\"potentialAction\":[{\"@type\":\"ReadAction\",\"target\":[\"https:\/\/elspeedo.cz\/vybaveni\/el-speedo-ultrino-vybaveni\/\"]}]},{\"@type\":\"BreadcrumbList\",\"@id\":\"https:\/\/elspeedo.cz\/vybaveni\/el-speedo-ultrino-vybaveni\/#breadcrumb\",\"itemListElement\":[{\"@type\":\"ListItem\",\"position\":1,\"name\":\"Dom\u016f\",\"item\":\"https:\/\/elspeedo.cz\/en\/\"},{\"@type\":\"ListItem\",\"position\":2,\"name\":\"Equipment\",\"item\":\"https:\/\/elspeedo.cz\/en\/equipment-2\/\"},{\"@type\":\"ListItem\",\"position\":3,\"name\":\"El Speedo Ultrino equipment\"}]},{\"@type\":\"WebSite\",\"@id\":\"https:\/\/elspeedo.cz\/#website\",\"url\":\"https:\/\/elspeedo.cz\/\",\"name\":\"El Speedo\",\"description\":\"Paragliding - kurzy, vybaven\u00ed, v\u00fdlety, komunita\",\"potentialAction\":[{\"@type\":\"SearchAction\",\"target\":{\"@type\":\"EntryPoint\",\"urlTemplate\":\"https:\/\/elspeedo.cz\/?s={search_term_string}\"},\"query-input\":{\"@type\":\"PropertyValueSpecification\",\"valueRequired\":true,\"valueName\":\"search_term_string\"}}],\"inLanguage\":\"en-US\"}]}<\/script>\n<!-- \/ Yoast SEO plugin. -->","yoast_head_json":{"title":"El Speedo Ultrino equipment &#8212; El Speedo","description":"El Speedo je nejv\u011bt\u0161\u00ed paraglidingov\u00e1 komunita a \u0161kola v \u010cR. Tandemov\u00e9 seskoky, kurzy, expedice a paragliding v\u00fdbava","robots":{"index":"index","follow":"follow","max-snippet":"max-snippet:-1","max-image-preview":"max-image-preview:large","max-video-preview":"max-video-preview:-1"},"canonical":"https:\/\/elspeedo.cz\/vybaveni\/el-speedo-ultrino-vybaveni\/","og_locale":"en_US","og_type":"article","og_title":"El Speedo Ultrino equipment &#8212; El Speedo","og_description":"El Speedo je nejv\u011bt\u0161\u00ed paraglidingov\u00e1 komunita a \u0161kola v \u010cR. Tandemov\u00e9 seskoky, kurzy, expedice a paragliding v\u00fdbava","og_url":"https:\/\/elspeedo.cz\/vybaveni\/el-speedo-ultrino-vybaveni\/","og_site_name":"El Speedo","article_publisher":"http:\/\/www.facebook.com\/paragliding.elspeedo.cz\/?fref=ts","article_modified_time":"2018-12-12T20:27:47+00:00","twitter_card":"summary_large_image","twitter_misc":{"Est. reading time":"3 minutes"},"schema":{"@context":"https:\/\/schema.org","@graph":[{"@type":"WebPage","@id":"https:\/\/elspeedo.cz\/vybaveni\/el-speedo-ultrino-vybaveni\/","url":"https:\/\/elspeedo.cz\/vybaveni\/el-speedo-ultrino-vybaveni\/","name":"El Speedo Ultrino equipment &#8212; El Speedo","isPartOf":{"@id":"https:\/\/elspeedo.cz\/#website"},"datePublished":"2016-12-27T09:26:05+00:00","dateModified":"2018-12-12T20:27:47+00:00","description":"El Speedo je nejv\u011bt\u0161\u00ed paraglidingov\u00e1 komunita a \u0161kola v \u010cR. Tandemov\u00e9 seskoky, kurzy, expedice a paragliding v\u00fdbava","breadcrumb":{"@id":"https:\/\/elspeedo.cz\/vybaveni\/el-speedo-ultrino-vybaveni\/#breadcrumb"},"inLanguage":"en-US","potentialAction":[{"@type":"ReadAction","target":["https:\/\/elspeedo.cz\/vybaveni\/el-speedo-ultrino-vybaveni\/"]}]},{"@type":"BreadcrumbList","@id":"https:\/\/elspeedo.cz\/vybaveni\/el-speedo-ultrino-vybaveni\/#breadcrumb","itemListElement":[{"@type":"ListItem","position":1,"name":"Dom\u016f","item":"https:\/\/elspeedo.cz\/en\/"},{"@type":"ListItem","position":2,"name":"Equipment","item":"https:\/\/elspeedo.cz\/en\/equipment-2\/"},{"@type":"ListItem","position":3,"name":"El Speedo Ultrino equipment"}]},{"@type":"WebSite","@id":"https:\/\/elspeedo.cz\/#website","url":"https:\/\/elspeedo.cz\/","name":"El Speedo","description":"Paragliding - kurzy, vybaven\u00ed, v\u00fdlety, komunita","potentialAction":[{"@type":"SearchAction","target":{"@type":"EntryPoint","urlTemplate":"https:\/\/elspeedo.cz\/?s={search_term_string}"},"query-input":{"@type":"PropertyValueSpecification","valueRequired":true,"valueName":"search_term_string"}}],"inLanguage":"en-US"}]}},"_links":{"self":[{"href":"https:\/\/elspeedo.cz\/en\/wp-json\/wp\/v2\/pages\/26891","targetHints":{"allow":["GET"]}}],"collection":[{"href":"https:\/\/elspeedo.cz\/en\/wp-json\/wp\/v2\/pages"}],"about":[{"href":"https:\/\/elspeedo.cz\/en\/wp-json\/wp\/v2\/types\/page"}],"author":[{"embeddable":true,"href":"https:\/\/elspeedo.cz\/en\/wp-json\/wp\/v2\/users\/4"}],"replies":[{"embeddable":true,"href":"https:\/\/elspeedo.cz\/en\/wp-json\/wp\/v2\/comments?post=26891"}],"version-history":[{"count":0,"href":"https:\/\/elspeedo.cz\/en\/wp-json\/wp\/v2\/pages\/26891\/revisions"}],"up":[{"embeddable":true,"href":"https:\/\/elspeedo.cz\/en\/wp-json\/wp\/v2\/pages\/15510"}],"wp:attachment":[{"href":"https:\/\/elspeedo.cz\/en\/wp-json\/wp\/v2\/media?parent=26891"}],"curies":[{"name":"wp","href":"https:\/\/api.w.org\/{rel}","templated":true}]}}