{"id":27049,"date":"2016-12-16T09:10:22","date_gmt":"2016-12-16T08:10:22","guid":{"rendered":"https:\/\/elspeedo.cz\/tandem-flying\/motorovy-let\/"},"modified":"2017-01-31T19:25:11","modified_gmt":"2017-01-31T18:25:11","slug":"powered-tandem-flight","status":"publish","type":"page","link":"https:\/\/elspeedo.cz\/en\/tandem-flying\/powered-tandem-flight\/","title":{"rendered":"Powered tandem flight"},"content":{"rendered":"<div class=\"wpb-content-wrapper\">[mk_page_section layout_structure=&#8221;half_right&#8221; bg_image=&#8221;https:\/\/elspeedo.cz\/wp-content\/uploads\/2016\/12\/moto_tandem.jpg&#8221; bg_color=&#8221;#f4f4f4&#8243; video_loop=&#8221;false&#8221; padding_top=&#8221;100&#8243; padding_bottom=&#8221;100&#8243;][vc_column][vc_column_text]\n<div style=\"text-align: center;\">\n<h2 style=\"text-align: center;\"><span style=\"font-weight: 400;\">From the dusk till the dawn<\/span><\/h2>\n<p><span style=\"font-weight: 400;\">Powered paragliding allows you to see places which are inaccessible with ordinary glider. <\/span><\/p>\n<p><span style=\"font-weight: 400;\">We are sure that you will be amazed by the wonderful 360\u00b0 view which is possible only with this type of flying. <\/span><\/p>\n<p>&nbsp;<\/p>\n<\/div>\n[\/vc_column_text][mk_padding_divider][\/vc_column][\/mk_page_section][mk_page_section video_loop=&#8221;false&#8221; padding_top=&#8221;100&#8243; padding_bottom=&#8221;100&#8243; sidebar=&#8221;sidebar-1&#8243;][vc_column][vc_column_text]\n<div style=\"text-align: center;\">\n<h2 style=\"text-align: center;\"><span style=\"font-weight: 400;\">Start and landing? Easier than you would thought\u2026<\/span><\/h2>\n<p>P<span style=\"font-weight: 400;\">All you need to do is just sit into the harness, we will fasten your seat belt and then just enjoy. The mighty force of the engine will drag you quickly high to the sky. And landing? The pilot will land on the wheels or ski attached to the harness which cannot be possible more comfortable for you.<\/span><\/p>\n<\/div>\n[\/vc_column_text][\/vc_column][\/mk_page_section][vc_row][vc_column][vc_separator el_width=&#8221;80&#8243; el_class=&#8221;basic-separator&#8221;][\/vc_column][\/vc_row][mk_page_section video_loop=&#8221;false&#8221; padding_top=&#8221;100&#8243; padding_bottom=&#8221;100&#8243; sidebar=&#8221;sidebar-1&#8243;][vc_column width=&#8221;1\/2&#8243;][vc_single_image image=&#8221;14439&#8243; img_size=&#8221;full&#8221; alignment=&#8221;center&#8221; style=&#8221;vc_box_rounded&#8221;][\/vc_column][vc_column width=&#8221;1\/2&#8243;][vc_column_text]\n<h4 style=\"text-align: left;\">The tin can\u2026<\/h4>\n<h1 style=\"text-align: left;\"><span style=\"font-weight: 400;\">full of joy and adrenaline<\/span><\/h1>\n<div style=\"text-align: left;\">\n<p><span style=\"font-weight: 400;\">Instant adrenalin in a tin cover \u2013 that is a funny possibility to surprise your friends and relatives. The gift package of the thermal flight contains closed tin can with a T-shirt in it and the gift voucher and further instruction.<\/span><\/p>\n<p><span style=\"font-weight: 400;\">We will be happy to help you with choosing the right type of flight for you. Both personally in El Speedo office or by phone.<\/span><\/p>\n<\/div>\n[\/vc_column_text][mk_padding_divider][\/vc_column][\/mk_page_section][mk_page_section video_loop=&#8221;false&#8221; padding_top=&#8221;100&#8243; padding_bottom=&#8221;100&#8243; sidebar=&#8221;sidebar-1&#8243;][vc_column][vc_column_text]<b>Detail info of the powered flight<\/b><\/p>\n<p><span style=\"font-weight: 400;\">When using propeller, we are able to keep the same flight level all time. Thus we are able to reach places which are closed to paragliders. We are using certified gear.<\/span><\/p>\n<p><span style=\"font-weight: 400;\">Duration: 15 minutes (30-minute flight costs 2 490 CZK, one-hour flight costs 2 900 CZK &#8211; you can ask the pilot to prolong your flight).<\/span><\/p>\n<p><span style=\"font-weight: 400;\">When it comes to the duration of whole flying trip with the preparation and everything, we advised that it takes around 60 minutes.<\/span><\/p>\n<p><b>Destinations of powered paragliding<\/b><\/p>\n<ul>\n<li style=\"font-weight: 400;\"><span style=\"font-weight: 400;\">Beskydy (Pra\u0161iv\u00e1),<\/span><\/li>\n<li style=\"font-weight: 400;\"><span style=\"font-weight: 400;\">Practically anywhere we are allowed to fly by local restrictions<\/span><\/li>\n<\/ul>\n<p><b>Suitable flying conditions<\/b><\/p>\n<p><span style=\"font-weight: 400;\">This type of flight is offered all year long. The conditions are the best from March to November. Well, in January and February we fly over the land covered by snow and ice.<\/span><\/p>\n<p><b>Demands for the passenger<\/b><\/p>\n<ul>\n<li><span style=\"font-weight: 400;\">the passenger is suitable for both children and adults; all that matters is you weight which should be from 5 to 115 kg<\/span><\/li>\n<li>for the flight itself, we recommend you to wear high trekking shoe with fix ankle, long trousers and windproof jacket. It is nice to have sunglasses when the sun is shining happily.<\/li>\n<\/ul>\n<p><b>The flight:<\/b><\/p>\n<p><span style=\"font-weight: 400;\">Before the flight itself, there is a short preparation including the instructions for landing. We will adjust the harness to your size and try a little bit of running with the harness. If interested, the tandem pilot will explain you principles of paragliding. Then you will be seated and got a helmet.<\/span><\/p>\n<p><span style=\"font-weight: 400;\">After a short running down the hill, you will be flying. You will be seated in front of the pilot, literally in the first row. The flight itself takes roughly from 6 to 12 minutes which depends mainly on current flying condition.<\/span><\/p>\n<p><span style=\"font-weight: 400;\">You may shoot your own pictures if you take your camera for flying. However we recommend this option for the thermal flight. It is so much better just to enjoy the view. We offer you to take the pictures or make a video ourselves.<\/span><\/p>\n<p><b>Audience<\/b><\/p>\n<p><span style=\"font-weight: 400;\">Of course, you may invite your closest to watch you flying directly on start or they may watch the landing.<\/span><\/p>\n<p><b>The number of passengers:<\/b><\/p>\n<p><span style=\"font-weight: 400;\">The tandem glider is just for two persons, ie one pilot and one passenger. However, if interested, let us know in advance that you would like to start within a group and we will gather our crew to fly with you all!<\/span><\/p>\n<p><b>How to do it?<\/b><\/p>\n<p><span style=\"font-weight: 400;\">Order your flight by our online form or by phone (+ 420 777 311 661) or personally in our office. You will be told the specific date, place and hour of your flight by your tandem pilot who will contact you in advance. Do not forget to take your voucher with you.<\/span>[\/vc_column_text][\/vc_column][\/mk_page_section][mk_page_section bg_color=&#8221;#f4f4f4&#8243; video_loop=&#8221;false&#8221; padding_top=&#8221;100&#8243; padding_bottom=&#8221;100&#8243; sidebar=&#8221;sidebar-1&#8243;][vc_column width=&#8221;1\/2&#8243;][vc_column_text]\n<h2>Fly with us to the sky!<\/h2>\n[\/vc_column_text][\/vc_column][vc_column width=&#8221;1\/2&#8243;][\/vc_column][\/mk_page_section]\n<\/div>","protected":false},"excerpt":{"rendered":"<p>[mk_page_section layout_structure=&#8221;half_right&#8221; bg_image=&#8221;https:\/\/elspeedo.cz\/wp-content\/uploads\/2016\/12\/moto_tandem.jpg&#8221; bg_color=&#8221;#f4f4f4&#8243; video_loop=&#8221;false&#8221; padding_top=&#8221;100&#8243; padding_bottom=&#8221;100&#8243;][vc_column][vc_column_text] From the dusk till the dawn Powered paragliding allows you to see places which are inaccessible with ordinary glider. We are sure that you will be amazed by the wonderful 360\u00b0 view which is possible only with this type of flying. &nbsp; [\/vc_column_text][mk_padding_divider][\/vc_column][\/mk_page_section][mk_page_section video_loop=&#8221;false&#8221; padding_top=&#8221;100&#8243; padding_bottom=&#8221;100&#8243; sidebar=&#8221;sidebar-1&#8243;][vc_column][vc_column_text] Start [&hellip;]<\/p>\n","protected":false},"author":7,"featured_media":0,"parent":15498,"menu_order":3,"comment_status":"closed","ping_status":"closed","template":"","meta":{"_tribe_blocks_recurrence_rules":"","_tribe_blocks_recurrence_exclusions":"","_tribe_blocks_recurrence_description":"","footnotes":""},"class_list":["post-27049","page","type-page","status-publish","hentry"],"yoast_head":"<!-- This site is optimized with the Yoast SEO plugin v27.0 - https:\/\/yoast.com\/product\/yoast-seo-wordpress\/ -->\n<title>Powered tandem flight &#8212; El Speedo<\/title>\n<meta name=\"description\" content=\"El Speedo je nejv\u011bt\u0161\u00ed paraglidingov\u00e1 komunita a \u0161kola v \u010cR. Tandemov\u00e9 seskoky, kurzy, expedice a paragliding v\u00fdbava\" \/>\n<meta name=\"robots\" content=\"index, follow, max-snippet:-1, max-image-preview:large, max-video-preview:-1\" \/>\n<link rel=\"canonical\" href=\"https:\/\/elspeedo.cz\/en\/tandem-flying\/powered-tandem-flight\/\" \/>\n<meta property=\"og:locale\" content=\"en_US\" \/>\n<meta property=\"og:type\" content=\"article\" \/>\n<meta property=\"og:title\" content=\"Powered tandem flight &#8212; El Speedo\" \/>\n<meta property=\"og:description\" content=\"El Speedo je nejv\u011bt\u0161\u00ed paraglidingov\u00e1 komunita a \u0161kola v \u010cR. Tandemov\u00e9 seskoky, kurzy, expedice a paragliding v\u00fdbava\" \/>\n<meta property=\"og:url\" content=\"https:\/\/elspeedo.cz\/en\/tandem-flying\/powered-tandem-flight\/\" \/>\n<meta property=\"og:site_name\" content=\"El Speedo\" \/>\n<meta property=\"article:publisher\" content=\"http:\/\/www.facebook.com\/paragliding.elspeedo.cz\/?fref=ts\" \/>\n<meta property=\"article:modified_time\" content=\"2017-01-31T18:25:11+00:00\" \/>\n<meta name=\"twitter:card\" content=\"summary_large_image\" \/>\n<meta name=\"twitter:label1\" content=\"Est. reading time\" \/>\n\t<meta name=\"twitter:data1\" content=\"4 minutes\" \/>\n<script type=\"application\/ld+json\" class=\"yoast-schema-graph\">{\"@context\":\"https:\/\/schema.org\",\"@graph\":[{\"@type\":\"WebPage\",\"@id\":\"https:\/\/elspeedo.cz\/en\/tandem-flying\/powered-tandem-flight\/\",\"url\":\"https:\/\/elspeedo.cz\/en\/tandem-flying\/powered-tandem-flight\/\",\"name\":\"Powered tandem flight &#8212; El Speedo\",\"isPartOf\":{\"@id\":\"https:\/\/elspeedo.cz\/#website\"},\"datePublished\":\"2016-12-16T08:10:22+00:00\",\"dateModified\":\"2017-01-31T18:25:11+00:00\",\"description\":\"El Speedo je nejv\u011bt\u0161\u00ed paraglidingov\u00e1 komunita a \u0161kola v \u010cR. Tandemov\u00e9 seskoky, kurzy, expedice a paragliding v\u00fdbava\",\"breadcrumb\":{\"@id\":\"https:\/\/elspeedo.cz\/en\/tandem-flying\/powered-tandem-flight\/#breadcrumb\"},\"inLanguage\":\"en-US\",\"potentialAction\":[{\"@type\":\"ReadAction\",\"target\":[\"https:\/\/elspeedo.cz\/en\/tandem-flying\/powered-tandem-flight\/\"]}]},{\"@type\":\"BreadcrumbList\",\"@id\":\"https:\/\/elspeedo.cz\/en\/tandem-flying\/powered-tandem-flight\/#breadcrumb\",\"itemListElement\":[{\"@type\":\"ListItem\",\"position\":1,\"name\":\"Dom\u016f\",\"item\":\"https:\/\/elspeedo.cz\/en\/\"},{\"@type\":\"ListItem\",\"position\":2,\"name\":\"Tandem flying\",\"item\":\"https:\/\/elspeedo.cz\/en\/tandem-flying\/\"},{\"@type\":\"ListItem\",\"position\":3,\"name\":\"Powered tandem flight\"}]},{\"@type\":\"WebSite\",\"@id\":\"https:\/\/elspeedo.cz\/#website\",\"url\":\"https:\/\/elspeedo.cz\/\",\"name\":\"El Speedo\",\"description\":\"Paragliding - kurzy, vybaven\u00ed, v\u00fdlety, komunita\",\"potentialAction\":[{\"@type\":\"SearchAction\",\"target\":{\"@type\":\"EntryPoint\",\"urlTemplate\":\"https:\/\/elspeedo.cz\/?s={search_term_string}\"},\"query-input\":{\"@type\":\"PropertyValueSpecification\",\"valueRequired\":true,\"valueName\":\"search_term_string\"}}],\"inLanguage\":\"en-US\"}]}<\/script>\n<!-- \/ Yoast SEO plugin. -->","yoast_head_json":{"title":"Powered tandem flight &#8212; El Speedo","description":"El Speedo je nejv\u011bt\u0161\u00ed paraglidingov\u00e1 komunita a \u0161kola v \u010cR. Tandemov\u00e9 seskoky, kurzy, expedice a paragliding v\u00fdbava","robots":{"index":"index","follow":"follow","max-snippet":"max-snippet:-1","max-image-preview":"max-image-preview:large","max-video-preview":"max-video-preview:-1"},"canonical":"https:\/\/elspeedo.cz\/en\/tandem-flying\/powered-tandem-flight\/","og_locale":"en_US","og_type":"article","og_title":"Powered tandem flight &#8212; El Speedo","og_description":"El Speedo je nejv\u011bt\u0161\u00ed paraglidingov\u00e1 komunita a \u0161kola v \u010cR. Tandemov\u00e9 seskoky, kurzy, expedice a paragliding v\u00fdbava","og_url":"https:\/\/elspeedo.cz\/en\/tandem-flying\/powered-tandem-flight\/","og_site_name":"El Speedo","article_publisher":"http:\/\/www.facebook.com\/paragliding.elspeedo.cz\/?fref=ts","article_modified_time":"2017-01-31T18:25:11+00:00","twitter_card":"summary_large_image","twitter_misc":{"Est. reading time":"4 minutes"},"schema":{"@context":"https:\/\/schema.org","@graph":[{"@type":"WebPage","@id":"https:\/\/elspeedo.cz\/en\/tandem-flying\/powered-tandem-flight\/","url":"https:\/\/elspeedo.cz\/en\/tandem-flying\/powered-tandem-flight\/","name":"Powered tandem flight &#8212; El Speedo","isPartOf":{"@id":"https:\/\/elspeedo.cz\/#website"},"datePublished":"2016-12-16T08:10:22+00:00","dateModified":"2017-01-31T18:25:11+00:00","description":"El Speedo je nejv\u011bt\u0161\u00ed paraglidingov\u00e1 komunita a \u0161kola v \u010cR. Tandemov\u00e9 seskoky, kurzy, expedice a paragliding v\u00fdbava","breadcrumb":{"@id":"https:\/\/elspeedo.cz\/en\/tandem-flying\/powered-tandem-flight\/#breadcrumb"},"inLanguage":"en-US","potentialAction":[{"@type":"ReadAction","target":["https:\/\/elspeedo.cz\/en\/tandem-flying\/powered-tandem-flight\/"]}]},{"@type":"BreadcrumbList","@id":"https:\/\/elspeedo.cz\/en\/tandem-flying\/powered-tandem-flight\/#breadcrumb","itemListElement":[{"@type":"ListItem","position":1,"name":"Dom\u016f","item":"https:\/\/elspeedo.cz\/en\/"},{"@type":"ListItem","position":2,"name":"Tandem flying","item":"https:\/\/elspeedo.cz\/en\/tandem-flying\/"},{"@type":"ListItem","position":3,"name":"Powered tandem flight"}]},{"@type":"WebSite","@id":"https:\/\/elspeedo.cz\/#website","url":"https:\/\/elspeedo.cz\/","name":"El Speedo","description":"Paragliding - kurzy, vybaven\u00ed, v\u00fdlety, komunita","potentialAction":[{"@type":"SearchAction","target":{"@type":"EntryPoint","urlTemplate":"https:\/\/elspeedo.cz\/?s={search_term_string}"},"query-input":{"@type":"PropertyValueSpecification","valueRequired":true,"valueName":"search_term_string"}}],"inLanguage":"en-US"}]}},"_links":{"self":[{"href":"https:\/\/elspeedo.cz\/en\/wp-json\/wp\/v2\/pages\/27049","targetHints":{"allow":["GET"]}}],"collection":[{"href":"https:\/\/elspeedo.cz\/en\/wp-json\/wp\/v2\/pages"}],"about":[{"href":"https:\/\/elspeedo.cz\/en\/wp-json\/wp\/v2\/types\/page"}],"author":[{"embeddable":true,"href":"https:\/\/elspeedo.cz\/en\/wp-json\/wp\/v2\/users\/7"}],"replies":[{"embeddable":true,"href":"https:\/\/elspeedo.cz\/en\/wp-json\/wp\/v2\/comments?post=27049"}],"version-history":[{"count":0,"href":"https:\/\/elspeedo.cz\/en\/wp-json\/wp\/v2\/pages\/27049\/revisions"}],"up":[{"embeddable":true,"href":"https:\/\/elspeedo.cz\/en\/wp-json\/wp\/v2\/pages\/15498"}],"wp:attachment":[{"href":"https:\/\/elspeedo.cz\/en\/wp-json\/wp\/v2\/media?parent=27049"}],"curies":[{"name":"wp","href":"https:\/\/api.w.org\/{rel}","templated":true}]}}