{"id":27482,"date":"2017-02-01T17:11:54","date_gmt":"2017-02-01T16:11:54","guid":{"rendered":"https:\/\/elspeedo.cz\/vybaveni\/batohy-a-obaly\/el-speedo-quick-pack-solid\/"},"modified":"2022-02-09T11:22:28","modified_gmt":"2022-02-09T10:22:28","slug":"el-speedo-quick-pack-solid","status":"publish","type":"page","link":"https:\/\/elspeedo.cz\/en\/equipment-2\/rucksacks-and-packs-2\/el-speedo-quick-pack-solid\/","title":{"rendered":"El Speedo QUICK PACK Solid"},"content":{"rendered":"<div class=\"wpb-content-wrapper\">[mk_page_section video_loop=&#8221;false&#8221; min_height=&#8221;0&#8243; js_vertical_centered=&#8221;true&#8221; padding_top=&#8221;20&#8243; padding_bottom=&#8221;50&#8243; top_shape_color=&#8221;#ffffff&#8221; bottom_shape_color=&#8221;#ffffff&#8221; sidebar=&#8221;sidebar-1&#8243;][vc_column][vc_row_inner][vc_column_inner width=&#8221;1\/2&#8243;][vc_single_image image=&#8221;13716&#8243; img_size=&#8221;full&#8221; alignment=&#8221;center&#8221; style=&#8221;vc_box_rounded&#8221; css=&#8221;.vc_custom_1480688861365{padding-right: 0px !important;padding-left: 50px !important;}&#8221;][\/vc_column_inner][vc_column_inner width=&#8221;1\/2&#8243;][vc_column_text align=&#8221;right&#8221;]\n<h1 style=\"text-align: left\">The end of bothering with packing<\/h1>\n<p style=\"text-align: left\">If you fly regularly, you&#8217;ll find that you have no reason to push your PG equipment into any bag when you have El Speedo QUICK PACK Solid. Treat yourself with this simple and fully functional solution used in schools and by professional pilots.<\/p>\n[\/vc_column_text][mk_padding_divider][mk_button_gradient dimension=&#8221;flat&#8221; size=&#8221;large&#8221; corner_style=&#8221;rounded&#8221; grandient_color_from=&#8221;#6087b9&#8243; grandient_color_to=&#8221;#557bab&#8221; grandient_color_fallback=&#8221;#6087b9&#8243; url=&#8221;https:\/\/elspeedo.cz\/en\/order-your-new-el-speedo-backpacks\/&#8221; el_class=&#8221;btn-el-gradient-blue&#8221;]Price 109 \u20ac &#8211; Order now[\/mk_button_gradient][\/vc_column_inner][\/vc_row_inner][\/vc_column][\/mk_page_section][mk_page_section bg_color=&#8221;#e7e7e7&#8243; video_loop=&#8221;false&#8221; padding_top=&#8221;100&#8243; padding_bottom=&#8221;100&#8243; sidebar=&#8221;sidebar-1&#8243;][vc_column width=&#8221;2\/3&#8243;][vc_column_text align=&#8221;center&#8221;]\n<h1>Tough workhorse<\/h1>\n<p>QUICK PACK Solid is based on the proven design of El Speedo QUICK PACK Ultrino.\u00a0Clearly, however, in this variant we prefer durability and speed of use before the lowest possible weight. We created QUICK PACK Solid for daily use in our paragliding schools and for professional tandem pilots.[\/vc_column_text][\/vc_column][vc_column width=&#8221;1\/3&#8243;][vc_single_image image=&#8221;18112&#8243; img_size=&#8221;full&#8221; alignment=&#8221;center&#8221; style=&#8221;vc_box_rounded&#8221;][\/vc_column][\/mk_page_section][mk_page_section video_loop=&#8221;false&#8221; padding_top=&#8221;100&#8243; padding_bottom=&#8221;100&#8243; sidebar=&#8221;sidebar-1&#8243;][vc_column][vc_column_text align=&#8221;center&#8221;]\n<div class=\"clr\" style=\"text-align: center\"><span style=\"font-size: 50pt\">20 seconds,\u00a0<span style=\"font-size: 24pt\">which solve the situation<\/span><\/span><\/div>\n<p style=\"text-align: center\">Unclip nothing &#8211; canopy, harness, helmet and other staff just toss inside, pull the drawstring<br \/>\nand close 3 buckles&#8230;<\/p>\n[\/vc_column_text][vc_single_image image=&#8221;14083&#8243; img_size=&#8221;full&#8221; alignment=&#8221;center&#8221; style=&#8221;vc_box_rounded&#8221;][\/vc_column][\/mk_page_section][vc_row css=&#8221;.vc_custom_1482832496265{padding-top: 0px !important;}&#8221;][vc_column][vc_column_text]\n<h1 style=\"text-align: center\">Sizes and technical information<\/h1>\n[\/vc_column_text][mk_table style=&#8221;style2&#8243;]\n<table style=\"height: 118px\" width=\"1109\">\n<thead>\n<tr>\n<th style=\"text-align: center\">QUICK PACK SOLID<\/th>\n<th style=\"text-align: center\">M<\/th>\n<th style=\"text-align: center\">L<\/th>\n<\/tr>\n<\/thead>\n<tbody>\n<tr>\n<td style=\"text-align: center\"><\/td>\n<td style=\"text-align: center\"><\/td>\n<td style=\"text-align: center\"><\/td>\n<\/tr>\n<tr>\n<td style=\"text-align: center\"><\/td>\n<td style=\"text-align: center\"><\/td>\n<td style=\"text-align: center\"><\/td>\n<\/tr>\n<tr>\n<td style=\"text-align: center\">Weight (g)<\/td>\n<td style=\"text-align: center\">660 g<\/td>\n<td style=\"text-align: center\">680 g<\/td>\n<\/tr>\n<tr>\n<td style=\"text-align: center\"><\/td>\n<td style=\"text-align: center\"><\/td>\n<td style=\"text-align: center\"><\/td>\n<\/tr>\n<tr>\n<td style=\"text-align: center\"><strong>Price<\/strong><\/td>\n<td style=\"text-align: center\"><strong>106 \u20ac<\/strong><\/td>\n<td style=\"text-align: center\"><strong>109 \u20ac<\/strong><\/td>\n<\/tr>\n<\/tbody>\n<\/table>\n[\/mk_table][mk_padding_divider size=&#8221;80&#8243;][\/vc_column][\/vc_row][mk_page_section bg_color=&#8221;#272727&#8243; bg_position=&#8221;center center&#8221; video_loop=&#8221;false&#8221; js_vertical_centered=&#8221;true&#8221; padding_top=&#8221;80&#8243; padding_bottom=&#8221;80&#8243; el_class=&#8221;sc-dark&#8221; sidebar=&#8221;sidebar-1&#8243;][vc_column][vc_column_text disable_pattern=&#8221;false&#8221; align=&#8221;center&#8221;]\n<div class=\"clr\" style=\"text-align: center\"><span style=\"font-size: 24pt\">Buy for\u00a0<span style=\"font-size: 40pt\">GRADUATE PRICES<\/span><\/span><\/div>\n[\/vc_column_text][mk_padding_divider size=&#8221;20&#8243;][vc_column_text disable_pattern=&#8221;false&#8221; align=&#8221;center&#8221;]All graduates of our training programs are provided<\/p>\n<h2>10% discount and the possibility of arranging VAT deduction.<\/h2>\n<p>Get more information in El Speedo office via tel. +420 777 311 661[\/vc_column_text][\/vc_column][\/mk_page_section]\n<\/div>","protected":false},"excerpt":{"rendered":"<p>[mk_page_section video_loop=&#8221;false&#8221; min_height=&#8221;0&#8243; js_vertical_centered=&#8221;true&#8221; padding_top=&#8221;20&#8243; padding_bottom=&#8221;50&#8243; top_shape_color=&#8221;#ffffff&#8221; bottom_shape_color=&#8221;#ffffff&#8221; sidebar=&#8221;sidebar-1&#8243;][vc_column][vc_row_inner][vc_column_inner width=&#8221;1\/2&#8243;][vc_single_image image=&#8221;13716&#8243; img_size=&#8221;full&#8221; alignment=&#8221;center&#8221; style=&#8221;vc_box_rounded&#8221; css=&#8221;.vc_custom_1480688861365{padding-right: 0px !important;padding-left: 50px !important;}&#8221;][\/vc_column_inner][vc_column_inner width=&#8221;1\/2&#8243;][vc_column_text align=&#8221;right&#8221;] The end of bothering with packing If you fly regularly, you&#8217;ll find that you have no reason to push your PG equipment into any bag when you have El Speedo QUICK PACK Solid. Treat [&hellip;]<\/p>\n","protected":false},"author":4,"featured_media":0,"parent":26870,"menu_order":0,"comment_status":"closed","ping_status":"closed","template":"","meta":{"_tribe_blocks_recurrence_rules":"","_tribe_blocks_recurrence_exclusions":"","_tribe_blocks_recurrence_description":"","footnotes":""},"class_list":["post-27482","page","type-page","status-publish","hentry"],"yoast_head":"<!-- This site is optimized with the Yoast SEO plugin v27.0 - https:\/\/yoast.com\/product\/yoast-seo-wordpress\/ -->\n<title>El Speedo QUICK PACK Solid &#8212; El Speedo<\/title>\n<meta name=\"description\" content=\"El Speedo je nejv\u011bt\u0161\u00ed paraglidingov\u00e1 komunita a \u0161kola v \u010cR. Tandemov\u00e9 seskoky, kurzy, expedice a paragliding v\u00fdbava\" \/>\n<meta name=\"robots\" content=\"index, follow, max-snippet:-1, max-image-preview:large, max-video-preview:-1\" \/>\n<link rel=\"canonical\" href=\"https:\/\/elspeedo.cz\/vybaveni\/batohy-a-obaly\/elspeedo-rychlobal-solid\/\" \/>\n<meta property=\"og:locale\" content=\"en_US\" \/>\n<meta property=\"og:type\" content=\"article\" \/>\n<meta property=\"og:title\" content=\"El Speedo QUICK PACK Solid &#8212; El Speedo\" \/>\n<meta property=\"og:description\" content=\"El Speedo je nejv\u011bt\u0161\u00ed paraglidingov\u00e1 komunita a \u0161kola v \u010cR. Tandemov\u00e9 seskoky, kurzy, expedice a paragliding v\u00fdbava\" \/>\n<meta property=\"og:url\" content=\"https:\/\/elspeedo.cz\/vybaveni\/batohy-a-obaly\/elspeedo-rychlobal-solid\/\" \/>\n<meta property=\"og:site_name\" content=\"El Speedo\" \/>\n<meta property=\"article:publisher\" content=\"http:\/\/www.facebook.com\/paragliding.elspeedo.cz\/?fref=ts\" \/>\n<meta property=\"article:modified_time\" content=\"2022-02-09T10:22:28+00:00\" \/>\n<meta name=\"twitter:card\" content=\"summary_large_image\" \/>\n<meta name=\"twitter:label1\" content=\"Est. reading time\" \/>\n\t<meta name=\"twitter:data1\" content=\"2 minutes\" \/>\n<script type=\"application\/ld+json\" class=\"yoast-schema-graph\">{\"@context\":\"https:\/\/schema.org\",\"@graph\":[{\"@type\":\"WebPage\",\"@id\":\"https:\/\/elspeedo.cz\/vybaveni\/batohy-a-obaly\/elspeedo-rychlobal-solid\/\",\"url\":\"https:\/\/elspeedo.cz\/vybaveni\/batohy-a-obaly\/elspeedo-rychlobal-solid\/\",\"name\":\"El Speedo QUICK PACK Solid &#8212; El Speedo\",\"isPartOf\":{\"@id\":\"https:\/\/elspeedo.cz\/#website\"},\"datePublished\":\"2017-02-01T16:11:54+00:00\",\"dateModified\":\"2022-02-09T10:22:28+00:00\",\"description\":\"El Speedo je nejv\u011bt\u0161\u00ed paraglidingov\u00e1 komunita a \u0161kola v \u010cR. Tandemov\u00e9 seskoky, kurzy, expedice a paragliding v\u00fdbava\",\"breadcrumb\":{\"@id\":\"https:\/\/elspeedo.cz\/vybaveni\/batohy-a-obaly\/elspeedo-rychlobal-solid\/#breadcrumb\"},\"inLanguage\":\"en-US\",\"potentialAction\":[{\"@type\":\"ReadAction\",\"target\":[\"https:\/\/elspeedo.cz\/vybaveni\/batohy-a-obaly\/elspeedo-rychlobal-solid\/\"]}]},{\"@type\":\"BreadcrumbList\",\"@id\":\"https:\/\/elspeedo.cz\/vybaveni\/batohy-a-obaly\/elspeedo-rychlobal-solid\/#breadcrumb\",\"itemListElement\":[{\"@type\":\"ListItem\",\"position\":1,\"name\":\"Dom\u016f\",\"item\":\"https:\/\/elspeedo.cz\/en\/\"},{\"@type\":\"ListItem\",\"position\":2,\"name\":\"Equipment\",\"item\":\"https:\/\/elspeedo.cz\/en\/equipment-2\/\"},{\"@type\":\"ListItem\",\"position\":3,\"name\":\"Rucksacks and packs\",\"item\":\"https:\/\/elspeedo.cz\/en\/equipment-2\/rucksacks-and-packs-2\/\"},{\"@type\":\"ListItem\",\"position\":4,\"name\":\"El Speedo QUICK PACK Solid\"}]},{\"@type\":\"WebSite\",\"@id\":\"https:\/\/elspeedo.cz\/#website\",\"url\":\"https:\/\/elspeedo.cz\/\",\"name\":\"El Speedo\",\"description\":\"Paragliding - kurzy, vybaven\u00ed, v\u00fdlety, komunita\",\"potentialAction\":[{\"@type\":\"SearchAction\",\"target\":{\"@type\":\"EntryPoint\",\"urlTemplate\":\"https:\/\/elspeedo.cz\/?s={search_term_string}\"},\"query-input\":{\"@type\":\"PropertyValueSpecification\",\"valueRequired\":true,\"valueName\":\"search_term_string\"}}],\"inLanguage\":\"en-US\"}]}<\/script>\n<!-- \/ Yoast SEO plugin. -->","yoast_head_json":{"title":"El Speedo QUICK PACK Solid &#8212; El Speedo","description":"El Speedo je nejv\u011bt\u0161\u00ed paraglidingov\u00e1 komunita a \u0161kola v \u010cR. Tandemov\u00e9 seskoky, kurzy, expedice a paragliding v\u00fdbava","robots":{"index":"index","follow":"follow","max-snippet":"max-snippet:-1","max-image-preview":"max-image-preview:large","max-video-preview":"max-video-preview:-1"},"canonical":"https:\/\/elspeedo.cz\/vybaveni\/batohy-a-obaly\/elspeedo-rychlobal-solid\/","og_locale":"en_US","og_type":"article","og_title":"El Speedo QUICK PACK Solid &#8212; El Speedo","og_description":"El Speedo je nejv\u011bt\u0161\u00ed paraglidingov\u00e1 komunita a \u0161kola v \u010cR. Tandemov\u00e9 seskoky, kurzy, expedice a paragliding v\u00fdbava","og_url":"https:\/\/elspeedo.cz\/vybaveni\/batohy-a-obaly\/elspeedo-rychlobal-solid\/","og_site_name":"El Speedo","article_publisher":"http:\/\/www.facebook.com\/paragliding.elspeedo.cz\/?fref=ts","article_modified_time":"2022-02-09T10:22:28+00:00","twitter_card":"summary_large_image","twitter_misc":{"Est. reading time":"2 minutes"},"schema":{"@context":"https:\/\/schema.org","@graph":[{"@type":"WebPage","@id":"https:\/\/elspeedo.cz\/vybaveni\/batohy-a-obaly\/elspeedo-rychlobal-solid\/","url":"https:\/\/elspeedo.cz\/vybaveni\/batohy-a-obaly\/elspeedo-rychlobal-solid\/","name":"El Speedo QUICK PACK Solid &#8212; El Speedo","isPartOf":{"@id":"https:\/\/elspeedo.cz\/#website"},"datePublished":"2017-02-01T16:11:54+00:00","dateModified":"2022-02-09T10:22:28+00:00","description":"El Speedo je nejv\u011bt\u0161\u00ed paraglidingov\u00e1 komunita a \u0161kola v \u010cR. Tandemov\u00e9 seskoky, kurzy, expedice a paragliding v\u00fdbava","breadcrumb":{"@id":"https:\/\/elspeedo.cz\/vybaveni\/batohy-a-obaly\/elspeedo-rychlobal-solid\/#breadcrumb"},"inLanguage":"en-US","potentialAction":[{"@type":"ReadAction","target":["https:\/\/elspeedo.cz\/vybaveni\/batohy-a-obaly\/elspeedo-rychlobal-solid\/"]}]},{"@type":"BreadcrumbList","@id":"https:\/\/elspeedo.cz\/vybaveni\/batohy-a-obaly\/elspeedo-rychlobal-solid\/#breadcrumb","itemListElement":[{"@type":"ListItem","position":1,"name":"Dom\u016f","item":"https:\/\/elspeedo.cz\/en\/"},{"@type":"ListItem","position":2,"name":"Equipment","item":"https:\/\/elspeedo.cz\/en\/equipment-2\/"},{"@type":"ListItem","position":3,"name":"Rucksacks and packs","item":"https:\/\/elspeedo.cz\/en\/equipment-2\/rucksacks-and-packs-2\/"},{"@type":"ListItem","position":4,"name":"El Speedo QUICK PACK Solid"}]},{"@type":"WebSite","@id":"https:\/\/elspeedo.cz\/#website","url":"https:\/\/elspeedo.cz\/","name":"El Speedo","description":"Paragliding - kurzy, vybaven\u00ed, v\u00fdlety, komunita","potentialAction":[{"@type":"SearchAction","target":{"@type":"EntryPoint","urlTemplate":"https:\/\/elspeedo.cz\/?s={search_term_string}"},"query-input":{"@type":"PropertyValueSpecification","valueRequired":true,"valueName":"search_term_string"}}],"inLanguage":"en-US"}]}},"_links":{"self":[{"href":"https:\/\/elspeedo.cz\/en\/wp-json\/wp\/v2\/pages\/27482","targetHints":{"allow":["GET"]}}],"collection":[{"href":"https:\/\/elspeedo.cz\/en\/wp-json\/wp\/v2\/pages"}],"about":[{"href":"https:\/\/elspeedo.cz\/en\/wp-json\/wp\/v2\/types\/page"}],"author":[{"embeddable":true,"href":"https:\/\/elspeedo.cz\/en\/wp-json\/wp\/v2\/users\/4"}],"replies":[{"embeddable":true,"href":"https:\/\/elspeedo.cz\/en\/wp-json\/wp\/v2\/comments?post=27482"}],"version-history":[{"count":2,"href":"https:\/\/elspeedo.cz\/en\/wp-json\/wp\/v2\/pages\/27482\/revisions"}],"predecessor-version":[{"id":178242,"href":"https:\/\/elspeedo.cz\/en\/wp-json\/wp\/v2\/pages\/27482\/revisions\/178242"}],"up":[{"embeddable":true,"href":"https:\/\/elspeedo.cz\/en\/wp-json\/wp\/v2\/pages\/26870"}],"wp:attachment":[{"href":"https:\/\/elspeedo.cz\/en\/wp-json\/wp\/v2\/media?parent=27482"}],"curies":[{"name":"wp","href":"https:\/\/api.w.org\/{rel}","templated":true}]}}