{"id":27962,"date":"2017-02-05T09:54:49","date_gmt":"2017-02-05T08:54:49","guid":{"rendered":"https:\/\/elspeedo.cz\/courses-all\/absolventsky-program\/"},"modified":"2017-02-05T10:15:13","modified_gmt":"2017-02-05T09:15:13","slug":"el-speedo-pilot-levels","status":"publish","type":"page","link":"https:\/\/elspeedo.cz\/en\/courses-all-2\/el-speedo-pilot-levels\/","title":{"rendered":"El Speedo Pilot levels"},"content":{"rendered":"<div class=\"wpb-content-wrapper\">[vc_row css=&#8221;.vc_custom_1480675462135{padding-bottom: 20px !important;}&#8221;][vc_column width=&#8221;1\/2&#8243;][vc_single_image image=&#8221;14080&#8243; img_size=&#8221;full&#8221; alignment=&#8221;center&#8221; style=&#8221;vc_box_rounded&#8221;][\/vc_column][vc_column width=&#8221;1\/2&#8243;][vc_column_text disable_pattern=&#8221;false&#8221; align=&#8221;center&#8221;]\n<h1>We have common goal<\/h1>\n<h4>Your independent and safe free flying<\/h4>\n<div>\n<p>The paragliding world is all the time on the move. The equipment improves, the requirements for active piloting are increasing as well as performance. We develop paragliding gear and organise various expeditions in the highest mountains in the world. We also organise and participate paragliding competitions and with this experience we are changing our teaching methods. We are always one step forward and so are you.<br \/>\nThere are quite a few factors needed for the right understanding of each paragliding topic. The high quality lecturers, right timing of the lesson in the right settings. Theoretical tuition should be followed by practical training by experienced instructors so they can analyse common piloting fails. After all of this, the knowledge should be fixed with some more theory.<br \/>\nThat is why we offer in El Speedo all sorts of events and courses which will lead you from begining to independent free flying in the highest mountains in the world.<\/p>\n<\/div>\n[\/vc_column_text][\/vc_column][\/vc_row][mk_page_section bg_color=&#8221;#f4f4f4&#8243; bg_stretch=&#8221;true&#8221; video_loop=&#8221;false&#8221; padding_top=&#8221;100&#8243; padding_bottom=&#8221;100&#8243; el_class=&#8221;section-gray&#8221; sidebar=&#8221;sidebar-1&#8243;][vc_column][vc_column_text align=&#8221;center&#8221;]\n<h1><strong>Pilot categories and Graduates\u2018 discounts<\/strong><\/h1>\n[\/vc_column_text][mk_padding_divider][\/vc_column][vc_column width=&#8221;1\/12&#8243;][\/vc_column][vc_column width=&#8221;1\/6&#8243;][mk_button dimension=&#8221;outline&#8221; corner_style=&#8221;rounded&#8221; size=&#8221;large&#8221; url=&#8221;https:\/\/elspeedo.cz\/absolventsky-program\/#pilot-1&#8243; align=&#8221;center&#8221; margin_right=&#8221;0&#8243; el_class=&#8221;basic-button&#8221; outline_skin=&#8221;custom&#8221; outline_active_color=&#8221;#ffffff&#8221; outline_active_text_color=&#8221;#272727&#8243;]PILOT 1[\/mk_button][vc_column_text disable_pattern=&#8221;false&#8221; align=&#8221;center&#8221;]<strong>10% discount<\/strong>\u2022 \u00a0 Independent pilot after the elementary course \u2022 \u00a0 Pilot is flying with the assistance of an instructor[\/vc_column_text][\/vc_column][vc_column width=&#8221;1\/6&#8243;][mk_button dimension=&#8221;outline&#8221; corner_style=&#8221;rounded&#8221; size=&#8221;large&#8221; url=&#8221;https:\/\/elspeedo.cz\/absolventsky-program\/#pilot-2&#8243; align=&#8221;center&#8221; margin_right=&#8221;0&#8243; el_class=&#8221;basic-button&#8221; outline_skin=&#8221;custom&#8221; outline_active_color=&#8221;#ffffff&#8221; outline_active_text_color=&#8221;#272727&#8243;]PILOT 2[\/mk_button][vc_column_text disable_pattern=&#8221;false&#8221; align=&#8221;center&#8221;]\n<div><strong>10% discount <\/strong>The pilot is able to: \u2022 \u00a0 start perfectly \u2022 \u00a0 land with accuracy \u2022 \u00a0 do active piloting \u2022 \u00a0 at least two hours of thermalling<\/div>\n[\/vc_column_text][\/vc_column][vc_column width=&#8221;1\/6&#8243;][mk_button dimension=&#8221;outline&#8221; corner_style=&#8221;rounded&#8221; size=&#8221;large&#8221; url=&#8221;https:\/\/elspeedo.cz\/absolventsky-program\/#pilot-3&#8243; align=&#8221;center&#8221; margin_right=&#8221;0&#8243; el_class=&#8221;basic-button&#8221; outline_skin=&#8221;custom&#8221; outline_active_color=&#8221;#ffffff&#8221; outline_active_text_color=&#8221;#272727&#8243;]PILOT 3[\/mk_button][vc_column_text disable_pattern=&#8221;false&#8221; align=&#8221;center&#8221;]\n<div><strong>15% discount <\/strong>The pilot is able to perform: \u2022 \u00a0 descent maneuvers \u2022 \u00a0 escape maneuvers<\/div>\n<div>\u2022 \u00a0 frontal and asymetrical collapses \u2022 \u00a0 advanced active piloting \u2022 \u00a0 20 kilometres cross country flight<\/div>\n[\/vc_column_text][\/vc_column][vc_column width=&#8221;1\/6&#8243;][mk_button dimension=&#8221;outline&#8221; corner_style=&#8221;rounded&#8221; size=&#8221;large&#8221; url=&#8221;https:\/\/elspeedo.cz\/absolventsky-program\/#pilot-4&#8243; align=&#8221;center&#8221; margin_right=&#8221;0&#8243; el_class=&#8221;basic-button&#8221; outline_skin=&#8221;custom&#8221; outline_active_color=&#8221;#ffffff&#8221; outline_active_text_color=&#8221;#272727&#8243;]PILOT 4[\/mk_button][vc_column_text disable_pattern=&#8221;false&#8221; align=&#8221;center&#8221;]\n<div><strong>25% discount <\/strong>The pilot is able to perform: \u2022 \u00a0 50 kilometres cross country flight \u2022 \u00a0 Passed successfully SIV course in past two years<\/div>\n[\/vc_column_text][\/vc_column][vc_column width=&#8221;1\/6&#8243;][mk_button dimension=&#8221;outline&#8221; corner_style=&#8221;rounded&#8221; size=&#8221;large&#8221; url=&#8221;https:\/\/elspeedo.cz\/absolventsky-program\/#pilot-5&#8243; align=&#8221;center&#8221; margin_right=&#8221;0&#8243; el_class=&#8221;basic-button&#8221; outline_skin=&#8221;custom&#8221; outline_active_color=&#8221;#ffffff&#8221; outline_active_text_color=&#8221;#272727&#8243;]PILOT 5[\/mk_button][vc_column_text disable_pattern=&#8221;false&#8221; align=&#8221;center&#8221;]\n<div><strong>50% discount\u00a0<\/strong>The pilot:\u00a0\u2022 \u00a0 passed successfully thermal training<\/div>\n<div>\u2022 \u00a0 passed successfully XC training \u2022 \u00a0 participated one of El Speedo paragliding expedition in past two years \u2022 \u00a0 must successfully pass at least one day of SIV course each year.<\/div>\n[\/vc_column_text][\/vc_column][vc_column width=&#8221;1\/12&#8243;][\/vc_column][\/mk_page_section][vc_row css=&#8221;.vc_custom_1480676401471{padding-top: 70px !important;}&#8221;][vc_column][vc_column_text disable_pattern=&#8221;false&#8221; align=&#8221;center&#8221;]\n<h1>Detail specifications of El Speedo Pilot levels<\/h1>\n[\/vc_column_text][vc_column_text disable_pattern=&#8221;false&#8221; align=&#8221;center&#8221;]The El Speedo instructor tests and approves the level of piloting skills in or out its courses. Gained pilot level is registered either by the instructor himself on the course (if PES educational system is used) or in our El Speedo office.<\/p>\n<p>You can find out your pilot skill on your user account or directly in our office. Contact us by phone: 777\u00a0311\u00a0661 or by e-mail info (@) elspeedo.cz.[\/vc_column_text][\/vc_column][\/vc_row][vc_row][vc_column][vc_separator el_width=&#8221;80&#8243; el_class=&#8221;basic-separator&#8221;][\/vc_column][\/vc_row][vc_row fullwidth=&#8221;true&#8221; id=&#8221;pilot-1&#8243;][vc_column][vc_column_text disable_pattern=&#8221;false&#8221; align=&#8221;center&#8221;]\n<h1>El Speedo Pilot 1<\/h1>\n<p>Independent pilot after the elementary course<\/p>\n<ul>\n<li>the pilot is able to independently take off, fly, get close correctly to the landing site and land safely. Pilot may be assisted by an instructor<\/li>\n<li>the pilot demands assistance of an instructor, together they evaluate conditions, an instructor is in contact with the pilot by walkie-talkie and helps him to take off and land<\/li>\n<\/ul>\n[\/vc_column_text][vc_separator el_width=&#8221;80&#8243; el_class=&#8221;basic-separator&#8221;][\/vc_column][\/vc_row][vc_row id=&#8221;pilot-2&#8243;][vc_column][vc_column_text disable_pattern=&#8221;false&#8221; align=&#8221;center&#8221;]\n<h1>El Speedo Pilot 2<\/h1>\n<p><strong>Perfect start:<\/strong><\/p>\n<ul>\n<li>the pilot can handle all three phases of start smoothly (inflate the glider, control look and smooth gaining of speed<\/li>\n<li>the pilot is able to perform at least one techniques of reverse start (with forehead to the glider)<\/li>\n<\/ul>\n<p><strong>Accuracy landing:<\/strong><\/p>\n<ul>\n<li>the pilot is able to land into 15 metres radius and uses brakes with right timing<\/li>\n<\/ul>\n<p><strong>Active piloting:<\/strong><\/p>\n<ul>\n<li>the pilot eliminates effectively frontal swinging of the glider and uses weightshifting when making a rotation or passing turbulence<\/li>\n<li><strong>Two hours of thermalling\u00a0<\/strong>pilot is able to perform two-hour flight recorded by GPS<\/li>\n<\/ul>\n[\/vc_column_text][vc_separator el_width=&#8221;80&#8243; el_class=&#8221;basic-separator&#8221;][\/vc_column][\/vc_row][vc_row id=&#8221;pilot-3&#8243;][vc_column][vc_column_text disable_pattern=&#8221;false&#8221; align=&#8221;center&#8221;]\n<h1>El Speedo Pilot 3<\/h1>\n<div>\n<p><strong>Descent maneuvers:<\/strong><\/p>\n<ul>\n<li>the pilot is able to perform independently B-stall and big ears<\/li>\n<\/ul>\n<p><strong>Escape maneuvers:<\/strong><\/p>\n<ul>\n<li>the pilot is able to fly with small and big ears while using the speed system in the same time<\/li>\n<\/ul>\n<p><strong>Frontal and asymetrical collapses:<\/strong><\/p>\n<ul>\n<li>the pilot is able to handle asymetrical collapse (deformation of the leading edge done by pulling at least 50 % of A risers) when using maximum speed bar<\/li>\n<li>the pilot is able to solve consequences of full symetrical collapse on full speed of the canopy (using maximum speed bar)<\/li>\n<\/ul>\n<p><strong>Advanced active piloting:<\/strong><\/p>\n<ul>\n<li>the pilot is able to perform swing independently, ie. frontal swinging of the canopy<\/li>\n<li>the pilot is able to handle to exit the dynamic rotation<\/li>\n<li>the pilot is perform landing<\/li>\n<\/ul>\n<p><strong>Twenty kilometres cross country flight:<\/strong><\/p>\n<ul>\n<li>independent flight recorded by GPS according to valid FAI rules<\/li>\n<\/ul>\n<\/div>\n[\/vc_column_text][vc_separator el_width=&#8221;80&#8243; el_class=&#8221;basic-separator&#8221;][\/vc_column][\/vc_row][vc_row id=&#8221;pilot-4&#8243;][vc_column][vc_column_text disable_pattern=&#8221;false&#8221; align=&#8221;center&#8221;]\n<h1>El Speedo Pilot 4<\/h1>\n<p>&nbsp;<\/p>\n<p><strong>Fifty kilometres cross country flight:<\/strong><\/p>\n<ul>\n<li>independent flight recorded by GPS according to valid FAI rules<\/li>\n<\/ul>\n<p><strong>Successful graduate of SIV course in past two years:<\/strong><\/p>\n<ul>\n<li>the pilot manage all outline of SIV course (various types of collapse on full speed, descent and escape maneuvers including spiral dive, controled spin and full stall).<\/li>\n<\/ul>\n[\/vc_column_text][vc_separator el_width=&#8221;80&#8243; el_class=&#8221;basic-separator&#8221;][\/vc_column][\/vc_row][vc_row id=&#8221;pilot-5&#8243;][vc_column][vc_column_text disable_pattern=&#8221;false&#8221; align=&#8221;center&#8221;]\n<h1>El Speedo Pilot 5<\/h1>\n<div>\n<p><strong>Successful graduate of the thermal training:<\/strong><\/p>\n<ul>\n<li>the pilot is able to choose correctly suitable site and is can do thermalling effectively<\/li>\n<li>the pilot handles active recentering of a thermal<\/li>\n<\/ul>\n<p><strong>Successful graduate of the XC training:<\/strong><\/p>\n<ul>\n<li>the pilot is able to prepare and perform independently daily flight plan<\/li>\n<li>the pilot actively reacts if the weather worsen<\/li>\n<\/ul>\n<p><strong>Participant of one of El Speedo paragliding expeditions in past two years:<\/strong><\/p>\n<ul>\n<li>the pilot must successfully undergo at least one training day on SIV course each year:<\/li>\n<li>the pilot regularly refreshes his piloting skills in non-standard flight modes and is able to perform them with no mistake to an instructor<\/li>\n<\/ul>\n<\/div>\n[\/vc_column_text][vc_separator el_width=&#8221;80&#8243; el_class=&#8221;basic-separator&#8221;][\/vc_column][\/vc_row]\n<\/div>","protected":false},"excerpt":{"rendered":"<p>[vc_row css=&#8221;.vc_custom_1480675462135{padding-bottom: 20px !important;}&#8221;][vc_column width=&#8221;1\/2&#8243;][vc_single_image image=&#8221;14080&#8243; img_size=&#8221;full&#8221; alignment=&#8221;center&#8221; style=&#8221;vc_box_rounded&#8221;][\/vc_column][vc_column width=&#8221;1\/2&#8243;][vc_column_text disable_pattern=&#8221;false&#8221; align=&#8221;center&#8221;] We have common goal Your independent and safe free flying The paragliding world is all the time on the move. The equipment improves, the requirements for active piloting are increasing as well as performance. We develop paragliding gear and organise various expeditions in [&hellip;]<\/p>\n","protected":false},"author":4,"featured_media":0,"parent":15504,"menu_order":0,"comment_status":"closed","ping_status":"closed","template":"","meta":{"_tribe_blocks_recurrence_rules":"","_tribe_blocks_recurrence_exclusions":"","_tribe_blocks_recurrence_description":"","footnotes":""},"class_list":["post-27962","page","type-page","status-publish","hentry"],"yoast_head":"<!-- This site is optimized with the Yoast SEO plugin v27.0 - https:\/\/yoast.com\/product\/yoast-seo-wordpress\/ -->\n<title>El Speedo Pilot levels &#8212; El Speedo<\/title>\n<meta name=\"description\" content=\"El Speedo je nejv\u011bt\u0161\u00ed paraglidingov\u00e1 komunita a \u0161kola v \u010cR. Tandemov\u00e9 seskoky, kurzy, expedice a paragliding v\u00fdbava\" \/>\n<meta name=\"robots\" content=\"index, follow, max-snippet:-1, max-image-preview:large, max-video-preview:-1\" \/>\n<link rel=\"canonical\" href=\"https:\/\/elspeedo.cz\/en\/courses-all-2\/el-speedo-pilot-levels\/\" \/>\n<meta property=\"og:locale\" content=\"en_US\" \/>\n<meta property=\"og:type\" content=\"article\" \/>\n<meta property=\"og:title\" content=\"El Speedo Pilot levels &#8212; El Speedo\" \/>\n<meta property=\"og:description\" content=\"El Speedo je nejv\u011bt\u0161\u00ed paraglidingov\u00e1 komunita a \u0161kola v \u010cR. Tandemov\u00e9 seskoky, kurzy, expedice a paragliding v\u00fdbava\" \/>\n<meta property=\"og:url\" content=\"https:\/\/elspeedo.cz\/en\/courses-all-2\/el-speedo-pilot-levels\/\" \/>\n<meta property=\"og:site_name\" content=\"El Speedo\" \/>\n<meta property=\"article:publisher\" content=\"http:\/\/www.facebook.com\/paragliding.elspeedo.cz\/?fref=ts\" \/>\n<meta property=\"article:modified_time\" content=\"2017-02-05T09:15:13+00:00\" \/>\n<meta name=\"twitter:card\" content=\"summary_large_image\" \/>\n<meta name=\"twitter:label1\" content=\"Est. reading time\" \/>\n\t<meta name=\"twitter:data1\" content=\"7 minutes\" \/>\n<script type=\"application\/ld+json\" class=\"yoast-schema-graph\">{\"@context\":\"https:\/\/schema.org\",\"@graph\":[{\"@type\":\"WebPage\",\"@id\":\"https:\/\/elspeedo.cz\/en\/courses-all-2\/el-speedo-pilot-levels\/\",\"url\":\"https:\/\/elspeedo.cz\/en\/courses-all-2\/el-speedo-pilot-levels\/\",\"name\":\"El Speedo Pilot levels &#8212; El Speedo\",\"isPartOf\":{\"@id\":\"https:\/\/elspeedo.cz\/#website\"},\"datePublished\":\"2017-02-05T08:54:49+00:00\",\"dateModified\":\"2017-02-05T09:15:13+00:00\",\"description\":\"El Speedo je nejv\u011bt\u0161\u00ed paraglidingov\u00e1 komunita a \u0161kola v \u010cR. Tandemov\u00e9 seskoky, kurzy, expedice a paragliding v\u00fdbava\",\"breadcrumb\":{\"@id\":\"https:\/\/elspeedo.cz\/en\/courses-all-2\/el-speedo-pilot-levels\/#breadcrumb\"},\"inLanguage\":\"en-US\",\"potentialAction\":[{\"@type\":\"ReadAction\",\"target\":[\"https:\/\/elspeedo.cz\/en\/courses-all-2\/el-speedo-pilot-levels\/\"]}]},{\"@type\":\"BreadcrumbList\",\"@id\":\"https:\/\/elspeedo.cz\/en\/courses-all-2\/el-speedo-pilot-levels\/#breadcrumb\",\"itemListElement\":[{\"@type\":\"ListItem\",\"position\":1,\"name\":\"Dom\u016f\",\"item\":\"https:\/\/elspeedo.cz\/en\/\"},{\"@type\":\"ListItem\",\"position\":2,\"name\":\"Courses\",\"item\":\"https:\/\/elspeedo.cz\/en\/courses-all-2\/\"},{\"@type\":\"ListItem\",\"position\":3,\"name\":\"El Speedo Pilot levels\"}]},{\"@type\":\"WebSite\",\"@id\":\"https:\/\/elspeedo.cz\/#website\",\"url\":\"https:\/\/elspeedo.cz\/\",\"name\":\"El Speedo\",\"description\":\"Paragliding - kurzy, vybaven\u00ed, v\u00fdlety, komunita\",\"potentialAction\":[{\"@type\":\"SearchAction\",\"target\":{\"@type\":\"EntryPoint\",\"urlTemplate\":\"https:\/\/elspeedo.cz\/?s={search_term_string}\"},\"query-input\":{\"@type\":\"PropertyValueSpecification\",\"valueRequired\":true,\"valueName\":\"search_term_string\"}}],\"inLanguage\":\"en-US\"}]}<\/script>\n<!-- \/ Yoast SEO plugin. -->","yoast_head_json":{"title":"El Speedo Pilot levels &#8212; El Speedo","description":"El Speedo je nejv\u011bt\u0161\u00ed paraglidingov\u00e1 komunita a \u0161kola v \u010cR. Tandemov\u00e9 seskoky, kurzy, expedice a paragliding v\u00fdbava","robots":{"index":"index","follow":"follow","max-snippet":"max-snippet:-1","max-image-preview":"max-image-preview:large","max-video-preview":"max-video-preview:-1"},"canonical":"https:\/\/elspeedo.cz\/en\/courses-all-2\/el-speedo-pilot-levels\/","og_locale":"en_US","og_type":"article","og_title":"El Speedo Pilot levels &#8212; El Speedo","og_description":"El Speedo je nejv\u011bt\u0161\u00ed paraglidingov\u00e1 komunita a \u0161kola v \u010cR. Tandemov\u00e9 seskoky, kurzy, expedice a paragliding v\u00fdbava","og_url":"https:\/\/elspeedo.cz\/en\/courses-all-2\/el-speedo-pilot-levels\/","og_site_name":"El Speedo","article_publisher":"http:\/\/www.facebook.com\/paragliding.elspeedo.cz\/?fref=ts","article_modified_time":"2017-02-05T09:15:13+00:00","twitter_card":"summary_large_image","twitter_misc":{"Est. reading time":"7 minutes"},"schema":{"@context":"https:\/\/schema.org","@graph":[{"@type":"WebPage","@id":"https:\/\/elspeedo.cz\/en\/courses-all-2\/el-speedo-pilot-levels\/","url":"https:\/\/elspeedo.cz\/en\/courses-all-2\/el-speedo-pilot-levels\/","name":"El Speedo Pilot levels &#8212; El Speedo","isPartOf":{"@id":"https:\/\/elspeedo.cz\/#website"},"datePublished":"2017-02-05T08:54:49+00:00","dateModified":"2017-02-05T09:15:13+00:00","description":"El Speedo je nejv\u011bt\u0161\u00ed paraglidingov\u00e1 komunita a \u0161kola v \u010cR. Tandemov\u00e9 seskoky, kurzy, expedice a paragliding v\u00fdbava","breadcrumb":{"@id":"https:\/\/elspeedo.cz\/en\/courses-all-2\/el-speedo-pilot-levels\/#breadcrumb"},"inLanguage":"en-US","potentialAction":[{"@type":"ReadAction","target":["https:\/\/elspeedo.cz\/en\/courses-all-2\/el-speedo-pilot-levels\/"]}]},{"@type":"BreadcrumbList","@id":"https:\/\/elspeedo.cz\/en\/courses-all-2\/el-speedo-pilot-levels\/#breadcrumb","itemListElement":[{"@type":"ListItem","position":1,"name":"Dom\u016f","item":"https:\/\/elspeedo.cz\/en\/"},{"@type":"ListItem","position":2,"name":"Courses","item":"https:\/\/elspeedo.cz\/en\/courses-all-2\/"},{"@type":"ListItem","position":3,"name":"El Speedo Pilot levels"}]},{"@type":"WebSite","@id":"https:\/\/elspeedo.cz\/#website","url":"https:\/\/elspeedo.cz\/","name":"El Speedo","description":"Paragliding - kurzy, vybaven\u00ed, v\u00fdlety, komunita","potentialAction":[{"@type":"SearchAction","target":{"@type":"EntryPoint","urlTemplate":"https:\/\/elspeedo.cz\/?s={search_term_string}"},"query-input":{"@type":"PropertyValueSpecification","valueRequired":true,"valueName":"search_term_string"}}],"inLanguage":"en-US"}]}},"_links":{"self":[{"href":"https:\/\/elspeedo.cz\/en\/wp-json\/wp\/v2\/pages\/27962","targetHints":{"allow":["GET"]}}],"collection":[{"href":"https:\/\/elspeedo.cz\/en\/wp-json\/wp\/v2\/pages"}],"about":[{"href":"https:\/\/elspeedo.cz\/en\/wp-json\/wp\/v2\/types\/page"}],"author":[{"embeddable":true,"href":"https:\/\/elspeedo.cz\/en\/wp-json\/wp\/v2\/users\/4"}],"replies":[{"embeddable":true,"href":"https:\/\/elspeedo.cz\/en\/wp-json\/wp\/v2\/comments?post=27962"}],"version-history":[{"count":0,"href":"https:\/\/elspeedo.cz\/en\/wp-json\/wp\/v2\/pages\/27962\/revisions"}],"up":[{"embeddable":true,"href":"https:\/\/elspeedo.cz\/en\/wp-json\/wp\/v2\/pages\/15504"}],"wp:attachment":[{"href":"https:\/\/elspeedo.cz\/en\/wp-json\/wp\/v2\/media?parent=27962"}],"curies":[{"name":"wp","href":"https:\/\/api.w.org\/{rel}","templated":true}]}}