{"id":35198,"date":"2017-04-03T09:41:36","date_gmt":"2017-04-03T08:41:36","guid":{"rendered":"https:\/\/elspeedo.cz\/?page_id=35198\/"},"modified":"2017-05-24T10:29:39","modified_gmt":"2017-05-24T09:29:39","slug":"about-us","status":"publish","type":"page","link":"https:\/\/elspeedo.cz\/en\/about-us\/","title":{"rendered":"About us"},"content":{"rendered":"<div class=\"wpb-content-wrapper\">[vc_row][vc_column width=&#8221;1\/4&#8243;][vc_single_image image=&#8221;14315&#8243; img_size=&#8221;full&#8221; alignment=&#8221;center&#8221; style=&#8221;vc_box_rounded&#8221; title=&#8221;Dalibor Carbol&#8221;][\/vc_column][vc_column width=&#8221;1\/4&#8243;][vc_single_image image=&#8221;14316&#8243; img_size=&#8221;full&#8221; alignment=&#8221;center&#8221; style=&#8221;vc_box_rounded&#8221; title=&#8221;Slavom\u00edr Tmej&#8221;][\/vc_column][vc_column width=&#8221;1\/4&#8243;][vc_single_image image=&#8221;14312&#8243; img_size=&#8221;full&#8221; alignment=&#8221;center&#8221; style=&#8221;vc_box_rounded&#8221; title=&#8221;Petr B\u00e1rtek&#8221;][\/vc_column][vc_column width=&#8221;1\/4&#8243;][vc_single_image image=&#8221;14313&#8243; img_size=&#8221;full&#8221; alignment=&#8221;center&#8221; style=&#8221;vc_box_rounded&#8221; title=&#8221;Ren\u00e9 Podpinka&#8221;][\/vc_column][\/vc_row][vc_row][vc_column width=&#8221;1\/4&#8243;][vc_single_image image=&#8221;13910&#8243; img_size=&#8221;full&#8221; alignment=&#8221;center&#8221; style=&#8221;vc_box_rounded&#8221; title=&#8221;Karel Vrbensk\u00fd&#8221;][\/vc_column][vc_column width=&#8221;1\/4&#8243;][vc_single_image image=&#8221;14314&#8243; img_size=&#8221;full&#8221; alignment=&#8221;center&#8221; style=&#8221;vc_box_rounded&#8221; title=&#8221;Zden\u011bk \u010cerm\u00e1k&#8221;][\/vc_column][vc_column width=&#8221;1\/4&#8243;][vc_single_image image=&#8221;14322&#8243; img_size=&#8221;full&#8221; alignment=&#8221;center&#8221; style=&#8221;vc_box_rounded&#8221; title=&#8221;Michal Krysta&#8221;][\/vc_column][vc_column width=&#8221;1\/4&#8243;][vc_single_image image=&#8221;14323&#8243; img_size=&#8221;full&#8221; alignment=&#8221;center&#8221; style=&#8221;vc_box_rounded&#8221; title=&#8221;Jan Stan\u00edk&#8221;][\/vc_column][\/vc_row][vc_row][vc_column width=&#8221;1\/4&#8243;][vc_single_image image=&#8221;14330&#8243; img_size=&#8221;full&#8221; alignment=&#8221;center&#8221; style=&#8221;vc_box_rounded&#8221; title=&#8221;Tadeusz Czapla&#8221;][\/vc_column][vc_column width=&#8221;1\/4&#8243;][vc_single_image image=&#8221;51647&#8243; img_size=&#8221;full&#8221; alignment=&#8221;center&#8221; style=&#8221;vc_box_rounded&#8221; title=&#8221;Radek Kuczinski&#8221;][\/vc_column][vc_column width=&#8221;1\/4&#8243;][vc_single_image image=&#8221;21517&#8243; img_size=&#8221;full&#8221; alignment=&#8221;center&#8221; style=&#8221;vc_box_rounded&#8221; title=&#8221;Pavel Wronka&#8221;][\/vc_column][vc_column width=&#8221;1\/4&#8243;][vc_single_image image=&#8221;51661&#8243; img_size=&#8221;full&#8221; alignment=&#8221;center&#8221; style=&#8221;vc_box_rounded&#8221; title=&#8221;Veronika Orlivov\u00e1&#8221;][\/vc_column][\/vc_row][vc_row][vc_column width=&#8221;1\/4&#8243;][vc_single_image image=&#8221;51654&#8243; img_size=&#8221;full&#8221; alignment=&#8221;center&#8221; style=&#8221;vc_box_rounded&#8221; title=&#8221;Jan Koval&#8221;][\/vc_column][vc_column width=&#8221;1\/4&#8243;][vc_single_image image=&#8221;51657&#8243; img_size=&#8221;full&#8221; alignment=&#8221;center&#8221; style=&#8221;vc_box_rounded&#8221; title=&#8221;Ale\u0161 R\u00e1ra&#8221;][\/vc_column][vc_column width=&#8221;1\/4&#8243;][vc_single_image image=&#8221;51664&#8243; img_size=&#8221;full&#8221; alignment=&#8221;center&#8221; style=&#8221;vc_box_rounded&#8221; title=&#8221;V\u00edt Mal\u00fd&#8221;][\/vc_column][vc_column width=&#8221;1\/4&#8243;][vc_single_image image=&#8221;51677&#8243; img_size=&#8221;full&#8221; alignment=&#8221;center&#8221; style=&#8221;vc_box_rounded&#8221; title=&#8221;Michal Pavliska&#8221;][\/vc_column][\/vc_row][vc_row][vc_column width=&#8221;1\/4&#8243;][vc_single_image image=&#8221;51673&#8243; img_size=&#8221;full&#8221; alignment=&#8221;center&#8221; style=&#8221;vc_box_rounded&#8221; title=&#8221;Blanka Sm\u00e9kalov\u00e1&#8221;][\/vc_column][vc_column width=&#8221;1\/4&#8243;][vc_single_image image=&#8221;51668&#8243; img_size=&#8221;full&#8221; alignment=&#8221;center&#8221; style=&#8221;vc_box_rounded&#8221; title=&#8221;Kamil \u0160rotek&#8221;][\/vc_column][vc_column width=&#8221;1\/4&#8243;][vc_single_image image=&#8221;35624&#8243; img_size=&#8221;full&#8221; alignment=&#8221;center&#8221; style=&#8221;vc_box_rounded&#8221; title=&#8221;Marcela M\u011bchurov\u00e1&#8221;][\/vc_column][vc_column width=&#8221;1\/4&#8243;][\/vc_column][\/vc_row][mk_page_section video_loop=&#8221;false&#8221; padding_top=&#8221;0&#8243; padding_bottom=&#8221;20&#8243; sidebar=&#8221;sidebar-1&#8243;][vc_column][vc_column_text]We created the El Speedo project as a place where we can fully demonstrate our active way of life, our invention and energy, with which we often respond to all sorts of challenges and seemingly unsolvable situations.<\/p>\n<p>We are a group of more than thirty friends, sportsmen, who share the same values \u200b\u200bof life and are trying to spend their hobbies in today&#8217;s hurried time to such an extent that they have become our common work. We really love our work because we spend most of it in the air, in the mountains, in the water and especially in the company of you who use our services. And thanks to you and your enthusiasm and satisfaction in this activity, we continue to work and we strive to move further on to each further action.<\/p>\n<p>Since 2001 we have implemented and are constantly developing the following projects:[\/vc_column_text][\/vc_column][\/mk_page_section][mk_page_section video_loop=&#8221;false&#8221; padding_top=&#8221;20&#8243; padding_bottom=&#8221;20&#8243; sidebar=&#8221;sidebar-1&#8243;][vc_column width=&#8221;1\/4&#8243;][vc_single_image image=&#8221;16769&#8243; img_size=&#8221;full&#8221; alignment=&#8221;center&#8221; style=&#8221;vc_box_rounded&#8221; onclick=&#8221;custom_link&#8221; link=&#8221;https:\/\/elspeedo.cz\/en\/courses-all\/elementary-paragliding-course\/&#8221;][\/vc_column][vc_column width=&#8221;3\/4&#8243;][vc_column_text]<strong>Beskydsk\u00e1 \u0161kola l\u00e9t\u00e1n\u00ed &#8211;\u00a0 paragliding school in Beskydy<\/strong><\/p>\n<p>The largest training center for paragliding in Czech, Polish, English and Russian. We are leaders in Czech-Slovak-Polish paragliding learning, we provide above-standard service. We train in a team of ten experienced instructors, we have our own flight site, e-learning, our own learning books, a fine-tuned training methodology, and the enormous enthusiasm with which we continue to learn.[\/vc_column_text][mk_button dimension=&#8221;outline&#8221; corner_style=&#8221;rounded&#8221; size=&#8221;large&#8221; url=&#8221;https:\/\/elspeedo.cz\/en\/courses-all\/elementary-paragliding-course\/&#8221; margin_right=&#8221;0&#8243; el_class=&#8221;basic-button&#8221;]See website[\/mk_button][\/vc_column][\/mk_page_section][mk_page_section video_loop=&#8221;false&#8221; padding_top=&#8221;20&#8243; padding_bottom=&#8221;20&#8243; sidebar=&#8221;sidebar-1&#8243;][vc_column width=&#8221;1\/4&#8243;][vc_single_image image=&#8221;17319&#8243; img_size=&#8221;full&#8221; alignment=&#8221;center&#8221; style=&#8221;vc_box_rounded&#8221; onclick=&#8221;custom_link&#8221; link=&#8221;http:\/\/www.paragliding-praha.cz&#8221;][\/vc_column][vc_column width=&#8221;3\/4&#8243;][vc_column_text]\n<h3><strong>ALTO Paragliding School<\/strong><\/h3>\n<p>Elementary paragliding training in other parts of the Czech Republic. First we will come to you, we will train you the basics on the lower hills. And if you like flying from the biggest moutains, you will come to us in the best locations for high-altitude flights. This is a simple rule that we are trying to get as close as possible to your basic paragliding training at Alto Paragliding School.[\/vc_column_text][mk_button dimension=&#8221;outline&#8221; corner_style=&#8221;rounded&#8221; size=&#8221;large&#8221; url=&#8221;http:\/\/www.paragliding-praha.cz&#8221; margin_right=&#8221;0&#8243; el_class=&#8221;basic-button&#8221;]See website[\/mk_button][\/vc_column][\/mk_page_section][mk_page_section video_loop=&#8221;false&#8221; padding_top=&#8221;20&#8243; padding_bottom=&#8221;20&#8243; sidebar=&#8221;sidebar-1&#8243;][vc_column width=&#8221;1\/4&#8243;][vc_single_image image=&#8221;18208&#8243; img_size=&#8221;full&#8221; alignment=&#8221;center&#8221; style=&#8221;vc_box_rounded&#8221; onclick=&#8221;custom_link&#8221; link=&#8221;https:\/\/elspeedo.cz\/en\/courses-all\/&#8221;][\/vc_column][vc_column width=&#8221;3\/4&#8243;][vc_column_text]\n<h3><strong>El Speedo &#8211; training centre\u00a0<\/strong><\/h3>\n<p>We offer continuing training for new pilots after elementary training and for pilots who want to develop their flying skills. Here you will find After elementary paragliding training, Thermal Flying Training, APT Training, Expedition Trips, SIV COMBO, Perfect Start Training and Precision Landing, Dungeon Training, HAWK 2-Year Training Program, and Individual Training, XC Training, Expedition Trips and Bivouac Expeditions. As well we offer sport events in the Czech Republic and Slovakia.<\/p>\n<p>Only such complexity in teaching and subsequent training can be found here. Because with El Speed \u200b\u200byou have a steady lead &#8211; thanks to access\u00a0 to training &#8230;[\/vc_column_text][mk_button dimension=&#8221;outline&#8221; corner_style=&#8221;rounded&#8221; size=&#8221;large&#8221; url=&#8221;https:\/\/elspeedo.cz\/en\/courses-all\/&#8221; margin_right=&#8221;0&#8243; el_class=&#8221;basic-button&#8221;]See website[\/mk_button][\/vc_column][\/mk_page_section][mk_page_section video_loop=&#8221;false&#8221; padding_top=&#8221;20&#8243; padding_bottom=&#8221;20&#8243; sidebar=&#8221;sidebar-1&#8243;][vc_column width=&#8221;1\/4&#8243;][vc_single_image image=&#8221;17862&#8243; img_size=&#8221;full&#8221; alignment=&#8221;center&#8221; style=&#8221;vc_box_rounded&#8221; onclick=&#8221;custom_link&#8221; link=&#8221;https:\/\/elspeedo.cz\/en\/tandem-flying\/&#8221;][\/vc_column][vc_column width=&#8221;3\/4&#8243;][vc_column_text]\n<h3><strong>El Speedo &#8211; paragliding tandem flights\u00a0<\/strong><\/h3>\n<p>We have been involved in tandem flying since 1996. This is a lot of experience, many experiences and many satisfied clients. Abnormally many. We are experienced instructors and long-time XC flight coaches. We have been participating in representative teams, successful participation in international competitions, we are involved in the development of new paragliding equipment &#8211; free flying is our world.<\/p>\n<p>And you have the possibility to fly with high above the countryside and enjoy the feeling of free movement in space.\u00a0We look forward to see you&#8230;<\/p>\n[\/vc_column_text][mk_button dimension=&#8221;outline&#8221; corner_style=&#8221;rounded&#8221; size=&#8221;large&#8221; url=&#8221;https:\/\/elspeedo.cz\/en\/tandem-flying\/&#8221; margin_right=&#8221;0&#8243; el_class=&#8221;basic-button&#8221;]Tandem flights[\/mk_button][\/vc_column][\/mk_page_section][mk_page_section video_loop=&#8221;false&#8221; padding_top=&#8221;20&#8243; padding_bottom=&#8221;20&#8243; sidebar=&#8221;sidebar-1&#8243;][vc_column width=&#8221;1\/4&#8243;][vc_single_image image=&#8221;17139&#8243; img_size=&#8221;full&#8221; alignment=&#8221;center&#8221; style=&#8221;vc_box_rounded&#8221; onclick=&#8221;custom_link&#8221; link=&#8221;https:\/\/elspeedo.cz\/en\/equipment\/&#8221;][\/vc_column][vc_column width=&#8221;3\/4&#8243;][vc_column_text]\n<h3><strong>El Speedo &#8211; d<\/strong>evelopment and production of paragliding equipment<\/h3>\n<p>As early as 2011, we strarted the development of own paragliding equipment that we first used in our alpine expeditions and we have gradually involved it in our regular flying. Today we offer a complete paragliding assortment and we are proud of it.<\/p>\n<p>See more about our equipment &#8230;<\/p>\n[\/vc_column_text][mk_button dimension=&#8221;outline&#8221; corner_style=&#8221;rounded&#8221; size=&#8221;large&#8221; url=&#8221;https:\/\/elspeedo.cz\/en\/equipment\/&#8221; margin_right=&#8221;0&#8243; el_class=&#8221;basic-button&#8221;]See website[\/mk_button][\/vc_column][\/mk_page_section][mk_page_section video_loop=&#8221;false&#8221; padding_top=&#8221;20&#8243; padding_bottom=&#8221;20&#8243; sidebar=&#8221;sidebar-1&#8243;][vc_column width=&#8221;1\/4&#8243;][vc_single_image image=&#8221;18213&#8243; img_size=&#8221;full&#8221; alignment=&#8221;center&#8221; style=&#8221;vc_box_rounded&#8221; onclick=&#8221;custom_link&#8221; link=&#8221;https:\/\/elspeedo.cz\/en\/&#8221;][\/vc_column][vc_column width=&#8221;3\/4&#8243;][vc_column_text]\n<h3><strong>El Speedo &#8211;\u00a0flying community<\/strong><\/h3>\n<p>We organize contests, meetings, cycles of paragliding seminars \u2013 PARASEM. In cooperation with Beskydy Mountain Rescue we build a network of Beskydy weather stations. We \u00a0maintain flight sites and airfields, organize travel lectures, publish in newspapers and magazines, debate in the media.<\/p>\n<p>All this and a little more with the other pilots who care about flying freely and doing good.<\/p>\n[\/vc_column_text][mk_button dimension=&#8221;outline&#8221; corner_style=&#8221;rounded&#8221; size=&#8221;large&#8221; url=&#8221;https:\/\/elspeedo.cz\/en\/&#8221; margin_right=&#8221;0&#8243; el_class=&#8221;basic-button&#8221;]See website[\/mk_button][\/vc_column][\/mk_page_section][mk_page_section video_loop=&#8221;false&#8221; padding_top=&#8221;20&#8243; padding_bottom=&#8221;20&#8243; sidebar=&#8221;sidebar-1&#8243;][vc_column width=&#8221;1\/4&#8243;][vc_single_image image=&#8221;17023&#8243; img_size=&#8221;full&#8221; alignment=&#8221;center&#8221; style=&#8221;vc_box_rounded&#8221; onclick=&#8221;custom_link&#8221; link=&#8221;https:\/\/elspeedo.cz\/en\/fly7000\/&#8221;][\/vc_column][vc_column width=&#8221;3\/4&#8243;][vc_column_text]\n<h3><strong>FLY7000 project<\/strong><\/h3>\n<p>We organize paragliding expeditions to the highest mountains, push the boundaries of pilot capabilities, and uncover the flying activities of the previously untouched paragliding\u00a0areas.[\/vc_column_text][mk_button dimension=&#8221;outline&#8221; corner_style=&#8221;rounded&#8221; size=&#8221;large&#8221; url=&#8221;https:\/\/elspeedo.cz\/en\/fly7000\/&#8221; margin_right=&#8221;0&#8243; el_class=&#8221;basic-button&#8221;]See website[\/mk_button][\/vc_column][\/mk_page_section][mk_page_section video_loop=&#8221;false&#8221; padding_top=&#8221;20&#8243; padding_bottom=&#8221;20&#8243; sidebar=&#8221;sidebar-1&#8243;][vc_column width=&#8221;1\/4&#8243;][vc_single_image image=&#8221;17868&#8243; img_size=&#8221;full&#8221; alignment=&#8221;center&#8221; style=&#8221;vc_box_rounded&#8221; onclick=&#8221;custom_link&#8221; link=&#8221;https:\/\/javorovy-vrch.cz&#8221;][\/vc_column][vc_column width=&#8221;3\/4&#8243;][vc_column_text]\n<h3><strong>Flight park Javorov\u00fd<\/strong><\/h3>\n<p>For pilots and visitors of Javorov\u00fd vrch, we organize, maintain and develop the western starting area, the landing area, the part of the car park near the Javorov\u00fd vrch cable car, the surrounding land and the accommodation of visitors and clients on our courses.[\/vc_column_text][mk_button dimension=&#8221;outline&#8221; corner_style=&#8221;rounded&#8221; size=&#8221;medium&#8221; url=&#8221;https:\/\/javorovy-vrch.cz&#8221; margin_right=&#8221;0&#8243; el_class=&#8221;basic-button&#8221;]See website[\/mk_button][\/vc_column][\/mk_page_section][mk_page_section video_loop=&#8221;false&#8221; padding_top=&#8221;20&#8243; padding_bottom=&#8221;20&#8243; sidebar=&#8221;sidebar-1&#8243;][vc_column width=&#8221;1\/4&#8243;][vc_single_image image=&#8221;16721&#8243; img_size=&#8221;full&#8221; alignment=&#8221;center&#8221; style=&#8221;vc_box_rounded&#8221; onclick=&#8221;custom_link&#8221; link=&#8221;https:\/\/paragliding-prasiva.cz&#8221;][\/vc_column][vc_column width=&#8221;3\/4&#8243;][vc_column_text]\n<h3><strong>Flight park\u00a0Pra\u0161iv\u00e1<\/strong><\/h3>\n<p>For pilots and visitors to Pra\u0161iv\u00e1 hill, we organize, maintain and develop the western start area, the southern starting area and the landing area. We provide exports and exclusive tandem flights in this location.[\/vc_column_text][mk_button dimension=&#8221;outline&#8221; corner_style=&#8221;rounded&#8221; size=&#8221;medium&#8221; url=&#8221;https:\/\/paragliding-prasiva.cz&#8221; margin_right=&#8221;0&#8243; el_class=&#8221;basic-button&#8221;]See website[\/mk_button][\/vc_column][\/mk_page_section][mk_page_section video_loop=&#8221;false&#8221; padding_top=&#8221;20&#8243; padding_bottom=&#8221;20&#8243; sidebar=&#8221;sidebar-1&#8243;][vc_column width=&#8221;1\/4&#8243;][\/vc_column][vc_column width=&#8221;3\/4&#8243;][vc_column_text]\n<h3><strong>Katusha<\/strong><\/h3>\n<p>Since 2006, we have been organizing this rugged outdoor race in the Beskydy Mountains.\u00a0Three-person teams\u00a0and individuals compare their strengths in paragliding, running, MTB and downhill.<\/p>\n<p>.[\/vc_column_text][mk_button dimension=&#8221;outline&#8221; corner_style=&#8221;rounded&#8221; size=&#8221;large&#8221; url=&#8221;http:\/\/www.katusha.cz&#8221; margin_right=&#8221;0&#8243; el_class=&#8221;basic-button&#8221;]See website[\/mk_button][\/vc_column][\/mk_page_section][mk_page_section video_loop=&#8221;false&#8221; padding_top=&#8221;20&#8243; padding_bottom=&#8221;20&#8243; sidebar=&#8221;sidebar-1&#8243;][vc_column width=&#8221;1\/4&#8243;][\/vc_column][vc_column width=&#8221;3\/4&#8243;][vc_column_text]\n<h3><strong>Luftman<\/strong><\/h3>\n<p>One-day paragliding race that checks who&#8217;s skill and skill is able to keep up in the air. So no, who is least afraid. The place and weather conditions of the race are chosen to have the ability of the pilots to check as best as possible.[\/vc_column_text][mk_button dimension=&#8221;outline&#8221; corner_style=&#8221;rounded&#8221; size=&#8221;large&#8221; url=&#8221;http:\/\/www.luftman.cz&#8221; margin_right=&#8221;0&#8243; el_class=&#8221;basic-button&#8221;]See website[\/mk_button][\/vc_column][\/mk_page_section][mk_page_section video_loop=&#8221;false&#8221; padding_top=&#8221;0&#8243; padding_bottom=&#8221;0&#8243; sidebar=&#8221;sidebar-1&#8243;][vc_column][vc_column_text]<strong>We also make a significant cooperation to:<\/strong><\/p>\n<p>&#8211; the technical support of the Adrenalin Cup relay race (since 2004),<br \/>\n&#8211; developing of new paragliding sites,<br \/>\n&#8211; providing free of charge \u00a0flying for non-professional pilots at the Beskydy fying sites,<br \/>\n&#8211; increasing safety in paragliding \u00a0by organizing regular pragling seminars,<br \/>\n&#8211; training young talented pilots under the Talented Youth Program,<br \/>\n&#8211; creating new training methods for pilots of all performance categories.<\/p>\n<p>From the enumeration of these activities, you have been able to recognize the uniqueness of the El Speedo project at least within the Czech Republic. In addition to our professional activities, we also devote much time to actions within the non-profit sector. What we do is very fun to us. Come to us and have fun with us.<\/p>\n<p>Dalibor Carbol<br \/>\nfounder of El Speedo project[\/vc_column_text][\/vc_column][\/mk_page_section]\n<\/div>","protected":false},"excerpt":{"rendered":"<p>[vc_row][vc_column width=&#8221;1\/4&#8243;][vc_single_image image=&#8221;14315&#8243; img_size=&#8221;full&#8221; alignment=&#8221;center&#8221; style=&#8221;vc_box_rounded&#8221; title=&#8221;Dalibor Carbol&#8221;][\/vc_column][vc_column width=&#8221;1\/4&#8243;][vc_single_image image=&#8221;14316&#8243; img_size=&#8221;full&#8221; alignment=&#8221;center&#8221; style=&#8221;vc_box_rounded&#8221; title=&#8221;Slavom\u00edr Tmej&#8221;][\/vc_column][vc_column width=&#8221;1\/4&#8243;][vc_single_image image=&#8221;14312&#8243; img_size=&#8221;full&#8221; alignment=&#8221;center&#8221; style=&#8221;vc_box_rounded&#8221; title=&#8221;Petr B\u00e1rtek&#8221;][\/vc_column][vc_column width=&#8221;1\/4&#8243;][vc_single_image image=&#8221;14313&#8243; img_size=&#8221;full&#8221; alignment=&#8221;center&#8221; style=&#8221;vc_box_rounded&#8221; title=&#8221;Ren\u00e9 Podpinka&#8221;][\/vc_column][\/vc_row][vc_row][vc_column width=&#8221;1\/4&#8243;][vc_single_image image=&#8221;13910&#8243; img_size=&#8221;full&#8221; alignment=&#8221;center&#8221; style=&#8221;vc_box_rounded&#8221; title=&#8221;Karel Vrbensk\u00fd&#8221;][\/vc_column][vc_column width=&#8221;1\/4&#8243;][vc_single_image image=&#8221;14314&#8243; img_size=&#8221;full&#8221; alignment=&#8221;center&#8221; style=&#8221;vc_box_rounded&#8221; title=&#8221;Zden\u011bk \u010cerm\u00e1k&#8221;][\/vc_column][vc_column width=&#8221;1\/4&#8243;][vc_single_image image=&#8221;14322&#8243; img_size=&#8221;full&#8221; alignment=&#8221;center&#8221; style=&#8221;vc_box_rounded&#8221; title=&#8221;Michal Krysta&#8221;][\/vc_column][vc_column width=&#8221;1\/4&#8243;][vc_single_image image=&#8221;14323&#8243; img_size=&#8221;full&#8221; alignment=&#8221;center&#8221; style=&#8221;vc_box_rounded&#8221; [&hellip;]<\/p>\n","protected":false},"author":2,"featured_media":0,"parent":0,"menu_order":0,"comment_status":"closed","ping_status":"closed","template":"","meta":{"_tribe_blocks_recurrence_rules":"","_tribe_blocks_recurrence_exclusions":"","_tribe_blocks_recurrence_description":"","footnotes":""},"class_list":["post-35198","page","type-page","status-publish","hentry"],"yoast_head":"<!-- This site is optimized with the Yoast SEO plugin v27.0 - https:\/\/yoast.com\/product\/yoast-seo-wordpress\/ -->\n<title>About us &#8212; El Speedo<\/title>\n<meta name=\"description\" content=\"El Speedo is the largest paragliding community and school in the Czech Republic. Tandem jumps, courses, expeditions and paragliding gear\" \/>\n<meta name=\"robots\" content=\"index, follow, max-snippet:-1, max-image-preview:large, max-video-preview:-1\" \/>\n<link rel=\"canonical\" href=\"https:\/\/elspeedo.cz\/o-nas\/\" \/>\n<meta property=\"og:locale\" content=\"en_US\" \/>\n<meta property=\"og:type\" content=\"article\" \/>\n<meta property=\"og:title\" content=\"About us &#8212; El Speedo\" \/>\n<meta property=\"og:description\" content=\"El Speedo is the largest paragliding community and school in the Czech Republic. Tandem jumps, courses, expeditions and paragliding gear\" \/>\n<meta property=\"og:url\" content=\"https:\/\/elspeedo.cz\/o-nas\/\" \/>\n<meta property=\"og:site_name\" content=\"El Speedo\" \/>\n<meta property=\"article:publisher\" content=\"http:\/\/www.facebook.com\/paragliding.elspeedo.cz\/?fref=ts\" \/>\n<meta property=\"article:modified_time\" content=\"2017-05-24T09:29:39+00:00\" \/>\n<meta name=\"twitter:card\" content=\"summary_large_image\" \/>\n<meta name=\"twitter:label1\" content=\"Est. reading time\" \/>\n\t<meta name=\"twitter:data1\" content=\"11 minutes\" \/>\n<script type=\"application\/ld+json\" class=\"yoast-schema-graph\">{\"@context\":\"https:\/\/schema.org\",\"@graph\":[{\"@type\":\"WebPage\",\"@id\":\"https:\/\/elspeedo.cz\/o-nas\/\",\"url\":\"https:\/\/elspeedo.cz\/o-nas\/\",\"name\":\"About us &#8212; El Speedo\",\"isPartOf\":{\"@id\":\"https:\/\/elspeedo.cz\/#website\"},\"datePublished\":\"2017-04-03T08:41:36+00:00\",\"dateModified\":\"2017-05-24T09:29:39+00:00\",\"description\":\"El Speedo is the largest paragliding community and school in the Czech Republic. Tandem jumps, courses, expeditions and paragliding gear\",\"breadcrumb\":{\"@id\":\"https:\/\/elspeedo.cz\/o-nas\/#breadcrumb\"},\"inLanguage\":\"en-US\",\"potentialAction\":[{\"@type\":\"ReadAction\",\"target\":[\"https:\/\/elspeedo.cz\/o-nas\/\"]}]},{\"@type\":\"BreadcrumbList\",\"@id\":\"https:\/\/elspeedo.cz\/o-nas\/#breadcrumb\",\"itemListElement\":[{\"@type\":\"ListItem\",\"position\":1,\"name\":\"Dom\u016f\",\"item\":\"https:\/\/elspeedo.cz\/en\/\"},{\"@type\":\"ListItem\",\"position\":2,\"name\":\"About us\"}]},{\"@type\":\"WebSite\",\"@id\":\"https:\/\/elspeedo.cz\/#website\",\"url\":\"https:\/\/elspeedo.cz\/\",\"name\":\"El Speedo\",\"description\":\"Paragliding - kurzy, vybaven\u00ed, v\u00fdlety, komunita\",\"potentialAction\":[{\"@type\":\"SearchAction\",\"target\":{\"@type\":\"EntryPoint\",\"urlTemplate\":\"https:\/\/elspeedo.cz\/?s={search_term_string}\"},\"query-input\":{\"@type\":\"PropertyValueSpecification\",\"valueRequired\":true,\"valueName\":\"search_term_string\"}}],\"inLanguage\":\"en-US\"}]}<\/script>\n<!-- \/ Yoast SEO plugin. -->","yoast_head_json":{"title":"About us &#8212; El Speedo","description":"El Speedo is the largest paragliding community and school in the Czech Republic. Tandem jumps, courses, expeditions and paragliding gear","robots":{"index":"index","follow":"follow","max-snippet":"max-snippet:-1","max-image-preview":"max-image-preview:large","max-video-preview":"max-video-preview:-1"},"canonical":"https:\/\/elspeedo.cz\/o-nas\/","og_locale":"en_US","og_type":"article","og_title":"About us &#8212; El Speedo","og_description":"El Speedo is the largest paragliding community and school in the Czech Republic. Tandem jumps, courses, expeditions and paragliding gear","og_url":"https:\/\/elspeedo.cz\/o-nas\/","og_site_name":"El Speedo","article_publisher":"http:\/\/www.facebook.com\/paragliding.elspeedo.cz\/?fref=ts","article_modified_time":"2017-05-24T09:29:39+00:00","twitter_card":"summary_large_image","twitter_misc":{"Est. reading time":"11 minutes"},"schema":{"@context":"https:\/\/schema.org","@graph":[{"@type":"WebPage","@id":"https:\/\/elspeedo.cz\/o-nas\/","url":"https:\/\/elspeedo.cz\/o-nas\/","name":"About us &#8212; El Speedo","isPartOf":{"@id":"https:\/\/elspeedo.cz\/#website"},"datePublished":"2017-04-03T08:41:36+00:00","dateModified":"2017-05-24T09:29:39+00:00","description":"El Speedo is the largest paragliding community and school in the Czech Republic. Tandem jumps, courses, expeditions and paragliding gear","breadcrumb":{"@id":"https:\/\/elspeedo.cz\/o-nas\/#breadcrumb"},"inLanguage":"en-US","potentialAction":[{"@type":"ReadAction","target":["https:\/\/elspeedo.cz\/o-nas\/"]}]},{"@type":"BreadcrumbList","@id":"https:\/\/elspeedo.cz\/o-nas\/#breadcrumb","itemListElement":[{"@type":"ListItem","position":1,"name":"Dom\u016f","item":"https:\/\/elspeedo.cz\/en\/"},{"@type":"ListItem","position":2,"name":"About us"}]},{"@type":"WebSite","@id":"https:\/\/elspeedo.cz\/#website","url":"https:\/\/elspeedo.cz\/","name":"El Speedo","description":"Paragliding - kurzy, vybaven\u00ed, v\u00fdlety, komunita","potentialAction":[{"@type":"SearchAction","target":{"@type":"EntryPoint","urlTemplate":"https:\/\/elspeedo.cz\/?s={search_term_string}"},"query-input":{"@type":"PropertyValueSpecification","valueRequired":true,"valueName":"search_term_string"}}],"inLanguage":"en-US"}]}},"_links":{"self":[{"href":"https:\/\/elspeedo.cz\/en\/wp-json\/wp\/v2\/pages\/35198","targetHints":{"allow":["GET"]}}],"collection":[{"href":"https:\/\/elspeedo.cz\/en\/wp-json\/wp\/v2\/pages"}],"about":[{"href":"https:\/\/elspeedo.cz\/en\/wp-json\/wp\/v2\/types\/page"}],"author":[{"embeddable":true,"href":"https:\/\/elspeedo.cz\/en\/wp-json\/wp\/v2\/users\/2"}],"replies":[{"embeddable":true,"href":"https:\/\/elspeedo.cz\/en\/wp-json\/wp\/v2\/comments?post=35198"}],"version-history":[{"count":0,"href":"https:\/\/elspeedo.cz\/en\/wp-json\/wp\/v2\/pages\/35198\/revisions"}],"wp:attachment":[{"href":"https:\/\/elspeedo.cz\/en\/wp-json\/wp\/v2\/media?parent=35198"}],"curies":[{"name":"wp","href":"https:\/\/api.w.org\/{rel}","templated":true}]}}