{"id":48109,"date":"2016-12-22T12:37:16","date_gmt":"2016-12-22T11:37:16","guid":{"rendered":"https:\/\/elspeedo.cz\/predpovedi-pocasi\/"},"modified":"2017-05-04T13:26:36","modified_gmt":"2017-05-04T12:26:36","slug":"weather-forecasts","status":"publish","type":"page","link":"https:\/\/elspeedo.cz\/en\/weather-forecasts\/","title":{"rendered":"Weather forecasts"},"content":{"rendered":"<div class=\"wpb-content-wrapper\">[mk_page_section video_loop=&#8221;false&#8221; padding_top=&#8221;50&#8243; padding_bottom=&#8221;50&#8243; sidebar=&#8221;sidebar-1&#8243;][vc_column width=&#8221;2\/3&#8243;][vc_raw_html]JTNDaWZyYW1lJTIwd2lkdGglM0QlMjIxMDAlMjUlMjIlMjBoZWlnaHQlM0QlMjI0NTAlMjIlMjBzcmMlM0QlMjJodHRwcyUzQSUyRiUyRmVtYmVkLndpbmR5LmNvbSUyRmVtYmVkMi5odG1sJTNGbGF0JTNENDkuNTgzJTI2bG9uJTNEMTguNDgzJTI2em9vbSUzRDUlMjZsZXZlbCUzRHN1cmZhY2UlMjZvdmVybGF5JTNEd2luZCUyNm1lbnUlM0QlMjZtZXNzYWdlJTNEJTI2bWFya2VyJTNEJTI2Zm9yZWNhc3QlM0QxMiUyNmNhbGVuZGFyJTNEbm93JTI2bG9jYXRpb24lM0Rjb29yZGluYXRlcyUyNnR5cGUlM0RtYXAlMjZhY3R1YWxHcmlkJTNEJTI2bWV0cmljV2luZCUzRG0lMjUyRnMlMjZtZXRyaWNUZW1wJTNEJTI1QzIlMjVCMEMlMjIlMjBmcmFtZWJvcmRlciUzRCUyMjAlMjIlM0UlM0MlMkZpZnJhbWUlM0U=[\/vc_raw_html][\/vc_column][vc_column width=&#8221;1\/3&#8243;][vc_wp_custommenu nav_menu=&#8221;1000&#8243;][\/vc_column][\/mk_page_section][vc_row][vc_column][vc_separator el_width=&#8221;80&#8243; el_class=&#8221;basic-separator&#8221; css=&#8221;.vc_custom_1493899981101{padding-bottom: 30px !important;}&#8221;][vc_column_text align=&#8221;center&#8221;]\n<h2 style=\"text-align: center\">Want to better analyze weather forecasts?<\/h2>\n<p>Take advantage of our practical experience with our aviation activities. Create a user account in our E-learning and study with us. Do you want it easier? Join our paragliding course and use lectures based on the rich experience of our instructors.<br \/>\nAnd you&#8217;re still flying around: o).[\/vc_column_text][mk_button dimension=&#8221;outline&#8221; corner_style=&#8221;rounded&#8221; size=&#8221;large&#8221; url=&#8221;https:\/\/elspeedo.cz\/e-vyuka\/&#8221; align=&#8221;center&#8221; margin_right=&#8221;0&#8243; el_class=&#8221;basic-button&#8221;]El Speedo E-learning[\/mk_button][\/vc_column][\/vc_row][vc_row][vc_column][vc_single_image image=&#8221;48269&#8243; img_size=&#8221;full&#8221; alignment=&#8221;center&#8221; style=&#8221;vc_box_rounded&#8221; css=&#8221;.vc_custom_1493899914371{padding-top: 50px !important;padding-bottom: 50px !important;}&#8221;][\/vc_column][\/vc_row]\n<\/div>","protected":false},"excerpt":{"rendered":"<p>[mk_page_section video_loop=&#8221;false&#8221; padding_top=&#8221;50&#8243; padding_bottom=&#8221;50&#8243; sidebar=&#8221;sidebar-1&#8243;][vc_column width=&#8221;2\/3&#8243;][vc_raw_html]JTNDaWZyYW1lJTIwd2lkdGglM0QlMjIxMDAlMjUlMjIlMjBoZWlnaHQlM0QlMjI0NTAlMjIlMjBzcmMlM0QlMjJodHRwcyUzQSUyRiUyRmVtYmVkLndpbmR5LmNvbSUyRmVtYmVkMi5odG1sJTNGbGF0JTNENDkuNTgzJTI2bG9uJTNEMTguNDgzJTI2em9vbSUzRDUlMjZsZXZlbCUzRHN1cmZhY2UlMjZvdmVybGF5JTNEd2luZCUyNm1lbnUlM0QlMjZtZXNzYWdlJTNEJTI2bWFya2VyJTNEJTI2Zm9yZWNhc3QlM0QxMiUyNmNhbGVuZGFyJTNEbm93JTI2bG9jYXRpb24lM0Rjb29yZGluYXRlcyUyNnR5cGUlM0RtYXAlMjZhY3R1YWxHcmlkJTNEJTI2bWV0cmljV2luZCUzRG0lMjUyRnMlMjZtZXRyaWNUZW1wJTNEJTI1QzIlMjVCMEMlMjIlMjBmcmFtZWJvcmRlciUzRCUyMjAlMjIlM0UlM0MlMkZpZnJhbWUlM0U=[\/vc_raw_html][\/vc_column][vc_column width=&#8221;1\/3&#8243;][vc_wp_custommenu nav_menu=&#8221;1000&#8243;][\/vc_column][\/mk_page_section][vc_row][vc_column][vc_separator el_width=&#8221;80&#8243; el_class=&#8221;basic-separator&#8221; css=&#8221;.vc_custom_1493899981101{padding-bottom: 30px !important;}&#8221;][vc_column_text align=&#8221;center&#8221;] Want to better analyze weather forecasts? Take advantage of our practical experience with our aviation activities. Create a user account in our E-learning and study with us. Do you want it easier? Join our paragliding course and use lectures based on [&hellip;]<\/p>\n","protected":false},"author":4,"featured_media":0,"parent":0,"menu_order":0,"comment_status":"closed","ping_status":"closed","template":"","meta":{"_tribe_blocks_recurrence_rules":"","_tribe_blocks_recurrence_exclusions":"","_tribe_blocks_recurrence_description":"","footnotes":""},"class_list":["post-48109","page","type-page","status-publish","hentry"],"yoast_head":"<!-- This site is optimized with the Yoast SEO plugin v27.0 - https:\/\/yoast.com\/product\/yoast-seo-wordpress\/ -->\n<title>Weather forecasts &#8212; El Speedo<\/title>\n<meta name=\"description\" content=\"El Speedo je nejv\u011bt\u0161\u00ed paraglidingov\u00e1 komunita a \u0161kola v \u010cR. P\u0159edpov\u011bdi po\u010das\u00ed, grafy, synoptick\u00e9 mapy, aktu\u00e1ln\u00ed meteosituace, sondy\" \/>\n<meta name=\"robots\" content=\"index, follow, max-snippet:-1, max-image-preview:large, max-video-preview:-1\" \/>\n<link rel=\"canonical\" href=\"https:\/\/elspeedo.cz\/predpovedi-pocasi\/\" \/>\n<meta property=\"og:locale\" content=\"en_US\" \/>\n<meta property=\"og:type\" content=\"article\" \/>\n<meta property=\"og:title\" content=\"Weather forecasts &#8212; El Speedo\" \/>\n<meta property=\"og:description\" content=\"El Speedo je nejv\u011bt\u0161\u00ed paraglidingov\u00e1 komunita a \u0161kola v \u010cR. P\u0159edpov\u011bdi po\u010das\u00ed, grafy, synoptick\u00e9 mapy, aktu\u00e1ln\u00ed meteosituace, sondy\" \/>\n<meta property=\"og:url\" content=\"https:\/\/elspeedo.cz\/predpovedi-pocasi\/\" \/>\n<meta property=\"og:site_name\" content=\"El Speedo\" \/>\n<meta property=\"article:publisher\" content=\"http:\/\/www.facebook.com\/paragliding.elspeedo.cz\/?fref=ts\" \/>\n<meta property=\"article:modified_time\" content=\"2017-05-04T12:26:36+00:00\" \/>\n<meta name=\"twitter:card\" content=\"summary_large_image\" \/>\n<meta name=\"twitter:label1\" content=\"Est. reading time\" \/>\n\t<meta name=\"twitter:data1\" content=\"1 minute\" \/>\n<script type=\"application\/ld+json\" class=\"yoast-schema-graph\">{\"@context\":\"https:\/\/schema.org\",\"@graph\":[{\"@type\":\"WebPage\",\"@id\":\"https:\/\/elspeedo.cz\/predpovedi-pocasi\/\",\"url\":\"https:\/\/elspeedo.cz\/predpovedi-pocasi\/\",\"name\":\"Weather forecasts &#8212; El Speedo\",\"isPartOf\":{\"@id\":\"https:\/\/elspeedo.cz\/#website\"},\"datePublished\":\"2016-12-22T11:37:16+00:00\",\"dateModified\":\"2017-05-04T12:26:36+00:00\",\"description\":\"El Speedo je nejv\u011bt\u0161\u00ed paraglidingov\u00e1 komunita a \u0161kola v \u010cR. P\u0159edpov\u011bdi po\u010das\u00ed, grafy, synoptick\u00e9 mapy, aktu\u00e1ln\u00ed meteosituace, sondy\",\"breadcrumb\":{\"@id\":\"https:\/\/elspeedo.cz\/predpovedi-pocasi\/#breadcrumb\"},\"inLanguage\":\"en-US\",\"potentialAction\":[{\"@type\":\"ReadAction\",\"target\":[\"https:\/\/elspeedo.cz\/predpovedi-pocasi\/\"]}]},{\"@type\":\"BreadcrumbList\",\"@id\":\"https:\/\/elspeedo.cz\/predpovedi-pocasi\/#breadcrumb\",\"itemListElement\":[{\"@type\":\"ListItem\",\"position\":1,\"name\":\"Dom\u016f\",\"item\":\"https:\/\/elspeedo.cz\/en\/\"},{\"@type\":\"ListItem\",\"position\":2,\"name\":\"Weather forecasts\"}]},{\"@type\":\"WebSite\",\"@id\":\"https:\/\/elspeedo.cz\/#website\",\"url\":\"https:\/\/elspeedo.cz\/\",\"name\":\"El Speedo\",\"description\":\"Paragliding - kurzy, vybaven\u00ed, v\u00fdlety, komunita\",\"potentialAction\":[{\"@type\":\"SearchAction\",\"target\":{\"@type\":\"EntryPoint\",\"urlTemplate\":\"https:\/\/elspeedo.cz\/?s={search_term_string}\"},\"query-input\":{\"@type\":\"PropertyValueSpecification\",\"valueRequired\":true,\"valueName\":\"search_term_string\"}}],\"inLanguage\":\"en-US\"}]}<\/script>\n<!-- \/ Yoast SEO plugin. -->","yoast_head_json":{"title":"Weather forecasts &#8212; El Speedo","description":"El Speedo je nejv\u011bt\u0161\u00ed paraglidingov\u00e1 komunita a \u0161kola v \u010cR. P\u0159edpov\u011bdi po\u010das\u00ed, grafy, synoptick\u00e9 mapy, aktu\u00e1ln\u00ed meteosituace, sondy","robots":{"index":"index","follow":"follow","max-snippet":"max-snippet:-1","max-image-preview":"max-image-preview:large","max-video-preview":"max-video-preview:-1"},"canonical":"https:\/\/elspeedo.cz\/predpovedi-pocasi\/","og_locale":"en_US","og_type":"article","og_title":"Weather forecasts &#8212; El Speedo","og_description":"El Speedo je nejv\u011bt\u0161\u00ed paraglidingov\u00e1 komunita a \u0161kola v \u010cR. P\u0159edpov\u011bdi po\u010das\u00ed, grafy, synoptick\u00e9 mapy, aktu\u00e1ln\u00ed meteosituace, sondy","og_url":"https:\/\/elspeedo.cz\/predpovedi-pocasi\/","og_site_name":"El Speedo","article_publisher":"http:\/\/www.facebook.com\/paragliding.elspeedo.cz\/?fref=ts","article_modified_time":"2017-05-04T12:26:36+00:00","twitter_card":"summary_large_image","twitter_misc":{"Est. reading time":"1 minute"},"schema":{"@context":"https:\/\/schema.org","@graph":[{"@type":"WebPage","@id":"https:\/\/elspeedo.cz\/predpovedi-pocasi\/","url":"https:\/\/elspeedo.cz\/predpovedi-pocasi\/","name":"Weather forecasts &#8212; El Speedo","isPartOf":{"@id":"https:\/\/elspeedo.cz\/#website"},"datePublished":"2016-12-22T11:37:16+00:00","dateModified":"2017-05-04T12:26:36+00:00","description":"El Speedo je nejv\u011bt\u0161\u00ed paraglidingov\u00e1 komunita a \u0161kola v \u010cR. P\u0159edpov\u011bdi po\u010das\u00ed, grafy, synoptick\u00e9 mapy, aktu\u00e1ln\u00ed meteosituace, sondy","breadcrumb":{"@id":"https:\/\/elspeedo.cz\/predpovedi-pocasi\/#breadcrumb"},"inLanguage":"en-US","potentialAction":[{"@type":"ReadAction","target":["https:\/\/elspeedo.cz\/predpovedi-pocasi\/"]}]},{"@type":"BreadcrumbList","@id":"https:\/\/elspeedo.cz\/predpovedi-pocasi\/#breadcrumb","itemListElement":[{"@type":"ListItem","position":1,"name":"Dom\u016f","item":"https:\/\/elspeedo.cz\/en\/"},{"@type":"ListItem","position":2,"name":"Weather forecasts"}]},{"@type":"WebSite","@id":"https:\/\/elspeedo.cz\/#website","url":"https:\/\/elspeedo.cz\/","name":"El Speedo","description":"Paragliding - kurzy, vybaven\u00ed, v\u00fdlety, komunita","potentialAction":[{"@type":"SearchAction","target":{"@type":"EntryPoint","urlTemplate":"https:\/\/elspeedo.cz\/?s={search_term_string}"},"query-input":{"@type":"PropertyValueSpecification","valueRequired":true,"valueName":"search_term_string"}}],"inLanguage":"en-US"}]}},"_links":{"self":[{"href":"https:\/\/elspeedo.cz\/en\/wp-json\/wp\/v2\/pages\/48109","targetHints":{"allow":["GET"]}}],"collection":[{"href":"https:\/\/elspeedo.cz\/en\/wp-json\/wp\/v2\/pages"}],"about":[{"href":"https:\/\/elspeedo.cz\/en\/wp-json\/wp\/v2\/types\/page"}],"author":[{"embeddable":true,"href":"https:\/\/elspeedo.cz\/en\/wp-json\/wp\/v2\/users\/4"}],"replies":[{"embeddable":true,"href":"https:\/\/elspeedo.cz\/en\/wp-json\/wp\/v2\/comments?post=48109"}],"version-history":[{"count":0,"href":"https:\/\/elspeedo.cz\/en\/wp-json\/wp\/v2\/pages\/48109\/revisions"}],"wp:attachment":[{"href":"https:\/\/elspeedo.cz\/en\/wp-json\/wp\/v2\/media?parent=48109"}],"curies":[{"name":"wp","href":"https:\/\/api.w.org\/{rel}","templated":true}]}}