{"id":99347,"date":"2017-05-10T15:51:43","date_gmt":"2017-05-10T14:51:43","guid":{"rendered":"https:\/\/elspeedo.cz\/product\/el-speedo-rb-solid-pl\/"},"modified":"2019-03-05T11:00:49","modified_gmt":"2019-03-05T10:00:49","slug":"el-speedo-rb-solid-pl","status":"publish","type":"product","link":"https:\/\/elspeedo.cz\/en\/product\/el-speedo-rb-solid-pl\/","title":{"rendered":"El Speedo RB Solid pl"},"content":{"rendered":"","protected":false},"excerpt":{"rendered":"<p style=\"line-height: 19.9pt; background: white; vertical-align: baseline; margin: 0cm 0cm 15.0pt 0cm;\"><span style=\"font-size: 13.5pt; font-family: 'Roboto','serif'; color: #555555;\">Latasz regularnie? Napewno stwierdzi\u0142e\u015b, \u017ce nie masz powodu pakowa\u0107 sw\u00f3j sprz\u0119t w jakikolwiek plecak, kiedy masz szybkopak El Seedo RB Solid. Korzystaj i Ty z\u00a0prostego i efektownego rozwi\u0105zania, u\u017cywanego przez szko\u0142y paralotniarstwa i przez profesjonalnych pilot\u00f3w.<\/span><\/p>\n","protected":false},"featured_media":35587,"comment_status":"closed","ping_status":"closed","template":"","meta":{"_tribe_blocks_recurrence_rules":"","_tribe_blocks_recurrence_exclusions":"","_tribe_blocks_recurrence_description":""},"class_list":{"0":"post-99347","1":"product","2":"type-product","3":"status-publish","4":"has-post-thumbnail","6":"product_cat-batohy-en","7":"product_cat-vybaveni-en","9":"first","10":"instock","11":"taxable","12":"shipping-taxable","13":"purchasable","14":"product-type-variable","15":"has-default-attributes"},"yoast_head":"<!-- This site is optimized with the Yoast SEO plugin v27.0 - https:\/\/yoast.com\/product\/yoast-seo-wordpress\/ -->\n<title>El Speedo RB Solid pl &#8212; El Speedo<\/title>\n<meta name=\"description\" content=\"El Speedo je nejv\u011bt\u0161\u00ed paraglidingov\u00e1 komunita a \u0161kola v \u010cR. Tandemov\u00e9 seskoky, kurzy, expedice a paragliding v\u00fdbava\" \/>\n<meta name=\"robots\" content=\"index, follow, max-snippet:-1, max-image-preview:large, max-video-preview:-1\" \/>\n<link rel=\"canonical\" href=\"https:\/\/elspeedo.cz\/?post_type=product&p=99346\/\" \/>\n<meta property=\"og:locale\" content=\"en_US\" \/>\n<meta property=\"og:type\" content=\"article\" \/>\n<meta property=\"og:title\" content=\"El Speedo RB Solid pl &#8212; El Speedo\" \/>\n<meta property=\"og:description\" content=\"El Speedo je nejv\u011bt\u0161\u00ed paraglidingov\u00e1 komunita a \u0161kola v \u010cR. Tandemov\u00e9 seskoky, kurzy, expedice a paragliding v\u00fdbava\" \/>\n<meta property=\"og:url\" content=\"https:\/\/elspeedo.cz\/?post_type=product&amp;p=99346\/\" \/>\n<meta property=\"og:site_name\" content=\"El Speedo\" \/>\n<meta property=\"article:publisher\" content=\"http:\/\/www.facebook.com\/paragliding.elspeedo.cz\/?fref=ts\" \/>\n<meta property=\"article:modified_time\" content=\"2019-03-05T10:00:49+00:00\" \/>\n<meta property=\"og:image\" content=\"https:\/\/elspeedo.cz\/wp-content\/uploads\/2016\/11\/rb-solid.png\" \/>\n\t<meta property=\"og:image:width\" content=\"900\" \/>\n\t<meta property=\"og:image:height\" content=\"700\" \/>\n\t<meta property=\"og:image:type\" content=\"image\/png\" \/>\n<meta name=\"twitter:card\" content=\"summary_large_image\" \/>\n<script type=\"application\/ld+json\" class=\"yoast-schema-graph\">{\"@context\":\"https:\/\/schema.org\",\"@graph\":[{\"@type\":\"WebPage\",\"@id\":\"https:\/\/elspeedo.cz\/?post_type=product&p=99346\/\",\"url\":\"https:\/\/elspeedo.cz\/?post_type=product&p=99346\/\",\"name\":\"El Speedo RB Solid pl &#8212; El Speedo\",\"isPartOf\":{\"@id\":\"https:\/\/elspeedo.cz\/#website\"},\"primaryImageOfPage\":{\"@id\":\"https:\/\/elspeedo.cz\/?post_type=product&p=99346\/#primaryimage\"},\"image\":{\"@id\":\"https:\/\/elspeedo.cz\/?post_type=product&p=99346\/#primaryimage\"},\"thumbnailUrl\":\"https:\/\/elspeedo.cz\/wp-content\/uploads\/2016\/11\/rb-solid.png\",\"datePublished\":\"2017-05-10T14:51:43+00:00\",\"dateModified\":\"2019-03-05T10:00:49+00:00\",\"description\":\"El Speedo je nejv\u011bt\u0161\u00ed paraglidingov\u00e1 komunita a \u0161kola v \u010cR. Tandemov\u00e9 seskoky, kurzy, expedice a paragliding v\u00fdbava\",\"breadcrumb\":{\"@id\":\"https:\/\/elspeedo.cz\/?post_type=product&p=99346\/#breadcrumb\"},\"inLanguage\":\"en-US\",\"potentialAction\":[{\"@type\":\"ReadAction\",\"target\":[\"https:\/\/elspeedo.cz\/?post_type=product&p=99346\/\"]}]},{\"@type\":\"ImageObject\",\"inLanguage\":\"en-US\",\"@id\":\"https:\/\/elspeedo.cz\/?post_type=product&p=99346\/#primaryimage\",\"url\":\"https:\/\/elspeedo.cz\/wp-content\/uploads\/2016\/11\/rb-solid.png\",\"contentUrl\":\"https:\/\/elspeedo.cz\/wp-content\/uploads\/2016\/11\/rb-solid.png\",\"width\":900,\"height\":700},{\"@type\":\"BreadcrumbList\",\"@id\":\"https:\/\/elspeedo.cz\/?post_type=product&p=99346\/#breadcrumb\",\"itemListElement\":[{\"@type\":\"ListItem\",\"position\":1,\"name\":\"Dom\u016f\",\"item\":\"https:\/\/elspeedo.cz\/en\/\"},{\"@type\":\"ListItem\",\"position\":2,\"name\":\"Obchod\",\"item\":\"https:\/\/elspeedo.cz\/obchod\/\"},{\"@type\":\"ListItem\",\"position\":3,\"name\":\"El Speedo RB Solid pl\"}]},{\"@type\":\"WebSite\",\"@id\":\"https:\/\/elspeedo.cz\/#website\",\"url\":\"https:\/\/elspeedo.cz\/\",\"name\":\"El Speedo\",\"description\":\"Paragliding - kurzy, vybaven\u00ed, v\u00fdlety, komunita\",\"potentialAction\":[{\"@type\":\"SearchAction\",\"target\":{\"@type\":\"EntryPoint\",\"urlTemplate\":\"https:\/\/elspeedo.cz\/?s={search_term_string}\"},\"query-input\":{\"@type\":\"PropertyValueSpecification\",\"valueRequired\":true,\"valueName\":\"search_term_string\"}}],\"inLanguage\":\"en-US\"}]}<\/script>\n<!-- \/ Yoast SEO plugin. -->","yoast_head_json":{"title":"El Speedo RB Solid pl &#8212; El Speedo","description":"El Speedo je nejv\u011bt\u0161\u00ed paraglidingov\u00e1 komunita a \u0161kola v \u010cR. Tandemov\u00e9 seskoky, kurzy, expedice a paragliding v\u00fdbava","robots":{"index":"index","follow":"follow","max-snippet":"max-snippet:-1","max-image-preview":"max-image-preview:large","max-video-preview":"max-video-preview:-1"},"canonical":"https:\/\/elspeedo.cz\/?post_type=product&p=99346\/","og_locale":"en_US","og_type":"article","og_title":"El Speedo RB Solid pl &#8212; El Speedo","og_description":"El Speedo je nejv\u011bt\u0161\u00ed paraglidingov\u00e1 komunita a \u0161kola v \u010cR. Tandemov\u00e9 seskoky, kurzy, expedice a paragliding v\u00fdbava","og_url":"https:\/\/elspeedo.cz\/?post_type=product&p=99346\/","og_site_name":"El Speedo","article_publisher":"http:\/\/www.facebook.com\/paragliding.elspeedo.cz\/?fref=ts","article_modified_time":"2019-03-05T10:00:49+00:00","og_image":[{"width":900,"height":700,"url":"https:\/\/elspeedo.cz\/wp-content\/uploads\/2016\/11\/rb-solid.png","type":"image\/png"}],"twitter_card":"summary_large_image","schema":{"@context":"https:\/\/schema.org","@graph":[{"@type":"WebPage","@id":"https:\/\/elspeedo.cz\/?post_type=product&p=99346\/","url":"https:\/\/elspeedo.cz\/?post_type=product&p=99346\/","name":"El Speedo RB Solid pl &#8212; El Speedo","isPartOf":{"@id":"https:\/\/elspeedo.cz\/#website"},"primaryImageOfPage":{"@id":"https:\/\/elspeedo.cz\/?post_type=product&p=99346\/#primaryimage"},"image":{"@id":"https:\/\/elspeedo.cz\/?post_type=product&p=99346\/#primaryimage"},"thumbnailUrl":"https:\/\/elspeedo.cz\/wp-content\/uploads\/2016\/11\/rb-solid.png","datePublished":"2017-05-10T14:51:43+00:00","dateModified":"2019-03-05T10:00:49+00:00","description":"El Speedo je nejv\u011bt\u0161\u00ed paraglidingov\u00e1 komunita a \u0161kola v \u010cR. Tandemov\u00e9 seskoky, kurzy, expedice a paragliding v\u00fdbava","breadcrumb":{"@id":"https:\/\/elspeedo.cz\/?post_type=product&p=99346\/#breadcrumb"},"inLanguage":"en-US","potentialAction":[{"@type":"ReadAction","target":["https:\/\/elspeedo.cz\/?post_type=product&p=99346\/"]}]},{"@type":"ImageObject","inLanguage":"en-US","@id":"https:\/\/elspeedo.cz\/?post_type=product&p=99346\/#primaryimage","url":"https:\/\/elspeedo.cz\/wp-content\/uploads\/2016\/11\/rb-solid.png","contentUrl":"https:\/\/elspeedo.cz\/wp-content\/uploads\/2016\/11\/rb-solid.png","width":900,"height":700},{"@type":"BreadcrumbList","@id":"https:\/\/elspeedo.cz\/?post_type=product&p=99346\/#breadcrumb","itemListElement":[{"@type":"ListItem","position":1,"name":"Dom\u016f","item":"https:\/\/elspeedo.cz\/en\/"},{"@type":"ListItem","position":2,"name":"Obchod","item":"https:\/\/elspeedo.cz\/obchod\/"},{"@type":"ListItem","position":3,"name":"El Speedo RB Solid pl"}]},{"@type":"WebSite","@id":"https:\/\/elspeedo.cz\/#website","url":"https:\/\/elspeedo.cz\/","name":"El Speedo","description":"Paragliding - kurzy, vybaven\u00ed, v\u00fdlety, komunita","potentialAction":[{"@type":"SearchAction","target":{"@type":"EntryPoint","urlTemplate":"https:\/\/elspeedo.cz\/?s={search_term_string}"},"query-input":{"@type":"PropertyValueSpecification","valueRequired":true,"valueName":"search_term_string"}}],"inLanguage":"en-US"}]}},"_links":{"self":[{"href":"https:\/\/elspeedo.cz\/en\/wp-json\/wp\/v2\/product\/99347","targetHints":{"allow":["GET"]}}],"collection":[{"href":"https:\/\/elspeedo.cz\/en\/wp-json\/wp\/v2\/product"}],"about":[{"href":"https:\/\/elspeedo.cz\/en\/wp-json\/wp\/v2\/types\/product"}],"replies":[{"embeddable":true,"href":"https:\/\/elspeedo.cz\/en\/wp-json\/wp\/v2\/comments?post=99347"}],"wp:featuredmedia":[{"embeddable":true,"href":"https:\/\/elspeedo.cz\/en\/wp-json\/wp\/v2\/media\/35587"}],"wp:attachment":[{"href":"https:\/\/elspeedo.cz\/en\/wp-json\/wp\/v2\/media?parent=99347"}],"curies":[{"name":"wp","href":"https:\/\/api.w.org\/{rel}","templated":true}]}}