{"id":14230,"date":"2016-11-22T18:59:19","date_gmt":"2016-11-22T17:59:19","guid":{"rendered":"https:\/\/elspeedo.cz\/podpora\/?lang=pl"},"modified":"2021-03-08T14:36:39","modified_gmt":"2021-03-08T13:36:39","slug":"pomoc","status":"publish","type":"page","link":"https:\/\/elspeedo.cz\/pl\/pomoc\/","title":{"rendered":"Pomoc\/kontakt"},"content":{"rendered":"<div class=\"wpb-content-wrapper\">[mk_page_section video_loop=&#8221;false&#8221; padding_top=&#8221;100&#8243; padding_bottom=&#8221;100&#8243; sidebar=&#8221;sidebar-1&#8243;][vc_column width=&#8221;1\/12&#8243;][\/vc_column][vc_column width=&#8221;5\/6&#8243;][vc_column_text]\n<h2 style=\"text-align: center\">Witajcie w\u00a0El Speedo\u00a0pomocy<\/h2>\n<p style=\"text-align: center\">Ta cz\u0119\u015b\u0107\u00a0strony dedykowana jest technicznemu i informacyjnemu wsparciu naszych\u00a0klient\u00f3w i innych pilotow z kt\u00f3rymi spotykamy si\u0119 na ziemi i w powietrzu.<\/p>\n<p style=\"text-align: center\">Dzi\u0119kujemy za wasze zainteresowanie i ciekawe pomys\u0142y.<\/p>\n[\/vc_column_text][\/vc_column][vc_column width=&#8221;1\/12&#8243;][\/vc_column][\/mk_page_section][mk_page_section bg_color=&#8221;#f4f4f4&#8243; bg_stretch=&#8221;true&#8221; video_loop=&#8221;false&#8221; padding_top=&#8221;100&#8243; padding_bottom=&#8221;100&#8243; el_class=&#8221;section-gray&#8221; sidebar=&#8221;sidebar-1&#8243;][vc_column][mk_fancy_title size=&#8221;52&#8243; force_font_size=&#8221;true&#8221; size_phone=&#8221;32&#8243; font_family=&#8221;none&#8221; align=&#8221;center&#8221;]El Speedo s.r.o.[\/mk_fancy_title][vc_row_inner][vc_column_inner width=&#8221;1\/3&#8243;][vc_column_text margin_bottom=&#8221;10&#8243;]<strong>Kontakt:<\/strong><\/p>\n<p>Tel.: +420 777 311 661<br \/>\nEmail: info@elspeedo.cz<\/p>\n<p><strong>Adres biura Flight Park Javorov\u00fd:<\/strong><br \/>\nOld\u0159ichovice 1021, 73961 T\u0159inec<br \/>\nCzechy[\/vc_column_text][vc_column_text]<strong>Kontakt w j\u0119zyku polskim:<\/strong><br \/>\nTel.: +420 728 520 532<\/p>\n<p><strong>Kontakt w j\u0119zyku angielskim:<\/strong><br \/>\ntel.: +420 603 311 661<\/p>\n<p><strong>Kontakt w j\u0119zyku rosyjskim:<\/strong><br \/>\ntel.: +420 603 311 661[\/vc_column_text][\/vc_column_inner][vc_column_inner width=&#8221;1\/3&#8243;][vc_column_text]<strong>Godziny pracy:<\/strong><\/p>\n<p>Po &#8211; Pt: 10:00 &#8211; 16:00<br \/>\n(16:00 &#8211; 18:00 po wcze\u015bniejszym um\u00f3wieniu)<\/p>\n<p>So: 8:00 &#8211; 20:00<br \/>\n(w dniu rozpocz\u0119cia kursu podstawowego)<\/p>\n<p><strong>Rezerwacja zakwaterowania:<\/strong><br \/>\ntel.: +420 604 975 490<br \/>\n[\/vc_column_text][\/vc_column_inner][vc_column_inner width=&#8221;1\/3&#8243;][vc_column_text]<strong>Faktura\u010dn\u00ed \u00fadaje:<\/strong><\/p>\n<p>El Speedo s.r.o.,<br \/>\nVy\u0161n\u00ed Lhoty 300, 739 51 Vy\u0161n\u00ed Lhoty<\/p>\n<p>I\u010c: 27842690<\/p>\n<p>DI\u010c: CZ27842690<\/p>\n<p>Z\u00e1pis v OR veden\u00e9m u Krajsk\u00e9ho soudu v Ostrav\u011b v odd\u00edlu C\/ vlo\u017eka 31285[\/vc_column_text][\/vc_column_inner][\/vc_row_inner][\/vc_column][\/mk_page_section][mk_page_section video_loop=&#8221;false&#8221; padding_top=&#8221;100&#8243; padding_bottom=&#8221;100&#8243; sidebar=&#8221;sidebar-1&#8243;][vc_column width=&#8221;1\/12&#8243;][\/vc_column][vc_column width=&#8221;5\/6&#8243;][vc_raw_js]JTNDc2NyaXB0JTIwdHlwZSUzRCUyMnRleHQlMkZqYXZhc2NyaXB0JTIyJTNFJTIwJTBBJTBBalF1ZXJ5JTI4ZG9jdW1lbnQlMjkucmVhZHklMjhmdW5jdGlvbiUyOCUyOSUyMCU3QiUwQSUyMCUyMCUyMCUyMHZhciUyMGglMjAlM0QlMjB3aW5kb3cubG9jYXRpb24uaGFzaCUzQiUwQSUyMCUyMCUyMCUyMGlmJTIwJTI4aC5zdGFydHNXaXRoJTI4JTI3JTIzZmFxXyUyNyUyOSUyOSUyMCU3QiUwQSUyMCUyMCUyMCUyMCUyMCUyMCUyMCUyMGglMjAlM0QlMjBoLnN1YnN0cmluZyUyODUlMjklM0IlMEElMjAlMjAlMjAlMjAlMjAlMjAlMjAlMjB2YXIlMjBmYXElMjAlM0QlMjBqUXVlcnklMjglMjcubWstZmFxLXdyYXBwZXIlMjclMjklM0IlMEElMjAlMjAlMjAlMjAlMjAlMjAlMjAlMjBpZiUyOCUyMCUyMSUyMGZhcS5sZW5ndGglMjAlMjklMjByZXR1cm4lM0IlMEElMjAlMjAlMjAlMjAlMjAlMjAlMjAlMjB2YXIlMjBvZmZzZXQlMjAlMjAlM0QlMjBmYXEub2Zmc2V0JTI4JTI5LnRvcCUzQiUwQSUyMCUyMCUyMCUyMCUyMCUyMCUyMCUyMG9mZnNldCUyMCUzRCUyMG9mZnNldCUyMC0lMjBNSy52YWwub2Zmc2V0SGVhZGVySGVpZ2h0JTI4JTIwb2Zmc2V0JTIwJTI5JTNCJTBBJTIwJTIwJTIwJTIwJTIwJTIwJTIwJTIwTUsudXRpbHMuc2Nyb2xsVG8lMjglMjBvZmZzZXQlMjAlMjklM0IlMEElMjAlMjAlMjAlMjAlMjAlMjAlMjAlMjBmYXEuZmluZCUyOCUyN2ElNUJkYXRhLWZpbHRlciUzRCUyMiUyNyUyMCUyQiUyMGglMjAlMkIlMjAlMjclMjIlNUQlMjclMjkudHJpZ2dlciUyOCUyN2NsaWNrJTI3JTI5JTNCJTBBJTIwJTIwJTIwJTIwJTdEJTBBJTdEJTI5JTNCJTBBJTNDJTJGc2NyaXB0JTNF[\/vc_raw_js][mk_faq view_all_text=&#8221;V\u0161echny&#8221; count=&#8221;-1&#8243; faq_cat=&#8221;el-speedo-id-pl, kurzy-a-licence-pl, pg-vybaveni-pl, piloti-sobe-pl, tandemy-pl&#8221;][\/vc_column][vc_column width=&#8221;1\/12&#8243;][\/vc_column][\/mk_page_section][mk_page_section bg_image=&#8221;https:\/\/elspeedo.cz\/wp-content\/uploads\/2016\/11\/puravida.jpg&#8221; bg_position=&#8221;center top&#8221; bg_repeat=&#8221;no-repeat&#8221; bg_stretch=&#8221;true&#8221; video_loop=&#8221;false&#8221; min_height=&#8221;450&#8243; padding_top=&#8221;100&#8243; padding_bottom=&#8221;100&#8243; sidebar=&#8221;sidebar-1&#8243;][vc_column][\/vc_column][\/mk_page_section]\n<\/div>","protected":false},"excerpt":{"rendered":"<p>[mk_page_section video_loop=&#8221;false&#8221; padding_top=&#8221;100&#8243; padding_bottom=&#8221;100&#8243; sidebar=&#8221;sidebar-1&#8243;][vc_column width=&#8221;1\/12&#8243;][\/vc_column][vc_column width=&#8221;5\/6&#8243;][vc_column_text] Witajcie w\u00a0El Speedo\u00a0pomocy Ta cz\u0119\u015b\u0107\u00a0strony dedykowana jest technicznemu i informacyjnemu wsparciu naszych\u00a0klient\u00f3w i innych pilotow z kt\u00f3rymi spotykamy si\u0119 na ziemi i w powietrzu. Dzi\u0119kujemy za wasze zainteresowanie i ciekawe pomys\u0142y. [\/vc_column_text][\/vc_column][vc_column width=&#8221;1\/12&#8243;][\/vc_column][\/mk_page_section][mk_page_section bg_color=&#8221;#f4f4f4&#8243; bg_stretch=&#8221;true&#8221; video_loop=&#8221;false&#8221; padding_top=&#8221;100&#8243; padding_bottom=&#8221;100&#8243; el_class=&#8221;section-gray&#8221; sidebar=&#8221;sidebar-1&#8243;][vc_column][mk_fancy_title size=&#8221;52&#8243; force_font_size=&#8221;true&#8221; size_phone=&#8221;32&#8243; font_family=&#8221;none&#8221; align=&#8221;center&#8221;]El Speedo s.r.o.[\/mk_fancy_title][vc_row_inner][vc_column_inner width=&#8221;1\/3&#8243;][vc_column_text [&hellip;]<\/p>\n","protected":false},"author":3878,"featured_media":0,"parent":0,"menu_order":0,"comment_status":"closed","ping_status":"closed","template":"","meta":{"_tribe_blocks_recurrence_rules":"","_tribe_blocks_recurrence_exclusions":"","_tribe_blocks_recurrence_description":"","footnotes":""},"class_list":["post-14230","page","type-page","status-publish","hentry"],"yoast_head":"<!-- This site is optimized with the Yoast SEO plugin v27.0 - https:\/\/yoast.com\/product\/yoast-seo-wordpress\/ -->\n<title>Pomoc\/kontakt &#8212; El Speedo<\/title>\n<meta name=\"description\" content=\"El Speedo je nejv\u011bt\u0161\u00ed paraglidingov\u00e1 komunita a \u0161kola v \u010cR. Tandemov\u00e9 seskoky, kurzy, expedice a paragliding v\u00fdbava\" \/>\n<meta name=\"robots\" content=\"index, follow, max-snippet:-1, max-image-preview:large, max-video-preview:-1\" \/>\n<link rel=\"canonical\" href=\"https:\/\/elspeedo.cz\/pl\/pomoc\/\" \/>\n<meta property=\"og:locale\" content=\"pl_PL\" \/>\n<meta property=\"og:type\" content=\"article\" \/>\n<meta property=\"og:title\" content=\"Pomoc\/kontakt &#8212; El Speedo\" \/>\n<meta property=\"og:description\" content=\"El Speedo je nejv\u011bt\u0161\u00ed paraglidingov\u00e1 komunita a \u0161kola v \u010cR. Tandemov\u00e9 seskoky, kurzy, expedice a paragliding v\u00fdbava\" \/>\n<meta property=\"og:url\" content=\"https:\/\/elspeedo.cz\/pl\/pomoc\/\" \/>\n<meta property=\"og:site_name\" content=\"El Speedo\" \/>\n<meta property=\"article:publisher\" content=\"http:\/\/www.facebook.com\/paragliding.elspeedo.cz\/?fref=ts\" \/>\n<meta property=\"article:modified_time\" content=\"2021-03-08T13:36:39+00:00\" \/>\n<meta name=\"twitter:card\" content=\"summary_large_image\" \/>\n<meta name=\"twitter:label1\" content=\"Szacowany czas czytania\" \/>\n\t<meta name=\"twitter:data1\" content=\"2 minuty\" \/>\n<script type=\"application\/ld+json\" class=\"yoast-schema-graph\">{\"@context\":\"https:\/\/schema.org\",\"@graph\":[{\"@type\":\"WebPage\",\"@id\":\"https:\/\/elspeedo.cz\/pl\/pomoc\/\",\"url\":\"https:\/\/elspeedo.cz\/pl\/pomoc\/\",\"name\":\"Pomoc\/kontakt &#8212; El Speedo\",\"isPartOf\":{\"@id\":\"https:\/\/elspeedo.cz\/#website\"},\"datePublished\":\"2016-11-22T17:59:19+00:00\",\"dateModified\":\"2021-03-08T13:36:39+00:00\",\"description\":\"El Speedo je nejv\u011bt\u0161\u00ed paraglidingov\u00e1 komunita a \u0161kola v \u010cR. Tandemov\u00e9 seskoky, kurzy, expedice a paragliding v\u00fdbava\",\"breadcrumb\":{\"@id\":\"https:\/\/elspeedo.cz\/pl\/pomoc\/#breadcrumb\"},\"inLanguage\":\"pl-PL\",\"potentialAction\":[{\"@type\":\"ReadAction\",\"target\":[\"https:\/\/elspeedo.cz\/pl\/pomoc\/\"]}]},{\"@type\":\"BreadcrumbList\",\"@id\":\"https:\/\/elspeedo.cz\/pl\/pomoc\/#breadcrumb\",\"itemListElement\":[{\"@type\":\"ListItem\",\"position\":1,\"name\":\"Dom\u016f\",\"item\":\"https:\/\/elspeedo.cz\/pl\/\"},{\"@type\":\"ListItem\",\"position\":2,\"name\":\"Pomoc\/kontakt\"}]},{\"@type\":\"WebSite\",\"@id\":\"https:\/\/elspeedo.cz\/#website\",\"url\":\"https:\/\/elspeedo.cz\/\",\"name\":\"El Speedo\",\"description\":\"Paragliding - kurzy, vybaven\u00ed, v\u00fdlety, komunita\",\"potentialAction\":[{\"@type\":\"SearchAction\",\"target\":{\"@type\":\"EntryPoint\",\"urlTemplate\":\"https:\/\/elspeedo.cz\/?s={search_term_string}\"},\"query-input\":{\"@type\":\"PropertyValueSpecification\",\"valueRequired\":true,\"valueName\":\"search_term_string\"}}],\"inLanguage\":\"pl-PL\"}]}<\/script>\n<!-- \/ Yoast SEO plugin. -->","yoast_head_json":{"title":"Pomoc\/kontakt &#8212; El Speedo","description":"El Speedo je nejv\u011bt\u0161\u00ed paraglidingov\u00e1 komunita a \u0161kola v \u010cR. Tandemov\u00e9 seskoky, kurzy, expedice a paragliding v\u00fdbava","robots":{"index":"index","follow":"follow","max-snippet":"max-snippet:-1","max-image-preview":"max-image-preview:large","max-video-preview":"max-video-preview:-1"},"canonical":"https:\/\/elspeedo.cz\/pl\/pomoc\/","og_locale":"pl_PL","og_type":"article","og_title":"Pomoc\/kontakt &#8212; El Speedo","og_description":"El Speedo je nejv\u011bt\u0161\u00ed paraglidingov\u00e1 komunita a \u0161kola v \u010cR. Tandemov\u00e9 seskoky, kurzy, expedice a paragliding v\u00fdbava","og_url":"https:\/\/elspeedo.cz\/pl\/pomoc\/","og_site_name":"El Speedo","article_publisher":"http:\/\/www.facebook.com\/paragliding.elspeedo.cz\/?fref=ts","article_modified_time":"2021-03-08T13:36:39+00:00","twitter_card":"summary_large_image","twitter_misc":{"Szacowany czas czytania":"2 minuty"},"schema":{"@context":"https:\/\/schema.org","@graph":[{"@type":"WebPage","@id":"https:\/\/elspeedo.cz\/pl\/pomoc\/","url":"https:\/\/elspeedo.cz\/pl\/pomoc\/","name":"Pomoc\/kontakt &#8212; El Speedo","isPartOf":{"@id":"https:\/\/elspeedo.cz\/#website"},"datePublished":"2016-11-22T17:59:19+00:00","dateModified":"2021-03-08T13:36:39+00:00","description":"El Speedo je nejv\u011bt\u0161\u00ed paraglidingov\u00e1 komunita a \u0161kola v \u010cR. Tandemov\u00e9 seskoky, kurzy, expedice a paragliding v\u00fdbava","breadcrumb":{"@id":"https:\/\/elspeedo.cz\/pl\/pomoc\/#breadcrumb"},"inLanguage":"pl-PL","potentialAction":[{"@type":"ReadAction","target":["https:\/\/elspeedo.cz\/pl\/pomoc\/"]}]},{"@type":"BreadcrumbList","@id":"https:\/\/elspeedo.cz\/pl\/pomoc\/#breadcrumb","itemListElement":[{"@type":"ListItem","position":1,"name":"Dom\u016f","item":"https:\/\/elspeedo.cz\/pl\/"},{"@type":"ListItem","position":2,"name":"Pomoc\/kontakt"}]},{"@type":"WebSite","@id":"https:\/\/elspeedo.cz\/#website","url":"https:\/\/elspeedo.cz\/","name":"El Speedo","description":"Paragliding - kurzy, vybaven\u00ed, v\u00fdlety, komunita","potentialAction":[{"@type":"SearchAction","target":{"@type":"EntryPoint","urlTemplate":"https:\/\/elspeedo.cz\/?s={search_term_string}"},"query-input":{"@type":"PropertyValueSpecification","valueRequired":true,"valueName":"search_term_string"}}],"inLanguage":"pl-PL"}]}},"_links":{"self":[{"href":"https:\/\/elspeedo.cz\/pl\/wp-json\/wp\/v2\/pages\/14230","targetHints":{"allow":["GET"]}}],"collection":[{"href":"https:\/\/elspeedo.cz\/pl\/wp-json\/wp\/v2\/pages"}],"about":[{"href":"https:\/\/elspeedo.cz\/pl\/wp-json\/wp\/v2\/types\/page"}],"author":[{"embeddable":true,"href":"https:\/\/elspeedo.cz\/pl\/wp-json\/wp\/v2\/users\/3878"}],"replies":[{"embeddable":true,"href":"https:\/\/elspeedo.cz\/pl\/wp-json\/wp\/v2\/comments?post=14230"}],"version-history":[{"count":1,"href":"https:\/\/elspeedo.cz\/pl\/wp-json\/wp\/v2\/pages\/14230\/revisions"}],"predecessor-version":[{"id":152219,"href":"https:\/\/elspeedo.cz\/pl\/wp-json\/wp\/v2\/pages\/14230\/revisions\/152219"}],"wp:attachment":[{"href":"https:\/\/elspeedo.cz\/pl\/wp-json\/wp\/v2\/media?parent=14230"}],"curies":[{"name":"wp","href":"https:\/\/api.w.org\/{rel}","templated":true}]}}