{"id":14508,"date":"2016-11-22T18:58:29","date_gmt":"2016-11-22T17:58:29","guid":{"rendered":"https:\/\/elspeedo.cz\/fly7000\/?lang=pl"},"modified":"2017-08-20T11:59:12","modified_gmt":"2017-08-20T10:59:12","slug":"fly7000","status":"publish","type":"page","link":"https:\/\/elspeedo.cz\/pl\/fly7000\/","title":{"rendered":"FLY7000"},"content":{"rendered":"<div class=\"wpb-content-wrapper\">[mk_page_section bg_image=&#8221;https:\/\/elspeedo.cz\/wp-content\/uploads\/2016\/11\/k2-fly7000.jpg&#8221; bg_color=&#8221;#ffffff&#8221; bg_position=&#8221;center top&#8221; bg_repeat=&#8221;no-repeat&#8221; bg_stretch=&#8221;true&#8221; video_loop=&#8221;false&#8221; video_opacity=&#8221;0.7&#8243; min_height=&#8221;450&#8243; full_width=&#8221;true&#8221; js_vertical_centered=&#8221;true&#8221; top_shape_style=&#8221;curve-top&#8221; top_shape_color=&#8221;#ffffff&#8221; bottom_shape_style=&#8221;curve-bottom&#8221; bottom_shape_color=&#8221;#ffffff&#8221; sidebar=&#8221;sidebar-1&#8243;][vc_column][mk_fancy_title tag_name=&#8221;h1&#8243; color=&#8221;#0a0a0a&#8221; size=&#8221;48&#8243; font_weight=&#8221;900&#8243; margin_top=&#8221;100&#8243; font_family=&#8221;none&#8221; align=&#8221;center&#8221;][\/mk_fancy_title][\/vc_column][\/mk_page_section][vc_row css=&#8221;.vc_custom_1479838871092{padding-top: 80px !important;padding-bottom: 80px !important;}&#8221;][vc_column width=&#8221;1\/4&#8243; css=&#8221;.vc_custom_1480666109474{padding-top: 50px !important;}&#8221;][vc_single_image image=&#8221;13136&#8243; img_size=&#8221;full&#8221; alignment=&#8221;center&#8221; style=&#8221;vc_box_rounded&#8221;][\/vc_column][vc_column width=&#8221;3\/4&#8243;][vc_column_text disable_pattern=&#8221;false&#8221;]\n<h4>z\u00a0<strong>RAKAPOSHI<\/strong>\u00a0na\u00a0<strong>K2<\/strong><\/h4>\n<p>To by\u0142o jedno z tych wydarze\u0144 kt\u00f3rego nie zapomniesz do ko\u0144ca \u017cycia.<\/p>\n<p>Razem z moim przyjacielem \u010eurem Klej\u0105 zdecydowali\u015bmy si\u0119 w roku 2011 na lot biwakowy przez Karakorum z zamiarem zdobycia drugiej najwi\u0119kszej g\u00f3ry na \u015bwiecie \u2013 K2. Podczas kilku poprzednich wypraw wsp\u00f3lnie wypracowali\u015bmy skuteczny i ofensywny spos\u00f3b lotu w wysokich g\u00f3rach. I to w\u0142a\u015bnie dzi\u0119ki temu efektywnemu sposobowi latania jako pierwsi na \u015bwiecie dolecieli\u015bmy na bezsilnikowych paralotniach z doliny Hunza a\u017c ku sercu g\u00f3r \u2013 pi\u0119knemu i surowemu K2.<\/p>\n<p>Lecieli\u015bmy t\u0105 ekstremalnie trudn\u0105 tras\u0105 przez 280 km jedynie 2 dni bez aparatu tlenowego czy wsparcia z ziemi. Ogromne wyczerpanie fizyczne w\u015br\u00f3d pot\u0119\u017cnych g\u00f3r przerodzi\u0142o si\u0119 w silne wewn\u0119trzne uczucia. I mog\u0119 dzi\u015b powiedzie\u0107 \u017ce by\u0142 to dla mnie zaszczyt lecie\u0107 z \u010eurem w tak wspania\u0142ych i dzikich g\u00f3rach.<\/p>\n<p>Dalibor Carbol[\/vc_column_text][\/vc_column][vc_column css=&#8221;.vc_custom_1493733154733{padding-top: 50px !important;}&#8221;][vc_separator el_width=&#8221;80&#8243; el_class=&#8221;basic-separator&#8221; css=&#8221;.vc_custom_1493733198694{padding-bottom: 30px !important;}&#8221;][vc_video link=&#8221;http:\/\/vimeo.com\/49337812&#8243;][\/vc_column][\/vc_row][mk_page_section bg_color=&#8221;#272727&#8243; bg_position=&#8221;center center&#8221; video_loop=&#8221;false&#8221; js_vertical_centered=&#8221;true&#8221; padding_top=&#8221;80&#8243; padding_bottom=&#8221;80&#8243; el_class=&#8221;sc-dark&#8221; sidebar=&#8221;sidebar-1&#8243;][vc_column][vc_row_inner][vc_column_inner width=&#8221;1\/6&#8243;][\/vc_column_inner][vc_column_inner width=&#8221;2\/3&#8243;][vc_column_text align=&#8221;center&#8221;]\n<h1>Dobrej jako\u015bci sprz\u0119t na Tw\u00f3j<\/h1>\n<h1><strong>LOT BIWAKOWY<\/strong><\/h1>\n<p>Przygotowanie si\u0119 do wyzwania jakim s\u0105 loty biwakowe nie jest \u0142atwe i sprz\u0119t o dobrej jako\u015bci materia\u0142u odgrywa ogromn\u0105 rol\u0119 w kategorii sukcesu lub niepowodzenia ekspedycji. Dlatego w 2010 roku rozpocz\u0119li\u015bmy szycie\u00a0 maksymalnie funkcjonalnego a lekkiego sprz\u0119tu dla paralotniarzy pod mark\u0105 EL SPEEDO \u2013 seria FLY7000. Mo\u017cesz j\u0105 tutaj zobaczy\u0107 i bezpo\u015brednio zam\u00f3wi\u0107.<\/p>\n<p>Podstaw\u0105 tych produkt\u00f3w jest nasze bogate do\u015bwiadczenie i nacisk na prostot\u0119 konstrukcji w po\u0142\u0105czeniu z nisk\u0105 wag\u0105, maksymaln\u0105 funkcjonalno\u015bci\u0105 w ekstremalnych warunkach, wygod\u0105, kt\u00f3ra oszcz\u0119dza energi\u0119 podczas d\u0142ugich przelot\u00f3w. A to wszystko wykonane precyzyjnie z u\u017cyciem wysokiej jako\u015bci materia\u0142\u00f3w.<\/p>\n<p>Dzi\u0119ki naszemu do\u015bwiadczeniu mo\u017cemy zaproponowa\u0107 Ci produkty stworzone bez marketingowego kompromisu, pozbawione wad, kt\u00f3re stan\u0105 si\u0119 Twoj\u0105 nieod\u0142\u0105czn\u0105 pomoc\u0105 w podr\u00f3\u017cy.[\/vc_column_text][\/vc_column_inner][vc_column_inner width=&#8221;1\/6&#8243;][\/vc_column_inner][\/vc_row_inner][\/vc_column][\/mk_page_section][mk_page_section padding_top=&#8221;80&#8243; padding_bottom=&#8221;80&#8243; top_shape_color=&#8221;#ffffff&#8221; bottom_shape_color=&#8221;#ffffff&#8221; sidebar=&#8221;sidebar-1&#8243;][vc_column width=&#8221;1\/12&#8243;][\/vc_column][vc_column width=&#8221;5\/6&#8243;][vc_column_text align=&#8221;center&#8221;]\n<h1>Nasze\u00a0Wyprawy<\/h1>\n[\/vc_column_text][mk_padding_divider][mk_blog style=&#8221;thumbnail&#8221; grid_image_height=&#8221;220&#8243; post_count=&#8221;6&#8243; pagination_style=&#8221;2&#8243; el_class=&#8221;simple-blog&#8221; cat=&#8221;997&#8243;][\/vc_column][vc_column width=&#8221;1\/12&#8243;][\/vc_column][\/mk_page_section][mk_page_section bg_color=&#8221;#272727&#8243; bg_position=&#8221;center center&#8221; video_loop=&#8221;false&#8221; js_vertical_centered=&#8221;true&#8221; padding_top=&#8221;80&#8243; padding_bottom=&#8221;80&#8243; el_class=&#8221;sc-dark&#8221; sidebar=&#8221;sidebar-1&#8243;][vc_column][vc_row_inner][vc_column_inner width=&#8221;1\/6&#8243;][\/vc_column_inner][vc_column_inner width=&#8221;2\/3&#8243;][vc_column_text align=&#8221;center&#8221;]\n<h2>Wskaz\u00f3wki na Tw\u00f3j<strong>\u00a0BIWAKOWY\u00a0LOT<\/strong><\/h2>\n<p>Zazwyczaj minimalizm w wyborze sprz\u0119tu jest kluczowym elementem dla pomy\u015blnego przebiegu akcji biwakowej. W rzeczywisto\u015bci wa\u017cnym warunkiem dla bezpiecznego osi\u0105gni\u0119cia celu jest szybki, ofensywny spos\u00f3b lotu. Je\u015bli b\u0119dziecie porusza\u0107 si\u0119 powoli i planujecie wiele przystank\u00f3w, potrzebujecie wi\u0119cej sprz\u0119tu i zasob\u00f3w \u2013 co jest nieprzyjemnie ci\u0119\u017ckie, wyczerpuj\u0105ce i b\u0119dzie spowalnia\u0107 podr\u00f3\u017c. To bywa przyczyn\u0105 taktycznych i pilota\u017cowych b\u0142\u0119d\u00f3w.<\/p>\n<p>Dodatkowo, prawdopodobie\u0144stwo, \u017ce spotkacie z\u0142\u0105 pogod\u0119 w wysokich g\u00f3rach zwi\u0119ksza si\u0119 z ka\u017cdym dniem.<\/p>\n<p>Wi\u0119c &#8211; skoncentruj si\u0119 na trasie, kt\u00f3r\u0105 jeste\u015b w stanie przeby\u0107 w ci\u0105gu 2-3 dni. W ten spos\u00f3b nie b\u0119dziesz musia\u0142 nosi\u0107 sprz\u0119tu i zapas\u00f3w kt\u00f3rych zupe\u0142nie nie zu\u017cyjesz. B\u0119dziesz mia\u0142 wi\u0119cej si\u0142y, wewn\u0119trznego spokoju i lepiej poradzisz sobie z trudno\u015bciami, kt\u00f3re mo\u017cesz napotka\u0107 podczas lotu w g\u00f3rach.<\/p>\n<p>I jeszcze jedna rada \u2013 wgraj sobie do kom\u00f3rki audiobooki i dobr\u0105 muzyk\u0119. W\u00a0wysokich g\u00f3rach przed lotem dobrze jest uspokoi\u0107 umys\u0142, odpr\u0119\u017cy\u0107 si\u0119. Ciekawa ksi\u0105\u017cka nadaje lotnemu dniu inny wymiar.[\/vc_column_text][\/vc_column_inner][vc_column_inner width=&#8221;1\/6&#8243;][\/vc_column_inner][\/vc_row_inner][\/vc_column][\/mk_page_section][vc_row][vc_column][mk_padding_divider size=&#8221;50&#8243;][vc_column_text align=&#8221;center&#8221;]<strong>Co jeszcze b\u0119dziesz potrzebowa\u0142 na sw\u00f3j<\/strong><\/p>\n<h1><strong>BIWAKOWY LOT<\/strong>?<\/h1>\n[\/vc_column_text][mk_padding_divider size=&#8221;20&#8243;][vc_column_text align=&#8221;center&#8221;]\n<h4><\/h4>\n<p>Chcia\u0142bym Ci teraz doradzi\u0107 jak zmniejszy\u0107 wag\u0119 Twojej uprz\u0119\u017cy bez nara\u017cania bezpiecze\u0144stwa pasywnego, komfortu i trwa\u0142o\u015bci materia\u0142\u00f3w. Jak to mo\u017cliwe? Przemy\u015bl zawsze, co nast\u0119pnego w\u0142o\u017cysz do uprz\u0119\u017cy &#8230;[\/vc_column_text][mk_padding_divider size=&#8221;20&#8243;][vc_masonry_grid post_type=&#8221;post&#8221; max_items=&#8221;12&#8243; element_width=&#8221;3&#8243; order=&#8221;ASC&#8221; grid_id=&#8221;vc_gid:1503226548762-bf7ad2ef-2c1c-7&#8243; taxonomies=&#8221;107&#8243;][\/vc_column][\/vc_row][mk_page_section bg_color=&#8221;#272727&#8243; bg_position=&#8221;center center&#8221; video_loop=&#8221;false&#8221; js_vertical_centered=&#8221;true&#8221; padding_top=&#8221;80&#8243; padding_bottom=&#8221;80&#8243; el_class=&#8221;sc-dark&#8221; sidebar=&#8221;sidebar-1&#8243;][vc_column width=&#8221;1\/4&#8243;][vc_single_image image=&#8221;13911&#8243; alignment=&#8221;center&#8221; style=&#8221;vc_box_rounded&#8221; title=&#8221;Juraj Kleja&#8221;][\/vc_column][vc_column width=&#8221;1\/4&#8243;][vc_single_image image=&#8221;13904&#8243; alignment=&#8221;center&#8221; style=&#8221;vc_box_rounded&#8221; title=&#8221;Dalibor Carbol&#8221;][\/vc_column][vc_column width=&#8221;1\/4&#8243;][vc_single_image image=&#8221;13910&#8243; alignment=&#8221;center&#8221; style=&#8221;vc_box_rounded&#8221; title=&#8221;Karel Vrbensk\u00fd&#8221;][\/vc_column][vc_column width=&#8221;1\/4&#8243;][vc_single_image image=&#8221;13909&#8243; alignment=&#8221;center&#8221; style=&#8221;vc_box_rounded&#8221; title=&#8221;Filip Bu\u0161o&#8221;][\/vc_column][\/mk_page_section]\n<\/div>","protected":false},"excerpt":{"rendered":"<p>[mk_page_section bg_image=&#8221;https:\/\/elspeedo.cz\/wp-content\/uploads\/2016\/11\/k2-fly7000.jpg&#8221; bg_color=&#8221;#ffffff&#8221; bg_position=&#8221;center top&#8221; bg_repeat=&#8221;no-repeat&#8221; bg_stretch=&#8221;true&#8221; video_loop=&#8221;false&#8221; video_opacity=&#8221;0.7&#8243; min_height=&#8221;450&#8243; full_width=&#8221;true&#8221; js_vertical_centered=&#8221;true&#8221; top_shape_style=&#8221;curve-top&#8221; top_shape_color=&#8221;#ffffff&#8221; bottom_shape_style=&#8221;curve-bottom&#8221; bottom_shape_color=&#8221;#ffffff&#8221; sidebar=&#8221;sidebar-1&#8243;][vc_column][mk_fancy_title tag_name=&#8221;h1&#8243; color=&#8221;#0a0a0a&#8221; size=&#8221;48&#8243; font_weight=&#8221;900&#8243; margin_top=&#8221;100&#8243; font_family=&#8221;none&#8221; align=&#8221;center&#8221;][\/mk_fancy_title][\/vc_column][\/mk_page_section][vc_row css=&#8221;.vc_custom_1479838871092{padding-top: 80px !important;padding-bottom: 80px !important;}&#8221;][vc_column width=&#8221;1\/4&#8243; css=&#8221;.vc_custom_1480666109474{padding-top: 50px !important;}&#8221;][vc_single_image image=&#8221;13136&#8243; img_size=&#8221;full&#8221; alignment=&#8221;center&#8221; style=&#8221;vc_box_rounded&#8221;][\/vc_column][vc_column width=&#8221;3\/4&#8243;][vc_column_text disable_pattern=&#8221;false&#8221;] z\u00a0RAKAPOSHI\u00a0na\u00a0K2 To by\u0142o jedno z tych wydarze\u0144 kt\u00f3rego nie zapomniesz do ko\u0144ca \u017cycia. Razem z moim [&hellip;]<\/p>\n","protected":false},"author":3878,"featured_media":0,"parent":0,"menu_order":0,"comment_status":"closed","ping_status":"closed","template":"","meta":{"_tribe_blocks_recurrence_rules":"","_tribe_blocks_recurrence_exclusions":"","_tribe_blocks_recurrence_description":"","footnotes":""},"class_list":["post-14508","page","type-page","status-publish","hentry"],"yoast_head":"<!-- This site is optimized with the Yoast SEO plugin v27.0 - https:\/\/yoast.com\/product\/yoast-seo-wordpress\/ -->\n<title>FLY7000 &#8212; El Speedo<\/title>\n<meta name=\"description\" content=\"El Speedo je nejv\u011bt\u0161\u00ed paraglidingov\u00e1 komunita a \u0161kola v \u010cR. Tandemov\u00e9 seskoky, kurzy, expedice a paragliding v\u00fdbava\" \/>\n<meta name=\"robots\" content=\"index, follow, max-snippet:-1, max-image-preview:large, max-video-preview:-1\" \/>\n<link rel=\"canonical\" href=\"https:\/\/elspeedo.cz\/fly7000-2\/\" \/>\n<meta property=\"og:locale\" content=\"pl_PL\" \/>\n<meta property=\"og:type\" content=\"article\" \/>\n<meta property=\"og:title\" content=\"FLY7000 &#8212; El Speedo\" \/>\n<meta property=\"og:description\" content=\"El Speedo je nejv\u011bt\u0161\u00ed paraglidingov\u00e1 komunita a \u0161kola v \u010cR. Tandemov\u00e9 seskoky, kurzy, expedice a paragliding v\u00fdbava\" \/>\n<meta property=\"og:url\" content=\"https:\/\/elspeedo.cz\/fly7000-2\/\" \/>\n<meta property=\"og:site_name\" content=\"El Speedo\" \/>\n<meta property=\"article:publisher\" content=\"http:\/\/www.facebook.com\/paragliding.elspeedo.cz\/?fref=ts\" \/>\n<meta property=\"article:modified_time\" content=\"2017-08-20T10:59:12+00:00\" \/>\n<meta name=\"twitter:card\" content=\"summary_large_image\" \/>\n<meta name=\"twitter:label1\" content=\"Szacowany czas czytania\" \/>\n\t<meta name=\"twitter:data1\" content=\"5 minut\" \/>\n<script type=\"application\/ld+json\" class=\"yoast-schema-graph\">{\"@context\":\"https:\/\/schema.org\",\"@graph\":[{\"@type\":\"WebPage\",\"@id\":\"https:\/\/elspeedo.cz\/fly7000-2\/\",\"url\":\"https:\/\/elspeedo.cz\/fly7000-2\/\",\"name\":\"FLY7000 &#8212; El Speedo\",\"isPartOf\":{\"@id\":\"https:\/\/elspeedo.cz\/#website\"},\"datePublished\":\"2016-11-22T17:58:29+00:00\",\"dateModified\":\"2017-08-20T10:59:12+00:00\",\"description\":\"El Speedo je nejv\u011bt\u0161\u00ed paraglidingov\u00e1 komunita a \u0161kola v \u010cR. Tandemov\u00e9 seskoky, kurzy, expedice a paragliding v\u00fdbava\",\"breadcrumb\":{\"@id\":\"https:\/\/elspeedo.cz\/fly7000-2\/#breadcrumb\"},\"inLanguage\":\"pl-PL\",\"potentialAction\":[{\"@type\":\"ReadAction\",\"target\":[\"https:\/\/elspeedo.cz\/fly7000-2\/\"]}]},{\"@type\":\"BreadcrumbList\",\"@id\":\"https:\/\/elspeedo.cz\/fly7000-2\/#breadcrumb\",\"itemListElement\":[{\"@type\":\"ListItem\",\"position\":1,\"name\":\"Dom\u016f\",\"item\":\"https:\/\/elspeedo.cz\/pl\/\"},{\"@type\":\"ListItem\",\"position\":2,\"name\":\"FLY7000\"}]},{\"@type\":\"WebSite\",\"@id\":\"https:\/\/elspeedo.cz\/#website\",\"url\":\"https:\/\/elspeedo.cz\/\",\"name\":\"El Speedo\",\"description\":\"Paragliding - kurzy, vybaven\u00ed, v\u00fdlety, komunita\",\"potentialAction\":[{\"@type\":\"SearchAction\",\"target\":{\"@type\":\"EntryPoint\",\"urlTemplate\":\"https:\/\/elspeedo.cz\/?s={search_term_string}\"},\"query-input\":{\"@type\":\"PropertyValueSpecification\",\"valueRequired\":true,\"valueName\":\"search_term_string\"}}],\"inLanguage\":\"pl-PL\"}]}<\/script>\n<!-- \/ Yoast SEO plugin. -->","yoast_head_json":{"title":"FLY7000 &#8212; El Speedo","description":"El Speedo je nejv\u011bt\u0161\u00ed paraglidingov\u00e1 komunita a \u0161kola v \u010cR. Tandemov\u00e9 seskoky, kurzy, expedice a paragliding v\u00fdbava","robots":{"index":"index","follow":"follow","max-snippet":"max-snippet:-1","max-image-preview":"max-image-preview:large","max-video-preview":"max-video-preview:-1"},"canonical":"https:\/\/elspeedo.cz\/fly7000-2\/","og_locale":"pl_PL","og_type":"article","og_title":"FLY7000 &#8212; El Speedo","og_description":"El Speedo je nejv\u011bt\u0161\u00ed paraglidingov\u00e1 komunita a \u0161kola v \u010cR. Tandemov\u00e9 seskoky, kurzy, expedice a paragliding v\u00fdbava","og_url":"https:\/\/elspeedo.cz\/fly7000-2\/","og_site_name":"El Speedo","article_publisher":"http:\/\/www.facebook.com\/paragliding.elspeedo.cz\/?fref=ts","article_modified_time":"2017-08-20T10:59:12+00:00","twitter_card":"summary_large_image","twitter_misc":{"Szacowany czas czytania":"5 minut"},"schema":{"@context":"https:\/\/schema.org","@graph":[{"@type":"WebPage","@id":"https:\/\/elspeedo.cz\/fly7000-2\/","url":"https:\/\/elspeedo.cz\/fly7000-2\/","name":"FLY7000 &#8212; El Speedo","isPartOf":{"@id":"https:\/\/elspeedo.cz\/#website"},"datePublished":"2016-11-22T17:58:29+00:00","dateModified":"2017-08-20T10:59:12+00:00","description":"El Speedo je nejv\u011bt\u0161\u00ed paraglidingov\u00e1 komunita a \u0161kola v \u010cR. Tandemov\u00e9 seskoky, kurzy, expedice a paragliding v\u00fdbava","breadcrumb":{"@id":"https:\/\/elspeedo.cz\/fly7000-2\/#breadcrumb"},"inLanguage":"pl-PL","potentialAction":[{"@type":"ReadAction","target":["https:\/\/elspeedo.cz\/fly7000-2\/"]}]},{"@type":"BreadcrumbList","@id":"https:\/\/elspeedo.cz\/fly7000-2\/#breadcrumb","itemListElement":[{"@type":"ListItem","position":1,"name":"Dom\u016f","item":"https:\/\/elspeedo.cz\/pl\/"},{"@type":"ListItem","position":2,"name":"FLY7000"}]},{"@type":"WebSite","@id":"https:\/\/elspeedo.cz\/#website","url":"https:\/\/elspeedo.cz\/","name":"El Speedo","description":"Paragliding - kurzy, vybaven\u00ed, v\u00fdlety, komunita","potentialAction":[{"@type":"SearchAction","target":{"@type":"EntryPoint","urlTemplate":"https:\/\/elspeedo.cz\/?s={search_term_string}"},"query-input":{"@type":"PropertyValueSpecification","valueRequired":true,"valueName":"search_term_string"}}],"inLanguage":"pl-PL"}]}},"_links":{"self":[{"href":"https:\/\/elspeedo.cz\/pl\/wp-json\/wp\/v2\/pages\/14508","targetHints":{"allow":["GET"]}}],"collection":[{"href":"https:\/\/elspeedo.cz\/pl\/wp-json\/wp\/v2\/pages"}],"about":[{"href":"https:\/\/elspeedo.cz\/pl\/wp-json\/wp\/v2\/types\/page"}],"author":[{"embeddable":true,"href":"https:\/\/elspeedo.cz\/pl\/wp-json\/wp\/v2\/users\/3878"}],"replies":[{"embeddable":true,"href":"https:\/\/elspeedo.cz\/pl\/wp-json\/wp\/v2\/comments?post=14508"}],"version-history":[{"count":0,"href":"https:\/\/elspeedo.cz\/pl\/wp-json\/wp\/v2\/pages\/14508\/revisions"}],"wp:attachment":[{"href":"https:\/\/elspeedo.cz\/pl\/wp-json\/wp\/v2\/media?parent=14508"}],"curies":[{"name":"wp","href":"https:\/\/api.w.org\/{rel}","templated":true}]}}