{"id":14520,"date":"2016-12-07T15:00:03","date_gmt":"2016-12-07T14:00:03","guid":{"rendered":"https:\/\/elspeedo.cz\/?page_id=14520&#038;lang=pl"},"modified":"2019-02-11T17:51:28","modified_gmt":"2019-02-11T16:51:28","slug":"program-indywidualny","status":"publish","type":"page","link":"https:\/\/elspeedo.cz\/pl\/kursy-paralotniarstwa\/trening-paralotniowy\/program-indywidualny\/","title":{"rendered":"Szkolenie INDYWIDUALNE"},"content":{"rendered":"<div class=\"wpb-content-wrapper\">\n<p><\/p>\n\n\n[mk_page_section video_loop=&#8221;false&#8221; padding_top=&#8221;30&#8243; padding_bottom=&#8221;0&#8243; sidebar=&#8221;sidebar-1&#8243;][vc_column][vc_column_text align=&#8221;center&#8221;]\n<h4 style=\"text-align: center\">Nasz trening indywidualny jest maksymalnie efektownym i najbardziej pr\u0119\u017cnym rozwi\u0105zaniem.<\/h4>\n[\/vc_column_text][vc_separator el_width=&#8221;80&#8243; el_class=&#8221;basic-separator&#8221; css=&#8221;.vc_custom_1502113069564{padding-top: 30px !important;padding-bottom: 10px !important;}&#8221;][\/vc_column][\/mk_page_section][vc_row][vc_column width=&#8221;1\/3&#8243; css=&#8221;.vc_custom_1480691184496{padding-top: 70px !important;padding-bottom: 40px !important;}&#8221;][vc_single_image image=&#8221;14517&#8243; img_size=&#8221;full&#8221; alignment=&#8221;center&#8221; style=&#8221;vc_box_rounded&#8221; css=&#8221;.vc_custom_1481125298115{padding-right: 50px !important;}&#8221;][\/vc_column][vc_column width=&#8221;2\/3&#8243;][vc_column_text]\n<div style=\"text-align: left\">\n<p>Szukasz oferty intensywnej nauki paralotniarstwa? Przygotowanie do licencji pilota, powt\u00f3rkowych lub uzupe\u0142niaj\u0105cych lekcji, albo indywidualny trening z\u00a0jednym z\u00a0naszych instruktor\u00f3w wyczynowego latania XC?<\/p>\n<p>Szkolenia indywidualne prowadz\u0105 w El Speedo wy\u0142\u0105cznie nasi najbardziej do\u015bwiadczeni instruktorzy: Dalibor Carbol, Mgr. Slavom\u00edr Tmej oraz Ing. Karel Vrbensk\u00fd. Opracowali\u015bmy programy treningowe do dowolnego poziomu zdolno\u015bci klienta \u2013 od ca\u0142kowicie pocz\u0105tkuj\u0105cego a\u017c po profesjonalne szkolenia wyczynowego latania XC w Apach i najwy\u017cszych g\u00f3rach \u015bwiata.<\/p>\n<p>Nasi instruktorzy nale\u017c\u0105 w swej bran\u017cy do grona profesjonalist\u00f3w najwy\u017cszego poziomu, co niesie ze sob\u0105 du\u017ce obci\u0105\u017cenie zawodowe (przede wszystkim czasowe). Po wzajemnym om\u00f3wieniu naszych i Twych mo\u017cliwo\u015bci zaplanujemy Ci pierwsz\u0105 cz\u0119\u015b\u0107 programu indywidualnego, a na jego kontynuacji dogadasz si\u0119 ju\u017c wprost z\u00a0instruktorem. Nauka w El Speedo prowadzona jest w j\u0119zyku czeskim, polskim, angielskim lub rosyjskim.<\/p>\n<p>Dzi\u0119ki On-line portalowi szkoleniowemu i bogatym do\u015bwiadczeniom z\u00a0najr\u00f3\u017cniejszych zawod\u00f3w i ekspedycji paralotniarskich i regularnym uczestniczeniu w kursach bezpiecze\u0144stwa SIV jeste\u015bmy w pe\u0142ni gotowi sprosta\u0107 Twoim oczekiwaniom i w\u0142asnym wizjom treningu indywidualnego.<\/p>\n<p><strong>El Speedo Szkolenie INDYWIDUALNE oferuje:<\/strong><strong><br \/><\/strong><\/p>\n<ul>\n<li>kurs podstawowy paralotniarstwa do licencji PILOT,<\/li>\n<li>opracowanie indywidualnego planu treningowego,<\/li>\n<li>szkolenia do licencji Pilot sportowy, Pilot zawodowy, Tandem pilot, Instruktor, Pilot oblatywacz,<\/li>\n<li>wyjazdy treningowe i XC z\u00a0wybranym instruktorem,<\/li>\n<li>tandemowe loty XC z\u00a0instruktorem,<\/li>\n<li>analiz\u0119 w\u0142asnych danych GPS z\u00a0przeprowadzonych lot\u00f3w XC, nawet poza programem treningowym,<\/li>\n<li>analiz\u0119 w\u0142asnych nagra\u0144 podczas naszego kursu SIV, lub nagra\u0144 innego w\u0142asnego treningu,<\/li>\n<li>nauk\u0119 w dowolnym miejscu \u015bwiata, wg. Twoich \u017cycze\u0144.<\/li>\n<\/ul>\n<\/div>\n[\/vc_column_text][\/vc_column][\/vc_row][vc_row css=&#8221;.vc_custom_1502110266725{padding-top: 50px !important;padding-bottom: 40px !important;}&#8221;][vc_column][vc_separator el_width=&#8221;80&#8243; el_class=&#8221;basic-separator&#8221; css=&#8221;.vc_custom_1502113481037{padding-top: 0px !important;padding-bottom: 20px !important;}&#8221;][vc_column_text align=&#8221;center&#8221;]\n<h1>Ceny El Speedo Szkolenia indywidualnego<\/h1>\n<table>\n<tbody>\n<tr>\n<td width=\"113\">\n<p style=\"text-align: center\">Ilo\u015b\u0107 uczni\u00f3w<\/p>\n<\/td>\n<td style=\"text-align: center\" width=\"236\">\n<p>Cena na osob\u0119 i dzie\u0144 w terminie 16.10. \u2013 1.5.<\/p>\n<\/td>\n<td style=\"text-align: center\" width=\"255\">\n<p style=\"text-align: center\">Cena na osob\u0119 i dzie\u0144 w terminie 2.5. \u2013 15.10.<\/p>\n<\/td>\n<\/tr>\n<tr>\n<td width=\"113\">\n<p style=\"text-align: center\">1<\/p>\n<\/td>\n<td style=\"text-align: center\" width=\"236\">\n<p>3490 CZK<\/p>\n<\/td>\n<td width=\"255\">\n<p style=\"text-align: center\">4990 CZK<\/p>\n<\/td>\n<\/tr>\n<tr>\n<td width=\"113\">\n<p style=\"text-align: center\">2<\/p>\n<\/td>\n<td style=\"text-align: center\" width=\"236\">\n<p>2790 CZK<\/p>\n<\/td>\n<td width=\"255\">\n<p style=\"text-align: center\">3990 CZK<\/p>\n<\/td>\n<\/tr>\n<tr>\n<td width=\"113\">\n<p style=\"text-align: center\">3<\/p>\n<\/td>\n<td style=\"text-align: center\" width=\"236\">\n<p>2090 CZK<\/p>\n<\/td>\n<td width=\"255\">\n<p style=\"text-align: center\">2990 CZK<\/p>\n<\/td>\n<\/tr>\n<tr>\n<td width=\"113\">\n<p style=\"text-align: center\">4<\/p>\n<\/td>\n<td style=\"text-align: center\" width=\"236\">\n<p>1790 CZK<\/p>\n<\/td>\n<td width=\"255\">\n<p style=\"text-align: center\">2490 CZK<\/p>\n<\/td>\n<\/tr>\n<tr>\n<td style=\"text-align: center\" width=\"113\">\n<p>5<\/p>\n<\/td>\n<td style=\"text-align: center\" width=\"236\">\n<p>1590 CZK<\/p>\n<\/td>\n<td width=\"255\">\n<p style=\"text-align: center\">2190 CZK<\/p>\n<\/td>\n<\/tr>\n<tr>\n<td style=\"text-align: center\" width=\"113\">\n<p>6<\/p>\n<\/td>\n<td style=\"text-align: center\" width=\"236\">\n<p>1390 CZK<\/p>\n<\/td>\n<td width=\"255\">\n<p style=\"text-align: center\">1990 CZK<\/p>\n<\/td>\n<\/tr>\n<\/tbody>\n<\/table>\n<p>Cena obejmuje prac\u0119 instruktora w ci\u0105gu ca\u0142ego dnia i wypo\u017cyczenie kompletu sprz\u0119tu paralotniowego (paralotnia, uprz\u0105\u017c, spadochron zapasowy, plecak, radio, vario, GPS), utworzenie konta STUDENT na El Speedo On-line portalu szkoleniowym, egzamin teoretyczny i praktyczny z\u00a0inspektorem ruchu lotniczego dla zyskania licencji wszystkich poziom\u00f3w, pomoc z za\u0142atwieniem wystawienia licencji.<\/p>\n<p>Je\u017celi chcesz przeprowadzi\u0107 swoje szkolenie poza Republik\u0105 Czesk\u0105, do koszt\u00f3w kursu nale\u017cy doliczy\u0107 r\u00f3wnie\u017c koszty transportu i zakwaterowania dla instruktora w wybranym miejscu kursu.<\/p>\n<p style=\"text-align: left\">[\/vc_column_text][\/vc_column][\/vc_row][vc_row fullwidth=&#8221;true&#8221; fullwidth_content=&#8221;false&#8221; css=&#8221;.vc_custom_1482313071696{padding-top: 40px !important;padding-bottom: 40px !important;background-color: #272727 !important;}&#8221;][vc_column][vc_column_text]\n<p style=\"text-align: center\"><span style=\"color: #ffffff\">Swoje zainteresowanie Programem INDYWIDUALNYM i swoje pomys\u0142y jego realizacji zg\u0142o\u015b g\u0142\u00f3wnemu instruktorowi na adres <a style=\"color: #ffffff\" href=\"mailto:dali@elspeedo.cz\">dali@elspeedo.cz<\/a> i pod numerem telefonu +420\u00a0603\u00a0311\u00a0661.<\/span><\/p>\n<p style=\"text-align: center\"><span style=\"color: #ffffff\">Ju\u017c teraz cieszymy si\u0119 na razem sp\u0119dzony czas w powietrzu, i na ziemi.<\/span><\/p>\n<p style=\"text-align: center\"><span style=\"color: #ffffff\">Team El Speedo<\/span><\/p>\n[\/vc_column_text][\/vc_column][\/vc_row]<\/div>","protected":false},"excerpt":{"rendered":"<p>[mk_page_section video_loop=&#8221;false&#8221; padding_top=&#8221;30&#8243; padding_bottom=&#8221;0&#8243; sidebar=&#8221;sidebar-1&#8243;][vc_column][vc_column_text align=&#8221;center&#8221;] Nasz trening indywidualny jest maksymalnie efektownym i najbardziej pr\u0119\u017cnym rozwi\u0105zaniem. [\/vc_column_text][vc_separator el_width=&#8221;80&#8243; el_class=&#8221;basic-separator&#8221; css=&#8221;.vc_custom_1502113069564{padding-top: 30px !important;padding-bottom: 10px !important;}&#8221;][\/vc_column][\/mk_page_section][vc_row][vc_column width=&#8221;1\/3&#8243; css=&#8221;.vc_custom_1480691184496{padding-top: 70px !important;padding-bottom: 40px !important;}&#8221;][vc_single_image image=&#8221;14517&#8243; img_size=&#8221;full&#8221; alignment=&#8221;center&#8221; style=&#8221;vc_box_rounded&#8221; css=&#8221;.vc_custom_1481125298115{padding-right: 50px !important;}&#8221;][\/vc_column][vc_column width=&#8221;2\/3&#8243;][vc_column_text] Szukasz oferty intensywnej nauki paralotniarstwa? Przygotowanie do licencji pilota, powt\u00f3rkowych lub uzupe\u0142niaj\u0105cych lekcji, albo indywidualny trening z\u00a0jednym [&hellip;]<\/p>\n","protected":false},"author":7,"featured_media":0,"parent":15533,"menu_order":1,"comment_status":"closed","ping_status":"closed","template":"","meta":{"_tribe_blocks_recurrence_rules":"","_tribe_blocks_recurrence_exclusions":"","_tribe_blocks_recurrence_description":"","footnotes":""},"class_list":["post-14520","page","type-page","status-publish","hentry"],"yoast_head":"<!-- This site is optimized with the Yoast SEO plugin v27.0 - https:\/\/yoast.com\/product\/yoast-seo-wordpress\/ -->\n<title>Szkolenie INDYWIDUALNE &#8212; El Speedo<\/title>\n<meta name=\"description\" content=\"Szukasz oferty intensywnej nauki latania? Przygotowanie do licencji pilota, powt\u00f3rkowych lub uzupe\u0142niaj\u0105cych lekcji, albo indywidualny trening? Trafi\u0142e\u015b! ...\" \/>\n<meta name=\"robots\" content=\"index, follow, max-snippet:-1, max-image-preview:large, max-video-preview:-1\" \/>\n<link rel=\"canonical\" href=\"https:\/\/elspeedo.cz\/kurzy-paraglidingu\/paraglidingovy-trenink\/individual\/\" \/>\n<meta property=\"og:locale\" content=\"pl_PL\" \/>\n<meta property=\"og:type\" content=\"article\" \/>\n<meta property=\"og:title\" content=\"Szkolenie INDYWIDUALNE &#8212; El Speedo\" \/>\n<meta property=\"og:description\" content=\"Szukasz oferty intensywnej nauki latania? Przygotowanie do licencji pilota, powt\u00f3rkowych lub uzupe\u0142niaj\u0105cych lekcji, albo indywidualny trening? Trafi\u0142e\u015b! ...\" \/>\n<meta property=\"og:url\" content=\"https:\/\/elspeedo.cz\/kurzy-paraglidingu\/paraglidingovy-trenink\/individual\/\" \/>\n<meta property=\"og:site_name\" content=\"El Speedo\" \/>\n<meta property=\"article:publisher\" content=\"http:\/\/www.facebook.com\/paragliding.elspeedo.cz\/?fref=ts\" \/>\n<meta property=\"article:modified_time\" content=\"2019-02-11T16:51:28+00:00\" \/>\n<meta name=\"twitter:card\" content=\"summary_large_image\" \/>\n<meta name=\"twitter:label1\" content=\"Szacowany czas czytania\" \/>\n\t<meta name=\"twitter:data1\" content=\"3 minuty\" \/>\n<script type=\"application\/ld+json\" class=\"yoast-schema-graph\">{\"@context\":\"https:\/\/schema.org\",\"@graph\":[{\"@type\":\"WebPage\",\"@id\":\"https:\/\/elspeedo.cz\/kurzy-paraglidingu\/paraglidingovy-trenink\/individual\/\",\"url\":\"https:\/\/elspeedo.cz\/kurzy-paraglidingu\/paraglidingovy-trenink\/individual\/\",\"name\":\"Szkolenie INDYWIDUALNE &#8212; El Speedo\",\"isPartOf\":{\"@id\":\"https:\/\/elspeedo.cz\/#website\"},\"datePublished\":\"2016-12-07T14:00:03+00:00\",\"dateModified\":\"2019-02-11T16:51:28+00:00\",\"description\":\"Szukasz oferty intensywnej nauki latania? Przygotowanie do licencji pilota, powt\u00f3rkowych lub uzupe\u0142niaj\u0105cych lekcji, albo indywidualny trening? Trafi\u0142e\u015b! ...\",\"breadcrumb\":{\"@id\":\"https:\/\/elspeedo.cz\/kurzy-paraglidingu\/paraglidingovy-trenink\/individual\/#breadcrumb\"},\"inLanguage\":\"pl-PL\",\"potentialAction\":[{\"@type\":\"ReadAction\",\"target\":[\"https:\/\/elspeedo.cz\/kurzy-paraglidingu\/paraglidingovy-trenink\/individual\/\"]}]},{\"@type\":\"BreadcrumbList\",\"@id\":\"https:\/\/elspeedo.cz\/kurzy-paraglidingu\/paraglidingovy-trenink\/individual\/#breadcrumb\",\"itemListElement\":[{\"@type\":\"ListItem\",\"position\":1,\"name\":\"Dom\u016f\",\"item\":\"https:\/\/elspeedo.cz\/pl\/\"},{\"@type\":\"ListItem\",\"position\":2,\"name\":\"Kursy Paralotniarstwa\",\"item\":\"https:\/\/elspeedo.cz\/pl\/kursy-paralotniarstwa\/\"},{\"@type\":\"ListItem\",\"position\":3,\"name\":\"Trening paralotniowy\",\"item\":\"https:\/\/elspeedo.cz\/kurzy-paraglidingu\/paraglidingovy-trenink\/\"},{\"@type\":\"ListItem\",\"position\":4,\"name\":\"Szkolenie INDYWIDUALNE\"}]},{\"@type\":\"WebSite\",\"@id\":\"https:\/\/elspeedo.cz\/#website\",\"url\":\"https:\/\/elspeedo.cz\/\",\"name\":\"El Speedo\",\"description\":\"Paragliding - kurzy, vybaven\u00ed, v\u00fdlety, komunita\",\"potentialAction\":[{\"@type\":\"SearchAction\",\"target\":{\"@type\":\"EntryPoint\",\"urlTemplate\":\"https:\/\/elspeedo.cz\/?s={search_term_string}\"},\"query-input\":{\"@type\":\"PropertyValueSpecification\",\"valueRequired\":true,\"valueName\":\"search_term_string\"}}],\"inLanguage\":\"pl-PL\"}]}<\/script>\n<!-- \/ Yoast SEO plugin. -->","yoast_head_json":{"title":"Szkolenie INDYWIDUALNE &#8212; El Speedo","description":"Szukasz oferty intensywnej nauki latania? Przygotowanie do licencji pilota, powt\u00f3rkowych lub uzupe\u0142niaj\u0105cych lekcji, albo indywidualny trening? Trafi\u0142e\u015b! ...","robots":{"index":"index","follow":"follow","max-snippet":"max-snippet:-1","max-image-preview":"max-image-preview:large","max-video-preview":"max-video-preview:-1"},"canonical":"https:\/\/elspeedo.cz\/kurzy-paraglidingu\/paraglidingovy-trenink\/individual\/","og_locale":"pl_PL","og_type":"article","og_title":"Szkolenie INDYWIDUALNE &#8212; El Speedo","og_description":"Szukasz oferty intensywnej nauki latania? Przygotowanie do licencji pilota, powt\u00f3rkowych lub uzupe\u0142niaj\u0105cych lekcji, albo indywidualny trening? Trafi\u0142e\u015b! ...","og_url":"https:\/\/elspeedo.cz\/kurzy-paraglidingu\/paraglidingovy-trenink\/individual\/","og_site_name":"El Speedo","article_publisher":"http:\/\/www.facebook.com\/paragliding.elspeedo.cz\/?fref=ts","article_modified_time":"2019-02-11T16:51:28+00:00","twitter_card":"summary_large_image","twitter_misc":{"Szacowany czas czytania":"3 minuty"},"schema":{"@context":"https:\/\/schema.org","@graph":[{"@type":"WebPage","@id":"https:\/\/elspeedo.cz\/kurzy-paraglidingu\/paraglidingovy-trenink\/individual\/","url":"https:\/\/elspeedo.cz\/kurzy-paraglidingu\/paraglidingovy-trenink\/individual\/","name":"Szkolenie INDYWIDUALNE &#8212; El Speedo","isPartOf":{"@id":"https:\/\/elspeedo.cz\/#website"},"datePublished":"2016-12-07T14:00:03+00:00","dateModified":"2019-02-11T16:51:28+00:00","description":"Szukasz oferty intensywnej nauki latania? Przygotowanie do licencji pilota, powt\u00f3rkowych lub uzupe\u0142niaj\u0105cych lekcji, albo indywidualny trening? Trafi\u0142e\u015b! ...","breadcrumb":{"@id":"https:\/\/elspeedo.cz\/kurzy-paraglidingu\/paraglidingovy-trenink\/individual\/#breadcrumb"},"inLanguage":"pl-PL","potentialAction":[{"@type":"ReadAction","target":["https:\/\/elspeedo.cz\/kurzy-paraglidingu\/paraglidingovy-trenink\/individual\/"]}]},{"@type":"BreadcrumbList","@id":"https:\/\/elspeedo.cz\/kurzy-paraglidingu\/paraglidingovy-trenink\/individual\/#breadcrumb","itemListElement":[{"@type":"ListItem","position":1,"name":"Dom\u016f","item":"https:\/\/elspeedo.cz\/pl\/"},{"@type":"ListItem","position":2,"name":"Kursy Paralotniarstwa","item":"https:\/\/elspeedo.cz\/pl\/kursy-paralotniarstwa\/"},{"@type":"ListItem","position":3,"name":"Trening paralotniowy","item":"https:\/\/elspeedo.cz\/kurzy-paraglidingu\/paraglidingovy-trenink\/"},{"@type":"ListItem","position":4,"name":"Szkolenie INDYWIDUALNE"}]},{"@type":"WebSite","@id":"https:\/\/elspeedo.cz\/#website","url":"https:\/\/elspeedo.cz\/","name":"El Speedo","description":"Paragliding - kurzy, vybaven\u00ed, v\u00fdlety, komunita","potentialAction":[{"@type":"SearchAction","target":{"@type":"EntryPoint","urlTemplate":"https:\/\/elspeedo.cz\/?s={search_term_string}"},"query-input":{"@type":"PropertyValueSpecification","valueRequired":true,"valueName":"search_term_string"}}],"inLanguage":"pl-PL"}]}},"_links":{"self":[{"href":"https:\/\/elspeedo.cz\/pl\/wp-json\/wp\/v2\/pages\/14520","targetHints":{"allow":["GET"]}}],"collection":[{"href":"https:\/\/elspeedo.cz\/pl\/wp-json\/wp\/v2\/pages"}],"about":[{"href":"https:\/\/elspeedo.cz\/pl\/wp-json\/wp\/v2\/types\/page"}],"author":[{"embeddable":true,"href":"https:\/\/elspeedo.cz\/pl\/wp-json\/wp\/v2\/users\/7"}],"replies":[{"embeddable":true,"href":"https:\/\/elspeedo.cz\/pl\/wp-json\/wp\/v2\/comments?post=14520"}],"version-history":[{"count":0,"href":"https:\/\/elspeedo.cz\/pl\/wp-json\/wp\/v2\/pages\/14520\/revisions"}],"up":[{"embeddable":true,"href":"https:\/\/elspeedo.cz\/pl\/wp-json\/wp\/v2\/pages\/15533"}],"wp:attachment":[{"href":"https:\/\/elspeedo.cz\/pl\/wp-json\/wp\/v2\/media?parent=14520"}],"curies":[{"name":"wp","href":"https:\/\/api.w.org\/{rel}","templated":true}]}}