{"id":14526,"date":"2016-12-01T13:12:46","date_gmt":"2016-12-01T12:12:46","guid":{"rendered":"https:\/\/elspeedo.cz\/black_betty\/?lang=pl"},"modified":"2017-05-10T15:36:22","modified_gmt":"2017-05-10T14:36:22","slug":"black-betty-dla-podroznikow-i-lowcow-przygod","status":"publish","type":"page","link":"https:\/\/elspeedo.cz\/pl\/sprzet-2\/paralotnie-2\/black-betty-dla-podroznikow-i-lowcow-przygod\/","title":{"rendered":"BLACK BETTY \u2013 dla podr\u00f3\u017cnik\u00f3w i \u0142owc\u00f3w przyg\u00f3d"},"content":{"rendered":"<div class=\"wpb-content-wrapper\">[mk_page_section video_loop=&#8221;false&#8221; min_height=&#8221;0&#8243; js_vertical_centered=&#8221;true&#8221; padding_top=&#8221;50&#8243; padding_bottom=&#8221;50&#8243; top_shape_color=&#8221;#ffffff&#8221; bottom_shape_color=&#8221;#ffffff&#8221; sidebar=&#8221;sidebar-1&#8243;][vc_column][vc_row_inner][vc_column_inner width=&#8221;1\/2&#8243;][vc_column_text align=&#8221;right&#8221;]\n<h4 style=\"text-align: right;\">Lekkie skrzyd\u0142o ze\u00a0wspania\u0142ymi osi\u0105gami na Twoje wymarzone podr\u00f3\u017ce<\/h4>\n<p style=\"text-align: right;\">Podczas projektowania BLACK BETTY naszym celem by\u0142o stworzy\u0107 skrzyd\u0142o przeznaczone dla pilot\u00f3w podr\u00f3\u017cnik\u00f3w, kt\u00f3re b\u0119dzie lekkie, b\u0119dzie mia\u0142o dobre osi\u0105gi a zarazem b\u0119dzie wytrzyma\u0142e i mocne.<\/p>\n<p style=\"text-align: right;\">Takie, kt\u00f3re b\u0119dziemy zabiera\u0107 ze sob\u0105 na urlopy i podr\u00f3\u017ce po ca\u0142ym \u015bwiecie.<\/p>\n[\/vc_column_text][mk_padding_divider]<p class=\"product woocommerce add_to_cart_inline \" style=\"text-align: right;\"><span class=\"woocommerce-Price-amount amount\">65 990&nbsp;<span class=\"woocommerce-Price-currencySymbol\">&#75;&#269;<\/span><\/span> &ndash; <span class=\"woocommerce-Price-amount amount\">67 990&nbsp;<span class=\"woocommerce-Price-currencySymbol\">&#75;&#269;<\/span><\/span><a rel=\"nofollow\" href=\"https:\/\/elspeedo.cz\/pl\/produkt\/black-betty-pl\/\" data-quantity=\"1\" data-product_id=\"49412\" data-product_sku=\"\" class=\"product_loop_button product_type_variable add_to_cart_button \" data-product_id=\"49412\" data-product_sku=\"\" aria-label=\"Select options for &ldquo;Black Betty pl&rdquo;\" rel=\"nofollow\"><svg  class=\"mk-svg-icon\" data-name=\"mk-moon-cart-plus\" data-cacheid=\"icon-69d28cf672017\" style=\" height:16px; width: 16px; \"  xmlns=\"http:\/\/www.w3.org\/2000\/svg\" viewBox=\"0 0 512 512\"><path d=\"M416 96h-272c-16.138 0-29.751 12.018-31.753 28.031l-28.496 227.969h-51.751c-17.673 0-32 14.327-32 32s14.327 32 32 32h80c16.138 0 29.751-12.017 31.753-28.031l28.496-227.969h219.613l57.369 200.791c4.854 16.993 22.567 26.832 39.56 21.978 16.993-4.855 26.833-22.567 21.978-39.56l-64-224c-3.925-13.737-16.482-23.209-30.769-23.209zm-288-80a48 48 2700 1 0 96 0 48 48 2700 1 0-96 0zm192 0a48 48 2700 1 0 96 0 48 48 2700 1 0-96 0zm64 240h-64v-64h-64v64h-64v64h64v64h64v-64h64z\" transform=\"scale(1 -1) translate(0 -480)\"\/><\/svg><span class=\"product_loop_button_text\">Select options<\/a><\/p>[\/vc_column_inner][vc_column_inner width=&#8221;1\/2&#8243;][vc_single_image image=&#8221;13707&#8243; img_size=&#8221;full&#8221; alignment=&#8221;center&#8221; style=&#8221;vc_box_rounded&#8221; css=&#8221;.vc_custom_1480592993888{padding-right: 0px !important;padding-left: 50px !important;}&#8221;][\/vc_column_inner][\/vc_row_inner][\/vc_column][\/mk_page_section][mk_page_section bg_color=&#8221;#272727&#8243; bg_position=&#8221;center center&#8221; video_loop=&#8221;false&#8221; js_vertical_centered=&#8221;true&#8221; padding_top=&#8221;100&#8243; padding_bottom=&#8221;80&#8243; top_shape_color=&#8221;#ffffff&#8221; bottom_shape_color=&#8221;#ffffff&#8221; el_class=&#8221;sc-dark&#8221; sidebar=&#8221;sidebar-1&#8243;][vc_column][vc_column_text]\n<h4 style=\"text-align: center;\">Nie ukrywam\u2026<\/h4>\n<p style=\"text-align: center;\">BLACK BETTY nie jest glajtem, kt\u00f3ry w ofercie firmowej musi by\u0107. BLACK BETTY to moje osobiste spe\u0142nione \u017cyczenie, sprawa serca. Nie chodzi tylko o samo skrzyd\u0142o, ale o ca\u0142\u0105 koncepcj\u0119 \u2013 skrzyd\u0142o BLACK BETTY, uprz\u0105\u017c MT COOK, zapas RS Ultrino, szybkopak El Speedo RB albo plecak KEYLONG.<\/p>\n<p style=\"text-align: center;\">Dla cz\u0142owieka z\u00a0moimi zapotrzebowaniami konieczna jest wsp\u00f3\u0142praca z\u00a0grup\u0105 konstrukcyjn\u0105 Alexeja Rakova i przynosi to ogromn\u0105 korzy\u015b\u0107. Nie trwa\u0142o to wcale d\u0142ugo, a powsta\u0142o co\u015b, co pilotom podr\u00f3\u017cnikom u\u0142atwi i uprzyjemni ich pasj\u0119.<\/p>\n<p style=\"text-align: center;\">BLACK BETTY co do konstrukcji jest taka sama jak nasz ulubiony model \u015brodkowej EN B klasy \u2013 FREDDIE 2. Jego wspania\u0142a konstrukcja nie potrzebuje ulepsze\u0144. Osi\u0105gami i zgrabno\u015bci\u0105 w pe\u0142ni nadaje si\u0119 do XC przelot\u00f3w. Wysoka miara bezpiecze\u0144stwa pasywnego zarazem pozwala szuka\u0107 nosze\u0144 w najr\u00f3\u017cniejszych zakamarkach przyrody, i zaspokaja charakter \u0142owcy przyg\u00f3d.<\/p>\n<p style=\"text-align: center;\">Dalibor Carbol<\/p>\n[\/vc_column_text][\/vc_column][\/mk_page_section][vc_row css=&#8221;.vc_custom_1480534464572{padding-top: 80px !important;padding-bottom: 60px !important;background-color: #ffffff !important;}&#8221;][vc_column][vc_column_text disable_pattern=&#8221;false&#8221; align=&#8221;center&#8221; margin_bottom=&#8221;30&#8243;]\n<h1 style=\"text-align: center;\">Rozmiary i dane techniczne<\/h1>\n[\/vc_column_text][mk_table style=&#8221;style2&#8243;]\n<table style=\"height: 118px;\" width=\"1109\">\n<thead>\n<tr>\n<th style=\"text-align: center;\">BLACK BETTY<\/th>\n<th style=\"text-align: center;\">S<\/th>\n<th style=\"text-align: center;\">M<\/th>\n<th style=\"text-align: center;\">L<\/th>\n<\/tr>\n<\/thead>\n<tbody>\n<tr>\n<td style=\"text-align: center;\">Powierzchnia w roz\u0142o\u017ceniu (m<sup>2<\/sup>)<\/td>\n<td style=\"text-align: center;\">23<\/td>\n<td style=\"text-align: center;\">25<\/td>\n<td style=\"text-align: center;\">27<\/td>\n<\/tr>\n<tr>\n<td style=\"text-align: center;\">Wyd\u0142u\u017cenie w roz\u0142o\u017ceniu<\/td>\n<td style=\"text-align: center;\">5,2<\/td>\n<td style=\"text-align: center;\">5,2<\/td>\n<td style=\"text-align: center;\">5,2<\/td>\n<td style=\"text-align: center;\"><\/td>\n<\/tr>\n<tr>\n<td style=\"text-align: center;\">Rozpi\u0119to\u015b\u0107 w roz\u0142o\u017ceniu (m)<\/td>\n<td style=\"text-align: center;\">10,94<\/td>\n<td style=\"text-align: center;\">11,40<\/td>\n<td style=\"text-align: center;\">11,85<\/td>\n<\/tr>\n<tr>\n<td style=\"text-align: center;\">Ilo\u015b\u0107 kom\u00f3r<\/td>\n<td style=\"text-align: center;\">46<\/td>\n<td style=\"text-align: center;\">46<\/td>\n<td style=\"text-align: center;\">46<\/td>\n<\/tr>\n<tr>\n<td style=\"text-align: center;\">Minimalna pr\u0119dko\u015b\u0107 post\u0119powa (km\/h)<\/td>\n<td style=\"text-align: center;\">dle zat\u00ed\u017een\u00ed<\/td>\n<td style=\"text-align: center;\">dle zat\u00ed\u017een\u00ed<\/td>\n<td style=\"text-align: center;\">dle zat\u00ed\u017een\u00ed<\/td>\n<\/tr>\n<tr>\n<td style=\"text-align: center;\">Maksymalna pr\u0119dko\u015b\u0107 post\u0119powa (km\/h)<\/td>\n<td style=\"text-align: center;\">dle zat\u00ed\u017een\u00ed<\/td>\n<td style=\"text-align: center;\">dle zat\u00ed\u017een\u00ed<\/td>\n<td style=\"text-align: center;\">dle zat\u00ed\u017een\u00ed<\/td>\n<\/tr>\n<tr>\n<td style=\"text-align: center;\">Masa skrzyd\u0142a (kg)<\/td>\n<td style=\"text-align: center;\">3,78<\/td>\n<td style=\"text-align: center;\">3,98<\/td>\n<td style=\"text-align: center;\">4,20<\/td>\n<\/tr>\n<tr>\n<td style=\"text-align: center;\">Masa startowa (kg)<\/td>\n<td style=\"text-align: center;\">60-80<\/td>\n<td style=\"text-align: center;\">70-90<\/td>\n<td style=\"text-align: center;\">80-100<\/td>\n<\/tr>\n<tr>\n<td style=\"text-align: center;\">Certyfikat<\/td>\n<td style=\"text-align: center;\">firmowy<\/td>\n<td style=\"text-align: center;\">firmowy<\/td>\n<td style=\"text-align: center;\">firmowy<\/td>\n<\/tr>\n<tr>\n<td style=\"text-align: center;\"><\/td>\n<td style=\"text-align: center;\"><\/td>\n<td style=\"text-align: center;\"><\/td>\n<td style=\"text-align: center;\"><\/td>\n<\/tr>\n<tr>\n<td style=\"text-align: center;\">Cena<\/td>\n<td style=\"text-align: center;\">\u00a065990\u00a0CZK<\/td>\n<td style=\"text-align: center;\">\u00a066990 CZK<\/td>\n<td style=\"text-align: center;\">67990 CZK<\/td>\n<\/tr>\n<\/tbody>\n<\/table>\n[\/mk_table][\/vc_column][\/vc_row][vc_row css=&#8221;.vc_custom_1480597029175{padding-top: 20px !important;}&#8221;][vc_column][vc_separator el_width=&#8221;80&#8243; el_class=&#8221;basic-separator&#8221; css=&#8221;.vc_custom_1480594827775{padding-bottom: 70px !important;}&#8221;][\/vc_column][vc_column width=&#8221;1\/2&#8243;][vc_column_text disable_pattern=&#8221;false&#8221; align=&#8221;right&#8221;]\n<h1 style=\"text-align: right;\">Gdzie mo\u017cna by\u0142o zaoszcz\u0119dzi\u0107 na wadze?<\/h1>\n[\/vc_column_text][vc_column_text disable_pattern=&#8221;false&#8221; align=&#8221;right&#8221;]\n<p style=\"text-align: right;\">Ultralekki materia\u0142 Porcher Sport, ultralekkie linki, cienkie ta\u015bmy Liros, absencja bloczk\u00f3w \u2013 dzi\u0119ki temu mas\u0119 skrzyd\u0142a zbili\u015bmy na jedyne 3,78 kg (na powierzchni 23 m2, kt\u00f3ra uniesie pilota o wadze 80 kg, oczywi\u015bcie umiemy wyprodukowa\u0107 i inne rozmiary).<\/p>\n[\/vc_column_text][vc_column_text]\n<h1 style=\"text-align: right;\">Ogromny potencia\u0142\u2026<\/h1>\n[\/vc_column_text][vc_column_text]\n<p style=\"text-align: right;\">Konstrukcja czaszy nasycona najnowocze\u015bniejszymi elementami, oferuj\u0105ca w swej kategorii ponadstandardowe osi\u0105gi i\u00a0doskona\u0142o\u015b\u0107 9,38, kompaktowo\u015b\u0107 i dok\u0142adne prowadzenie \u2013 dzi\u0119ki tym atutom z\u00a0BLACK BETTY mo\u017cna spokojnie wyruszy\u0107 nawet na d\u0142u\u017csze przeloty.<\/p>\n[\/vc_column_text][\/vc_column][vc_column width=&#8221;1\/2&#8243;][vc_single_image image=&#8221;13710&#8243; img_size=&#8221;full&#8221; alignment=&#8221;right&#8221; style=&#8221;vc_box_rounded&#8221; css=&#8221;.vc_custom_1480593559418{padding-bottom: 50px !important;padding-left: 50px !important;}&#8221;][\/vc_column][\/vc_row][mk_page_section bg_color=&#8221;#272727&#8243; bg_position=&#8221;center center&#8221; video_loop=&#8221;false&#8221; js_vertical_centered=&#8221;true&#8221; padding_top=&#8221;80&#8243; padding_bottom=&#8221;60&#8243; el_class=&#8221;sc-dark&#8221; sidebar=&#8221;sidebar-1&#8243;][vc_column][vc_column_text]\n<h1 style=\"text-align: center;\">Ultralekki sprz\u0119t i wytrzyma\u0142o\u015b\u0107\u2026<br \/>\nJakie rozwi\u0105zania zastosowali\u015bmy na BLACK BETTY?<\/h1>\n<p style=\"text-align: center;\">Kraw\u0119d\u017a natarcia wykonana jest z\u00a0klasycznego mocnego SKYTEXa. O jego mocy przekonali\u015bmy si\u0119 na wszystkich naszych paralotniach i wiemy, \u017ce zapewni wytrzyma\u0142o\u015b\u0107 na d\u0142ugi czas. Dzi\u0119ki tej El Speedo \u201epodr\u00f3\u017cniczej\u201c paralotni prze\u017cyjesz mn\u00f3stwo ciekawych przyg\u00f3d.<\/p>\n[\/vc_column_text][vc_row_inner][vc_column_inner][vc_single_image image=&#8221;13708&#8243; img_size=&#8221;full&#8221; alignment=&#8221;center&#8221; style=&#8221;vc_box_rounded&#8221; css=&#8221;.vc_custom_1480595109769{padding-right: 50px !important;}&#8221;][\/vc_column_inner][\/vc_row_inner][\/vc_column][\/mk_page_section][vc_row css=&#8221;.vc_custom_1480596876557{padding-top: 70px !important;}&#8221;][vc_column width=&#8221;1\/2&#8243;][vc_single_image image=&#8221;13716&#8243; img_size=&#8221;full&#8221; alignment=&#8221;center&#8221; style=&#8221;vc_box_rounded&#8221;][\/vc_column][vc_column width=&#8221;1\/2&#8243;][vc_column_text]\n<h4>Podr\u00f3\u017cniczy<\/h4>\n<h1 style=\"text-align: left;\">El Speedo ZESTAW<\/h1>\n[\/vc_column_text][vc_column_text]\n<div style=\"text-align: left;\">\n<p>Podr\u00f3\u017cowanie z\u00a0paralotni\u0105 nie jest \u0142atwe. Ale widok pi\u0119knych krajobraz\u00f3w z\u00a0lotu ptaka jest wynagrodzeniem za k\u0142opoty z\u00a0tym zwi\u0105zane. Celem tego zestawu jest ewentualne k\u0142opoty zminimalizowa\u0107.<\/p>\n<p>Policz\u2026 BLACK BETTY (maks. 4,2 kg) + uprz\u0105\u017c El Speedo MT COOK (0,95 kg) + zapas RS ULTRINO (0,98 kg) + szybkopak El Speedo RB (650 gram\u00f3w), kt\u00f3ry od roku 2016 dostarczany jest do ka\u017cdej paralotni gratis\u2026<\/p>\n<p>Paralotni\u0119 spakowan\u0105 w szybkopaku w\u0142\u00f3\u017c do plecaka KEYLONG (jest gratis do paralotni). W dodatku KEYLONG jest dostatecznie mocny i wytrzyma\u0142y do transportu w samolotach, autobusach czy samochodach terenowych, i pomie\u015bci ca\u0142y Tw\u00f3j sprz\u0119t. Gdy przemieszczasz si\u0119 ju\u017c w konkretnej destynacji, mo\u017cesz u\u017cywa\u0107 szybkopaku zamiast plecaka.<\/p>\n<p>\u2026 podliczy\u0142e\u015b? Tak, to jest mo\u017cliwe! Ca\u0142y Tw\u00f3j podr\u00f3\u017cniczy sprz\u0119t paralotniarski mo\u017ce wa\u017cy\u0107 oko\u0142o 7 \u2013 8 kg! Razem z\u00a0wariem\u00a0 SKY DROP, kaskiem i telefonem. To ju\u017c jest r\u00f3\u017cnica!<\/p>\n<p>Ciesz si\u0119 \u017cyciem i lataj z\u00a0nami!<\/p>\n<\/div>\n[\/vc_column_text][\/vc_column][\/vc_row][vc_row css=&#8221;.vc_custom_1480544391263{padding-top: 60px !important;padding-bottom: 50px !important;}&#8221;][vc_column][vc_separator el_width=&#8221;80&#8243; el_class=&#8221;basic-separator&#8221; css=&#8221;.vc_custom_1480595607506{padding-bottom: 40px !important;}&#8221;][\/vc_column][vc_column][vc_column_text disable_pattern=&#8221;false&#8221; align=&#8221;center&#8221;]\n<h1>Dodatkowe gad\u017cety<\/h1>\n<div>Plecak KEYLONG XC, szybkopak \u2013 ultralekki plecak El Speedo RB oraz Siatka El Speedo w cenie skrzyd\u0142a!<\/div>\n[\/vc_column_text][\/vc_column][\/vc_row][vc_row][vc_column width=&#8221;1\/3&#8243;][vc_single_image image=&#8221;13521&#8243; img_size=&#8221;full&#8221; alignment=&#8221;center&#8221; style=&#8221;vc_box_rounded&#8221;][vc_column_text disable_pattern=&#8221;false&#8221; align=&#8221;center&#8221;]El Speedo RB[\/vc_column_text][\/vc_column][vc_column width=&#8221;1\/3&#8243;][vc_single_image image=&#8221;13520&#8243; img_size=&#8221;full&#8221; alignment=&#8221;center&#8221; style=&#8221;vc_box_rounded&#8221;][vc_column_text disable_pattern=&#8221;false&#8221; align=&#8221;center&#8221;]Siatka El Speedo[\/vc_column_text][\/vc_column][vc_column width=&#8221;1\/3&#8243;][vc_single_image image=&#8221;13453&#8243; img_size=&#8221;full&#8221; alignment=&#8221;center&#8221; style=&#8221;vc_box_rounded&#8221;][vc_column_text disable_pattern=&#8221;false&#8221; align=&#8221;center&#8221;]KEYLONG XC[\/vc_column_text][\/vc_column][\/vc_row][mk_page_section bg_position=&#8221;center bottom&#8221; bg_repeat=&#8221;no-repeat&#8221; video_loop=&#8221;false&#8221; min_height=&#8221;50&#8243; padding_top=&#8221;0&#8243; padding_bottom=&#8221;0&#8243; top_shape_color=&#8221;#ffffff&#8221; bottom_shape_color=&#8221;#ffffff&#8221; sidebar=&#8221;sidebar-1&#8243;][vc_column][vc_separator el_width=&#8221;80&#8243; el_class=&#8221;basic-separator&#8221; css=&#8221;.vc_custom_1480575988040{padding-top: 70px !important;padding-bottom: 40px !important;}&#8221;][vc_row_inner][vc_column_inner width=&#8221;1\/6&#8243;][\/vc_column_inner][vc_column_inner width=&#8221;2\/3&#8243;][vc_single_image image=&#8221;10938&#8243; img_size=&#8221;full&#8221; alignment=&#8221;center&#8221; css=&#8221;.vc_custom_1480545179931{padding-bottom: 30px !important;}&#8221;][vc_column_text disable_pattern=&#8221;false&#8221; align=&#8221;center&#8221;]\n<h1>Najlepszy stosunek w\u0142a\u015bciwo\u015bci wyczynowych i stabilno\u015bci<\/h1>\n<p>Podczas spokojnego latania nad ulubionymi miejscami i podczas trudnych XC przelot\u00f3w w najwy\u017cszych g\u00f3rach \u015bwiata paralotnie El Speedo zaskakuj\u0105 swoj\u0105 przyjazno\u015bci\u0105 i mo\u017cliwo\u015bciami podczas lot\u00f3w w termice i podczas d\u0142ugich przeskok\u00f3w. Jakie elementy konstrukcyjne zastosowali\u015bmy na paralotniach El Speedo?[\/vc_column_text][\/vc_column_inner][vc_column_inner width=&#8221;1\/6&#8243;][\/vc_column_inner][\/vc_row_inner][mk_button_gradient dimension=&#8221;outline&#8221; size=&#8221;large&#8221; grandient_color_from=&#8221;#272727&#8243; grandient_color_to=&#8221;#272727&#8243; grandient_color_fallback=&#8221;#272727&#8243; url=&#8221;#&#8221; align=&#8221;center&#8221; margin_top=&#8221;50&#8243; margin_bottom=&#8221;150&#8243; margin_right=&#8221;0&#8243;]Wi\u0119cej o konstrukcjach paralotni El Speedo[\/mk_button_gradient][\/vc_column][\/mk_page_section][mk_page_section bg_color=&#8221;#272727&#8243; bg_position=&#8221;center center&#8221; video_loop=&#8221;false&#8221; js_vertical_centered=&#8221;true&#8221; padding_top=&#8221;80&#8243; padding_bottom=&#8221;80&#8243; el_class=&#8221;sc-dark&#8221; sidebar=&#8221;sidebar-1&#8243;][vc_column][vc_column_text disable_pattern=&#8221;false&#8221; align=&#8221;center&#8221;]\n<div class=\"clr\" style=\"text-align: center;\"><span style=\"font-size: 24pt;\">Kupuj w\u00a0<span style=\"font-size: 40pt;\">CENACH ABSOLWENCKICH<\/span><\/span><\/div>\n[\/vc_column_text][mk_padding_divider size=&#8221;20&#8243;][vc_column_text disable_pattern=&#8221;false&#8221; align=&#8221;center&#8221;]\n<p style=\"text-align: center;\">Wszyscy absolwenci naszych program\u00f3w treningowych posiadaj\u0105<\/p>\n<h2 style=\"text-align: center;\">zni\u017ck\u0119 10% i wed\u0142ug indywidualnych mo\u017cliwo\u015bci rozpatrujemy odliczenie podatku VAT.<\/h2>\n<p style=\"text-align: center;\">Wszystkie informacje uzyskasz w naszym biurze, pod nr. +420\u00a0777\u00a0311 661<\/p>\n[\/vc_column_text][\/vc_column][\/mk_page_section]\n<\/div>","protected":false},"excerpt":{"rendered":"<p>[mk_page_section video_loop=&#8221;false&#8221; min_height=&#8221;0&#8243; js_vertical_centered=&#8221;true&#8221; padding_top=&#8221;50&#8243; padding_bottom=&#8221;50&#8243; top_shape_color=&#8221;#ffffff&#8221; bottom_shape_color=&#8221;#ffffff&#8221; sidebar=&#8221;sidebar-1&#8243;][vc_column][vc_row_inner][vc_column_inner width=&#8221;1\/2&#8243;][vc_column_text align=&#8221;right&#8221;] Lekkie skrzyd\u0142o ze\u00a0wspania\u0142ymi osi\u0105gami na Twoje wymarzone podr\u00f3\u017ce Podczas projektowania BLACK BETTY naszym celem by\u0142o stworzy\u0107 skrzyd\u0142o przeznaczone dla pilot\u00f3w podr\u00f3\u017cnik\u00f3w, kt\u00f3re b\u0119dzie lekkie, b\u0119dzie mia\u0142o dobre osi\u0105gi a zarazem b\u0119dzie wytrzyma\u0142e i mocne. Takie, kt\u00f3re b\u0119dziemy zabiera\u0107 ze sob\u0105 na urlopy i podr\u00f3\u017ce [&hellip;]<\/p>\n","protected":false},"author":7,"featured_media":0,"parent":27461,"menu_order":0,"comment_status":"closed","ping_status":"closed","template":"","meta":{"_tribe_blocks_recurrence_rules":"","_tribe_blocks_recurrence_exclusions":"","_tribe_blocks_recurrence_description":"","footnotes":""},"class_list":["post-14526","page","type-page","status-publish","hentry"],"yoast_head":"<!-- This site is optimized with the Yoast SEO plugin v27.0 - https:\/\/yoast.com\/product\/yoast-seo-wordpress\/ -->\n<title>BLACK BETTY \u2013 dla podr\u00f3\u017cnik\u00f3w i \u0142owc\u00f3w przyg\u00f3d &#8212; El Speedo<\/title>\n<meta name=\"description\" content=\"Nasz cel? Skrzyd\u0142o przeznaczone dla pilot\u00f3w podr\u00f3\u017cnik\u00f3w, kt\u00f3re b\u0119dzie lekkie, b\u0119dzie mia\u0142o dobre osi\u0105gi a zarazem b\u0119dzie wytrzyma\u0142e i mocne.\" \/>\n<meta name=\"robots\" content=\"index, follow, max-snippet:-1, max-image-preview:large, max-video-preview:-1\" \/>\n<link rel=\"canonical\" href=\"https:\/\/elspeedo.cz\/vybaveni\/padaky\/black_betty\/\" \/>\n<meta property=\"og:locale\" content=\"pl_PL\" \/>\n<meta property=\"og:type\" content=\"article\" \/>\n<meta property=\"og:title\" content=\"BLACK BETTY \u2013 dla podr\u00f3\u017cnik\u00f3w i \u0142owc\u00f3w przyg\u00f3d &#8212; El Speedo\" \/>\n<meta property=\"og:description\" content=\"Nasz cel? Skrzyd\u0142o przeznaczone dla pilot\u00f3w podr\u00f3\u017cnik\u00f3w, kt\u00f3re b\u0119dzie lekkie, b\u0119dzie mia\u0142o dobre osi\u0105gi a zarazem b\u0119dzie wytrzyma\u0142e i mocne.\" \/>\n<meta property=\"og:url\" content=\"https:\/\/elspeedo.cz\/vybaveni\/padaky\/black_betty\/\" \/>\n<meta property=\"og:site_name\" content=\"El Speedo\" \/>\n<meta property=\"article:publisher\" content=\"http:\/\/www.facebook.com\/paragliding.elspeedo.cz\/?fref=ts\" \/>\n<meta property=\"article:modified_time\" content=\"2017-05-10T14:36:22+00:00\" \/>\n<meta name=\"twitter:card\" content=\"summary_large_image\" \/>\n<meta name=\"twitter:label1\" content=\"Szacowany czas czytania\" \/>\n\t<meta name=\"twitter:data1\" content=\"7 minut\" \/>\n<script type=\"application\/ld+json\" class=\"yoast-schema-graph\">{\"@context\":\"https:\/\/schema.org\",\"@graph\":[{\"@type\":\"WebPage\",\"@id\":\"https:\/\/elspeedo.cz\/vybaveni\/padaky\/black_betty\/\",\"url\":\"https:\/\/elspeedo.cz\/vybaveni\/padaky\/black_betty\/\",\"name\":\"BLACK BETTY \u2013 dla podr\u00f3\u017cnik\u00f3w i \u0142owc\u00f3w przyg\u00f3d &#8212; El Speedo\",\"isPartOf\":{\"@id\":\"https:\/\/elspeedo.cz\/#website\"},\"datePublished\":\"2016-12-01T12:12:46+00:00\",\"dateModified\":\"2017-05-10T14:36:22+00:00\",\"description\":\"Nasz cel? Skrzyd\u0142o przeznaczone dla pilot\u00f3w podr\u00f3\u017cnik\u00f3w, kt\u00f3re b\u0119dzie lekkie, b\u0119dzie mia\u0142o dobre osi\u0105gi a zarazem b\u0119dzie wytrzyma\u0142e i mocne.\",\"breadcrumb\":{\"@id\":\"https:\/\/elspeedo.cz\/vybaveni\/padaky\/black_betty\/#breadcrumb\"},\"inLanguage\":\"pl-PL\",\"potentialAction\":[{\"@type\":\"ReadAction\",\"target\":[\"https:\/\/elspeedo.cz\/vybaveni\/padaky\/black_betty\/\"]}]},{\"@type\":\"BreadcrumbList\",\"@id\":\"https:\/\/elspeedo.cz\/vybaveni\/padaky\/black_betty\/#breadcrumb\",\"itemListElement\":[{\"@type\":\"ListItem\",\"position\":1,\"name\":\"Dom\u016f\",\"item\":\"https:\/\/elspeedo.cz\/pl\/\"},{\"@type\":\"ListItem\",\"position\":2,\"name\":\"Sprz\u0119t\",\"item\":\"https:\/\/elspeedo.cz\/pl\/sprzet-2\/\"},{\"@type\":\"ListItem\",\"position\":3,\"name\":\"Paralotnie\",\"item\":\"https:\/\/elspeedo.cz\/vybaveni\/padaky\/\"},{\"@type\":\"ListItem\",\"position\":4,\"name\":\"BLACK BETTY \u2013 dla podr\u00f3\u017cnik\u00f3w i \u0142owc\u00f3w przyg\u00f3d\"}]},{\"@type\":\"WebSite\",\"@id\":\"https:\/\/elspeedo.cz\/#website\",\"url\":\"https:\/\/elspeedo.cz\/\",\"name\":\"El Speedo\",\"description\":\"Paragliding - kurzy, vybaven\u00ed, v\u00fdlety, komunita\",\"potentialAction\":[{\"@type\":\"SearchAction\",\"target\":{\"@type\":\"EntryPoint\",\"urlTemplate\":\"https:\/\/elspeedo.cz\/?s={search_term_string}\"},\"query-input\":{\"@type\":\"PropertyValueSpecification\",\"valueRequired\":true,\"valueName\":\"search_term_string\"}}],\"inLanguage\":\"pl-PL\"}]}<\/script>\n<!-- \/ Yoast SEO plugin. -->","yoast_head_json":{"title":"BLACK BETTY \u2013 dla podr\u00f3\u017cnik\u00f3w i \u0142owc\u00f3w przyg\u00f3d &#8212; El Speedo","description":"Nasz cel? Skrzyd\u0142o przeznaczone dla pilot\u00f3w podr\u00f3\u017cnik\u00f3w, kt\u00f3re b\u0119dzie lekkie, b\u0119dzie mia\u0142o dobre osi\u0105gi a zarazem b\u0119dzie wytrzyma\u0142e i mocne.","robots":{"index":"index","follow":"follow","max-snippet":"max-snippet:-1","max-image-preview":"max-image-preview:large","max-video-preview":"max-video-preview:-1"},"canonical":"https:\/\/elspeedo.cz\/vybaveni\/padaky\/black_betty\/","og_locale":"pl_PL","og_type":"article","og_title":"BLACK BETTY \u2013 dla podr\u00f3\u017cnik\u00f3w i \u0142owc\u00f3w przyg\u00f3d &#8212; El Speedo","og_description":"Nasz cel? Skrzyd\u0142o przeznaczone dla pilot\u00f3w podr\u00f3\u017cnik\u00f3w, kt\u00f3re b\u0119dzie lekkie, b\u0119dzie mia\u0142o dobre osi\u0105gi a zarazem b\u0119dzie wytrzyma\u0142e i mocne.","og_url":"https:\/\/elspeedo.cz\/vybaveni\/padaky\/black_betty\/","og_site_name":"El Speedo","article_publisher":"http:\/\/www.facebook.com\/paragliding.elspeedo.cz\/?fref=ts","article_modified_time":"2017-05-10T14:36:22+00:00","twitter_card":"summary_large_image","twitter_misc":{"Szacowany czas czytania":"7 minut"},"schema":{"@context":"https:\/\/schema.org","@graph":[{"@type":"WebPage","@id":"https:\/\/elspeedo.cz\/vybaveni\/padaky\/black_betty\/","url":"https:\/\/elspeedo.cz\/vybaveni\/padaky\/black_betty\/","name":"BLACK BETTY \u2013 dla podr\u00f3\u017cnik\u00f3w i \u0142owc\u00f3w przyg\u00f3d &#8212; El Speedo","isPartOf":{"@id":"https:\/\/elspeedo.cz\/#website"},"datePublished":"2016-12-01T12:12:46+00:00","dateModified":"2017-05-10T14:36:22+00:00","description":"Nasz cel? Skrzyd\u0142o przeznaczone dla pilot\u00f3w podr\u00f3\u017cnik\u00f3w, kt\u00f3re b\u0119dzie lekkie, b\u0119dzie mia\u0142o dobre osi\u0105gi a zarazem b\u0119dzie wytrzyma\u0142e i mocne.","breadcrumb":{"@id":"https:\/\/elspeedo.cz\/vybaveni\/padaky\/black_betty\/#breadcrumb"},"inLanguage":"pl-PL","potentialAction":[{"@type":"ReadAction","target":["https:\/\/elspeedo.cz\/vybaveni\/padaky\/black_betty\/"]}]},{"@type":"BreadcrumbList","@id":"https:\/\/elspeedo.cz\/vybaveni\/padaky\/black_betty\/#breadcrumb","itemListElement":[{"@type":"ListItem","position":1,"name":"Dom\u016f","item":"https:\/\/elspeedo.cz\/pl\/"},{"@type":"ListItem","position":2,"name":"Sprz\u0119t","item":"https:\/\/elspeedo.cz\/pl\/sprzet-2\/"},{"@type":"ListItem","position":3,"name":"Paralotnie","item":"https:\/\/elspeedo.cz\/vybaveni\/padaky\/"},{"@type":"ListItem","position":4,"name":"BLACK BETTY \u2013 dla podr\u00f3\u017cnik\u00f3w i \u0142owc\u00f3w przyg\u00f3d"}]},{"@type":"WebSite","@id":"https:\/\/elspeedo.cz\/#website","url":"https:\/\/elspeedo.cz\/","name":"El Speedo","description":"Paragliding - kurzy, vybaven\u00ed, v\u00fdlety, komunita","potentialAction":[{"@type":"SearchAction","target":{"@type":"EntryPoint","urlTemplate":"https:\/\/elspeedo.cz\/?s={search_term_string}"},"query-input":{"@type":"PropertyValueSpecification","valueRequired":true,"valueName":"search_term_string"}}],"inLanguage":"pl-PL"}]}},"_links":{"self":[{"href":"https:\/\/elspeedo.cz\/pl\/wp-json\/wp\/v2\/pages\/14526","targetHints":{"allow":["GET"]}}],"collection":[{"href":"https:\/\/elspeedo.cz\/pl\/wp-json\/wp\/v2\/pages"}],"about":[{"href":"https:\/\/elspeedo.cz\/pl\/wp-json\/wp\/v2\/types\/page"}],"author":[{"embeddable":true,"href":"https:\/\/elspeedo.cz\/pl\/wp-json\/wp\/v2\/users\/7"}],"replies":[{"embeddable":true,"href":"https:\/\/elspeedo.cz\/pl\/wp-json\/wp\/v2\/comments?post=14526"}],"version-history":[{"count":0,"href":"https:\/\/elspeedo.cz\/pl\/wp-json\/wp\/v2\/pages\/14526\/revisions"}],"up":[{"embeddable":true,"href":"https:\/\/elspeedo.cz\/pl\/wp-json\/wp\/v2\/pages\/27461"}],"wp:attachment":[{"href":"https:\/\/elspeedo.cz\/pl\/wp-json\/wp\/v2\/media?parent=14526"}],"curies":[{"name":"wp","href":"https:\/\/api.w.org\/{rel}","templated":true}]}}