{"id":14536,"date":"2016-12-02T16:08:50","date_gmt":"2016-12-02T15:08:50","guid":{"rendered":"https:\/\/elspeedo.cz\/sitovka\/?lang=pl"},"modified":"2017-05-10T17:16:09","modified_gmt":"2017-05-10T16:16:09","slug":"siatka-el-speedo","status":"publish","type":"page","link":"https:\/\/elspeedo.cz\/pl\/sprzet-2\/plecaki-el-speedo\/siatka-el-speedo\/","title":{"rendered":"SIATKA El Speedo"},"content":{"rendered":"<div class=\"wpb-content-wrapper\">[mk_page_section video_loop=&#8221;false&#8221; min_height=&#8221;0&#8243; js_vertical_centered=&#8221;true&#8221; padding_top=&#8221;20&#8243; padding_bottom=&#8221;50&#8243; top_shape_color=&#8221;#ffffff&#8221; bottom_shape_color=&#8221;#ffffff&#8221; sidebar=&#8221;sidebar-1&#8243;][vc_column][vc_row_inner][vc_column_inner width=&#8221;1\/2&#8243;][vc_single_image image=&#8221;14089&#8243; img_size=&#8221;full&#8221; alignment=&#8221;center&#8221; style=&#8221;vc_box_rounded&#8221; css=&#8221;.vc_custom_1480689944081{padding-right: 0px !important;padding-left: 50px !important;}&#8221;][\/vc_column_inner][vc_column_inner width=&#8221;1\/2&#8243;][vc_column_text align=&#8221;right&#8221;]\n<h1 style=\"text-align: left;\">Uprzyjemnij sobie podr\u00f3\u017cowanie<\/h1>\n<div style=\"text-align: left;\">\n<p style=\"text-align: left;\">Zauwa\u017cy\u0142e\u015b kiedykolwiek, \u017ce opakowanie \u015bpiwora nie jest dostosowane do transportu w plecaku paralotniarskim? \u017be wok\u00f3\u0142 niego zostaje w plecaku du\u017co niewykorzystanego miejsca? \u017be swym kszta\u0142tem nadaje si\u0119 raczej do wspinaczkowego plecaka? U\u017cywa\u0142e\u015b kiedykolwiek \u015bpiwora jako poduszki? Na lotnisku, v\u00a0hostelu, na l\u0105dowisku? Jeste\u015b zadowolony z\u00a0jego kszta\u0142tem?<\/p>\n<p style=\"text-align: left;\">Je\u017celi masz ju\u017c tego walcowatego opakowania dosy\u0107, odrzu\u0107 go i zacznij u\u017cywa\u0107 siatk\u0119 El Speedo! Uzyskasz wszechstronne opakowanie, kt\u00f3re docenisz i podczas odpoczynku i\u00a0idealnie zmie\u015bci si\u0119 \u00a0w zamykanej kieszeni protektora na uprz\u0119\u017cach El Speedo CHOGORI i WANAKA. Czyli waga w d\u00f3\u0142 i wi\u0119cej miejsca.<\/p>\n<\/div>\n[\/vc_column_text][mk_padding_divider]<p class=\"product woocommerce add_to_cart_inline \" style=\"border:4px solid #ccc; padding: 12px;\"><span class=\"woocommerce-Price-amount amount\">290&nbsp;<span class=\"woocommerce-Price-currencySymbol\">&#75;&#269;<\/span><\/span><a rel=\"nofollow\" href=\"\/pl\/wp-json\/wp\/v2\/pages\/14536?add-to-cart=49458\" data-quantity=\"1\" data-product_id=\"49458\" data-product_sku=\"\" class=\"product_loop_button product_type_simple add_to_cart_button ajax_add_to_cart\" data-product_id=\"49458\" data-product_sku=\"\" aria-label=\"Add &ldquo;El Speedo \u2013 Siatka pl&rdquo; to your cart\" rel=\"nofollow\"><svg  class=\"mk-svg-icon\" data-name=\"mk-moon-cart-plus\" data-cacheid=\"icon-69ee00a622d5c\" style=\" height:16px; width: 16px; \"  xmlns=\"http:\/\/www.w3.org\/2000\/svg\" viewBox=\"0 0 512 512\"><path d=\"M416 96h-272c-16.138 0-29.751 12.018-31.753 28.031l-28.496 227.969h-51.751c-17.673 0-32 14.327-32 32s14.327 32 32 32h80c16.138 0 29.751-12.017 31.753-28.031l28.496-227.969h219.613l57.369 200.791c4.854 16.993 22.567 26.832 39.56 21.978 16.993-4.855 26.833-22.567 21.978-39.56l-64-224c-3.925-13.737-16.482-23.209-30.769-23.209zm-288-80a48 48 2700 1 0 96 0 48 48 2700 1 0-96 0zm192 0a48 48 2700 1 0 96 0 48 48 2700 1 0-96 0zm64 240h-64v-64h-64v64h-64v64h64v64h64v-64h64z\" transform=\"scale(1 -1) translate(0 -480)\"\/><\/svg><span class=\"product_loop_button_text\">Add to cart<\/a><\/p>[\/vc_column_inner][\/vc_row_inner][\/vc_column][\/mk_page_section][mk_page_section bg_color=&#8221;#272727&#8243; bg_position=&#8221;center center&#8221; video_loop=&#8221;false&#8221; js_vertical_centered=&#8221;true&#8221; padding_top=&#8221;100&#8243; padding_bottom=&#8221;80&#8243; top_shape_color=&#8221;#ffffff&#8221; bottom_shape_color=&#8221;#ffffff&#8221; el_class=&#8221;sc-dark&#8221; sidebar=&#8221;sidebar-1&#8243;][vc_column][vc_column_text]\n<p style=\"text-align: center;\">Wiesz, gdzie i kiedy powsta\u0142a siatka? Ju\u017c w roku 1926 w miejscowo\u015bci \u017d\u010f\u00e1r nad S\u00e1zavou! Kiedy Vav\u0159\u00edn Kr\u010dil stwierdzi\u0142, \u017ce jego siatki na w\u0142osy \u017ale si\u0119 sprzedaj\u0105, dorobi\u0142 do nich uszy i powsta\u0142a nam znana siatka na zakupy! Jego fabryka zosta\u0142a w prawdzie w roku 1948 skonfiskowana a p\u00f3\u017aniej pojawi\u0142y si\u0119 woreczki nylonowe, ale siatka to jednak ci\u0105gle klasyka z ogromnym\u00a0potenci\u00e1lem :o).<\/p>\n[\/vc_column_text][vc_single_image image=&#8221;14091&#8243; img_size=&#8221;full&#8221; alignment=&#8221;center&#8221; style=&#8221;vc_box_rounded&#8221;][\/vc_column][\/mk_page_section][vc_row css=&#8221;.vc_custom_1480682539770{padding-top: 70px !important;}&#8221;][vc_column][vc_column_text]\n<h1 style=\"text-align: center;\">Rozmiary i dane techniczne<\/h1>\n[\/vc_column_text][mk_table style=&#8221;style2&#8243;]\n<table style=\"height: 118px;\" width=\"1109\">\n<thead>\n<tr>\n<th style=\"text-align: center;\">SIATKA<\/th>\n<th style=\"text-align: center;\">UNI<\/th>\n<\/tr>\n<\/thead>\n<tbody>\n<tr>\n<td style=\"text-align: center;\"><\/td>\n<td style=\"text-align: center;\"><\/td>\n<\/tr>\n<tr>\n<td style=\"text-align: center;\"><\/td>\n<td style=\"text-align: center;\"><\/td>\n<\/tr>\n<tr>\n<td style=\"text-align: center;\">Masa siatki (g)<\/td>\n<td style=\"text-align: center;\">100<\/td>\n<\/tr>\n<tr>\n<td style=\"text-align: center;\"><\/td>\n<td style=\"text-align: center;\"><\/td>\n<\/tr>\n<tr>\n<td style=\"text-align: center;\">Cena<\/td>\n<td style=\"text-align: center;\">290\u00a0CZK<\/td>\n<\/tr>\n<\/tbody>\n<\/table>\n[\/mk_table][\/vc_column][\/vc_row][vc_row][vc_column css=&#8221;.vc_custom_1480691184496{padding-top: 70px !important;padding-bottom: 40px !important;}&#8221;][vc_separator el_width=&#8221;80&#8243; el_class=&#8221;basic-separator&#8221;][\/vc_column][\/vc_row][vc_row][vc_column][vc_column_text]\n<h1 style=\"text-align: center;\">SIATKA El Speedo<\/h1>\n<h4 style=\"text-align: center;\">&#8211; tylko 100 gram\u00f3w<\/h4>\n<p style=\"text-align: center;\">Siatk\u0119 El Speedo dodajemy do ka\u017cdej uprz\u0119\u017cy CHOGORI i WANAKA.<\/p>\n[\/vc_column_text][\/vc_column][vc_column width=&#8221;1\/3&#8243;][vc_single_image image=&#8221;14087&#8243; img_size=&#8221;full&#8221; alignment=&#8221;center&#8221; style=&#8221;vc_box_rounded&#8221; css=&#8221;.vc_custom_1480691287712{padding-top: 10px !important;}&#8221;][vc_column_text]\n<p style=\"text-align: center;\">\u015apiw\u00f3r w miejsce protektora<\/p>\n[\/vc_column_text][\/vc_column][vc_column width=&#8221;1\/3&#8243;][vc_single_image image=&#8221;14090&#8243; img_size=&#8221;full&#8221; alignment=&#8221;center&#8221; style=&#8221;vc_box_rounded&#8221;][vc_column_text]\n<p style=\"text-align: center;\">Wszechstronno\u015b\u0107 i komfort po g\u0142ow\u0105<\/p>\n[\/vc_column_text][\/vc_column][vc_column width=&#8221;1\/3&#8243;][vc_single_image image=&#8221;14088&#8243; img_size=&#8221;full&#8221; alignment=&#8221;center&#8221; style=&#8221;vc_box_rounded&#8221; css=&#8221;.vc_custom_1480691296337{padding-top: 30px !important;}&#8221;][vc_column_text]\n<p style=\"text-align: center;\">Opakowanie uprz\u0119\u017cy<\/p>\n[\/vc_column_text][\/vc_column][\/vc_row][mk_page_section bg_color=&#8221;#f4f4f4&#8243; bg_stretch=&#8221;true&#8221; video_loop=&#8221;false&#8221; padding_top=&#8221;100&#8243; padding_bottom=&#8221;100&#8243; el_class=&#8221;section-gray&#8221; sidebar=&#8221;sidebar-1&#8243;][vc_column width=&#8221;1\/2&#8243;][vc_column_text]\n<h2>Przejd\u017a do zam\u00f3wienia:<\/h2>\n[\/vc_column_text][\/vc_column][vc_column width=&#8221;1\/2&#8243;]<p class=\"product woocommerce add_to_cart_inline \" style=\"border:4px solid #ccc; padding: 12px;\"><span class=\"woocommerce-Price-amount amount\">290&nbsp;<span class=\"woocommerce-Price-currencySymbol\">&#75;&#269;<\/span><\/span><a rel=\"nofollow\" href=\"\/pl\/wp-json\/wp\/v2\/pages\/14536?add-to-cart=49458\" data-quantity=\"1\" data-product_id=\"49458\" data-product_sku=\"\" class=\"product_loop_button product_type_simple add_to_cart_button ajax_add_to_cart\" data-product_id=\"49458\" data-product_sku=\"\" aria-label=\"Add &ldquo;El Speedo \u2013 Siatka pl&rdquo; to your cart\" rel=\"nofollow\"><svg  class=\"mk-svg-icon\" data-name=\"mk-moon-cart-plus\" data-cacheid=\"icon-69ee00a6234a1\" style=\" height:16px; width: 16px; \"  xmlns=\"http:\/\/www.w3.org\/2000\/svg\" viewBox=\"0 0 512 512\"><path d=\"M416 96h-272c-16.138 0-29.751 12.018-31.753 28.031l-28.496 227.969h-51.751c-17.673 0-32 14.327-32 32s14.327 32 32 32h80c16.138 0 29.751-12.017 31.753-28.031l28.496-227.969h219.613l57.369 200.791c4.854 16.993 22.567 26.832 39.56 21.978 16.993-4.855 26.833-22.567 21.978-39.56l-64-224c-3.925-13.737-16.482-23.209-30.769-23.209zm-288-80a48 48 2700 1 0 96 0 48 48 2700 1 0-96 0zm192 0a48 48 2700 1 0 96 0 48 48 2700 1 0-96 0zm64 240h-64v-64h-64v64h-64v64h64v64h64v-64h64z\" transform=\"scale(1 -1) translate(0 -480)\"\/><\/svg><span class=\"product_loop_button_text\">Add to cart<\/a><\/p>[\/vc_column][\/mk_page_section][mk_page_section bg_color=&#8221;#272727&#8243; bg_position=&#8221;center center&#8221; video_loop=&#8221;false&#8221; js_vertical_centered=&#8221;true&#8221; padding_top=&#8221;80&#8243; padding_bottom=&#8221;80&#8243; el_class=&#8221;sc-dark&#8221; sidebar=&#8221;sidebar-1&#8243;][vc_column][vc_column_text disable_pattern=&#8221;false&#8221; align=&#8221;center&#8221;]\n<div class=\"clr\" style=\"text-align: center;\"><span style=\"font-size: 24pt;\">Kupuj w\u00a0<span style=\"font-size: 40pt;\">CENACH ABSOLWENCKICH<\/span><\/span><\/div>\n[\/vc_column_text][mk_padding_divider size=&#8221;20&#8243;][vc_column_text disable_pattern=&#8221;false&#8221; align=&#8221;center&#8221;]\n<p style=\"text-align: center;\">Wszyscy absolwenci naszych program\u00f3w treningowych posiadaj\u0105<\/p>\n<h2 style=\"text-align: center;\">zni\u017ck\u0119 10% i wed\u0142ug indywidualnych mo\u017cliwo\u015bci rozpatrujemy odliczenie podatku VAT.<\/h2>\n<p style=\"text-align: center;\">Wszystkie informacje uzyskasz w naszym biurze, pod nr. +420\u00a0777\u00a0311 661<\/p>\n[\/vc_column_text][\/vc_column][\/mk_page_section]\n<\/div>","protected":false},"excerpt":{"rendered":"<p>[mk_page_section video_loop=&#8221;false&#8221; min_height=&#8221;0&#8243; js_vertical_centered=&#8221;true&#8221; padding_top=&#8221;20&#8243; padding_bottom=&#8221;50&#8243; top_shape_color=&#8221;#ffffff&#8221; bottom_shape_color=&#8221;#ffffff&#8221; sidebar=&#8221;sidebar-1&#8243;][vc_column][vc_row_inner][vc_column_inner width=&#8221;1\/2&#8243;][vc_single_image image=&#8221;14089&#8243; img_size=&#8221;full&#8221; alignment=&#8221;center&#8221; style=&#8221;vc_box_rounded&#8221; css=&#8221;.vc_custom_1480689944081{padding-right: 0px !important;padding-left: 50px !important;}&#8221;][\/vc_column_inner][vc_column_inner width=&#8221;1\/2&#8243;][vc_column_text align=&#8221;right&#8221;] Uprzyjemnij sobie podr\u00f3\u017cowanie Zauwa\u017cy\u0142e\u015b kiedykolwiek, \u017ce opakowanie \u015bpiwora nie jest dostosowane do transportu w plecaku paralotniarskim? \u017be wok\u00f3\u0142 niego zostaje w plecaku du\u017co niewykorzystanego miejsca? \u017be swym kszta\u0142tem nadaje si\u0119 raczej do wspinaczkowego plecaka? [&hellip;]<\/p>\n","protected":false},"author":7,"featured_media":0,"parent":27446,"menu_order":0,"comment_status":"closed","ping_status":"closed","template":"","meta":{"_tribe_blocks_recurrence_rules":"","_tribe_blocks_recurrence_exclusions":"","_tribe_blocks_recurrence_description":"","footnotes":""},"class_list":["post-14536","page","type-page","status-publish","hentry"],"yoast_head":"<!-- This site is optimized with the Yoast SEO plugin v27.0 - https:\/\/yoast.com\/product\/yoast-seo-wordpress\/ -->\n<title>SIATKA El Speedo &#8212; El Speedo<\/title>\n<meta name=\"description\" content=\"Uprzyjemnij sobie podr\u00f3\u017cowanie Zauwa\u017cy\u0142e\u015b kiedykolwiek, \u017ce opakowanie \u015bpiwora nie jest dostosowane do transportu w plecaku paralotniarskim?\" \/>\n<meta name=\"robots\" content=\"index, follow, max-snippet:-1, max-image-preview:large, max-video-preview:-1\" \/>\n<link rel=\"canonical\" href=\"https:\/\/elspeedo.cz\/vybaveni\/batohy-a-obaly\/sitovka\/\" \/>\n<meta property=\"og:locale\" content=\"pl_PL\" \/>\n<meta property=\"og:type\" content=\"article\" \/>\n<meta property=\"og:title\" content=\"SIATKA El Speedo &#8212; El Speedo\" \/>\n<meta property=\"og:description\" content=\"Uprzyjemnij sobie podr\u00f3\u017cowanie Zauwa\u017cy\u0142e\u015b kiedykolwiek, \u017ce opakowanie \u015bpiwora nie jest dostosowane do transportu w plecaku paralotniarskim?\" \/>\n<meta property=\"og:url\" content=\"https:\/\/elspeedo.cz\/vybaveni\/batohy-a-obaly\/sitovka\/\" \/>\n<meta property=\"og:site_name\" content=\"El Speedo\" \/>\n<meta property=\"article:publisher\" content=\"http:\/\/www.facebook.com\/paragliding.elspeedo.cz\/?fref=ts\" \/>\n<meta property=\"article:modified_time\" content=\"2017-05-10T16:16:09+00:00\" \/>\n<meta name=\"twitter:card\" content=\"summary_large_image\" \/>\n<meta name=\"twitter:label1\" content=\"Szacowany czas czytania\" \/>\n\t<meta name=\"twitter:data1\" content=\"3 minuty\" \/>\n<script type=\"application\/ld+json\" class=\"yoast-schema-graph\">{\"@context\":\"https:\/\/schema.org\",\"@graph\":[{\"@type\":\"WebPage\",\"@id\":\"https:\/\/elspeedo.cz\/vybaveni\/batohy-a-obaly\/sitovka\/\",\"url\":\"https:\/\/elspeedo.cz\/vybaveni\/batohy-a-obaly\/sitovka\/\",\"name\":\"SIATKA El Speedo &#8212; El Speedo\",\"isPartOf\":{\"@id\":\"https:\/\/elspeedo.cz\/#website\"},\"datePublished\":\"2016-12-02T15:08:50+00:00\",\"dateModified\":\"2017-05-10T16:16:09+00:00\",\"description\":\"Uprzyjemnij sobie podr\u00f3\u017cowanie Zauwa\u017cy\u0142e\u015b kiedykolwiek, \u017ce opakowanie \u015bpiwora nie jest dostosowane do transportu w plecaku paralotniarskim?\",\"breadcrumb\":{\"@id\":\"https:\/\/elspeedo.cz\/vybaveni\/batohy-a-obaly\/sitovka\/#breadcrumb\"},\"inLanguage\":\"pl-PL\",\"potentialAction\":[{\"@type\":\"ReadAction\",\"target\":[\"https:\/\/elspeedo.cz\/vybaveni\/batohy-a-obaly\/sitovka\/\"]}]},{\"@type\":\"BreadcrumbList\",\"@id\":\"https:\/\/elspeedo.cz\/vybaveni\/batohy-a-obaly\/sitovka\/#breadcrumb\",\"itemListElement\":[{\"@type\":\"ListItem\",\"position\":1,\"name\":\"Dom\u016f\",\"item\":\"https:\/\/elspeedo.cz\/pl\/\"},{\"@type\":\"ListItem\",\"position\":2,\"name\":\"Sprz\u0119t\",\"item\":\"https:\/\/elspeedo.cz\/pl\/sprzet-2\/\"},{\"@type\":\"ListItem\",\"position\":3,\"name\":\"Plecaki El Speedo\",\"item\":\"https:\/\/elspeedo.cz\/vybaveni\/batohy-a-obaly\/\"},{\"@type\":\"ListItem\",\"position\":4,\"name\":\"SIATKA El Speedo\"}]},{\"@type\":\"WebSite\",\"@id\":\"https:\/\/elspeedo.cz\/#website\",\"url\":\"https:\/\/elspeedo.cz\/\",\"name\":\"El Speedo\",\"description\":\"Paragliding - kurzy, vybaven\u00ed, v\u00fdlety, komunita\",\"potentialAction\":[{\"@type\":\"SearchAction\",\"target\":{\"@type\":\"EntryPoint\",\"urlTemplate\":\"https:\/\/elspeedo.cz\/?s={search_term_string}\"},\"query-input\":{\"@type\":\"PropertyValueSpecification\",\"valueRequired\":true,\"valueName\":\"search_term_string\"}}],\"inLanguage\":\"pl-PL\"}]}<\/script>\n<!-- \/ Yoast SEO plugin. -->","yoast_head_json":{"title":"SIATKA El Speedo &#8212; El Speedo","description":"Uprzyjemnij sobie podr\u00f3\u017cowanie Zauwa\u017cy\u0142e\u015b kiedykolwiek, \u017ce opakowanie \u015bpiwora nie jest dostosowane do transportu w plecaku paralotniarskim?","robots":{"index":"index","follow":"follow","max-snippet":"max-snippet:-1","max-image-preview":"max-image-preview:large","max-video-preview":"max-video-preview:-1"},"canonical":"https:\/\/elspeedo.cz\/vybaveni\/batohy-a-obaly\/sitovka\/","og_locale":"pl_PL","og_type":"article","og_title":"SIATKA El Speedo &#8212; El Speedo","og_description":"Uprzyjemnij sobie podr\u00f3\u017cowanie Zauwa\u017cy\u0142e\u015b kiedykolwiek, \u017ce opakowanie \u015bpiwora nie jest dostosowane do transportu w plecaku paralotniarskim?","og_url":"https:\/\/elspeedo.cz\/vybaveni\/batohy-a-obaly\/sitovka\/","og_site_name":"El Speedo","article_publisher":"http:\/\/www.facebook.com\/paragliding.elspeedo.cz\/?fref=ts","article_modified_time":"2017-05-10T16:16:09+00:00","twitter_card":"summary_large_image","twitter_misc":{"Szacowany czas czytania":"3 minuty"},"schema":{"@context":"https:\/\/schema.org","@graph":[{"@type":"WebPage","@id":"https:\/\/elspeedo.cz\/vybaveni\/batohy-a-obaly\/sitovka\/","url":"https:\/\/elspeedo.cz\/vybaveni\/batohy-a-obaly\/sitovka\/","name":"SIATKA El Speedo &#8212; El Speedo","isPartOf":{"@id":"https:\/\/elspeedo.cz\/#website"},"datePublished":"2016-12-02T15:08:50+00:00","dateModified":"2017-05-10T16:16:09+00:00","description":"Uprzyjemnij sobie podr\u00f3\u017cowanie Zauwa\u017cy\u0142e\u015b kiedykolwiek, \u017ce opakowanie \u015bpiwora nie jest dostosowane do transportu w plecaku paralotniarskim?","breadcrumb":{"@id":"https:\/\/elspeedo.cz\/vybaveni\/batohy-a-obaly\/sitovka\/#breadcrumb"},"inLanguage":"pl-PL","potentialAction":[{"@type":"ReadAction","target":["https:\/\/elspeedo.cz\/vybaveni\/batohy-a-obaly\/sitovka\/"]}]},{"@type":"BreadcrumbList","@id":"https:\/\/elspeedo.cz\/vybaveni\/batohy-a-obaly\/sitovka\/#breadcrumb","itemListElement":[{"@type":"ListItem","position":1,"name":"Dom\u016f","item":"https:\/\/elspeedo.cz\/pl\/"},{"@type":"ListItem","position":2,"name":"Sprz\u0119t","item":"https:\/\/elspeedo.cz\/pl\/sprzet-2\/"},{"@type":"ListItem","position":3,"name":"Plecaki El Speedo","item":"https:\/\/elspeedo.cz\/vybaveni\/batohy-a-obaly\/"},{"@type":"ListItem","position":4,"name":"SIATKA El Speedo"}]},{"@type":"WebSite","@id":"https:\/\/elspeedo.cz\/#website","url":"https:\/\/elspeedo.cz\/","name":"El Speedo","description":"Paragliding - kurzy, vybaven\u00ed, v\u00fdlety, komunita","potentialAction":[{"@type":"SearchAction","target":{"@type":"EntryPoint","urlTemplate":"https:\/\/elspeedo.cz\/?s={search_term_string}"},"query-input":{"@type":"PropertyValueSpecification","valueRequired":true,"valueName":"search_term_string"}}],"inLanguage":"pl-PL"}]}},"_links":{"self":[{"href":"https:\/\/elspeedo.cz\/pl\/wp-json\/wp\/v2\/pages\/14536","targetHints":{"allow":["GET"]}}],"collection":[{"href":"https:\/\/elspeedo.cz\/pl\/wp-json\/wp\/v2\/pages"}],"about":[{"href":"https:\/\/elspeedo.cz\/pl\/wp-json\/wp\/v2\/types\/page"}],"author":[{"embeddable":true,"href":"https:\/\/elspeedo.cz\/pl\/wp-json\/wp\/v2\/users\/7"}],"replies":[{"embeddable":true,"href":"https:\/\/elspeedo.cz\/pl\/wp-json\/wp\/v2\/comments?post=14536"}],"version-history":[{"count":0,"href":"https:\/\/elspeedo.cz\/pl\/wp-json\/wp\/v2\/pages\/14536\/revisions"}],"up":[{"embeddable":true,"href":"https:\/\/elspeedo.cz\/pl\/wp-json\/wp\/v2\/pages\/27446"}],"wp:attachment":[{"href":"https:\/\/elspeedo.cz\/pl\/wp-json\/wp\/v2\/media?parent=14536"}],"curies":[{"name":"wp","href":"https:\/\/api.w.org\/{rel}","templated":true}]}}