{"id":14540,"date":"2016-12-05T19:48:06","date_gmt":"2016-12-05T18:48:06","guid":{"rendered":"https:\/\/elspeedo.cz\/himalajska_cesta\/?lang=pl"},"modified":"2017-05-10T17:03:05","modified_gmt":"2017-05-10T16:03:05","slug":"w-kierunku-himalajow","status":"publish","type":"page","link":"https:\/\/elspeedo.cz\/pl\/kursy-paralotniarstwa\/w-kierunku-himalajow\/","title":{"rendered":"W kierunku Himalaj\u00f3w"},"content":{"rendered":"<div class=\"wpb-content-wrapper\">[vc_row css=&#8221;.vc_custom_1480960486976{padding-top: 40px !important;padding-bottom: 40px !important;}&#8221;][vc_column width=&#8221;1\/2&#8243;][vc_single_image image=&#8221;14007&#8243; img_size=&#8221;full&#8221; alignment=&#8221;center&#8221; style=&#8221;vc_box_rounded&#8221;][\/vc_column][vc_column width=&#8221;1\/2&#8243; css=&#8221;.vc_custom_1486482044222{padding-right: 130px !important;padding-left: 130px !important;}&#8221;][vc_column_text]\n<p style=\"text-align: center;\">Du\u017co pilot\u00f3w marzy o lataniu w okolicach wysokich szczyt\u00f3w Himalaj\u00f3w. W El Speedo mamy dla Ciebie przygotowany realny plan, jak to osi\u0105gn\u0105\u0107! Wybierz bezpieczn\u0105 drog\u0119 w\u0142asnego post\u0119pu lotniczego, w nieoczekiwanie kt\u00f3tkim czasie.<\/p>\n[\/vc_column_text][\/vc_column][\/vc_row][vc_row fullwidth=&#8221;true&#8221; fullwidth_content=&#8221;false&#8221; css=&#8221;.vc_custom_1480960531988{padding-top: 70px !important;padding-bottom: 40px !important;background-color: #e7e7e7 !important;}&#8221;][vc_column width=&#8221;1\/2&#8243;][vc_column_text]\n<h1 style=\"text-align: right;\">Annapurna (8091 m n.p.m.)<\/h1>\n<p style=\"text-align: right;\">Naszych absolwent\u00f3w corocznie w styczniu zabieramy do Pokhary w Nepalu, gdzie latamy na przedg\u00f3rzu o\u015bmiotysi\u0119cznika Annapurna.\u00a0 Odleg\u0142o\u015b\u0107 lini\u0105 powietrzn\u0105 to tylko 40 kilometr\u00f3w, dzi\u0119ki czemu podczas latania otwieraj\u0105 si\u0119 przed nami niewiarygodne widoki dokre\u015blaj\u0105ce niezapomnian\u0105 g\u00f3rsk\u0105 atmosfer\u0119.<\/p>\n<p style=\"text-align: right;\">Pokhara jest znanym i lubianym terenem lotniczym, dzi\u0119ki swej prostocie, czytelno\u015bci i niespodziewanie du\u017cej ilo\u015bci dni nadaj\u0105cych si\u0119 do latania. Dlatego jest dobrym terenem r\u00f3wnie\u017c dla pocz\u0105tkuj\u0105cych i lekko zaawansowanych pilot\u00f3w.<\/p>\n[\/vc_column_text][\/vc_column][vc_column width=&#8221;1\/2&#8243;][vc_single_image image=&#8221;14368&#8243; img_size=&#8221;full&#8221; alignment=&#8221;center&#8221; style=&#8221;vc_box_rounded&#8221;][\/vc_column][\/vc_row][vc_row css=&#8221;.vc_custom_1480960682769{padding-top: 70px !important;border-radius: 20px !important;}&#8221;][vc_column][vc_column_text]\n<h1 style=\"text-align: center;\">Zam\u00f3w odlotowy pakiet \u201eW kierunku Himalaj\u00f3w\u201c<\/h1>\n<p style=\"text-align: center;\">Oferujemy Ci drog\u0119 wiod\u0105c\u0105 do Himalajskich przyg\u00f3d. Pakiet sk\u0142ada si\u0119 z\u00a0trzech kurs\u00f3w, kt\u00f3re przyprowadz\u0105 Ci\u0119 do samej Annapurny.<\/p>\n[\/vc_column_text][mk_padding_divider][mk_table]\n<table border=\"0\" cellspacing=\"1\" cellpadding=\"1\" align=\"center\">\n<tbody>\n<tr>\n<td>Kurs podstawowy (7+2 dni)<\/td>\n<td>Cena: 8400\u00a0CZK<\/td>\n<td><a href=\"https:\/\/elspeedo.cz\/pl\/kursy\/kurs-podstawowy-paralotniarstwa\/\">Opis kursu<\/a><\/td>\n<\/tr>\n<tr>\n<td>Kurs termiki (5 dni)<\/td>\n<td>Cena: 4400 CZK<\/td>\n<td><a href=\"https:\/\/elspeedo.cz\/pl\/kursy\/trening-paralotniowy\/trening-termiki\/\">Opis kursu<\/a><\/td>\n<\/tr>\n<tr>\n<td>Wycieczka ekspedycyjna \u2013 Nepal (14 dni)<\/td>\n<td>Cena: 14900 CZK<\/td>\n<td><a href=\"https:\/\/elspeedo.cz\/pl\/kursy\/latanie-w-gorach-latanie-xc\/ekspedycje-el-speedo\/\">Opis kursu<\/a><\/td>\n<\/tr>\n<\/tbody>\n<\/table>\n[\/mk_table][mk_padding_divider][vc_column_text]\n<h4 style=\"text-align: center;\">Specjalna cena pakietu El Speedo \u201eW kierunku Himalaj\u00f3w\u201c: 23900\u00a0CZK<\/h4>\n[\/vc_column_text][mk_padding_divider]<p class=\"product woocommerce add_to_cart_inline \" style=\"text-align: center\"><span class=\"woocommerce-Price-amount amount\">23 900&nbsp;<span class=\"woocommerce-Price-currencySymbol\">&#75;&#269;<\/span><\/span><a rel=\"nofollow\" href=\"\/pl\/wp-json\/wp\/v2\/pages\/14540?add-to-cart=49511\" data-quantity=\"1\" data-product_id=\"49511\" data-product_sku=\"\" class=\"product_loop_button product_type_simple add_to_cart_button ajax_add_to_cart\" data-product_id=\"49511\" data-product_sku=\"\" aria-label=\"Add &ldquo;W kierunku Himalaj\u00f3w pl&rdquo; to your cart\" rel=\"nofollow\"><svg  class=\"mk-svg-icon\" data-name=\"mk-moon-cart-plus\" data-cacheid=\"icon-69d63001b94ff\" style=\" height:16px; width: 16px; \"  xmlns=\"http:\/\/www.w3.org\/2000\/svg\" viewBox=\"0 0 512 512\"><path d=\"M416 96h-272c-16.138 0-29.751 12.018-31.753 28.031l-28.496 227.969h-51.751c-17.673 0-32 14.327-32 32s14.327 32 32 32h80c16.138 0 29.751-12.017 31.753-28.031l28.496-227.969h219.613l57.369 200.791c4.854 16.993 22.567 26.832 39.56 21.978 16.993-4.855 26.833-22.567 21.978-39.56l-64-224c-3.925-13.737-16.482-23.209-30.769-23.209zm-288-80a48 48 2700 1 0 96 0 48 48 2700 1 0-96 0zm192 0a48 48 2700 1 0 96 0 48 48 2700 1 0-96 0zm64 240h-64v-64h-64v64h-64v64h64v64h64v-64h64z\" transform=\"scale(1 -1) translate(0 -480)\"\/><\/svg><span class=\"product_loop_button_text\">Add to cart<\/a><\/p>[mk_padding_divider][vc_column_text]\n<p style=\"text-align: center;\">* oferujemy Ci mo\u017cliwo\u015b\u0107 latania razem z\u00a0nami na przedg\u00f3rzu Himalajskich olbrzym\u00f3w, zanim minie pierwszy rok po Twym Kursie podstawowym. Wa\u017cno\u015b\u0107 pakietu ustawiona jest w\u0142a\u015bnie na jeden rok czasu. Nale\u017cy to rozumie\u0107 jako element motywacji, kt\u00f3ry ma za cel utrzyma\u0107 Ci\u0119 w trybie aktywnego treningu, bez d\u0142u\u017cszych przerw w lataniu.<\/p>\n<p style=\"text-align: center;\"><strong>Szczeg\u00f3\u0142owych informacji o terminach udzielimy Ci w biurze El Speedo pod numerem telefonu +420 777\u00a0311\u00a0661.<\/strong><\/p>\n[\/vc_column_text][\/vc_column][\/vc_row][vc_row][vc_column css=&#8221;.vc_custom_1480963643364{padding-top: 40px !important;padding-bottom: 40px !important;}&#8221;][vc_separator el_width=&#8221;80&#8243; el_class=&#8221;basic-separator&#8221; css=&#8221;.vc_custom_1480963500442{padding-top: 70px !important;padding-bottom: 40px !important;}&#8221;][\/vc_column][\/vc_row][vc_row css=&#8221;.vc_custom_1480963667390{padding-bottom: 40px !important;}&#8221;][vc_column][vc_column_text]\n<p style=\"text-align: right;\"><em>\u201eKiedy w roku 2002 po raz pierwszy mia\u0142em mo\u017cliwo\u015b\u0107 lata\u0107 w Himalajach, wydawa\u0142o mi si\u0119 to tak niewiarygodne a zarazem tak poci\u0105gaj\u0105ce, \u017ce nie mog\u0142em si\u0119 oprze\u0107. Moje przekonania o swobodnym lataniu pozmienia\u0142y si\u0119 w zasadniczy spos\u00f3b w\u0142a\u015bnie podczas tej ekspedycji.<\/em><\/p>\n<p style=\"text-align: right;\">Otowrzy\u0142y mi si\u0119 dzwi do nowych idei, nowych my\u015bli, nowych wyzwa\u0144.<\/p>\n<p style=\"text-align: right;\"><em>Je\u017celi czujesz, \u017ce chcia\u0142by\u015b, albo m\u00f3g\u0142by\u015b, to si\u0119 nie wahaj! Jestem przekonany, \u017ce latanie w tak przepi\u0119knym i ciekawym \u015brodowisku ol\u015bni r\u00f3wnie\u017c Ciebie\u201c.<\/em><\/p>\n<p style=\"text-align: right;\"><em>Dalibor Carbol<\/em><\/p>\n<p style=\"text-align: right;\"><em>G\u0142\u00f3wny instruktor El Speedo<\/em><\/p>\n[\/vc_column_text][\/vc_column][\/vc_row]\n<\/div>","protected":false},"excerpt":{"rendered":"<p>[vc_row css=&#8221;.vc_custom_1480960486976{padding-top: 40px !important;padding-bottom: 40px !important;}&#8221;][vc_column width=&#8221;1\/2&#8243;][vc_single_image image=&#8221;14007&#8243; img_size=&#8221;full&#8221; alignment=&#8221;center&#8221; style=&#8221;vc_box_rounded&#8221;][\/vc_column][vc_column width=&#8221;1\/2&#8243; css=&#8221;.vc_custom_1486482044222{padding-right: 130px !important;padding-left: 130px !important;}&#8221;][vc_column_text] Du\u017co pilot\u00f3w marzy o lataniu w okolicach wysokich szczyt\u00f3w Himalaj\u00f3w. W El Speedo mamy dla Ciebie przygotowany realny plan, jak to osi\u0105gn\u0105\u0107! Wybierz bezpieczn\u0105 drog\u0119 w\u0142asnego post\u0119pu lotniczego, w nieoczekiwanie kt\u00f3tkim czasie. [\/vc_column_text][\/vc_column][\/vc_row][vc_row fullwidth=&#8221;true&#8221; fullwidth_content=&#8221;false&#8221; css=&#8221;.vc_custom_1480960531988{padding-top: 70px !important;padding-bottom: [&hellip;]<\/p>\n","protected":false},"author":7,"featured_media":0,"parent":15505,"menu_order":0,"comment_status":"closed","ping_status":"closed","template":"","meta":{"_tribe_blocks_recurrence_rules":"","_tribe_blocks_recurrence_exclusions":"","_tribe_blocks_recurrence_description":"","footnotes":""},"class_list":["post-14540","page","type-page","status-publish","hentry"],"yoast_head":"<!-- This site is optimized with the Yoast SEO plugin v27.0 - https:\/\/yoast.com\/product\/yoast-seo-wordpress\/ -->\n<title>W kierunku Himalaj\u00f3w &#8212; El Speedo<\/title>\n<meta name=\"description\" content=\"Du\u017co pilot\u00f3w marzy o lataniu w okolicach wysokich szczyt\u00f3w Himalaj\u00f3w. W El Speedo mamy dla Ciebie przygotowany realny plan, jak tego osi\u0105gn\u0105\u0107! Wybierz ...\" \/>\n<meta name=\"robots\" content=\"index, follow, max-snippet:-1, max-image-preview:large, max-video-preview:-1\" \/>\n<link rel=\"canonical\" href=\"https:\/\/elspeedo.cz\/kurzy-paraglidingu\/himalajska-cesta\/\" \/>\n<meta property=\"og:locale\" content=\"pl_PL\" \/>\n<meta property=\"og:type\" content=\"article\" \/>\n<meta property=\"og:title\" content=\"W kierunku Himalaj\u00f3w &#8212; El Speedo\" \/>\n<meta property=\"og:description\" content=\"Du\u017co pilot\u00f3w marzy o lataniu w okolicach wysokich szczyt\u00f3w Himalaj\u00f3w. W El Speedo mamy dla Ciebie przygotowany realny plan, jak tego osi\u0105gn\u0105\u0107! Wybierz ...\" \/>\n<meta property=\"og:url\" content=\"https:\/\/elspeedo.cz\/kurzy-paraglidingu\/himalajska-cesta\/\" \/>\n<meta property=\"og:site_name\" content=\"El Speedo\" \/>\n<meta property=\"article:publisher\" content=\"http:\/\/www.facebook.com\/paragliding.elspeedo.cz\/?fref=ts\" \/>\n<meta property=\"article:modified_time\" content=\"2017-05-10T16:03:05+00:00\" \/>\n<meta name=\"twitter:card\" content=\"summary_large_image\" \/>\n<meta name=\"twitter:label1\" content=\"Szacowany czas czytania\" \/>\n\t<meta name=\"twitter:data1\" content=\"3 minuty\" \/>\n<script type=\"application\/ld+json\" class=\"yoast-schema-graph\">{\"@context\":\"https:\/\/schema.org\",\"@graph\":[{\"@type\":\"WebPage\",\"@id\":\"https:\/\/elspeedo.cz\/kurzy-paraglidingu\/himalajska-cesta\/\",\"url\":\"https:\/\/elspeedo.cz\/kurzy-paraglidingu\/himalajska-cesta\/\",\"name\":\"W kierunku Himalaj\u00f3w &#8212; El Speedo\",\"isPartOf\":{\"@id\":\"https:\/\/elspeedo.cz\/#website\"},\"datePublished\":\"2016-12-05T18:48:06+00:00\",\"dateModified\":\"2017-05-10T16:03:05+00:00\",\"description\":\"Du\u017co pilot\u00f3w marzy o lataniu w okolicach wysokich szczyt\u00f3w Himalaj\u00f3w. W El Speedo mamy dla Ciebie przygotowany realny plan, jak tego osi\u0105gn\u0105\u0107! Wybierz ...\",\"breadcrumb\":{\"@id\":\"https:\/\/elspeedo.cz\/kurzy-paraglidingu\/himalajska-cesta\/#breadcrumb\"},\"inLanguage\":\"pl-PL\",\"potentialAction\":[{\"@type\":\"ReadAction\",\"target\":[\"https:\/\/elspeedo.cz\/kurzy-paraglidingu\/himalajska-cesta\/\"]}]},{\"@type\":\"BreadcrumbList\",\"@id\":\"https:\/\/elspeedo.cz\/kurzy-paraglidingu\/himalajska-cesta\/#breadcrumb\",\"itemListElement\":[{\"@type\":\"ListItem\",\"position\":1,\"name\":\"Dom\u016f\",\"item\":\"https:\/\/elspeedo.cz\/pl\/\"},{\"@type\":\"ListItem\",\"position\":2,\"name\":\"Kursy Paralotniarstwa\",\"item\":\"https:\/\/elspeedo.cz\/pl\/kursy-paralotniarstwa\/\"},{\"@type\":\"ListItem\",\"position\":3,\"name\":\"W kierunku Himalaj\u00f3w\"}]},{\"@type\":\"WebSite\",\"@id\":\"https:\/\/elspeedo.cz\/#website\",\"url\":\"https:\/\/elspeedo.cz\/\",\"name\":\"El Speedo\",\"description\":\"Paragliding - kurzy, vybaven\u00ed, v\u00fdlety, komunita\",\"potentialAction\":[{\"@type\":\"SearchAction\",\"target\":{\"@type\":\"EntryPoint\",\"urlTemplate\":\"https:\/\/elspeedo.cz\/?s={search_term_string}\"},\"query-input\":{\"@type\":\"PropertyValueSpecification\",\"valueRequired\":true,\"valueName\":\"search_term_string\"}}],\"inLanguage\":\"pl-PL\"}]}<\/script>\n<!-- \/ Yoast SEO plugin. -->","yoast_head_json":{"title":"W kierunku Himalaj\u00f3w &#8212; El Speedo","description":"Du\u017co pilot\u00f3w marzy o lataniu w okolicach wysokich szczyt\u00f3w Himalaj\u00f3w. W El Speedo mamy dla Ciebie przygotowany realny plan, jak tego osi\u0105gn\u0105\u0107! Wybierz ...","robots":{"index":"index","follow":"follow","max-snippet":"max-snippet:-1","max-image-preview":"max-image-preview:large","max-video-preview":"max-video-preview:-1"},"canonical":"https:\/\/elspeedo.cz\/kurzy-paraglidingu\/himalajska-cesta\/","og_locale":"pl_PL","og_type":"article","og_title":"W kierunku Himalaj\u00f3w &#8212; El Speedo","og_description":"Du\u017co pilot\u00f3w marzy o lataniu w okolicach wysokich szczyt\u00f3w Himalaj\u00f3w. W El Speedo mamy dla Ciebie przygotowany realny plan, jak tego osi\u0105gn\u0105\u0107! Wybierz ...","og_url":"https:\/\/elspeedo.cz\/kurzy-paraglidingu\/himalajska-cesta\/","og_site_name":"El Speedo","article_publisher":"http:\/\/www.facebook.com\/paragliding.elspeedo.cz\/?fref=ts","article_modified_time":"2017-05-10T16:03:05+00:00","twitter_card":"summary_large_image","twitter_misc":{"Szacowany czas czytania":"3 minuty"},"schema":{"@context":"https:\/\/schema.org","@graph":[{"@type":"WebPage","@id":"https:\/\/elspeedo.cz\/kurzy-paraglidingu\/himalajska-cesta\/","url":"https:\/\/elspeedo.cz\/kurzy-paraglidingu\/himalajska-cesta\/","name":"W kierunku Himalaj\u00f3w &#8212; El Speedo","isPartOf":{"@id":"https:\/\/elspeedo.cz\/#website"},"datePublished":"2016-12-05T18:48:06+00:00","dateModified":"2017-05-10T16:03:05+00:00","description":"Du\u017co pilot\u00f3w marzy o lataniu w okolicach wysokich szczyt\u00f3w Himalaj\u00f3w. W El Speedo mamy dla Ciebie przygotowany realny plan, jak tego osi\u0105gn\u0105\u0107! Wybierz ...","breadcrumb":{"@id":"https:\/\/elspeedo.cz\/kurzy-paraglidingu\/himalajska-cesta\/#breadcrumb"},"inLanguage":"pl-PL","potentialAction":[{"@type":"ReadAction","target":["https:\/\/elspeedo.cz\/kurzy-paraglidingu\/himalajska-cesta\/"]}]},{"@type":"BreadcrumbList","@id":"https:\/\/elspeedo.cz\/kurzy-paraglidingu\/himalajska-cesta\/#breadcrumb","itemListElement":[{"@type":"ListItem","position":1,"name":"Dom\u016f","item":"https:\/\/elspeedo.cz\/pl\/"},{"@type":"ListItem","position":2,"name":"Kursy Paralotniarstwa","item":"https:\/\/elspeedo.cz\/pl\/kursy-paralotniarstwa\/"},{"@type":"ListItem","position":3,"name":"W kierunku Himalaj\u00f3w"}]},{"@type":"WebSite","@id":"https:\/\/elspeedo.cz\/#website","url":"https:\/\/elspeedo.cz\/","name":"El Speedo","description":"Paragliding - kurzy, vybaven\u00ed, v\u00fdlety, komunita","potentialAction":[{"@type":"SearchAction","target":{"@type":"EntryPoint","urlTemplate":"https:\/\/elspeedo.cz\/?s={search_term_string}"},"query-input":{"@type":"PropertyValueSpecification","valueRequired":true,"valueName":"search_term_string"}}],"inLanguage":"pl-PL"}]}},"_links":{"self":[{"href":"https:\/\/elspeedo.cz\/pl\/wp-json\/wp\/v2\/pages\/14540","targetHints":{"allow":["GET"]}}],"collection":[{"href":"https:\/\/elspeedo.cz\/pl\/wp-json\/wp\/v2\/pages"}],"about":[{"href":"https:\/\/elspeedo.cz\/pl\/wp-json\/wp\/v2\/types\/page"}],"author":[{"embeddable":true,"href":"https:\/\/elspeedo.cz\/pl\/wp-json\/wp\/v2\/users\/7"}],"replies":[{"embeddable":true,"href":"https:\/\/elspeedo.cz\/pl\/wp-json\/wp\/v2\/comments?post=14540"}],"version-history":[{"count":0,"href":"https:\/\/elspeedo.cz\/pl\/wp-json\/wp\/v2\/pages\/14540\/revisions"}],"up":[{"embeddable":true,"href":"https:\/\/elspeedo.cz\/pl\/wp-json\/wp\/v2\/pages\/15505"}],"wp:attachment":[{"href":"https:\/\/elspeedo.cz\/pl\/wp-json\/wp\/v2\/media?parent=14540"}],"curies":[{"name":"wp","href":"https:\/\/api.w.org\/{rel}","templated":true}]}}