{"id":14546,"date":"2016-12-02T10:28:58","date_gmt":"2016-12-02T09:28:58","guid":{"rendered":"https:\/\/elspeedo.cz\/skybean\/?lang=pl"},"modified":"2020-03-17T10:37:18","modified_gmt":"2020-03-17T09:37:18","slug":"sky-bean-2-leciutkie-i-niezawodne-wario-do-paralotniarstwa","status":"publish","type":"page","link":"https:\/\/elspeedo.cz\/pl\/sprzet-2\/elektronika-el-speedo-lekkie-dokladne-i-niezawodne\/sky-bean-2-leciutkie-i-niezawodne-wario-do-paralotniarstwa\/","title":{"rendered":"SKY BEAN 2 \u2013 leciutkie i niezawodne vario dla paralotniarza"},"content":{"rendered":"<div class=\"wpb-content-wrapper\">[mk_page_section video_loop=&#8221;false&#8221; min_height=&#8221;0&#8243; js_vertical_centered=&#8221;true&#8221; padding_top=&#8221;20&#8243; padding_bottom=&#8221;50&#8243; top_shape_color=&#8221;#ffffff&#8221; bottom_shape_color=&#8221;#ffffff&#8221; sidebar=&#8221;sidebar-1&#8243;][vc_column][vc_row_inner][vc_column_inner width=&#8221;1\/2&#8243;][vc_single_image image=&#8221;13764&#8243; img_size=&#8221;full&#8221; alignment=&#8221;center&#8221; style=&#8221;vc_box_rounded&#8221; css=&#8221;.vc_custom_1480669950584{padding-right: 0px !important;padding-left: 50px !important;}&#8221;][\/vc_column_inner][vc_column_inner width=&#8221;1\/2&#8243;][vc_column_text align=&#8221;right&#8221;]\n<p style=\"text-align: left\">Jeste\u015bmy dumni, \u017ce tw\u00f3rcami tego wspania\u0142ego pomocnika do latania w termice s\u0105 nasi absolwenci. Wysokiej klasy rozwi\u0105zanie techniczne, obs\u0142uga jednym przyciskiem i aplikacja programowa umo\u017cliwiaj\u0105ca ustawienie w\u0142asnego profilu d\u017awi\u0119kowego \u2013 to jest SKY BEAN 2 \u2013 El Speedo series\u2026<\/p>\n<div style=\"text-align: left\">\n<p>&#8211; wa\u017cy tylko 23 g<\/p>\n<p>&#8211; mo\u017cliwo\u015b\u0107 oprogramowania<\/p>\n<p>&#8211; indywidualny profil d\u017awi\u0119kowy<\/p>\n<p>Seria FLY 7000<\/p>\n<\/div>\n[\/vc_column_text][mk_padding_divider]<p class=\"product woocommerce add_to_cart_inline \" style=\"border:4px solid #ccc; padding: 12px;\"><span class=\"woocommerce-Price-amount amount\">2 190&nbsp;<span class=\"woocommerce-Price-currencySymbol\">&#75;&#269;<\/span><\/span><a rel=\"nofollow\" href=\"\/pl\/wp-json\/wp\/v2\/pages\/14546?add-to-cart=49447\" data-quantity=\"1\" data-product_id=\"49447\" data-product_sku=\"\" class=\"product_loop_button product_type_simple add_to_cart_button ajax_add_to_cart\" data-product_id=\"49447\" data-product_sku=\"\" aria-label=\"Add &ldquo;SKY BEAN pl&rdquo; to your cart\" rel=\"nofollow\"><svg  class=\"mk-svg-icon\" data-name=\"mk-moon-cart-plus\" data-cacheid=\"icon-6a031eb6871f0\" style=\" height:16px; width: 16px; \"  xmlns=\"http:\/\/www.w3.org\/2000\/svg\" viewBox=\"0 0 512 512\"><path d=\"M416 96h-272c-16.138 0-29.751 12.018-31.753 28.031l-28.496 227.969h-51.751c-17.673 0-32 14.327-32 32s14.327 32 32 32h80c16.138 0 29.751-12.017 31.753-28.031l28.496-227.969h219.613l57.369 200.791c4.854 16.993 22.567 26.832 39.56 21.978 16.993-4.855 26.833-22.567 21.978-39.56l-64-224c-3.925-13.737-16.482-23.209-30.769-23.209zm-288-80a48 48 2700 1 0 96 0 48 48 2700 1 0-96 0zm192 0a48 48 2700 1 0 96 0 48 48 2700 1 0-96 0zm64 240h-64v-64h-64v64h-64v64h64v64h64v-64h64z\" transform=\"scale(1 -1) translate(0 -480)\"\/><\/svg><span class=\"product_loop_button_text\">Add to cart<\/a><\/p>[\/vc_column_inner][\/vc_row_inner][\/vc_column][\/mk_page_section][vc_row][vc_column][vc_separator el_width=&#8221;80&#8243; el_class=&#8221;basic-separator&#8221;][\/vc_column][\/vc_row][vc_row css=&#8221;.vc_custom_1480576986714{padding-top: 40px !important;padding-bottom: 50px !important;}&#8221;][vc_column][vc_column_text disable_pattern=&#8221;false&#8221; align=&#8221;center&#8221;]\n<h1 style=\"text-align: center\">Idealne dla pocz\u0105tkuj\u0105cych pilot\u00f3w<\/h1>\n[\/vc_column_text][\/vc_column][\/vc_row][vc_row css=&#8221;.vc_custom_1480533484573{padding-bottom: 60px !important;}&#8221;][vc_column][vc_column_text disable_pattern=&#8221;false&#8221; align=&#8221;center&#8221;]\n<p style=\"text-align: center\">Wyra\u017anie s\u0142yszalny sygna\u0142 d\u017awi\u0119kowy podczas wlotu do pr\u0105du wznosz\u0105cego to w zasadzie najwa\u017cniejsza informacja dla pocz\u0105tkuj\u0105cego pilota. Rosn\u0105ca frekwencja d\u017awi\u0119ku i przerwy mi\u0119dzy sygna\u0142ami akustycznymi przekazuj\u0105 w dostateczny spos\u00f3b informacje potrzebne do wycentrowania komina.<\/p>\n<p style=\"text-align: center\">Tak samo wa\u017cna jest sygnalizacja niskimi tonami SKY BEANa 2 po wlocie w pr\u0105d zst\u0119puj\u0105cy, kt\u00f3ra wzywa do odhamowania, lub ewentualnego przy\u015bpieszenia przez naci\u015bni\u0119cie Speed systemu i szybkiego wyj\u015bcia z duszenia. W ten spos\u00f3b pocz\u0105tkuj\u0105cy piloci ucz\u0105 si\u0119 od samego pocz\u0105tku optymalizacji lotu podczas ka\u017cdej lotniczej pr\u00f3by.<\/p>\n[\/vc_column_text][\/vc_column][\/vc_row][vc_row css=&#8221;.vc_custom_1480533196446{padding-bottom: 30px !important;}&#8221;][vc_column][vc_single_image image=&#8221;13916&#8243; img_size=&#8221;full&#8221; alignment=&#8221;center&#8221; style=&#8221;vc_box_rounded&#8221;][\/vc_column][\/vc_row][mk_page_section bg_color=&#8221;#272727&#8243; bg_position=&#8221;center center&#8221; video_loop=&#8221;false&#8221; js_vertical_centered=&#8221;true&#8221; padding_top=&#8221;100&#8243; padding_bottom=&#8221;80&#8243; top_shape_color=&#8221;#ffffff&#8221; bottom_shape_color=&#8221;#ffffff&#8221; el_class=&#8221;sc-dark&#8221; sidebar=&#8221;sidebar-1&#8243;][vc_column width=&#8221;1\/2&#8243;][vc_single_image image=&#8221;13727&#8243; img_size=&#8221;full&#8221; alignment=&#8221;center&#8221; style=&#8221;vc_box_rounded&#8221;][\/vc_column][vc_column width=&#8221;1\/2&#8243;][vc_column_text]\n<h1>Kompaktowe i niezawodne<\/h1>\n<h4>dla profesjonalist\u00f3w<\/h4>\n[\/vc_column_text][vc_column_text]SKY BEAN 2 mo\u017ce s\u0142u\u017cy\u0107 jako zapasowe wario dla zawodowych pilot\u00f3w. Na ta\u015bmie ramieniowej uprz\u0119\u017cy ma swoje miejsce, gdzie nie przeszkadza, nie wa\u017cy prawie nic a w razie potrzeby jednym naci\u015bni\u0119ciem guzika zaraz zast\u0105pi roz\u0142adowane g\u0142\u00f3wne wario.<\/p>\n<p style=\"text-align: left\">Jako g\u0142\u00f3wne wario mo\u017ce SKY BEAN 2 s\u0142u\u017cy\u0107 r\u00f3wnie\u017c pilotom lataj\u0105cym loty tandemowe. Sygnalizacja d\u017awi\u0119kowa w tym wypadku r\u00f3wnie\u017c zupe\u0142nie wystarczy, a dzi\u0119ki minimalistycznemu rozwi\u0105zaniu nie grozi uszkodzenie drogiego urz\u0105dzenia z wy\u015bwietlaczem podczas rozbiegu albo w trakcie l\u0105dowania.<\/p>\n[\/vc_column_text][\/vc_column][\/mk_page_section][vc_row css=&#8221;.vc_custom_1480599593320{padding-top: 80px !important;background-color: #ffffff !important;}&#8221;][vc_column][\/vc_column][\/vc_row][vc_row css=&#8221;.vc_custom_1480600602706{padding-bottom: 70px !important;}&#8221;][vc_column][\/vc_column][\/vc_row][vc_row css=&#8221;.vc_custom_1480600700944{padding-bottom: 40px !important;}&#8221;][vc_column width=&#8221;1\/2&#8243;][vc_column_text disable_pattern=&#8221;false&#8221; align=&#8221;right&#8221;]\n<h1 style=\"text-align: right\">Ultralekkie<\/h1>\n<h4 style=\"text-align: right\">dla fachowc\u00f3w<\/h4>\n[\/vc_column_text][vc_column_text disable_pattern=&#8221;false&#8221; align=&#8221;right&#8221;]\n<p style=\"text-align: right\">M\u0119cz\u0105ce wspinaczki na szczyty g\u00f3rskie, w\u0119dr\u00f3wki i podr\u00f3\u017cowanie po ca\u0142ym \u015bwiecie z\u00a0mo\u017cliwo\u015bci\u0105 wzbicia si\u0119 w powietrze praktycznie gdziekolwiek \u2013 do tego potrzeba naprawd\u0119 lekkiego i efektownego sprz\u0119tu.<\/p>\n<p style=\"text-align: right\">SKY BEAN 2 w\u0142a\u015bnie na te wypadki jest idealnym rozwi\u0105zaniem. Waga jedyne 23 gram\u00f3w, prosta obs\u0142uga, prawie niezniszczalne wykonanie, niezawodno\u015b\u0107. Dzi\u0119ki tym cechom zyskasz ogromn\u0105 warto\u015b\u0107 u\u017cytkow\u0105 w stosunku do zainwestowanej kwoty.<\/p>\n[\/vc_column_text][\/vc_column][vc_column width=&#8221;1\/2&#8243;][vc_single_image image=&#8221;13914&#8243; img_size=&#8221;full&#8221; style=&#8221;vc_box_rounded&#8221; css=&#8221;.vc_custom_1480670544744{padding-left: 60px !important;}&#8221;][\/vc_column][\/vc_row][vc_row fullwidth=&#8221;true&#8221; fullwidth_content=&#8221;false&#8221; css=&#8221;.vc_custom_1480600686473{padding-top: 20px !important;padding-bottom: 40px !important;background-color: #e7e7e7 !important;}&#8221;][vc_column width=&#8221;1\/2&#8243; css=&#8221;.vc_custom_1480600735153{padding-top: 70px !important;}&#8221;][vc_single_image image=&#8221;13915&#8243; img_size=&#8221;full&#8221; alignment=&#8221;center&#8221; style=&#8221;vc_box_rounded&#8221;][\/vc_column][vc_column width=&#8221;1\/2&#8243; css=&#8221;.vc_custom_1480536234777{padding-top: 60px !important;padding-bottom: 60px !important;}&#8221;][vc_column_text]\n<h1>W pe\u0142ni skuteczna<\/h1>\n<h4>cz\u0119\u015b\u0107 uprz\u0119\u017cy El Speedo<\/h4>\n<p>Wszystkie uprz\u0119\u017ce El Speedo od roku 2014 maj\u0105 na ta\u015bmach ramionowych wszyte rzepy, na kt\u00f3rych SKY BEAN ma swoje miejsce. Dzi\u0119ki temu jest efektownym akcesoriem kt\u00f3rejkowiek z\u00a0naszych uprz\u0119\u017cy.<\/p>\n<p>Wystarczy zamocowa\u0107 na rzepie i ma\u0142\u0105 deltk\u0105 zabezpieczy\u0107 na przygotowanym oczku. W prosty spos\u00f3b zyskujesz niepozornego, lecz bardzo zdolnego pomocnika.<\/p>\n[\/vc_column_text][\/vc_column][\/vc_row][vc_row][vc_column][mk_padding_divider][vc_tta_tabs][vc_tta_section title=&#8221;W\u0142a\u015bciwo\u015bci&#8221; tab_id=&#8221;1584434464260-9221d848-5963&#8243;][vc_column_text]Waga: 23 g<br \/>\nRozmiary: 62 x 28 x 15 mm<br \/>\nBateria: CR2032, 150 hodin[\/vc_column_text][\/vc_tta_section][vc_tta_section title=&#8221;Funkcje&#8221; tab_id=&#8221;1584434464355-93ebea5e-5017&#8243;][vc_column_text]\n<ul>\n<li>3 ustawione profile audio<\/li>\n<li>najlepszy na \u015bwiecie czujnik barometryczny\u00a0MS5611<\/li>\n<li>Interfejs USB do po\u0142\u0105czenia z komputerem i systemem Android<\/li>\n<li>przekazywanie danych barometrycznych do aplikacji XCTrack (Android) przez kabel OTG<\/li>\n<li>\u0142atwa w u\u017cyciu aplikacja na PC<\/li>\n<li>konfigurowalny poziom g\u0142o\u015bno\u015bci sygnalizacji wznoszenia \/ opadania<\/li>\n<\/ul>\n[\/vc_column_text][\/vc_tta_section][vc_tta_section title=&#8221;Pakiet zawiera&#8221; tab_id=&#8221;1584434577816-e29859b4-6601&#8243;][vc_column_text]\n<ul>\n<li>Variometr SkyBean2 z paskiem<\/li>\n<li>naklejk\u0119 3M \u2122 Dual Lock \u2122 Mount<\/li>\n<li>kabel micro USB<\/li>\n<li>instrukjc\u0119 obs\u0142ugi<\/li>\n<li>naklejk\u0119 SkyBean<\/li>\n<\/ul>\n[\/vc_column_text][\/vc_tta_section][\/vc_tta_tabs][\/vc_column][\/vc_row][mk_page_section bg_color=&#8221;#f4f4f4&#8243; bg_stretch=&#8221;true&#8221; video_loop=&#8221;false&#8221; padding_top=&#8221;100&#8243; padding_bottom=&#8221;100&#8243; el_class=&#8221;section-gray&#8221; sidebar=&#8221;sidebar-1&#8243;][vc_column width=&#8221;1\/2&#8243;][vc_column_text]\n<h2><\/h2>\n<p><span style=\"color: #23282d;font-size: 1.6em;font-weight: 600\">Przejd\u017a do zam\u00f3wienia:<\/span><\/p>\n[\/vc_column_text][\/vc_column][vc_column width=&#8221;1\/2&#8243;]<p class=\"product woocommerce add_to_cart_inline \" style=\"border:4px solid #ccc; padding: 12px;\"><span class=\"woocommerce-Price-amount amount\">2 190&nbsp;<span class=\"woocommerce-Price-currencySymbol\">&#75;&#269;<\/span><\/span><a rel=\"nofollow\" href=\"\/pl\/wp-json\/wp\/v2\/pages\/14546?add-to-cart=49447\" data-quantity=\"1\" data-product_id=\"49447\" data-product_sku=\"\" class=\"product_loop_button product_type_simple add_to_cart_button ajax_add_to_cart\" data-product_id=\"49447\" data-product_sku=\"\" aria-label=\"Add &ldquo;SKY BEAN pl&rdquo; to your cart\" rel=\"nofollow\"><svg  class=\"mk-svg-icon\" data-name=\"mk-moon-cart-plus\" data-cacheid=\"icon-6a031eb68783e\" style=\" height:16px; width: 16px; \"  xmlns=\"http:\/\/www.w3.org\/2000\/svg\" viewBox=\"0 0 512 512\"><path d=\"M416 96h-272c-16.138 0-29.751 12.018-31.753 28.031l-28.496 227.969h-51.751c-17.673 0-32 14.327-32 32s14.327 32 32 32h80c16.138 0 29.751-12.017 31.753-28.031l28.496-227.969h219.613l57.369 200.791c4.854 16.993 22.567 26.832 39.56 21.978 16.993-4.855 26.833-22.567 21.978-39.56l-64-224c-3.925-13.737-16.482-23.209-30.769-23.209zm-288-80a48 48 2700 1 0 96 0 48 48 2700 1 0-96 0zm192 0a48 48 2700 1 0 96 0 48 48 2700 1 0-96 0zm64 240h-64v-64h-64v64h-64v64h64v64h64v-64h64z\" transform=\"scale(1 -1) translate(0 -480)\"\/><\/svg><span class=\"product_loop_button_text\">Add to cart<\/a><\/p>[\/vc_column][\/mk_page_section][mk_page_section bg_color=&#8221;#272727&#8243; bg_position=&#8221;center center&#8221; video_loop=&#8221;false&#8221; js_vertical_centered=&#8221;true&#8221; padding_top=&#8221;80&#8243; padding_bottom=&#8221;80&#8243; el_class=&#8221;sc-dark&#8221; sidebar=&#8221;sidebar-1&#8243;][vc_column][vc_column_text disable_pattern=&#8221;false&#8221; align=&#8221;center&#8221;]\n<div class=\"clr\" style=\"text-align: center\"><span style=\"font-size: 24pt\">Kupuj w\u00a0<span style=\"font-size: 40pt\">CENACH ABSOLWENCKICH<\/span><\/span><\/div>\n[\/vc_column_text][mk_padding_divider size=&#8221;20&#8243;][vc_column_text disable_pattern=&#8221;false&#8221; align=&#8221;center&#8221;]\n<h2 style=\"text-align: center\">Wszyscy absolwenci naszych program\u00f3w treningowych posiadaj\u0105 zni\u017ck\u0119 10%.<\/h2>\n<p style=\"text-align: center\">Wszystkie informacje uzyskasz w naszym biurze, pod nr. +420\u00a0777\u00a0311 661<\/p>\n[\/vc_column_text][\/vc_column][\/mk_page_section]\n<\/div>","protected":false},"excerpt":{"rendered":"<p>[mk_page_section video_loop=&#8221;false&#8221; min_height=&#8221;0&#8243; js_vertical_centered=&#8221;true&#8221; padding_top=&#8221;20&#8243; padding_bottom=&#8221;50&#8243; top_shape_color=&#8221;#ffffff&#8221; bottom_shape_color=&#8221;#ffffff&#8221; sidebar=&#8221;sidebar-1&#8243;][vc_column][vc_row_inner][vc_column_inner width=&#8221;1\/2&#8243;][vc_single_image image=&#8221;13764&#8243; img_size=&#8221;full&#8221; alignment=&#8221;center&#8221; style=&#8221;vc_box_rounded&#8221; css=&#8221;.vc_custom_1480669950584{padding-right: 0px !important;padding-left: 50px !important;}&#8221;][\/vc_column_inner][vc_column_inner width=&#8221;1\/2&#8243;][vc_column_text align=&#8221;right&#8221;] Jeste\u015bmy dumni, \u017ce tw\u00f3rcami tego wspania\u0142ego pomocnika do latania w termice s\u0105 nasi absolwenci. Wysokiej klasy rozwi\u0105zanie techniczne, obs\u0142uga jednym przyciskiem i aplikacja programowa umo\u017cliwiaj\u0105ca ustawienie w\u0142asnego profilu d\u017awi\u0119kowego \u2013 to jest SKY BEAN [&hellip;]<\/p>\n","protected":false},"author":7,"featured_media":0,"parent":27964,"menu_order":0,"comment_status":"closed","ping_status":"closed","template":"","meta":{"_tribe_blocks_recurrence_rules":"","_tribe_blocks_recurrence_exclusions":"","_tribe_blocks_recurrence_description":"","footnotes":""},"class_list":["post-14546","page","type-page","status-publish","hentry"],"yoast_head":"<!-- This site is optimized with the Yoast SEO plugin v27.0 - https:\/\/yoast.com\/product\/yoast-seo-wordpress\/ -->\n<title>SKY BEAN 2 \u2013 leciutkie i niezawodne vario dla paralotniarza &#8212; El Speedo<\/title>\n<meta name=\"description\" content=\"Wysokiej klasy rozwi\u0105zanie techniczne, obs\u0142uga jednym przyciskiem i aplikacja programowa umo\u017cliwiaj\u0105ca ustawienie w\u0142asnego profilu d\u017awi\u0119kowego \u2013 SKY BEAN \u2026\" \/>\n<meta name=\"robots\" content=\"index, follow, max-snippet:-1, max-image-preview:large, max-video-preview:-1\" \/>\n<link rel=\"canonical\" href=\"https:\/\/elspeedo.cz\/vybaveni\/pristroje\/skybean2\/\" \/>\n<meta property=\"og:locale\" content=\"pl_PL\" \/>\n<meta property=\"og:type\" content=\"article\" \/>\n<meta property=\"og:title\" content=\"SKY BEAN 2 \u2013 leciutkie i niezawodne vario dla paralotniarza &#8212; El Speedo\" \/>\n<meta property=\"og:description\" content=\"Wysokiej klasy rozwi\u0105zanie techniczne, obs\u0142uga jednym przyciskiem i aplikacja programowa umo\u017cliwiaj\u0105ca ustawienie w\u0142asnego profilu d\u017awi\u0119kowego \u2013 SKY BEAN \u2026\" \/>\n<meta property=\"og:url\" content=\"https:\/\/elspeedo.cz\/vybaveni\/pristroje\/skybean2\/\" \/>\n<meta property=\"og:site_name\" content=\"El Speedo\" \/>\n<meta property=\"article:publisher\" content=\"http:\/\/www.facebook.com\/paragliding.elspeedo.cz\/?fref=ts\" \/>\n<meta property=\"article:modified_time\" content=\"2020-03-17T09:37:18+00:00\" \/>\n<meta name=\"twitter:card\" content=\"summary_large_image\" \/>\n<meta name=\"twitter:label1\" content=\"Szacowany czas czytania\" \/>\n\t<meta name=\"twitter:data1\" content=\"6 minut\" \/>\n<script type=\"application\/ld+json\" class=\"yoast-schema-graph\">{\"@context\":\"https:\/\/schema.org\",\"@graph\":[{\"@type\":\"WebPage\",\"@id\":\"https:\/\/elspeedo.cz\/vybaveni\/pristroje\/skybean2\/\",\"url\":\"https:\/\/elspeedo.cz\/vybaveni\/pristroje\/skybean2\/\",\"name\":\"SKY BEAN 2 \u2013 leciutkie i niezawodne vario dla paralotniarza &#8212; El Speedo\",\"isPartOf\":{\"@id\":\"https:\/\/elspeedo.cz\/#website\"},\"datePublished\":\"2016-12-02T09:28:58+00:00\",\"dateModified\":\"2020-03-17T09:37:18+00:00\",\"description\":\"Wysokiej klasy rozwi\u0105zanie techniczne, obs\u0142uga jednym przyciskiem i aplikacja programowa umo\u017cliwiaj\u0105ca ustawienie w\u0142asnego profilu d\u017awi\u0119kowego \u2013 SKY BEAN \u2026\",\"breadcrumb\":{\"@id\":\"https:\/\/elspeedo.cz\/vybaveni\/pristroje\/skybean2\/#breadcrumb\"},\"inLanguage\":\"pl-PL\",\"potentialAction\":[{\"@type\":\"ReadAction\",\"target\":[\"https:\/\/elspeedo.cz\/vybaveni\/pristroje\/skybean2\/\"]}]},{\"@type\":\"BreadcrumbList\",\"@id\":\"https:\/\/elspeedo.cz\/vybaveni\/pristroje\/skybean2\/#breadcrumb\",\"itemListElement\":[{\"@type\":\"ListItem\",\"position\":1,\"name\":\"Dom\u016f\",\"item\":\"https:\/\/elspeedo.cz\/pl\/\"},{\"@type\":\"ListItem\",\"position\":2,\"name\":\"Sprz\u0119t\",\"item\":\"https:\/\/elspeedo.cz\/pl\/sprzet-2\/\"},{\"@type\":\"ListItem\",\"position\":3,\"name\":\"Elektronika El Speedo lekka, dok\u0142adna i niezawodna\",\"item\":\"https:\/\/elspeedo.cz\/vybaveni\/pristroje\/\"},{\"@type\":\"ListItem\",\"position\":4,\"name\":\"SKY BEAN 2 \u2013 leciutkie i niezawodne vario dla paralotniarza\"}]},{\"@type\":\"WebSite\",\"@id\":\"https:\/\/elspeedo.cz\/#website\",\"url\":\"https:\/\/elspeedo.cz\/\",\"name\":\"El Speedo\",\"description\":\"Paragliding - kurzy, vybaven\u00ed, v\u00fdlety, komunita\",\"potentialAction\":[{\"@type\":\"SearchAction\",\"target\":{\"@type\":\"EntryPoint\",\"urlTemplate\":\"https:\/\/elspeedo.cz\/?s={search_term_string}\"},\"query-input\":{\"@type\":\"PropertyValueSpecification\",\"valueRequired\":true,\"valueName\":\"search_term_string\"}}],\"inLanguage\":\"pl-PL\"}]}<\/script>\n<!-- \/ Yoast SEO plugin. -->","yoast_head_json":{"title":"SKY BEAN 2 \u2013 leciutkie i niezawodne vario dla paralotniarza &#8212; El Speedo","description":"Wysokiej klasy rozwi\u0105zanie techniczne, obs\u0142uga jednym przyciskiem i aplikacja programowa umo\u017cliwiaj\u0105ca ustawienie w\u0142asnego profilu d\u017awi\u0119kowego \u2013 SKY BEAN \u2026","robots":{"index":"index","follow":"follow","max-snippet":"max-snippet:-1","max-image-preview":"max-image-preview:large","max-video-preview":"max-video-preview:-1"},"canonical":"https:\/\/elspeedo.cz\/vybaveni\/pristroje\/skybean2\/","og_locale":"pl_PL","og_type":"article","og_title":"SKY BEAN 2 \u2013 leciutkie i niezawodne vario dla paralotniarza &#8212; El Speedo","og_description":"Wysokiej klasy rozwi\u0105zanie techniczne, obs\u0142uga jednym przyciskiem i aplikacja programowa umo\u017cliwiaj\u0105ca ustawienie w\u0142asnego profilu d\u017awi\u0119kowego \u2013 SKY BEAN \u2026","og_url":"https:\/\/elspeedo.cz\/vybaveni\/pristroje\/skybean2\/","og_site_name":"El Speedo","article_publisher":"http:\/\/www.facebook.com\/paragliding.elspeedo.cz\/?fref=ts","article_modified_time":"2020-03-17T09:37:18+00:00","twitter_card":"summary_large_image","twitter_misc":{"Szacowany czas czytania":"6 minut"},"schema":{"@context":"https:\/\/schema.org","@graph":[{"@type":"WebPage","@id":"https:\/\/elspeedo.cz\/vybaveni\/pristroje\/skybean2\/","url":"https:\/\/elspeedo.cz\/vybaveni\/pristroje\/skybean2\/","name":"SKY BEAN 2 \u2013 leciutkie i niezawodne vario dla paralotniarza &#8212; El Speedo","isPartOf":{"@id":"https:\/\/elspeedo.cz\/#website"},"datePublished":"2016-12-02T09:28:58+00:00","dateModified":"2020-03-17T09:37:18+00:00","description":"Wysokiej klasy rozwi\u0105zanie techniczne, obs\u0142uga jednym przyciskiem i aplikacja programowa umo\u017cliwiaj\u0105ca ustawienie w\u0142asnego profilu d\u017awi\u0119kowego \u2013 SKY BEAN \u2026","breadcrumb":{"@id":"https:\/\/elspeedo.cz\/vybaveni\/pristroje\/skybean2\/#breadcrumb"},"inLanguage":"pl-PL","potentialAction":[{"@type":"ReadAction","target":["https:\/\/elspeedo.cz\/vybaveni\/pristroje\/skybean2\/"]}]},{"@type":"BreadcrumbList","@id":"https:\/\/elspeedo.cz\/vybaveni\/pristroje\/skybean2\/#breadcrumb","itemListElement":[{"@type":"ListItem","position":1,"name":"Dom\u016f","item":"https:\/\/elspeedo.cz\/pl\/"},{"@type":"ListItem","position":2,"name":"Sprz\u0119t","item":"https:\/\/elspeedo.cz\/pl\/sprzet-2\/"},{"@type":"ListItem","position":3,"name":"Elektronika El Speedo lekka, dok\u0142adna i niezawodna","item":"https:\/\/elspeedo.cz\/vybaveni\/pristroje\/"},{"@type":"ListItem","position":4,"name":"SKY BEAN 2 \u2013 leciutkie i niezawodne vario dla paralotniarza"}]},{"@type":"WebSite","@id":"https:\/\/elspeedo.cz\/#website","url":"https:\/\/elspeedo.cz\/","name":"El Speedo","description":"Paragliding - kurzy, vybaven\u00ed, v\u00fdlety, komunita","potentialAction":[{"@type":"SearchAction","target":{"@type":"EntryPoint","urlTemplate":"https:\/\/elspeedo.cz\/?s={search_term_string}"},"query-input":{"@type":"PropertyValueSpecification","valueRequired":true,"valueName":"search_term_string"}}],"inLanguage":"pl-PL"}]}},"_links":{"self":[{"href":"https:\/\/elspeedo.cz\/pl\/wp-json\/wp\/v2\/pages\/14546","targetHints":{"allow":["GET"]}}],"collection":[{"href":"https:\/\/elspeedo.cz\/pl\/wp-json\/wp\/v2\/pages"}],"about":[{"href":"https:\/\/elspeedo.cz\/pl\/wp-json\/wp\/v2\/types\/page"}],"author":[{"embeddable":true,"href":"https:\/\/elspeedo.cz\/pl\/wp-json\/wp\/v2\/users\/7"}],"replies":[{"embeddable":true,"href":"https:\/\/elspeedo.cz\/pl\/wp-json\/wp\/v2\/comments?post=14546"}],"version-history":[{"count":0,"href":"https:\/\/elspeedo.cz\/pl\/wp-json\/wp\/v2\/pages\/14546\/revisions"}],"up":[{"embeddable":true,"href":"https:\/\/elspeedo.cz\/pl\/wp-json\/wp\/v2\/pages\/27964"}],"wp:attachment":[{"href":"https:\/\/elspeedo.cz\/pl\/wp-json\/wp\/v2\/media?parent=14546"}],"curies":[{"name":"wp","href":"https:\/\/api.w.org\/{rel}","templated":true}]}}