{"id":14548,"date":"2016-12-02T10:47:30","date_gmt":"2016-12-02T09:47:30","guid":{"rendered":"https:\/\/elspeedo.cz\/skydrop\/?lang=pl"},"modified":"2020-03-17T10:46:54","modified_gmt":"2020-03-17T09:46:54","slug":"sky-drop-ultrino","status":"publish","type":"page","link":"https:\/\/elspeedo.cz\/pl\/sprzet-2\/elektronika-el-speedo-lekkie-dokladne-i-niezawodne\/sky-drop-ultrino\/","title":{"rendered":"SKY DROP Ultrino"},"content":{"rendered":"<div class=\"wpb-content-wrapper\">[mk_page_section video_loop=&#8221;false&#8221; min_height=&#8221;0&#8243; js_vertical_centered=&#8221;true&#8221; padding_top=&#8221;20&#8243; padding_bottom=&#8221;50&#8243; top_shape_color=&#8221;#ffffff&#8221; bottom_shape_color=&#8221;#ffffff&#8221; sidebar=&#8221;sidebar-1&#8243;][vc_column][vc_row_inner][vc_column_inner][vc_single_image image=&#8221;13928&#8243; img_size=&#8221;full&#8221; alignment=&#8221;center&#8221; style=&#8221;vc_box_rounded&#8221; css=&#8221;.vc_custom_1480671307945{padding-right: 0px !important;padding-left: 50px !important;}&#8221;][vc_column_text align=&#8221;right&#8221;]\n<p style=\"text-align: center\">Efektowny pomocnik pilot\u00f3w XC, kt\u00f3rzy doceniaj\u0105 dok\u0142adne pomiary, prost\u0105 obs\u0142ug\u0119 i ultralekkie wykonanie przyrz\u0105d\u00f3w lotniczych.<\/p>\n<p style=\"text-align: center\">To wszystko i jeszcze wi\u0119cej, to SKY DROP Ultrino \u2013 dzie\u0142o naszych absolwent\u00f3w Martina Da\u0159\u00ed\u010dka i Fera Hor\u00ednka.<\/p>\n[\/vc_column_text][mk_padding_divider]<p class=\"product woocommerce add_to_cart_inline \" style=\"text-align: center\"><span class=\"woocommerce-Price-amount amount\">6 190&nbsp;<span class=\"woocommerce-Price-currencySymbol\">&#75;&#269;<\/span><\/span><a rel=\"nofollow\" href=\"\/pl\/wp-json\/wp\/v2\/pages\/14548?add-to-cart=49448\" data-quantity=\"1\" data-product_id=\"49448\" data-product_sku=\"\" class=\"product_loop_button product_type_simple add_to_cart_button ajax_add_to_cart\" data-product_id=\"49448\" data-product_sku=\"\" aria-label=\"Add &ldquo;SKY DROP pl&rdquo; to your cart\" rel=\"nofollow\"><svg  class=\"mk-svg-icon\" data-name=\"mk-moon-cart-plus\" data-cacheid=\"icon-69ea5fcc42d2f\" style=\" height:16px; width: 16px; \"  xmlns=\"http:\/\/www.w3.org\/2000\/svg\" viewBox=\"0 0 512 512\"><path d=\"M416 96h-272c-16.138 0-29.751 12.018-31.753 28.031l-28.496 227.969h-51.751c-17.673 0-32 14.327-32 32s14.327 32 32 32h80c16.138 0 29.751-12.017 31.753-28.031l28.496-227.969h219.613l57.369 200.791c4.854 16.993 22.567 26.832 39.56 21.978 16.993-4.855 26.833-22.567 21.978-39.56l-64-224c-3.925-13.737-16.482-23.209-30.769-23.209zm-288-80a48 48 2700 1 0 96 0 48 48 2700 1 0-96 0zm192 0a48 48 2700 1 0 96 0 48 48 2700 1 0-96 0zm64 240h-64v-64h-64v64h-64v64h64v64h64v-64h64z\" transform=\"scale(1 -1) translate(0 -480)\"\/><\/svg><span class=\"product_loop_button_text\">Add to cart<\/a><\/p>[\/vc_column_inner][\/vc_row_inner][\/vc_column][\/mk_page_section][vc_row][vc_column][vc_separator el_width=&#8221;80&#8243; el_class=&#8221;basic-separator&#8221;][\/vc_column][\/vc_row][vc_row css=&#8221;.vc_custom_1480576986714{padding-top: 40px !important;padding-bottom: 50px !important;}&#8221;][vc_column][vc_column_text disable_pattern=&#8221;false&#8221; align=&#8221;center&#8221;]\n<h1 style=\"text-align: center\">Maksimum mo\u017cliwo\u015bci w wersji mini<\/h1>\n[\/vc_column_text][\/vc_column][\/vc_row][vc_row css=&#8221;.vc_custom_1480533484573{padding-bottom: 60px !important;}&#8221;][vc_column][vc_column_text disable_pattern=&#8221;false&#8221; align=&#8221;center&#8221;]\n<p style=\"text-align: center\">Mn\u00f3stwo technologii wykorzystanych w SKY DROP Ultrino i do nich nawi\u0105zuj\u0105ce funkcje dostarczaj\u0105 potrzebne informacje i pomoc podczas latania po najr\u00f3\u017cniejszych trasach i w najr\u00f3\u017cniejszych sytuacjach.<\/p>\n[\/vc_column_text][\/vc_column][\/vc_row][vc_row css=&#8221;.vc_custom_1480533196446{padding-bottom: 30px !important;}&#8221;][vc_column][vc_single_image image=&#8221;13927&#8243; img_size=&#8221;full&#8221; alignment=&#8221;center&#8221; style=&#8221;vc_box_rounded&#8221;][\/vc_column][\/vc_row][vc_row css=&#8221;.vc_custom_1480533484573{padding-bottom: 60px !important;}&#8221;][vc_column][vc_column_text disable_pattern=&#8221;false&#8221; align=&#8221;center&#8221;]\n<h1 style=\"text-align: center\">Funkcje SKY DROP Ultrino<\/h1>\n<p style=\"text-align: center\">&#8211; Sygnalizacja akustyczna<\/p>\n<p style=\"text-align: center\">&#8211; analogowe\/cyfrowe vario<br \/>\n\u2013 5 wysoko\u015bciomierzy (wzgl\u0119dny, absolutny, standardowy)<br \/>\n\u2013 automatyczne w\u0142\u0105czenie sygnalizacji d\u017awi\u0119kowej zaraz po starcie<br \/>\n\u2013 czas trwania lotu\/zegar<br \/>\n\u2013 pr\u0119dko\u015b\u0107 lotu<br \/>\n\u2013 kierunek lotu<br \/>\n\u2013 kilka ekran\u00f3w z\u00a0mo\u017cliwo\u015bci\u0105 ustawienia miejsca przekazywanych informacji i ustawienia widget-\u00f3w<br \/>\n\u2013 po\u0142\u0105czenie Bluetooth i kompatybilno\u015b\u0107 ze wszystkimi aplikacjami XC pracuj\u0105cymi z\u00a0otwartym protoko\u0142em (DigiFly, LK8EX1, BlueFly)<br \/>\n\u2013 zapis trasy (IGC, KML s\u0105 wa\u017cne)<br \/>\n\u2013 rzep Velcro w pakiecie<\/p>\n[\/vc_column_text][\/vc_column][\/vc_row][mk_page_section bg_color=&#8221;#272727&#8243; bg_position=&#8221;center center&#8221; video_loop=&#8221;false&#8221; js_vertical_centered=&#8221;true&#8221; padding_top=&#8221;100&#8243; padding_bottom=&#8221;80&#8243; top_shape_color=&#8221;#ffffff&#8221; bottom_shape_color=&#8221;#ffffff&#8221; el_class=&#8221;sc-dark&#8221; sidebar=&#8221;sidebar-1&#8243;][vc_column width=&#8221;1\/2&#8243;][vc_single_image image=&#8221;13930&#8243; img_size=&#8221;full&#8221; alignment=&#8221;center&#8221; style=&#8221;vc_box_rounded&#8221;][\/vc_column][vc_column width=&#8221;1\/2&#8243;][vc_column_text]\n<h1>Wykorzystane technologie:<\/h1>\n[\/vc_column_text][vc_column_text]\u2013 pod\u015bwietlany wy\u015bwietlacz LCD<br \/>\n\u2013 czujnik ci\u015bnienia<br \/>\n\u2013 odbiornik GPS<br \/>\n\u2013 Bluetooth<br \/>\n\u2013 slot karty SD do zapisu trasy<br \/>\n\u2013 kompas cyfrowy<br \/>\n\u2013 akcelerometr<br \/>\n\u2013 \u017cyroskop, termometr i czujnik wilgotno\u015bci<\/p>\n<p>Latanie z\u00a0tak ma\u0142ym i sprytnym urz\u0105dzeniem to czysta przyjemno\u015b\u0107. Natychmiastow\u0105 reakcj\u0119 na wlot w noszenie lub zmian\u0119 kierunku lotu zapewniaj\u0105 jako\u015bciowe czujniki i zastosowane oprogramowanie.[\/vc_column_text][\/vc_column][\/mk_page_section][vc_row css=&#8221;.vc_custom_1480599593320{padding-top: 80px !important;background-color: #ffffff !important;}&#8221;][vc_column][vc_column_text]\n<h1 style=\"text-align: center\">Przemy\u015blane rozwi\u0105zanie<\/h1>\n<h4 style=\"text-align: center\">Twoich wypraw i podr\u00f3\u017cy<\/h4>\n<p style=\"text-align: center\">330 gram\u00f3w wa\u017cy kolektor s\u0142oneczny, kt\u00f3ry w prosty spos\u00f3b umo\u017cliwia do\u0142adowanie SKY DROP Ultrino w ci\u0105gu lotu i prawie gdziekolwiek. Mo\u017ce te\u017c by\u0107 \u017ar\u00f3d\u0142em energii dla telefonu kom\u00f3rkowego czy innego urz\u0105dzenia, kt\u00f3re mo\u017cna do\u0142adowa\u0107 portem USB.<\/p>\n[\/vc_column_text][vc_single_image image=&#8221;13931&#8243; img_size=&#8221;full&#8221; alignment=&#8221;center&#8221; style=&#8221;vc_box_rounded&#8221;][vc_column_text]\n<h4 style=\"text-align: center\">Czas pracy baterii SKY DROP Ultrino:<\/h4>\n<p style=\"text-align: center\">&#8211; samodzielny tryb audio \u2013 13 godzin<\/p>\n<p style=\"text-align: center\">&#8211; tryb audio + zapis wysoko\u015bci bez GPS \u2013 12 godzin<\/p>\n<p style=\"text-align: center\">&#8211; tryb audio + Bluetooth \u2013 10 godzin<\/p>\n<p style=\"text-align: center\">&#8211; tryb audio + zapis GPS \u2013 9 godzin<\/p>\n<p style=\"text-align: center\">&#8211; tryb audio + zapis GPS + Bluetooth \u2013 7,5 godziny<\/p>\n[\/vc_column_text][\/vc_column][\/vc_row][vc_row css=&#8221;.vc_custom_1480600602706{padding-bottom: 70px !important;}&#8221;][vc_column][vc_separator el_width=&#8221;80&#8243; el_class=&#8221;basic-separator&#8221; css=&#8221;.vc_custom_1480672026110{padding-top: 70px !important;}&#8221;][\/vc_column][\/vc_row][vc_row css=&#8221;.vc_custom_1480600700944{padding-bottom: 40px !important;}&#8221;][vc_column width=&#8221;1\/2&#8243;][vc_column_text disable_pattern=&#8221;false&#8221; align=&#8221;right&#8221;]\n<h1 style=\"text-align: right\">Ultralekkie<\/h1>\n<h4 style=\"text-align: right\">vario i GPS<\/h4>\n[\/vc_column_text][vc_column_text disable_pattern=&#8221;false&#8221; align=&#8221;right&#8221;]\n<p style=\"text-align: right\">Nie tylko do podr\u00f3\u017cy Hike&amp;Fly&#8230;<\/p>\n<p style=\"text-align: right\"><strong>Rozmiary:<\/strong>\u00a062 x 98 x 22 mm<\/p>\n<p style=\"text-align: right\"><strong>Waga:<\/strong>\u00a068g (ekstremalnie lekkie \u2013 idealne do Hike&amp;Fly)<\/p>\n<p style=\"text-align: right\"><strong>Rodzaj baterii:<\/strong>\u00a0li-ion single cell (\u0142adowana portem\u00a0USB)<\/p>\n[\/vc_column_text][\/vc_column][vc_column width=&#8221;1\/2&#8243;][vc_single_image image=&#8221;13929&#8243; img_size=&#8221;full&#8221; style=&#8221;vc_box_rounded&#8221; css=&#8221;.vc_custom_1480671642847{padding-left: 60px !important;}&#8221;][\/vc_column][\/vc_row][vc_row fullwidth=&#8221;true&#8221; fullwidth_content=&#8221;false&#8221; css=&#8221;.vc_custom_1480600686473{padding-top: 20px !important;padding-bottom: 40px !important;background-color: #e7e7e7 !important;}&#8221;][vc_column width=&#8221;1\/2&#8243; css=&#8221;.vc_custom_1480600735153{padding-top: 70px !important;}&#8221;][vc_single_image image=&#8221;13926&#8243; img_size=&#8221;full&#8221; alignment=&#8221;center&#8221; style=&#8221;vc_box_rounded&#8221;][\/vc_column][vc_column width=&#8221;1\/2&#8243; css=&#8221;.vc_custom_1480536234777{padding-top: 60px !important;padding-bottom: 60px !important;}&#8221;][vc_column_text]\n<h1>Wspania\u0142y s\u0142uga<\/h1>\n<h4>ka\u017cdego tandem pilota<\/h4>\n<p>Na ramieniu pasa\u017cera SKY DROP Ultrino jest wspania\u0142ym pomocnikiem podczas przelot\u00f3w XC, nie tylko dzi\u0119ki GPS.<\/p>\n<p style=\"text-align: left\">Prosta obs\u0142uga, nieustannie aktualna warto\u015b\u0107 pr\u0119dko\u015bci post\u0119powej, doliczana doskona\u0142o\u015b\u0107 i dok\u0142adny kierunek lotu \u2013 to informacje, kt\u00f3re pozwalaj\u0105 lepiej obra\u0107 taktyk\u0119 lotu.<\/p>\n[\/vc_column_text][\/vc_column][\/vc_row][mk_page_section bg_color=&#8221;#f4f4f4&#8243; bg_stretch=&#8221;true&#8221; video_loop=&#8221;false&#8221; padding_top=&#8221;100&#8243; padding_bottom=&#8221;100&#8243; el_class=&#8221;section-gray&#8221; sidebar=&#8221;sidebar-1&#8243;][vc_column width=&#8221;1\/2&#8243;][vc_column_text]\n<h2>Przejd\u017a do zam\u00f3wienia:<\/h2>\n[\/vc_column_text][\/vc_column][vc_column width=&#8221;1\/2&#8243;]<p class=\"product woocommerce add_to_cart_inline \" style=\"border:4px solid #ccc; padding: 12px;\"><span class=\"woocommerce-Price-amount amount\">6 190&nbsp;<span class=\"woocommerce-Price-currencySymbol\">&#75;&#269;<\/span><\/span><a rel=\"nofollow\" href=\"\/pl\/wp-json\/wp\/v2\/pages\/14548?add-to-cart=49448\" data-quantity=\"1\" data-product_id=\"49448\" data-product_sku=\"\" class=\"product_loop_button product_type_simple add_to_cart_button ajax_add_to_cart\" data-product_id=\"49448\" data-product_sku=\"\" aria-label=\"Add &ldquo;SKY DROP pl&rdquo; to your cart\" rel=\"nofollow\"><svg  class=\"mk-svg-icon\" data-name=\"mk-moon-cart-plus\" data-cacheid=\"icon-69ea5fcc43354\" style=\" height:16px; width: 16px; \"  xmlns=\"http:\/\/www.w3.org\/2000\/svg\" viewBox=\"0 0 512 512\"><path d=\"M416 96h-272c-16.138 0-29.751 12.018-31.753 28.031l-28.496 227.969h-51.751c-17.673 0-32 14.327-32 32s14.327 32 32 32h80c16.138 0 29.751-12.017 31.753-28.031l28.496-227.969h219.613l57.369 200.791c4.854 16.993 22.567 26.832 39.56 21.978 16.993-4.855 26.833-22.567 21.978-39.56l-64-224c-3.925-13.737-16.482-23.209-30.769-23.209zm-288-80a48 48 2700 1 0 96 0 48 48 2700 1 0-96 0zm192 0a48 48 2700 1 0 96 0 48 48 2700 1 0-96 0zm64 240h-64v-64h-64v64h-64v64h64v64h64v-64h64z\" transform=\"scale(1 -1) translate(0 -480)\"\/><\/svg><span class=\"product_loop_button_text\">Add to cart<\/a><\/p>[\/vc_column][\/mk_page_section][mk_page_section bg_color=&#8221;#272727&#8243; bg_position=&#8221;center center&#8221; video_loop=&#8221;false&#8221; js_vertical_centered=&#8221;true&#8221; padding_top=&#8221;80&#8243; padding_bottom=&#8221;80&#8243; el_class=&#8221;sc-dark&#8221; sidebar=&#8221;sidebar-1&#8243;][vc_column][vc_column_text disable_pattern=&#8221;false&#8221; align=&#8221;center&#8221;]\n<div class=\"clr\" style=\"text-align: center\"><span style=\"font-size: 24pt\">Kupuj w\u00a0<span style=\"font-size: 40pt\">CENACH ABSOLWENCKICH<\/span><\/span><\/div>\n[\/vc_column_text][mk_padding_divider size=&#8221;20&#8243;][vc_column_text disable_pattern=&#8221;false&#8221; align=&#8221;center&#8221;]\n<p style=\"text-align: center\">Wszyscy absolwenci naszych program\u00f3w treningowych posiadaj\u0105<\/p>\n<h2 style=\"text-align: center\">zni\u017ck\u0119 10%.<\/h2>\n<p style=\"text-align: center\">Wszystkie informacje uzyskasz w naszym biurze, pod nr. +420\u00a0777\u00a0311 661<\/p>\n[\/vc_column_text][\/vc_column][\/mk_page_section]\n<\/div>","protected":false},"excerpt":{"rendered":"<p>[mk_page_section video_loop=&#8221;false&#8221; min_height=&#8221;0&#8243; js_vertical_centered=&#8221;true&#8221; padding_top=&#8221;20&#8243; padding_bottom=&#8221;50&#8243; top_shape_color=&#8221;#ffffff&#8221; bottom_shape_color=&#8221;#ffffff&#8221; sidebar=&#8221;sidebar-1&#8243;][vc_column][vc_row_inner][vc_column_inner][vc_single_image image=&#8221;13928&#8243; img_size=&#8221;full&#8221; alignment=&#8221;center&#8221; style=&#8221;vc_box_rounded&#8221; css=&#8221;.vc_custom_1480671307945{padding-right: 0px !important;padding-left: 50px !important;}&#8221;][vc_column_text align=&#8221;right&#8221;] Efektowny pomocnik pilot\u00f3w XC, kt\u00f3rzy doceniaj\u0105 dok\u0142adne pomiary, prost\u0105 obs\u0142ug\u0119 i ultralekkie wykonanie przyrz\u0105d\u00f3w lotniczych. To wszystko i jeszcze wi\u0119cej, to SKY DROP Ultrino \u2013 dzie\u0142o naszych absolwent\u00f3w Martina Da\u0159\u00ed\u010dka i Fera Hor\u00ednka. [\/vc_column_text][mk_padding_divider][\/vc_column_inner][\/vc_row_inner][\/vc_column][\/mk_page_section][vc_row][vc_column][vc_separator el_width=&#8221;80&#8243; el_class=&#8221;basic-separator&#8221;][\/vc_column][\/vc_row][vc_row [&hellip;]<\/p>\n","protected":false},"author":7,"featured_media":0,"parent":27964,"menu_order":0,"comment_status":"closed","ping_status":"closed","template":"","meta":{"_tribe_blocks_recurrence_rules":"","_tribe_blocks_recurrence_exclusions":"","_tribe_blocks_recurrence_description":"","footnotes":""},"class_list":["post-14548","page","type-page","status-publish","hentry"],"yoast_head":"<!-- This site is optimized with the Yoast SEO plugin v27.0 - https:\/\/yoast.com\/product\/yoast-seo-wordpress\/ -->\n<title>SKY DROP Ultrino &#8212; El Speedo<\/title>\n<meta name=\"description\" content=\"Efektowny pomocnik pilot\u00f3w XC, kt\u00f3rzy doceniaj\u0105 dok\u0142adne pomiary, prost\u0105 obs\u0142ug\u0119 i ultralekkie wykonanie przyrz\u0105d\u00f3w lotniczych. Dzie\u0142o naszych absolwent\u00f3w.\" \/>\n<meta name=\"robots\" content=\"index, follow, max-snippet:-1, max-image-preview:large, max-video-preview:-1\" \/>\n<link rel=\"canonical\" href=\"https:\/\/elspeedo.cz\/vybaveni\/pristroje\/skydrop\/\" \/>\n<meta property=\"og:locale\" content=\"pl_PL\" \/>\n<meta property=\"og:type\" content=\"article\" \/>\n<meta property=\"og:title\" content=\"SKY DROP Ultrino &#8212; El Speedo\" \/>\n<meta property=\"og:description\" content=\"Efektowny pomocnik pilot\u00f3w XC, kt\u00f3rzy doceniaj\u0105 dok\u0142adne pomiary, prost\u0105 obs\u0142ug\u0119 i ultralekkie wykonanie przyrz\u0105d\u00f3w lotniczych. Dzie\u0142o naszych absolwent\u00f3w.\" \/>\n<meta property=\"og:url\" content=\"https:\/\/elspeedo.cz\/vybaveni\/pristroje\/skydrop\/\" \/>\n<meta property=\"og:site_name\" content=\"El Speedo\" \/>\n<meta property=\"article:publisher\" content=\"http:\/\/www.facebook.com\/paragliding.elspeedo.cz\/?fref=ts\" \/>\n<meta property=\"article:modified_time\" content=\"2020-03-17T09:46:54+00:00\" \/>\n<meta name=\"twitter:card\" content=\"summary_large_image\" \/>\n<meta name=\"twitter:label1\" content=\"Szacowany czas czytania\" \/>\n\t<meta name=\"twitter:data1\" content=\"5 minut\" \/>\n<script type=\"application\/ld+json\" class=\"yoast-schema-graph\">{\"@context\":\"https:\/\/schema.org\",\"@graph\":[{\"@type\":\"WebPage\",\"@id\":\"https:\/\/elspeedo.cz\/vybaveni\/pristroje\/skydrop\/\",\"url\":\"https:\/\/elspeedo.cz\/vybaveni\/pristroje\/skydrop\/\",\"name\":\"SKY DROP Ultrino &#8212; El Speedo\",\"isPartOf\":{\"@id\":\"https:\/\/elspeedo.cz\/#website\"},\"datePublished\":\"2016-12-02T09:47:30+00:00\",\"dateModified\":\"2020-03-17T09:46:54+00:00\",\"description\":\"Efektowny pomocnik pilot\u00f3w XC, kt\u00f3rzy doceniaj\u0105 dok\u0142adne pomiary, prost\u0105 obs\u0142ug\u0119 i ultralekkie wykonanie przyrz\u0105d\u00f3w lotniczych. Dzie\u0142o naszych absolwent\u00f3w.\",\"breadcrumb\":{\"@id\":\"https:\/\/elspeedo.cz\/vybaveni\/pristroje\/skydrop\/#breadcrumb\"},\"inLanguage\":\"pl-PL\",\"potentialAction\":[{\"@type\":\"ReadAction\",\"target\":[\"https:\/\/elspeedo.cz\/vybaveni\/pristroje\/skydrop\/\"]}]},{\"@type\":\"BreadcrumbList\",\"@id\":\"https:\/\/elspeedo.cz\/vybaveni\/pristroje\/skydrop\/#breadcrumb\",\"itemListElement\":[{\"@type\":\"ListItem\",\"position\":1,\"name\":\"Dom\u016f\",\"item\":\"https:\/\/elspeedo.cz\/pl\/\"},{\"@type\":\"ListItem\",\"position\":2,\"name\":\"Sprz\u0119t\",\"item\":\"https:\/\/elspeedo.cz\/pl\/sprzet-2\/\"},{\"@type\":\"ListItem\",\"position\":3,\"name\":\"Elektronika El Speedo lekka, dok\u0142adna i niezawodna\",\"item\":\"https:\/\/elspeedo.cz\/vybaveni\/pristroje\/\"},{\"@type\":\"ListItem\",\"position\":4,\"name\":\"SKY DROP Ultrino\"}]},{\"@type\":\"WebSite\",\"@id\":\"https:\/\/elspeedo.cz\/#website\",\"url\":\"https:\/\/elspeedo.cz\/\",\"name\":\"El Speedo\",\"description\":\"Paragliding - kurzy, vybaven\u00ed, v\u00fdlety, komunita\",\"potentialAction\":[{\"@type\":\"SearchAction\",\"target\":{\"@type\":\"EntryPoint\",\"urlTemplate\":\"https:\/\/elspeedo.cz\/?s={search_term_string}\"},\"query-input\":{\"@type\":\"PropertyValueSpecification\",\"valueRequired\":true,\"valueName\":\"search_term_string\"}}],\"inLanguage\":\"pl-PL\"}]}<\/script>\n<!-- \/ Yoast SEO plugin. -->","yoast_head_json":{"title":"SKY DROP Ultrino &#8212; El Speedo","description":"Efektowny pomocnik pilot\u00f3w XC, kt\u00f3rzy doceniaj\u0105 dok\u0142adne pomiary, prost\u0105 obs\u0142ug\u0119 i ultralekkie wykonanie przyrz\u0105d\u00f3w lotniczych. Dzie\u0142o naszych absolwent\u00f3w.","robots":{"index":"index","follow":"follow","max-snippet":"max-snippet:-1","max-image-preview":"max-image-preview:large","max-video-preview":"max-video-preview:-1"},"canonical":"https:\/\/elspeedo.cz\/vybaveni\/pristroje\/skydrop\/","og_locale":"pl_PL","og_type":"article","og_title":"SKY DROP Ultrino &#8212; El Speedo","og_description":"Efektowny pomocnik pilot\u00f3w XC, kt\u00f3rzy doceniaj\u0105 dok\u0142adne pomiary, prost\u0105 obs\u0142ug\u0119 i ultralekkie wykonanie przyrz\u0105d\u00f3w lotniczych. Dzie\u0142o naszych absolwent\u00f3w.","og_url":"https:\/\/elspeedo.cz\/vybaveni\/pristroje\/skydrop\/","og_site_name":"El Speedo","article_publisher":"http:\/\/www.facebook.com\/paragliding.elspeedo.cz\/?fref=ts","article_modified_time":"2020-03-17T09:46:54+00:00","twitter_card":"summary_large_image","twitter_misc":{"Szacowany czas czytania":"5 minut"},"schema":{"@context":"https:\/\/schema.org","@graph":[{"@type":"WebPage","@id":"https:\/\/elspeedo.cz\/vybaveni\/pristroje\/skydrop\/","url":"https:\/\/elspeedo.cz\/vybaveni\/pristroje\/skydrop\/","name":"SKY DROP Ultrino &#8212; El Speedo","isPartOf":{"@id":"https:\/\/elspeedo.cz\/#website"},"datePublished":"2016-12-02T09:47:30+00:00","dateModified":"2020-03-17T09:46:54+00:00","description":"Efektowny pomocnik pilot\u00f3w XC, kt\u00f3rzy doceniaj\u0105 dok\u0142adne pomiary, prost\u0105 obs\u0142ug\u0119 i ultralekkie wykonanie przyrz\u0105d\u00f3w lotniczych. Dzie\u0142o naszych absolwent\u00f3w.","breadcrumb":{"@id":"https:\/\/elspeedo.cz\/vybaveni\/pristroje\/skydrop\/#breadcrumb"},"inLanguage":"pl-PL","potentialAction":[{"@type":"ReadAction","target":["https:\/\/elspeedo.cz\/vybaveni\/pristroje\/skydrop\/"]}]},{"@type":"BreadcrumbList","@id":"https:\/\/elspeedo.cz\/vybaveni\/pristroje\/skydrop\/#breadcrumb","itemListElement":[{"@type":"ListItem","position":1,"name":"Dom\u016f","item":"https:\/\/elspeedo.cz\/pl\/"},{"@type":"ListItem","position":2,"name":"Sprz\u0119t","item":"https:\/\/elspeedo.cz\/pl\/sprzet-2\/"},{"@type":"ListItem","position":3,"name":"Elektronika El Speedo lekka, dok\u0142adna i niezawodna","item":"https:\/\/elspeedo.cz\/vybaveni\/pristroje\/"},{"@type":"ListItem","position":4,"name":"SKY DROP Ultrino"}]},{"@type":"WebSite","@id":"https:\/\/elspeedo.cz\/#website","url":"https:\/\/elspeedo.cz\/","name":"El Speedo","description":"Paragliding - kurzy, vybaven\u00ed, v\u00fdlety, komunita","potentialAction":[{"@type":"SearchAction","target":{"@type":"EntryPoint","urlTemplate":"https:\/\/elspeedo.cz\/?s={search_term_string}"},"query-input":{"@type":"PropertyValueSpecification","valueRequired":true,"valueName":"search_term_string"}}],"inLanguage":"pl-PL"}]}},"_links":{"self":[{"href":"https:\/\/elspeedo.cz\/pl\/wp-json\/wp\/v2\/pages\/14548","targetHints":{"allow":["GET"]}}],"collection":[{"href":"https:\/\/elspeedo.cz\/pl\/wp-json\/wp\/v2\/pages"}],"about":[{"href":"https:\/\/elspeedo.cz\/pl\/wp-json\/wp\/v2\/types\/page"}],"author":[{"embeddable":true,"href":"https:\/\/elspeedo.cz\/pl\/wp-json\/wp\/v2\/users\/7"}],"replies":[{"embeddable":true,"href":"https:\/\/elspeedo.cz\/pl\/wp-json\/wp\/v2\/comments?post=14548"}],"version-history":[{"count":0,"href":"https:\/\/elspeedo.cz\/pl\/wp-json\/wp\/v2\/pages\/14548\/revisions"}],"up":[{"embeddable":true,"href":"https:\/\/elspeedo.cz\/pl\/wp-json\/wp\/v2\/pages\/27964"}],"wp:attachment":[{"href":"https:\/\/elspeedo.cz\/pl\/wp-json\/wp\/v2\/media?parent=14548"}],"curies":[{"name":"wp","href":"https:\/\/api.w.org\/{rel}","templated":true}]}}