{"id":14560,"date":"2016-12-06T12:28:05","date_gmt":"2016-12-06T11:28:05","guid":{"rendered":"https:\/\/elspeedo.cz\/termicky_let\/?lang=pl"},"modified":"2021-12-01T14:15:35","modified_gmt":"2021-12-01T13:15:35","slug":"lot-termiczny","status":"publish","type":"page","link":"https:\/\/elspeedo.cz\/pl\/tandemy\/lot-termiczny\/","title":{"rendered":"Lot termiczny"},"content":{"rendered":"<div class=\"wpb-content-wrapper\">[mk_page_section bg_color=&#8221;#f4f4f4&#8243; video_loop=&#8221;false&#8221; padding_top=&#8221;40&#8243; padding_bottom=&#8221;40&#8243; sidebar=&#8221;sidebar-1&#8243;][vc_column width=&#8221;1\/2&#8243;][vc_column_text align=&#8221;center&#8221;]\n<h2>Dzi\u0119ki termice wysoko ponad g\u00f3ry<\/h2>\n<div>\n<p>Te widoki po prostu nigdy si\u0119 nie znudz\u0105. Latanie wysoko nad ziemi\u0105 jest czym\u015b wzbudzaj\u0105cym respekt a zarazem czym\u015b niesamowicie poci\u0105gaj\u0105cym. Latanie daje uczucie, kt\u00f3re g\u0142\u0119boko i nie zmywalnie zapisuje si\u0119 pami\u0119ci, kt\u00f3re tak cz\u0119sto pojawia si\u0119 w poezji, do kt\u00f3rego odwo\u0142uj\u0105 si\u0119 my\u015bliciele i filozofowie ca\u0142ego \u015bwiata.<\/p>\n<p>Zasmakuj je z\u00a0nami \u2013 jeszcze wy\u017cej, i jeszcze dalej\u2026<\/p>\n<\/div>\n[\/vc_column_text][mk_padding_divider][mk_button_gradient dimension=&#8221;flat&#8221; size=&#8221;large&#8221; corner_style=&#8221;rounded&#8221; grandient_color_from=&#8221;#6087b9&#8243; grandient_color_to=&#8221;#557bab&#8221; grandient_color_fallback=&#8221;#6087b9&#8243; url=&#8221;https:\/\/elspeedo.cz\/pl\/produkt\/lot-tandemowy-konfiguracja\/&#8221; align=&#8221;center&#8221; el_class=&#8221;btn-el-gradient-blue&#8221;]Konfigurator lotu &#8211; od 2600,- CZK[\/mk_button_gradient][\/vc_column][vc_column width=&#8221;1\/2&#8243; css=&#8221;.vc_custom_1493993901527{padding-top: 40px !important;}&#8221;][vc_single_image image=&#8221;13481&#8243; img_size=&#8221;full&#8221; alignment=&#8221;center&#8221; style=&#8221;vc_box_rounded&#8221;][\/vc_column][\/mk_page_section][mk_page_section video_loop=&#8221;false&#8221; padding_top=&#8221;100&#8243; padding_bottom=&#8221;100&#8243; sidebar=&#8221;sidebar-1&#8243;][vc_column][vc_column_text align=&#8221;center&#8221;]\n<h1>Zagraniczne loty tandemowe w cenach jak w Czechach!<\/h1>\n[\/vc_column_text][\/vc_column][vc_column width=&#8221;1\/2&#8243;][vc_single_image image=&#8221;14459&#8243; img_size=&#8221;full&#8221; alignment=&#8221;center&#8221; style=&#8221;vc_box_rounded&#8221; css=&#8221;.vc_custom_1482416205273{padding-top: 40px !important;padding-bottom: 20px !important;}&#8221;][\/vc_column][vc_column width=&#8221;1\/2&#8243;][mk_padding_divider][vc_column_text align=&#8221;center&#8221;]\n<p style=\"text-align: center;\">Niew\u0105tpliwie \u2013 Alpy s\u0105 wy\u017csze, wi\u0119ksze, ostrzejsze i pod wzgl\u0119dem estetyki o wiele ciekawsze.<\/p>\n<div>\n<p style=\"text-align: center;\">W ka\u017cdym razie \u2013 r\u00f3wnie\u017c w Alpach mo\u017cesz z\u00a0nami polata\u0107! Wiosn\u0105 i jesieni\u0105 praktycznie w ka\u017cdym tygodniu wyje\u017cd\u017camy na zagraniczne wycieczki, szkolenia i kursy El Speedo. Sprz\u0119t tandemowy zawsze zabieramy ze sob\u0105.<\/p>\n<\/div>\n[\/vc_column_text][vc_column_text align=&#8221;center&#8221;]\n<p style=\"text-align: center;\">Zadzwo\u0144 do naszego biura i sprawd\u017a, w kt\u00f3rym rejonie Alp akurat jeste\u015bmy, b\u0105d\u017a dok\u0105d si\u0119 wybieramy, ewentualnie kiedy b\u0119dziemy lata\u0107 w okolicy Twego miejsca pobytu.<\/p>\n[\/vc_column_text][\/vc_column][\/mk_page_section][mk_page_section bg_color=&#8221;#f4f4f4&#8243; video_loop=&#8221;false&#8221; padding_top=&#8221;100&#8243; padding_bottom=&#8221;100&#8243; sidebar=&#8221;sidebar-1&#8243;][vc_column][vc_column_text align=&#8221;center&#8221;]\n<h2 style=\"text-align: center;\">Przygotowanie do bezpiecznego startu<\/h2>\n<div>\n<p style=\"text-align: center;\">Pomo\u017cemy Ci ubra\u0107 uprz\u0105\u017c i we w\u0142a\u015bciwy spos\u00f3b ustawimy ta\u015bmy, wypr\u00f3bujemy rozbieg, razem przygotujemy ca\u0142y sprz\u0119t. Pogadamy o tym, jak najlepiej udokumentowa\u0107 nasz lot. Jeszcze raz sprawdzimy ca\u0142y sprz\u0119t, dopniemy si\u0119 do paralotni i zaczekamy na w\u0142a\u015bciwy wiatr.<\/p>\n<p style=\"text-align: center;\">Kr\u00f3tki rozbieg, ostatni dotyk ziemi i lecimy! Nic trudnego\u2026<\/p>\n<\/div>\n[\/vc_column_text][mk_padding_divider][vc_row_inner][vc_column_inner width=&#8221;1\/12&#8243;][\/vc_column_inner][vc_column_inner width=&#8221;1\/6&#8243;][vc_single_image image=&#8221;14445&#8243; img_size=&#8221;full&#8221; alignment=&#8221;center&#8221; style=&#8221;vc_box_rounded&#8221;][\/vc_column_inner][vc_column_inner width=&#8221;1\/6&#8243;][vc_single_image image=&#8221;14444&#8243; img_size=&#8221;full&#8221; alignment=&#8221;center&#8221; style=&#8221;vc_box_rounded&#8221;][\/vc_column_inner][vc_column_inner width=&#8221;1\/6&#8243;][vc_single_image image=&#8221;14443&#8243; img_size=&#8221;full&#8221; alignment=&#8221;center&#8221; style=&#8221;vc_box_rounded&#8221;][\/vc_column_inner][vc_column_inner width=&#8221;1\/6&#8243;][vc_single_image image=&#8221;14442&#8243; img_size=&#8221;full&#8221; alignment=&#8221;center&#8221; style=&#8221;vc_box_rounded&#8221;][\/vc_column_inner][vc_column_inner width=&#8221;1\/6&#8243;][vc_single_image image=&#8221;14441&#8243; img_size=&#8221;full&#8221; alignment=&#8221;center&#8221; style=&#8221;vc_box_rounded&#8221;][\/vc_column_inner][vc_column_inner width=&#8221;1\/12&#8243;][\/vc_column_inner][\/vc_row_inner][mk_padding_divider][vc_column_text align=&#8221;center&#8221;]\n<h2 style=\"text-align: center;\">L\u0105dowanie? Prostsze ni\u017c my\u015blisz\u2026<\/h2>\n<p style=\"text-align: center;\">Pod ka\u017cdym oficjalnym startowiskiem znajduje si\u0119 r\u00f3wnie\u017c oficjalne l\u0105dowisko. Do niego zbli\u017cymy si\u0119 w ko\u0144cowej fazie lotu, wlecimy w stref\u0119 l\u0105dowania i rozpoczniemy przygotowanie do ostatecznego przyziemienia. W tym czasie tylko wyprostujesz nogi przed siebie, aby podczas l\u0105dowania nie usi\u0105\u015b\u0107 na w\u0142asne nogi ale na ochraniacz pod desk\u0105 Twego siedziska. Skrzyd\u0142o powoli opadnie na ziemi\u0119 a Ty mo\u017cesz przywyka\u0107 do staro-nowego uczucia &#8211; bycia nogami na ziemi.<\/p>\n[\/vc_column_text][\/vc_column][\/mk_page_section][vc_row][vc_column][vc_single_image image=&#8221;27468&#8243; img_size=&#8221;full&#8221; alignment=&#8221;center&#8221; style=&#8221;vc_box_rounded&#8221;][\/vc_column][\/vc_row][mk_page_section video_loop=&#8221;false&#8221; padding_top=&#8221;100&#8243; padding_bottom=&#8221;0&#8243; sidebar=&#8221;sidebar-1&#8243;][vc_column width=&#8221;1\/2&#8243;][vc_single_image image=&#8221;14439&#8243; img_size=&#8221;full&#8221; alignment=&#8221;center&#8221; style=&#8221;vc_box_rounded&#8221;][\/vc_column][vc_column width=&#8221;1\/2&#8243;][mk_padding_divider size=&#8221;80&#8243;][vc_column_text]\n<h2>Puszka adrenaliny<\/h2>\n<h4>\u2026pe\u0142na niezapomnianych wra\u017ce\u0144<\/h4>\n<div>\n<p>Odlotowa dawka adrenaliny w metalowym opakowaniu \u2013 mo\u017cliwo\u015b\u0107 zgotowania weso\u0142ej niespodzianki Twoim bliskim. \u201eOzdobne opakowanie\u201c lotu widokowego w formie zamkni\u0119tej konserwy metalowej z\u00a0opisem na etykietce, wewn\u0105trz ukrywa koszulk\u0119 z\u00a0motywem paralotniowym, kupon i instrukcje dotycz\u0105ce lotu.<\/p>\n<p>Z\u00a0wyborem w\u0142asnego lotu termicznego ch\u0119tnie pomo\u017cemy Ci osobi\u015bcie, lub telefonicznie w biurze El Speedo.<\/p>\n<\/div>\n[\/vc_column_text][mk_padding_divider][\/vc_column][\/mk_page_section][mk_page_section video_loop=&#8221;false&#8221; padding_top=&#8221;20&#8243; padding_bottom=&#8221;60&#8243; sidebar=&#8221;sidebar-1&#8243;][vc_column][vc_column_text]\n<h2>Szczeg\u00f3\u0142owy opis Lotu termicznego<\/h2>\n<p><strong>D\u0142ugo\u015b\u0107 lotu:<\/strong><\/p>\n<p>W zale\u017cno\u015bci od warunk\u00f3w pogodowych 20 minut i d\u0142u\u017cej. Od promieniowania s\u0142onecznego i r\u00f3\u017cnicy temperatur w r\u00f3\u017cnych wysoko\u015bciach zale\u017cna jest d\u0142ugo\u015b\u0107 i wysoko\u015b\u0107 lotu. Dlatego polecamy realizacj\u0119 lotu termicznego w okresie od ko\u0144ca marca do ko\u0144ca sierpnia \u2013 w tym czasie warunki do powstawania pr\u0105d\u00f3w wst\u0119puj\u0105cych s\u0105 najwyra\u017aniejsze.\u00a0 \u015arednio latamy 20 minut i osi\u0105gamy wysoko\u015bci ponad 2000 metr\u00f3w. Do odbycia ca\u0142ego lotu, w\u0142\u0105cznie wyjazdu na start i przygotowania do lotu potrzeba mniej-wi\u0119cej od 60 do 90 minut.<\/p>\n<p><strong>Warunki klimatyczne do latania w termice:<\/strong><\/p>\n<p>Termiczne loty tandemowe realizujemy przy s\u0142abym lub \u015brednio silnym wietrze do 8 m\/s, w zale\u017cno\u015bci od specyficznych wymog\u00f3w konkretnego startowiska. Wed\u0142ug Twoich mo\u017cliwo\u015bci czasowych i aktualnego stanu, wybieramy w\u0142a\u015bciwe startowisko, pod wzgl\u0119dem aktualnego kierunku wiatru.<\/p>\n<p><strong>Do Lot\u00f3w termicznych w Beskidach wykoszystujemy startowiska:<\/strong><\/p>\n<ul>\n<li>Jaworowy Wierch \u2013 Javorov\u00fd vrch,<\/li>\n<li>Praszywa \u2013 Pra\u0161iv\u00e1,<\/li>\n<li>Ondrzejnik\u2013Ska\u0142ka \u2013 Ond\u0159ejn\u00edk-Skalka,<\/li>\n<li>Jawornik \u2013 Javorn\u00edk,<\/li>\n<li>\u0141ysa G\u00f3ra \u2013 Lys\u00e1 hora.<\/li>\n<\/ul>\n<p><strong>Do Lot\u00f3w termicznych w Jesionikach wykoszystujemy startowiska:<\/strong><\/p>\n<ul>\n<li>Morawa Dolna \u2013 Doln\u00ed Morava,<\/li>\n<li>Kamieniec \u2013 Kamenec.<\/li>\n<\/ul>\n<p>Wykonanie lotu w Jesionikach niestety nie mo\u017cemy w pe\u0142ni zagwarantowa\u0107 z\u00a0powodu specyficznego klimatu i ma\u0142ej liczby dni z\u00a0pogod\u0105 nadaj\u0105c\u0105 si\u0119 do swobodnego latania bez silnika. Tutaj trzeba liczy\u0107 si\u0119 z\u00a0mo\u017cliwo\u015bci\u0105 przesuni\u0119cia lotu w Beskidy. W razie z\u0142ej pogody, o konieczno\u015bci przesuni\u0119cia lotu w Beskidy b\u0119dziemy informowa\u0107 z\u00a0wyprzedzeniem.<\/p>\n<p><strong>Do Lot\u00f3w termicznych w Karkonoszach wykoszystujemy startowiska:<\/strong><\/p>\n<ul>\n<li>Czarna G\u00f3ra \u2013 \u010cern\u00e1 hora,<\/li>\n<li>Medwiedin \u2013 Medv\u011bd\u00edn,<\/li>\n<li>Koz\u00e1kov.<\/li>\n<\/ul>\n<p><strong>Pasa\u017cer \u2013 wymagania: <\/strong><\/p>\n<ul>\n<li>nie jest wymagany w \u017caden spos\u00f3b podwy\u017cszony poziom kondycji fizycznej,<\/li>\n<li>lot tandemowy mog\u0105 absolwowa\u0107 doro\u015bli i dzieci, decyduj\u0105ca jest waga w zakresie od 5 do 115 kg,<\/li>\n<li>polecamy za\u0142o\u017cenie mocniejszych but\u00f3w (chroni\u0105cych kostk\u0119) i ubranie nieprzewiewnej kurtki i spodni. W ci\u0105gu s\u0142onecznych dni wskazane s\u0105 r\u00f3wnie\u017c okulary przeciws\u0142oneczne.<\/li>\n<\/ul>\n<p><strong>Przebieg lotu:<\/strong><\/p>\n<p>Przed samotnym lotem przebiega kr\u00f3tkie szkolenie w celu przekazania najwa\u017cniejszych informacji dotycz\u0105cych startu, lotu i l\u0105dowania. Potem ubieramy uprz\u0119\u017ce, regulujemy ta\u015bmy, \u017ceby by\u0142o wygodnie i robimy pr\u00f3b\u0119 startu bez skrzyd\u0142a. W razie zainteresowania pilot przekazuje informacje dotycz\u0105ce mechaniki lotu, konstrukcji skrzyd\u0142a, materia\u0142\u00f3w, technologii, itd. Na sam koniec zapinamy kaski i przypinamy si\u0119 do paralotni.<\/p>\n<p>Nast\u0119puje kr\u00f3tki rozbieg w d\u00f3\u0142 wg. instrukcji pilota a potem ju\u017c swobodny lot. W ci\u0105gu lotu pasa\u017cer siedzi w przodzie, przed instruktorem dlatego widok woko\u0142o nie jest w \u017caden spos\u00f3b ograniczony.<\/p>\n<p>L\u0105dowanie jest proste, w wi\u0119kszo\u015bci wypadk\u00f3w chodzi tylko o krok podobny do zej\u015bcia ze stopnia. W ostatecznej fazie po l\u0105dowaniu pakujemy sprz\u0119t.<\/p>\n<p>O ile we\u017amiesz ze sob\u0105 aparat fotograficzny, mo\u017cesz przebieg lotu r\u00f3wnie\u017c w ten spos\u00f3b uwiecznia\u0107. Wa\u017cne jednak jest, aby w pe\u0142ni prze\u017cywa\u0107 uczucie lotu i zbytnio si\u0119 nie zajmowa\u0107 elektronik\u0105. Mo\u017cliwo\u015b\u0107 nagrania ca\u0142ego lotu na kamer\u0119 jest w naszej ofercie.<\/p>\n<p><strong>Publiczno\u015b\u0107:<\/strong><\/p>\n<p>Twoi znajomi, rodzina, przyjaciele mog\u0105 obserwowa\u0107 przygotowanie na starcie i pocz\u0105tek lotu, albo zaczeka\u0107 na l\u0105dowisku i \u015bledzi\u0107 ko\u0144cow\u0105 faz\u0119 lotu. W obu wypadkach mo\u017cna zrobi\u0107 fajne zdj\u0119cia lub nakr\u0119ci\u0107 ciekawe filmiki na kamer\u0119.<\/p>\n<p><strong>Ilo\u015b\u0107 uczestnik\u00f3w:<\/strong><\/p>\n<p>Lot tandemowy umo\u017cliwia zabra\u0107 tylko jednego pasa\u017cera. Po wcze\u015bniejszym uzgodnieniu jednak jeste\u015bmy w stanie wyruszy\u0107 w powietrze z\u00a0kilkoma tandemami r\u00f3wnocze\u015bnie i zabra\u0107 w powietrze ca\u0142\u0105 Twoj\u0105 paczk\u0119.<\/p>\n<p><strong>Jak to zrobi\u0107:<\/strong><\/p>\n<p>Zam\u00f3w sw\u00f3j lot za po\u015brednictwem strony internetowej albo telefonicznie w biurze El Speedo pod numerem +420 777\u00a0311\u00a0661. Dok\u0142adny termin i miejsce swojego lotu uzgodnisz wprost z\u00a0pilotem, kt\u00f3ry p\u00f3\u017aniej do Ciebie zadzwoni. Nie zapomnij wzi\u0105\u0107 ze sob\u0105 kupon.[\/vc_column_text][\/vc_column][\/mk_page_section][mk_page_section bg_color=&#8221;#f4f4f4&#8243; bg_stretch=&#8221;true&#8221; video_loop=&#8221;false&#8221; padding_top=&#8221;100&#8243; padding_bottom=&#8221;100&#8243; el_class=&#8221;section-gray&#8221; sidebar=&#8221;sidebar-1&#8243;][vc_column width=&#8221;1\/2&#8243;][vc_column_text]\n<h2>Wzbij si\u0119 z\u00a0nami w przestworza!<\/h2>\n[\/vc_column_text][\/vc_column][vc_column width=&#8221;1\/2&#8243;][mk_button_gradient dimension=&#8221;flat&#8221; size=&#8221;large&#8221; corner_style=&#8221;rounded&#8221; grandient_color_from=&#8221;#6087b9&#8243; grandient_color_to=&#8221;#557bab&#8221; grandient_color_fallback=&#8221;#6087b9&#8243; url=&#8221;https:\/\/elspeedo.cz\/pl\/produkt\/lot-tandemowy-konfiguracja\/&#8221; align=&#8221;center&#8221; el_class=&#8221;btn-el-gradient-blue&#8221;]Konfigurator lotu &#8211; od 2600,- CZK[\/mk_button_gradient][\/vc_column][\/mk_page_section]\n<\/div>","protected":false},"excerpt":{"rendered":"<p>[mk_page_section bg_color=&#8221;#f4f4f4&#8243; video_loop=&#8221;false&#8221; padding_top=&#8221;40&#8243; padding_bottom=&#8221;40&#8243; sidebar=&#8221;sidebar-1&#8243;][vc_column width=&#8221;1\/2&#8243;][vc_column_text align=&#8221;center&#8221;] Dzi\u0119ki termice wysoko ponad g\u00f3ry Te widoki po prostu nigdy si\u0119 nie znudz\u0105. Latanie wysoko nad ziemi\u0105 jest czym\u015b wzbudzaj\u0105cym respekt a zarazem czym\u015b niesamowicie poci\u0105gaj\u0105cym. Latanie daje uczucie, kt\u00f3re g\u0142\u0119boko i nie zmywalnie zapisuje si\u0119 pami\u0119ci, kt\u00f3re tak cz\u0119sto pojawia si\u0119 w poezji, do kt\u00f3rego odwo\u0142uj\u0105 [&hellip;]<\/p>\n","protected":false},"author":7,"featured_media":0,"parent":15625,"menu_order":1,"comment_status":"closed","ping_status":"closed","template":"","meta":{"_tribe_blocks_recurrence_rules":"","_tribe_blocks_recurrence_exclusions":"","_tribe_blocks_recurrence_description":"","footnotes":""},"class_list":["post-14560","page","type-page","status-publish","hentry"],"yoast_head":"<!-- This site is optimized with the Yoast SEO plugin v27.0 - https:\/\/yoast.com\/product\/yoast-seo-wordpress\/ -->\n<title>Lot termiczny &#8212; El Speedo<\/title>\n<meta name=\"description\" content=\"Te widoki po prostu nigdy si\u0119 nie znudz\u0105. Lot termiczny wysoko nad ziemi\u0105 jest czym\u015b wzbudzaj\u0105cym respekt a zarazem czym\u015b niesamowicie poci\u0105gaj\u0105cym.\" \/>\n<meta name=\"robots\" content=\"index, follow, max-snippet:-1, max-image-preview:large, max-video-preview:-1\" \/>\n<link rel=\"canonical\" href=\"https:\/\/elspeedo.cz\/tandemy\/termicky-let\/\" \/>\n<meta property=\"og:locale\" content=\"pl_PL\" \/>\n<meta property=\"og:type\" content=\"article\" \/>\n<meta property=\"og:title\" content=\"Lot termiczny &#8212; El Speedo\" \/>\n<meta property=\"og:description\" content=\"Te widoki po prostu nigdy si\u0119 nie znudz\u0105. Lot termiczny wysoko nad ziemi\u0105 jest czym\u015b wzbudzaj\u0105cym respekt a zarazem czym\u015b niesamowicie poci\u0105gaj\u0105cym.\" \/>\n<meta property=\"og:url\" content=\"https:\/\/elspeedo.cz\/tandemy\/termicky-let\/\" \/>\n<meta property=\"og:site_name\" content=\"El Speedo\" \/>\n<meta property=\"article:publisher\" content=\"http:\/\/www.facebook.com\/paragliding.elspeedo.cz\/?fref=ts\" \/>\n<meta property=\"article:modified_time\" content=\"2021-12-01T13:15:35+00:00\" \/>\n<meta name=\"twitter:card\" content=\"summary_large_image\" \/>\n<meta name=\"twitter:label1\" content=\"Szacowany czas czytania\" \/>\n\t<meta name=\"twitter:data1\" content=\"8 minut\" \/>\n<script type=\"application\/ld+json\" class=\"yoast-schema-graph\">{\"@context\":\"https:\/\/schema.org\",\"@graph\":[{\"@type\":\"WebPage\",\"@id\":\"https:\/\/elspeedo.cz\/tandemy\/termicky-let\/\",\"url\":\"https:\/\/elspeedo.cz\/tandemy\/termicky-let\/\",\"name\":\"Lot termiczny &#8212; El Speedo\",\"isPartOf\":{\"@id\":\"https:\/\/elspeedo.cz\/#website\"},\"datePublished\":\"2016-12-06T11:28:05+00:00\",\"dateModified\":\"2021-12-01T13:15:35+00:00\",\"description\":\"Te widoki po prostu nigdy si\u0119 nie znudz\u0105. Lot termiczny wysoko nad ziemi\u0105 jest czym\u015b wzbudzaj\u0105cym respekt a zarazem czym\u015b niesamowicie poci\u0105gaj\u0105cym.\",\"breadcrumb\":{\"@id\":\"https:\/\/elspeedo.cz\/tandemy\/termicky-let\/#breadcrumb\"},\"inLanguage\":\"pl-PL\",\"potentialAction\":[{\"@type\":\"ReadAction\",\"target\":[\"https:\/\/elspeedo.cz\/tandemy\/termicky-let\/\"]}]},{\"@type\":\"BreadcrumbList\",\"@id\":\"https:\/\/elspeedo.cz\/tandemy\/termicky-let\/#breadcrumb\",\"itemListElement\":[{\"@type\":\"ListItem\",\"position\":1,\"name\":\"Dom\u016f\",\"item\":\"https:\/\/elspeedo.cz\/pl\/\"},{\"@type\":\"ListItem\",\"position\":2,\"name\":\"Tandemy\",\"item\":\"https:\/\/elspeedo.cz\/tandemy\/\"},{\"@type\":\"ListItem\",\"position\":3,\"name\":\"Lot termiczny\"}]},{\"@type\":\"WebSite\",\"@id\":\"https:\/\/elspeedo.cz\/#website\",\"url\":\"https:\/\/elspeedo.cz\/\",\"name\":\"El Speedo\",\"description\":\"Paragliding - kurzy, vybaven\u00ed, v\u00fdlety, komunita\",\"potentialAction\":[{\"@type\":\"SearchAction\",\"target\":{\"@type\":\"EntryPoint\",\"urlTemplate\":\"https:\/\/elspeedo.cz\/?s={search_term_string}\"},\"query-input\":{\"@type\":\"PropertyValueSpecification\",\"valueRequired\":true,\"valueName\":\"search_term_string\"}}],\"inLanguage\":\"pl-PL\"}]}<\/script>\n<!-- \/ Yoast SEO plugin. -->","yoast_head_json":{"title":"Lot termiczny &#8212; El Speedo","description":"Te widoki po prostu nigdy si\u0119 nie znudz\u0105. Lot termiczny wysoko nad ziemi\u0105 jest czym\u015b wzbudzaj\u0105cym respekt a zarazem czym\u015b niesamowicie poci\u0105gaj\u0105cym.","robots":{"index":"index","follow":"follow","max-snippet":"max-snippet:-1","max-image-preview":"max-image-preview:large","max-video-preview":"max-video-preview:-1"},"canonical":"https:\/\/elspeedo.cz\/tandemy\/termicky-let\/","og_locale":"pl_PL","og_type":"article","og_title":"Lot termiczny &#8212; El Speedo","og_description":"Te widoki po prostu nigdy si\u0119 nie znudz\u0105. Lot termiczny wysoko nad ziemi\u0105 jest czym\u015b wzbudzaj\u0105cym respekt a zarazem czym\u015b niesamowicie poci\u0105gaj\u0105cym.","og_url":"https:\/\/elspeedo.cz\/tandemy\/termicky-let\/","og_site_name":"El Speedo","article_publisher":"http:\/\/www.facebook.com\/paragliding.elspeedo.cz\/?fref=ts","article_modified_time":"2021-12-01T13:15:35+00:00","twitter_card":"summary_large_image","twitter_misc":{"Szacowany czas czytania":"8 minut"},"schema":{"@context":"https:\/\/schema.org","@graph":[{"@type":"WebPage","@id":"https:\/\/elspeedo.cz\/tandemy\/termicky-let\/","url":"https:\/\/elspeedo.cz\/tandemy\/termicky-let\/","name":"Lot termiczny &#8212; El Speedo","isPartOf":{"@id":"https:\/\/elspeedo.cz\/#website"},"datePublished":"2016-12-06T11:28:05+00:00","dateModified":"2021-12-01T13:15:35+00:00","description":"Te widoki po prostu nigdy si\u0119 nie znudz\u0105. Lot termiczny wysoko nad ziemi\u0105 jest czym\u015b wzbudzaj\u0105cym respekt a zarazem czym\u015b niesamowicie poci\u0105gaj\u0105cym.","breadcrumb":{"@id":"https:\/\/elspeedo.cz\/tandemy\/termicky-let\/#breadcrumb"},"inLanguage":"pl-PL","potentialAction":[{"@type":"ReadAction","target":["https:\/\/elspeedo.cz\/tandemy\/termicky-let\/"]}]},{"@type":"BreadcrumbList","@id":"https:\/\/elspeedo.cz\/tandemy\/termicky-let\/#breadcrumb","itemListElement":[{"@type":"ListItem","position":1,"name":"Dom\u016f","item":"https:\/\/elspeedo.cz\/pl\/"},{"@type":"ListItem","position":2,"name":"Tandemy","item":"https:\/\/elspeedo.cz\/tandemy\/"},{"@type":"ListItem","position":3,"name":"Lot termiczny"}]},{"@type":"WebSite","@id":"https:\/\/elspeedo.cz\/#website","url":"https:\/\/elspeedo.cz\/","name":"El Speedo","description":"Paragliding - kurzy, vybaven\u00ed, v\u00fdlety, komunita","potentialAction":[{"@type":"SearchAction","target":{"@type":"EntryPoint","urlTemplate":"https:\/\/elspeedo.cz\/?s={search_term_string}"},"query-input":{"@type":"PropertyValueSpecification","valueRequired":true,"valueName":"search_term_string"}}],"inLanguage":"pl-PL"}]}},"_links":{"self":[{"href":"https:\/\/elspeedo.cz\/pl\/wp-json\/wp\/v2\/pages\/14560","targetHints":{"allow":["GET"]}}],"collection":[{"href":"https:\/\/elspeedo.cz\/pl\/wp-json\/wp\/v2\/pages"}],"about":[{"href":"https:\/\/elspeedo.cz\/pl\/wp-json\/wp\/v2\/types\/page"}],"author":[{"embeddable":true,"href":"https:\/\/elspeedo.cz\/pl\/wp-json\/wp\/v2\/users\/7"}],"replies":[{"embeddable":true,"href":"https:\/\/elspeedo.cz\/pl\/wp-json\/wp\/v2\/comments?post=14560"}],"version-history":[{"count":1,"href":"https:\/\/elspeedo.cz\/pl\/wp-json\/wp\/v2\/pages\/14560\/revisions"}],"predecessor-version":[{"id":175906,"href":"https:\/\/elspeedo.cz\/pl\/wp-json\/wp\/v2\/pages\/14560\/revisions\/175906"}],"up":[{"embeddable":true,"href":"https:\/\/elspeedo.cz\/pl\/wp-json\/wp\/v2\/pages\/15625"}],"wp:attachment":[{"href":"https:\/\/elspeedo.cz\/pl\/wp-json\/wp\/v2\/media?parent=14560"}],"curies":[{"name":"wp","href":"https:\/\/api.w.org\/{rel}","templated":true}]}}