{"id":14562,"date":"2016-12-06T13:51:03","date_gmt":"2016-12-06T12:51:03","guid":{"rendered":"https:\/\/elspeedo.cz\/vyhlidkovy_let\/?lang=pl"},"modified":"2021-12-01T14:12:49","modified_gmt":"2021-12-01T13:12:49","slug":"lot-widokowy","status":"publish","type":"page","link":"https:\/\/elspeedo.cz\/pl\/tandemy\/lot-widokowy\/","title":{"rendered":"Lot widokowy"},"content":{"rendered":"<div class=\"wpb-content-wrapper\">[mk_page_section bg_color=&#8221;#f4f4f4&#8243; video_loop=&#8221;false&#8221; padding_top=&#8221;40&#8243; padding_bottom=&#8221;40&#8243; sidebar=&#8221;sidebar-1&#8243;][vc_column width=&#8221;1\/2&#8243;][vc_column_text align=&#8221;center&#8221;]\n<h2>Zupe\u0142nie inna perspektywa<\/h2>\n<div>\n<p>Wzbi\u0107 si\u0119 w przestworza \u2013 to jest od dawien dawna ukryte ludzkie pragnienie. Dzi\u015b ju\u017c jest to mo\u017cliwe.W ciszy, bez silnika wznosimy si\u0119 w przestrzeni a Ty mo\u017cesz z\u00a0nami.<\/p>\n<p>Chcesz wypr\u00f3bowa\u0107 uczucie lotu? Chcesz w towarzystwie do\u015bwiadczonego instruktora obejrze\u0107 znane krajobrazy inaczej ni\u017c dotychczas? To w\u0142a\u015bnie dla Ciebie idealny jest nasz podstawowy lot widokowy.<\/p>\n<\/div>\n[\/vc_column_text][mk_padding_divider][mk_button_gradient dimension=&#8221;flat&#8221; size=&#8221;large&#8221; corner_style=&#8221;rounded&#8221; grandient_color_from=&#8221;#6087b9&#8243; grandient_color_to=&#8221;#557bab&#8221; grandient_color_fallback=&#8221;#6087b9&#8243; url=&#8221;https:\/\/elspeedo.cz\/pl\/produkt\/lot-tandemowy-konfiguracja\/&#8221; align=&#8221;center&#8221; el_class=&#8221;btn-el-gradient-blue&#8221;]Konfigurator lotu &#8211; od 1900,- CZK[\/mk_button_gradient][\/vc_column][vc_column width=&#8221;1\/2&#8243; css=&#8221;.vc_custom_1493993487631{padding-top: 40px !important;}&#8221;][vc_single_image image=&#8221;27125&#8243; img_size=&#8221;full&#8221; alignment=&#8221;center&#8221; style=&#8221;vc_box_rounded&#8221;][\/vc_column][\/mk_page_section][vc_row][vc_column][mk_padding_divider][\/vc_column][\/vc_row][mk_page_section video_loop=&#8221;false&#8221; padding_top=&#8221;100&#8243; padding_bottom=&#8221;100&#8243; sidebar=&#8221;sidebar-1&#8243;][vc_column][vc_column_text align=&#8221;center&#8221;]\n<h2>Beskidy, Karkonosze albo Jesioniki?<\/h2>\n<div>W Czechach najbardziej popularne s\u0105 Beskidy. W dodatku do dyspozycji mamy tu kilka prywatnych startowisk, na r\u00f3\u017cne kierunki wiatru, w r\u00f3\u017cnych wysoko\u015bciach nad poziomem morza. Dzi\u0119ki temu mo\u017cemy realizowa\u0107 zaawansowane sportowo i estetycznie niezapomniane loty od wiosny a\u017c do jesieni.<\/div>\n<div><\/div>\n<div>Karkonosze i Czeskie \u015aredniog\u00f3rze oferuj\u0105 r\u00f3wnie\u017c wspania\u0142e widoki a zw\u0142aszcza termicznie aktywna Czarna G\u00f3ra jest bardzo popularnym startowiskiem. Je\u015bli Beskidy s\u0105 dla Ciebie za daleko, Czarna G\u00f3ra i Koz\u00e1kov to pierwsze miejsca, na kt\u00f3rych mo\u017cna naprawd\u0119 dobrze polata\u0107.<\/div>\n<div><\/div>\n<div>Jesioniki s\u0105 pi\u0119kne, jednak do swobodnego latania bez silnika raczej nie za bardzo przyjazne. O ile pogoda dopisze, bardzo ch\u0119tnie polecimy razem z Tob\u0105 nad Jesioniki. Niestety \u015bledz\u0105c przez jaki\u015b czas lokalny klimat stwierdzamy, \u017ce nie pozwala nam do odbycia tylu lot\u00f3w, ile by\u015bmy sobie \u017cyczyli. Dlatego wybieraj\u0105c lot w Jesionikach trzeba liczy\u0107 si\u0119 z\u00a0mo\u017cliwo\u015bci\u0105 zmiany miejscowo\u015bci, w zale\u017cno\u015bci od tego, czy Twoje mo\u017cliwo\u015bci czasowe akurat trafi\u0105 w pogod\u0119 nadaj\u0105c\u0105 si\u0119 do latania w Jesionikach.<\/div>\n[\/vc_column_text][\/vc_column][\/mk_page_section][mk_page_section bg_position=&#8221;center top&#8221; bg_stretch=&#8221;true&#8221; min_height=&#8221;450&#8243; full_width=&#8221;true&#8221; js_vertical_centered=&#8221;true&#8221; sidebar=&#8221;sidebar-1&#8243;][vc_column][vc_single_image image=&#8221;33171&#8243; img_size=&#8221;full&#8221; alignment=&#8221;center&#8221; style=&#8221;vc_box_rounded&#8221;][\/vc_column][\/mk_page_section][mk_page_section video_loop=&#8221;false&#8221; padding_top=&#8221;100&#8243; padding_bottom=&#8221;100&#8243; sidebar=&#8221;sidebar-1&#8243;][vc_column][vc_column_text]\n<h2 style=\"text-align: center;\">Przygotowanie do bezpiecznego startu<\/h2>\n<div style=\"text-align: center;\">\n<p>Kr\u00e1tk\u00fd rozb\u011bh, posledn\u00ed kontakt se zem\u00ed a let\u00edme! Nic slo\u017eit\u00e9ho\u2026<\/p>\n<p>&nbsp;<\/p>\n<p>Pomo\u017cemy Ci ubra\u0107 uprz\u0105\u017c i we w\u0142a\u015bciwy spos\u00f3b uregulujemy ta\u015bmy, wypr\u00f3bujemy rozbieg, razem przygotujemy ca\u0142y sprz\u0119t. Pogadamy o tym, jak najlepiej udokumentowa\u0107 nasz lot. Jeszcze raz sprawdzimy ca\u0142y sprz\u0119t, dopniemy si\u0119 do paralotni i zaczekamy na w\u0142a\u015bciwy wiatr.<\/p>\n<p>Kr\u00f3tki rozbieg, ostatni dotyk ziemi i lecimy! Nic trudnego\u2026<\/p>\n<\/div>\n[\/vc_column_text][mk_padding_divider][vc_row_inner][vc_column_inner width=&#8221;1\/12&#8243;][\/vc_column_inner][vc_column_inner width=&#8221;1\/6&#8243;][vc_single_image image=&#8221;14445&#8243; img_size=&#8221;full&#8221; alignment=&#8221;center&#8221; style=&#8221;vc_box_rounded&#8221;][\/vc_column_inner][vc_column_inner width=&#8221;1\/6&#8243;][vc_single_image image=&#8221;14444&#8243; img_size=&#8221;full&#8221; alignment=&#8221;center&#8221; style=&#8221;vc_box_rounded&#8221;][\/vc_column_inner][vc_column_inner width=&#8221;1\/6&#8243;][vc_single_image image=&#8221;14443&#8243; img_size=&#8221;full&#8221; alignment=&#8221;center&#8221; style=&#8221;vc_box_rounded&#8221;][\/vc_column_inner][vc_column_inner width=&#8221;1\/6&#8243;][vc_single_image image=&#8221;14442&#8243; img_size=&#8221;full&#8221; alignment=&#8221;center&#8221; style=&#8221;vc_box_rounded&#8221;][\/vc_column_inner][vc_column_inner width=&#8221;1\/6&#8243;][vc_single_image image=&#8221;14441&#8243; img_size=&#8221;full&#8221; alignment=&#8221;center&#8221; style=&#8221;vc_box_rounded&#8221;][\/vc_column_inner][vc_column_inner width=&#8221;1\/12&#8243;][\/vc_column_inner][\/vc_row_inner][mk_padding_divider][vc_column_text]\n<h1 style=\"text-align: center;\">L\u0105dowanie? Prostsze ni\u017c my\u015blisz\u2026<\/h1>\n<p style=\"text-align: center;\">Pod ka\u017cdym oficjalnym startowiskiem znajduje si\u0119 r\u00f3wnie\u017c oficjalne l\u0105dowisko. Do niego zbli\u017cymy si\u0119 w ko\u0144cowej fazie lotu, wlecimy w stref\u0119 l\u0105dowania i rozpoczniemy przygotowanie do ostatecznego przyziemnienia. W tym czasie tylko wyprostujesz nogi przed siebie, aby podczas l\u0105dowania nie usi\u0105\u015b\u0107 na w\u0142asne nogi ale na ochraniacz pod desk\u0105 Twego siedziska. Skrzyd\u0142o powoli opadnie na ziemi\u0119 a Ty mo\u017cesz przywyka\u0107 do staro-nowego uczucia &#8211; bycia nogami na ziemi.<\/p>\n[\/vc_column_text][\/vc_column][\/mk_page_section][mk_page_section bg_color=&#8221;#272727&#8243; bg_position=&#8221;center center&#8221; video_loop=&#8221;false&#8221; js_vertical_centered=&#8221;true&#8221; padding_top=&#8221;80&#8243; padding_bottom=&#8221;80&#8243; el_class=&#8221;sc-dark&#8221; sidebar=&#8221;sidebar-1&#8243;][vc_column width=&#8221;1\/3&#8243;][vc_single_image image=&#8221;27434&#8243; img_size=&#8221;full&#8221; alignment=&#8221;center&#8221; style=&#8221;vc_box_rounded&#8221; css=&#8221;.vc_custom_1485954678795{padding-right: 50px !important;}&#8221;][\/vc_column][vc_column width=&#8221;2\/3&#8243;][vc_column_text]Do K2 dolecia\u0142em jako pierwszy pilot na paralotni bez motoru. Uda\u0142o si\u0119 to dzi\u0119ki przyja\u017ani, do\u015bwiadczeniu i odpowiedniemu wyposa\u017ceniu.<br \/>\nNasi El Speedo tandem piloci \u2013 to wspaniali ludzie wyznaj\u0105cy te same warto\u015bci i zaprezentuj\u0105 Wam magi\u0119 paralotniarstwa. Dlatego zawsze dok\u0142adnie przygotowujemy si\u0119 do ka\u017cdego dnia z lataniem, do lotu z Tob\u0105, bo to jest Tw\u00f3j pierwszy lot \u2013 niezapomniany.<\/p>\n<p>\u017bycz\u0119 samych pi\u0119knych dni \u2013 w powietrzu i na ziemi\u2026<\/p>\n<p>Dalibor Carbol[\/vc_column_text][\/vc_column][\/mk_page_section][mk_page_section video_loop=&#8221;false&#8221; js_vertical_centered=&#8221;true&#8221; padding_top=&#8221;50&#8243; padding_bottom=&#8221;30&#8243; sidebar=&#8221;sidebar-1&#8243;][vc_column width=&#8221;1\/2&#8243;][mk_padding_divider size=&#8221;80&#8243;][vc_column_text align=&#8221;right&#8221;]\n<h2 style=\"text-align: right;\">Puszka adrenaliny<\/h2>\n<h4 style=\"text-align: right;\">\u2026pe\u0142na niezapomnianych wra\u017ce\u0144<\/h4>\n<div style=\"text-align: left;\">\n<p style=\"text-align: right;\">Odlotowa dawka adrenaliny w metalowym opakowaniu \u2013 mo\u017cliwo\u015b\u0107 zgotowania weso\u0142ej niespodzianki Twoim bliskim. \u201eOzdobne opakowanie\u201c lotu widokowego w formie zamkni\u0119tej konserwy metalowej z\u00a0opisem na etykietce, wewn\u0105trz ukrywa koszulk\u0119 z\u00a0motywem paralotniowym, kupon i instrukcje dotycz\u0105ce lotu.<\/p>\n<p style=\"text-align: right;\">Z\u00a0wyborem w\u0142asnego lotu widokowego ch\u0119tnie pomo\u017cemy Ci osobi\u015bcie, lub telefonicznie w biurze El Speedo.<\/p>\n<\/div>\n[\/vc_column_text][mk_padding_divider][\/vc_column][vc_column width=&#8221;1\/2&#8243;][vc_single_image image=&#8221;14439&#8243; img_size=&#8221;full&#8221; alignment=&#8221;center&#8221; style=&#8221;vc_box_rounded&#8221;][\/vc_column][\/mk_page_section][vc_row][vc_column][mk_padding_divider][vc_media_grid style=&#8221;load-more&#8221; items_per_page=&#8221;18&#8243; element_width=&#8221;2&#8243; btn_style=&#8221;custom&#8221; btn_custom_text=&#8221;#666666&#8243; grid_id=&#8221;vc_gid:1638364318017-b71604da-2f07-5&#8243; include=&#8221;17861,17862,17863,17864,17865,17866,17867,17868,17869,17870,17871,17872,17873,17874,17875,17876,17877,17878,17879,17880,17881,17882,17883,17884,17885,17886,17887,17888,17889&#8243;][\/vc_column][\/vc_row][mk_page_section video_loop=&#8221;false&#8221; padding_top=&#8221;30&#8243; padding_bottom=&#8221;100&#8243; sidebar=&#8221;sidebar-1&#8243;][vc_column][vc_column_text]\n<h2>Szczeg\u00f3\u0142owy opis Lotu widokowego<\/h2>\n<p><strong>D\u0142ugo\u015b\u0107 lotu:<\/strong><\/p>\n<div>\n<div>\n<p>\u015arednio od 6 do 12 minut w zale\u017cno\u015bci od przewy\u017cszenia i warunk\u00f3w meteorologicznych. D\u0142ugo\u015b\u0107 lotu zale\u017cna jest od przewy\u017cszenia, czyli r\u00f3\u017cnicy wysoko\u015bci startowiska i l\u0105dowiska, od si\u0142y i kierunku wiatru i r\u00f3wnie\u017c od mo\u017cliwego powstawania pr\u0105d\u00f3w wznosz\u0105cych. Lot widokowy z\u00a0terenu o przewy\u017cszeniu 500 m trwa \u015brednio 10 minut. O ile wyst\u0105pi\u0105 dobre warunki termiczne i b\u0119dziesz chcia\u0142 wyd\u0142u\u017cy\u0107 sw\u00f3j lot, wystarczy tylko dogada\u0107 si\u0119 z\u00a0pilotem i cieszy\u0107 si\u0119 Lotem termicznym.<\/p>\n<p>Do absolwowania ca\u0142ego lotu, w\u0142\u0105cznie wyjazdu na start i przygotowania do lotu potrzeba mniej wi\u0119cej od 60 do 90 minut.<\/p>\n<\/div>\n<div>\n<p><strong>Do Lot\u00f3w widokowych w Beskidach wykoszystujemy startowiska:<\/strong><\/p>\n<ul>\n<li>Jaworowy Wierch \u2013 Javorov\u00fd vrch,<\/li>\n<li>Praszywa \u2013 Pra\u0161iv\u00e1,<\/li>\n<li>Ondrzejnik\u2013Ska\u0142ka \u2013 Ond\u0159ejn\u00edk-Skalka,<\/li>\n<li>Jawornik \u2013 Javorn\u00edk,<\/li>\n<li>\u0141ysa G\u00f3ra \u2013 Lys\u00e1 hora.<\/li>\n<\/ul>\n<p><strong>Do Lot\u00f3w widokowych w Jesionikach wykoszystujemy startowiska:<\/strong><\/p>\n<ul>\n<li>Morawa Dolna \u2013 Doln\u00ed Morava,<\/li>\n<li>Kamieniec \u2013 Kamenec.<\/li>\n<\/ul>\n<\/div>\n<div>\n<p>Wykonanie lotu w Jesionikach niestety nie mo\u017cemy w pe\u0142ni zagwarantowa\u0107 z\u00a0powodu specyficznego klimatu i ma\u0142ej liczby dni z\u00a0pogod\u0105 nadaj\u0105c\u0105 si\u0119 do swobodnego latania bez silnika. Tutaj trzeba liczy\u0107 si\u0119 z\u00a0mo\u017cliwo\u015bci\u0105 przesuni\u0119cia lotu do Beskid\u00f3w. W razie z\u0142ej pogody o konieczno\u015bci przesuni\u0119cia lotu do Beskid\u00f3w b\u0119dziemy informowa\u0107 z\u00a0wyprzedzeniem.<\/p>\n<\/div>\n<div>\n<p><strong>Do Lot\u00f3w widokowych w Karkonoszach wykoszystujemy startowiska:<\/strong><\/p>\n<ul>\n<li>Czarna G\u00f3ra \u2013 \u010cern\u00e1 hora,<\/li>\n<li>Medwiedin \u2013 Medv\u011bd\u00edn,<\/li>\n<li>Koz\u00e1kov.<\/li>\n<\/ul>\n<p><strong>Zagraniczne loty widokowe latamy najcz\u0119\u015bciej w tych rejonach:<\/strong><\/p>\n<ul>\n<li>Krippenstein (jezioro Hallstatt \u2013 Austria),<\/li>\n<li>Bassano del Grappa (Veneto \u2013 W\u0142ochy),<\/li>\n<li>Lijak (Nov\u00e1 Gorica \u2013 S\u0142owenia),<\/li>\n<li>Kobala, Stol (Tolmin \u2013 S\u0142owenia),<\/li>\n<li>W razie idywidualnej propozycji r\u00f3wnie\u017c w innych miejscowo\u015bciach Alpejskich<\/li>\n<\/ul>\n<\/div>\n<\/div>\n<div>\n<p><strong>Warunki klimatyczne do latania:<\/strong><\/p>\n<p>Ten rodzaj lotu tandemowego oferujemy ca\u0142y rok. Na wi\u0119kszo\u015bci naszych teren\u00f3w jednak latamy od marca do pa\u017adziernika. W reszcie wypadk\u00f3w zale\u017cy od aktualnych mo\u017cliwo\u015bciach ograniczonych ewentualn\u0105 pokryw\u0105 \u015bnie\u017cn\u0105.<\/p>\n<p>Podstawowe loty tandemowe realizujemy przy s\u0142abym lub \u015brednio silnym wietrze do 8 m\/s, w zale\u017cno\u015bci od specyficznych wymog\u00f3w konkretnego startowiska. Wed\u0142ug Twoich mo\u017cliwo\u015bci czasowych i aktualnego stanu, wybieramy w\u0142a\u015bciwe startowisko, pod wzgl\u0119dem aktualnego kierunku wiatru.<\/p>\n<\/div>\n<div><\/div>\n<div><strong>Pasa\u017cer \u2013 wymagania:<\/strong><\/div>\n<div>\n<ul>\n<li>nie jest wymagany w \u017caden spos\u00f3b podwy\u017cszony poziom kondycji fizycznej,<\/li>\n<li>lot tandemowy mog\u0105 absolwowa\u0107 doro\u015bli i dzieci, decyduj\u0105ca jest waga w zakresie od 5 do 115 kg,<\/li>\n<li>polecamy za\u0142o\u017cenie mocniejszych but\u00f3w (chroni\u0105cych kostk\u0119) i ubranie nieprzewiewnej kurtki i spodni. W ci\u0105gu s\u0142onecznych dni wskazane s\u0105 r\u00f3wnie\u017c okulary przeciws\u0142oneczne.<\/li>\n<\/ul>\n<\/div>\n<div>\u00a0<strong>Przebieg lotu:<\/strong><\/div>\n<div>\n<p>Przed samotnym lotem najpierw przebiega kr\u00f3tkie szkolenie w celu przekazania najwa\u017cniejszych informacji dotycz\u0105cych startu, lotu i l\u0105dowania. Potem ubieramy uprz\u0119\u017ce, regulujemy ta\u015bmy, \u017ceby by\u0142o wygodnie i robimy pr\u00f3b\u0119 startu bez skrzyd\u0142a. W razie zainteresowania pilot przekazuje informacje dotycz\u0105ce mechaniki lotu, konstrukcji skrzyd\u0142a, materia\u0142\u00f3w, technologii, itd. Na sam koniec zapinamy kaski i przypinamy si\u0119 do paralotni.<\/p>\n<p>Nast\u0119puje kr\u00f3tki rozbieg w d\u00f3\u0142 wg. instrukcji pilota a potem ju\u017c swobodny lot. W ci\u0105gu lotu pasa\u017cer siedzi w przodzie, przed instruktorem dlatego widok woko\u0142o nie jest w \u017caden spos\u00f3b ograniczony.<\/p>\n<p>Lot trwa od 6 do 12 minut, w zale\u017cno\u015bci od aktualnych warunk\u00f3w meteorologicznych. L\u0105dowanie jest proste, w wi\u0119kszo\u015bci wypadk\u00f3w chodzi tylko o krok podobny do zej\u015bcia ze stopnia. W ostatecznej fazie po l\u0105dowaniu pakujemy sprz\u0119t.<\/p>\n<p>O ile we\u017amiesz ze sob\u0105 aparat fotograficzny, mo\u017cesz przebieg lotu r\u00f3wnie\u017c w ten spos\u00f3b uwieczni\u0107. Jednak fotografowanie polecamy raczej podczas lotu termicznego, podczas kt\u00f3rego jest wi\u0119cej czasu do robienia zdj\u0119\u0107. Przede wszystkim polecamy w pe\u0142ni prze\u017cywa\u0107 uczucie lotu i nie zajmowa\u0107 si\u0119 zbytnio elektronik\u0105. Mo\u017cliwo\u015b\u0107 nagrania ca\u0142ego lotu na kamer\u0119 jest w naszej ofercie.<\/p>\n<\/div>\n<div><\/div>\n<div>\n<p><strong>Publiczno\u015b\u0107:<\/strong><\/p>\n<p>Twoi znajomi, rodzina, przyjaciele mog\u0105 obserwowa\u0107 przygotowanie na starcie i pocz\u0105tek lotu, albo zaczeka\u0107 na l\u0105dowisku i \u015bledzi\u0107 ko\u0144cow\u0105 faz\u0119 lotu. W obu wypadkach mo\u017cna zrobi\u0107 fajne zdj\u0119cia lub nakr\u0119ci\u0107 ciekawe filmiki na kamer\u0119.<\/p>\n<p><strong>\u00a0<\/strong><strong>Ilo\u015b\u0107 uczestnik\u00f3w:<\/strong><\/p>\n<p>Lot tandemowy umo\u017cliwia zabra\u0107 tylko jednego pasa\u017cera. Po wcze\u015bniejszym uzgodnieniu jednak jeste\u015bmy w stanie wyruszy\u0107 w powietrze z\u00a0kilkoma tandemami r\u00f3wnocze\u015bnie i zabra\u0107 w powietrze ca\u0142\u0105 Twoj\u0105 paczk\u0119.<\/p>\n<p><strong>\u00a0<\/strong><strong>Jak to zrobi\u0107:<\/strong><\/p>\n<p>Zam\u00f3w sw\u00f3j lot za po\u015brednictwem strony internetowej albo telefonicznie w biurze El Speedo pod numerem +420 777\u00a0311\u00a0661. Dok\u0142adny termin i miejsce swojego lotu uzgodnisz wprost z\u00a0pilotem, kt\u00f3ry p\u00f3\u017aniej do Ciebie zadzwoni. Nie zapomnij wzi\u0105\u0107 ze sob\u0105 kupon.<\/p>\n<\/div>\n[\/vc_column_text][\/vc_column][\/mk_page_section][mk_page_section bg_color=&#8221;#f4f4f4&#8243; bg_stretch=&#8221;true&#8221; video_loop=&#8221;false&#8221; padding_top=&#8221;100&#8243; padding_bottom=&#8221;100&#8243; el_class=&#8221;section-gray&#8221; sidebar=&#8221;sidebar-1&#8243;][vc_column width=&#8221;1\/2&#8243;][vc_column_text]\n<h2>Wzbij si\u0119 z\u00a0nami w przestworza<\/h2>\n[\/vc_column_text][\/vc_column][vc_column width=&#8221;1\/2&#8243;][mk_button_gradient dimension=&#8221;flat&#8221; size=&#8221;large&#8221; corner_style=&#8221;rounded&#8221; grandient_color_from=&#8221;#6087b9&#8243; grandient_color_to=&#8221;#557bab&#8221; grandient_color_fallback=&#8221;#6087b9&#8243; url=&#8221;https:\/\/elspeedo.cz\/pl\/produkt\/lot-tandemowy-konfiguracja\/&#8221; align=&#8221;center&#8221; el_class=&#8221;btn-el-gradient-blue&#8221;]Konfigurator lotu &#8211; od 1900,- CZK[\/mk_button_gradient][\/vc_column][\/mk_page_section]\n<\/div>","protected":false},"excerpt":{"rendered":"<p>[mk_page_section bg_color=&#8221;#f4f4f4&#8243; video_loop=&#8221;false&#8221; padding_top=&#8221;40&#8243; padding_bottom=&#8221;40&#8243; sidebar=&#8221;sidebar-1&#8243;][vc_column width=&#8221;1\/2&#8243;][vc_column_text align=&#8221;center&#8221;] Zupe\u0142nie inna perspektywa Wzbi\u0107 si\u0119 w przestworza \u2013 to jest od dawien dawna ukryte ludzkie pragnienie. Dzi\u015b ju\u017c jest to mo\u017cliwe.W ciszy, bez silnika wznosimy si\u0119 w przestrzeni a Ty mo\u017cesz z\u00a0nami. Chcesz wypr\u00f3bowa\u0107 uczucie lotu? Chcesz w towarzystwie do\u015bwiadczonego instruktora obejrze\u0107 znane krajobrazy inaczej ni\u017c dotychczas? [&hellip;]<\/p>\n","protected":false},"author":7,"featured_media":0,"parent":15625,"menu_order":1,"comment_status":"closed","ping_status":"closed","template":"","meta":{"_tribe_blocks_recurrence_rules":"","_tribe_blocks_recurrence_exclusions":"","_tribe_blocks_recurrence_description":"","footnotes":""},"class_list":["post-14562","page","type-page","status-publish","hentry"],"yoast_head":"<!-- This site is optimized with the Yoast SEO plugin v27.0 - https:\/\/yoast.com\/product\/yoast-seo-wordpress\/ -->\n<title>Lot widokowy &#8212; El Speedo<\/title>\n<meta name=\"description\" content=\"Lot widokowy z terenu o przewy\u017cszeniu 500 m trwa \u015brednio 10 minut. O ile wyst\u0105pi\u0105 dobre warunki termiczne i b\u0119dziesz chcia\u0142 wyd\u0142u\u017cy\u0107 sw\u00f3j lot, wystarczy...\" \/>\n<meta name=\"robots\" content=\"index, follow, max-snippet:-1, max-image-preview:large, max-video-preview:-1\" \/>\n<link rel=\"canonical\" href=\"https:\/\/elspeedo.cz\/tandemy\/vyhlidkovy-let\/\" \/>\n<meta property=\"og:locale\" content=\"pl_PL\" \/>\n<meta property=\"og:type\" content=\"article\" \/>\n<meta property=\"og:title\" content=\"Lot widokowy &#8212; El Speedo\" \/>\n<meta property=\"og:description\" content=\"Lot widokowy z terenu o przewy\u017cszeniu 500 m trwa \u015brednio 10 minut. O ile wyst\u0105pi\u0105 dobre warunki termiczne i b\u0119dziesz chcia\u0142 wyd\u0142u\u017cy\u0107 sw\u00f3j lot, wystarczy...\" \/>\n<meta property=\"og:url\" content=\"https:\/\/elspeedo.cz\/tandemy\/vyhlidkovy-let\/\" \/>\n<meta property=\"og:site_name\" content=\"El Speedo\" \/>\n<meta property=\"article:publisher\" content=\"http:\/\/www.facebook.com\/paragliding.elspeedo.cz\/?fref=ts\" \/>\n<meta property=\"article:modified_time\" content=\"2021-12-01T13:12:49+00:00\" \/>\n<meta name=\"twitter:card\" content=\"summary_large_image\" \/>\n<meta name=\"twitter:label1\" content=\"Szacowany czas czytania\" \/>\n\t<meta name=\"twitter:data1\" content=\"10 minut\" \/>\n<script type=\"application\/ld+json\" class=\"yoast-schema-graph\">{\"@context\":\"https:\/\/schema.org\",\"@graph\":[{\"@type\":\"WebPage\",\"@id\":\"https:\/\/elspeedo.cz\/tandemy\/vyhlidkovy-let\/\",\"url\":\"https:\/\/elspeedo.cz\/tandemy\/vyhlidkovy-let\/\",\"name\":\"Lot widokowy &#8212; El Speedo\",\"isPartOf\":{\"@id\":\"https:\/\/elspeedo.cz\/#website\"},\"datePublished\":\"2016-12-06T12:51:03+00:00\",\"dateModified\":\"2021-12-01T13:12:49+00:00\",\"description\":\"Lot widokowy z terenu o przewy\u017cszeniu 500 m trwa \u015brednio 10 minut. O ile wyst\u0105pi\u0105 dobre warunki termiczne i b\u0119dziesz chcia\u0142 wyd\u0142u\u017cy\u0107 sw\u00f3j lot, wystarczy...\",\"breadcrumb\":{\"@id\":\"https:\/\/elspeedo.cz\/tandemy\/vyhlidkovy-let\/#breadcrumb\"},\"inLanguage\":\"pl-PL\",\"potentialAction\":[{\"@type\":\"ReadAction\",\"target\":[\"https:\/\/elspeedo.cz\/tandemy\/vyhlidkovy-let\/\"]}]},{\"@type\":\"BreadcrumbList\",\"@id\":\"https:\/\/elspeedo.cz\/tandemy\/vyhlidkovy-let\/#breadcrumb\",\"itemListElement\":[{\"@type\":\"ListItem\",\"position\":1,\"name\":\"Dom\u016f\",\"item\":\"https:\/\/elspeedo.cz\/pl\/\"},{\"@type\":\"ListItem\",\"position\":2,\"name\":\"Tandemy\",\"item\":\"https:\/\/elspeedo.cz\/tandemy\/\"},{\"@type\":\"ListItem\",\"position\":3,\"name\":\"Lot widokowy\"}]},{\"@type\":\"WebSite\",\"@id\":\"https:\/\/elspeedo.cz\/#website\",\"url\":\"https:\/\/elspeedo.cz\/\",\"name\":\"El Speedo\",\"description\":\"Paragliding - kurzy, vybaven\u00ed, v\u00fdlety, komunita\",\"potentialAction\":[{\"@type\":\"SearchAction\",\"target\":{\"@type\":\"EntryPoint\",\"urlTemplate\":\"https:\/\/elspeedo.cz\/?s={search_term_string}\"},\"query-input\":{\"@type\":\"PropertyValueSpecification\",\"valueRequired\":true,\"valueName\":\"search_term_string\"}}],\"inLanguage\":\"pl-PL\"}]}<\/script>\n<!-- \/ Yoast SEO plugin. -->","yoast_head_json":{"title":"Lot widokowy &#8212; El Speedo","description":"Lot widokowy z terenu o przewy\u017cszeniu 500 m trwa \u015brednio 10 minut. O ile wyst\u0105pi\u0105 dobre warunki termiczne i b\u0119dziesz chcia\u0142 wyd\u0142u\u017cy\u0107 sw\u00f3j lot, wystarczy...","robots":{"index":"index","follow":"follow","max-snippet":"max-snippet:-1","max-image-preview":"max-image-preview:large","max-video-preview":"max-video-preview:-1"},"canonical":"https:\/\/elspeedo.cz\/tandemy\/vyhlidkovy-let\/","og_locale":"pl_PL","og_type":"article","og_title":"Lot widokowy &#8212; El Speedo","og_description":"Lot widokowy z terenu o przewy\u017cszeniu 500 m trwa \u015brednio 10 minut. O ile wyst\u0105pi\u0105 dobre warunki termiczne i b\u0119dziesz chcia\u0142 wyd\u0142u\u017cy\u0107 sw\u00f3j lot, wystarczy...","og_url":"https:\/\/elspeedo.cz\/tandemy\/vyhlidkovy-let\/","og_site_name":"El Speedo","article_publisher":"http:\/\/www.facebook.com\/paragliding.elspeedo.cz\/?fref=ts","article_modified_time":"2021-12-01T13:12:49+00:00","twitter_card":"summary_large_image","twitter_misc":{"Szacowany czas czytania":"10 minut"},"schema":{"@context":"https:\/\/schema.org","@graph":[{"@type":"WebPage","@id":"https:\/\/elspeedo.cz\/tandemy\/vyhlidkovy-let\/","url":"https:\/\/elspeedo.cz\/tandemy\/vyhlidkovy-let\/","name":"Lot widokowy &#8212; El Speedo","isPartOf":{"@id":"https:\/\/elspeedo.cz\/#website"},"datePublished":"2016-12-06T12:51:03+00:00","dateModified":"2021-12-01T13:12:49+00:00","description":"Lot widokowy z terenu o przewy\u017cszeniu 500 m trwa \u015brednio 10 minut. O ile wyst\u0105pi\u0105 dobre warunki termiczne i b\u0119dziesz chcia\u0142 wyd\u0142u\u017cy\u0107 sw\u00f3j lot, wystarczy...","breadcrumb":{"@id":"https:\/\/elspeedo.cz\/tandemy\/vyhlidkovy-let\/#breadcrumb"},"inLanguage":"pl-PL","potentialAction":[{"@type":"ReadAction","target":["https:\/\/elspeedo.cz\/tandemy\/vyhlidkovy-let\/"]}]},{"@type":"BreadcrumbList","@id":"https:\/\/elspeedo.cz\/tandemy\/vyhlidkovy-let\/#breadcrumb","itemListElement":[{"@type":"ListItem","position":1,"name":"Dom\u016f","item":"https:\/\/elspeedo.cz\/pl\/"},{"@type":"ListItem","position":2,"name":"Tandemy","item":"https:\/\/elspeedo.cz\/tandemy\/"},{"@type":"ListItem","position":3,"name":"Lot widokowy"}]},{"@type":"WebSite","@id":"https:\/\/elspeedo.cz\/#website","url":"https:\/\/elspeedo.cz\/","name":"El Speedo","description":"Paragliding - kurzy, vybaven\u00ed, v\u00fdlety, komunita","potentialAction":[{"@type":"SearchAction","target":{"@type":"EntryPoint","urlTemplate":"https:\/\/elspeedo.cz\/?s={search_term_string}"},"query-input":{"@type":"PropertyValueSpecification","valueRequired":true,"valueName":"search_term_string"}}],"inLanguage":"pl-PL"}]}},"_links":{"self":[{"href":"https:\/\/elspeedo.cz\/pl\/wp-json\/wp\/v2\/pages\/14562","targetHints":{"allow":["GET"]}}],"collection":[{"href":"https:\/\/elspeedo.cz\/pl\/wp-json\/wp\/v2\/pages"}],"about":[{"href":"https:\/\/elspeedo.cz\/pl\/wp-json\/wp\/v2\/types\/page"}],"author":[{"embeddable":true,"href":"https:\/\/elspeedo.cz\/pl\/wp-json\/wp\/v2\/users\/7"}],"replies":[{"embeddable":true,"href":"https:\/\/elspeedo.cz\/pl\/wp-json\/wp\/v2\/comments?post=14562"}],"version-history":[{"count":2,"href":"https:\/\/elspeedo.cz\/pl\/wp-json\/wp\/v2\/pages\/14562\/revisions"}],"predecessor-version":[{"id":175905,"href":"https:\/\/elspeedo.cz\/pl\/wp-json\/wp\/v2\/pages\/14562\/revisions\/175905"}],"up":[{"embeddable":true,"href":"https:\/\/elspeedo.cz\/pl\/wp-json\/wp\/v2\/pages\/15625"}],"wp:attachment":[{"href":"https:\/\/elspeedo.cz\/pl\/wp-json\/wp\/v2\/media?parent=14562"}],"curies":[{"name":"wp","href":"https:\/\/api.w.org\/{rel}","templated":true}]}}