{"id":14564,"date":"2016-12-06T13:09:21","date_gmt":"2016-12-06T12:09:21","guid":{"rendered":"https:\/\/elspeedo.cz\/akrobacie\/?lang=pl"},"modified":"2021-12-01T14:17:08","modified_gmt":"2021-12-01T13:17:08","slug":"lot-akrobacyjny","status":"publish","type":"page","link":"https:\/\/elspeedo.cz\/pl\/tandemy\/lot-akrobacyjny\/","title":{"rendered":"Lot akrobacyjny"},"content":{"rendered":"<div class=\"wpb-content-wrapper\">[mk_page_section bg_color=&#8221;#f4f4f4&#8243; video_loop=&#8221;false&#8221; padding_top=&#8221;40&#8243; padding_bottom=&#8221;40&#8243; sidebar=&#8221;sidebar-1&#8243;][vc_column width=&#8221;1\/2&#8243; css=&#8221;.vc_custom_1493993993055{padding-top: 40px !important;}&#8221;][vc_single_image image=&#8221;14473&#8243; img_size=&#8221;full&#8221; alignment=&#8221;center&#8221; style=&#8221;vc_box_rounded&#8221;][\/vc_column][vc_column width=&#8221;1\/2&#8243;][vc_column_text]\n<div style=\"text-align: center;\">\n<div>\n<h2 style=\"text-align: center;\">4G na w\u0142asnej sk\u00f3rze!<\/h2>\n<p>Chcesz wypr\u00f3bowa\u0107 jakie przeci\u0105\u017cenie odczuwaj\u0105 kosmonauci podczas lotu na orbit\u0119 Ziemi? Nasz lot akrobacyjny jest jednym z\u00a0tych sposob\u00f3w, dost\u0119pnych zwyk\u0142emu cz\u0142owiekowi, podczas kt\u00f3rego to uczucie poczujesz na w\u0142asnej sk\u00f3rze.<\/p>\n<p>I nie tylko to!<\/p>\n<\/div>\n<div>Akrobacyjny lot tandemowy to intensywne wra\u017cenia lotu termicznego do najwy\u017cszych wysoko\u015bci, wzbogacone o euforyczne prze\u017cycia dynamicznych figur akrobacyjnych generuj\u0105cych stany przeci\u0105\u017cenia i niewa\u017cko\u015bci. Na dodatek w b\u0142yskawicznym tempie.<\/div>\n<\/div>\n[\/vc_column_text][mk_padding_divider][mk_button_gradient dimension=&#8221;flat&#8221; size=&#8221;large&#8221; corner_style=&#8221;rounded&#8221; grandient_color_from=&#8221;#6087b9&#8243; grandient_color_to=&#8221;#557bab&#8221; grandient_color_fallback=&#8221;#6087b9&#8243; url=&#8221;https:\/\/elspeedo.cz\/pl\/produkt\/lot-tandemowy-konfiguracja\/&#8221; align=&#8221;center&#8221; el_class=&#8221;btn-el-gradient-blue&#8221;]Konfigurator lotu &#8211; od 3500,- CZK[\/mk_button_gradient][\/vc_column][\/mk_page_section][mk_page_section video_loop=&#8221;false&#8221; padding_top=&#8221;100&#8243; padding_bottom=&#8221;100&#8243; sidebar=&#8221;sidebar-1&#8243;][vc_column][vc_column_text]\n<h2 style=\"text-align: center;\">Przygotowanie do bezpiecznego startu<\/h2>\n<div style=\"text-align: center;\">\n<p>Pomo\u017cemy Ci ubra\u0107 uprz\u0105\u017c i we w\u0142a\u015bciwy spos\u00f3b wyregulujemy ta\u015bmy, wypr\u00f3bujemy rozbieg, razem przygotujemy ca\u0142y sprz\u0119t. Pogadamy o tym, jak najlepiej udokumentowa\u0107 nasz lot. Jeszcze raz sprawdzimy ca\u0142y sprz\u0119t, dopniemy si\u0119 do paralotni i zaczekamy na w\u0142a\u015bciwy wiatr.<\/p>\n<p>Kr\u00f3tki rozbieg, ostatni dotyk ziemi i lecimy! Nic trudnego\u2026<\/p>\n<\/div>\n[\/vc_column_text][mk_padding_divider][vc_row_inner][vc_column_inner width=&#8221;1\/12&#8243;][\/vc_column_inner][vc_column_inner width=&#8221;1\/6&#8243;][vc_single_image image=&#8221;14445&#8243; img_size=&#8221;full&#8221; alignment=&#8221;center&#8221; style=&#8221;vc_box_rounded&#8221;][\/vc_column_inner][vc_column_inner width=&#8221;1\/6&#8243;][vc_single_image image=&#8221;14444&#8243; img_size=&#8221;full&#8221; alignment=&#8221;center&#8221; style=&#8221;vc_box_rounded&#8221;][\/vc_column_inner][vc_column_inner width=&#8221;1\/6&#8243;][vc_single_image image=&#8221;14443&#8243; img_size=&#8221;full&#8221; alignment=&#8221;center&#8221; style=&#8221;vc_box_rounded&#8221;][\/vc_column_inner][vc_column_inner width=&#8221;1\/6&#8243;][vc_single_image image=&#8221;14442&#8243; img_size=&#8221;full&#8221; alignment=&#8221;center&#8221; style=&#8221;vc_box_rounded&#8221;][\/vc_column_inner][vc_column_inner width=&#8221;1\/6&#8243;][vc_single_image image=&#8221;14441&#8243; img_size=&#8221;full&#8221; alignment=&#8221;center&#8221; style=&#8221;vc_box_rounded&#8221;][\/vc_column_inner][vc_column_inner width=&#8221;1\/12&#8243;][\/vc_column_inner][\/vc_row_inner][\/vc_column][\/mk_page_section][mk_page_section bg_color=&#8221;#f4f4f4&#8243; bg_stretch=&#8221;true&#8221; video_loop=&#8221;false&#8221; padding_top=&#8221;100&#8243; padding_bottom=&#8221;100&#8243; el_class=&#8221;section-gray&#8221; sidebar=&#8221;sidebar-1&#8243;][vc_column][vc_column_text]\n<h2 style=\"text-align: center;\">L\u0105dowanie? Prostsze ni\u017c my\u015blisz\u2026<\/h2>\n<p style=\"text-align: center;\">Pod ka\u017cdym oficjalnym startowiskiem znajduje si\u0119 r\u00f3wnie\u017c oficjalne l\u0105dowisko. Do niego zbli\u017cymy si\u0119 w ko\u0144cowej fazie lotu, wlecimy w stref\u0119 l\u0105dowania i rozpoczniemy przygotowanie do ostatecznego przyziemienia. W tym czasie tylko wyprostujesz nogi przed siebie, aby podczas l\u0105dowania nie usi\u0105\u015b\u0107 na w\u0142asne nogi ale na ochraniacz pod desk\u0105 Twego siedziska. Skrzyd\u0142o powoli opadnie na ziemi\u0119 a Ty mo\u017cesz przywyka\u0107 do staro-nowego uczucia &#8211; bycia nogami na ziemi.<\/p>\n[\/vc_column_text][\/vc_column][\/mk_page_section][mk_page_section video_loop=&#8221;false&#8221; padding_top=&#8221;100&#8243; padding_bottom=&#8221;100&#8243; sidebar=&#8221;sidebar-1&#8243;][vc_column width=&#8221;1\/2&#8243;][vc_single_image image=&#8221;14439&#8243; img_size=&#8221;full&#8221; alignment=&#8221;center&#8221; style=&#8221;vc_box_rounded&#8221;][\/vc_column][vc_column width=&#8221;1\/2&#8243;][vc_column_text]\n<h2 style=\"text-align: left;\">Puszka adrenaliny<\/h2>\n<h4 style=\"text-align: left;\">\u2026pe\u0142na niezapomnianych wra\u017ce\u0144<\/h4>\n<div style=\"text-align: left;\">\n<p>Odlotowa dawka adrenaliny w metalowym opakowaniu \u2013 mo\u017cliwo\u015b\u0107 zgotowania weso\u0142ej niespodzianki Twoim bliskim. \u201eOzdobne opakowanie\u201c lotu widokowego w formie zamkni\u0119tej konserwy metalowej z\u00a0opisem na etykietce, wewn\u0105trz ukrywa koszulk\u0119 z\u00a0motywem paralotniowym, kupon i instrukcje dotycz\u0105ce lotu.<\/p>\n<p>Z\u00a0wyborem w\u0142asnego lotu akrobacyjnego ch\u0119tnie pomo\u017cemy Ci osobi\u015bcie, lub telefonicznie w biurze El Speedo.<\/p>\n<\/div>\n<div style=\"text-align: left;\"><\/div>\n[\/vc_column_text][mk_padding_divider][\/vc_column][\/mk_page_section][mk_page_section video_loop=&#8221;false&#8221; padding_top=&#8221;100&#8243; padding_bottom=&#8221;100&#8243; sidebar=&#8221;sidebar-1&#8243;][vc_column][vc_column_text]\n<h2>Szczeg\u00f3\u0142owy opis lotu akrobacyjnego<\/h2>\n<p><strong>Lot akrobacyjny <\/strong>przeznaczony jest dla tych, kt\u00f3rym zwyk\u0142e rzeczy to za ma\u0142o. O ile lubisz <strong>intensywne prze\u017cycia, ekstatyczne stany, szeroki u\u015bmiech<\/strong> po prze\u017cyciu czego\u015b niecodziennego \u2013 nie wahaj si\u0119 i wypr\u00f3buj AKRO! Najpierw dzi\u0119ki termice osi\u0105gniemy potrzebn\u0105 wysoko\u015b\u0107 i polecimy nad l\u0105dowisko. Zapas wysoko\u015bci umo\u017cliwi wykonanie kilku figur. Poczucie r\u00f3wnowagi stracisz zaraz przy rozhu\u015btaniu jak wahad\u0142o wok\u00f3\u0142 skrzyd\u0142a \u2013 wingover. P\u00f3\u017aniej w ostrej spirali z\u00a0opadaniem oko\u0142o 20 m\/s Tw\u00f3j u\u015bmiech znajdzie si\u0119 w pionowej pozycji. A je\u017celi ci\u0105gle b\u0119dzie Ci za ma\u0142o rotacji to w figurze SAT troch\u0119 zmniejszymy opadanie w stosunku do spirali, ale rotacja b\u0119dzie odwrotna \u2013 ty\u0142em\u2026<\/p>\n<p><strong>\u00a0<\/strong><strong>D\u0142ugo\u015b\u0107 lotu:<\/strong> 10 do 15 minut, w zale\u017cno\u015bci od warunk\u00f3w meteorologicznych i wykonywanych figur.<\/p>\n<p><strong>\u00a0<\/strong><strong>Do Lot\u00f3w akrobacyjnych w Beskidach wykoszystujemy startowiska:<\/strong><\/p>\n<ul>\n<li>Jaworowy Wierch \u2013 Javorov\u00fd vrch,<\/li>\n<li>Praszywa \u2013 Pra\u0161iv\u00e1,<\/li>\n<li>Ondrzejnik\u2013Ska\u0142ka \u2013 Ond\u0159ejn\u00edk-Skalka,<\/li>\n<\/ul>\n<p><strong>Zagraniczne loty akrobacyjne latamy najcz\u0119\u015bciej w tych rejonach:<\/strong><\/p>\n<ul>\n<li>Krippenstein (jezioro Hallstatt \u2013 Austria),<\/li>\n<li>Bassano del Grappa (Veneto \u2013 W\u0142ochy),<\/li>\n<li>Lijak (Nov\u00e1 Gorica \u2013 S\u0142owenia),<\/li>\n<li>Kobala, Stol (Tolmin \u2013 S\u0142owenia),<\/li>\n<li>W razie idywidualnej propozycji r\u00f3wnie\u017c w innych miejscowo\u015bciach Alpejskich<\/li>\n<\/ul>\n<p><strong>Warunki klimatyczne do latania:<\/strong><\/p>\n<p>Ten rodzaj lotu tandemowego oferujemy ca\u0142y rok. Na wi\u0119kszo\u015bci naszych teren\u00f3w jednak latamy od marca do pa\u017adziernika. W reszcie przypadk\u00f3w jest zale\u017cny od aktualnych mo\u017cliwo\u015bciach ograniczonych ewentualn\u0105 pokryw\u0105 \u015bnie\u017cn\u0105.<\/p>\n<p>Loty tandemowe realizujemy przy s\u0142abym lub \u015brednio silnym wietrze do 8 m\/s, w zale\u017cno\u015bci od specyficznych wymog\u00f3w konkretnego startowiska. Wed\u0142ug Twoich mo\u017cliwo\u015bci czasowych i aktualnego stanu, wybieramy w\u0142a\u015bciwe startowisko, pod wzgl\u0119dem aktualnego kierunku wiatru.<\/p>\n<p><strong>\u00a0<\/strong><strong>Pasa\u017cer \u2013 wymagania: <\/strong><\/p>\n<ul>\n<li>nie jest wymagany w \u017caden spos\u00f3b podwy\u017cszony poziom kondycji fizycznej,<\/li>\n<li>lot tandemowy mog\u0105 absolwowa\u0107 doro\u015bli i dzieci, decyduj\u0105ca jest waga w zakresie od 5 do 115 kg,<\/li>\n<li>polecamy za\u0142o\u017cenie mocniejszych but\u00f3w (chroni\u0105cych kostk\u0119) i ubranie nieprzewiewnej kurtki i spodni. W ci\u0105gu s\u0142onecznych dni wskazane s\u0105 r\u00f3wnie\u017c okulary przeciws\u0142oneczne.<\/li>\n<\/ul>\n<p><strong>\u00a0<\/strong><strong>Przebieg lotu:<\/strong><\/p>\n<p>Po wcze\u015bniejszym uzgodnieniu spotykamy si\u0119 na starcie, albo na l\u0105dowisku i razem wyje\u017cd\u017camy na start. Przed lotem najpierw przebiega kr\u00f3tkie szkolenie w celu przekazania najwa\u017cniejszych informacji dotycz\u0105cych startu, lotu i l\u0105dowania. Potem ubieramy uprz\u0119\u017ce, regulujemy ta\u015bmy, \u017ceby by\u0142o wygodnie i robimy pr\u00f3b\u0119 startu bez skrzyd\u0142a. W razie zainteresowania pilot przekazuje informacje dotycz\u0105ce mechaniki lotu, konstrukcji skrzyd\u0142a, materia\u0142\u00f3w, technologii, itd. Na sam koniec zapinamy kaski i przypinamy si\u0119 do paralotni.<\/p>\n<p>Nast\u0119puje kr\u00f3tki rozbieg w d\u00f3\u0142 wg. instrukcji pilota a potem ju\u017c samotny lot. W ci\u0105gu lotu pasa\u017cer siedzi w przodzie, przed instruktorem dlatego widok woko\u0142o nie jest w \u017caden spos\u00f3b ograniczony.<\/p>\n<p>Lot trwa od 10 do 15 minut, w zale\u017cno\u015bci od aktualnych warunk\u00f3w meteorologicznych i dynamiki wykonywanych figur. L\u0105dowanie jest proste, w wi\u0119kszo\u015bci wypadk\u00f3w chodzi tylko o krok podobny do zej\u015bcia ze stopnia. W ostatecznej fazie po l\u0105dowaniu pakujemy sprz\u0119t.<\/p>\n<p>O ile we\u017amiesz ze sob\u0105 aparat fotograficzny, mo\u017cesz przebieg lotu r\u00f3wnie\u017c w ten spos\u00f3b uwieczni\u0107. Jednak podczas lotu akrobacyjnego polecamy w pe\u0142ni prze\u017cywa\u0107 ekstremalne stany lotu i nie zajmowa\u0107 si\u0119 elektronik\u0105.<\/p>\n<p><strong>\u00a0<\/strong><strong>Publiczno\u015b\u0107:<\/strong><\/p>\n<p>Twoi znajomi, rodzina, przyjaciele mog\u0105 obserwowa\u0107 przygotowanie na starcie i pocz\u0105tek lotu, albo zaczeka\u0107 na l\u0105dowisku i \u015bledzi\u0107 ko\u0144cow\u0105 faz\u0119 lotu. W obu wypadkach mo\u017cna zrobi\u0107 fajne zdj\u0119cia lub nakr\u0119ci\u0107 ciekawe filmiki na kamer\u0119.<\/p>\n<p><strong>\u00a0<\/strong><strong>Ilo\u015b\u0107 uczestnik\u00f3w:<\/strong><\/p>\n<p>Lot tandemowy umo\u017cliwia zabra\u0107 tylko jednego pasa\u017cera. Po wcze\u015bniejszym uzgodnieniu jednak jeste\u015bmy w stanie wyruszy\u0107 w powietrze z\u00a0kilkoma tandemami r\u00f3wnocze\u015bnie i zabra\u0107 w powietrze ca\u0142\u0105 paczk\u0119.<\/p>\n<p><strong>\u00a0<\/strong><strong>Jak to zrobi\u0107:<\/strong><\/p>\n<p>Zam\u00f3w sw\u00f3j lot za po\u015brednictwem strony internetowej albo telefonicznie w biurze El Speedo pod numerem +420 777\u00a0311\u00a0661. Dok\u0142adny termin i miejsce swojego lotu uzgodnisz wprost z\u00a0pilotem, kt\u00f3ry p\u00f3\u017aniej do Ciebie zadzwoni. Nie zapomnij wzi\u0105\u0107 ze sob\u0105 kupon.[\/vc_column_text][\/vc_column][\/mk_page_section][mk_page_section bg_color=&#8221;#f4f4f4&#8243; bg_stretch=&#8221;true&#8221; video_loop=&#8221;false&#8221; padding_top=&#8221;100&#8243; padding_bottom=&#8221;100&#8243; el_class=&#8221;section-gray&#8221; sidebar=&#8221;sidebar-1&#8243;][vc_column width=&#8221;1\/2&#8243;][vc_column_text]\n<h2>Wzbij si\u0119 z\u00a0nami w przestworza<\/h2>\n[\/vc_column_text][\/vc_column][vc_column width=&#8221;1\/2&#8243;][mk_button_gradient dimension=&#8221;flat&#8221; size=&#8221;large&#8221; corner_style=&#8221;rounded&#8221; grandient_color_from=&#8221;#6087b9&#8243; grandient_color_to=&#8221;#557bab&#8221; grandient_color_fallback=&#8221;#6087b9&#8243; url=&#8221;https:\/\/elspeedo.cz\/pl\/produkt\/lot-tandemowy-konfiguracja\/&#8221; align=&#8221;center&#8221; el_class=&#8221;btn-el-gradient-blue&#8221;]Konfigurator lotu &#8211; od 3500,- CZK[\/mk_button_gradient][\/vc_column][\/mk_page_section]\n<\/div>","protected":false},"excerpt":{"rendered":"<p>[mk_page_section bg_color=&#8221;#f4f4f4&#8243; video_loop=&#8221;false&#8221; padding_top=&#8221;40&#8243; padding_bottom=&#8221;40&#8243; sidebar=&#8221;sidebar-1&#8243;][vc_column width=&#8221;1\/2&#8243; css=&#8221;.vc_custom_1493993993055{padding-top: 40px !important;}&#8221;][vc_single_image image=&#8221;14473&#8243; img_size=&#8221;full&#8221; alignment=&#8221;center&#8221; style=&#8221;vc_box_rounded&#8221;][\/vc_column][vc_column width=&#8221;1\/2&#8243;][vc_column_text] 4G na w\u0142asnej sk\u00f3rze! Chcesz wypr\u00f3bowa\u0107 jakie przeci\u0105\u017cenie odczuwaj\u0105 kosmonauci podczas lotu na orbit\u0119 Ziemi? Nasz lot akrobacyjny jest jednym z\u00a0tych sposob\u00f3w, dost\u0119pnych zwyk\u0142emu cz\u0142owiekowi, podczas kt\u00f3rego to uczucie poczujesz na w\u0142asnej sk\u00f3rze. I nie tylko to! Akrobacyjny lot tandemowy [&hellip;]<\/p>\n","protected":false},"author":7,"featured_media":0,"parent":15625,"menu_order":3,"comment_status":"closed","ping_status":"closed","template":"","meta":{"_tribe_blocks_recurrence_rules":"","_tribe_blocks_recurrence_exclusions":"","_tribe_blocks_recurrence_description":"","footnotes":""},"class_list":["post-14564","page","type-page","status-publish","hentry"],"yoast_head":"<!-- This site is optimized with the Yoast SEO plugin v27.0 - https:\/\/yoast.com\/product\/yoast-seo-wordpress\/ -->\n<title>Lot akrobacyjny &#8212; El Speedo<\/title>\n<meta name=\"description\" content=\"Lot akrobacyjny przeznaczony jest dla tych, kt\u00f3rym zwyk\u0142e rzeczy to za ma\u0142o. O ile lubisz intensywne prze\u017cycia, ekstatyczne stany, szeroki u\u015bmiech...\" \/>\n<meta name=\"robots\" content=\"index, follow, max-snippet:-1, max-image-preview:large, max-video-preview:-1\" \/>\n<link rel=\"canonical\" href=\"https:\/\/elspeedo.cz\/tandemy\/akrobaticky-let\/\" \/>\n<meta property=\"og:locale\" content=\"pl_PL\" \/>\n<meta property=\"og:type\" content=\"article\" \/>\n<meta property=\"og:title\" content=\"Lot akrobacyjny &#8212; El Speedo\" \/>\n<meta property=\"og:description\" content=\"Lot akrobacyjny przeznaczony jest dla tych, kt\u00f3rym zwyk\u0142e rzeczy to za ma\u0142o. O ile lubisz intensywne prze\u017cycia, ekstatyczne stany, szeroki u\u015bmiech...\" \/>\n<meta property=\"og:url\" content=\"https:\/\/elspeedo.cz\/tandemy\/akrobaticky-let\/\" \/>\n<meta property=\"og:site_name\" content=\"El Speedo\" \/>\n<meta property=\"article:publisher\" content=\"http:\/\/www.facebook.com\/paragliding.elspeedo.cz\/?fref=ts\" \/>\n<meta property=\"article:modified_time\" content=\"2021-12-01T13:17:08+00:00\" \/>\n<meta name=\"twitter:card\" content=\"summary_large_image\" \/>\n<meta name=\"twitter:label1\" content=\"Szacowany czas czytania\" \/>\n\t<meta name=\"twitter:data1\" content=\"7 minut\" \/>\n<script type=\"application\/ld+json\" class=\"yoast-schema-graph\">{\"@context\":\"https:\/\/schema.org\",\"@graph\":[{\"@type\":\"WebPage\",\"@id\":\"https:\/\/elspeedo.cz\/tandemy\/akrobaticky-let\/\",\"url\":\"https:\/\/elspeedo.cz\/tandemy\/akrobaticky-let\/\",\"name\":\"Lot akrobacyjny &#8212; El Speedo\",\"isPartOf\":{\"@id\":\"https:\/\/elspeedo.cz\/#website\"},\"datePublished\":\"2016-12-06T12:09:21+00:00\",\"dateModified\":\"2021-12-01T13:17:08+00:00\",\"description\":\"Lot akrobacyjny przeznaczony jest dla tych, kt\u00f3rym zwyk\u0142e rzeczy to za ma\u0142o. O ile lubisz intensywne prze\u017cycia, ekstatyczne stany, szeroki u\u015bmiech...\",\"breadcrumb\":{\"@id\":\"https:\/\/elspeedo.cz\/tandemy\/akrobaticky-let\/#breadcrumb\"},\"inLanguage\":\"pl-PL\",\"potentialAction\":[{\"@type\":\"ReadAction\",\"target\":[\"https:\/\/elspeedo.cz\/tandemy\/akrobaticky-let\/\"]}]},{\"@type\":\"BreadcrumbList\",\"@id\":\"https:\/\/elspeedo.cz\/tandemy\/akrobaticky-let\/#breadcrumb\",\"itemListElement\":[{\"@type\":\"ListItem\",\"position\":1,\"name\":\"Dom\u016f\",\"item\":\"https:\/\/elspeedo.cz\/pl\/\"},{\"@type\":\"ListItem\",\"position\":2,\"name\":\"Tandemy\",\"item\":\"https:\/\/elspeedo.cz\/tandemy\/\"},{\"@type\":\"ListItem\",\"position\":3,\"name\":\"Lot akrobacyjny\"}]},{\"@type\":\"WebSite\",\"@id\":\"https:\/\/elspeedo.cz\/#website\",\"url\":\"https:\/\/elspeedo.cz\/\",\"name\":\"El Speedo\",\"description\":\"Paragliding - kurzy, vybaven\u00ed, v\u00fdlety, komunita\",\"potentialAction\":[{\"@type\":\"SearchAction\",\"target\":{\"@type\":\"EntryPoint\",\"urlTemplate\":\"https:\/\/elspeedo.cz\/?s={search_term_string}\"},\"query-input\":{\"@type\":\"PropertyValueSpecification\",\"valueRequired\":true,\"valueName\":\"search_term_string\"}}],\"inLanguage\":\"pl-PL\"}]}<\/script>\n<!-- \/ Yoast SEO plugin. -->","yoast_head_json":{"title":"Lot akrobacyjny &#8212; El Speedo","description":"Lot akrobacyjny przeznaczony jest dla tych, kt\u00f3rym zwyk\u0142e rzeczy to za ma\u0142o. O ile lubisz intensywne prze\u017cycia, ekstatyczne stany, szeroki u\u015bmiech...","robots":{"index":"index","follow":"follow","max-snippet":"max-snippet:-1","max-image-preview":"max-image-preview:large","max-video-preview":"max-video-preview:-1"},"canonical":"https:\/\/elspeedo.cz\/tandemy\/akrobaticky-let\/","og_locale":"pl_PL","og_type":"article","og_title":"Lot akrobacyjny &#8212; El Speedo","og_description":"Lot akrobacyjny przeznaczony jest dla tych, kt\u00f3rym zwyk\u0142e rzeczy to za ma\u0142o. O ile lubisz intensywne prze\u017cycia, ekstatyczne stany, szeroki u\u015bmiech...","og_url":"https:\/\/elspeedo.cz\/tandemy\/akrobaticky-let\/","og_site_name":"El Speedo","article_publisher":"http:\/\/www.facebook.com\/paragliding.elspeedo.cz\/?fref=ts","article_modified_time":"2021-12-01T13:17:08+00:00","twitter_card":"summary_large_image","twitter_misc":{"Szacowany czas czytania":"7 minut"},"schema":{"@context":"https:\/\/schema.org","@graph":[{"@type":"WebPage","@id":"https:\/\/elspeedo.cz\/tandemy\/akrobaticky-let\/","url":"https:\/\/elspeedo.cz\/tandemy\/akrobaticky-let\/","name":"Lot akrobacyjny &#8212; El Speedo","isPartOf":{"@id":"https:\/\/elspeedo.cz\/#website"},"datePublished":"2016-12-06T12:09:21+00:00","dateModified":"2021-12-01T13:17:08+00:00","description":"Lot akrobacyjny przeznaczony jest dla tych, kt\u00f3rym zwyk\u0142e rzeczy to za ma\u0142o. O ile lubisz intensywne prze\u017cycia, ekstatyczne stany, szeroki u\u015bmiech...","breadcrumb":{"@id":"https:\/\/elspeedo.cz\/tandemy\/akrobaticky-let\/#breadcrumb"},"inLanguage":"pl-PL","potentialAction":[{"@type":"ReadAction","target":["https:\/\/elspeedo.cz\/tandemy\/akrobaticky-let\/"]}]},{"@type":"BreadcrumbList","@id":"https:\/\/elspeedo.cz\/tandemy\/akrobaticky-let\/#breadcrumb","itemListElement":[{"@type":"ListItem","position":1,"name":"Dom\u016f","item":"https:\/\/elspeedo.cz\/pl\/"},{"@type":"ListItem","position":2,"name":"Tandemy","item":"https:\/\/elspeedo.cz\/tandemy\/"},{"@type":"ListItem","position":3,"name":"Lot akrobacyjny"}]},{"@type":"WebSite","@id":"https:\/\/elspeedo.cz\/#website","url":"https:\/\/elspeedo.cz\/","name":"El Speedo","description":"Paragliding - kurzy, vybaven\u00ed, v\u00fdlety, komunita","potentialAction":[{"@type":"SearchAction","target":{"@type":"EntryPoint","urlTemplate":"https:\/\/elspeedo.cz\/?s={search_term_string}"},"query-input":{"@type":"PropertyValueSpecification","valueRequired":true,"valueName":"search_term_string"}}],"inLanguage":"pl-PL"}]}},"_links":{"self":[{"href":"https:\/\/elspeedo.cz\/pl\/wp-json\/wp\/v2\/pages\/14564","targetHints":{"allow":["GET"]}}],"collection":[{"href":"https:\/\/elspeedo.cz\/pl\/wp-json\/wp\/v2\/pages"}],"about":[{"href":"https:\/\/elspeedo.cz\/pl\/wp-json\/wp\/v2\/types\/page"}],"author":[{"embeddable":true,"href":"https:\/\/elspeedo.cz\/pl\/wp-json\/wp\/v2\/users\/7"}],"replies":[{"embeddable":true,"href":"https:\/\/elspeedo.cz\/pl\/wp-json\/wp\/v2\/comments?post=14564"}],"version-history":[{"count":1,"href":"https:\/\/elspeedo.cz\/pl\/wp-json\/wp\/v2\/pages\/14564\/revisions"}],"predecessor-version":[{"id":175907,"href":"https:\/\/elspeedo.cz\/pl\/wp-json\/wp\/v2\/pages\/14564\/revisions\/175907"}],"up":[{"embeddable":true,"href":"https:\/\/elspeedo.cz\/pl\/wp-json\/wp\/v2\/pages\/15625"}],"wp:attachment":[{"href":"https:\/\/elspeedo.cz\/pl\/wp-json\/wp\/v2\/media?parent=14564"}],"curies":[{"name":"wp","href":"https:\/\/api.w.org\/{rel}","templated":true}]}}