{"id":14566,"date":"2016-12-06T13:58:21","date_gmt":"2016-12-06T12:58:21","guid":{"rendered":"https:\/\/elspeedo.cz\/tandemovy_prelet\/?lang=pl"},"modified":"2021-12-01T14:18:14","modified_gmt":"2021-12-01T13:18:14","slug":"przelot-tandemowy","status":"publish","type":"page","link":"https:\/\/elspeedo.cz\/pl\/tandemy\/przelot-tandemowy\/","title":{"rendered":"Przelot tandemowy"},"content":{"rendered":"<div class=\"wpb-content-wrapper\">[mk_page_section bg_color=&#8221;#f4f4f4&#8243; video_loop=&#8221;false&#8221; padding_top=&#8221;40&#8243; padding_bottom=&#8221;40&#8243; sidebar=&#8221;sidebar-1&#8243;][vc_column width=&#8221;1\/2&#8243; css=&#8221;.vc_custom_1493994214295{padding-top: 40px !important;}&#8221;][vc_single_image image=&#8221;14480&#8243; img_size=&#8221;full&#8221; alignment=&#8221;center&#8221; style=&#8221;vc_box_rounded&#8221;][\/vc_column][vc_column width=&#8221;1\/2&#8243;][vc_column_text]\n<div style=\"text-align: center;\">\n<h2 style=\"text-align: center;\">Maksymalna dozwolona wysoko\u015b\u0107 lotu w Beskidach<\/h2>\n<p style=\"text-align: center;\"><strong>2900 metr\u00f3w&#8230;<\/strong><\/p>\n<p>W\u0142a\u015bnie o osi\u0105gni\u0119cie maksymalnej mo\u017cliwej wysoko\u015bci chodzi podczas przelot\u00f3w. Dzi\u0119ki wysoko\u015bci mo\u017cemy szybowa\u0107 w kierunku naszego celu. Po drodze w taki spos\u00f3b b\u0119dziemy si\u0119 kilkakrotnie podnosi\u0107 i przesuwa\u0107 nad ciekawymi miejscami.<\/p>\n<p>Tylko dzi\u0119ki naturalnym mechanizmom, obranej strategii lotu i precyzyjnemu pilota\u017cowi. Fascynuj\u0105ce prze\u017cycie.<\/p>\n<\/div>\n[\/vc_column_text][mk_padding_divider][mk_button_gradient dimension=&#8221;flat&#8221; size=&#8221;large&#8221; corner_style=&#8221;rounded&#8221; grandient_color_from=&#8221;#6087b9&#8243; grandient_color_to=&#8221;#557bab&#8221; grandient_color_fallback=&#8221;#6087b9&#8243; url=&#8221;https:\/\/elspeedo.cz\/pl\/produkt\/lot-tandemowy-konfiguracja\/&#8221; align=&#8221;center&#8221; el_class=&#8221;btn-el-gradient-blue&#8221;]Konfigurator lotu &#8211; od 6000,- CZK[\/mk_button_gradient][\/vc_column][\/mk_page_section][mk_page_section video_loop=&#8221;false&#8221; padding_top=&#8221;100&#8243; padding_bottom=&#8221;100&#8243; sidebar=&#8221;sidebar-1&#8243;][vc_column][vc_column_text]\n<div style=\"text-align: center;\">\n<h2 style=\"text-align: center;\">Przygotowanie do bezpiecznego startu<\/h2>\n<p>Pomo\u017cemy Ci ubra\u0107 uprz\u0105\u017c i we w\u0142a\u015bciwy spos\u00f3b wyregulujemy ta\u015bmy, wypr\u00f3bujemy rozbieg, razem przygotujemy ca\u0142y sprz\u0119t. Pogadamy o tym, jak najlepiej udokumentowa\u0107 nasz lot. Jeszcze raz sprawdzimy ca\u0142y sprz\u0119t, dopniemy si\u0119 do paralotni i zaczekamy na w\u0142a\u015bciwy wiatr.<\/p>\n<p>Kr\u00f3tki rozbieg, ostatni dotyk ziemi i lecimy! Nic trudnego\u2026<\/p>\n<\/div>\n[\/vc_column_text][vc_row_inner][vc_column_inner width=&#8221;1\/12&#8243;][\/vc_column_inner][vc_column_inner width=&#8221;1\/6&#8243;][vc_single_image image=&#8221;14445&#8243; img_size=&#8221;full&#8221; alignment=&#8221;center&#8221; style=&#8221;vc_box_rounded&#8221;][\/vc_column_inner][vc_column_inner width=&#8221;1\/6&#8243;][vc_single_image image=&#8221;14444&#8243; img_size=&#8221;full&#8221; alignment=&#8221;center&#8221; style=&#8221;vc_box_rounded&#8221;][\/vc_column_inner][vc_column_inner width=&#8221;1\/6&#8243;][vc_single_image image=&#8221;14443&#8243; img_size=&#8221;full&#8221; alignment=&#8221;center&#8221; style=&#8221;vc_box_rounded&#8221;][\/vc_column_inner][vc_column_inner width=&#8221;1\/6&#8243;][vc_single_image image=&#8221;14442&#8243; img_size=&#8221;full&#8221; alignment=&#8221;center&#8221; style=&#8221;vc_box_rounded&#8221;][\/vc_column_inner][vc_column_inner width=&#8221;1\/6&#8243;][vc_single_image image=&#8221;14441&#8243; img_size=&#8221;full&#8221; alignment=&#8221;center&#8221; style=&#8221;vc_box_rounded&#8221;][\/vc_column_inner][vc_column_inner width=&#8221;1\/12&#8243;][\/vc_column_inner][\/vc_row_inner][\/vc_column][\/mk_page_section][mk_page_section bg_color=&#8221;#f4f4f4&#8243; bg_stretch=&#8221;true&#8221; video_loop=&#8221;false&#8221; padding_top=&#8221;100&#8243; padding_bottom=&#8221;100&#8243; el_class=&#8221;section-gray&#8221; sidebar=&#8221;sidebar-1&#8243;][vc_column][vc_column_text]\n<h2 style=\"text-align: center;\">L\u0105dowanie? Prostsze ni\u017c my\u015blisz\u2026<\/h2>\n<p style=\"text-align: center;\">Pod ka\u017cdym oficjalnym startowiskiem znajduje si\u0119 r\u00f3wnie\u017c oficjalne l\u0105dowisko. Do niego zbli\u017cymy si\u0119 w ko\u0144cowej fazie lotu, wlecimy w stref\u0119 l\u0105dowania i rozpoczniemy przygotowanie do ostatecznego przyziemienia. W tym czasie tylko wyprostujesz nogi przed siebie, aby podczas l\u0105dowania nie usi\u0105\u015b\u0107 na w\u0142asne nogi ale na ochraniacz pod desk\u0105 Twego siedziska. Skrzyd\u0142o powoli opadnie na ziemi\u0119 a Ty mo\u017cesz przywyka\u0107 do staro-nowego uczucia &#8211; bycia nogami na ziemi.<\/p>\n[\/vc_column_text][\/vc_column][\/mk_page_section][mk_page_section video_loop=&#8221;false&#8221; padding_top=&#8221;100&#8243; padding_bottom=&#8221;100&#8243; sidebar=&#8221;sidebar-1&#8243;][vc_column width=&#8221;1\/2&#8243;][vc_single_image image=&#8221;14439&#8243; img_size=&#8221;full&#8221; alignment=&#8221;center&#8221; style=&#8221;vc_box_rounded&#8221;][\/vc_column][vc_column width=&#8221;1\/2&#8243;][vc_column_text]\n<h2 style=\"text-align: left;\">Puszka adrenaliny<\/h2>\n<p style=\"text-align: left;\"><strong>\u2026pe\u0142na niezapomnianych wra\u017ce\u0144<\/strong><\/p>\n<div style=\"text-align: left;\">\n<p>Odlotowa dawka adrenaliny w metalowym opakowaniu \u2013 mo\u017cliwo\u015b\u0107 zgotowania weso\u0142ej niespodzianki Twoim bliskim. \u201eOzdobne opakowanie\u201c lotu widokowego w formie zamkni\u0119tej konserwy metalowej z\u00a0opisem na etykietce, wewn\u0105trz ukrywa koszulk\u0119 z\u00a0motywem paralotniowym, kupon i instrukcje dotycz\u0105ce lotu.<\/p>\n<p>Z\u00a0wyborem w\u0142asnego lotu akrobacyjnego ch\u0119tnie pomo\u017cemy Ci osobi\u015bcie, lub telefonicznie w biurze El Speedo.<\/p>\n<\/div>\n<div style=\"text-align: left;\"><\/div>\n[\/vc_column_text][mk_padding_divider][\/vc_column][\/mk_page_section][mk_page_section bg_color=&#8221;#272727&#8243; bg_position=&#8221;center center&#8221; video_loop=&#8221;false&#8221; js_vertical_centered=&#8221;true&#8221; padding_top=&#8221;80&#8243; padding_bottom=&#8221;80&#8243; el_class=&#8221;sc-dark&#8221; sidebar=&#8221;sidebar-1&#8243;][vc_column width=&#8221;1\/2&#8243;][vc_single_image image=&#8221;14481&#8243; img_size=&#8221;full&#8221; alignment=&#8221;center&#8221; style=&#8221;vc_box_rounded&#8221; css=&#8221;.vc_custom_1492182636887{padding-top: 50px !important;}&#8221;][\/vc_column][vc_column width=&#8221;1\/2&#8243;][vc_column_text]\n<div style=\"text-align: center;\">\n<div>\n<h2 style=\"text-align: center;\">XC PRZELOT<\/h2>\n<h2 style=\"text-align: center;\">jest kr\u00f3lewsk\u0105 dyscyplin\u0105 paralotniarstwa<\/h2>\n<p>Bardzo ch\u0119tnie oferujemy przeloty tandemowe w ramach naszych kurs\u00f3w wyczynowego latania.<\/p>\n<p>Lot z\u00a0do\u015bwiadczonym instruktorem wysoko w Alpach jest fascynuj\u0105cy, podniecaj\u0105cy, niezapomniany\u2026<\/p>\n<p>Zadzwo\u0144 do naszego biura i sprawd\u017a, w kt\u00f3rym rejonie Alp akurat jeste\u015bmy, b\u0105d\u017a dok\u0105d si\u0119 wybieramy, ewentualnie kiedy b\u0119dziemy lata\u0107 w okolicy Twego miejsca pobytu.<\/p>\n<\/div>\n<div><\/div>\n<div><\/div>\n<div><\/div>\n<div><a href=\"http:\/\/www.youtube.com\/watch?v=o4INmR_NAHU&amp;index=48&amp;list=PLDXJwOv0nAgIjJz4-Rh64HtWzpyOMDwB3\" target=\"_blank\" rel=\"noopener noreferrer\"><u>Zobacz kr\u00f3tkie wideo z\u00a0przelotu Alp\u2026<\/u><\/a><\/div>\n<\/div>\n[\/vc_column_text][\/vc_column][\/mk_page_section][mk_page_section video_loop=&#8221;false&#8221; padding_top=&#8221;100&#8243; padding_bottom=&#8221;100&#8243; sidebar=&#8221;sidebar-1&#8243;][vc_column][vc_column_text]\n<h2>Szczeg\u00f3\u0142owy opis Przelotu tandemowego<\/h2>\n<p><strong>D\u0142ugo\u015b\u0107 lotu:<\/strong><\/p>\n<div>\n<p>Minimalnie 1 godzina czasu lotu. W tym czasie praktycznie z\u00a0jakiegokolwiek miejsca w Beskidach mo\u017cna dolecie\u0107 do \u0141ysej g\u00f3ry (najwy\u017cszego szczytu Beskid\u00f3w) i jeszcze jaki\u015b czas kontynuowa\u0107 lot ponad Beskidami. Je\u017celi b\u0119dziesz chcia\u0142 przed\u0142u\u017cy\u0107 lot, wystarczy dogada\u0107 si\u0119 z\u00a0pilotem. W razie przelotu tandemowego pilot ma zarezerwowany ca\u0142y dzie\u0144 w tym celu, dlatego z\u00a0przed\u0142u\u017ceniem lotu nie bywa problemu. Co do ca\u0142kowitego czasu potrzebnego do przygotowania, startu, lotu, powrotu \u2013 bywa r\u00f3\u017cnie. W razie przelotu docelowego trzeba liczy\u0107 na powr\u00f3t autobusem albo w inny spos\u00f3b \u2013 wtedy ca\u0142a wycieczka mo\u017ce trwa\u0107 3-4 godziny. O ile przelot jest docelowo-powrotny ze startem i l\u0105dowaniem w jednym miejscu, trzeba liczy\u0107 czas oko\u0142o dw\u00f3ch godzin..<\/p>\n<p><strong>Przeloty tandemowe rozpoczynamy w Beskidach na startowiskach:<\/strong><\/p>\n<ul>\n<li>Jaworowy Wierch \u2013 Javorov\u00fd vrch,<\/li>\n<li>Praszywa \u2013 Pra\u0161iv\u00e1,<\/li>\n<li>Ondrzejnik\u2013Ska\u0142ka \u2013 Ond\u0159ejn\u00edk-Skalka,<\/li>\n<li>Jawornik \u2013 Javorn\u00edk,<\/li>\n<li>\u0141ysa G\u00f3ra \u2013 Lys\u00e1 hora.<\/li>\n<\/ul>\n<p><strong>Zagraniczne przeloty tandemowe latamy najcz\u0119\u015bciej w tych rejonach:<\/strong><\/p>\n<ul>\n<li>Bassano del Grappa (Veneto \u2013 W\u0142ochy),<\/li>\n<li>Lijak (Nov\u00e1 Gorica \u2013 S\u0142owenia),<\/li>\n<li>Kobala, Stol (Tolmin \u2013 S\u0142owenia),<\/li>\n<li>W razie idywidualnej propozycji r\u00f3wnie\u017c w innych miejscowo\u015bciach Alpejskich<\/li>\n<\/ul>\n<p><strong>Warunki klimatyczne do latania:<\/strong><\/p>\n<p>Ten rodzaj lotu tandemowego oferujemy wiosn\u0105 i latem. W Beskidach albo za granic\u0105.<\/p>\n<p>Przeloty tandemowe realizujemy przy s\u0142abym lub \u015brednio silnym wietrze do 5 m\/s, w zale\u017cno\u015bci od specyficznych wymog\u00f3w konkretnych rejon\u00f3w lotniczych. Wed\u0142ug Twojego celu, lub wybranych punkt\u00f3w na trasie i aktualnego stanu meteorologicznego, wybieramy w\u0142a\u015bciwe startowisko, pod wzgl\u0119dem aktualnego kierunku wiatru.<\/p>\n<p><strong>\u00a0<\/strong><strong>Pasa\u017cer \u2013 wymagania: <\/strong><\/p>\n<ul>\n<li>nie jest wymagany w \u017caden spos\u00f3b podwy\u017cszony poziom kondycji fizycznej,<\/li>\n<li>lot tandemowy mog\u0105 absolwowa\u0107 doro\u015bli i dzieci, decyduj\u0105ca jest waga w zakresie od 5 do 115 kg,<\/li>\n<li>polecamy za\u0142o\u017cenie mocniejszych but\u00f3w (chroni\u0105cych kostk\u0119) i ubranie nieprzewiewnej kurtki i spodni. W ci\u0105gu s\u0142onecznych dni wskazane s\u0105 r\u00f3wnie\u017c okulary przeciws\u0142oneczne.<\/li>\n<\/ul>\n<p><strong>\u00a0<\/strong><strong>Przebieg lotu:<\/strong><\/p>\n<p>Przed samotnym lotem najpierw przebiega kr\u00f3tkie szkolenie w celu przekazania najwa\u017cniejszych informacji dotycz\u0105cych startu, lotu i l\u0105dowania. Potem ubieramy uprz\u0119\u017ce, regulujemy ta\u015bmy, \u017ceby by\u0142o wygodnie i robimy pr\u00f3b\u0119 startu bez skrzyd\u0142a. W razie zainteresowania pilot przekazuje informacje dotycz\u0105ce mechaniki lotu, konstrukcji skrzyd\u0142a, materia\u0142\u00f3w, technologii, itd. Na sam koniec zapinamy kaski i przypinamy si\u0119 do paralotni.<\/p>\n<p>Nast\u0119puje kr\u00f3tki rozbieg w d\u00f3\u0142 wg. instrukcji pilota a potem ju\u017c samotny lot. W ci\u0105gu lotu pasa\u017cer siedzi w przodzie, przed instruktorem dlatego widok woko\u0142o nie jest w \u017caden spos\u00f3b ograniczony.<\/p>\n<p>Lot trwa od 1 do 3 godzin, w zale\u017cno\u015bci od aktualnych warunk\u00f3w meteorologicznych i Twojej ch\u0119ci latania. L\u0105dowanie jest proste, w wi\u0119kszo\u015bci wypadk\u00f3w chodzi tylko o krok podobny do zej\u015bcia ze stopnia. W ostatecznej fazie po l\u0105dowaniu pakujemy sprz\u0119t.<\/p>\n<p>O ile we\u017amiesz ze sob\u0105 aparat fotograficzny, mo\u017cesz przebieg lotu r\u00f3wnie\u017c uwieczni\u0107 w ten spos\u00f3b. Na pewno b\u0119dzie warto!<\/p>\n<p><strong>\u00a0<\/strong><strong>Publiczno\u015b\u0107:<\/strong><\/p>\n<p>Twoi znajomi, rodzina, przyjaciele mog\u0105 obserwowa\u0107 przygotowanie na starcie i pocz\u0105tek lotu, albo zaczeka\u0107 na l\u0105dowisku i \u015bledzi\u0107 ko\u0144cow\u0105 faz\u0119 lotu. W obu wypadkach mo\u017cna zrobi\u0107 fajne zdj\u0119cia lub nakr\u0119ci\u0107 ciekawe filmiki na kamer\u0119.<\/p>\n<p><strong>\u00a0<\/strong><strong>Ilo\u015b\u0107 uczestnik\u00f3w:<\/strong><\/p>\n<p>Lot tandemowy umo\u017cliwia zabra\u0107 tylko jednego pasa\u017cera. Po wcze\u015bniejszym uzgodnieniu jednak jeste\u015bmy w stanie wyruszy\u0107 w powietrze z\u00a0kilkoma tandemami r\u00f3wnocze\u015bnie i zabra\u0107 w powietrze ca\u0142\u0105 Twoj\u0105 paczk\u0119.<\/p>\n<p><strong>\u00a0<\/strong><strong>Jak to zrobi\u0107:<\/strong><\/p>\n<p>Zam\u00f3w sw\u00f3j lot za po\u015brednictwem strony internetowej albo telefonicznie w biurze El Speedo pod numerem +420 777\u00a0311\u00a0661. Dok\u0142adny termin i miejsce swojego lotu uzgodnisz wprost z\u00a0pilotem, kt\u00f3ry p\u00f3\u017aniej do Ciebie zadzwoni. Nie zapomnij wzi\u0105\u0107 ze sob\u0105 kupon.<\/p>\n<\/div>\n[\/vc_column_text][\/vc_column][\/mk_page_section][mk_page_section bg_color=&#8221;#f4f4f4&#8243; bg_stretch=&#8221;true&#8221; video_loop=&#8221;false&#8221; padding_top=&#8221;100&#8243; padding_bottom=&#8221;100&#8243; el_class=&#8221;section-gray&#8221; sidebar=&#8221;sidebar-1&#8243;][vc_column width=&#8221;1\/2&#8243;][vc_column_text]\n<h2>Wzbij si\u0119 z\u00a0nami w przestworza!<\/h2>\n[\/vc_column_text][\/vc_column][vc_column width=&#8221;1\/2&#8243;][mk_button_gradient dimension=&#8221;flat&#8221; size=&#8221;large&#8221; corner_style=&#8221;rounded&#8221; grandient_color_from=&#8221;#6087b9&#8243; grandient_color_to=&#8221;#557bab&#8221; grandient_color_fallback=&#8221;#6087b9&#8243; url=&#8221;https:\/\/elspeedo.cz\/pl\/produkt\/lot-tandemowy-konfiguracja\/&#8221; align=&#8221;center&#8221; el_class=&#8221;btn-el-gradient-blue&#8221;]Konfigurator lotu &#8211; od 6000,- CZK[\/mk_button_gradient][\/vc_column][\/mk_page_section]\n<\/div>","protected":false},"excerpt":{"rendered":"<p>[mk_page_section bg_color=&#8221;#f4f4f4&#8243; video_loop=&#8221;false&#8221; padding_top=&#8221;40&#8243; padding_bottom=&#8221;40&#8243; sidebar=&#8221;sidebar-1&#8243;][vc_column width=&#8221;1\/2&#8243; css=&#8221;.vc_custom_1493994214295{padding-top: 40px !important;}&#8221;][vc_single_image image=&#8221;14480&#8243; img_size=&#8221;full&#8221; alignment=&#8221;center&#8221; style=&#8221;vc_box_rounded&#8221;][\/vc_column][vc_column width=&#8221;1\/2&#8243;][vc_column_text] Maksymalna dozwolona wysoko\u015b\u0107 lotu w Beskidach 2900 metr\u00f3w&#8230; W\u0142a\u015bnie o osi\u0105gni\u0119cie maksymalnej mo\u017cliwej wysoko\u015bci chodzi podczas przelot\u00f3w. Dzi\u0119ki wysoko\u015bci mo\u017cemy szybowa\u0107 w kierunku naszego celu. Po drodze w taki spos\u00f3b b\u0119dziemy si\u0119 kilkakrotnie podnosi\u0107 i przesuwa\u0107 nad ciekawymi miejscami. Tylko [&hellip;]<\/p>\n","protected":false},"author":7,"featured_media":0,"parent":15625,"menu_order":4,"comment_status":"closed","ping_status":"closed","template":"","meta":{"_tribe_blocks_recurrence_rules":"","_tribe_blocks_recurrence_exclusions":"","_tribe_blocks_recurrence_description":"","footnotes":""},"class_list":["post-14566","page","type-page","status-publish","hentry"],"yoast_head":"<!-- This site is optimized with the Yoast SEO plugin v27.0 - https:\/\/yoast.com\/product\/yoast-seo-wordpress\/ -->\n<title>Przelot tandemowy &#8212; El Speedo<\/title>\n<meta name=\"description\" content=\"XC PRZELOT kr\u00f3lewska dyscyplina paralotniarstwa. Minimum godzina lotu. W tym czasie z jakiegokolwiek miejsca w Beskidach mo\u017cna dolecie\u0107 do \u0141ysej g\u00f3ry...\" \/>\n<meta name=\"robots\" content=\"index, follow, max-snippet:-1, max-image-preview:large, max-video-preview:-1\" \/>\n<link rel=\"canonical\" href=\"https:\/\/elspeedo.cz\/tandemy\/sportovni-tandemovy-prelet\/\" \/>\n<meta property=\"og:locale\" content=\"pl_PL\" \/>\n<meta property=\"og:type\" content=\"article\" \/>\n<meta property=\"og:title\" content=\"Przelot tandemowy &#8212; El Speedo\" \/>\n<meta property=\"og:description\" content=\"XC PRZELOT kr\u00f3lewska dyscyplina paralotniarstwa. Minimum godzina lotu. W tym czasie z jakiegokolwiek miejsca w Beskidach mo\u017cna dolecie\u0107 do \u0141ysej g\u00f3ry...\" \/>\n<meta property=\"og:url\" content=\"https:\/\/elspeedo.cz\/tandemy\/sportovni-tandemovy-prelet\/\" \/>\n<meta property=\"og:site_name\" content=\"El Speedo\" \/>\n<meta property=\"article:publisher\" content=\"http:\/\/www.facebook.com\/paragliding.elspeedo.cz\/?fref=ts\" \/>\n<meta property=\"article:modified_time\" content=\"2021-12-01T13:18:14+00:00\" \/>\n<meta name=\"twitter:card\" content=\"summary_large_image\" \/>\n<meta name=\"twitter:label1\" content=\"Szacowany czas czytania\" \/>\n\t<meta name=\"twitter:data1\" content=\"7 minut\" \/>\n<script type=\"application\/ld+json\" class=\"yoast-schema-graph\">{\"@context\":\"https:\/\/schema.org\",\"@graph\":[{\"@type\":\"WebPage\",\"@id\":\"https:\/\/elspeedo.cz\/tandemy\/sportovni-tandemovy-prelet\/\",\"url\":\"https:\/\/elspeedo.cz\/tandemy\/sportovni-tandemovy-prelet\/\",\"name\":\"Przelot tandemowy &#8212; El Speedo\",\"isPartOf\":{\"@id\":\"https:\/\/elspeedo.cz\/#website\"},\"datePublished\":\"2016-12-06T12:58:21+00:00\",\"dateModified\":\"2021-12-01T13:18:14+00:00\",\"description\":\"XC PRZELOT kr\u00f3lewska dyscyplina paralotniarstwa. Minimum godzina lotu. W tym czasie z jakiegokolwiek miejsca w Beskidach mo\u017cna dolecie\u0107 do \u0141ysej g\u00f3ry...\",\"breadcrumb\":{\"@id\":\"https:\/\/elspeedo.cz\/tandemy\/sportovni-tandemovy-prelet\/#breadcrumb\"},\"inLanguage\":\"pl-PL\",\"potentialAction\":[{\"@type\":\"ReadAction\",\"target\":[\"https:\/\/elspeedo.cz\/tandemy\/sportovni-tandemovy-prelet\/\"]}]},{\"@type\":\"BreadcrumbList\",\"@id\":\"https:\/\/elspeedo.cz\/tandemy\/sportovni-tandemovy-prelet\/#breadcrumb\",\"itemListElement\":[{\"@type\":\"ListItem\",\"position\":1,\"name\":\"Dom\u016f\",\"item\":\"https:\/\/elspeedo.cz\/pl\/\"},{\"@type\":\"ListItem\",\"position\":2,\"name\":\"Tandemy\",\"item\":\"https:\/\/elspeedo.cz\/tandemy\/\"},{\"@type\":\"ListItem\",\"position\":3,\"name\":\"Przelot tandemowy\"}]},{\"@type\":\"WebSite\",\"@id\":\"https:\/\/elspeedo.cz\/#website\",\"url\":\"https:\/\/elspeedo.cz\/\",\"name\":\"El Speedo\",\"description\":\"Paragliding - kurzy, vybaven\u00ed, v\u00fdlety, komunita\",\"potentialAction\":[{\"@type\":\"SearchAction\",\"target\":{\"@type\":\"EntryPoint\",\"urlTemplate\":\"https:\/\/elspeedo.cz\/?s={search_term_string}\"},\"query-input\":{\"@type\":\"PropertyValueSpecification\",\"valueRequired\":true,\"valueName\":\"search_term_string\"}}],\"inLanguage\":\"pl-PL\"}]}<\/script>\n<!-- \/ Yoast SEO plugin. -->","yoast_head_json":{"title":"Przelot tandemowy &#8212; El Speedo","description":"XC PRZELOT kr\u00f3lewska dyscyplina paralotniarstwa. Minimum godzina lotu. W tym czasie z jakiegokolwiek miejsca w Beskidach mo\u017cna dolecie\u0107 do \u0141ysej g\u00f3ry...","robots":{"index":"index","follow":"follow","max-snippet":"max-snippet:-1","max-image-preview":"max-image-preview:large","max-video-preview":"max-video-preview:-1"},"canonical":"https:\/\/elspeedo.cz\/tandemy\/sportovni-tandemovy-prelet\/","og_locale":"pl_PL","og_type":"article","og_title":"Przelot tandemowy &#8212; El Speedo","og_description":"XC PRZELOT kr\u00f3lewska dyscyplina paralotniarstwa. Minimum godzina lotu. W tym czasie z jakiegokolwiek miejsca w Beskidach mo\u017cna dolecie\u0107 do \u0141ysej g\u00f3ry...","og_url":"https:\/\/elspeedo.cz\/tandemy\/sportovni-tandemovy-prelet\/","og_site_name":"El Speedo","article_publisher":"http:\/\/www.facebook.com\/paragliding.elspeedo.cz\/?fref=ts","article_modified_time":"2021-12-01T13:18:14+00:00","twitter_card":"summary_large_image","twitter_misc":{"Szacowany czas czytania":"7 minut"},"schema":{"@context":"https:\/\/schema.org","@graph":[{"@type":"WebPage","@id":"https:\/\/elspeedo.cz\/tandemy\/sportovni-tandemovy-prelet\/","url":"https:\/\/elspeedo.cz\/tandemy\/sportovni-tandemovy-prelet\/","name":"Przelot tandemowy &#8212; El Speedo","isPartOf":{"@id":"https:\/\/elspeedo.cz\/#website"},"datePublished":"2016-12-06T12:58:21+00:00","dateModified":"2021-12-01T13:18:14+00:00","description":"XC PRZELOT kr\u00f3lewska dyscyplina paralotniarstwa. Minimum godzina lotu. W tym czasie z jakiegokolwiek miejsca w Beskidach mo\u017cna dolecie\u0107 do \u0141ysej g\u00f3ry...","breadcrumb":{"@id":"https:\/\/elspeedo.cz\/tandemy\/sportovni-tandemovy-prelet\/#breadcrumb"},"inLanguage":"pl-PL","potentialAction":[{"@type":"ReadAction","target":["https:\/\/elspeedo.cz\/tandemy\/sportovni-tandemovy-prelet\/"]}]},{"@type":"BreadcrumbList","@id":"https:\/\/elspeedo.cz\/tandemy\/sportovni-tandemovy-prelet\/#breadcrumb","itemListElement":[{"@type":"ListItem","position":1,"name":"Dom\u016f","item":"https:\/\/elspeedo.cz\/pl\/"},{"@type":"ListItem","position":2,"name":"Tandemy","item":"https:\/\/elspeedo.cz\/tandemy\/"},{"@type":"ListItem","position":3,"name":"Przelot tandemowy"}]},{"@type":"WebSite","@id":"https:\/\/elspeedo.cz\/#website","url":"https:\/\/elspeedo.cz\/","name":"El Speedo","description":"Paragliding - kurzy, vybaven\u00ed, v\u00fdlety, komunita","potentialAction":[{"@type":"SearchAction","target":{"@type":"EntryPoint","urlTemplate":"https:\/\/elspeedo.cz\/?s={search_term_string}"},"query-input":{"@type":"PropertyValueSpecification","valueRequired":true,"valueName":"search_term_string"}}],"inLanguage":"pl-PL"}]}},"_links":{"self":[{"href":"https:\/\/elspeedo.cz\/pl\/wp-json\/wp\/v2\/pages\/14566","targetHints":{"allow":["GET"]}}],"collection":[{"href":"https:\/\/elspeedo.cz\/pl\/wp-json\/wp\/v2\/pages"}],"about":[{"href":"https:\/\/elspeedo.cz\/pl\/wp-json\/wp\/v2\/types\/page"}],"author":[{"embeddable":true,"href":"https:\/\/elspeedo.cz\/pl\/wp-json\/wp\/v2\/users\/7"}],"replies":[{"embeddable":true,"href":"https:\/\/elspeedo.cz\/pl\/wp-json\/wp\/v2\/comments?post=14566"}],"version-history":[{"count":1,"href":"https:\/\/elspeedo.cz\/pl\/wp-json\/wp\/v2\/pages\/14566\/revisions"}],"predecessor-version":[{"id":175909,"href":"https:\/\/elspeedo.cz\/pl\/wp-json\/wp\/v2\/pages\/14566\/revisions\/175909"}],"up":[{"embeddable":true,"href":"https:\/\/elspeedo.cz\/pl\/wp-json\/wp\/v2\/pages\/15625"}],"wp:attachment":[{"href":"https:\/\/elspeedo.cz\/pl\/wp-json\/wp\/v2\/media?parent=14566"}],"curies":[{"name":"wp","href":"https:\/\/api.w.org\/{rel}","templated":true}]}}