{"id":14686,"date":"2016-12-07T17:13:32","date_gmt":"2016-12-07T16:13:32","guid":{"rendered":"https:\/\/elspeedo.cz\/termicky-vylet\/?lang=pl"},"modified":"2024-01-15T14:28:19","modified_gmt":"2024-01-15T13:28:19","slug":"trening-termiki-2","status":"publish","type":"page","link":"https:\/\/elspeedo.cz\/pl\/kursy-paralotniarstwa\/trening-paralotniowy\/trening-termiki-2\/","title":{"rendered":"Trening termiki"},"content":{"rendered":"[mk_page_section bg_color=&#8221;#f4f4f4&#8243; video_loop=&#8221;false&#8221; padding_top=&#8221;0&#8243; padding_bottom=&#8221;0&#8243; sidebar=&#8221;sidebar-1&#8243;][vc_column width=&#8221;1\/2&#8243; css=&#8221;.vc_custom_1492789008552{padding-top: 30px !important;}&#8221;][vc_single_image image=&#8221;38335&#8243; img_size=&#8221;full&#8221; alignment=&#8221;center&#8221; style=&#8221;vc_box_rounded&#8221;][\/vc_column][vc_column width=&#8221;1\/2&#8243; css=&#8221;.vc_custom_1492789015120{padding-top: 40px !important;}&#8221;][vc_column_text disable_pattern=&#8221;false&#8221; align=&#8221;center&#8221;]\n<h1 style=\"text-align: center\">Wysoko\u015b\u0107 to dla nas wolno\u015b\u0107 w\u00a03D<\/h1>\n<p style=\"text-align: center\">Intensywna nauka latania w termice to wspania\u0142a okazja nie tylko dla pocz\u0105kuj\u0105cych pilot\u00f3w, lecz dla wszystkich, kt\u00f3rzy pod opiek\u0105 do\u015bwiadczonych instruktor\u00f3w chc\u0105 we w\u0142a\u015bciwy spos\u00f3b nauczy\u0107 si\u0119 lot\u00f3w termicznych.<\/p>\n<p style=\"text-align: center\">Najlepsze tereny europejskie, Instruktorzy El Speedo &#8211; zabezpieczenie jak na Kursie podstawowym, odjazd dostosowany do sytuacji pogodowej, przedpo\u0142udniowy program teoretyczny , w po\u0142udnie start do aktywnego termicznie \u015brodowiska.<\/p>\n[\/vc_column_text][\/vc_column][\/mk_page_section][mk_page_section video_loop=&#8221;false&#8221; padding_top=&#8221;100&#8243; padding_bottom=&#8221;100&#8243; sidebar=&#8221;sidebar-1&#8243;][vc_column][vc_column_text]\n<h1 style=\"text-align: center\">Terminy i rezerwacje<\/h1>\n[\/vc_column_text][mk_padding_divider][vc_column_text]\t<p>There are no upcoming events at this time.<\/p>\n[\/vc_column_text][\/vc_column][\/mk_page_section][mk_page_section bg_color=&#8221;#f4f4f4&#8243; bg_stretch=&#8221;true&#8221; video_loop=&#8221;false&#8221; padding_top=&#8221;100&#8243; padding_bottom=&#8221;100&#8243; el_class=&#8221;section-gray&#8221; sidebar=&#8221;sidebar-1&#8243;][vc_column width=&#8221;2\/3&#8243;][vc_column_text disable_pattern=&#8221;false&#8221; align=&#8221;center&#8221;]\n<h1 style=\"text-align: left\">Razem do termiki<\/h1>\n<p style=\"text-align: left\">Kursy termiki regularnie przygotowywujemy dla pilot\u00f3w po kursach podstawowych, kt\u00f3rzy pod opiek\u0105 naszych instruktor\u00f3w chc\u0105 zyskiwa\u0107 nowe do\u015bwiadczenia w wykorzystywaniu pr\u0105d\u00f3w wst\u0119puj\u0105cych i tymsamym w bezpieczny spos\u00f3b przej\u015b\u0107 do samodzielnego swobodnego latania. Asysta instruktora na starcie i podczas l\u0105dowania to podczas naszych kurs\u00f3w oczywista rzecz. Taksamo treningi termiki korzystne s\u0105 dla szerokiego spektrum pilot\u00f3w rekreacyjnych, kt\u00f3rzy ch\u0119tnie korzystaj\u0105 z\u00a0us\u0142ug naszej szko\u0142y, rad i polece\u0144 naszych do\u015bwiadczonych instruktor\u00f3w i reprezentant\u00f3w, kt\u00f3rzy chc\u0105 skorzysta\u0107 z\u00a0naszych wsp\u00f3lnych wyjazd\u00f3w na startowiska, poprostu dla wszystkich, kt\u00f3rzy bawi\u0105 si\u0119 lataniem i chc\u0105 cieszy\u0107 si\u0119 lataniem razem z\u00a0innymi podobnie zafascynowanymi lud\u017ami.<\/p>\n<p style=\"text-align: left\"><strong>Warunki uczestnictwa:<\/strong><\/p>\n<ul style=\"text-align: left\">\n<li>wa\u017cna licencja pilota,<\/li>\n<li>wa\u017cne ubezpieczenie turystyczne,<\/li>\n<li>minimum PL-A.<\/li>\n<\/ul>\n<p style=\"text-align: left\"><strong>Wymagania fizyczne:<\/strong> niskie &#8211; \u015brednie<\/p>\n<p style=\"text-align: left\"><strong>\u00a0<\/strong><strong>Zalecany nalot pilota:<\/strong><\/p>\n<ul style=\"text-align: left\">\n<li>nie gra roli,<\/li>\n<li>kategoria PILOT 1 \u2013 5<\/li>\n<li>wycieczka dla \u015bwie\u017cych absolwent\u00f3w Kurs\u00f3w podstawowych, i dla d\u0142ugoletnich pilot\u00f3w, kt\u00f3rzy lubi\u0105 latanie z\u00a0zafascynowan\u0105 grupk\u0105.<\/li>\n<\/ul>\n<p style=\"text-align: left\"><strong>\u00a0<\/strong><strong>Cele Treningu termiki:<\/strong><\/p>\n<p style=\"text-align: left\">Podczas wszystkich dni lotniczych rozpatrujemy wszelkie aspekty lotu termicznego, centrowanie pr\u0105du wznosz\u0105cego, efektowne zakr\u0119ty i cokolwiek innego, co mog\u0142oby Ci\u0119 podczas Twego samodzielnego latania spotka\u0107 czy zaskoczy\u0107. Na koniec kursu przygotowany jest plan na przelot dla ca\u0142ej grupy. Kto doleci najdalej, wygrywa. W tym dniu r\u00f3wnie\u017c zapewniamy transport po ca\u0142ej d\u0142ugo\u015bci trasy przelotu. Na urz\u0105dzeniach GPS mo\u017cemy sobie wyt\u0142umaczy\u0107 r\u00f3\u017cne sposoby u\u017cycia i wykorzystania zyskanych informacji do optymalizacji w\u0142asnego lotu po obranym torze.<\/p>\n<p style=\"text-align: left\"><strong>Czas trwania Treningu termiki:<\/strong><\/p>\n<ul style=\"text-align: left\">\n<li>zazwyczaj\u00a05 dni,<\/li>\n<li>najcz\u0119\u015bciej wyruszamy we wtorek wieczorem a wracamy w niedziel\u0119 w nocy albo nad ranem w poniedzia\u0142ek.<\/li>\n<\/ul>\n<p style=\"text-align: left\"><strong>\u00a0<\/strong><strong>\u0106wiczenia praktyczne:<\/strong><\/p>\n<ul style=\"text-align: left\">\n<li>nauka efektywnego lotu i lotu na \u017caglu,<\/li>\n<li>centrowanie komin\u00f3w termicznych z\u00a0asyst\u0105 instruktora,<\/li>\n<li>w razie mocniejszego wiatru trening start\u00f3w alpejk\u0105.<\/li>\n<\/ul>\n<p style=\"text-align: left\"><strong>Tematy nauki teoretycznej:<\/strong><\/p>\n<ul style=\"text-align: left\">\n<li>meteorologia,<\/li>\n<li>manewry gubienia wysoko\u015bci,<\/li>\n<li>technika centrowania pr\u0105d\u00f3w wst\u0119puj\u0105cych,<\/li>\n<li>analiza kolejnych temat\u00f3w, wed\u0142ug zainteresowania uczestnik\u00f3w.<\/li>\n<\/ul>\n<p style=\"text-align: left\"><strong>Gdzie:<\/strong><\/p>\n<ul style=\"text-align: left\">\n<li>Bassano del Grappa, W\u0142ochy,<\/li>\n<li>Lijak, S\u0142owenia,<\/li>\n<li>Meduno, W\u0142ochy,<\/li>\n<li>Norma, W\u0142ochy.<\/li>\n<\/ul>\n<p style=\"text-align: left\"><strong>Zabezpieczenie<\/strong> <strong>personalne:<\/strong> 2 instruktorzy latania w termice.<\/p>\n<p style=\"text-align: left\"><strong>Cena:<\/strong> 5900 CZK<\/p>\n<ul style=\"text-align: left\">\n<li>absolwenci naszych kurs\u00f3w zyskuj\u0105 zni\u017ck\u0119 od 10% do 50%<\/li>\n<\/ul>\n<p style=\"text-align: left\"><strong>W cenie kursu:<\/strong><\/p>\n<ul style=\"text-align: left\">\n<li>praca instruktor\u00f3w,<\/li>\n<li>wypo\u017cyczenie radia,<\/li>\n<li>mapy termiczne teren\u00f3w lotniczych,<\/li>\n<li>us\u0142ugi serwisowe podczas napraw czy dopasowywaniu sprz\u0119tu,<\/li>\n<li>transport pomi\u0119dzy terenami lotniczymi,<\/li>\n<li>konto \u201eStudent\u201c wa\u017cne jeden rok na stronach paragliding.cz,<\/li>\n<li>przedmioty upominkowe, koszulka z\u00a0motywem paralotniarskim,<\/li>\n<li>fotografie z\u00a0kursu.<\/li>\n<\/ul>\n<p style=\"text-align: left\"><strong>Mo\u017cesz od nas po\u017cyczy\u0107:<\/strong><\/p>\n<ul style=\"text-align: left\">\n<li>namioty i \u015bpiwory Hannah,<\/li>\n<li>paralotni\u0119 wy\u017cszej kategorii,<\/li>\n<li>vario i urz\u0105dzenie GPS.<\/li>\n<\/ul>\n<p style=\"text-align: left\"><strong>Pomo\u017cemy Ci za\u0142atwi\u0107:<\/strong><\/p>\n<ul style=\"text-align: left\">\n<li>op\u0142aty za u\u017cywanie startowisk,<\/li>\n<li>zakwaterowanie i wy\u017cywienie,<\/li>\n<li>transport do miejsca kursu.<\/li>\n<\/ul>\n<p style=\"text-align: left\"><strong>Transport do miejsca treningu:<\/strong> razem El-busem, lub indywidualnie.<\/p>\n[\/vc_column_text][\/vc_column][vc_column width=&#8221;1\/3&#8243;][vc_media_grid style=&#8221;load-more&#8221; items_per_page=&#8221;18&#8243; element_width=&#8221;6&#8243; btn_title=&#8221;Wi\u0119cej&#8221; btn_style=&#8221;custom&#8221; btn_custom_text=&#8221;#666666&#8243; btn_add_icon=&#8221;true&#8221; btn_custom_onclick=&#8221;true&#8221; grid_id=&#8221;vc_gid:1493203276172-5a0d0fe0-fc04-9&#8243; include=&#8221;18205,18206,18207,18208,18210,18211,18212,18213,18214,18215,18216,18217,18218,18219,18220,18221,18222,18223,18224,18225,18226,18227,18228,18229,18230,18231,18232,18233,18234,18235,18236,18237,18238,18239,18240,18241,18242,18243,18244,18245,18246,18247,18248,18249,18250,18251,18252,18253,18254,18255,18256,18257,18258,18259,18261,18262,18263,18264,18265,18266&#8243;][\/vc_column][\/mk_page_section][mk_page_section bg_color=&#8221;#272727&#8243; bg_position=&#8221;center center&#8221; video_loop=&#8221;false&#8221; js_vertical_centered=&#8221;true&#8221; padding_top=&#8221;60&#8243; padding_bottom=&#8221;060&#8243; el_class=&#8221;sc-dark&#8221; sidebar=&#8221;sidebar-1&#8243;][vc_column][mk_fancy_title color=&#8221;#ffffff&#8221; size=&#8221;52&#8243; force_font_size=&#8221;true&#8221; size_phone=&#8221;32&#8243; font_family=&#8221;none&#8221; align=&#8221;center&#8221;]\n<p style=\"text-align: center\">Program absolwencki<\/p>\n[\/mk_fancy_title][vc_column_text disable_pattern=&#8221;false&#8221; align=&#8221;center&#8221;]\n<p style=\"text-align: center\">Zdolno\u015bci pilota klasyfikujemy do 5 podstawowych poziom\u00f3w. Wed\u0142ug tych poziom\u00f3w mo\u017cna wybiera\u0107 konkretne kursy. Celem jest osi\u0105gni\u0119cie podobnego poziomu umiej\u0119tno\u015bci uczestnik\u00f3w kursu i jak najbardziej efektowny proces nauki. W dodatku im wi\u0119cej umiesz, tym mniej p\u0142acisz \u2026<\/p>\n[\/vc_column_text][mk_button dimension=&#8221;outline&#8221; corner_style=&#8221;rounded&#8221; size=&#8221;large&#8221; url=&#8221;https:\/\/elspeedo.cz\/pl\/kursy\/program-absolwencki\/&#8221; align=&#8221;center&#8221; margin_right=&#8221;0&#8243; el_class=&#8221;basic-button&#8221; outline_skin=&#8221;light&#8221;]Wi\u0119cej o programie\u2026<br \/>\n[\/mk_button][\/vc_column][\/mk_page_section]\n","protected":false},"excerpt":{"rendered":"<p>[mk_page_section bg_color=&#8221;#f4f4f4&#8243; video_loop=&#8221;false&#8221; padding_top=&#8221;0&#8243; padding_bottom=&#8221;0&#8243; sidebar=&#8221;sidebar-1&#8243;][vc_column width=&#8221;1\/2&#8243; css=&#8221;.vc_custom_1492789008552{padding-top: 30px !important;}&#8221;][vc_single_image image=&#8221;38335&#8243; img_size=&#8221;full&#8221; alignment=&#8221;center&#8221; style=&#8221;vc_box_rounded&#8221;][\/vc_column][vc_column width=&#8221;1\/2&#8243; css=&#8221;.vc_custom_1492789015120{padding-top: 40px !important;}&#8221;][vc_column_text disable_pattern=&#8221;false&#8221; align=&#8221;center&#8221;] Wysoko\u015b\u0107 to dla nas wolno\u015b\u0107 w\u00a03D Intensywna nauka latania w termice to wspania\u0142a okazja nie tylko dla pocz\u0105kuj\u0105cych pilot\u00f3w, lecz dla wszystkich, kt\u00f3rzy pod opiek\u0105 do\u015bwiadczonych instruktor\u00f3w chc\u0105 we w\u0142a\u015bciwy spos\u00f3b nauczy\u0107 si\u0119 lot\u00f3w termicznych. [&hellip;]<\/p>\n","protected":false},"author":7,"featured_media":0,"parent":15533,"menu_order":0,"comment_status":"closed","ping_status":"closed","template":"","meta":{"_tribe_blocks_recurrence_rules":"","_tribe_blocks_recurrence_exclusions":"","_tribe_blocks_recurrence_description":"","footnotes":""},"class_list":["post-14686","page","type-page","status-publish","hentry"],"yoast_head":"<!-- This site is optimized with the Yoast SEO plugin v27.0 - https:\/\/yoast.com\/product\/yoast-seo-wordpress\/ -->\n<title>Trening termiki &#8212; El Speedo<\/title>\n<meta name=\"description\" content=\"Trening termiki to wspania\u0142a okazja nie tylko dla pocz\u0105tkuj\u0105cych pilot\u00f3w, lecz dla wszystkich, kt\u00f3rzy chc\u0105 we w\u0142a\u015bciwy spos\u00f3b nauczy\u0107 si\u0119 lot\u00f3w termicznych.\" \/>\n<meta name=\"robots\" content=\"index, follow, max-snippet:-1, max-image-preview:large, max-video-preview:-1\" \/>\n<link rel=\"canonical\" href=\"https:\/\/elspeedo.cz\/kurzy-paraglidingu\/paraglidingovy-trenink\/termicky-trenink\/\" \/>\n<meta property=\"og:locale\" content=\"pl_PL\" \/>\n<meta property=\"og:type\" content=\"article\" \/>\n<meta property=\"og:title\" content=\"Trening termiki &#8212; El Speedo\" \/>\n<meta property=\"og:description\" content=\"Trening termiki to wspania\u0142a okazja nie tylko dla pocz\u0105tkuj\u0105cych pilot\u00f3w, lecz dla wszystkich, kt\u00f3rzy chc\u0105 we w\u0142a\u015bciwy spos\u00f3b nauczy\u0107 si\u0119 lot\u00f3w termicznych.\" \/>\n<meta property=\"og:url\" content=\"https:\/\/elspeedo.cz\/kurzy-paraglidingu\/paraglidingovy-trenink\/termicky-trenink\/\" \/>\n<meta property=\"og:site_name\" content=\"El Speedo\" \/>\n<meta property=\"article:publisher\" content=\"http:\/\/www.facebook.com\/paragliding.elspeedo.cz\/?fref=ts\" \/>\n<meta property=\"article:modified_time\" content=\"2024-01-15T13:28:19+00:00\" \/>\n<meta name=\"twitter:card\" content=\"summary_large_image\" \/>\n<meta name=\"twitter:label1\" content=\"Szacowany czas czytania\" \/>\n\t<meta name=\"twitter:data1\" content=\"4 minuty\" \/>\n<script type=\"application\/ld+json\" class=\"yoast-schema-graph\">{\"@context\":\"https:\/\/schema.org\",\"@graph\":[{\"@type\":\"WebPage\",\"@id\":\"https:\/\/elspeedo.cz\/kurzy-paraglidingu\/paraglidingovy-trenink\/termicky-trenink\/\",\"url\":\"https:\/\/elspeedo.cz\/kurzy-paraglidingu\/paraglidingovy-trenink\/termicky-trenink\/\",\"name\":\"Trening termiki &#8212; El Speedo\",\"isPartOf\":{\"@id\":\"https:\/\/elspeedo.cz\/#website\"},\"datePublished\":\"2016-12-07T16:13:32+00:00\",\"dateModified\":\"2024-01-15T13:28:19+00:00\",\"description\":\"Trening termiki to wspania\u0142a okazja nie tylko dla pocz\u0105tkuj\u0105cych pilot\u00f3w, lecz dla wszystkich, kt\u00f3rzy chc\u0105 we w\u0142a\u015bciwy spos\u00f3b nauczy\u0107 si\u0119 lot\u00f3w termicznych.\",\"breadcrumb\":{\"@id\":\"https:\/\/elspeedo.cz\/kurzy-paraglidingu\/paraglidingovy-trenink\/termicky-trenink\/#breadcrumb\"},\"inLanguage\":\"pl-PL\",\"potentialAction\":[{\"@type\":\"ReadAction\",\"target\":[\"https:\/\/elspeedo.cz\/kurzy-paraglidingu\/paraglidingovy-trenink\/termicky-trenink\/\"]}]},{\"@type\":\"BreadcrumbList\",\"@id\":\"https:\/\/elspeedo.cz\/kurzy-paraglidingu\/paraglidingovy-trenink\/termicky-trenink\/#breadcrumb\",\"itemListElement\":[{\"@type\":\"ListItem\",\"position\":1,\"name\":\"Dom\u016f\",\"item\":\"https:\/\/elspeedo.cz\/pl\/\"},{\"@type\":\"ListItem\",\"position\":2,\"name\":\"Kursy Paralotniarstwa\",\"item\":\"https:\/\/elspeedo.cz\/pl\/kursy-paralotniarstwa\/\"},{\"@type\":\"ListItem\",\"position\":3,\"name\":\"Trening paralotniowy\",\"item\":\"https:\/\/elspeedo.cz\/kurzy-paraglidingu\/paraglidingovy-trenink\/\"},{\"@type\":\"ListItem\",\"position\":4,\"name\":\"Trening termiki\"}]},{\"@type\":\"WebSite\",\"@id\":\"https:\/\/elspeedo.cz\/#website\",\"url\":\"https:\/\/elspeedo.cz\/\",\"name\":\"El Speedo\",\"description\":\"Paragliding - kurzy, vybaven\u00ed, v\u00fdlety, komunita\",\"potentialAction\":[{\"@type\":\"SearchAction\",\"target\":{\"@type\":\"EntryPoint\",\"urlTemplate\":\"https:\/\/elspeedo.cz\/?s={search_term_string}\"},\"query-input\":{\"@type\":\"PropertyValueSpecification\",\"valueRequired\":true,\"valueName\":\"search_term_string\"}}],\"inLanguage\":\"pl-PL\"}]}<\/script>\n<!-- \/ Yoast SEO plugin. -->","yoast_head_json":{"title":"Trening termiki &#8212; El Speedo","description":"Trening termiki to wspania\u0142a okazja nie tylko dla pocz\u0105tkuj\u0105cych pilot\u00f3w, lecz dla wszystkich, kt\u00f3rzy chc\u0105 we w\u0142a\u015bciwy spos\u00f3b nauczy\u0107 si\u0119 lot\u00f3w termicznych.","robots":{"index":"index","follow":"follow","max-snippet":"max-snippet:-1","max-image-preview":"max-image-preview:large","max-video-preview":"max-video-preview:-1"},"canonical":"https:\/\/elspeedo.cz\/kurzy-paraglidingu\/paraglidingovy-trenink\/termicky-trenink\/","og_locale":"pl_PL","og_type":"article","og_title":"Trening termiki &#8212; El Speedo","og_description":"Trening termiki to wspania\u0142a okazja nie tylko dla pocz\u0105tkuj\u0105cych pilot\u00f3w, lecz dla wszystkich, kt\u00f3rzy chc\u0105 we w\u0142a\u015bciwy spos\u00f3b nauczy\u0107 si\u0119 lot\u00f3w termicznych.","og_url":"https:\/\/elspeedo.cz\/kurzy-paraglidingu\/paraglidingovy-trenink\/termicky-trenink\/","og_site_name":"El Speedo","article_publisher":"http:\/\/www.facebook.com\/paragliding.elspeedo.cz\/?fref=ts","article_modified_time":"2024-01-15T13:28:19+00:00","twitter_card":"summary_large_image","twitter_misc":{"Szacowany czas czytania":"4 minuty"},"schema":{"@context":"https:\/\/schema.org","@graph":[{"@type":"WebPage","@id":"https:\/\/elspeedo.cz\/kurzy-paraglidingu\/paraglidingovy-trenink\/termicky-trenink\/","url":"https:\/\/elspeedo.cz\/kurzy-paraglidingu\/paraglidingovy-trenink\/termicky-trenink\/","name":"Trening termiki &#8212; El Speedo","isPartOf":{"@id":"https:\/\/elspeedo.cz\/#website"},"datePublished":"2016-12-07T16:13:32+00:00","dateModified":"2024-01-15T13:28:19+00:00","description":"Trening termiki to wspania\u0142a okazja nie tylko dla pocz\u0105tkuj\u0105cych pilot\u00f3w, lecz dla wszystkich, kt\u00f3rzy chc\u0105 we w\u0142a\u015bciwy spos\u00f3b nauczy\u0107 si\u0119 lot\u00f3w termicznych.","breadcrumb":{"@id":"https:\/\/elspeedo.cz\/kurzy-paraglidingu\/paraglidingovy-trenink\/termicky-trenink\/#breadcrumb"},"inLanguage":"pl-PL","potentialAction":[{"@type":"ReadAction","target":["https:\/\/elspeedo.cz\/kurzy-paraglidingu\/paraglidingovy-trenink\/termicky-trenink\/"]}]},{"@type":"BreadcrumbList","@id":"https:\/\/elspeedo.cz\/kurzy-paraglidingu\/paraglidingovy-trenink\/termicky-trenink\/#breadcrumb","itemListElement":[{"@type":"ListItem","position":1,"name":"Dom\u016f","item":"https:\/\/elspeedo.cz\/pl\/"},{"@type":"ListItem","position":2,"name":"Kursy Paralotniarstwa","item":"https:\/\/elspeedo.cz\/pl\/kursy-paralotniarstwa\/"},{"@type":"ListItem","position":3,"name":"Trening paralotniowy","item":"https:\/\/elspeedo.cz\/kurzy-paraglidingu\/paraglidingovy-trenink\/"},{"@type":"ListItem","position":4,"name":"Trening termiki"}]},{"@type":"WebSite","@id":"https:\/\/elspeedo.cz\/#website","url":"https:\/\/elspeedo.cz\/","name":"El Speedo","description":"Paragliding - kurzy, vybaven\u00ed, v\u00fdlety, komunita","potentialAction":[{"@type":"SearchAction","target":{"@type":"EntryPoint","urlTemplate":"https:\/\/elspeedo.cz\/?s={search_term_string}"},"query-input":{"@type":"PropertyValueSpecification","valueRequired":true,"valueName":"search_term_string"}}],"inLanguage":"pl-PL"}]}},"_links":{"self":[{"href":"https:\/\/elspeedo.cz\/pl\/wp-json\/wp\/v2\/pages\/14686","targetHints":{"allow":["GET"]}}],"collection":[{"href":"https:\/\/elspeedo.cz\/pl\/wp-json\/wp\/v2\/pages"}],"about":[{"href":"https:\/\/elspeedo.cz\/pl\/wp-json\/wp\/v2\/types\/page"}],"author":[{"embeddable":true,"href":"https:\/\/elspeedo.cz\/pl\/wp-json\/wp\/v2\/users\/7"}],"replies":[{"embeddable":true,"href":"https:\/\/elspeedo.cz\/pl\/wp-json\/wp\/v2\/comments?post=14686"}],"version-history":[{"count":3,"href":"https:\/\/elspeedo.cz\/pl\/wp-json\/wp\/v2\/pages\/14686\/revisions"}],"predecessor-version":[{"id":225435,"href":"https:\/\/elspeedo.cz\/pl\/wp-json\/wp\/v2\/pages\/14686\/revisions\/225435"}],"up":[{"embeddable":true,"href":"https:\/\/elspeedo.cz\/pl\/wp-json\/wp\/v2\/pages\/15533"}],"wp:attachment":[{"href":"https:\/\/elspeedo.cz\/pl\/wp-json\/wp\/v2\/media?parent=14686"}],"curies":[{"name":"wp","href":"https:\/\/api.w.org\/{rel}","templated":true}]}}