{"id":151064,"date":"2016-12-27T12:58:46","date_gmt":"2016-12-27T11:58:46","guid":{"rendered":"https:\/\/elspeedo.cz\/konstrukce\/"},"modified":"2021-02-12T12:15:20","modified_gmt":"2021-02-12T11:15:20","slug":"konstrukcja","status":"publish","type":"page","link":"https:\/\/elspeedo.cz\/pl\/konstrukcja\/","title":{"rendered":"Elementy konstrukcjyne paralotni El Speedo"},"content":{"rendered":"[mk_page_section bg_image=&#8221;https:\/\/elspeedo.cz\/wp-content\/uploads\/2016\/12\/el-speedo-gliders-2-1.jpg&#8221; bg_position=&#8221;center center&#8221; bg_repeat=&#8221;no-repeat&#8221; bg_stretch=&#8221;true&#8221; video_loop=&#8221;false&#8221; min_height=&#8221;450&#8243; padding_bottom=&#8221;60&#8243; sidebar=&#8221;sidebar-1&#8243;][vc_column][\/vc_column][\/mk_page_section][mk_page_section video_loop=&#8221;false&#8221; padding_top=&#8221;60&#8243; padding_bottom=&#8221;20&#8243; sidebar=&#8221;sidebar-1&#8243;][vc_column][vc_column_text]\n<h2>Technologia AIRSCOOP<\/h2>\n<p>Specjalnie wymodleowana przednia cz\u0119\u015b\u0107 \u017ceber paralotni, kt\u00f3re kszta\u0142tuj\u0105 wybran\u0105 cz\u0119\u015b\u0107 kraw\u0119dzi natarcia. Technologia ta przez dzia\u0142anie aerodynamiki znacznie podnosi sztywno\u015b\u0107 kraw\u0119dzi natarcia podczas lotu z du\u017c\u0105 pr\u0119dko\u015bci\u0105. Technologi\u0119 AIRSCOOP najbardziej docenisz podczas szybkiego lotu przez turbulencje.[\/vc_column_text][\/vc_column][\/mk_page_section][mk_page_section video_loop=&#8221;false&#8221; padding_top=&#8221;20&#8243; padding_bottom=&#8221;20&#8243; sidebar=&#8221;sidebar-1&#8243;][vc_column][vc_column_text]\n<div>\n<h2>Hybrydowa geometria linek<\/h2>\n<\/div>\n<div>\n<p>Wyrafinowana i sprawdzona kombinacja linek zapewnia wi\u0119ksz\u0105 stabilno\u015b\u0107 d\u0142ugo\u015bci linek i tym samym geometrii paralotni, dzi\u0119ki temu utrzymuje w\u0142a\u015bciwo\u015bci lotnicze paralotni El Speedo na d\u0142ugi czas. Zastosowanie najodpowiedniejszych \u015brednic i linek z\u00a0oplotem i bez w r\u00f3\u017cnych cz\u0119\u015bciach parlotni, pozwala zmniejszy\u0107 op\u00f3r czo\u0142owy i mas\u0119 paralotni.<\/p>\n<\/div>\n<div><\/div>\n[\/vc_column_text][\/vc_column][\/mk_page_section][mk_page_section video_loop=&#8221;false&#8221; padding_top=&#8221;20&#8243; padding_bottom=&#8221;20&#8243; sidebar=&#8221;sidebar-1&#8243;][vc_column][vc_column_text]\n<h2>Nylonowe wzmocnienia kraw\u0119dzi natarcia<\/h2>\n<p>Zmniejszaj\u0105 ca\u0142kowit\u0105 wag\u0119 paralotni. Zachowuj\u0105 optymalny kszta\u0142t kraw\u0119dzi natarcia nawet w ekstremalnych warunkach. Zwi\u0119kszaj\u0105 stabilno\u015b\u0107 i doskona\u0142o\u015b\u0107 paralotni, szczeg\u00f3lnie podczas lotu z\u00a0wi\u0119ksz\u0105 pr\u0119dko\u015bci\u0105.<\/p>\n<div><\/div>\n[\/vc_column_text][\/vc_column][\/mk_page_section][mk_page_section video_loop=&#8221;false&#8221; padding_top=&#8221;20&#8243; padding_bottom=&#8221;20&#8243; sidebar=&#8221;sidebar-1&#8243;][vc_column][vc_column_text]\n<h2>3D modelowanie kraw\u0119dzi natarcia<\/h2>\n<p>Utrzymuje poszczeg\u00f3lne komory dok\u0142adnie w kszta\u0142cie kraw\u0119dzi natarcia, zmniejsza op\u00f3r czo\u0142owy i ulepsza w\u0142a\u015bciwo\u015bci lotu paralotni.<\/p>\n<div><\/div>\n[\/vc_column_text][\/vc_column][\/mk_page_section][mk_page_section video_loop=&#8221;false&#8221; padding_top=&#8221;20&#8243; padding_bottom=&#8221;20&#8243; sidebar=&#8221;sidebar-1&#8243;][vc_column][vc_column_text]\n<h2>Mi\u0119dzy\u017cebra w kraw\u0119dzi sp\u0142ywu<\/h2>\n<div>\n<p>Podwajaj\u0105 ilo\u015b\u0107 kom\u00f3r w tylnej cz\u0119\u015bci paralotni w okolicy \u017ceber, podnosz\u0105 sztywno\u015b\u0107 kszta\u0142tow\u0105, zmniejsz\u0105j\u0105 op\u00f3r i zwi\u0119kszaj\u0105 wydajno\u015b\u0107.<\/p>\n<\/div>\n[\/vc_column_text][\/vc_column][\/mk_page_section][mk_page_section video_loop=&#8221;false&#8221; padding_top=&#8221;20&#8243; padding_bottom=&#8221;20&#8243; sidebar=&#8221;sidebar-1&#8243;][vc_column][vc_column_text]\n<h2>Trwa\u0142e materia\u0142y<\/h2>\n<p>Znacz\u0105co wyd\u0142u\u017caj\u0105 \u017cywotno\u015b\u0107 produktu, podnosz\u0105 warto\u015b\u0107 u\u017cytkow\u0105. Poszycie g\u00f3rne &#8211; Skytex 9017 E25A 40g, poszycie dolne &#8211; Skytex 9017 E25A 40g, \u017cebra &#8211; Skytex 9017 E29A 40g.[\/vc_column_text][\/vc_column][\/mk_page_section][mk_page_section video_loop=&#8221;false&#8221; padding_top=&#8221;20&#8243; padding_bottom=&#8221;20&#8243; sidebar=&#8221;sidebar-1&#8243;][vc_column][vc_column_text]\n<h2>Ci\u0119cie laserowe<\/h2>\n<p>Od ko\u0144ca 2014 roku wszystkie cz\u0119\u015bci paralotni EL Speedo s\u0105 produkowane przy u\u017cyciu wycinarki laserowej, co zapewnia maksymaln\u0105 dok\u0142adno\u015b\u0107 ci\u0119cia.[\/vc_column_text][\/vc_column][\/mk_page_section]\n","protected":false},"excerpt":{"rendered":"<p>[mk_page_section bg_image=&#8221;https:\/\/elspeedo.cz\/wp-content\/uploads\/2016\/12\/el-speedo-gliders-2-1.jpg&#8221; bg_position=&#8221;center center&#8221; bg_repeat=&#8221;no-repeat&#8221; bg_stretch=&#8221;true&#8221; video_loop=&#8221;false&#8221; min_height=&#8221;450&#8243; padding_bottom=&#8221;60&#8243; sidebar=&#8221;sidebar-1&#8243;][vc_column][\/vc_column][\/mk_page_section][mk_page_section video_loop=&#8221;false&#8221; padding_top=&#8221;60&#8243; padding_bottom=&#8221;20&#8243; sidebar=&#8221;sidebar-1&#8243;][vc_column][vc_column_text] Technologia AIRSCOOP Specjalnie wymodleowana przednia cz\u0119\u015b\u0107 \u017ceber paralotni, kt\u00f3re kszta\u0142tuj\u0105 wybran\u0105 cz\u0119\u015b\u0107 kraw\u0119dzi natarcia. Technologia ta przez dzia\u0142anie aerodynamiki znacznie podnosi sztywno\u015b\u0107 kraw\u0119dzi natarcia podczas lotu z du\u017c\u0105 pr\u0119dko\u015bci\u0105. Technologi\u0119 AIRSCOOP najbardziej docenisz podczas szybkiego lotu przez turbulencje.[\/vc_column_text][\/vc_column][\/mk_page_section][mk_page_section video_loop=&#8221;false&#8221; padding_top=&#8221;20&#8243; padding_bottom=&#8221;20&#8243; [&hellip;]<\/p>\n","protected":false},"author":4,"featured_media":0,"parent":0,"menu_order":0,"comment_status":"closed","ping_status":"closed","template":"","meta":{"_tribe_blocks_recurrence_rules":"","_tribe_blocks_recurrence_exclusions":"","_tribe_blocks_recurrence_description":"","footnotes":""},"class_list":["post-151064","page","type-page","status-publish","hentry"],"yoast_head":"<!-- This site is optimized with the Yoast SEO plugin v27.0 - https:\/\/yoast.com\/product\/yoast-seo-wordpress\/ -->\n<title>Elementy konstrukcjyne paralotni El Speedo &#8212; El Speedo<\/title>\n<meta name=\"description\" content=\"Konstrukce kluz\u00e1ku: technologie AIRSCOOP Speci\u00e1ln\u011b modelovan\u00e1 p\u0159edn\u00ed \u010d\u00e1st \u017eeber vrchl\u00edku, kter\u00e1 tvaruj\u00ed vybranou \u010d\u00e1st n\u00e1b\u011b\u017en\u00e9 hrany. Tato technologie\" \/>\n<meta name=\"robots\" content=\"index, follow, max-snippet:-1, max-image-preview:large, max-video-preview:-1\" \/>\n<link rel=\"canonical\" href=\"https:\/\/elspeedo.cz\/pl\/konstrukcja\/\" \/>\n<meta property=\"og:locale\" content=\"pl_PL\" \/>\n<meta property=\"og:type\" content=\"article\" \/>\n<meta property=\"og:title\" content=\"Elementy konstrukcjyne paralotni El Speedo &#8212; El Speedo\" \/>\n<meta property=\"og:description\" content=\"Konstrukce kluz\u00e1ku: technologie AIRSCOOP Speci\u00e1ln\u011b modelovan\u00e1 p\u0159edn\u00ed \u010d\u00e1st \u017eeber vrchl\u00edku, kter\u00e1 tvaruj\u00ed vybranou \u010d\u00e1st n\u00e1b\u011b\u017en\u00e9 hrany. Tato technologie\" \/>\n<meta property=\"og:url\" content=\"https:\/\/elspeedo.cz\/pl\/konstrukcja\/\" \/>\n<meta property=\"og:site_name\" content=\"El Speedo\" \/>\n<meta property=\"article:publisher\" content=\"http:\/\/www.facebook.com\/paragliding.elspeedo.cz\/?fref=ts\" \/>\n<meta property=\"article:modified_time\" content=\"2021-02-12T11:15:20+00:00\" \/>\n<meta name=\"twitter:card\" content=\"summary_large_image\" \/>\n<meta name=\"twitter:label1\" content=\"Szacowany czas czytania\" \/>\n\t<meta name=\"twitter:data1\" content=\"2 minuty\" \/>\n<script type=\"application\/ld+json\" class=\"yoast-schema-graph\">{\"@context\":\"https:\/\/schema.org\",\"@graph\":[{\"@type\":\"WebPage\",\"@id\":\"https:\/\/elspeedo.cz\/pl\/konstrukcja\/\",\"url\":\"https:\/\/elspeedo.cz\/pl\/konstrukcja\/\",\"name\":\"Elementy konstrukcjyne paralotni El Speedo &#8212; El Speedo\",\"isPartOf\":{\"@id\":\"https:\/\/elspeedo.cz\/#website\"},\"datePublished\":\"2016-12-27T11:58:46+00:00\",\"dateModified\":\"2021-02-12T11:15:20+00:00\",\"description\":\"Konstrukce kluz\u00e1ku: technologie AIRSCOOP Speci\u00e1ln\u011b modelovan\u00e1 p\u0159edn\u00ed \u010d\u00e1st \u017eeber vrchl\u00edku, kter\u00e1 tvaruj\u00ed vybranou \u010d\u00e1st n\u00e1b\u011b\u017en\u00e9 hrany. Tato technologie\",\"breadcrumb\":{\"@id\":\"https:\/\/elspeedo.cz\/pl\/konstrukcja\/#breadcrumb\"},\"inLanguage\":\"pl-PL\",\"potentialAction\":[{\"@type\":\"ReadAction\",\"target\":[\"https:\/\/elspeedo.cz\/pl\/konstrukcja\/\"]}]},{\"@type\":\"BreadcrumbList\",\"@id\":\"https:\/\/elspeedo.cz\/pl\/konstrukcja\/#breadcrumb\",\"itemListElement\":[{\"@type\":\"ListItem\",\"position\":1,\"name\":\"Dom\u016f\",\"item\":\"https:\/\/elspeedo.cz\/pl\/\"},{\"@type\":\"ListItem\",\"position\":2,\"name\":\"Elementy konstrukcjyne paralotni El Speedo\"}]},{\"@type\":\"WebSite\",\"@id\":\"https:\/\/elspeedo.cz\/#website\",\"url\":\"https:\/\/elspeedo.cz\/\",\"name\":\"El Speedo\",\"description\":\"Paragliding - kurzy, vybaven\u00ed, v\u00fdlety, komunita\",\"potentialAction\":[{\"@type\":\"SearchAction\",\"target\":{\"@type\":\"EntryPoint\",\"urlTemplate\":\"https:\/\/elspeedo.cz\/?s={search_term_string}\"},\"query-input\":{\"@type\":\"PropertyValueSpecification\",\"valueRequired\":true,\"valueName\":\"search_term_string\"}}],\"inLanguage\":\"pl-PL\"}]}<\/script>\n<!-- \/ Yoast SEO plugin. -->","yoast_head_json":{"title":"Elementy konstrukcjyne paralotni El Speedo &#8212; El Speedo","description":"Konstrukce kluz\u00e1ku: technologie AIRSCOOP Speci\u00e1ln\u011b modelovan\u00e1 p\u0159edn\u00ed \u010d\u00e1st \u017eeber vrchl\u00edku, kter\u00e1 tvaruj\u00ed vybranou \u010d\u00e1st n\u00e1b\u011b\u017en\u00e9 hrany. Tato technologie","robots":{"index":"index","follow":"follow","max-snippet":"max-snippet:-1","max-image-preview":"max-image-preview:large","max-video-preview":"max-video-preview:-1"},"canonical":"https:\/\/elspeedo.cz\/pl\/konstrukcja\/","og_locale":"pl_PL","og_type":"article","og_title":"Elementy konstrukcjyne paralotni El Speedo &#8212; El Speedo","og_description":"Konstrukce kluz\u00e1ku: technologie AIRSCOOP Speci\u00e1ln\u011b modelovan\u00e1 p\u0159edn\u00ed \u010d\u00e1st \u017eeber vrchl\u00edku, kter\u00e1 tvaruj\u00ed vybranou \u010d\u00e1st n\u00e1b\u011b\u017en\u00e9 hrany. Tato technologie","og_url":"https:\/\/elspeedo.cz\/pl\/konstrukcja\/","og_site_name":"El Speedo","article_publisher":"http:\/\/www.facebook.com\/paragliding.elspeedo.cz\/?fref=ts","article_modified_time":"2021-02-12T11:15:20+00:00","twitter_card":"summary_large_image","twitter_misc":{"Szacowany czas czytania":"2 minuty"},"schema":{"@context":"https:\/\/schema.org","@graph":[{"@type":"WebPage","@id":"https:\/\/elspeedo.cz\/pl\/konstrukcja\/","url":"https:\/\/elspeedo.cz\/pl\/konstrukcja\/","name":"Elementy konstrukcjyne paralotni El Speedo &#8212; El Speedo","isPartOf":{"@id":"https:\/\/elspeedo.cz\/#website"},"datePublished":"2016-12-27T11:58:46+00:00","dateModified":"2021-02-12T11:15:20+00:00","description":"Konstrukce kluz\u00e1ku: technologie AIRSCOOP Speci\u00e1ln\u011b modelovan\u00e1 p\u0159edn\u00ed \u010d\u00e1st \u017eeber vrchl\u00edku, kter\u00e1 tvaruj\u00ed vybranou \u010d\u00e1st n\u00e1b\u011b\u017en\u00e9 hrany. Tato technologie","breadcrumb":{"@id":"https:\/\/elspeedo.cz\/pl\/konstrukcja\/#breadcrumb"},"inLanguage":"pl-PL","potentialAction":[{"@type":"ReadAction","target":["https:\/\/elspeedo.cz\/pl\/konstrukcja\/"]}]},{"@type":"BreadcrumbList","@id":"https:\/\/elspeedo.cz\/pl\/konstrukcja\/#breadcrumb","itemListElement":[{"@type":"ListItem","position":1,"name":"Dom\u016f","item":"https:\/\/elspeedo.cz\/pl\/"},{"@type":"ListItem","position":2,"name":"Elementy konstrukcjyne paralotni El Speedo"}]},{"@type":"WebSite","@id":"https:\/\/elspeedo.cz\/#website","url":"https:\/\/elspeedo.cz\/","name":"El Speedo","description":"Paragliding - kurzy, vybaven\u00ed, v\u00fdlety, komunita","potentialAction":[{"@type":"SearchAction","target":{"@type":"EntryPoint","urlTemplate":"https:\/\/elspeedo.cz\/?s={search_term_string}"},"query-input":{"@type":"PropertyValueSpecification","valueRequired":true,"valueName":"search_term_string"}}],"inLanguage":"pl-PL"}]}},"_links":{"self":[{"href":"https:\/\/elspeedo.cz\/pl\/wp-json\/wp\/v2\/pages\/151064","targetHints":{"allow":["GET"]}}],"collection":[{"href":"https:\/\/elspeedo.cz\/pl\/wp-json\/wp\/v2\/pages"}],"about":[{"href":"https:\/\/elspeedo.cz\/pl\/wp-json\/wp\/v2\/types\/page"}],"author":[{"embeddable":true,"href":"https:\/\/elspeedo.cz\/pl\/wp-json\/wp\/v2\/users\/4"}],"replies":[{"embeddable":true,"href":"https:\/\/elspeedo.cz\/pl\/wp-json\/wp\/v2\/comments?post=151064"}],"version-history":[{"count":2,"href":"https:\/\/elspeedo.cz\/pl\/wp-json\/wp\/v2\/pages\/151064\/revisions"}],"predecessor-version":[{"id":151085,"href":"https:\/\/elspeedo.cz\/pl\/wp-json\/wp\/v2\/pages\/151064\/revisions\/151085"}],"wp:attachment":[{"href":"https:\/\/elspeedo.cz\/pl\/wp-json\/wp\/v2\/media?parent=151064"}],"curies":[{"name":"wp","href":"https:\/\/api.w.org\/{rel}","templated":true}]}}