{"id":15154,"date":"2016-12-06T10:56:57","date_gmt":"2016-12-06T09:56:57","guid":{"rendered":"https:\/\/elspeedo.cz\/pokurzovky-2\/"},"modified":"2021-11-17T14:04:52","modified_gmt":"2021-11-17T13:04:52","slug":"pokursowki","status":"publish","type":"page","link":"https:\/\/elspeedo.cz\/pl\/kursy-paralotniarstwa\/trening-paralotniowy\/pokursowki\/","title":{"rendered":"Trening po kursie ( POKURS\u00d3WKI )"},"content":{"rendered":"[mk_page_section bg_color=&#8221;#f4f4f4&#8243; video_loop=&#8221;false&#8221; padding_top=&#8221;0&#8243; padding_bottom=&#8221;0&#8243; sidebar=&#8221;sidebar-1&#8243;][vc_column width=&#8221;1\/2&#8243; css=&#8221;.vc_custom_1492788211888{padding-top: 30px !important;}&#8221;][vc_single_image image=&#8221;22794&#8243; img_size=&#8221;full&#8221; alignment=&#8221;center&#8221; style=&#8221;vc_box_rounded&#8221;][\/vc_column][vc_column width=&#8221;1\/2&#8243; css=&#8221;.vc_custom_1492788223352{padding-top: 40px !important;}&#8221;][vc_column_text]\n<h1 style=\"text-align: center;\">W sam raz dla \u015bwie\u017cych pilot\u00f3w<\/h1>\n<p style=\"text-align: center;\">\u201ePokurs\u00f3wki\u201c to trzy dni nauki i latania pod nadzorem i z asyst\u0105 instruktora. Wypo\u017cyczymy Ci ca\u0142y sprz\u0119t, dostaniesz mo\u017cliwo\u015b\u0107 wypr\u00f3bowania innych skrzyde\u0142 w Twojej kategorii z\u00a0naszego Test-centrum. Oprowadzimy Ci\u0119 po Beskidzkich terenach lotniczych i udzielimy Ci o nich potrzebnych informacji.<\/p>\n[\/vc_column_text][\/vc_column][\/mk_page_section][mk_page_section video_loop=&#8221;false&#8221; padding_top=&#8221;100&#8243; padding_bottom=&#8221;100&#8243; sidebar=&#8221;sidebar-1&#8243;][vc_column][vc_column_text align=&#8221;center&#8221;]\n<div id=\"text-block-7\" class=\"mk-text-block \">\n<h2 style=\"text-align: center;\">Terminy i rezerwacje<\/h2>\n<\/div>\n[\/vc_column_text][mk_padding_divider size=&#8221;30&#8243;][vc_column_text]\t<p>There are no upcoming events at this time.<\/p>\n[\/vc_column_text][\/vc_column][\/mk_page_section][mk_page_section bg_color=&#8221;#f4f4f4&#8243; bg_stretch=&#8221;true&#8221; video_loop=&#8221;false&#8221; padding_top=&#8221;100&#8243; padding_bottom=&#8221;100&#8243; el_class=&#8221;section-gray&#8221; sidebar=&#8221;sidebar-1&#8243;][vc_column width=&#8221;2\/3&#8243;][vc_column_text disable_pattern=&#8221;false&#8221;]\n<h1 style=\"text-align: center;\">Czym POKURS\u00d3WKI s\u0105 wyj\u0105tkowe?<\/h1>\n<p style=\"text-align: center;\">Ka\u017cdy absolwent Beskidzkiej szko\u0142y latania albo Alto PG School od dawna ma mo\u017cliwo\u015b\u0107 ponownie do\u0142\u0105czy\u0107 do kt\u00f3regokolwiek Kursu podstawowego. Za darmo lub w ramach naszych us\u0142ug dla absolwent\u00f3w w programie treningowym HAWK. W sobot\u0119 zawsze rozpoczynamy nowy kurs na treningowych \u0142\u0105kach, zatem w tym czasie nie ma mo\u017cliwo\u015bci wykonania wysoko\u015bciowych lot\u00f3w z\u00a0instruktorem. O ile chcesz w czasie weekendu polata\u0107 na du\u017cych g\u00f3rach, to w\u0142a\u015bnie dla Ciebie idealne s\u0105 \u201ePokurs\u00f3wki\u201c. W czasie przed\u0142u\u017conego weekendu na Pokurs\u00f3wkach nie tylko latamy na maksa, jak tylko si\u0119 da, ale r\u00f3wnie\u017c trenujemy r\u00f3\u017cne sposoby startu, loty termiczne, techniki l\u0105dowania i pog\u0142\u0119biamy wiadomo\u015bci teoretyczne powtarzaj\u0105c wszystkie wa\u017cne tematy na wyk\u0142adach.<\/p>\n<p style=\"text-align: center;\">El Speedo Pokurs\u00f3wki przeznaczone s\u0105 przede wszystkim dla absolwent\u00f3w Kurs\u00f3w podstawowych, niezale\u017cnie od tego, kiedy uczy\u0142e\u015b si\u0119 lata\u0107. To wszystko w ci\u0105gu soboty, niedzieli i tylko jednego dnia urlopu!<\/p>\n<p><strong>Ewentualny program uzupe\u0142niaj\u0105cy:<\/strong><\/p>\n<ul>\n<li>trening kontroli paralotni na ziemi, start\u00f3w alpejk\u0105 i start\u00f3w klasycznych,<\/li>\n<li>trening dok\u0142adnego l\u0105dowania na cel.<\/li>\n<\/ul>\n<p><strong>Dla kogo:<\/strong><\/p>\n<ul>\n<li>maksymalnie 8 pilot\u00f3w,<\/li>\n<li>wa\u017cna licencja pilota minimum PL-A, lub \u015bwiadectwo osobiste do PL-A z\u00a0potwierdzeniem wykonania wszystkich obowi\u0105zkowych \u0107wicze\u0144.<\/li>\n<\/ul>\n<p><strong>Transport i wyjazdy na startowisko: <\/strong>Lan Rover Discovery 4&#215;4 (siedem miejsc).<\/p>\n<p><strong>Zakwaterowanie: <\/strong>Flight Park pod Jaworowym wierchiem<\/p>\n<p><strong>Mo\u017cesz od nas po\u017cyczy\u0107:<\/strong><\/p>\n<ul>\n<li>Paralotni\u0119 z\u00a0naszego Test-centrum,<\/li>\n<li>Zaawansowane varia lub urz\u0105dzenia GPS.<\/li>\n<\/ul>\n<p><strong>Cena:<\/strong> 3900 CZK,<\/p>\n<ul>\n<li>zni\u017cka w wypadku u\u017cywania w\u0142asnego, kompletnego, ubezpieczonego sprz\u0119tu: 300 CZK\/dzie\u0144,<\/li>\n<li>absolwenci naszych kurs\u00f3w zyskuj\u0105 zni\u017ck\u0119 od 10% do 50%.<\/li>\n<\/ul>\n<p><strong>W cenie kursu:<\/strong><\/p>\n<ul>\n<li>nadz\u00f3r i pomoc instruktora,<\/li>\n<li>informacje lokalne, meteo-analiza i konsultacje,<\/li>\n<li>wypo\u017cyczenie radia,<\/li>\n<li>wypoy\u017cyczenie kompletnego, ubezpieczonego sprz\u0119tu szkolnego,<\/li>\n<li>transport pomi\u0119dzy terenami lotniczymi,<\/li>\n<li>fotografie z\u00a0kursu.<\/li>\n<\/ul>\n<p><strong>Instruktor, kt\u00f3ry ju\u017c teraz cieszy si\u0119 na wsp\u00f3lne latanie:<\/strong><\/p>\n<p>Dalibor Carbol[\/vc_column_text][\/vc_column][vc_column width=&#8221;1\/3&#8243;][vc_media_grid style=&#8221;load-more&#8221; items_per_page=&#8221;14&#8243; element_width=&#8221;6&#8243; btn_title=&#8221;Wi\u0119cej&#8221; btn_add_icon=&#8221;true&#8221; btn_custom_onclick=&#8221;true&#8221; grid_id=&#8221;vc_gid:1615467531275-3deb1192-4249-1&#8243; include=&#8221;17316,17317,17318,17319,17320,17321,17322,17323,17324,17325,17326,17327,17328,17329,17330,17331,17332,17333,17335,17336,17337,17338,17339,17340,17341,17342,17343,17344,17345,17346,17347,17348,17349,17350,17351,17352,17353,17354,17355,17356,17357,17358,17359,17360,17361,17362,17363,17364,17365,17366,17369,17370,17371,17373,17374,17375,17376,17377,17378,17379,17380,17381,17382,17383&#8243;][\/vc_column][\/mk_page_section][mk_page_section bg_color=&#8221;#272727&#8243; bg_position=&#8221;center center&#8221; video_loop=&#8221;false&#8221; js_vertical_centered=&#8221;true&#8221; padding_top=&#8221;60&#8243; padding_bottom=&#8221;060&#8243; el_class=&#8221;sc-dark&#8221; sidebar=&#8221;sidebar-1&#8243;][vc_column][mk_fancy_title color=&#8221;#ffffff&#8221; size=&#8221;52&#8243; force_font_size=&#8221;true&#8221; size_phone=&#8221;32&#8243; font_family=&#8221;none&#8221; align=&#8221;center&#8221;]\n<p style=\"text-align: center;\">Program absolwencki<\/p>\n[\/mk_fancy_title][vc_column_text disable_pattern=&#8221;false&#8221; align=&#8221;center&#8221;]\n<p style=\"text-align: center;\">Zdolno\u015bci pilota klasyfikujemy do 5 podstawowych poziom\u00f3w. Wed\u0142ug tych poziom\u00f3w mo\u017cna wybiera\u0107 konkretne kursy. Celem jest osi\u0105gni\u0119cie podobnego poziomu umiej\u0119tno\u015bci uczestnik\u00f3w kursu i jak najbardziej efektowny proces nauki. W dodatku im wi\u0119cej umiesz, tym mniej p\u0142acisz \u2026<\/p>\n[\/vc_column_text][mk_button dimension=&#8221;outline&#8221; corner_style=&#8221;rounded&#8221; size=&#8221;large&#8221; url=&#8221;https:\/\/elspeedo.cz\/pl\/kursy\/program-absolwencki\/&#8221; align=&#8221;center&#8221; margin_right=&#8221;0&#8243; el_class=&#8221;basic-button&#8221; outline_skin=&#8221;light&#8221;]Wi\u0119cej o programie\u2026<br \/>\n[\/mk_button][\/vc_column][\/mk_page_section]\n","protected":false},"excerpt":{"rendered":"<p>[mk_page_section bg_color=&#8221;#f4f4f4&#8243; video_loop=&#8221;false&#8221; padding_top=&#8221;0&#8243; padding_bottom=&#8221;0&#8243; sidebar=&#8221;sidebar-1&#8243;][vc_column width=&#8221;1\/2&#8243; css=&#8221;.vc_custom_1492788211888{padding-top: 30px !important;}&#8221;][vc_single_image image=&#8221;22794&#8243; img_size=&#8221;full&#8221; alignment=&#8221;center&#8221; style=&#8221;vc_box_rounded&#8221;][\/vc_column][vc_column width=&#8221;1\/2&#8243; css=&#8221;.vc_custom_1492788223352{padding-top: 40px !important;}&#8221;][vc_column_text] W sam raz dla \u015bwie\u017cych pilot\u00f3w \u201ePokurs\u00f3wki\u201c to trzy dni nauki i latania pod nadzorem i z asyst\u0105 instruktora. Wypo\u017cyczymy Ci ca\u0142y sprz\u0119t, dostaniesz mo\u017cliwo\u015b\u0107 wypr\u00f3bowania innych skrzyde\u0142 w Twojej kategorii z\u00a0naszego Test-centrum. Oprowadzimy Ci\u0119 po Beskidzkich [&hellip;]<\/p>\n","protected":false},"author":4,"featured_media":0,"parent":15533,"menu_order":0,"comment_status":"closed","ping_status":"closed","template":"","meta":{"_tribe_blocks_recurrence_rules":"","_tribe_blocks_recurrence_exclusions":"","_tribe_blocks_recurrence_description":"","footnotes":""},"class_list":["post-15154","page","type-page","status-publish","hentry"],"yoast_head":"<!-- This site is optimized with the Yoast SEO plugin v27.0 - https:\/\/yoast.com\/product\/yoast-seo-wordpress\/ -->\n<title>Trening po kursie ( POKURS\u00d3WKI ) &#8212; El Speedo<\/title>\n<meta name=\"description\" content=\"\u201ePokurs\u00f3wki\u201c to 3 dni nauki i latania pod nadzorem i z asyst\u0105 instruktora. Wypo\u017cyczymy Ci ca\u0142y sprz\u0119t, dostaniesz mo\u017cliwo\u015b\u0107 wypr\u00f3bowania innych skrzyde\u0142...\" \/>\n<meta name=\"robots\" content=\"index, follow, max-snippet:-1, max-image-preview:large, max-video-preview:-1\" \/>\n<link rel=\"canonical\" href=\"https:\/\/elspeedo.cz\/kurzy-paraglidingu\/paraglidingovy-trenink\/pokurzovky\/\" \/>\n<meta property=\"og:locale\" content=\"pl_PL\" \/>\n<meta property=\"og:type\" content=\"article\" \/>\n<meta property=\"og:title\" content=\"Trening po kursie ( POKURS\u00d3WKI ) &#8212; El Speedo\" \/>\n<meta property=\"og:description\" content=\"\u201ePokurs\u00f3wki\u201c to 3 dni nauki i latania pod nadzorem i z asyst\u0105 instruktora. Wypo\u017cyczymy Ci ca\u0142y sprz\u0119t, dostaniesz mo\u017cliwo\u015b\u0107 wypr\u00f3bowania innych skrzyde\u0142...\" \/>\n<meta property=\"og:url\" content=\"https:\/\/elspeedo.cz\/kurzy-paraglidingu\/paraglidingovy-trenink\/pokurzovky\/\" \/>\n<meta property=\"og:site_name\" content=\"El Speedo\" \/>\n<meta property=\"article:publisher\" content=\"http:\/\/www.facebook.com\/paragliding.elspeedo.cz\/?fref=ts\" \/>\n<meta property=\"article:modified_time\" content=\"2021-11-17T13:04:52+00:00\" \/>\n<meta name=\"twitter:card\" content=\"summary_large_image\" \/>\n<meta name=\"twitter:label1\" content=\"Szacowany czas czytania\" \/>\n\t<meta name=\"twitter:data1\" content=\"4 minuty\" \/>\n<script type=\"application\/ld+json\" class=\"yoast-schema-graph\">{\"@context\":\"https:\/\/schema.org\",\"@graph\":[{\"@type\":\"WebPage\",\"@id\":\"https:\/\/elspeedo.cz\/kurzy-paraglidingu\/paraglidingovy-trenink\/pokurzovky\/\",\"url\":\"https:\/\/elspeedo.cz\/kurzy-paraglidingu\/paraglidingovy-trenink\/pokurzovky\/\",\"name\":\"Trening po kursie ( POKURS\u00d3WKI ) &#8212; El Speedo\",\"isPartOf\":{\"@id\":\"https:\/\/elspeedo.cz\/#website\"},\"datePublished\":\"2016-12-06T09:56:57+00:00\",\"dateModified\":\"2021-11-17T13:04:52+00:00\",\"description\":\"\u201ePokurs\u00f3wki\u201c to 3 dni nauki i latania pod nadzorem i z asyst\u0105 instruktora. Wypo\u017cyczymy Ci ca\u0142y sprz\u0119t, dostaniesz mo\u017cliwo\u015b\u0107 wypr\u00f3bowania innych skrzyde\u0142...\",\"breadcrumb\":{\"@id\":\"https:\/\/elspeedo.cz\/kurzy-paraglidingu\/paraglidingovy-trenink\/pokurzovky\/#breadcrumb\"},\"inLanguage\":\"pl-PL\",\"potentialAction\":[{\"@type\":\"ReadAction\",\"target\":[\"https:\/\/elspeedo.cz\/kurzy-paraglidingu\/paraglidingovy-trenink\/pokurzovky\/\"]}]},{\"@type\":\"BreadcrumbList\",\"@id\":\"https:\/\/elspeedo.cz\/kurzy-paraglidingu\/paraglidingovy-trenink\/pokurzovky\/#breadcrumb\",\"itemListElement\":[{\"@type\":\"ListItem\",\"position\":1,\"name\":\"Dom\u016f\",\"item\":\"https:\/\/elspeedo.cz\/pl\/\"},{\"@type\":\"ListItem\",\"position\":2,\"name\":\"Kursy Paralotniarstwa\",\"item\":\"https:\/\/elspeedo.cz\/pl\/kursy-paralotniarstwa\/\"},{\"@type\":\"ListItem\",\"position\":3,\"name\":\"Trening paralotniowy\",\"item\":\"https:\/\/elspeedo.cz\/kurzy-paraglidingu\/paraglidingovy-trenink\/\"},{\"@type\":\"ListItem\",\"position\":4,\"name\":\"Trening po kursie ( POKURS\u00d3WKI )\"}]},{\"@type\":\"WebSite\",\"@id\":\"https:\/\/elspeedo.cz\/#website\",\"url\":\"https:\/\/elspeedo.cz\/\",\"name\":\"El Speedo\",\"description\":\"Paragliding - kurzy, vybaven\u00ed, v\u00fdlety, komunita\",\"potentialAction\":[{\"@type\":\"SearchAction\",\"target\":{\"@type\":\"EntryPoint\",\"urlTemplate\":\"https:\/\/elspeedo.cz\/?s={search_term_string}\"},\"query-input\":{\"@type\":\"PropertyValueSpecification\",\"valueRequired\":true,\"valueName\":\"search_term_string\"}}],\"inLanguage\":\"pl-PL\"}]}<\/script>\n<!-- \/ Yoast SEO plugin. -->","yoast_head_json":{"title":"Trening po kursie ( POKURS\u00d3WKI ) &#8212; El Speedo","description":"\u201ePokurs\u00f3wki\u201c to 3 dni nauki i latania pod nadzorem i z asyst\u0105 instruktora. Wypo\u017cyczymy Ci ca\u0142y sprz\u0119t, dostaniesz mo\u017cliwo\u015b\u0107 wypr\u00f3bowania innych skrzyde\u0142...","robots":{"index":"index","follow":"follow","max-snippet":"max-snippet:-1","max-image-preview":"max-image-preview:large","max-video-preview":"max-video-preview:-1"},"canonical":"https:\/\/elspeedo.cz\/kurzy-paraglidingu\/paraglidingovy-trenink\/pokurzovky\/","og_locale":"pl_PL","og_type":"article","og_title":"Trening po kursie ( POKURS\u00d3WKI ) &#8212; El Speedo","og_description":"\u201ePokurs\u00f3wki\u201c to 3 dni nauki i latania pod nadzorem i z asyst\u0105 instruktora. Wypo\u017cyczymy Ci ca\u0142y sprz\u0119t, dostaniesz mo\u017cliwo\u015b\u0107 wypr\u00f3bowania innych skrzyde\u0142...","og_url":"https:\/\/elspeedo.cz\/kurzy-paraglidingu\/paraglidingovy-trenink\/pokurzovky\/","og_site_name":"El Speedo","article_publisher":"http:\/\/www.facebook.com\/paragliding.elspeedo.cz\/?fref=ts","article_modified_time":"2021-11-17T13:04:52+00:00","twitter_card":"summary_large_image","twitter_misc":{"Szacowany czas czytania":"4 minuty"},"schema":{"@context":"https:\/\/schema.org","@graph":[{"@type":"WebPage","@id":"https:\/\/elspeedo.cz\/kurzy-paraglidingu\/paraglidingovy-trenink\/pokurzovky\/","url":"https:\/\/elspeedo.cz\/kurzy-paraglidingu\/paraglidingovy-trenink\/pokurzovky\/","name":"Trening po kursie ( POKURS\u00d3WKI ) &#8212; El Speedo","isPartOf":{"@id":"https:\/\/elspeedo.cz\/#website"},"datePublished":"2016-12-06T09:56:57+00:00","dateModified":"2021-11-17T13:04:52+00:00","description":"\u201ePokurs\u00f3wki\u201c to 3 dni nauki i latania pod nadzorem i z asyst\u0105 instruktora. Wypo\u017cyczymy Ci ca\u0142y sprz\u0119t, dostaniesz mo\u017cliwo\u015b\u0107 wypr\u00f3bowania innych skrzyde\u0142...","breadcrumb":{"@id":"https:\/\/elspeedo.cz\/kurzy-paraglidingu\/paraglidingovy-trenink\/pokurzovky\/#breadcrumb"},"inLanguage":"pl-PL","potentialAction":[{"@type":"ReadAction","target":["https:\/\/elspeedo.cz\/kurzy-paraglidingu\/paraglidingovy-trenink\/pokurzovky\/"]}]},{"@type":"BreadcrumbList","@id":"https:\/\/elspeedo.cz\/kurzy-paraglidingu\/paraglidingovy-trenink\/pokurzovky\/#breadcrumb","itemListElement":[{"@type":"ListItem","position":1,"name":"Dom\u016f","item":"https:\/\/elspeedo.cz\/pl\/"},{"@type":"ListItem","position":2,"name":"Kursy Paralotniarstwa","item":"https:\/\/elspeedo.cz\/pl\/kursy-paralotniarstwa\/"},{"@type":"ListItem","position":3,"name":"Trening paralotniowy","item":"https:\/\/elspeedo.cz\/kurzy-paraglidingu\/paraglidingovy-trenink\/"},{"@type":"ListItem","position":4,"name":"Trening po kursie ( POKURS\u00d3WKI )"}]},{"@type":"WebSite","@id":"https:\/\/elspeedo.cz\/#website","url":"https:\/\/elspeedo.cz\/","name":"El Speedo","description":"Paragliding - kurzy, vybaven\u00ed, v\u00fdlety, komunita","potentialAction":[{"@type":"SearchAction","target":{"@type":"EntryPoint","urlTemplate":"https:\/\/elspeedo.cz\/?s={search_term_string}"},"query-input":{"@type":"PropertyValueSpecification","valueRequired":true,"valueName":"search_term_string"}}],"inLanguage":"pl-PL"}]}},"_links":{"self":[{"href":"https:\/\/elspeedo.cz\/pl\/wp-json\/wp\/v2\/pages\/15154","targetHints":{"allow":["GET"]}}],"collection":[{"href":"https:\/\/elspeedo.cz\/pl\/wp-json\/wp\/v2\/pages"}],"about":[{"href":"https:\/\/elspeedo.cz\/pl\/wp-json\/wp\/v2\/types\/page"}],"author":[{"embeddable":true,"href":"https:\/\/elspeedo.cz\/pl\/wp-json\/wp\/v2\/users\/4"}],"replies":[{"embeddable":true,"href":"https:\/\/elspeedo.cz\/pl\/wp-json\/wp\/v2\/comments?post=15154"}],"version-history":[{"count":2,"href":"https:\/\/elspeedo.cz\/pl\/wp-json\/wp\/v2\/pages\/15154\/revisions"}],"predecessor-version":[{"id":175364,"href":"https:\/\/elspeedo.cz\/pl\/wp-json\/wp\/v2\/pages\/15154\/revisions\/175364"}],"up":[{"embeddable":true,"href":"https:\/\/elspeedo.cz\/pl\/wp-json\/wp\/v2\/pages\/15533"}],"wp:attachment":[{"href":"https:\/\/elspeedo.cz\/pl\/wp-json\/wp\/v2\/media?parent=15154"}],"curies":[{"name":"wp","href":"https:\/\/api.w.org\/{rel}","templated":true}]}}