{"id":15162,"date":"2016-12-07T17:30:51","date_gmt":"2016-12-07T16:30:51","guid":{"rendered":"https:\/\/elspeedo.cz\/apt-trenink\/"},"modified":"2019-02-07T18:20:42","modified_gmt":"2019-02-07T17:20:42","slug":"trening-apt","status":"publish","type":"page","link":"https:\/\/elspeedo.cz\/pl\/kursy-paralotniarstwa\/trening-paralotniowy\/trening-apt\/","title":{"rendered":"Trening APT"},"content":{"rendered":"<div class=\"wpb-content-wrapper\">[mk_page_section bg_color=&#8221;#e7e7e7&#8243; video_loop=&#8221;false&#8221; padding_top=&#8221;0&#8243; padding_bottom=&#8221;0&#8243; sidebar=&#8221;sidebar-1&#8243;][vc_column width=&#8221;1\/2&#8243; css=&#8221;.vc_custom_1492887699585{padding-top: 30px !important;}&#8221;][vc_single_image image=&#8221;38612&#8243; img_size=&#8221;full&#8221; alignment=&#8221;center&#8221; style=&#8221;vc_box_rounded&#8221;][\/vc_column][vc_column width=&#8221;1\/2&#8243; css=&#8221;.vc_custom_1492887705545{padding-top: 20px !important;}&#8221;][vc_column_text align=&#8221;center&#8221;]\n<h2 style=\"text-align: center\">Na\u0142aduj baterie \u2013 wyruszamy w powietrze!<\/h2>\n<p style=\"text-align: center\">Szkolenie, kt\u00f3re wyniesie ci\u0119 na wy\u017cyny. Loty termiczne po\u0142\u0105czone z\u00a0pe\u0142nym szkoleniem pilota\u017cu aktywnego, manewr\u00f3w wytracania wysoko\u015bci i manewr\u00f3w unikowych, najr\u00f3\u017cniejszych sposob\u00f3w podwini\u0119cia czo\u0142owego \u2013 a na dodatek w znanych terenach alpejskich \u2013 to jest El Speedo Trening APT!<\/p>\n<p style=\"text-align: center\">Je\u017celi szukasz w naszej ofercie starszego produktu \u201eTrening bezpiecze\u0144stwa\u201c, to Trening APT to praktycznie to samo, tylko bez treningu spirali, ale z\u00a0wi\u0119ksz\u0105 uwag\u0105 skupion\u0105 na pilota\u017cu aktywnym.<\/p>\n[\/vc_column_text][\/vc_column][\/mk_page_section][mk_page_section video_loop=&#8221;false&#8221; padding_top=&#8221;100&#8243; padding_bottom=&#8221;100&#8243; sidebar=&#8221;sidebar-1&#8243;][vc_column][vc_column_text align=&#8221;center&#8221;]\n<div id=\"text-block-7\" class=\"mk-text-block \">\n<h1 style=\"text-align: center\">Terminy i rezerwacje<\/h1>\n<\/div>\n[\/vc_column_text][mk_padding_divider][vc_column_text]\t<p>There are no upcoming events at this time.<\/p>\n[\/vc_column_text][\/vc_column][\/mk_page_section][vc_row fullwidth=&#8221;true&#8221; fullwidth_content=&#8221;false&#8221; css=&#8221;.vc_custom_1481018840064{padding-bottom: 30px !important;background-color: #e7e7e7 !important;}&#8221;][vc_column width=&#8221;2\/3&#8243;][mk_padding_divider size=&#8221;60&#8243;][vc_column_text disable_pattern=&#8221;false&#8221;]\n<h1>Aktywny Pilota\u017c w termice<\/h1>\n<p>Przedpo\u0142udniowy trening aktywnego pilota\u017cu, precyzyjne rozwi\u0105zywanie najr\u00f3\u017cniejszych sytuacji niestandardowych podczas lotu i manewr\u00f3w wytracania wysoko\u015bci, po\u0142\u0105czony z\u00a0popo\u0142udniowym intensywnym lataniem w termice \u2013 to jest El Speedo spos\u00f3b na zwi\u0119kszenie Twego bezpiecznego nalotu w warunkach aktywnych termicznie.<\/p>\n<p>Ka\u017cdy uczestnik kursu otrzymuje na czas treningu kamer\u0119 sportow\u0105 o wysokiej rozdzielczo\u015bci, kt\u00f3re stosujemy podczas Kurs\u00f3w SIV i Trening\u00f3w bezpiecze\u0144stwa. Na startowisku i na l\u0105dowisku zawsze jest do dyspozycji instruktor &#8211; tak jak na Kursie podstawowym. Instruktor na startowisku troszczy si\u0119 o bezpieczny przebieg startu i nawigacj\u0119 w kierunku pr\u0105d\u00f3w wznosz\u0105cych. Instruktor na l\u0105dowisku uczy aktywnego pilota\u017cu, precyzyjnego wykonania oraz wyj\u015bcia z podwini\u0119\u0107 czo\u0142owych i jednostronnych oraz manewr\u00f3w wytracania wysoko\u015bci i manewr\u00f3w ucieczki.<\/p>\n<p>Nasz system edukacyjny PES (Pilot Education System) umo\u017cliwia nam na bie\u017c\u0105co zapisywa\u0107 przebieg \u0107wicze\u0144 ka\u017cdego pilota, dzi\u0119ki czemu nie mo\u017cna nie zauwa\u017cy\u0107 jakichkolwiek powtarzaj\u0105cych si\u0119, albo nawi\u0105zuj\u0105cych do siebie b\u0142\u0119d\u00f3w. Analiza filmik\u00f3w z\u00a0kamery pilota odkryje powi\u0105zania pomi\u0119dzy b\u0142\u0119dami i pozwala na szybsze znalezienie sposobu ich unikania. Tw\u00f3j zapa\u0142 do nauki i treningu ma bezpo\u015bredni wp\u0142yw na Twoje bezpieczne, samodzielne, swobodne latanie.<\/p>\n<p><strong>Warunki uczestnictwa:<\/strong><\/p>\n<ul>\n<li>wa\u017cna licencja pilota,<\/li>\n<li>wa\u017cne ubezpieczenie turystyczne,<\/li>\n<li>minimum PL-A.<\/li>\n<\/ul>\n<p><strong>Wymagania fizyczne:<\/strong> niskie &#8211; \u015brednie<\/p>\n<p><strong>Zalecany nalot pilota:<\/strong><\/p>\n<ul>\n<li>nie gra roli,<\/li>\n<li>kategoria El Speedo PILOT 1 \u2013 5,<\/li>\n<li>wycieczka dla \u015bwie\u017cych absolwent\u00f3w Kurs\u00f3w podstawowych i dla lekko zaawansowanych pilot\u00f3w.<\/li>\n<\/ul>\n<p><strong>Cele Treningu APT:<\/strong><\/p>\n<ul>\n<li>powi\u0119kszenie ilo\u015bci godzin sp\u0119dzonych w powietrzu,<\/li>\n<li>opanowanie regu\u0142 pilota\u017cu aktywnego,<\/li>\n<li>w\u0142a\u015bciwe rozwi\u0105zywanie czo\u0142owego i jednostronnego podwini\u0119cia, w\u0142\u0105cznie podwini\u0119\u0107 w czasie lotu na speed systemie,<\/li>\n<li>doskona\u0142e opanowanie manewr\u00f3w wytracania wysoko\u015bci i manewr\u00f3w ucieczki (speed system, za\u0142o\u017cenie uszu na speed systemie, B-stall).<\/li>\n<\/ul>\n<p><strong>\u00a0<\/strong><strong>Czas trwania Treningu APT:<\/strong><\/p>\n<ul>\n<li>zazwyczaj\u00a05 dni,<\/li>\n<li>najcz\u0119\u015bciej wyruszamy we wtorek wieczorem a wracamy w niedziel\u0119 w nocy albo nad ranem w poniedzia\u0142ek.<\/li>\n<\/ul>\n<p><strong>\u0106wiczenia praktyczne:<\/strong><\/p>\n<ul>\n<li>dok\u0142adne sprawdzenie ca\u0142ego systemu zapasowego,<\/li>\n<li>techniki lotu w pr\u0105dach termicznych,<\/li>\n<li>asymetryczne podwini\u0119cie dynamiczne, trzymane i sterowane w kombinacji z\u00a0u\u017cytym speed systemem,<\/li>\n<li>podwini\u0119cie czo\u0142owe bez, i przy u\u017cyciu speeda,<\/li>\n<li>motylek,<\/li>\n<li>B-stall z\u00a0korekt\u0105 ewentualnej zmiany kierunku lotu,<\/li>\n<li>kombinacja ma\u0142ych uszy i speed systemu,<\/li>\n<li>zakr\u0119ty na za\u0142o\u017conych uszach,<\/li>\n<li>du\u017ce uszy bez i przy u\u017cyciu speeda.<\/li>\n<\/ul>\n<p><strong>\u00a0<\/strong><strong>Tematy nauki teoretycznej:<\/strong><\/p>\n<ul>\n<li>meteorologia i zjawiska atmosferyczne zwi\u0105zane z\u00a0lataniem w termice,<\/li>\n<li>problematyka pilota\u017cu aktywnego,<\/li>\n<li>w\u0142a\u015bciwe rozwi\u0105zania podwini\u0119\u0107 czo\u0142owych i jednostronnych,<\/li>\n<li>opis i w\u0142a\u015bciwe wykonanie manewr\u00f3w wytracania wysoko\u015bci,<\/li>\n<li>opis i w\u0142a\u015bciwe wykonanie manewr\u00f3w ucieczki,<\/li>\n<li>rodzaje i sposoby u\u017cycia spadochronu zapasowego.<\/li>\n<\/ul>\n<p><strong>Gdzie:<\/strong><\/p>\n<ul>\n<li>Basano del Grappa, W\u0142ochy,<\/li>\n<li>Lijak, S\u0142owenia,<\/li>\n<li>Meduno, W\u0142ochy.<\/li>\n<\/ul>\n<p><strong>\u00a0<\/strong><strong>Zabezpieczenie personalne:<\/strong><\/p>\n<ul>\n<li>instruktor niestandardowych tryb\u00f3w lotniczych,<\/li>\n<li>instruktor podstawowego szkolenia paralotniarskiego.<\/li>\n<\/ul>\n<p><strong>\u00a0<\/strong><strong>Cena: 5900 CZK<\/strong><\/p>\n<ul>\n<li>nasi absolwenci zyskuj\u0105 zni\u017ck\u0119 od 10% do 50%.<\/li>\n<\/ul>\n<p><strong>\u00a0<\/strong><strong>W cenie kursu:<\/strong><\/p>\n<ul>\n<li>praca instruktor\u00f3w \u2013 nauka teoretyczna i praktyczna,<\/li>\n<li>wypo\u017cyczenie sportowej mini kamery,<\/li>\n<li>wypo\u017cyczenie radia ze s\u0142uchawkami,<\/li>\n<li>nagranie z\u00a0\u0107wicze\u0144 manewr\u00f3w na kamer\u0119 i analiza nagra\u0144,<\/li>\n<li>konto \u201eStudent\u201c wa\u017cne jeden rok na stronie paragliding.cz,<\/li>\n<li>us\u0142ugi serwisowe podczas napraw lub dostosowywania sprz\u0119tu,<\/li>\n<li>wyjazdy na startowisko,<\/li>\n<li>przedmioty upominkowe, koszulka El Speedo \u2013 flying community,<\/li>\n<li>nagrania z\u00a0kamery,<\/li>\n<li>fotografie z\u00a0przebiegu kursu,<\/li>\n<li>certyfikat potwierdzaj\u0105cy opanowanie manewr\u00f3w.<\/li>\n<\/ul>\n<p><strong>Mo\u017cesz od nas po\u017cyczy\u0107:<\/strong><\/p>\n<ul>\n<li>\u015bpiwory i namioty Hannah,<\/li>\n<li>paralotni\u0119 wy\u017cszej kategorii,<\/li>\n<li>vario i urz\u0105dzenie GPS.<\/li>\n<\/ul>\n<p><strong>Pomo\u017cemy Ci za\u0142atwi\u0107:<\/strong><\/p>\n<ul>\n<li>op\u0142aty za u\u017cywanie startowisk i l\u0105dowisk,<\/li>\n<li>zakwaterowanie i wyw\u017cywienie,<\/li>\n<li>transport do miejsca treningu.<\/li>\n<\/ul>\n<p><strong>Transport do miejsca<\/strong> <strong>treningu:<\/strong><\/p>\n<ul>\n<li>razem El-busem, albo indywidualnie.<\/li>\n<\/ul>\n[\/vc_column_text][\/vc_column][vc_column width=&#8221;1\/3&#8243; css=&#8221;.vc_custom_1493022784923{padding-top: 40px !important;}&#8221;][vc_media_grid style=&#8221;load-more&#8221; items_per_page=&#8221;18&#8243; element_width=&#8221;6&#8243; btn_title=&#8221;Wi\u0119cej&#8221; btn_style=&#8221;custom&#8221; btn_custom_text=&#8221;#666666&#8243; btn_add_icon=&#8221;true&#8221; btn_custom_onclick=&#8221;true&#8221; grid_id=&#8221;vc_gid:1495012418220-1a09f18e-8a74-7&#8243; include=&#8221;18773,18774,18775,18776,18777,18778,18779,18780,18781,18782,18783,18784,18785,18786,18787,18788,18789,18790,18791,18792,18793,18794,18795,18798,18799,18800,18801,18802,18803,18804,18805,18806&#8243;][\/vc_column][\/vc_row][mk_page_section bg_color=&#8221;#272727&#8243; bg_position=&#8221;center center&#8221; video_loop=&#8221;false&#8221; js_vertical_centered=&#8221;true&#8221; padding_top=&#8221;60&#8243; padding_bottom=&#8221;060&#8243; el_class=&#8221;sc-dark&#8221; sidebar=&#8221;sidebar-1&#8243;][vc_column][mk_fancy_title color=&#8221;#ffffff&#8221; size=&#8221;52&#8243; force_font_size=&#8221;true&#8221; size_phone=&#8221;32&#8243; font_family=&#8221;none&#8221; align=&#8221;center&#8221;]\n<p style=\"text-align: center\">Program absolwencki<\/p>\n[\/mk_fancy_title][vc_column_text disable_pattern=&#8221;false&#8221; align=&#8221;center&#8221;]\n<p style=\"text-align: center\">Zdolno\u015bci pilota klasyfikujemy do 5 podstawowych poziom\u00f3w. Wed\u0142ug tych poziom\u00f3w mo\u017cna wybiera\u0107 konkretne kursy. Celem jest osi\u0105gni\u0119cie podobnego poziomu umiej\u0119tno\u015bci uczestnik\u00f3w kursu i jak najbardziej efektowny proces nauki. W dodatku im wi\u0119cej umiesz, tym mniej p\u0142acisz \u2026<\/p>\n[\/vc_column_text][mk_button dimension=&#8221;outline&#8221; corner_style=&#8221;rounded&#8221; size=&#8221;large&#8221; url=&#8221;https:\/\/elspeedo.cz\/pl\/kursy\/program-absolwencki\/&#8221; align=&#8221;center&#8221; margin_right=&#8221;0&#8243; el_class=&#8221;basic-button&#8221; outline_skin=&#8221;light&#8221;]Wi\u0119cej o programie\u2026<br \/>\n[\/mk_button][\/vc_column][\/mk_page_section]\n<\/div>","protected":false},"excerpt":{"rendered":"<p>[mk_page_section bg_color=&#8221;#e7e7e7&#8243; video_loop=&#8221;false&#8221; padding_top=&#8221;0&#8243; padding_bottom=&#8221;0&#8243; sidebar=&#8221;sidebar-1&#8243;][vc_column width=&#8221;1\/2&#8243; css=&#8221;.vc_custom_1492887699585{padding-top: 30px !important;}&#8221;][vc_single_image image=&#8221;38612&#8243; img_size=&#8221;full&#8221; alignment=&#8221;center&#8221; style=&#8221;vc_box_rounded&#8221;][\/vc_column][vc_column width=&#8221;1\/2&#8243; css=&#8221;.vc_custom_1492887705545{padding-top: 20px !important;}&#8221;][vc_column_text align=&#8221;center&#8221;] Na\u0142aduj baterie \u2013 wyruszamy w powietrze! Szkolenie, kt\u00f3re wyniesie ci\u0119 na wy\u017cyny. Loty termiczne po\u0142\u0105czone z\u00a0pe\u0142nym szkoleniem pilota\u017cu aktywnego, manewr\u00f3w wytracania wysoko\u015bci i manewr\u00f3w unikowych, najr\u00f3\u017cniejszych sposob\u00f3w podwini\u0119cia czo\u0142owego \u2013 a na dodatek w znanych terenach [&hellip;]<\/p>\n","protected":false},"author":7,"featured_media":0,"parent":15533,"menu_order":0,"comment_status":"closed","ping_status":"closed","template":"","meta":{"_tribe_blocks_recurrence_rules":"","_tribe_blocks_recurrence_exclusions":"","_tribe_blocks_recurrence_description":"","footnotes":""},"class_list":["post-15162","page","type-page","status-publish","hentry"],"yoast_head":"<!-- This site is optimized with the Yoast SEO plugin v27.0 - https:\/\/yoast.com\/product\/yoast-seo-wordpress\/ -->\n<title>Trening APT &#8212; El Speedo<\/title>\n<meta name=\"description\" content=\"Trening APT wyniesie ci\u0119 na wy\u017cyny. Pe\u0142ne szkolenie pilota\u017cu aktywnego, manewr\u00f3w wytracania wysoko\u015bci i manewr\u00f3w unikowych, najr\u00f3\u017cniejszych sposob\u00f3w...\" \/>\n<meta name=\"robots\" content=\"index, follow, max-snippet:-1, max-image-preview:large, max-video-preview:-1\" \/>\n<link rel=\"canonical\" href=\"https:\/\/elspeedo.cz\/kurzy-paraglidingu\/paraglidingovy-trenink\/apt-trenink\/\" \/>\n<meta property=\"og:locale\" content=\"pl_PL\" \/>\n<meta property=\"og:type\" content=\"article\" \/>\n<meta property=\"og:title\" content=\"Trening APT &#8212; El Speedo\" \/>\n<meta property=\"og:description\" content=\"Trening APT wyniesie ci\u0119 na wy\u017cyny. Pe\u0142ne szkolenie pilota\u017cu aktywnego, manewr\u00f3w wytracania wysoko\u015bci i manewr\u00f3w unikowych, najr\u00f3\u017cniejszych sposob\u00f3w...\" \/>\n<meta property=\"og:url\" content=\"https:\/\/elspeedo.cz\/kurzy-paraglidingu\/paraglidingovy-trenink\/apt-trenink\/\" \/>\n<meta property=\"og:site_name\" content=\"El Speedo\" \/>\n<meta property=\"article:publisher\" content=\"http:\/\/www.facebook.com\/paragliding.elspeedo.cz\/?fref=ts\" \/>\n<meta property=\"article:modified_time\" content=\"2019-02-07T17:20:42+00:00\" \/>\n<meta name=\"twitter:card\" content=\"summary_large_image\" \/>\n<meta name=\"twitter:label1\" content=\"Szacowany czas czytania\" \/>\n\t<meta name=\"twitter:data1\" content=\"5 minut\" \/>\n<script type=\"application\/ld+json\" class=\"yoast-schema-graph\">{\"@context\":\"https:\/\/schema.org\",\"@graph\":[{\"@type\":\"WebPage\",\"@id\":\"https:\/\/elspeedo.cz\/kurzy-paraglidingu\/paraglidingovy-trenink\/apt-trenink\/\",\"url\":\"https:\/\/elspeedo.cz\/kurzy-paraglidingu\/paraglidingovy-trenink\/apt-trenink\/\",\"name\":\"Trening APT &#8212; El Speedo\",\"isPartOf\":{\"@id\":\"https:\/\/elspeedo.cz\/#website\"},\"datePublished\":\"2016-12-07T16:30:51+00:00\",\"dateModified\":\"2019-02-07T17:20:42+00:00\",\"description\":\"Trening APT wyniesie ci\u0119 na wy\u017cyny. Pe\u0142ne szkolenie pilota\u017cu aktywnego, manewr\u00f3w wytracania wysoko\u015bci i manewr\u00f3w unikowych, najr\u00f3\u017cniejszych sposob\u00f3w...\",\"breadcrumb\":{\"@id\":\"https:\/\/elspeedo.cz\/kurzy-paraglidingu\/paraglidingovy-trenink\/apt-trenink\/#breadcrumb\"},\"inLanguage\":\"pl-PL\",\"potentialAction\":[{\"@type\":\"ReadAction\",\"target\":[\"https:\/\/elspeedo.cz\/kurzy-paraglidingu\/paraglidingovy-trenink\/apt-trenink\/\"]}]},{\"@type\":\"BreadcrumbList\",\"@id\":\"https:\/\/elspeedo.cz\/kurzy-paraglidingu\/paraglidingovy-trenink\/apt-trenink\/#breadcrumb\",\"itemListElement\":[{\"@type\":\"ListItem\",\"position\":1,\"name\":\"Dom\u016f\",\"item\":\"https:\/\/elspeedo.cz\/pl\/\"},{\"@type\":\"ListItem\",\"position\":2,\"name\":\"Kursy Paralotniarstwa\",\"item\":\"https:\/\/elspeedo.cz\/pl\/kursy-paralotniarstwa\/\"},{\"@type\":\"ListItem\",\"position\":3,\"name\":\"Trening paralotniowy\",\"item\":\"https:\/\/elspeedo.cz\/kurzy-paraglidingu\/paraglidingovy-trenink\/\"},{\"@type\":\"ListItem\",\"position\":4,\"name\":\"Trening APT\"}]},{\"@type\":\"WebSite\",\"@id\":\"https:\/\/elspeedo.cz\/#website\",\"url\":\"https:\/\/elspeedo.cz\/\",\"name\":\"El Speedo\",\"description\":\"Paragliding - kurzy, vybaven\u00ed, v\u00fdlety, komunita\",\"potentialAction\":[{\"@type\":\"SearchAction\",\"target\":{\"@type\":\"EntryPoint\",\"urlTemplate\":\"https:\/\/elspeedo.cz\/?s={search_term_string}\"},\"query-input\":{\"@type\":\"PropertyValueSpecification\",\"valueRequired\":true,\"valueName\":\"search_term_string\"}}],\"inLanguage\":\"pl-PL\"}]}<\/script>\n<!-- \/ Yoast SEO plugin. -->","yoast_head_json":{"title":"Trening APT &#8212; El Speedo","description":"Trening APT wyniesie ci\u0119 na wy\u017cyny. Pe\u0142ne szkolenie pilota\u017cu aktywnego, manewr\u00f3w wytracania wysoko\u015bci i manewr\u00f3w unikowych, najr\u00f3\u017cniejszych sposob\u00f3w...","robots":{"index":"index","follow":"follow","max-snippet":"max-snippet:-1","max-image-preview":"max-image-preview:large","max-video-preview":"max-video-preview:-1"},"canonical":"https:\/\/elspeedo.cz\/kurzy-paraglidingu\/paraglidingovy-trenink\/apt-trenink\/","og_locale":"pl_PL","og_type":"article","og_title":"Trening APT &#8212; El Speedo","og_description":"Trening APT wyniesie ci\u0119 na wy\u017cyny. Pe\u0142ne szkolenie pilota\u017cu aktywnego, manewr\u00f3w wytracania wysoko\u015bci i manewr\u00f3w unikowych, najr\u00f3\u017cniejszych sposob\u00f3w...","og_url":"https:\/\/elspeedo.cz\/kurzy-paraglidingu\/paraglidingovy-trenink\/apt-trenink\/","og_site_name":"El Speedo","article_publisher":"http:\/\/www.facebook.com\/paragliding.elspeedo.cz\/?fref=ts","article_modified_time":"2019-02-07T17:20:42+00:00","twitter_card":"summary_large_image","twitter_misc":{"Szacowany czas czytania":"5 minut"},"schema":{"@context":"https:\/\/schema.org","@graph":[{"@type":"WebPage","@id":"https:\/\/elspeedo.cz\/kurzy-paraglidingu\/paraglidingovy-trenink\/apt-trenink\/","url":"https:\/\/elspeedo.cz\/kurzy-paraglidingu\/paraglidingovy-trenink\/apt-trenink\/","name":"Trening APT &#8212; El Speedo","isPartOf":{"@id":"https:\/\/elspeedo.cz\/#website"},"datePublished":"2016-12-07T16:30:51+00:00","dateModified":"2019-02-07T17:20:42+00:00","description":"Trening APT wyniesie ci\u0119 na wy\u017cyny. Pe\u0142ne szkolenie pilota\u017cu aktywnego, manewr\u00f3w wytracania wysoko\u015bci i manewr\u00f3w unikowych, najr\u00f3\u017cniejszych sposob\u00f3w...","breadcrumb":{"@id":"https:\/\/elspeedo.cz\/kurzy-paraglidingu\/paraglidingovy-trenink\/apt-trenink\/#breadcrumb"},"inLanguage":"pl-PL","potentialAction":[{"@type":"ReadAction","target":["https:\/\/elspeedo.cz\/kurzy-paraglidingu\/paraglidingovy-trenink\/apt-trenink\/"]}]},{"@type":"BreadcrumbList","@id":"https:\/\/elspeedo.cz\/kurzy-paraglidingu\/paraglidingovy-trenink\/apt-trenink\/#breadcrumb","itemListElement":[{"@type":"ListItem","position":1,"name":"Dom\u016f","item":"https:\/\/elspeedo.cz\/pl\/"},{"@type":"ListItem","position":2,"name":"Kursy Paralotniarstwa","item":"https:\/\/elspeedo.cz\/pl\/kursy-paralotniarstwa\/"},{"@type":"ListItem","position":3,"name":"Trening paralotniowy","item":"https:\/\/elspeedo.cz\/kurzy-paraglidingu\/paraglidingovy-trenink\/"},{"@type":"ListItem","position":4,"name":"Trening APT"}]},{"@type":"WebSite","@id":"https:\/\/elspeedo.cz\/#website","url":"https:\/\/elspeedo.cz\/","name":"El Speedo","description":"Paragliding - kurzy, vybaven\u00ed, v\u00fdlety, komunita","potentialAction":[{"@type":"SearchAction","target":{"@type":"EntryPoint","urlTemplate":"https:\/\/elspeedo.cz\/?s={search_term_string}"},"query-input":{"@type":"PropertyValueSpecification","valueRequired":true,"valueName":"search_term_string"}}],"inLanguage":"pl-PL"}]}},"_links":{"self":[{"href":"https:\/\/elspeedo.cz\/pl\/wp-json\/wp\/v2\/pages\/15162","targetHints":{"allow":["GET"]}}],"collection":[{"href":"https:\/\/elspeedo.cz\/pl\/wp-json\/wp\/v2\/pages"}],"about":[{"href":"https:\/\/elspeedo.cz\/pl\/wp-json\/wp\/v2\/types\/page"}],"author":[{"embeddable":true,"href":"https:\/\/elspeedo.cz\/pl\/wp-json\/wp\/v2\/users\/7"}],"replies":[{"embeddable":true,"href":"https:\/\/elspeedo.cz\/pl\/wp-json\/wp\/v2\/comments?post=15162"}],"version-history":[{"count":0,"href":"https:\/\/elspeedo.cz\/pl\/wp-json\/wp\/v2\/pages\/15162\/revisions"}],"up":[{"embeddable":true,"href":"https:\/\/elspeedo.cz\/pl\/wp-json\/wp\/v2\/pages\/15533"}],"wp:attachment":[{"href":"https:\/\/elspeedo.cz\/pl\/wp-json\/wp\/v2\/media?parent=15162"}],"curies":[{"name":"wp","href":"https:\/\/api.w.org\/{rel}","templated":true}]}}