{"id":15166,"date":"2016-12-07T17:36:17","date_gmt":"2016-12-07T16:36:17","guid":{"rendered":"https:\/\/elspeedo.cz\/expedicni-vylety\/"},"modified":"2021-11-17T14:07:28","modified_gmt":"2021-11-17T13:07:28","slug":"wycieczki-ekspedycyjne","status":"publish","type":"page","link":"https:\/\/elspeedo.cz\/pl\/kursy-paralotniarstwa\/trening-paralotniowy\/wycieczki-ekspedycyjne\/","title":{"rendered":"Wycieczki ekspedycyjne"},"content":{"rendered":"<div class=\"wpb-content-wrapper\">[mk_page_section bg_color=&#8221;#f4f4f4&#8243; video_loop=&#8221;false&#8221; padding_top=&#8221;0&#8243; padding_bottom=&#8221;0&#8243; sidebar=&#8221;sidebar-1&#8243;][vc_column width=&#8221;1\/2&#8243; css=&#8221;.vc_custom_1492888458273{padding-top: 30px !important;}&#8221;][vc_single_image image=&#8221;18995&#8243; img_size=&#8221;full&#8221; alignment=&#8221;center&#8221; style=&#8221;vc_box_rounded&#8221;][\/vc_column][vc_column width=&#8221;1\/2&#8243; css=&#8221;.vc_custom_1492888464929{padding-top: 20px !important;}&#8221;][vc_column_text disable_pattern=&#8221;false&#8221; align=&#8221;center&#8221;]\n<h1 style=\"text-align: center;\">Przygoda, kt\u00f3r\u0105 warto zaliczy\u0107!<\/h1>\n<p style=\"text-align: center;\">W tym momencie nie jest najwa\u017cniejszy poziom Twoich umiej\u0119tno\u015bci lotniczych, ale Twoja ch\u0119\u0107 do poznawania nowych miejsc, nowych przyjacio\u0142, ciekawych teren\u00f3w. Nawet poza g\u0142\u00f3wnym sezonem lotniczym.<\/p>\n<p style=\"text-align: center;\">Regularnie organizujemy wycieczki do wspania\u0142ych, wielokrotnie sprawdzonych, ale r\u00f3wnie\u017c nie za bardzo znanych obszar\u00f3w lotniczych. Do\u0142\u0105cz do nas i zachwycaj si\u0119 paralotniarstwem.<\/p>\n[\/vc_column_text][\/vc_column][\/mk_page_section][mk_page_section video_loop=&#8221;false&#8221; padding_top=&#8221;60&#8243; padding_bottom=&#8221;60&#8243; sidebar=&#8221;sidebar-1&#8243;][vc_column][vc_column_text align=&#8221;center&#8221;]\n<h1 style=\"text-align: center;\">Terminy i rezerwacje<\/h1>\n[\/vc_column_text][mk_padding_divider][vc_column_text]\t<p>There are no upcoming events at this time.<\/p>\n[\/vc_column_text][\/vc_column][\/mk_page_section][vc_row fullwidth=&#8221;true&#8221; fullwidth_content=&#8221;false&#8221; css=&#8221;.vc_custom_1481018840064{padding-bottom: 30px !important;background-color: #e7e7e7 !important;}&#8221;][vc_column width=&#8221;2\/3&#8243;][mk_padding_divider size=&#8221;60&#8243;][vc_column_text disable_pattern=&#8221;false&#8221;]\n<h1 style=\"text-align: left;\">Kto nie siedzi, nie jedzie!<\/h1>\n<p>Europa pe\u0142na jest teren\u00f3w lotniczych. Nasze wycieczki ekspedycyjne przeznaczone s\u0105 dla szerokiej gamy pilot\u00f3w, kt\u00f3rzy z\u00a0nami chc\u0105 te tereny odkrywa\u0107. W tym momencie nie jest najwa\u017cniejszy poziom Twych zdolno\u015bci lotniczych, ale ch\u0119\u0107 do poznawania nowych miejsc i ciekawych ludzi. Mo\u017cesz wyruszy\u0107 z\u00a0nami z\u00a0Beskid\u00f3w, albo mo\u017cemy si\u0119 spotka\u0107 na wcze\u015bniej uzgodnionym miejscu. R\u00f3wnie\u017c podczas Wycieczek ekspedycyjnych nie obni\u017camy standardu naszych us\u0142ug, zatem mo\u017cesz liczy\u0107 na pomoc podczas startu, asyst\u0119 podczas l\u0105dowania, wyjazdy na startowiska, wyk\u0142ady na wszystkie tematy, kt\u00f3re trzeba b\u0119dzie poruszy\u0107. Skorzystaj z\u00a0naszego do\u015bwiadczenia i wyrusz z\u00a0nami poznawa\u0107 latanie poza granicami kraju.<\/p>\n<p><strong>Warunki uczestnictwa:<\/strong><\/p>\n<ul>\n<li>wa\u017cna licencja pilota, minimum PL-A<\/li>\n<\/ul>\n<p><strong>Wymagania fizyczne:<\/strong><\/p>\n<ul>\n<li>niskie \u2013 \u015brednie.<\/li>\n<\/ul>\n<p><strong>Zalecany nalot pilota:<\/strong><\/p>\n<ul>\n<li>nie gra roli,<\/li>\n<li>wycieczka dla \u015bwie\u017cych absolwent\u00f3w Kursu podstawowego i dla d\u0142ugoletnich pilot\u00f3w, lubi\u0105cych zwiedzanie w pozytywnej grupie.<\/li>\n<\/ul>\n<p><strong>\u00a0<\/strong><strong>Cele kursu:<\/strong><\/p>\n<p>Zapozna\u0107 si\u0119 z\u00a0mo\u017cliwie jak najwi\u0119ksz\u0105 ilo\u015bci\u0105 teren\u00f3w lotniczych w danym obszarze, przekaza\u0107 Ci informacje o zaletach i odwrotnie o miejscach, kt\u00f3rych trzeba unika\u0107 w danym terenie, pozna\u0107 lokalne ciekawostki i specjalno\u015bci, nie tylko lotnicze \u2013 o to chodzi podczas naszych Wycieczek ekspedycyjnych.<\/p>\n<p><strong>\u00a0<\/strong><strong>Czas trwania wycieczki: <\/strong>4-7 dni<\/p>\n<p><strong>\u0106wiczenia praktyczne:<\/strong><\/p>\n<ul>\n<li>cechy charakterystyczne r\u00f3\u017cnych teren\u00f3w lotniczych,<\/li>\n<li>w razie potrzeby asysta instruktora na startowisku, czy na l\u0105dowisku.<\/li>\n<\/ul>\n<p><strong>Tematy nauki teoretycznej:<\/strong><\/p>\n<ul>\n<li>manewry wytracania wysoko\u015bci,<\/li>\n<li>analiza innych temat\u00f3w, wed\u0142ug zainteresowania uczestnik\u00f3w.<\/li>\n<\/ul>\n<p><strong>Gdzie:<\/strong><\/p>\n<ul>\n<li>S\u0142owenia,<\/li>\n<li>W\u0142ochy,<\/li>\n<li>Austria,<\/li>\n<li>Francja,<\/li>\n<li>Rumunia,<\/li>\n<li>Bu\u0142garia,<\/li>\n<li>S\u0142owacja,<\/li>\n<li>Hiszpania,<\/li>\n<li>Wyspy Kanaryjskie,<\/li>\n<li>Turcja,<\/li>\n<li>Norwegia<\/li>\n<li>i wiele innych&#8230;<\/li>\n<\/ul>\n<p><strong>Zabezpieczenie personalne:<\/strong><\/p>\n<ul>\n<li>1 instruktor latania w termice,<\/li>\n<li>1 asystent<\/li>\n<\/ul>\n<p><strong>Cena: <\/strong>5900 \u2013 14900 CZK (wed\u0142ug miejsca i czasu),<\/p>\n<ul>\n<li>nasi absolwenci zyskuj\u0105 zni\u017ck\u0119 10%.<\/li>\n<\/ul>\n<p><strong>W cenie wycieczki:<\/strong><\/p>\n<ul>\n<li>praca instruktora,<\/li>\n<li>wypo\u017cyczenie radia,<\/li>\n<li>mapa teren\u00f3w lotniczych,<\/li>\n<li>us\u0142ugi serwisowe podczas napraw i dopasowywania sprz\u0119tu,<\/li>\n<li>transport pomi\u0119dzy terenami lotniczymi,<\/li>\n<li>przedmioty upominkowe, koszulka z\u00a0motywem paralotniarskim,<\/li>\n<li>fotografie z\u00a0wycieczki.<\/li>\n<\/ul>\n<p><strong>Mo\u017cesz od nas po\u017cyczy\u0107:<\/strong><\/p>\n<ul>\n<li>namioty i \u015bpiwory Hannah,<\/li>\n<li>paralotni\u0119 wy\u017cszej kategorii,<\/li>\n<li>vario i urz\u0105dzenie GPS (patrz SKYTEST).<\/li>\n<\/ul>\n<p><strong>Pomo\u017cemy Ci za\u0142atwi\u0107:<\/strong><\/p>\n<ul>\n<li>op\u0142aty za u\u017cywanie startowisk i l\u0105dowisk,<\/li>\n<li>zakwaterowanie i wy\u017cywienie,<\/li>\n<li>transport do miejsca wycieczki.<\/li>\n<\/ul>\n<p><strong>Transport do miejsca wycieczki:<\/strong> razem El-busem, albo indywidualnie[\/vc_column_text][\/vc_column][vc_column width=&#8221;1\/3&#8243; css=&#8221;.vc_custom_1492888351048{padding-top: 40px !important;}&#8221;][vc_media_grid style=&#8221;load-more&#8221; items_per_page=&#8221;18&#8243; element_width=&#8221;6&#8243; btn_title=&#8221;Wi\u0119cej&#8221; btn_style=&#8221;custom&#8221; btn_custom_text=&#8221;#666666&#8243; btn_add_icon=&#8221;true&#8221; btn_custom_onclick=&#8221;true&#8221; grid_id=&#8221;vc_gid:1493207744701-84fe45f1-5712-4&#8243; include=&#8221;18908,18910,18911,18912,18913,18914,18915,18916,18917,18918,18919,18920,18921,18922,18923,18924,18925,18926,18927,18928,18929,18930,18931,18932,18933,18934,18935,18936,18937,18938,18939,18940,18941,18942,18943,18944,18945,18946,18947,18948,18949,18950,18951,18952,18953,18954,18955,18956,18957,18958,18959,18960,18961,18962,18963,18964,18965,18966,18967,18968,18969,18970,18971,18972,18973,18974,18975,18976,18977,18978&#8243;][\/vc_column][\/vc_row][mk_page_section bg_color=&#8221;#272727&#8243; bg_position=&#8221;center center&#8221; video_loop=&#8221;false&#8221; js_vertical_centered=&#8221;true&#8221; padding_top=&#8221;60&#8243; padding_bottom=&#8221;060&#8243; el_class=&#8221;sc-dark&#8221; sidebar=&#8221;sidebar-1&#8243;][vc_column][mk_fancy_title color=&#8221;#ffffff&#8221; size=&#8221;52&#8243; force_font_size=&#8221;true&#8221; size_phone=&#8221;32&#8243; font_family=&#8221;none&#8221; align=&#8221;center&#8221;]\n<p style=\"text-align: center;\">Program absolwencki<\/p>\n[\/mk_fancy_title][vc_column_text disable_pattern=&#8221;false&#8221; align=&#8221;center&#8221;]\n<p style=\"text-align: center;\">Zdolno\u015bci pilota klasyfikujemy do 5 podstawowych poziom\u00f3w. Wed\u0142ug tych poziom\u00f3w mo\u017cna wybiera\u0107 konkretne kursy. Celem jest osi\u0105gni\u0119cie podobnego poziomu umiej\u0119tno\u015bci uczestnik\u00f3w kursu i jak najbardziej efektowny proces nauki. W dodatku im wi\u0119cej umiesz, tym mniej p\u0142acisz \u2026<\/p>\n[\/vc_column_text][mk_button dimension=&#8221;outline&#8221; corner_style=&#8221;rounded&#8221; size=&#8221;large&#8221; url=&#8221;https:\/\/elspeedo.cz\/pl\/kursy\/program-absolwencki\/&#8221; align=&#8221;center&#8221; margin_right=&#8221;0&#8243; el_class=&#8221;basic-button&#8221; outline_skin=&#8221;light&#8221;]Wi\u0119cej o programie\u2026<br \/>\n[\/mk_button][\/vc_column][\/mk_page_section]\n<\/div>","protected":false},"excerpt":{"rendered":"<p>[mk_page_section bg_color=&#8221;#f4f4f4&#8243; video_loop=&#8221;false&#8221; padding_top=&#8221;0&#8243; padding_bottom=&#8221;0&#8243; sidebar=&#8221;sidebar-1&#8243;][vc_column width=&#8221;1\/2&#8243; css=&#8221;.vc_custom_1492888458273{padding-top: 30px !important;}&#8221;][vc_single_image image=&#8221;18995&#8243; img_size=&#8221;full&#8221; alignment=&#8221;center&#8221; style=&#8221;vc_box_rounded&#8221;][\/vc_column][vc_column width=&#8221;1\/2&#8243; css=&#8221;.vc_custom_1492888464929{padding-top: 20px !important;}&#8221;][vc_column_text disable_pattern=&#8221;false&#8221; align=&#8221;center&#8221;] Przygoda, kt\u00f3r\u0105 warto zaliczy\u0107! W tym momencie nie jest najwa\u017cniejszy poziom Twoich umiej\u0119tno\u015bci lotniczych, ale Twoja ch\u0119\u0107 do poznawania nowych miejsc, nowych przyjacio\u0142, ciekawych teren\u00f3w. Nawet poza g\u0142\u00f3wnym sezonem lotniczym. Regularnie organizujemy wycieczki do wspania\u0142ych, [&hellip;]<\/p>\n","protected":false},"author":7,"featured_media":0,"parent":15533,"menu_order":0,"comment_status":"closed","ping_status":"closed","template":"","meta":{"_tribe_blocks_recurrence_rules":"","_tribe_blocks_recurrence_exclusions":"","_tribe_blocks_recurrence_description":"","footnotes":""},"class_list":["post-15166","page","type-page","status-publish","hentry"],"yoast_head":"<!-- This site is optimized with the Yoast SEO plugin v27.0 - https:\/\/yoast.com\/product\/yoast-seo-wordpress\/ -->\n<title>Wycieczki ekspedycyjne &#8212; El Speedo<\/title>\n<meta name=\"description\" content=\"Wycieczki ekspedycyjne - przygoda, kt\u00f3r\u0105 warto zaliczy\u0107! Nie jest najwa\u017cniejszy poziom Twoich umiej\u0119tno\u015bci lotniczych, ale Twoja ch\u0119\u0107 do poznawania nowych..\" \/>\n<meta name=\"robots\" content=\"index, follow, max-snippet:-1, max-image-preview:large, max-video-preview:-1\" \/>\n<link rel=\"canonical\" href=\"https:\/\/elspeedo.cz\/pl\/kursy-paralotniarstwa\/trening-paralotniowy\/wycieczki-ekspedycyjne\/\" \/>\n<meta property=\"og:locale\" content=\"pl_PL\" \/>\n<meta property=\"og:type\" content=\"article\" \/>\n<meta property=\"og:title\" content=\"Wycieczki ekspedycyjne &#8212; El Speedo\" \/>\n<meta property=\"og:description\" content=\"Wycieczki ekspedycyjne - przygoda, kt\u00f3r\u0105 warto zaliczy\u0107! Nie jest najwa\u017cniejszy poziom Twoich umiej\u0119tno\u015bci lotniczych, ale Twoja ch\u0119\u0107 do poznawania nowych..\" \/>\n<meta property=\"og:url\" content=\"https:\/\/elspeedo.cz\/pl\/kursy-paralotniarstwa\/trening-paralotniowy\/wycieczki-ekspedycyjne\/\" \/>\n<meta property=\"og:site_name\" content=\"El Speedo\" \/>\n<meta property=\"article:publisher\" content=\"http:\/\/www.facebook.com\/paragliding.elspeedo.cz\/?fref=ts\" \/>\n<meta property=\"article:modified_time\" content=\"2021-11-17T13:07:28+00:00\" \/>\n<meta name=\"twitter:card\" content=\"summary_large_image\" \/>\n<meta name=\"twitter:label1\" content=\"Szacowany czas czytania\" \/>\n\t<meta name=\"twitter:data1\" content=\"4 minuty\" \/>\n<script type=\"application\/ld+json\" class=\"yoast-schema-graph\">{\"@context\":\"https:\/\/schema.org\",\"@graph\":[{\"@type\":\"WebPage\",\"@id\":\"https:\/\/elspeedo.cz\/pl\/kursy-paralotniarstwa\/trening-paralotniowy\/wycieczki-ekspedycyjne\/\",\"url\":\"https:\/\/elspeedo.cz\/pl\/kursy-paralotniarstwa\/trening-paralotniowy\/wycieczki-ekspedycyjne\/\",\"name\":\"Wycieczki ekspedycyjne &#8212; El Speedo\",\"isPartOf\":{\"@id\":\"https:\/\/elspeedo.cz\/#website\"},\"datePublished\":\"2016-12-07T16:36:17+00:00\",\"dateModified\":\"2021-11-17T13:07:28+00:00\",\"description\":\"Wycieczki ekspedycyjne - przygoda, kt\u00f3r\u0105 warto zaliczy\u0107! Nie jest najwa\u017cniejszy poziom Twoich umiej\u0119tno\u015bci lotniczych, ale Twoja ch\u0119\u0107 do poznawania nowych..\",\"breadcrumb\":{\"@id\":\"https:\/\/elspeedo.cz\/pl\/kursy-paralotniarstwa\/trening-paralotniowy\/wycieczki-ekspedycyjne\/#breadcrumb\"},\"inLanguage\":\"pl-PL\",\"potentialAction\":[{\"@type\":\"ReadAction\",\"target\":[\"https:\/\/elspeedo.cz\/pl\/kursy-paralotniarstwa\/trening-paralotniowy\/wycieczki-ekspedycyjne\/\"]}]},{\"@type\":\"BreadcrumbList\",\"@id\":\"https:\/\/elspeedo.cz\/pl\/kursy-paralotniarstwa\/trening-paralotniowy\/wycieczki-ekspedycyjne\/#breadcrumb\",\"itemListElement\":[{\"@type\":\"ListItem\",\"position\":1,\"name\":\"Dom\u016f\",\"item\":\"https:\/\/elspeedo.cz\/pl\/\"},{\"@type\":\"ListItem\",\"position\":2,\"name\":\"Kursy Paralotniarstwa\",\"item\":\"https:\/\/elspeedo.cz\/pl\/kursy-paralotniarstwa\/\"},{\"@type\":\"ListItem\",\"position\":3,\"name\":\"Trening paralotniowy\",\"item\":\"https:\/\/elspeedo.cz\/kurzy-paraglidingu\/paraglidingovy-trenink\/\"},{\"@type\":\"ListItem\",\"position\":4,\"name\":\"Wycieczki ekspedycyjne\"}]},{\"@type\":\"WebSite\",\"@id\":\"https:\/\/elspeedo.cz\/#website\",\"url\":\"https:\/\/elspeedo.cz\/\",\"name\":\"El Speedo\",\"description\":\"Paragliding - kurzy, vybaven\u00ed, v\u00fdlety, komunita\",\"potentialAction\":[{\"@type\":\"SearchAction\",\"target\":{\"@type\":\"EntryPoint\",\"urlTemplate\":\"https:\/\/elspeedo.cz\/?s={search_term_string}\"},\"query-input\":{\"@type\":\"PropertyValueSpecification\",\"valueRequired\":true,\"valueName\":\"search_term_string\"}}],\"inLanguage\":\"pl-PL\"}]}<\/script>\n<!-- \/ Yoast SEO plugin. -->","yoast_head_json":{"title":"Wycieczki ekspedycyjne &#8212; El Speedo","description":"Wycieczki ekspedycyjne - przygoda, kt\u00f3r\u0105 warto zaliczy\u0107! Nie jest najwa\u017cniejszy poziom Twoich umiej\u0119tno\u015bci lotniczych, ale Twoja ch\u0119\u0107 do poznawania nowych..","robots":{"index":"index","follow":"follow","max-snippet":"max-snippet:-1","max-image-preview":"max-image-preview:large","max-video-preview":"max-video-preview:-1"},"canonical":"https:\/\/elspeedo.cz\/pl\/kursy-paralotniarstwa\/trening-paralotniowy\/wycieczki-ekspedycyjne\/","og_locale":"pl_PL","og_type":"article","og_title":"Wycieczki ekspedycyjne &#8212; El Speedo","og_description":"Wycieczki ekspedycyjne - przygoda, kt\u00f3r\u0105 warto zaliczy\u0107! Nie jest najwa\u017cniejszy poziom Twoich umiej\u0119tno\u015bci lotniczych, ale Twoja ch\u0119\u0107 do poznawania nowych..","og_url":"https:\/\/elspeedo.cz\/pl\/kursy-paralotniarstwa\/trening-paralotniowy\/wycieczki-ekspedycyjne\/","og_site_name":"El Speedo","article_publisher":"http:\/\/www.facebook.com\/paragliding.elspeedo.cz\/?fref=ts","article_modified_time":"2021-11-17T13:07:28+00:00","twitter_card":"summary_large_image","twitter_misc":{"Szacowany czas czytania":"4 minuty"},"schema":{"@context":"https:\/\/schema.org","@graph":[{"@type":"WebPage","@id":"https:\/\/elspeedo.cz\/pl\/kursy-paralotniarstwa\/trening-paralotniowy\/wycieczki-ekspedycyjne\/","url":"https:\/\/elspeedo.cz\/pl\/kursy-paralotniarstwa\/trening-paralotniowy\/wycieczki-ekspedycyjne\/","name":"Wycieczki ekspedycyjne &#8212; El Speedo","isPartOf":{"@id":"https:\/\/elspeedo.cz\/#website"},"datePublished":"2016-12-07T16:36:17+00:00","dateModified":"2021-11-17T13:07:28+00:00","description":"Wycieczki ekspedycyjne - przygoda, kt\u00f3r\u0105 warto zaliczy\u0107! Nie jest najwa\u017cniejszy poziom Twoich umiej\u0119tno\u015bci lotniczych, ale Twoja ch\u0119\u0107 do poznawania nowych..","breadcrumb":{"@id":"https:\/\/elspeedo.cz\/pl\/kursy-paralotniarstwa\/trening-paralotniowy\/wycieczki-ekspedycyjne\/#breadcrumb"},"inLanguage":"pl-PL","potentialAction":[{"@type":"ReadAction","target":["https:\/\/elspeedo.cz\/pl\/kursy-paralotniarstwa\/trening-paralotniowy\/wycieczki-ekspedycyjne\/"]}]},{"@type":"BreadcrumbList","@id":"https:\/\/elspeedo.cz\/pl\/kursy-paralotniarstwa\/trening-paralotniowy\/wycieczki-ekspedycyjne\/#breadcrumb","itemListElement":[{"@type":"ListItem","position":1,"name":"Dom\u016f","item":"https:\/\/elspeedo.cz\/pl\/"},{"@type":"ListItem","position":2,"name":"Kursy Paralotniarstwa","item":"https:\/\/elspeedo.cz\/pl\/kursy-paralotniarstwa\/"},{"@type":"ListItem","position":3,"name":"Trening paralotniowy","item":"https:\/\/elspeedo.cz\/kurzy-paraglidingu\/paraglidingovy-trenink\/"},{"@type":"ListItem","position":4,"name":"Wycieczki ekspedycyjne"}]},{"@type":"WebSite","@id":"https:\/\/elspeedo.cz\/#website","url":"https:\/\/elspeedo.cz\/","name":"El Speedo","description":"Paragliding - kurzy, vybaven\u00ed, v\u00fdlety, komunita","potentialAction":[{"@type":"SearchAction","target":{"@type":"EntryPoint","urlTemplate":"https:\/\/elspeedo.cz\/?s={search_term_string}"},"query-input":{"@type":"PropertyValueSpecification","valueRequired":true,"valueName":"search_term_string"}}],"inLanguage":"pl-PL"}]}},"_links":{"self":[{"href":"https:\/\/elspeedo.cz\/pl\/wp-json\/wp\/v2\/pages\/15166","targetHints":{"allow":["GET"]}}],"collection":[{"href":"https:\/\/elspeedo.cz\/pl\/wp-json\/wp\/v2\/pages"}],"about":[{"href":"https:\/\/elspeedo.cz\/pl\/wp-json\/wp\/v2\/types\/page"}],"author":[{"embeddable":true,"href":"https:\/\/elspeedo.cz\/pl\/wp-json\/wp\/v2\/users\/7"}],"replies":[{"embeddable":true,"href":"https:\/\/elspeedo.cz\/pl\/wp-json\/wp\/v2\/comments?post=15166"}],"version-history":[{"count":2,"href":"https:\/\/elspeedo.cz\/pl\/wp-json\/wp\/v2\/pages\/15166\/revisions"}],"predecessor-version":[{"id":175366,"href":"https:\/\/elspeedo.cz\/pl\/wp-json\/wp\/v2\/pages\/15166\/revisions\/175366"}],"up":[{"embeddable":true,"href":"https:\/\/elspeedo.cz\/pl\/wp-json\/wp\/v2\/pages\/15533"}],"wp:attachment":[{"href":"https:\/\/elspeedo.cz\/pl\/wp-json\/wp\/v2\/media?parent=15166"}],"curies":[{"name":"wp","href":"https:\/\/api.w.org\/{rel}","templated":true}]}}