{"id":15168,"date":"2016-12-07T17:50:05","date_gmt":"2016-12-07T16:50:05","guid":{"rendered":"https:\/\/elspeedo.cz\/poznavame-cesko\/"},"modified":"2021-03-11T15:44:22","modified_gmt":"2021-03-11T14:44:22","slug":"poznajemy-czechy-i-slowacje","status":"publish","type":"page","link":"https:\/\/elspeedo.cz\/pl\/kursy-paralotniarstwa\/trening-paralotniowy\/poznajemy-czechy-i-slowacje\/","title":{"rendered":"Poznajemy Czechy i S\u0142owacj\u0119"},"content":{"rendered":"<div class=\"wpb-content-wrapper\">[mk_page_section bg_color=&#8221;#f4f4f4&#8243; video_loop=&#8221;false&#8221; padding_top=&#8221;0&#8243; padding_bottom=&#8221;0&#8243; sidebar=&#8221;sidebar-1&#8243;][vc_column width=&#8221;1\/2&#8243; css=&#8221;.vc_custom_1492888178457{padding-top: 30px !important;}&#8221;][vc_single_image image=&#8221;18877&#8243; img_size=&#8221;full&#8221; alignment=&#8221;center&#8221; style=&#8221;vc_box_rounded&#8221;][\/vc_column][vc_column width=&#8221;1\/2&#8243; css=&#8221;.vc_custom_1492888769321{padding-top: 60px !important;}&#8221;][vc_column_text disable_pattern=&#8221;false&#8221;]\n<h1 style=\"text-align: center\">Pi\u0119kne miejsca w naszej okolicy<\/h1>\n<p style=\"text-align: center\">Chcesz zyska\u0107 nowe do\u015bwiadczenia na nowych terenach lotniczych w Rebublice Czeskiej? Pod opiek\u0105 naszych instruktor\u00f3w mo\u017cesz to zrobi\u0107 bezpiecznie i w ten spos\u00f3b przej\u015b\u0107 do samodzelnego swobodnego latania w naszych g\u00f3rach.<\/p>\n[\/vc_column_text][\/vc_column][\/mk_page_section][mk_page_section video_loop=&#8221;false&#8221; padding_top=&#8221;100&#8243; padding_bottom=&#8221;100&#8243; sidebar=&#8221;sidebar-1&#8243;][vc_column][vc_column_text align=&#8221;center&#8221;]\n<div id=\"text-block-7\" class=\"mk-text-block \">\n<h1 style=\"text-align: center\">Terminy i rezerwacje<\/h1>\n<\/div>\n[\/vc_column_text][mk_padding_divider][vc_column_text]\t<p>There are no upcoming events at this time.<\/p>\n[\/vc_column_text][\/vc_column][\/mk_page_section][vc_row fullwidth=&#8221;true&#8221; fullwidth_content=&#8221;false&#8221; css=&#8221;.vc_custom_1481018840064{padding-bottom: 30px !important;background-color: #e7e7e7 !important;}&#8221;][vc_column width=&#8221;2\/3&#8243;][mk_padding_divider size=&#8221;60&#8243;][vc_column_text disable_pattern=&#8221;false&#8221;]\n<h1>Nie ma to jak w domu<\/h1>\n<p>Republika Czeska oferuje sporo mo\u017cliwo\u015b\u0107 swobodnego latania. Beskidy, Karkonosze, Jesioniki, Szumawa, Czeskie \u015aredniog\u00f3rze, latanie na holu w obszarach r\u00f3wninnych \u2013 to wszystko bardzo popularne miejsca dla czeskich i zagranicznych pilot\u00f3w. Chcemy Ci\u0119 tymi terenami bezpiecznie oprowadzi\u0107 i przekaza\u0107 Ci nasze do\u015bwiadczenia ze\u00a0wszystkich miejsc, kt\u00f3re razem zwiedzimy. P\u00f3\u017aniej b\u0119d\u0105 one czeka\u0142y na Tw\u00f3j powr\u00f3t, a Tobie otworz\u0105 si\u0119 drzwi do poznania pi\u0119kna naszej przyrody z\u00a0nowej perspektywy\u2026<\/p>\n<p><strong>Warunki uczestnictwa:<\/strong><\/p>\n<ul>\n<li>wa\u017cna licencja pilota, minimum PL-A<\/li>\n<\/ul>\n<p><strong>Wymagania fizyczne:<\/strong><\/p>\n<ul>\n<li>niskie \u2013 \u015brednie.<\/li>\n<\/ul>\n<p><strong>Zalecany nalot pilota:<\/strong><\/p>\n<ul>\n<li>nie gra roli,<\/li>\n<li>wycieczka dla \u015bwie\u017cych absolwent\u00f3w Kursu podstawowego i dla d\u0142ugoletnich pilot\u00f3w, lubi\u0105cych zwiedzanie w zafascynowanej grupie<\/li>\n<\/ul>\n<p><strong>Cele kursu:<\/strong><\/p>\n<p>Zapozna\u0107 si\u0119 z\u00a0mo\u017cliwie jak najwi\u0119ksz\u0105 ilo\u015bci\u0105 teren\u00f3w lotniczych w danym obszarze, przekaza\u0107 Ci informacje o zaletach i odwrotnie o miejscach, kt\u00f3rych trzeba unika\u0107 w danym terenie, pozna\u0107 lokalne ciekawostki i specjalno\u015bci, nie tylko lotnicze \u2013 o to chodzi podczas naszych wycieczek po lotniczych terenach Republiki Czeskiej.<\/p>\n<p><strong>Czas trwania wycieczki:<\/strong> 3 dni<\/p>\n<p><strong>\u0106wiczenia praktyczne:<\/strong><\/p>\n<ul>\n<li>cechy charakterystyczne r\u00f3\u017cnych teren\u00f3w lotniczych,<\/li>\n<li>w razie potrzeby asysta instruktora na startowisku.<\/li>\n<\/ul>\n<p><strong>Gdzie<\/strong>:<\/p>\n<ul>\n<li>Beskidy,<\/li>\n<li>Karkonosze,<\/li>\n<li>Jesioniki,<\/li>\n<li>Szumawa,<\/li>\n<li>Czeskie \u015aredniog\u00f3rze,<\/li>\n<li>latanie na holu w obszarach r\u00f3wninnych.<\/li>\n<\/ul>\n<p><strong>Zabezpieczenie personalne:<\/strong><\/p>\n<ul>\n<li>instruktor latania w termice,<\/li>\n<li>asystent.<\/li>\n<\/ul>\n<p><strong>Cena:<\/strong> 2900 CZK<\/p>\n<ul>\n<li>nasi absolwenci zyskuj\u0105 zni\u017ck\u0119 10%.<\/li>\n<\/ul>\n<p><strong>W cenie wycieczki:<\/strong><\/p>\n<ul>\n<li>praca instruktora,<\/li>\n<li>wypo\u017cyczenie radia,<\/li>\n<li>transport pomi\u0119dzy terenami lotniczymi,<\/li>\n<li>przedmioty upominkowe, koszulka z\u00a0motywem paralotniarskim,<\/li>\n<li>fotografie z\u00a0wycieczki.<\/li>\n<\/ul>\n<p><strong>Mo\u017cesz od nas po\u017cyczy\u0107:<\/strong><\/p>\n<ul>\n<li>namioty i \u015bpiwory Hannah,<\/li>\n<li>paralotni\u0119 wy\u017cszej kategorii,<\/li>\n<li>vario i urz\u0105dzenie GPS (patrz SKYTEST).<\/li>\n<\/ul>\n<p><strong>Pomo\u017cemy Ci za\u0142atwi\u0107:<\/strong><\/p>\n<ul>\n<li>op\u0142aty za u\u017cywanie startowisk i l\u0105dowisk,<\/li>\n<li>zakwaterowanie i wy\u017cywienie,<\/li>\n<li>transport do miejsca wycieczki.<\/li>\n<\/ul>\n<p><strong>Transport do miejsca wycieczki:<\/strong> razem El-busem, albo indywidualnie[\/vc_column_text][\/vc_column][vc_column width=&#8221;1\/3&#8243; css=&#8221;.vc_custom_1492888877394{padding-top: 50px !important;}&#8221;][vc_media_grid style=&#8221;load-more&#8221; items_per_page=&#8221;18&#8243; element_width=&#8221;6&#8243; btn_title=&#8221;Wi\u0119cej&#8221; btn_style=&#8221;custom&#8221; btn_custom_text=&#8221;#666666&#8243; btn_add_icon=&#8221;true&#8221; btn_custom_onclick=&#8221;true&#8221; grid_id=&#8221;vc_gid:1493206416837-9f44e740-3517-7&#8243; include=&#8221;18861,18862,18863,18864,18865,18866,18867,18868,18869,18870,18871,18872,18873,18874,18875,18876&#8243;][\/vc_column][\/vc_row][mk_page_section bg_color=&#8221;#272727&#8243; bg_position=&#8221;center center&#8221; video_loop=&#8221;false&#8221; js_vertical_centered=&#8221;true&#8221; padding_top=&#8221;60&#8243; padding_bottom=&#8221;060&#8243; el_class=&#8221;sc-dark&#8221; sidebar=&#8221;sidebar-1&#8243;][vc_column][mk_fancy_title color=&#8221;#ffffff&#8221; size=&#8221;52&#8243; force_font_size=&#8221;true&#8221; size_phone=&#8221;32&#8243; font_family=&#8221;none&#8221; align=&#8221;center&#8221;]\n<p style=\"text-align: center\">Program absolwencki<\/p>\n[\/mk_fancy_title][vc_column_text disable_pattern=&#8221;false&#8221; align=&#8221;center&#8221;]\n<p style=\"text-align: center\">Zdolno\u015bci pilota klasyfikujemy do 5 podstawowych poziom\u00f3w. Wed\u0142ug tych poziom\u00f3w mo\u017cna wybiera\u0107 konkretne kursy. Celem jest osi\u0105gni\u0119cie podobnego poziomu umiej\u0119tno\u015bci uczestnik\u00f3w kursu i jak najbardziej efektowny proces nauki. W dodatku im wi\u0119cej umiesz, tym mniej p\u0142acisz \u2026<\/p>\n[\/vc_column_text][mk_button dimension=&#8221;outline&#8221; corner_style=&#8221;rounded&#8221; size=&#8221;large&#8221; url=&#8221;https:\/\/elspeedo.cz\/pl\/kursy\/program-absolwencki\/&#8221; align=&#8221;center&#8221; margin_right=&#8221;0&#8243; el_class=&#8221;basic-button&#8221; outline_skin=&#8221;light&#8221;]Wi\u0119cej o programie\u2026<br \/>\n[\/mk_button][\/vc_column][\/mk_page_section]\n<\/div>","protected":false},"excerpt":{"rendered":"<p>[mk_page_section bg_color=&#8221;#f4f4f4&#8243; video_loop=&#8221;false&#8221; padding_top=&#8221;0&#8243; padding_bottom=&#8221;0&#8243; sidebar=&#8221;sidebar-1&#8243;][vc_column width=&#8221;1\/2&#8243; css=&#8221;.vc_custom_1492888178457{padding-top: 30px !important;}&#8221;][vc_single_image image=&#8221;18877&#8243; img_size=&#8221;full&#8221; alignment=&#8221;center&#8221; style=&#8221;vc_box_rounded&#8221;][\/vc_column][vc_column width=&#8221;1\/2&#8243; css=&#8221;.vc_custom_1492888769321{padding-top: 60px !important;}&#8221;][vc_column_text disable_pattern=&#8221;false&#8221;] Pi\u0119kne miejsca w naszej okolicy Chcesz zyska\u0107 nowe do\u015bwiadczenia na nowych terenach lotniczych w Rebublice Czeskiej? Pod opiek\u0105 naszych instruktor\u00f3w mo\u017cesz to zrobi\u0107 bezpiecznie i w ten spos\u00f3b przej\u015b\u0107 do samodzelnego swobodnego latania w naszych g\u00f3rach. [&hellip;]<\/p>\n","protected":false},"author":7,"featured_media":0,"parent":15533,"menu_order":0,"comment_status":"closed","ping_status":"closed","template":"","meta":{"_tribe_blocks_recurrence_rules":"","_tribe_blocks_recurrence_exclusions":"","_tribe_blocks_recurrence_description":"","footnotes":""},"class_list":["post-15168","page","type-page","status-publish","hentry"],"yoast_head":"<!-- This site is optimized with the Yoast SEO plugin v27.0 - https:\/\/yoast.com\/product\/yoast-seo-wordpress\/ -->\n<title>Poznajemy Czechy i S\u0142owacj\u0119 &#8212; El Speedo<\/title>\n<meta name=\"description\" content=\"Wycieczka &quot;Poznajemy Czechy&quot; - chcesz zyska\u0107 nowe do\u015bwiadczenia na nowych terenach lotniczych w Rebublice Czeskiej? Pod opiek\u0105 naszych instruktor\u00f3w mo\u017cesz!\" \/>\n<meta name=\"robots\" content=\"index, follow, max-snippet:-1, max-image-preview:large, max-video-preview:-1\" \/>\n<link rel=\"canonical\" href=\"https:\/\/elspeedo.cz\/kurzy-paraglidingu\/paraglidingovy-trenink\/poznavame-cesko-a-slovensko\/\" \/>\n<meta property=\"og:locale\" content=\"pl_PL\" \/>\n<meta property=\"og:type\" content=\"article\" \/>\n<meta property=\"og:title\" content=\"Poznajemy Czechy i S\u0142owacj\u0119 &#8212; El Speedo\" \/>\n<meta property=\"og:description\" content=\"Wycieczka &quot;Poznajemy Czechy&quot; - chcesz zyska\u0107 nowe do\u015bwiadczenia na nowych terenach lotniczych w Rebublice Czeskiej? Pod opiek\u0105 naszych instruktor\u00f3w mo\u017cesz!\" \/>\n<meta property=\"og:url\" content=\"https:\/\/elspeedo.cz\/kurzy-paraglidingu\/paraglidingovy-trenink\/poznavame-cesko-a-slovensko\/\" \/>\n<meta property=\"og:site_name\" content=\"El Speedo\" \/>\n<meta property=\"article:publisher\" content=\"http:\/\/www.facebook.com\/paragliding.elspeedo.cz\/?fref=ts\" \/>\n<meta property=\"article:modified_time\" content=\"2021-03-11T14:44:22+00:00\" \/>\n<meta name=\"twitter:card\" content=\"summary_large_image\" \/>\n<meta name=\"twitter:label1\" content=\"Szacowany czas czytania\" \/>\n\t<meta name=\"twitter:data1\" content=\"3 minuty\" \/>\n<script type=\"application\/ld+json\" class=\"yoast-schema-graph\">{\"@context\":\"https:\/\/schema.org\",\"@graph\":[{\"@type\":\"WebPage\",\"@id\":\"https:\/\/elspeedo.cz\/kurzy-paraglidingu\/paraglidingovy-trenink\/poznavame-cesko-a-slovensko\/\",\"url\":\"https:\/\/elspeedo.cz\/kurzy-paraglidingu\/paraglidingovy-trenink\/poznavame-cesko-a-slovensko\/\",\"name\":\"Poznajemy Czechy i S\u0142owacj\u0119 &#8212; El Speedo\",\"isPartOf\":{\"@id\":\"https:\/\/elspeedo.cz\/#website\"},\"datePublished\":\"2016-12-07T16:50:05+00:00\",\"dateModified\":\"2021-03-11T14:44:22+00:00\",\"description\":\"Wycieczka \\\"Poznajemy Czechy\\\" - chcesz zyska\u0107 nowe do\u015bwiadczenia na nowych terenach lotniczych w Rebublice Czeskiej? Pod opiek\u0105 naszych instruktor\u00f3w mo\u017cesz!\",\"breadcrumb\":{\"@id\":\"https:\/\/elspeedo.cz\/kurzy-paraglidingu\/paraglidingovy-trenink\/poznavame-cesko-a-slovensko\/#breadcrumb\"},\"inLanguage\":\"pl-PL\",\"potentialAction\":[{\"@type\":\"ReadAction\",\"target\":[\"https:\/\/elspeedo.cz\/kurzy-paraglidingu\/paraglidingovy-trenink\/poznavame-cesko-a-slovensko\/\"]}]},{\"@type\":\"BreadcrumbList\",\"@id\":\"https:\/\/elspeedo.cz\/kurzy-paraglidingu\/paraglidingovy-trenink\/poznavame-cesko-a-slovensko\/#breadcrumb\",\"itemListElement\":[{\"@type\":\"ListItem\",\"position\":1,\"name\":\"Dom\u016f\",\"item\":\"https:\/\/elspeedo.cz\/pl\/\"},{\"@type\":\"ListItem\",\"position\":2,\"name\":\"Kursy Paralotniarstwa\",\"item\":\"https:\/\/elspeedo.cz\/pl\/kursy-paralotniarstwa\/\"},{\"@type\":\"ListItem\",\"position\":3,\"name\":\"Trening paralotniowy\",\"item\":\"https:\/\/elspeedo.cz\/kurzy-paraglidingu\/paraglidingovy-trenink\/\"},{\"@type\":\"ListItem\",\"position\":4,\"name\":\"Poznajemy Czechy i S\u0142owacj\u0119\"}]},{\"@type\":\"WebSite\",\"@id\":\"https:\/\/elspeedo.cz\/#website\",\"url\":\"https:\/\/elspeedo.cz\/\",\"name\":\"El Speedo\",\"description\":\"Paragliding - kurzy, vybaven\u00ed, v\u00fdlety, komunita\",\"potentialAction\":[{\"@type\":\"SearchAction\",\"target\":{\"@type\":\"EntryPoint\",\"urlTemplate\":\"https:\/\/elspeedo.cz\/?s={search_term_string}\"},\"query-input\":{\"@type\":\"PropertyValueSpecification\",\"valueRequired\":true,\"valueName\":\"search_term_string\"}}],\"inLanguage\":\"pl-PL\"}]}<\/script>\n<!-- \/ Yoast SEO plugin. -->","yoast_head_json":{"title":"Poznajemy Czechy i S\u0142owacj\u0119 &#8212; El Speedo","description":"Wycieczka \"Poznajemy Czechy\" - chcesz zyska\u0107 nowe do\u015bwiadczenia na nowych terenach lotniczych w Rebublice Czeskiej? Pod opiek\u0105 naszych instruktor\u00f3w mo\u017cesz!","robots":{"index":"index","follow":"follow","max-snippet":"max-snippet:-1","max-image-preview":"max-image-preview:large","max-video-preview":"max-video-preview:-1"},"canonical":"https:\/\/elspeedo.cz\/kurzy-paraglidingu\/paraglidingovy-trenink\/poznavame-cesko-a-slovensko\/","og_locale":"pl_PL","og_type":"article","og_title":"Poznajemy Czechy i S\u0142owacj\u0119 &#8212; El Speedo","og_description":"Wycieczka \"Poznajemy Czechy\" - chcesz zyska\u0107 nowe do\u015bwiadczenia na nowych terenach lotniczych w Rebublice Czeskiej? Pod opiek\u0105 naszych instruktor\u00f3w mo\u017cesz!","og_url":"https:\/\/elspeedo.cz\/kurzy-paraglidingu\/paraglidingovy-trenink\/poznavame-cesko-a-slovensko\/","og_site_name":"El Speedo","article_publisher":"http:\/\/www.facebook.com\/paragliding.elspeedo.cz\/?fref=ts","article_modified_time":"2021-03-11T14:44:22+00:00","twitter_card":"summary_large_image","twitter_misc":{"Szacowany czas czytania":"3 minuty"},"schema":{"@context":"https:\/\/schema.org","@graph":[{"@type":"WebPage","@id":"https:\/\/elspeedo.cz\/kurzy-paraglidingu\/paraglidingovy-trenink\/poznavame-cesko-a-slovensko\/","url":"https:\/\/elspeedo.cz\/kurzy-paraglidingu\/paraglidingovy-trenink\/poznavame-cesko-a-slovensko\/","name":"Poznajemy Czechy i S\u0142owacj\u0119 &#8212; El Speedo","isPartOf":{"@id":"https:\/\/elspeedo.cz\/#website"},"datePublished":"2016-12-07T16:50:05+00:00","dateModified":"2021-03-11T14:44:22+00:00","description":"Wycieczka \"Poznajemy Czechy\" - chcesz zyska\u0107 nowe do\u015bwiadczenia na nowych terenach lotniczych w Rebublice Czeskiej? Pod opiek\u0105 naszych instruktor\u00f3w mo\u017cesz!","breadcrumb":{"@id":"https:\/\/elspeedo.cz\/kurzy-paraglidingu\/paraglidingovy-trenink\/poznavame-cesko-a-slovensko\/#breadcrumb"},"inLanguage":"pl-PL","potentialAction":[{"@type":"ReadAction","target":["https:\/\/elspeedo.cz\/kurzy-paraglidingu\/paraglidingovy-trenink\/poznavame-cesko-a-slovensko\/"]}]},{"@type":"BreadcrumbList","@id":"https:\/\/elspeedo.cz\/kurzy-paraglidingu\/paraglidingovy-trenink\/poznavame-cesko-a-slovensko\/#breadcrumb","itemListElement":[{"@type":"ListItem","position":1,"name":"Dom\u016f","item":"https:\/\/elspeedo.cz\/pl\/"},{"@type":"ListItem","position":2,"name":"Kursy Paralotniarstwa","item":"https:\/\/elspeedo.cz\/pl\/kursy-paralotniarstwa\/"},{"@type":"ListItem","position":3,"name":"Trening paralotniowy","item":"https:\/\/elspeedo.cz\/kurzy-paraglidingu\/paraglidingovy-trenink\/"},{"@type":"ListItem","position":4,"name":"Poznajemy Czechy i S\u0142owacj\u0119"}]},{"@type":"WebSite","@id":"https:\/\/elspeedo.cz\/#website","url":"https:\/\/elspeedo.cz\/","name":"El Speedo","description":"Paragliding - kurzy, vybaven\u00ed, v\u00fdlety, komunita","potentialAction":[{"@type":"SearchAction","target":{"@type":"EntryPoint","urlTemplate":"https:\/\/elspeedo.cz\/?s={search_term_string}"},"query-input":{"@type":"PropertyValueSpecification","valueRequired":true,"valueName":"search_term_string"}}],"inLanguage":"pl-PL"}]}},"_links":{"self":[{"href":"https:\/\/elspeedo.cz\/pl\/wp-json\/wp\/v2\/pages\/15168","targetHints":{"allow":["GET"]}}],"collection":[{"href":"https:\/\/elspeedo.cz\/pl\/wp-json\/wp\/v2\/pages"}],"about":[{"href":"https:\/\/elspeedo.cz\/pl\/wp-json\/wp\/v2\/types\/page"}],"author":[{"embeddable":true,"href":"https:\/\/elspeedo.cz\/pl\/wp-json\/wp\/v2\/users\/7"}],"replies":[{"embeddable":true,"href":"https:\/\/elspeedo.cz\/pl\/wp-json\/wp\/v2\/comments?post=15168"}],"version-history":[{"count":1,"href":"https:\/\/elspeedo.cz\/pl\/wp-json\/wp\/v2\/pages\/15168\/revisions"}],"predecessor-version":[{"id":152273,"href":"https:\/\/elspeedo.cz\/pl\/wp-json\/wp\/v2\/pages\/15168\/revisions\/152273"}],"up":[{"embeddable":true,"href":"https:\/\/elspeedo.cz\/pl\/wp-json\/wp\/v2\/pages\/15533"}],"wp:attachment":[{"href":"https:\/\/elspeedo.cz\/pl\/wp-json\/wp\/v2\/media?parent=15168"}],"curies":[{"name":"wp","href":"https:\/\/api.w.org\/{rel}","templated":true}]}}