{"id":15170,"date":"2016-12-07T17:40:08","date_gmt":"2016-12-07T16:40:08","guid":{"rendered":"https:\/\/elspeedo.cz\/siv-combo\/"},"modified":"2021-03-01T11:39:40","modified_gmt":"2021-03-01T10:39:40","slug":"el-speedo-siv-combo-2","status":"publish","type":"page","link":"https:\/\/elspeedo.cz\/pl\/kursy-paralotniarstwa\/trening-paralotniowy\/el-speedo-siv-combo-2\/","title":{"rendered":"El Speedo SIV COMBO"},"content":{"rendered":"<div class=\"wpb-content-wrapper\">[mk_page_section bg_color=&#8221;#f4f4f4&#8243; video_loop=&#8221;false&#8221; padding_top=&#8221;0&#8243; padding_bottom=&#8221;0&#8243; sidebar=&#8221;sidebar-1&#8243;][vc_column width=&#8221;1\/2&#8243; css=&#8221;.vc_custom_1492889175417{padding-top: 30px !important;}&#8221;][vc_single_image image=&#8221;19099&#8243; img_size=&#8221;full&#8221; alignment=&#8221;center&#8221; style=&#8221;vc_box_rounded&#8221;][\/vc_column][vc_column width=&#8221;1\/2&#8243; css=&#8221;.vc_custom_1492889181467{padding-top: 60px !important;}&#8221;][vc_column_text disable_pattern=&#8221;false&#8221; align=&#8221;center&#8221;]\n<h1 style=\"text-align: center\">Trening czyni mistrza<\/h1>\n<p style=\"text-align: center\">El Speedo kursy SIV to przede wszystkim ciekawy i intensywny program, wyj\u0105tkowy teren treningowy \u2013 Hallstatt (Austria), wspania\u0142e zabezpieczenie techniczne i grupka do\u015bwiadczonych instruktor\u00f3w. To w\u0142a\u015bnie zabezpieczenie techniczne i personalne, miejsce i wyszlifowana koncepcja treningu powoduj\u0105, \u017ce nasze kursy SIV s\u0105 numerem jeden na rynku. U nas znajdziesz nowe drogi do podniesienia poziomu w\u0142asnego bezpiecze\u0144stwa aktywnego podczas latania na paralotni.<\/p>\n[\/vc_column_text][\/vc_column][\/mk_page_section][mk_page_section video_loop=&#8221;false&#8221; padding_top=&#8221;60&#8243; padding_bottom=&#8221;60&#8243; sidebar=&#8221;sidebar-1&#8243;][vc_column][vc_column_text align=&#8221;center&#8221;]\n<h1 style=\"text-align: center\">Terminy i rezerwacje<\/h1>\n[\/vc_column_text][mk_padding_divider][vc_column_text]\t<p>There are no upcoming events at this time.<\/p>\n[\/vc_column_text][\/vc_column][\/mk_page_section][vc_row fullwidth=&#8221;true&#8221; fullwidth_content=&#8221;false&#8221; css=&#8221;.vc_custom_1481018840064{padding-bottom: 30px !important;background-color: #e7e7e7 !important;}&#8221;][vc_column width=&#8221;2\/3&#8243;][mk_padding_divider size=&#8221;60&#8243;][vc_column_text disable_pattern=&#8221;false&#8221;]\n[\/vc_column_text][mk_padding_divider][\/vc_column][\/vc_row][vc_row][vc_column][vc_separator el_width=&#8221;80&#8243; el_class=&#8221;basic-separator&#8221;][mk_padding_divider][vc_column_text align=&#8221;center&#8221;]\n<h1>PES &#8211; Pilot Education System<\/h1>\n<p>Podczas El Speedo Kurs\u00f3w SIV instruktorzy oceniaj\u0105 przebieg szkolenia u\u017cywaj\u0105c naszej w\u0142asnej On-line aplikacji mobilnej. Pozwala ona na lepsz\u0105 analiz\u0119 pope\u0142nianych b\u0142\u0119d\u00f3w i umo\u017cliwia r\u00f3wnie\u017c Tobie wgl\u0105d na w\u0142asne oceny i uwagi, kt\u00f3re p\u00f3\u017aniej mo\u017cesz skonsultowa\u0107 z instruktorem.[\/vc_column_text][vc_single_image image=&#8221;92965&#8243; img_size=&#8221;full&#8221; alignment=&#8221;center&#8221; style=&#8221;vc_box_rounded&#8221;][mk_padding_divider][\/vc_column][\/vc_row][vc_row fullwidth=&#8221;true&#8221; fullwidth_content=&#8221;false&#8221; css=&#8221;.vc_custom_1481018840064{padding-bottom: 30px !important;background-color: #e7e7e7 !important;}&#8221;][vc_column width=&#8221;2\/3&#8243;][mk_padding_divider size=&#8221;60&#8243;][vc_column_text disable_pattern=&#8221;false&#8221;]\n<h1 style=\"text-align: left\">Przygotowanie w Beskidach \u2013 nad wod\u0119 do Austrii<\/h1>\n<p>El Speedo Kursy SIV s\u0105 w naszej ofercie ju\u017c wiele lat. Rzecz jasna dobra pogoda podczas treningu nad wod\u0105 sprawia, \u017ce kurs jest bardziej efektywny. Dobra pogoda = lepsza inwestycja. Tak samo jak Ty, i my chcemy \u017ceby po\u015bwi\u0119cony czas przyni\u00f3s\u0142 w\u0142a\u015bciwy efekt. Dlatego postanowili\u015bmy zaoferowa\u0107 wszystkim pilotom nowy schemat kursu.<\/p>\n<p>SIV COMBO to spos\u00f3b by efektownie wykorzysta\u0107 przeznaczony czas treningu i r\u00f3wnocze\u015bnie obni\u017cy\u0107 wydatki na Kurs SIV.<\/p>\n<p><strong>1. cz\u0119\u015b\u0107 \u2013 Etap beskidzki \u2013 3 dni\u00a0<\/strong>(sobota \u2013 poniedzia\u0142ek)<\/p>\n<p>W spokojnym domowym \u015brodowisku b\u0119dziemy si\u0119 zajmowa\u0107:<\/p>\n<ul>\n<li>prac\u0105 z\u00a0kamer\u0105 osobist\u0105,<\/li>\n<li>od\u015bwie\u017ceniem i prze\u0107wiczeniem r\u00f3\u017cnych rodzaj\u00f3w startu i l\u0105dowania,<\/li>\n<li>\u0107wiczeniem wszystkich rodzaj\u00f3w podwini\u0119\u0107, bez u\u017cycia speed systemu,<\/li>\n<li>\u0107wiczeniem manewr\u00f3w wytracania wysoko\u015bci i manewr\u00f3w ucieczki (opr\u00f3cz spirali),<\/li>\n<li>szlifowaniem wyj\u015bcia z\u00a0ostrego-dynamicznego zakr\u0119tu,<\/li>\n<li>poznaniem mo\u017cliwo\u015bci skrzyd\u0142a podczas hu\u015btawki,<\/li>\n<li>przygotowaniem do dalszych figur na urz\u0105dzeniu treningowym,<\/li>\n<li>wyt\u0142umaczeniem funkcji kamizelki ratunkowej i zachowania si\u0119 w sytuacjach kryzysowych,<\/li>\n<li>i przede wszystkim \u2013 o ile b\u0119d\u0105 warunki termiczne \u2013 dobrze polatamy\u2026<\/li>\n<\/ul>\n<p>\u2026 czyli to naprawd\u0119 efektywnie i intensywnie wykorzystany czas.<\/p>\n<p>Wszystko wy\u017cej wymienione mo\u017cemy \u0107wiczy\u0107 bez konieczno\u015bci latania nad jeziorem, o tym wszystkim mo\u017cemy robi\u0107 wyk\u0142ady bez stresu i po\u015bpiechu, i bez zb\u0119dnie podwy\u017cszonych koszt\u00f3w.<\/p>\n<p><strong>2. cz\u0119\u015b\u0107 \u2013 Etap Hallstatt &#8211; Austria \u2013 2 dni <\/strong>(wtorek i \u015broda, lub kt\u00f3rekolwiek inne dwa \u0142adne dni w danym tygodniu, nadaj\u0105ce si\u0119 do treningu).<\/p>\n<p>Podczas intensywnego treningu ogarniemy:<\/p>\n<ul>\n<li>KPZ (kr\u00f3tkie przeci\u0105gni\u0119cie w zakr\u0119cie) \u2013 szukamy granic\u0119 minimalnej pr\u0119dko\u015bci,<\/li>\n<li>wyj\u015bcie z\u00a0negatywnego zakr\u0119tu (z \u201enegatywki\u201c),<\/li>\n<li>Full-stall \u2013 przeci\u0105gni\u0119cie z\u00a0negatywki z\u00a0rotacj\u0105 o 180\u00b0,<\/li>\n<li>Full-stall z\u00a0lotu prosto do przodu,<\/li>\n<li>Spirala i inne smako\u0142yki, jak na przyk\u0142ad SAT.<\/li>\n<\/ul>\n<p>Aby osi\u0105gn\u0105\u0107 maksymalny efektu ca\u0142ego treningu nad wod\u0105, na kursy SIV wyrusza\u0107 b\u0119dziemy we wzmocnionym sk\u0142adzie instruktorskim, a\u017ceby po rozdzieleniu do dwu mniejszych grup i r\u00f3wnoczesnej nawigacji dwu instruktor\u00f3w, ka\u017cdy z uczestnik\u00f3w kursu m\u00f3g\u0142 zaliczy\u0107 3-4 loty ka\u017cdego dnia. Licz\u0105c, \u017ce w ci\u0105gu jednego lotu \u015brednio wykonujemy 15 r\u00f3\u017cnych manewr\u00f3w, zyskujemy naprawd\u0119 solidny potencja\u0142 treningowy.<\/p>\n<p>I co jest wa\u017cne \u2013 cena kursu SIV COMBO zostaje taka sama, jak cena wcze\u015bniejszego Kursu SIV (absolwenci El Speedo zyskuj\u0105 zni\u017ck\u0119 od 10% do 50% &#8211; patrz Program absolwencki).<\/p>\n<p>Lecz uwa\u017caj! Ilo\u015b\u0107 miejsc jest ograniczona :o).<\/p>\n<p><strong>Cieszymy si\u0119 na spotkanie!<\/strong><\/p>\n<p style=\"text-align: left\">Dalibor, Sl\u00e1vek i grupa instruktor\u00f3w El Speedo<\/p>\n[\/vc_column_text][\/vc_column][vc_column width=&#8221;1\/3&#8243; css=&#8221;.vc_custom_1492888981985{padding-top: 40px !important;}&#8221;][vc_media_grid style=&#8221;load-more&#8221; items_per_page=&#8221;18&#8243; element_width=&#8221;6&#8243; btn_title=&#8221;Wi\u0119cej&#8221; btn_style=&#8221;custom&#8221; btn_custom_text=&#8221;#666666&#8243; btn_add_icon=&#8221;true&#8221; btn_custom_onclick=&#8221;true&#8221; grid_id=&#8221;vc_gid:1614595158251-812c0e88-a191-2&#8243; include=&#8221;19113,19114,19115,19116,19117,19118,19119,19120,19121,19122,19123,19124,19125,19126,19127,19128,19129,19130,19131,19132,19133,19134,19135,19136,19137,19138,19139,19140,19141,19142,19143,19144,19145,19146,19147,19148,19149,19150,19151,19152,19153,19154,19155,19156,19157,19158,19159,19160,19161,19162,19163,19164,19165,19166,19167,19168,19169,19170,19171,19172,19173,19174,19175,19176,19177,19178,19179,19180,19181,19182,19183,19184,19185,19186,19187,19188,19189,19190,19191&#8243;][\/vc_column][\/vc_row][mk_page_section bg_color=&#8221;#272727&#8243; bg_position=&#8221;center center&#8221; video_loop=&#8221;false&#8221; js_vertical_centered=&#8221;true&#8221; padding_top=&#8221;60&#8243; padding_bottom=&#8221;060&#8243; el_class=&#8221;sc-dark&#8221; sidebar=&#8221;sidebar-1&#8243;][vc_column][mk_fancy_title color=&#8221;#ffffff&#8221; size=&#8221;52&#8243; force_font_size=&#8221;true&#8221; size_phone=&#8221;32&#8243; font_family=&#8221;none&#8221; align=&#8221;center&#8221;]\n<p style=\"text-align: center\">Program absolwencki<\/p>\n[\/mk_fancy_title][vc_column_text disable_pattern=&#8221;false&#8221; align=&#8221;center&#8221;]\n<p style=\"text-align: center\">Zdolno\u015bci pilota klasyfikujemy do 5 podstawowych poziom\u00f3w. Wed\u0142ug tych poziom\u00f3w mo\u017cna wybiera\u0107 konkretne kursy. Celem jest osi\u0105gni\u0119cie podobnego poziomu umiej\u0119tno\u015bci uczestnik\u00f3w kursu i jak najbardziej efektowny proces nauki. W dodatku im wi\u0119cej umiesz, tym mniej p\u0142acisz \u2026<\/p>\n[\/vc_column_text][mk_button dimension=&#8221;outline&#8221; corner_style=&#8221;rounded&#8221; size=&#8221;large&#8221; url=&#8221;https:\/\/elspeedo.cz\/pl\/kursy\/program-absolwencki\/&#8221; align=&#8221;center&#8221; margin_right=&#8221;0&#8243; el_class=&#8221;basic-button&#8221; outline_skin=&#8221;light&#8221;]Wi\u0119cej o programie\u2026<br \/>\n[\/mk_button][\/vc_column][\/mk_page_section]\n<\/div>","protected":false},"excerpt":{"rendered":"<p>[mk_page_section bg_color=&#8221;#f4f4f4&#8243; video_loop=&#8221;false&#8221; padding_top=&#8221;0&#8243; padding_bottom=&#8221;0&#8243; sidebar=&#8221;sidebar-1&#8243;][vc_column width=&#8221;1\/2&#8243; css=&#8221;.vc_custom_1492889175417{padding-top: 30px !important;}&#8221;][vc_single_image image=&#8221;19099&#8243; img_size=&#8221;full&#8221; alignment=&#8221;center&#8221; style=&#8221;vc_box_rounded&#8221;][\/vc_column][vc_column width=&#8221;1\/2&#8243; css=&#8221;.vc_custom_1492889181467{padding-top: 60px !important;}&#8221;][vc_column_text disable_pattern=&#8221;false&#8221; align=&#8221;center&#8221;] Trening czyni mistrza El Speedo kursy SIV to przede wszystkim ciekawy i intensywny program, wyj\u0105tkowy teren treningowy \u2013 Hallstatt (Austria), wspania\u0142e zabezpieczenie techniczne i grupka do\u015bwiadczonych instruktor\u00f3w. To w\u0142a\u015bnie zabezpieczenie techniczne i personalne, miejsce i [&hellip;]<\/p>\n","protected":false},"author":7,"featured_media":0,"parent":15533,"menu_order":0,"comment_status":"closed","ping_status":"closed","template":"","meta":{"_tribe_blocks_recurrence_rules":"","_tribe_blocks_recurrence_exclusions":"","_tribe_blocks_recurrence_description":"","footnotes":""},"class_list":["post-15170","page","type-page","status-publish","hentry"],"yoast_head":"<!-- This site is optimized with the Yoast SEO plugin v27.0 - https:\/\/yoast.com\/product\/yoast-seo-wordpress\/ -->\n<title>El Speedo SIV COMBO &#8212; El Speedo<\/title>\n<meta name=\"description\" content=\"El Speedo SIV COMBO - przede wszystkim ciekawy i intensywny program, wyj\u0105tkowy teren treningowy \u2013 jezioro Hallstatt (w Austrii), wspania\u0142e zabezpieczenie...\" \/>\n<meta name=\"robots\" content=\"index, follow, max-snippet:-1, max-image-preview:large, max-video-preview:-1\" \/>\n<link rel=\"canonical\" href=\"https:\/\/elspeedo.cz\/kurzy-paraglidingu\/paraglidingovy-trenink\/siv-combo\/\" \/>\n<meta property=\"og:locale\" content=\"pl_PL\" \/>\n<meta property=\"og:type\" content=\"article\" \/>\n<meta property=\"og:title\" content=\"El Speedo SIV COMBO &#8212; El Speedo\" \/>\n<meta property=\"og:description\" content=\"El Speedo SIV COMBO - przede wszystkim ciekawy i intensywny program, wyj\u0105tkowy teren treningowy \u2013 jezioro Hallstatt (w Austrii), wspania\u0142e zabezpieczenie...\" \/>\n<meta property=\"og:url\" content=\"https:\/\/elspeedo.cz\/kurzy-paraglidingu\/paraglidingovy-trenink\/siv-combo\/\" \/>\n<meta property=\"og:site_name\" content=\"El Speedo\" \/>\n<meta property=\"article:publisher\" content=\"http:\/\/www.facebook.com\/paragliding.elspeedo.cz\/?fref=ts\" \/>\n<meta property=\"article:modified_time\" content=\"2021-03-01T10:39:40+00:00\" \/>\n<meta name=\"twitter:card\" content=\"summary_large_image\" \/>\n<meta name=\"twitter:label1\" content=\"Szacowany czas czytania\" \/>\n\t<meta name=\"twitter:data1\" content=\"5 minut\" \/>\n<script type=\"application\/ld+json\" class=\"yoast-schema-graph\">{\"@context\":\"https:\/\/schema.org\",\"@graph\":[{\"@type\":\"WebPage\",\"@id\":\"https:\/\/elspeedo.cz\/kurzy-paraglidingu\/paraglidingovy-trenink\/siv-combo\/\",\"url\":\"https:\/\/elspeedo.cz\/kurzy-paraglidingu\/paraglidingovy-trenink\/siv-combo\/\",\"name\":\"El Speedo SIV COMBO &#8212; El Speedo\",\"isPartOf\":{\"@id\":\"https:\/\/elspeedo.cz\/#website\"},\"datePublished\":\"2016-12-07T16:40:08+00:00\",\"dateModified\":\"2021-03-01T10:39:40+00:00\",\"description\":\"El Speedo SIV COMBO - przede wszystkim ciekawy i intensywny program, wyj\u0105tkowy teren treningowy \u2013 jezioro Hallstatt (w Austrii), wspania\u0142e zabezpieczenie...\",\"breadcrumb\":{\"@id\":\"https:\/\/elspeedo.cz\/kurzy-paraglidingu\/paraglidingovy-trenink\/siv-combo\/#breadcrumb\"},\"inLanguage\":\"pl-PL\",\"potentialAction\":[{\"@type\":\"ReadAction\",\"target\":[\"https:\/\/elspeedo.cz\/kurzy-paraglidingu\/paraglidingovy-trenink\/siv-combo\/\"]}]},{\"@type\":\"BreadcrumbList\",\"@id\":\"https:\/\/elspeedo.cz\/kurzy-paraglidingu\/paraglidingovy-trenink\/siv-combo\/#breadcrumb\",\"itemListElement\":[{\"@type\":\"ListItem\",\"position\":1,\"name\":\"Dom\u016f\",\"item\":\"https:\/\/elspeedo.cz\/pl\/\"},{\"@type\":\"ListItem\",\"position\":2,\"name\":\"Kursy Paralotniarstwa\",\"item\":\"https:\/\/elspeedo.cz\/pl\/kursy-paralotniarstwa\/\"},{\"@type\":\"ListItem\",\"position\":3,\"name\":\"Trening paralotniowy\",\"item\":\"https:\/\/elspeedo.cz\/kurzy-paraglidingu\/paraglidingovy-trenink\/\"},{\"@type\":\"ListItem\",\"position\":4,\"name\":\"El Speedo SIV COMBO\"}]},{\"@type\":\"WebSite\",\"@id\":\"https:\/\/elspeedo.cz\/#website\",\"url\":\"https:\/\/elspeedo.cz\/\",\"name\":\"El Speedo\",\"description\":\"Paragliding - kurzy, vybaven\u00ed, v\u00fdlety, komunita\",\"potentialAction\":[{\"@type\":\"SearchAction\",\"target\":{\"@type\":\"EntryPoint\",\"urlTemplate\":\"https:\/\/elspeedo.cz\/?s={search_term_string}\"},\"query-input\":{\"@type\":\"PropertyValueSpecification\",\"valueRequired\":true,\"valueName\":\"search_term_string\"}}],\"inLanguage\":\"pl-PL\"}]}<\/script>\n<!-- \/ Yoast SEO plugin. -->","yoast_head_json":{"title":"El Speedo SIV COMBO &#8212; El Speedo","description":"El Speedo SIV COMBO - przede wszystkim ciekawy i intensywny program, wyj\u0105tkowy teren treningowy \u2013 jezioro Hallstatt (w Austrii), wspania\u0142e zabezpieczenie...","robots":{"index":"index","follow":"follow","max-snippet":"max-snippet:-1","max-image-preview":"max-image-preview:large","max-video-preview":"max-video-preview:-1"},"canonical":"https:\/\/elspeedo.cz\/kurzy-paraglidingu\/paraglidingovy-trenink\/siv-combo\/","og_locale":"pl_PL","og_type":"article","og_title":"El Speedo SIV COMBO &#8212; El Speedo","og_description":"El Speedo SIV COMBO - przede wszystkim ciekawy i intensywny program, wyj\u0105tkowy teren treningowy \u2013 jezioro Hallstatt (w Austrii), wspania\u0142e zabezpieczenie...","og_url":"https:\/\/elspeedo.cz\/kurzy-paraglidingu\/paraglidingovy-trenink\/siv-combo\/","og_site_name":"El Speedo","article_publisher":"http:\/\/www.facebook.com\/paragliding.elspeedo.cz\/?fref=ts","article_modified_time":"2021-03-01T10:39:40+00:00","twitter_card":"summary_large_image","twitter_misc":{"Szacowany czas czytania":"5 minut"},"schema":{"@context":"https:\/\/schema.org","@graph":[{"@type":"WebPage","@id":"https:\/\/elspeedo.cz\/kurzy-paraglidingu\/paraglidingovy-trenink\/siv-combo\/","url":"https:\/\/elspeedo.cz\/kurzy-paraglidingu\/paraglidingovy-trenink\/siv-combo\/","name":"El Speedo SIV COMBO &#8212; El Speedo","isPartOf":{"@id":"https:\/\/elspeedo.cz\/#website"},"datePublished":"2016-12-07T16:40:08+00:00","dateModified":"2021-03-01T10:39:40+00:00","description":"El Speedo SIV COMBO - przede wszystkim ciekawy i intensywny program, wyj\u0105tkowy teren treningowy \u2013 jezioro Hallstatt (w Austrii), wspania\u0142e zabezpieczenie...","breadcrumb":{"@id":"https:\/\/elspeedo.cz\/kurzy-paraglidingu\/paraglidingovy-trenink\/siv-combo\/#breadcrumb"},"inLanguage":"pl-PL","potentialAction":[{"@type":"ReadAction","target":["https:\/\/elspeedo.cz\/kurzy-paraglidingu\/paraglidingovy-trenink\/siv-combo\/"]}]},{"@type":"BreadcrumbList","@id":"https:\/\/elspeedo.cz\/kurzy-paraglidingu\/paraglidingovy-trenink\/siv-combo\/#breadcrumb","itemListElement":[{"@type":"ListItem","position":1,"name":"Dom\u016f","item":"https:\/\/elspeedo.cz\/pl\/"},{"@type":"ListItem","position":2,"name":"Kursy Paralotniarstwa","item":"https:\/\/elspeedo.cz\/pl\/kursy-paralotniarstwa\/"},{"@type":"ListItem","position":3,"name":"Trening paralotniowy","item":"https:\/\/elspeedo.cz\/kurzy-paraglidingu\/paraglidingovy-trenink\/"},{"@type":"ListItem","position":4,"name":"El Speedo SIV COMBO"}]},{"@type":"WebSite","@id":"https:\/\/elspeedo.cz\/#website","url":"https:\/\/elspeedo.cz\/","name":"El Speedo","description":"Paragliding - kurzy, vybaven\u00ed, v\u00fdlety, komunita","potentialAction":[{"@type":"SearchAction","target":{"@type":"EntryPoint","urlTemplate":"https:\/\/elspeedo.cz\/?s={search_term_string}"},"query-input":{"@type":"PropertyValueSpecification","valueRequired":true,"valueName":"search_term_string"}}],"inLanguage":"pl-PL"}]}},"_links":{"self":[{"href":"https:\/\/elspeedo.cz\/pl\/wp-json\/wp\/v2\/pages\/15170","targetHints":{"allow":["GET"]}}],"collection":[{"href":"https:\/\/elspeedo.cz\/pl\/wp-json\/wp\/v2\/pages"}],"about":[{"href":"https:\/\/elspeedo.cz\/pl\/wp-json\/wp\/v2\/types\/page"}],"author":[{"embeddable":true,"href":"https:\/\/elspeedo.cz\/pl\/wp-json\/wp\/v2\/users\/7"}],"replies":[{"embeddable":true,"href":"https:\/\/elspeedo.cz\/pl\/wp-json\/wp\/v2\/comments?post=15170"}],"version-history":[{"count":3,"href":"https:\/\/elspeedo.cz\/pl\/wp-json\/wp\/v2\/pages\/15170\/revisions"}],"predecessor-version":[{"id":152100,"href":"https:\/\/elspeedo.cz\/pl\/wp-json\/wp\/v2\/pages\/15170\/revisions\/152100"}],"up":[{"embeddable":true,"href":"https:\/\/elspeedo.cz\/pl\/wp-json\/wp\/v2\/pages\/15533"}],"wp:attachment":[{"href":"https:\/\/elspeedo.cz\/pl\/wp-json\/wp\/v2\/media?parent=15170"}],"curies":[{"name":"wp","href":"https:\/\/api.w.org\/{rel}","templated":true}]}}